{"id":97,"date":"2020-11-26T11:48:43","date_gmt":"2020-11-26T11:48:43","guid":{"rendered":"https:\/\/www.onlineroulette.tech\/fr\/?page_id=97"},"modified":"2025-11-18T04:35:04","modified_gmt":"2025-11-18T04:35:04","slug":"plan-du-site","status":"publish","type":"page","link":"https:\/\/www.onlineroulette.tech\/fr\/plan-du-site\/","title":{"rendered":"Plan du site"},"content":{"rendered":"<div class=\"su-row\"><div class=\"su-column su-column-size-1-2\"><div class=\"su-column-inner su-u-clearfix su-u-trim\">\n<h2>Rubriques du guide Online Roulette au Canada<\/h2>\n<p>Parcourez les pages Web de notre guide gr\u00e2ce \u00e0 notre plan du site ! D\u00e9couvrir les revues de casino de notre site, ainsi que les r\u00e8gles de jeu des roulettes.<!--more--><br \/>\n\n<!-- Page-list plugin v.5.9 wordpress.org\/plugins\/page-list\/ -->\n<ul class=\"page-list \">\n<li class=\"page_item page-item-2154\"><a href=\"https:\/\/www.onlineroulette.tech\/fr\/casinos-sur-android\/\">Android Casinos<\/a><\/li>\n<li class=\"page_item page-item-2155\"><a href=\"https:\/\/www.onlineroulette.tech\/fr\/casinos-sur-mac\/\">Casinos sur Mac<\/a><\/li>\n<li class=\"page_item page-item-2086\"><a href=\"https:\/\/www.onlineroulette.tech\/fr\/casinos-sur-ios\/\">iPhone et iPad Casinos<\/a><\/li>\n<li class=\"page_item page-item-2281\"><a href=\"https:\/\/www.onlineroulette.tech\/fr\/casinos-sur-windows\/\">Windows Casinos<\/a><\/li>\n\n<\/ul>\n<div class=\"su-divider su-divider-style-dotted\" style=\"margin:20px 0;border-width:10px;border-color:#999999\"><\/div>\n\n<!-- Page-list plugin v.5.9 wordpress.org\/plugins\/page-list\/ -->\n<ul class=\"page-list \">\n<li class=\"page_item page-item-876\"><a href=\"https:\/\/www.onlineroulette.tech\/fr\/bonus\/\">Bonus<\/a><\/li>\n<li class=\"page_item page-item-30\"><a href=\"https:\/\/www.onlineroulette.tech\/fr\/casino\/\">Casino en Ligne L\u00e9gal au Qu\u00e9bec<\/a><\/li>\n<li class=\"page_item page-item-3305\"><a href=\"https:\/\/www.onlineroulette.tech\/fr\/casinos-luxembourg\/\">Casinos en Ligne au Luxembourg<\/a><\/li>\n<li class=\"page_item page-item-2774\"><a href=\"https:\/\/www.onlineroulette.tech\/fr\/casino-ontario\/\">Casinos Roulette en Ligne en Ontario<\/a><\/li>\n<li class=\"page_item page-item-28\"><a href=\"https:\/\/www.onlineroulette.tech\/fr\/faq\/\">FAQ<\/a><\/li>\n<li class=\"page_item page-item-60\"><a href=\"https:\/\/www.onlineroulette.tech\/fr\/logiciels\/\">Logiciels<\/a><\/li>\n<li class=\"page_item page-item-310\"><a href=\"https:\/\/www.onlineroulette.tech\/fr\/materiel\/\">Mat\u00e9riel et Annonces<\/a><\/li>\n<li class=\"page_item page-item-38 page_item_has_children\"><a href=\"https:\/\/www.onlineroulette.tech\/fr\/\">Roulette<\/a>\n<ul class='children'>\n\t<li class=\"page_item page-item-22\"><a href=\"https:\/\/www.onlineroulette.tech\/fr\/home\/americaine\/\">Am\u00e9ricaine<\/a><\/li>\n\t<li class=\"page_item page-item-24\"><a href=\"https:\/\/www.onlineroulette.tech\/fr\/home\/europeenne\/\">Europ\u00e9enne<\/a><\/li>\n\t<li class=\"page_item page-item-3118\"><a href=\"https:\/\/www.onlineroulette.tech\/fr\/home\/extreme-multifire-roulette\/\">Extreme Multifire Roulette<\/a><\/li>\n\t<li class=\"page_item page-item-26\"><a href=\"https:\/\/www.onlineroulette.tech\/fr\/home\/francaise\/\">Fran\u00e7aise<\/a><\/li>\n\t<li class=\"page_item page-item-2963\"><a href=\"https:\/\/www.onlineroulette.tech\/fr\/home\/multifire-roulette\/\">Multifire Roulette<\/a><\/li>\n\t<li class=\"page_item page-item-2820\"><a href=\"https:\/\/www.onlineroulette.tech\/fr\/home\/roulette-mega-moolah-jackpot\/\">Roulette Mega Moolah<\/a><\/li>\n<\/ul>\n<\/li>\n<li class=\"page_item page-item-34\"><a href=\"https:\/\/www.onlineroulette.tech\/fr\/strategies\/\">Strat\u00e9gies<\/a><\/li>\n<li class=\"page_item page-item-909\"><a href=\"https:\/\/www.onlineroulette.tech\/fr\/rtp\/\">Taux RTP au Casino<\/a><\/li>\n\n<\/ul>\n<\/div><\/div>\n<div class=\"su-column su-column-size-1-2\"><div class=\"su-column-inner su-u-clearfix su-u-trim\">\n<h2>News du blog<\/h2>\n<p>Avec nos articles de presse vous allez profiter d&rsquo;offres uniques au Canada. De plus vous y verrez des astuces sur la pratique des jeux d&rsquo;argent au casino.<br \/>\n&nbsp;<br \/>\n\n\n<div class=\"su-posts su-posts-default-loop \">\n\n\t\n\t\t\t\t\t\n\t\t\t\n\t\t\t<div id=\"su-post-3826\" class=\"su-post \">\n\n\t\t\t\t\n\t\t\t\t<h2 class=\"su-post-title\"><a href=\"https:\/\/www.onlineroulette.tech\/fr\/pragmatic-play-quebec-jeux-stars\/\">Pragmatic Play au Qu\u00e9bec : Roulettes Live et Jeux Stars<\/a><\/h2>\n\n\t\t\t\t<div class=\"su-post-meta\">\n\t\t\t\t\tPosted: mars 4, 2026\t\t\t\t<\/div>\n\n\t\t\t\t<div class=\"su-post-excerpt\">\n\t\t\t\t\t<p>D\u00e9couvrez Pragmatic Play au Qu\u00e9bec ! Roulette live, Mega Roulette, PowerUP, Speed Roulette, jackpots et jeux phares.<\/p>\n\t\t\t\t<\/div>\n\n\t\t\t\t\n\t\t\t<\/div>\n\n\t\t\t\t\t\n\t\t\t\n\t\t\t<div id=\"su-post-3792\" class=\"su-post \">\n\n\t\t\t\t\n\t\t\t\t<h2 class=\"su-post-title\"><a href=\"https:\/\/www.onlineroulette.tech\/fr\/villento-casino-avis-quebec\/\">Villento Casino : Avis et Guide pour les Joueurs du Qu\u00e9bec<\/a><\/h2>\n\n\t\t\t\t<div class=\"su-post-meta\">\n\t\t\t\t\tPosted: f\u00e9vrier 23, 2026\t\t\t\t<\/div>\n\n\t\t\t\t<div class=\"su-post-excerpt\">\n\t\t\t\t\t<p>Notre avis et nos tests sur la fiabilit\u00e9 du site Villento Casino pour les joueurs qu\u00e9b\u00e9cois.<\/p>\n\t\t\t\t<\/div>\n\n\t\t\t\t\n\t\t\t<\/div>\n\n\t\t\t\t\t\n\t\t\t\n\t\t\t<div id=\"su-post-3767\" class=\"su-post \">\n\n\t\t\t\t\n\t\t\t\t<h2 class=\"su-post-title\"><a href=\"https:\/\/www.onlineroulette.tech\/fr\/gagner-5-millions-a-roulette-mega-moolah\/\">Gagner 5 Millions \u00e0 Roulette Mega Moolah<\/a><\/h2>\n\n\t\t\t\t<div class=\"su-post-meta\">\n\t\t\t\t\tPosted: D\u00e9cembre 5, 2025\t\t\t\t<\/div>\n\n\t\t\t\t<div class=\"su-post-excerpt\">\n\t\t\t\t\t<p>Le jackpot des jeux Mega Moolah a pass\u00e9 la barre des 5 millions de dollars, ce qui est une aubaine pour les fans de roulettes et de jackpots.<\/p>\n\t\t\t\t<\/div>\n\n\t\t\t\t\n\t\t\t<\/div>\n\n\t\t\n\t\n<\/div>\n\n<em>Sur notre pav\u00e9 des News vous avez aussi des dossiers sur la fiabilit\u00e9 des sites de casino en ligne. En naviguant sur nos articles de presse vous d\u00e9couvrirez des infos pertinentes et utiles. Ces infos sont le fruit d&rsquo;un travail s\u00e9rieux. En effet, chaque publication de notre guide est r\u00e9alis\u00e9e avec professionnalisme par des r\u00e9dacteurs Web qui ont de l&rsquo;exp\u00e9rience sur la th\u00e9matique des jeux de casino \u00e0 distance.<\/em><br \/>\n<\/div><\/div><\/div>\n","protected":false},"excerpt":{"rendered":"<p>Rubriques du guide Online Roulette au Canada Parcourez les pages Web de notre guide gr\u00e2ce \u00e0 notre plan du site ! D\u00e9couvrir les revues de casino de notre site, ainsi que les r\u00e8gles de jeu des roulettes.<\/p>\n","protected":false},"author":1,"featured_media":0,"parent":0,"menu_order":0,"comment_status":"closed","ping_status":"closed","template":"template-fullwidth.php","meta":{"footnotes":""},"class_list":["post-97","page","type-page","status-publish","hentry"],"yoast_head":"<!-- This site is optimized with the Yoast SEO plugin v27.4 - https:\/\/yoast.com\/product\/yoast-seo-wordpress\/ -->\n<title>Plan du Site Online Roulette Tech au Canada<\/title>\n<meta name=\"description\" content=\"Les pages du site Online Roulette Tech en un clin d&#039;\u0153il. Naviguer sur le guide de roulette avec aisance gr\u00e2ce au plan du site.\" \/>\n<meta name=\"robots\" content=\"index, follow, max-snippet:-1, max-image-preview:large, max-video-preview:-1\" \/>\n<link rel=\"canonical\" href=\"https:\/\/www.onlineroulette.tech\/fr\/plan-du-site\/\" \/>\n<meta property=\"og:locale\" content=\"fr_CA\" \/>\n<meta property=\"og:type\" content=\"article\" \/>\n<meta property=\"og:title\" content=\"Plan du Site Online Roulette Tech au Canada\" \/>\n<meta property=\"og:description\" content=\"Les pages du site Online Roulette Tech en un clin d&#039;\u0153il. Naviguer sur le guide de roulette avec aisance gr\u00e2ce au plan du site.\" \/>\n<meta property=\"og:url\" content=\"https:\/\/www.onlineroulette.tech\/fr\/plan-du-site\/\" \/>\n<meta property=\"og:site_name\" content=\"Roulette en Ligne\" \/>\n<meta property=\"article:modified_time\" content=\"2025-11-18T04:35:04+00:00\" \/>\n<meta name=\"twitter:card\" content=\"summary_large_image\" \/>\n<meta name=\"twitter:label1\" content=\"Estimation du temps de lecture\" \/>\n\t<meta name=\"twitter:data1\" content=\"1 minute\" \/>\n<script type=\"application\/ld+json\" class=\"yoast-schema-graph\">{\"@context\":\"https:\\\/\\\/schema.org\",\"@graph\":[{\"@type\":\"WebPage\",\"@id\":\"https:\\\/\\\/www.onlineroulette.tech\\\/fr\\\/plan-du-site\\\/\",\"url\":\"https:\\\/\\\/www.onlineroulette.tech\\\/fr\\\/plan-du-site\\\/\",\"name\":\"Plan du Site Online Roulette Tech au Canada\",\"isPartOf\":{\"@id\":\"https:\\\/\\\/www.onlineroulette.tech\\\/fr\\\/#website\"},\"datePublished\":\"2020-11-26T11:48:43+00:00\",\"dateModified\":\"2025-11-18T04:35:04+00:00\",\"description\":\"Les pages du site Online Roulette Tech en un clin d'\u0153il. Naviguer sur le guide de roulette avec aisance gr\u00e2ce au plan du site.\",\"breadcrumb\":{\"@id\":\"https:\\\/\\\/www.onlineroulette.tech\\\/fr\\\/plan-du-site\\\/#breadcrumb\"},\"inLanguage\":\"fr-CA\",\"potentialAction\":[{\"@type\":\"ReadAction\",\"target\":[\"https:\\\/\\\/www.onlineroulette.tech\\\/fr\\\/plan-du-site\\\/\"]}]},{\"@type\":\"BreadcrumbList\",\"@id\":\"https:\\\/\\\/www.onlineroulette.tech\\\/fr\\\/plan-du-site\\\/#breadcrumb\",\"itemListElement\":[{\"@type\":\"ListItem\",\"position\":1,\"name\":\"Accueil\",\"item\":\"https:\\\/\\\/www.onlineroulette.tech\\\/fr\\\/\"},{\"@type\":\"ListItem\",\"position\":2,\"name\":\"Plan du site\"}]},{\"@type\":\"WebSite\",\"@id\":\"https:\\\/\\\/www.onlineroulette.tech\\\/fr\\\/#website\",\"url\":\"https:\\\/\\\/www.onlineroulette.tech\\\/fr\\\/\",\"name\":\"Roulette en Ligne\",\"description\":\"Roulette Guide\",\"publisher\":{\"@id\":\"https:\\\/\\\/www.onlineroulette.tech\\\/fr\\\/#organization\"},\"potentialAction\":[{\"@type\":\"SearchAction\",\"target\":{\"@type\":\"EntryPoint\",\"urlTemplate\":\"https:\\\/\\\/www.onlineroulette.tech\\\/fr\\\/?s={search_term_string}\"},\"query-input\":{\"@type\":\"PropertyValueSpecification\",\"valueRequired\":true,\"valueName\":\"search_term_string\"}}],\"inLanguage\":\"fr-CA\"},{\"@type\":\"Organization\",\"@id\":\"https:\\\/\\\/www.onlineroulette.tech\\\/fr\\\/#organization\",\"name\":\"Roulette en Ligne\",\"url\":\"https:\\\/\\\/www.onlineroulette.tech\\\/fr\\\/\",\"logo\":{\"@type\":\"ImageObject\",\"inLanguage\":\"fr-CA\",\"@id\":\"https:\\\/\\\/www.onlineroulette.tech\\\/fr\\\/#\\\/schema\\\/logo\\\/image\\\/\",\"url\":\"https:\\\/\\\/www.onlineroulette.tech\\\/fr\\\/wp-content\\\/uploads\\\/2022\\\/01\\\/logo.jpg\",\"contentUrl\":\"https:\\\/\\\/www.onlineroulette.tech\\\/fr\\\/wp-content\\\/uploads\\\/2022\\\/01\\\/logo.jpg\",\"width\":280,\"height\":115,\"caption\":\"Roulette en Ligne\"},\"image\":{\"@id\":\"https:\\\/\\\/www.onlineroulette.tech\\\/fr\\\/#\\\/schema\\\/logo\\\/image\\\/\"}}]}<\/script>\n<!-- \/ Yoast SEO plugin. -->","yoast_head_json":{"title":"Plan du Site Online Roulette Tech au Canada","description":"Les pages du site Online Roulette Tech en un clin d'\u0153il. Naviguer sur le guide de roulette avec aisance gr\u00e2ce au plan du site.","robots":{"index":"index","follow":"follow","max-snippet":"max-snippet:-1","max-image-preview":"max-image-preview:large","max-video-preview":"max-video-preview:-1"},"canonical":"https:\/\/www.onlineroulette.tech\/fr\/plan-du-site\/","og_locale":"fr_CA","og_type":"article","og_title":"Plan du Site Online Roulette Tech au Canada","og_description":"Les pages du site Online Roulette Tech en un clin d'\u0153il. Naviguer sur le guide de roulette avec aisance gr\u00e2ce au plan du site.","og_url":"https:\/\/www.onlineroulette.tech\/fr\/plan-du-site\/","og_site_name":"Roulette en Ligne","article_modified_time":"2025-11-18T04:35:04+00:00","twitter_card":"summary_large_image","twitter_misc":{"Estimation du temps de lecture":"1 minute"},"schema":{"@context":"https:\/\/schema.org","@graph":[{"@type":"WebPage","@id":"https:\/\/www.onlineroulette.tech\/fr\/plan-du-site\/","url":"https:\/\/www.onlineroulette.tech\/fr\/plan-du-site\/","name":"Plan du Site Online Roulette Tech au Canada","isPartOf":{"@id":"https:\/\/www.onlineroulette.tech\/fr\/#website"},"datePublished":"2020-11-26T11:48:43+00:00","dateModified":"2025-11-18T04:35:04+00:00","description":"Les pages du site Online Roulette Tech en un clin d'\u0153il. Naviguer sur le guide de roulette avec aisance gr\u00e2ce au plan du site.","breadcrumb":{"@id":"https:\/\/www.onlineroulette.tech\/fr\/plan-du-site\/#breadcrumb"},"inLanguage":"fr-CA","potentialAction":[{"@type":"ReadAction","target":["https:\/\/www.onlineroulette.tech\/fr\/plan-du-site\/"]}]},{"@type":"BreadcrumbList","@id":"https:\/\/www.onlineroulette.tech\/fr\/plan-du-site\/#breadcrumb","itemListElement":[{"@type":"ListItem","position":1,"name":"Accueil","item":"https:\/\/www.onlineroulette.tech\/fr\/"},{"@type":"ListItem","position":2,"name":"Plan du site"}]},{"@type":"WebSite","@id":"https:\/\/www.onlineroulette.tech\/fr\/#website","url":"https:\/\/www.onlineroulette.tech\/fr\/","name":"Roulette en Ligne","description":"Roulette Guide","publisher":{"@id":"https:\/\/www.onlineroulette.tech\/fr\/#organization"},"potentialAction":[{"@type":"SearchAction","target":{"@type":"EntryPoint","urlTemplate":"https:\/\/www.onlineroulette.tech\/fr\/?s={search_term_string}"},"query-input":{"@type":"PropertyValueSpecification","valueRequired":true,"valueName":"search_term_string"}}],"inLanguage":"fr-CA"},{"@type":"Organization","@id":"https:\/\/www.onlineroulette.tech\/fr\/#organization","name":"Roulette en Ligne","url":"https:\/\/www.onlineroulette.tech\/fr\/","logo":{"@type":"ImageObject","inLanguage":"fr-CA","@id":"https:\/\/www.onlineroulette.tech\/fr\/#\/schema\/logo\/image\/","url":"https:\/\/www.onlineroulette.tech\/fr\/wp-content\/uploads\/2022\/01\/logo.jpg","contentUrl":"https:\/\/www.onlineroulette.tech\/fr\/wp-content\/uploads\/2022\/01\/logo.jpg","width":280,"height":115,"caption":"Roulette en Ligne"},"image":{"@id":"https:\/\/www.onlineroulette.tech\/fr\/#\/schema\/logo\/image\/"}}]}},"_links":{"self":[{"href":"https:\/\/www.onlineroulette.tech\/fr\/wp-json\/wp\/v2\/pages\/97","targetHints":{"allow":["GET"]}}],"collection":[{"href":"https:\/\/www.onlineroulette.tech\/fr\/wp-json\/wp\/v2\/pages"}],"about":[{"href":"https:\/\/www.onlineroulette.tech\/fr\/wp-json\/wp\/v2\/types\/page"}],"author":[{"embeddable":true,"href":"https:\/\/www.onlineroulette.tech\/fr\/wp-json\/wp\/v2\/users\/1"}],"replies":[{"embeddable":true,"href":"https:\/\/www.onlineroulette.tech\/fr\/wp-json\/wp\/v2\/comments?post=97"}],"version-history":[{"count":16,"href":"https:\/\/www.onlineroulette.tech\/fr\/wp-json\/wp\/v2\/pages\/97\/revisions"}],"predecessor-version":[{"id":3746,"href":"https:\/\/www.onlineroulette.tech\/fr\/wp-json\/wp\/v2\/pages\/97\/revisions\/3746"}],"wp:attachment":[{"href":"https:\/\/www.onlineroulette.tech\/fr\/wp-json\/wp\/v2\/media?parent=97"}],"curies":[{"name":"wp","href":"https:\/\/api.w.org\/{rel}","templated":true}]}}