{"id":909,"date":"2021-01-06T07:16:04","date_gmt":"2021-01-06T07:16:04","guid":{"rendered":"https:\/\/www.onlineroulette.tech\/fr\/?page_id=909"},"modified":"2025-11-18T04:39:04","modified_gmt":"2025-11-18T04:39:04","slug":"rtp","status":"publish","type":"page","link":"https:\/\/www.onlineroulette.tech\/fr\/rtp\/","title":{"rendered":"Taux RTP au Casino"},"content":{"rendered":"<div class=\"su-row\"><div class=\"su-column su-column-size-2-3\"><div class=\"su-column-inner su-u-clearfix su-u-trim\">Le taux RTP d&rsquo;un casino en ligne est le ratio entre les paris et les gains des joueurs. C&rsquo;est un indice fiable d&rsquo;\u00e9valuation.<!--more--><\/p>\n<p>Chaque site de casino a un taux de retour exprim\u00e9 en pourcent. Sa valeur est unique. Afin de l&rsquo;authentifier une commission des jeux d&rsquo;argent se charge de le calculer.<br \/>\n<\/div><\/div>\n<div class=\"su-column su-column-size-1-3\"><div class=\"su-column-inner su-u-clearfix su-u-trim\">\n<img loading=\"lazy\" decoding=\"async\" title=\"Taux RTP au casino\" class=\"alignnone size-full wp-image-1035\" src=\"https:\/\/www.onlineroulette.tech\/fr\/wp-content\/uploads\/2021\/01\/rtp.jpg\" alt=\"Taux RTP au casino\" width=\"300\" height=\"200\" srcset=\"https:\/\/www.onlineroulette.tech\/fr\/wp-content\/uploads\/2021\/01\/rtp.jpg 300w, https:\/\/www.onlineroulette.tech\/fr\/wp-content\/uploads\/2021\/01\/rtp-120x80.jpg 120w\" sizes=\"auto, (max-width: 300px) 100vw, 300px\" \/><\/div><\/div><\/div>\n<h2>G\u00e9n\u00e9rateur de nombres al\u00e9atoires<\/h2>\n<p>Tout jeu de casino en ligne a un g\u00e9n\u00e9rateur de nombres al\u00e9atoires. Il y a une exception avec les jeux en direct. Les jeux en live des sites de casino se jouent en streaming avec croupier. Les taux de retour ce ces jeux se d\u00e9finissent au gr\u00e9 des s\u00e9ances de jeu.<\/p>\n<p>Dans le jargon le g\u00e9n\u00e9rateur est appel\u00e9 le RNG. Il est \u00e0 mettre en parall\u00e8le avec le RTP. Aux machines \u00e0 sous les RNG sont programm\u00e9s avec \u00e9quit\u00e9. Ils garantissent que les taux RTP soient fixes sur les longues s\u00e9ries de paris.<\/p>\n<h2>Cotes de gains au casino en ligne<\/h2>\n<p>Sur un casino en ligne il y a les m\u00eames chances de gagner pour chaque joueur. Toutefois plus un joueur parie, plus ses cotes de gagner augmentent. Ce qu&rsquo;on peut en dire ? Dans les salles de jeux il y a des perdants et des gagnants. Malgr\u00e9 cela il y a des joueurs qui gagnent plus souvent que d&rsquo;autres. Ces parieurs ont en fait des comp\u00e9tences et de la dext\u00e9rit\u00e9. Ils ont les capacit\u00e9s de tirer des revenus de leurs s\u00e9ances de jeu. \u00c0 titre d&rsquo;exemple avec la roulette, certains pros utilisent des <a title=\"astuces gagnantes\" href=\"https:\/\/www.onlineroulette.tech\/fr\/strategies\/\">astuces gagnantes<\/a> bien connues. Notez toutefois qu&rsquo;il faut \u00eatre prudent avec ce genre de syst\u00e8mes. En effet, aucune m\u00e9thode de jeu ne peut garantir de battre le casino.<\/p>\n<h2>Taux de retour et pourcentage<\/h2>\n<p>Les taux RTP s&rsquo;affichent en pourcent. Un taux RTP de 100% serait un parfait \u00e9quilibre entre les chances de gagner et les probabilit\u00e9s de perdre. En th\u00e9orie plus le taux d&rsquo;un jeu de casino est proche de 100%, mieux c&rsquo;est. En pratique, un jeu d&rsquo;argent qui a un taux proche de 100% n&rsquo;est pas vraiment synonyme de jackpot. La raison ? Si vous voulez qu&rsquo;un jeu de casino reverses des belles sommes d&rsquo;argent, il faut qu&rsquo;il retienne suffisamment d&rsquo;argent. De fait, un jeu qui a un taux RTP trop haut ne paye pas grand-chose. De l&rsquo;avis des experts de notre guide, un jeu de casino qui a un taux de reversement de 96% est du genre \u00e0 payer des bons jackpots.<\/p>\n<p>La diff\u00e9rence entre 100% et le taux RTP d&rsquo;un jeu de casino est le b\u00e9n\u00e9fice de la maison.<\/p>\n<p><strong>Prenons un exemple !<\/strong><br \/>\n<div class=\"su-row\"><div class=\"su-column su-column-size-2-3\"><div class=\"su-column-inner su-u-clearfix su-u-trim\">Sur une machine \u00e0 sous RTP de 95%, le casino per\u00e7oit 5% des paris. Sur 100 C$ mis\u00e9s il y a 95 C$ revers\u00e9s aux joueurs, et 5 C$ gard\u00e9s par le casino. En pratique un joueur ne re\u00e7oit pas 95% des paris qu&rsquo;il a r\u00e9alis\u00e9s. Cela n&rsquo;aurait aucun int\u00e9r\u00eat de jouer si \u00e0 chaque s\u00e9ance de jeu le r\u00e9sultat est n\u00e9gatif. Ce qui se passe ? Des joueurs gagnent tout l&rsquo;argent revers\u00e9 par la machine, et les autres ne gagnent rien du tout.<br \/>\n<\/div><\/div>\n<div class=\"su-column su-column-size-1-3\"><div class=\"su-column-inner su-u-clearfix su-u-trim\"><img loading=\"lazy\" decoding=\"async\" title=\"G\u00e9n\u00e9rateur de nombres al\u00e9atoires\" src=\"https:\/\/www.onlineroulette.tech\/fr\/wp-content\/uploads\/2021\/01\/generateur.jpg\" alt=\"G\u00e9n\u00e9rateur de nombres al\u00e9atoires\" width=\"300\" height=\"200\" class=\"alignnone size-full wp-image-1045\" srcset=\"https:\/\/www.onlineroulette.tech\/fr\/wp-content\/uploads\/2021\/01\/generateur.jpg 300w, https:\/\/www.onlineroulette.tech\/fr\/wp-content\/uploads\/2021\/01\/generateur-120x80.jpg 120w\" sizes=\"auto, (max-width: 300px) 100vw, 300px\" \/><br \/>\n<\/div><\/div><\/div>\n<h3>Meilleurs taux RTP des casinos<\/h3>\n<p>Choisir de jouer en ligne sur le site de casino qui a le RTP le plus haut est la meilleure chose \u00e0 faire. Il n&rsquo;y a pas mieux pour se donner le plus de chances possibles de gagner. Les casinos en ligne ont tous des taux RTP diff\u00e9rents. Il y en a qui ont des tr\u00e8s mauvais taux, alors que d&rsquo;autres ont des taux honn\u00eates.<\/p>\n<p>Quels sont les sites de casino les plus favorables ? D&rsquo;apr\u00e8s nos tests ce sont les sites Luxury Casino, Lucky Nugget et River Belle. Ces sites qui payent bien sont \u00e0 voir sur notre page des <a title=\"meilleurs casinos en ligne\" href=\"https:\/\/www.onlineroulette.tech\/fr\/casino\/\">meilleurs casinos en ligne<\/a>. Les pourcentages de paiement de ces sites s\u00e9rieux sont \u00e0 97%.<\/p>\n<h2>RTP de 100%<\/h2>\n<p>En parcourant certains guides on peut lire qu&rsquo;il existe des jeux qui ont des taux de reversement proches de 100%. Certains testeurs affirment que ce sont les jeux qui payent le mieux. Th\u00e9oriquement c&rsquo;est correct. En pratique il ne faut pas croire que l&rsquo;on peut y gagner des milles et des cents. C&rsquo;est le type de jeux qui ne reverse que des toutes petites sommes d&rsquo;argent \u00e0 chaque victoire. De plus la maison a tout de m\u00eame un l\u00e9ger avantage, il n&rsquo;y a donc pas de garantie de r\u00e9sultats.<\/p>\n<h2>Jeux de table et RTP hauts<\/h2>\n<p>La roulette Fran\u00e7aise et le blackjack sont les deux jeux de table qui ont les meilleurs taux de paiement. Leurs RTP sont de +98%. Avec une tr\u00e8s bonne maitrise et de l&rsquo;exp\u00e9rience il est tout \u00e0 fait possible de gagner gros sur ces jeux. Il est m\u00eame possible d&rsquo;y gagner des coquettes sommes d&rsquo;argent en quelques coups seulement.<\/p>\n<h2>Machines \u00e0 sous qui payent bien<\/h2>\n<p>Voici le mod\u00e8le d&rsquo;une machine \u00e0 sous en ligne qui paye des bons jackpots sans y parier gros. Ce mod\u00e8le est le jeu Hot Ink. Le taux RTP de la slot est de 97,51%. L&rsquo;avantage du casino est de seulement 2,49%. Comment r\u00e9ussir \u00e0 d\u00e9crocher un jackpot sur ce jeu ? D\u00e8s qu&rsquo;un jackpot est gagn\u00e9 il faut tout de suite encaisser les gains, puis se retirer du jeu. Ce truc de gagnant est vivement recommand\u00e9. Ne faites pas l&rsquo;erreur de vouloir en gagner plus ! Une machine \u00e0 sous a des cycles, il est donc intelligent de la laisser tomber d\u00e8s qu&rsquo;elle a vers\u00e9 un belle somme.<\/p>\n<p>La machine \u00e0 sous en ligne Hot Ink vous int\u00e9resse ? Si oui elle est \u00e0 jouer sur <a title=\"Luxury Casino\" href=\"https:\/\/www.onlineroulette.tech\/fr\/casino\/luxury\/\">Luxury Casino<\/a>. Ce site est l&rsquo;un des plus prim\u00e9s du Canada, y tenter sa chance en vaut le coup.<\/p>\n<h2>Classement des meilleurs RTP<\/h2>\n<div class=\"su-row\"><div class=\"su-column su-column-size-1-2\"><div class=\"su-column-inner su-u-clearfix su-u-trim\">\n<table>\n<tbody>\n<tr>\n<td>Vid\u00e9o poker<\/td>\n<td>99,88%<\/td>\n<\/tr>\n<tr>\n<td>Blackjack 21<\/td>\n<td>99,65%<\/td>\n<\/tr>\n<tr>\n<td>Roulette Fran\u00e7aise<\/td>\n<td>98,65%<\/td>\n<\/tr>\n<tr>\n<td>Baccarat<\/td>\n<td>98,58%<\/td>\n<\/tr>\n<tr>\n<td>Craps<\/td>\n<td>98,54%<\/td>\n<\/tr>\n<tr>\n<td>Machine \u00e0 sous \u00e0 petit jackpot<\/td>\n<td>98,35%<\/td>\n<\/tr>\n<tr>\n<td>Machine \u00e0 sous \u00e0 jackpot massif<\/td>\n<td>96,45%<\/td>\n<\/tr>\n<tr>\n<td>Jeu \u00e0 grand prix progressif<\/td>\n<td>90,12%<\/td>\n<\/tr>\n<\/tbody>\n<\/table>\n<\/div><\/div>\n<div class=\"su-column su-column-size-1-2\"><div class=\"su-column-inner su-u-clearfix su-u-trim\">Que faut-il faire pour souvent avoir des bons r\u00e9sultats au casino en ligne ? Jouer au blackjack et \u00e0 la roulette Fran\u00e7aise. Ces jeux ont des taux \u00e9lev\u00e9s de retour. De plus ils offrent de la souplesse sur les options de paris.<\/p>\n<p>Et le vid\u00e9o poker, \u00e7a paie ? Pas vraiment ! M\u00eame si ce jeu \u00e0 un taux tr\u00e8s \u00e9lev\u00e9, les chances d&rsquo;y gagner gros sont inexistantes. C&rsquo;est typiquement le genre de jeu qui ne paye que des toutes petites sommes d&rsquo;argent.<\/p>\n<p>Vous \u00eates un fan de machines \u00e0 sous ? Dans ce cas il n&rsquo;y a que les machines avec des taux d&rsquo;environ 96% qui m\u00e9ritent votre attention. En effet, c&rsquo;est le meilleur \u00e9quilibre entre l&rsquo;argent investi et les chances de gagner un jackpot \u00e9lev\u00e9.<\/div><\/div><\/div>\n","protected":false},"excerpt":{"rendered":"<p>Le taux RTP d&rsquo;un casino en ligne est le ratio entre les paris et les gains des joueurs. C&rsquo;est un indice fiable d&rsquo;\u00e9valuation.<\/p>\n","protected":false},"author":1,"featured_media":0,"parent":0,"menu_order":0,"comment_status":"closed","ping_status":"closed","template":"template-fullwidth.php","meta":{"footnotes":""},"class_list":["post-909","page","type-page","status-publish","hentry"],"yoast_head":"<!-- This site is optimized with the Yoast SEO plugin v27.4 - https:\/\/yoast.com\/product\/yoast-seo-wordpress\/ -->\n<title>Taux RTP au Casino en Ligne - Machine \u00e0 Sous et Jeux de Table<\/title>\n<meta name=\"description\" content=\"Taux RTP des sites de casino en ligne. Pour gagner sur une machine \u00e0 sous, au blackjack ou \u00e0 la roulette, un taux de 97% est profitable.\" \/>\n<meta name=\"robots\" content=\"index, follow, max-snippet:-1, max-image-preview:large, max-video-preview:-1\" \/>\n<link rel=\"canonical\" href=\"https:\/\/www.onlineroulette.tech\/fr\/rtp\/\" \/>\n<meta property=\"og:locale\" content=\"fr_CA\" \/>\n<meta property=\"og:type\" content=\"article\" \/>\n<meta property=\"og:title\" content=\"Taux RTP au Casino en Ligne - Machine \u00e0 Sous et Jeux de Table\" \/>\n<meta property=\"og:description\" content=\"Taux RTP des sites de casino en ligne. Pour gagner sur une machine \u00e0 sous, au blackjack ou \u00e0 la roulette, un taux de 97% est profitable.\" \/>\n<meta property=\"og:url\" content=\"https:\/\/www.onlineroulette.tech\/fr\/rtp\/\" \/>\n<meta property=\"og:site_name\" content=\"Roulette en Ligne\" \/>\n<meta property=\"article:modified_time\" content=\"2025-11-18T04:39:04+00:00\" \/>\n<meta property=\"og:image\" content=\"https:\/\/www.onlineroulette.tech\/fr\/wp-content\/uploads\/2021\/01\/rtp.jpg\" \/>\n\t<meta property=\"og:image:width\" content=\"300\" \/>\n\t<meta property=\"og:image:height\" content=\"200\" \/>\n\t<meta property=\"og:image:type\" content=\"image\/jpeg\" \/>\n<meta name=\"twitter:card\" content=\"summary_large_image\" \/>\n<meta name=\"twitter:label1\" content=\"Estimation du temps de lecture\" \/>\n\t<meta name=\"twitter:data1\" content=\"7 minutes\" \/>\n<script type=\"application\/ld+json\" class=\"yoast-schema-graph\">{\"@context\":\"https:\\\/\\\/schema.org\",\"@graph\":[{\"@type\":\"WebPage\",\"@id\":\"https:\\\/\\\/www.onlineroulette.tech\\\/fr\\\/rtp\\\/\",\"url\":\"https:\\\/\\\/www.onlineroulette.tech\\\/fr\\\/rtp\\\/\",\"name\":\"Taux RTP au Casino en Ligne - Machine \u00e0 Sous et Jeux de Table\",\"isPartOf\":{\"@id\":\"https:\\\/\\\/www.onlineroulette.tech\\\/fr\\\/#website\"},\"primaryImageOfPage\":{\"@id\":\"https:\\\/\\\/www.onlineroulette.tech\\\/fr\\\/rtp\\\/#primaryimage\"},\"image\":{\"@id\":\"https:\\\/\\\/www.onlineroulette.tech\\\/fr\\\/rtp\\\/#primaryimage\"},\"thumbnailUrl\":\"https:\\\/\\\/www.onlineroulette.tech\\\/fr\\\/wp-content\\\/uploads\\\/2021\\\/01\\\/rtp.jpg\",\"datePublished\":\"2021-01-06T07:16:04+00:00\",\"dateModified\":\"2025-11-18T04:39:04+00:00\",\"description\":\"Taux RTP des sites de casino en ligne. Pour gagner sur une machine \u00e0 sous, au blackjack ou \u00e0 la roulette, un taux de 97% est profitable.\",\"breadcrumb\":{\"@id\":\"https:\\\/\\\/www.onlineroulette.tech\\\/fr\\\/rtp\\\/#breadcrumb\"},\"inLanguage\":\"fr-CA\",\"potentialAction\":[{\"@type\":\"ReadAction\",\"target\":[\"https:\\\/\\\/www.onlineroulette.tech\\\/fr\\\/rtp\\\/\"]}]},{\"@type\":\"ImageObject\",\"inLanguage\":\"fr-CA\",\"@id\":\"https:\\\/\\\/www.onlineroulette.tech\\\/fr\\\/rtp\\\/#primaryimage\",\"url\":\"https:\\\/\\\/www.onlineroulette.tech\\\/fr\\\/wp-content\\\/uploads\\\/2021\\\/01\\\/rtp.jpg\",\"contentUrl\":\"https:\\\/\\\/www.onlineroulette.tech\\\/fr\\\/wp-content\\\/uploads\\\/2021\\\/01\\\/rtp.jpg\",\"width\":300,\"height\":200,\"caption\":\"RTP casino\"},{\"@type\":\"BreadcrumbList\",\"@id\":\"https:\\\/\\\/www.onlineroulette.tech\\\/fr\\\/rtp\\\/#breadcrumb\",\"itemListElement\":[{\"@type\":\"ListItem\",\"position\":1,\"name\":\"Accueil\",\"item\":\"https:\\\/\\\/www.onlineroulette.tech\\\/fr\\\/\"},{\"@type\":\"ListItem\",\"position\":2,\"name\":\"Taux RTP au Casino\"}]},{\"@type\":\"WebSite\",\"@id\":\"https:\\\/\\\/www.onlineroulette.tech\\\/fr\\\/#website\",\"url\":\"https:\\\/\\\/www.onlineroulette.tech\\\/fr\\\/\",\"name\":\"Roulette en Ligne\",\"description\":\"Roulette Guide\",\"publisher\":{\"@id\":\"https:\\\/\\\/www.onlineroulette.tech\\\/fr\\\/#organization\"},\"potentialAction\":[{\"@type\":\"SearchAction\",\"target\":{\"@type\":\"EntryPoint\",\"urlTemplate\":\"https:\\\/\\\/www.onlineroulette.tech\\\/fr\\\/?s={search_term_string}\"},\"query-input\":{\"@type\":\"PropertyValueSpecification\",\"valueRequired\":true,\"valueName\":\"search_term_string\"}}],\"inLanguage\":\"fr-CA\"},{\"@type\":\"Organization\",\"@id\":\"https:\\\/\\\/www.onlineroulette.tech\\\/fr\\\/#organization\",\"name\":\"Roulette en Ligne\",\"url\":\"https:\\\/\\\/www.onlineroulette.tech\\\/fr\\\/\",\"logo\":{\"@type\":\"ImageObject\",\"inLanguage\":\"fr-CA\",\"@id\":\"https:\\\/\\\/www.onlineroulette.tech\\\/fr\\\/#\\\/schema\\\/logo\\\/image\\\/\",\"url\":\"https:\\\/\\\/www.onlineroulette.tech\\\/fr\\\/wp-content\\\/uploads\\\/2022\\\/01\\\/logo.jpg\",\"contentUrl\":\"https:\\\/\\\/www.onlineroulette.tech\\\/fr\\\/wp-content\\\/uploads\\\/2022\\\/01\\\/logo.jpg\",\"width\":280,\"height\":115,\"caption\":\"Roulette en Ligne\"},\"image\":{\"@id\":\"https:\\\/\\\/www.onlineroulette.tech\\\/fr\\\/#\\\/schema\\\/logo\\\/image\\\/\"}}]}<\/script>\n<!-- \/ Yoast SEO plugin. -->","yoast_head_json":{"title":"Taux RTP au Casino en Ligne - Machine \u00e0 Sous et Jeux de Table","description":"Taux RTP des sites de casino en ligne. Pour gagner sur une machine \u00e0 sous, au blackjack ou \u00e0 la roulette, un taux de 97% est profitable.","robots":{"index":"index","follow":"follow","max-snippet":"max-snippet:-1","max-image-preview":"max-image-preview:large","max-video-preview":"max-video-preview:-1"},"canonical":"https:\/\/www.onlineroulette.tech\/fr\/rtp\/","og_locale":"fr_CA","og_type":"article","og_title":"Taux RTP au Casino en Ligne - Machine \u00e0 Sous et Jeux de Table","og_description":"Taux RTP des sites de casino en ligne. Pour gagner sur une machine \u00e0 sous, au blackjack ou \u00e0 la roulette, un taux de 97% est profitable.","og_url":"https:\/\/www.onlineroulette.tech\/fr\/rtp\/","og_site_name":"Roulette en Ligne","article_modified_time":"2025-11-18T04:39:04+00:00","og_image":[{"width":300,"height":200,"url":"https:\/\/www.onlineroulette.tech\/fr\/wp-content\/uploads\/2021\/01\/rtp.jpg","type":"image\/jpeg"}],"twitter_card":"summary_large_image","twitter_misc":{"Estimation du temps de lecture":"7 minutes"},"schema":{"@context":"https:\/\/schema.org","@graph":[{"@type":"WebPage","@id":"https:\/\/www.onlineroulette.tech\/fr\/rtp\/","url":"https:\/\/www.onlineroulette.tech\/fr\/rtp\/","name":"Taux RTP au Casino en Ligne - Machine \u00e0 Sous et Jeux de Table","isPartOf":{"@id":"https:\/\/www.onlineroulette.tech\/fr\/#website"},"primaryImageOfPage":{"@id":"https:\/\/www.onlineroulette.tech\/fr\/rtp\/#primaryimage"},"image":{"@id":"https:\/\/www.onlineroulette.tech\/fr\/rtp\/#primaryimage"},"thumbnailUrl":"https:\/\/www.onlineroulette.tech\/fr\/wp-content\/uploads\/2021\/01\/rtp.jpg","datePublished":"2021-01-06T07:16:04+00:00","dateModified":"2025-11-18T04:39:04+00:00","description":"Taux RTP des sites de casino en ligne. Pour gagner sur une machine \u00e0 sous, au blackjack ou \u00e0 la roulette, un taux de 97% est profitable.","breadcrumb":{"@id":"https:\/\/www.onlineroulette.tech\/fr\/rtp\/#breadcrumb"},"inLanguage":"fr-CA","potentialAction":[{"@type":"ReadAction","target":["https:\/\/www.onlineroulette.tech\/fr\/rtp\/"]}]},{"@type":"ImageObject","inLanguage":"fr-CA","@id":"https:\/\/www.onlineroulette.tech\/fr\/rtp\/#primaryimage","url":"https:\/\/www.onlineroulette.tech\/fr\/wp-content\/uploads\/2021\/01\/rtp.jpg","contentUrl":"https:\/\/www.onlineroulette.tech\/fr\/wp-content\/uploads\/2021\/01\/rtp.jpg","width":300,"height":200,"caption":"RTP casino"},{"@type":"BreadcrumbList","@id":"https:\/\/www.onlineroulette.tech\/fr\/rtp\/#breadcrumb","itemListElement":[{"@type":"ListItem","position":1,"name":"Accueil","item":"https:\/\/www.onlineroulette.tech\/fr\/"},{"@type":"ListItem","position":2,"name":"Taux RTP au Casino"}]},{"@type":"WebSite","@id":"https:\/\/www.onlineroulette.tech\/fr\/#website","url":"https:\/\/www.onlineroulette.tech\/fr\/","name":"Roulette en Ligne","description":"Roulette Guide","publisher":{"@id":"https:\/\/www.onlineroulette.tech\/fr\/#organization"},"potentialAction":[{"@type":"SearchAction","target":{"@type":"EntryPoint","urlTemplate":"https:\/\/www.onlineroulette.tech\/fr\/?s={search_term_string}"},"query-input":{"@type":"PropertyValueSpecification","valueRequired":true,"valueName":"search_term_string"}}],"inLanguage":"fr-CA"},{"@type":"Organization","@id":"https:\/\/www.onlineroulette.tech\/fr\/#organization","name":"Roulette en Ligne","url":"https:\/\/www.onlineroulette.tech\/fr\/","logo":{"@type":"ImageObject","inLanguage":"fr-CA","@id":"https:\/\/www.onlineroulette.tech\/fr\/#\/schema\/logo\/image\/","url":"https:\/\/www.onlineroulette.tech\/fr\/wp-content\/uploads\/2022\/01\/logo.jpg","contentUrl":"https:\/\/www.onlineroulette.tech\/fr\/wp-content\/uploads\/2022\/01\/logo.jpg","width":280,"height":115,"caption":"Roulette en Ligne"},"image":{"@id":"https:\/\/www.onlineroulette.tech\/fr\/#\/schema\/logo\/image\/"}}]}},"_links":{"self":[{"href":"https:\/\/www.onlineroulette.tech\/fr\/wp-json\/wp\/v2\/pages\/909","targetHints":{"allow":["GET"]}}],"collection":[{"href":"https:\/\/www.onlineroulette.tech\/fr\/wp-json\/wp\/v2\/pages"}],"about":[{"href":"https:\/\/www.onlineroulette.tech\/fr\/wp-json\/wp\/v2\/types\/page"}],"author":[{"embeddable":true,"href":"https:\/\/www.onlineroulette.tech\/fr\/wp-json\/wp\/v2\/users\/1"}],"replies":[{"embeddable":true,"href":"https:\/\/www.onlineroulette.tech\/fr\/wp-json\/wp\/v2\/comments?post=909"}],"version-history":[{"count":81,"href":"https:\/\/www.onlineroulette.tech\/fr\/wp-json\/wp\/v2\/pages\/909\/revisions"}],"predecessor-version":[{"id":3764,"href":"https:\/\/www.onlineroulette.tech\/fr\/wp-json\/wp\/v2\/pages\/909\/revisions\/3764"}],"wp:attachment":[{"href":"https:\/\/www.onlineroulette.tech\/fr\/wp-json\/wp\/v2\/media?parent=909"}],"curies":[{"name":"wp","href":"https:\/\/api.w.org\/{rel}","templated":true}]}}