{"id":876,"date":"2021-01-04T05:57:16","date_gmt":"2021-01-04T05:57:16","guid":{"rendered":"https:\/\/www.onlineroulette.tech\/fr\/?page_id=876"},"modified":"2025-11-18T04:36:14","modified_gmt":"2025-11-18T04:36:14","slug":"bonus","status":"publish","type":"page","link":"https:\/\/www.onlineroulette.tech\/fr\/bonus\/","title":{"rendered":"Bonus"},"content":{"rendered":"<div class=\"su-row\"><div class=\"su-column su-column-size-2-3\"><div class=\"su-column-inner su-u-clearfix su-u-trim\">Quoi de mieux qu&rsquo;un bonus de casino en ligne pour commencer \u00e0 parier en argent r\u00e9el ? <!--more-->Ici les meilleurs deals des casinos sont \u00e0 l&rsquo;honneur. On a test\u00e9 les bonus les plus payants du Canada. Avec nous seuls des programmes s\u00e9rieux sont \u00e0 l&rsquo;honneur. Ces offres sont tops pour jouer aux jeux de table et aux machines \u00e0 sous en ligne.<\/p>\n<h2>Meilleurs bonus de casino<\/h2>\n<p>Chaque site de casino list\u00e9 sur cette page double le capital d\u00e8s le premier d\u00e9p\u00f4t. De plus les offres list\u00e9es sont valables d\u00e8s 10 C$ de d\u00e9p\u00f4t.<br \/>\n<\/div><\/div>\n<div class=\"su-column su-column-size-1-3 colc\"><div class=\"su-column-inner su-u-clearfix su-u-trim\"><img loading=\"lazy\" decoding=\"async\" title=\"Bonus de casino\" src=\"https:\/\/www.onlineroulette.tech\/fr\/wp-content\/uploads\/2021\/03\/bonus.jpg\" alt=\"Bonus de casino\" width=\"380\" height=\"228\" class=\"alignnone size-full wp-image-1521\" srcset=\"https:\/\/www.onlineroulette.tech\/fr\/wp-content\/uploads\/2021\/03\/bonus.jpg 380w, https:\/\/www.onlineroulette.tech\/fr\/wp-content\/uploads\/2021\/03\/bonus-300x180.jpg 300w\" sizes=\"auto, (max-width: 380px) 100vw, 380px\" \/><br \/>\n<\/div><\/div><\/div>\n<div class=\"su-divider su-divider-style-dotted\" style=\"margin:10px 0;border-width:3px;border-color:#820202\"><\/div>\n<h3 id=\"city\">Jackpot City &#8211; 1600 C$ gratuit<\/h3>\n<div class=\"su-row\"><div class=\"su-column su-column-size-2-3\"><div class=\"su-column-inner su-u-clearfix su-u-trim\">Aucune autre site de casino ne fait mieux ! L&rsquo;offre de Jackpot City est la plus impressionnante de l&rsquo;Internet. Le bonus de 1600 C$ s&rsquo;obtient en 4 \u00e9tapes. Sur les 1er d\u00e9p\u00f4ts votre argent est doubl\u00e9. C&rsquo;est jusqu&rsquo;\u00e0 400 C$ \u00e0 prendre \u00e0 chaque fois. Vous voulez tenter votre chance ? L&rsquo;offre du casino est jouable sur tous les jeux. Le blackjack ou la roulette ? Ou bien les machines \u00e0 sous en ligne ? Il n&rsquo;y a pas de limite.<br \/>\n<\/div><\/div>\n<div class=\"su-column su-column-size-1-3 colc\"><div class=\"su-column-inner su-u-clearfix su-u-trim\">\n<a class=\"top\" title=\"Jackpot City\" href=\"https:\/\/www.jackpotcitycasino.com\/francais\/\" target=\"_blank\" rel=\"noopener noreferrer\"><img loading=\"lazy\" decoding=\"async\" title=\"Jackpot City, le meilleur bonus de casino\" src=\"https:\/\/www.onlineroulette.tech\/fr\/wp-content\/uploads\/2021\/01\/jackpot-city.jpg\" alt=\"Jackpot City, le meilleur bonus de casino\" width=\"380\" height=\"214\" class=\"size-full wp-image-1175\" srcset=\"https:\/\/www.onlineroulette.tech\/fr\/wp-content\/uploads\/2021\/01\/jackpot-city.jpg 380w, https:\/\/www.onlineroulette.tech\/fr\/wp-content\/uploads\/2021\/01\/jackpot-city-300x169.jpg 300w\" sizes=\"auto, (max-width: 380px) 100vw, 380px\" \/><br \/>\nJOUER CHEZ JACKPOT CITY<\/a><br \/>\n\n<\/div><\/div><\/div>\n<div class=\"su-divider su-divider-style-dotted\" style=\"margin:10px 0;border-width:3px;border-color:#820202\"><\/div>\n<h3>Casino Action &#8211; Bonus 1250 C$<\/h3>\n<div class=\"su-row\"><div class=\"su-column su-column-size-2-3\"><div class=\"su-column-inner su-u-clearfix su-u-trim\">Le top des tops sur les smartphones ! La promo du casino est valable sur mobile. Tout s&rsquo;y op\u00e8re avec facilit\u00e9. Quelques tapes sur l&rsquo;\u00e9cran suffisent pour activer les bonus. D\u00e8s le 1er d\u00e9p\u00f4t l&rsquo;offre est activ\u00e9e en une fraction de seconde. Vous \u00eates sur un iPhone ou sur un Android ? Le tapis rouge vous est d\u00e9roul\u00e9 chez Casino Action. Les 1250 C$ s&rsquo;obtiennent en 5 \u00e9tapes. Le premier bonus double le capital jusqu&rsquo;\u00e0 300 C$.<br \/>\n<\/div><\/div>\n<div class=\"su-column su-column-size-1-3 colc\"><div class=\"su-column-inner su-u-clearfix su-u-trim\">\n<a class=\"top\" title=\"Casino Action\" href=\"https:\/\/www.casinoaction.com\/fr\/\" target=\"_blank\" rel=\"noopener noreferrer\"><img loading=\"lazy\" decoding=\"async\" title=\"Bonus chez Casino Action\" src=\"https:\/\/www.onlineroulette.tech\/fr\/wp-content\/uploads\/2021\/01\/casino-bonus.jpg\" alt=\"Bonus chez Casino Action\" width=\"380\" height=\"214\" class=\"size-full wp-image-1173\" srcset=\"https:\/\/www.onlineroulette.tech\/fr\/wp-content\/uploads\/2021\/01\/casino-bonus.jpg 380w, https:\/\/www.onlineroulette.tech\/fr\/wp-content\/uploads\/2021\/01\/casino-bonus-300x169.jpg 300w\" sizes=\"auto, (max-width: 380px) 100vw, 380px\" \/><br \/>\nJOUER CHEZ CASINO ACTION<\/a><br \/>\n\n<\/div><\/div><\/div>\n<div class=\"su-divider su-divider-style-dotted\" style=\"margin:10px 0;border-width:3px;border-color:#820202\"><\/div>\n<h3 id=\"luxury\">Luxury Casino &#8211; 1000 C$ offerts<\/h3>\n<div class=\"su-row\"><div class=\"su-column su-column-size-2-3\"><div class=\"su-column-inner su-u-clearfix su-u-trim\">Le casino en ligne le plus prim\u00e9 de notre guide. Luxury Casino a des bonus g\u00e9n\u00e9reux de bienvenue. Au total il y a 1000 C$ offerts. Vous \u00eates un fan de jeux de table ou de machines \u00e0 sous ? Tous les bonus du casino sont utilisables.<\/p>\n<p>Chaque joueur est g\u00e2t\u00e9 chez Luxury. De plus il y a un programme de loyaut\u00e9 qui ajoute des points de fid\u00e9lit\u00e9 sur chaque pari. La fid\u00e9lit\u00e9 paye sur ce casino ! C&rsquo;est une fa\u00e7on d&rsquo;obtenir encore plus de r\u00e9compenses.<br \/>\n<\/div><\/div>\n<div class=\"su-column su-column-size-1-3 colc\"><div class=\"su-column-inner su-u-clearfix su-u-trim\">\n<a class=\"top\" title=\"Luxury Casino\" href=\"https:\/\/luxury.casino\/fr\/\" target=\"_blank\" rel=\"noopener noreferrer\"><img loading=\"lazy\" decoding=\"async\" title=\"Luxury Casino au Canada\" class=\"wp-image-565\" src=\"https:\/\/www.onlineroulette.tech\/fr\/wp-content\/uploads\/2020\/12\/luxury-canada.jpg\" alt=\"Luxury Casino au Canada\" width=\"380\" height=\"214\" srcset=\"https:\/\/www.onlineroulette.tech\/fr\/wp-content\/uploads\/2020\/12\/luxury-canada.jpg 600w, https:\/\/www.onlineroulette.tech\/fr\/wp-content\/uploads\/2020\/12\/luxury-canada-300x169.jpg 300w\" sizes=\"auto, (max-width: 380px) 100vw, 380px\" \/><br \/>\nJOUER CHEZ LUXURY CASINO<\/a><br \/>\n\n<\/div><\/div><\/div>\n<div class=\"su-divider su-divider-style-dotted\" style=\"margin:10px 0;border-width:3px;border-color:#820202\"><\/div>\n<h2 id=\"tours\">Tours gratuits<\/h2>\n<p>Les offres de tours gratuits sont tr\u00e8s pr\u00e9sentes sur les sites de jeux d&rsquo;argent. Ces formules sont exclusives aux machines \u00e0 sous. Malheureusement \u00e0 la roulette il n&rsquo;y a pas de casinos en ligne qui offrent des tours \u00e0 la table de jeu. Il en est de m\u00eame avec le blackjack et le baccarat. Si les offres les plus rentables aux machines \u00e0 sous en ligne sont ce que vous cherchez, on vous conseille de visiter un guide orient\u00e9 sur cette niche. Un site s\u00e9rieux sur ce terrain est <a title=\"Machines \u00e0 sous Guru\" href=\"https:\/\/www.machinesasous.guru\" target=\"_blank\" rel=\"noopener\">Machines \u00e0 Sous Guru<\/a>, un blog qui met l&rsquo;accent sur les offres les plus juteuses de tours gratuits aux slots.<\/p>\n<h2>Programme de loyaut\u00e9<\/h2>\n<p>Il n&rsquo;y a pas que les bonus de bienvenue qui comptent. Sur un <a title=\"casino en ligne s\u00e9rieux\" href=\"https:\/\/www.onlineroulette.tech\/fr\/casino\/\">casino en ligne s\u00e9rieux<\/a> les bonus gratuits ne s&rsquo;arr\u00eatent jamais ! Pass\u00e9 le cap du programme de bienvenue, un autre programme prend le relai. La loyaut\u00e9 ! Sur chaque d\u00e9p\u00f4t des points cr\u00e9dits se cumulent. Une grille de paliers convertis les paris en bonus.<\/p>\n<p>Quel est le plus loyal des casinos en ligne ? \u00c0 notre connaissance c&rsquo;est <a title=\"Luxury Casino\" href=\"#luxury\">Luxury Casino<\/a> ! Ce site r\u00e9compense les joueurs sur tous les paris.<\/p>\n<h2 id=\"regles\">Conditions d\u2019utilisation<\/h2>\n<p>Des r\u00e8gles sont li\u00e9es aux bonus des casinos en ligne. La plus importante d&rsquo;entre elles ? Lors d&rsquo;un gain. Si vous gagnez de l\u2019argent avec un bonus, avant d&rsquo;encaisser les fonds vous devrez jouer un certain nombres de fois les bonus re\u00e7us. Une fois fait vous pourrez encaisser les gains.<\/p>\n<p>Les offres de bienvenue diff\u00e8rent d\u2019un casino en ligne \u00e0 l&rsquo;autre. Comment conna\u00eetre les d\u00e9tails d&rsquo;une offre ? Il faut se rende sur la page de r\u00e8glement du casino et en prendre connaissance. Il faut savoir qu&rsquo;il n&rsquo;existe pas de sites de casino qui offrent des bonus sans contrepartie. Sur notre guide seuls des sites de casino qui ont des conditions honn\u00eates sont \u00e0 l&rsquo;affiche. En bref on met l&rsquo;accent sur les programmes de casino qui donnent le plus de chances de gagner un jackpot.<\/p>\n<h2 id=\"sommaire\">Sommaire des bonus<\/h2>\n<p>Les bonus \u00e0 prendre sur notre guide sont les plus rentables du Canada. Cette affirmation se note par le travail fait par notre \u00e9quipe. On contr\u00f4le et teste plusieurs fois par ann\u00e9e les meilleurs deals de casino. Seul le top est retenu ! Les conditions d&rsquo;utilisation sont pass\u00e9es au crible par nos testeurs. Notre force ? Les bonus gratuits sont valables sur tous les jeux, il n&rsquo;y a pas de limite. Avec les offres de nos casinos partenaires les chances de gagner gros sont une r\u00e9alit\u00e9.<\/p>\n","protected":false},"excerpt":{"rendered":"<p>Quoi de mieux qu&rsquo;un bonus de casino en ligne pour commencer \u00e0 parier en argent r\u00e9el ?<\/p>\n","protected":false},"author":1,"featured_media":0,"parent":0,"menu_order":0,"comment_status":"closed","ping_status":"closed","template":"template-fullwidth.php","meta":{"footnotes":""},"class_list":["post-876","page","type-page","status-publish","hentry"],"yoast_head":"<!-- This site is optimized with the Yoast SEO plugin v27.5 - https:\/\/yoast.com\/product\/yoast-seo-wordpress\/ -->\n<title>Bonus Gratuit des Casinos en Ligne au Canada 2026<\/title>\n<meta name=\"description\" content=\"Jouer avec le meilleur bonus gratuit des casinos en ligne du Canada. Doubler votre capital pour booster les chances de gagner.\" \/>\n<meta name=\"robots\" content=\"index, follow, max-snippet:-1, max-image-preview:large, max-video-preview:-1\" \/>\n<link rel=\"canonical\" href=\"https:\/\/www.onlineroulette.tech\/fr\/bonus\/\" \/>\n<meta property=\"og:locale\" content=\"fr_CA\" \/>\n<meta property=\"og:type\" content=\"article\" \/>\n<meta property=\"og:title\" content=\"Bonus Gratuit des Casinos en Ligne au Canada 2026\" \/>\n<meta property=\"og:description\" content=\"Jouer avec le meilleur bonus gratuit des casinos en ligne du Canada. Doubler votre capital pour booster les chances de gagner.\" \/>\n<meta property=\"og:url\" content=\"https:\/\/www.onlineroulette.tech\/fr\/bonus\/\" \/>\n<meta property=\"og:site_name\" content=\"Roulette en Ligne\" \/>\n<meta property=\"article:modified_time\" content=\"2025-11-18T04:36:14+00:00\" \/>\n<meta property=\"og:image\" content=\"https:\/\/www.onlineroulette.tech\/fr\/wp-content\/uploads\/2021\/03\/bonus.jpg\" \/>\n\t<meta property=\"og:image:width\" content=\"380\" \/>\n\t<meta property=\"og:image:height\" content=\"228\" \/>\n\t<meta property=\"og:image:type\" content=\"image\/jpeg\" \/>\n<meta name=\"twitter:card\" content=\"summary_large_image\" \/>\n<meta name=\"twitter:label1\" content=\"Estimation du temps de lecture\" \/>\n\t<meta name=\"twitter:data1\" content=\"6 minutes\" \/>\n<script type=\"application\/ld+json\" class=\"yoast-schema-graph\">{\"@context\":\"https:\\\/\\\/schema.org\",\"@graph\":[{\"@type\":\"WebPage\",\"@id\":\"https:\\\/\\\/www.onlineroulette.tech\\\/fr\\\/bonus\\\/\",\"url\":\"https:\\\/\\\/www.onlineroulette.tech\\\/fr\\\/bonus\\\/\",\"name\":\"Bonus Gratuit des Casinos en Ligne au Canada 2026\",\"isPartOf\":{\"@id\":\"https:\\\/\\\/www.onlineroulette.tech\\\/fr\\\/#website\"},\"primaryImageOfPage\":{\"@id\":\"https:\\\/\\\/www.onlineroulette.tech\\\/fr\\\/bonus\\\/#primaryimage\"},\"image\":{\"@id\":\"https:\\\/\\\/www.onlineroulette.tech\\\/fr\\\/bonus\\\/#primaryimage\"},\"thumbnailUrl\":\"https:\\\/\\\/www.onlineroulette.tech\\\/fr\\\/wp-content\\\/uploads\\\/2021\\\/03\\\/bonus.jpg\",\"datePublished\":\"2021-01-04T05:57:16+00:00\",\"dateModified\":\"2025-11-18T04:36:14+00:00\",\"description\":\"Jouer avec le meilleur bonus gratuit des casinos en ligne du Canada. Doubler votre capital pour booster les chances de gagner.\",\"breadcrumb\":{\"@id\":\"https:\\\/\\\/www.onlineroulette.tech\\\/fr\\\/bonus\\\/#breadcrumb\"},\"inLanguage\":\"fr-CA\",\"potentialAction\":[{\"@type\":\"ReadAction\",\"target\":[\"https:\\\/\\\/www.onlineroulette.tech\\\/fr\\\/bonus\\\/\"]}]},{\"@type\":\"ImageObject\",\"inLanguage\":\"fr-CA\",\"@id\":\"https:\\\/\\\/www.onlineroulette.tech\\\/fr\\\/bonus\\\/#primaryimage\",\"url\":\"https:\\\/\\\/www.onlineroulette.tech\\\/fr\\\/wp-content\\\/uploads\\\/2021\\\/03\\\/bonus.jpg\",\"contentUrl\":\"https:\\\/\\\/www.onlineroulette.tech\\\/fr\\\/wp-content\\\/uploads\\\/2021\\\/03\\\/bonus.jpg\",\"width\":380,\"height\":228,\"caption\":\"Meilleur bonus de casino\"},{\"@type\":\"BreadcrumbList\",\"@id\":\"https:\\\/\\\/www.onlineroulette.tech\\\/fr\\\/bonus\\\/#breadcrumb\",\"itemListElement\":[{\"@type\":\"ListItem\",\"position\":1,\"name\":\"Accueil\",\"item\":\"https:\\\/\\\/www.onlineroulette.tech\\\/fr\\\/\"},{\"@type\":\"ListItem\",\"position\":2,\"name\":\"Bonus\"}]},{\"@type\":\"WebSite\",\"@id\":\"https:\\\/\\\/www.onlineroulette.tech\\\/fr\\\/#website\",\"url\":\"https:\\\/\\\/www.onlineroulette.tech\\\/fr\\\/\",\"name\":\"Roulette en Ligne\",\"description\":\"Roulette Guide\",\"publisher\":{\"@id\":\"https:\\\/\\\/www.onlineroulette.tech\\\/fr\\\/#organization\"},\"potentialAction\":[{\"@type\":\"SearchAction\",\"target\":{\"@type\":\"EntryPoint\",\"urlTemplate\":\"https:\\\/\\\/www.onlineroulette.tech\\\/fr\\\/?s={search_term_string}\"},\"query-input\":{\"@type\":\"PropertyValueSpecification\",\"valueRequired\":true,\"valueName\":\"search_term_string\"}}],\"inLanguage\":\"fr-CA\"},{\"@type\":\"Organization\",\"@id\":\"https:\\\/\\\/www.onlineroulette.tech\\\/fr\\\/#organization\",\"name\":\"Roulette en Ligne\",\"url\":\"https:\\\/\\\/www.onlineroulette.tech\\\/fr\\\/\",\"logo\":{\"@type\":\"ImageObject\",\"inLanguage\":\"fr-CA\",\"@id\":\"https:\\\/\\\/www.onlineroulette.tech\\\/fr\\\/#\\\/schema\\\/logo\\\/image\\\/\",\"url\":\"https:\\\/\\\/www.onlineroulette.tech\\\/fr\\\/wp-content\\\/uploads\\\/2022\\\/01\\\/logo.jpg\",\"contentUrl\":\"https:\\\/\\\/www.onlineroulette.tech\\\/fr\\\/wp-content\\\/uploads\\\/2022\\\/01\\\/logo.jpg\",\"width\":280,\"height\":115,\"caption\":\"Roulette en Ligne\"},\"image\":{\"@id\":\"https:\\\/\\\/www.onlineroulette.tech\\\/fr\\\/#\\\/schema\\\/logo\\\/image\\\/\"}}]}<\/script>\n<!-- \/ Yoast SEO plugin. -->","yoast_head_json":{"title":"Bonus Gratuit des Casinos en Ligne au Canada 2026","description":"Jouer avec le meilleur bonus gratuit des casinos en ligne du Canada. Doubler votre capital pour booster les chances de gagner.","robots":{"index":"index","follow":"follow","max-snippet":"max-snippet:-1","max-image-preview":"max-image-preview:large","max-video-preview":"max-video-preview:-1"},"canonical":"https:\/\/www.onlineroulette.tech\/fr\/bonus\/","og_locale":"fr_CA","og_type":"article","og_title":"Bonus Gratuit des Casinos en Ligne au Canada 2026","og_description":"Jouer avec le meilleur bonus gratuit des casinos en ligne du Canada. Doubler votre capital pour booster les chances de gagner.","og_url":"https:\/\/www.onlineroulette.tech\/fr\/bonus\/","og_site_name":"Roulette en Ligne","article_modified_time":"2025-11-18T04:36:14+00:00","og_image":[{"width":380,"height":228,"url":"https:\/\/www.onlineroulette.tech\/fr\/wp-content\/uploads\/2021\/03\/bonus.jpg","type":"image\/jpeg"}],"twitter_card":"summary_large_image","twitter_misc":{"Estimation du temps de lecture":"6 minutes"},"schema":{"@context":"https:\/\/schema.org","@graph":[{"@type":"WebPage","@id":"https:\/\/www.onlineroulette.tech\/fr\/bonus\/","url":"https:\/\/www.onlineroulette.tech\/fr\/bonus\/","name":"Bonus Gratuit des Casinos en Ligne au Canada 2026","isPartOf":{"@id":"https:\/\/www.onlineroulette.tech\/fr\/#website"},"primaryImageOfPage":{"@id":"https:\/\/www.onlineroulette.tech\/fr\/bonus\/#primaryimage"},"image":{"@id":"https:\/\/www.onlineroulette.tech\/fr\/bonus\/#primaryimage"},"thumbnailUrl":"https:\/\/www.onlineroulette.tech\/fr\/wp-content\/uploads\/2021\/03\/bonus.jpg","datePublished":"2021-01-04T05:57:16+00:00","dateModified":"2025-11-18T04:36:14+00:00","description":"Jouer avec le meilleur bonus gratuit des casinos en ligne du Canada. Doubler votre capital pour booster les chances de gagner.","breadcrumb":{"@id":"https:\/\/www.onlineroulette.tech\/fr\/bonus\/#breadcrumb"},"inLanguage":"fr-CA","potentialAction":[{"@type":"ReadAction","target":["https:\/\/www.onlineroulette.tech\/fr\/bonus\/"]}]},{"@type":"ImageObject","inLanguage":"fr-CA","@id":"https:\/\/www.onlineroulette.tech\/fr\/bonus\/#primaryimage","url":"https:\/\/www.onlineroulette.tech\/fr\/wp-content\/uploads\/2021\/03\/bonus.jpg","contentUrl":"https:\/\/www.onlineroulette.tech\/fr\/wp-content\/uploads\/2021\/03\/bonus.jpg","width":380,"height":228,"caption":"Meilleur bonus de casino"},{"@type":"BreadcrumbList","@id":"https:\/\/www.onlineroulette.tech\/fr\/bonus\/#breadcrumb","itemListElement":[{"@type":"ListItem","position":1,"name":"Accueil","item":"https:\/\/www.onlineroulette.tech\/fr\/"},{"@type":"ListItem","position":2,"name":"Bonus"}]},{"@type":"WebSite","@id":"https:\/\/www.onlineroulette.tech\/fr\/#website","url":"https:\/\/www.onlineroulette.tech\/fr\/","name":"Roulette en Ligne","description":"Roulette Guide","publisher":{"@id":"https:\/\/www.onlineroulette.tech\/fr\/#organization"},"potentialAction":[{"@type":"SearchAction","target":{"@type":"EntryPoint","urlTemplate":"https:\/\/www.onlineroulette.tech\/fr\/?s={search_term_string}"},"query-input":{"@type":"PropertyValueSpecification","valueRequired":true,"valueName":"search_term_string"}}],"inLanguage":"fr-CA"},{"@type":"Organization","@id":"https:\/\/www.onlineroulette.tech\/fr\/#organization","name":"Roulette en Ligne","url":"https:\/\/www.onlineroulette.tech\/fr\/","logo":{"@type":"ImageObject","inLanguage":"fr-CA","@id":"https:\/\/www.onlineroulette.tech\/fr\/#\/schema\/logo\/image\/","url":"https:\/\/www.onlineroulette.tech\/fr\/wp-content\/uploads\/2022\/01\/logo.jpg","contentUrl":"https:\/\/www.onlineroulette.tech\/fr\/wp-content\/uploads\/2022\/01\/logo.jpg","width":280,"height":115,"caption":"Roulette en Ligne"},"image":{"@id":"https:\/\/www.onlineroulette.tech\/fr\/#\/schema\/logo\/image\/"}}]}},"_links":{"self":[{"href":"https:\/\/www.onlineroulette.tech\/fr\/wp-json\/wp\/v2\/pages\/876","targetHints":{"allow":["GET"]}}],"collection":[{"href":"https:\/\/www.onlineroulette.tech\/fr\/wp-json\/wp\/v2\/pages"}],"about":[{"href":"https:\/\/www.onlineroulette.tech\/fr\/wp-json\/wp\/v2\/types\/page"}],"author":[{"embeddable":true,"href":"https:\/\/www.onlineroulette.tech\/fr\/wp-json\/wp\/v2\/users\/1"}],"replies":[{"embeddable":true,"href":"https:\/\/www.onlineroulette.tech\/fr\/wp-json\/wp\/v2\/comments?post=876"}],"version-history":[{"count":51,"href":"https:\/\/www.onlineroulette.tech\/fr\/wp-json\/wp\/v2\/pages\/876\/revisions"}],"predecessor-version":[{"id":3759,"href":"https:\/\/www.onlineroulette.tech\/fr\/wp-json\/wp\/v2\/pages\/876\/revisions\/3759"}],"wp:attachment":[{"href":"https:\/\/www.onlineroulette.tech\/fr\/wp-json\/wp\/v2\/media?parent=876"}],"curies":[{"name":"wp","href":"https:\/\/api.w.org\/{rel}","templated":true}]}}