{"id":42,"date":"2020-11-26T08:02:02","date_gmt":"2020-11-26T08:02:02","guid":{"rendered":"https:\/\/www.onlineroulette.tech\/fr\/?page_id=42"},"modified":"2025-11-18T04:35:11","modified_gmt":"2025-11-18T04:35:11","slug":"legal","status":"publish","type":"page","link":"https:\/\/www.onlineroulette.tech\/fr\/legal\/","title":{"rendered":"Mentions l\u00e9gales"},"content":{"rendered":"<p>Les conditions du site <strong>Online Roulette Tech<\/strong> encadrent les aspects l\u00e9gaux quant \u00e0 son utilisation. <!--more-->Elles sont le contrat entre le propri\u00e9taire du site et l&rsquo;utilisateur. Si vous n&rsquo;acceptez pas son contenu, vous devez quitter ce site. Le propri\u00e9taire du site se r\u00e9serve le droit de modifier \u00e0 tout moment cette page.<\/p>\n<h2 id=a-propos>Mentions l\u00e9gales<\/h2>\n<div class=\"su-row\"><div class=\"su-column su-column-size-1-2\"><div class=\"su-column-inner su-u-clearfix su-u-trim\">\nLe nom de domaine du site Web Online Roulette Tech appartient \u00e0 :<br \/>\n<img loading=\"lazy\" decoding=\"async\" title=\"Sebastien\" src=\"https:\/\/www.onlineroulette.tech\/fr\/wp-content\/uploads\/2021\/01\/sebastien.jpg\" alt=\"Sebastien\" width=\"300\" height=\"140\" class=\"alignnone size-full wp-image-1002\" \/><br \/>\n<\/div><\/div>\n<div class=\"su-column su-column-size-1-2\"><div class=\"su-column-inner su-u-clearfix su-u-trim\">\nLes pages du site sont physiquement au Danemark. Elles sont h\u00e9berg\u00e9es chez <a title=\"One.com\" href=\"https:\/\/www.one.com\/fr\/\" target=\"_blank\" rel=\"noopener\">One.com<\/a>.<\/p>\n<p>Le site Online Roulette Tech est cibl\u00e9 au <a title=\"Canada\" href=\"https:\/\/www.canada.ca\/fr.html\" target=\"_blank\" rel=\"noopener\">Canada<\/a>. Vous n&rsquo;\u00eates pas r\u00e9sidant au sein du pays ? On vous prie de quitter le pr\u00e9sent site. D&rsquo;un point de vue l\u00e9gal on ne peut pas garantir que les pages web du site puissent \u00eatre reconnues dans d&rsquo;autres pays.<\/p>\n<p>Le webmaster du site peut \u00eatre contact\u00e9 par courriel. Il ne peut pas r\u00e9pondre au nom des sites de casino list\u00e9s sur Online Roulette Tech.<br \/>\n<\/div><\/div><\/div>\n<h2>Cookies et protection de la sph\u00e8re priv\u00e9e<\/h2>\n<p>On n&rsquo;utilise pas de cookies sur l&rsquo;ensemble du site Web. De plus aucun formulaire de saisie n&rsquo;est utilis\u00e9. Si vous nous envoyez un courrier, vos donn\u00e9es personnelles restent confidentielles. En bref, en visitant nos pages et articles, votre anonymat est pr\u00e9serv\u00e9.<\/p>\n<h2>Acc\u00e8s aux services<\/h2>\n<p>Online Roulette Tech autorise \u00e0 l&rsquo;utilisateur un acc\u00e8s gratuit aux publications et images sur toutes les pages du site Web. Chaque page et article est consultable gratuitement.<\/p>\n<h2>Droits d&rsquo;auteur<\/h2>\n<p>Les marques, les logos et tout autre contenu du site sont li\u00e9s par le code de la propri\u00e9t\u00e9 intellectuelle. L&rsquo;utilisateur doit faire une demande pr\u00e9alable pour toute reproduction de copie partielle ou compl\u00e8te d&rsquo;un contenu.<\/p>\n<h2>Force majeure<\/h2>\n<p>Les infos publi\u00e9es sur Online Roulette Tech sont fiables. Toutefois le propri\u00e9taire du site Web se r\u00e9serve le droit de non-garantie. Les infos \u00e0 l&rsquo;affiche le sont \u00e0 titre informatif uniquement. Chaque visiteur du site assume \u00e0 lui seul ses propres responsabilit\u00e9. La responsabilit\u00e9 du site Web ne peut pas \u00eatre engag\u00e9e en cas de force majeure.<\/p>\n<h2>Liens hypertextes<\/h2>\n<p>Les liens sortants du site Online Roulette Tech n&rsquo;engagent pas la responsabilit\u00e9 du propri\u00e9taire du site Web. Conform\u00e9ment \u00e0 la loi, le propri\u00e9taire du nom de domaine vous informe que les liens sortants du pr\u00e9sent site sont li\u00e9s \u00e0 du commerce en ligne. Si vous visitez sur l&rsquo;un de ces sites, le propri\u00e9taire de <a title=\"Online Roulette Tech\" href=\"https:\/\/www.onlineroulette.tech\/fr\/\">Online Roulette Tech<\/a> pourra recevoir des revenus.<\/p>\n<h2>Dur\u00e9e<\/h2>\n<p>La dur\u00e9e de validit\u00e9 du pr\u00e9sent contrat n&rsquo;a pas de limite de temps. Le contrat produit ses effets \u00e0 compter de l&rsquo;utilisation des services. Si vous n\u2019avez pas atteint l&rsquo;<a title=\"\u00e2ge l\u00e9gal adulte\" href=\"https:\/\/www.onlineroulette.tech\/fr\/faq\/#age\">\u00e2ge l\u00e9gal adulte<\/a>, o\u00f9 que vous \u00eates sujet \u00e0 une addiction aux jeux, vous devez imm\u00e9diatement quitter le site Online Roulette Tech.<\/p>\n<h2>Jeu responsable<\/h2>\n<p>Vous jouez de mani\u00e8re compulsive aux jeux d&rsquo;argent ? Si c&rsquo;est le cas, vous pourriez vous retrouver dans une situation tr\u00e8s difficile. Les sommes d&rsquo;argent que vous pourriez engager sur un casino en ligne ne doivent jamais d\u00e9passer votre budget, ou provoquer du surendettement.<\/p>\n<h2>Jeu compulsif<\/h2>\n<p>On ne conseille pas aux joueurs sensibles de parier de l&rsquo;argent sur des sites de casino. Si vous pensez \u00eatre sujet \u00e0 des risques li\u00e9s aux jeux de hasard, vous devez demander de l&rsquo;aide au plus vite. Au Canada il y a des institutions qui peuvent vous aider gratuitement, en toute confidentialit\u00e9.<\/p>\n","protected":false},"excerpt":{"rendered":"<p>Les conditions du site Online Roulette Tech encadrent les aspects l\u00e9gaux quant \u00e0 son utilisation.<\/p>\n","protected":false},"author":1,"featured_media":0,"parent":0,"menu_order":0,"comment_status":"closed","ping_status":"closed","template":"template-fullwidth.php","meta":{"footnotes":""},"class_list":["post-42","page","type-page","status-publish","hentry"],"yoast_head":"<!-- This site is optimized with the Yoast SEO plugin v27.4 - https:\/\/yoast.com\/product\/yoast-seo-wordpress\/ -->\n<title>Mentions L\u00e9gales 2026- Online Roulette Tech au Canada<\/title>\n<meta name=\"description\" content=\"\u00c0 propos de notre site en 2026. Mentions l\u00e9gales du guide de roulette au Canada. Jeux d&#039;argent en ligne et respect de la vie priv\u00e9e.\" \/>\n<meta name=\"robots\" content=\"index, follow, max-snippet:-1, max-image-preview:large, max-video-preview:-1\" \/>\n<link rel=\"canonical\" href=\"https:\/\/www.onlineroulette.tech\/fr\/legal\/\" \/>\n<meta property=\"og:locale\" content=\"fr_CA\" \/>\n<meta property=\"og:type\" content=\"article\" \/>\n<meta property=\"og:title\" content=\"Mentions L\u00e9gales 2026- Online Roulette Tech au Canada\" \/>\n<meta property=\"og:description\" content=\"\u00c0 propos de notre site en 2026. Mentions l\u00e9gales du guide de roulette au Canada. Jeux d&#039;argent en ligne et respect de la vie priv\u00e9e.\" \/>\n<meta property=\"og:url\" content=\"https:\/\/www.onlineroulette.tech\/fr\/legal\/\" \/>\n<meta property=\"og:site_name\" content=\"Roulette en Ligne\" \/>\n<meta property=\"article:modified_time\" content=\"2025-11-18T04:35:11+00:00\" \/>\n<meta property=\"og:image\" content=\"https:\/\/www.onlineroulette.tech\/fr\/wp-content\/uploads\/2021\/01\/sebastien.jpg\" \/>\n\t<meta property=\"og:image:width\" content=\"300\" \/>\n\t<meta property=\"og:image:height\" content=\"140\" \/>\n\t<meta property=\"og:image:type\" content=\"image\/jpeg\" \/>\n<meta name=\"twitter:card\" content=\"summary_large_image\" \/>\n<meta name=\"twitter:label1\" content=\"Estimation du temps de lecture\" \/>\n\t<meta name=\"twitter:data1\" content=\"3 minutes\" \/>\n<script type=\"application\/ld+json\" class=\"yoast-schema-graph\">{\"@context\":\"https:\\\/\\\/schema.org\",\"@graph\":[{\"@type\":\"WebPage\",\"@id\":\"https:\\\/\\\/www.onlineroulette.tech\\\/fr\\\/legal\\\/\",\"url\":\"https:\\\/\\\/www.onlineroulette.tech\\\/fr\\\/legal\\\/\",\"name\":\"Mentions L\u00e9gales 2026- Online Roulette Tech au Canada\",\"isPartOf\":{\"@id\":\"https:\\\/\\\/www.onlineroulette.tech\\\/fr\\\/#website\"},\"primaryImageOfPage\":{\"@id\":\"https:\\\/\\\/www.onlineroulette.tech\\\/fr\\\/legal\\\/#primaryimage\"},\"image\":{\"@id\":\"https:\\\/\\\/www.onlineroulette.tech\\\/fr\\\/legal\\\/#primaryimage\"},\"thumbnailUrl\":\"https:\\\/\\\/www.onlineroulette.tech\\\/fr\\\/wp-content\\\/uploads\\\/2021\\\/01\\\/sebastien.jpg\",\"datePublished\":\"2020-11-26T08:02:02+00:00\",\"dateModified\":\"2025-11-18T04:35:11+00:00\",\"description\":\"\u00c0 propos de notre site en 2026. Mentions l\u00e9gales du guide de roulette au Canada. Jeux d'argent en ligne et respect de la vie priv\u00e9e.\",\"breadcrumb\":{\"@id\":\"https:\\\/\\\/www.onlineroulette.tech\\\/fr\\\/legal\\\/#breadcrumb\"},\"inLanguage\":\"fr-CA\",\"potentialAction\":[{\"@type\":\"ReadAction\",\"target\":[\"https:\\\/\\\/www.onlineroulette.tech\\\/fr\\\/legal\\\/\"]}]},{\"@type\":\"ImageObject\",\"inLanguage\":\"fr-CA\",\"@id\":\"https:\\\/\\\/www.onlineroulette.tech\\\/fr\\\/legal\\\/#primaryimage\",\"url\":\"https:\\\/\\\/www.onlineroulette.tech\\\/fr\\\/wp-content\\\/uploads\\\/2021\\\/01\\\/sebastien.jpg\",\"contentUrl\":\"https:\\\/\\\/www.onlineroulette.tech\\\/fr\\\/wp-content\\\/uploads\\\/2021\\\/01\\\/sebastien.jpg\",\"width\":300,\"height\":140,\"caption\":\"S\u00e9bastien\"},{\"@type\":\"BreadcrumbList\",\"@id\":\"https:\\\/\\\/www.onlineroulette.tech\\\/fr\\\/legal\\\/#breadcrumb\",\"itemListElement\":[{\"@type\":\"ListItem\",\"position\":1,\"name\":\"Accueil\",\"item\":\"https:\\\/\\\/www.onlineroulette.tech\\\/fr\\\/\"},{\"@type\":\"ListItem\",\"position\":2,\"name\":\"Mentions l\u00e9gales\"}]},{\"@type\":\"WebSite\",\"@id\":\"https:\\\/\\\/www.onlineroulette.tech\\\/fr\\\/#website\",\"url\":\"https:\\\/\\\/www.onlineroulette.tech\\\/fr\\\/\",\"name\":\"Roulette en Ligne\",\"description\":\"Roulette Guide\",\"publisher\":{\"@id\":\"https:\\\/\\\/www.onlineroulette.tech\\\/fr\\\/#organization\"},\"potentialAction\":[{\"@type\":\"SearchAction\",\"target\":{\"@type\":\"EntryPoint\",\"urlTemplate\":\"https:\\\/\\\/www.onlineroulette.tech\\\/fr\\\/?s={search_term_string}\"},\"query-input\":{\"@type\":\"PropertyValueSpecification\",\"valueRequired\":true,\"valueName\":\"search_term_string\"}}],\"inLanguage\":\"fr-CA\"},{\"@type\":\"Organization\",\"@id\":\"https:\\\/\\\/www.onlineroulette.tech\\\/fr\\\/#organization\",\"name\":\"Roulette en Ligne\",\"url\":\"https:\\\/\\\/www.onlineroulette.tech\\\/fr\\\/\",\"logo\":{\"@type\":\"ImageObject\",\"inLanguage\":\"fr-CA\",\"@id\":\"https:\\\/\\\/www.onlineroulette.tech\\\/fr\\\/#\\\/schema\\\/logo\\\/image\\\/\",\"url\":\"https:\\\/\\\/www.onlineroulette.tech\\\/fr\\\/wp-content\\\/uploads\\\/2022\\\/01\\\/logo.jpg\",\"contentUrl\":\"https:\\\/\\\/www.onlineroulette.tech\\\/fr\\\/wp-content\\\/uploads\\\/2022\\\/01\\\/logo.jpg\",\"width\":280,\"height\":115,\"caption\":\"Roulette en Ligne\"},\"image\":{\"@id\":\"https:\\\/\\\/www.onlineroulette.tech\\\/fr\\\/#\\\/schema\\\/logo\\\/image\\\/\"}}]}<\/script>\n<!-- \/ Yoast SEO plugin. -->","yoast_head_json":{"title":"Mentions L\u00e9gales 2026- Online Roulette Tech au Canada","description":"\u00c0 propos de notre site en 2026. Mentions l\u00e9gales du guide de roulette au Canada. Jeux d'argent en ligne et respect de la vie priv\u00e9e.","robots":{"index":"index","follow":"follow","max-snippet":"max-snippet:-1","max-image-preview":"max-image-preview:large","max-video-preview":"max-video-preview:-1"},"canonical":"https:\/\/www.onlineroulette.tech\/fr\/legal\/","og_locale":"fr_CA","og_type":"article","og_title":"Mentions L\u00e9gales 2026- Online Roulette Tech au Canada","og_description":"\u00c0 propos de notre site en 2026. Mentions l\u00e9gales du guide de roulette au Canada. Jeux d'argent en ligne et respect de la vie priv\u00e9e.","og_url":"https:\/\/www.onlineroulette.tech\/fr\/legal\/","og_site_name":"Roulette en Ligne","article_modified_time":"2025-11-18T04:35:11+00:00","og_image":[{"width":300,"height":140,"url":"https:\/\/www.onlineroulette.tech\/fr\/wp-content\/uploads\/2021\/01\/sebastien.jpg","type":"image\/jpeg"}],"twitter_card":"summary_large_image","twitter_misc":{"Estimation du temps de lecture":"3 minutes"},"schema":{"@context":"https:\/\/schema.org","@graph":[{"@type":"WebPage","@id":"https:\/\/www.onlineroulette.tech\/fr\/legal\/","url":"https:\/\/www.onlineroulette.tech\/fr\/legal\/","name":"Mentions L\u00e9gales 2026- Online Roulette Tech au Canada","isPartOf":{"@id":"https:\/\/www.onlineroulette.tech\/fr\/#website"},"primaryImageOfPage":{"@id":"https:\/\/www.onlineroulette.tech\/fr\/legal\/#primaryimage"},"image":{"@id":"https:\/\/www.onlineroulette.tech\/fr\/legal\/#primaryimage"},"thumbnailUrl":"https:\/\/www.onlineroulette.tech\/fr\/wp-content\/uploads\/2021\/01\/sebastien.jpg","datePublished":"2020-11-26T08:02:02+00:00","dateModified":"2025-11-18T04:35:11+00:00","description":"\u00c0 propos de notre site en 2026. Mentions l\u00e9gales du guide de roulette au Canada. Jeux d'argent en ligne et respect de la vie priv\u00e9e.","breadcrumb":{"@id":"https:\/\/www.onlineroulette.tech\/fr\/legal\/#breadcrumb"},"inLanguage":"fr-CA","potentialAction":[{"@type":"ReadAction","target":["https:\/\/www.onlineroulette.tech\/fr\/legal\/"]}]},{"@type":"ImageObject","inLanguage":"fr-CA","@id":"https:\/\/www.onlineroulette.tech\/fr\/legal\/#primaryimage","url":"https:\/\/www.onlineroulette.tech\/fr\/wp-content\/uploads\/2021\/01\/sebastien.jpg","contentUrl":"https:\/\/www.onlineroulette.tech\/fr\/wp-content\/uploads\/2021\/01\/sebastien.jpg","width":300,"height":140,"caption":"S\u00e9bastien"},{"@type":"BreadcrumbList","@id":"https:\/\/www.onlineroulette.tech\/fr\/legal\/#breadcrumb","itemListElement":[{"@type":"ListItem","position":1,"name":"Accueil","item":"https:\/\/www.onlineroulette.tech\/fr\/"},{"@type":"ListItem","position":2,"name":"Mentions l\u00e9gales"}]},{"@type":"WebSite","@id":"https:\/\/www.onlineroulette.tech\/fr\/#website","url":"https:\/\/www.onlineroulette.tech\/fr\/","name":"Roulette en Ligne","description":"Roulette Guide","publisher":{"@id":"https:\/\/www.onlineroulette.tech\/fr\/#organization"},"potentialAction":[{"@type":"SearchAction","target":{"@type":"EntryPoint","urlTemplate":"https:\/\/www.onlineroulette.tech\/fr\/?s={search_term_string}"},"query-input":{"@type":"PropertyValueSpecification","valueRequired":true,"valueName":"search_term_string"}}],"inLanguage":"fr-CA"},{"@type":"Organization","@id":"https:\/\/www.onlineroulette.tech\/fr\/#organization","name":"Roulette en Ligne","url":"https:\/\/www.onlineroulette.tech\/fr\/","logo":{"@type":"ImageObject","inLanguage":"fr-CA","@id":"https:\/\/www.onlineroulette.tech\/fr\/#\/schema\/logo\/image\/","url":"https:\/\/www.onlineroulette.tech\/fr\/wp-content\/uploads\/2022\/01\/logo.jpg","contentUrl":"https:\/\/www.onlineroulette.tech\/fr\/wp-content\/uploads\/2022\/01\/logo.jpg","width":280,"height":115,"caption":"Roulette en Ligne"},"image":{"@id":"https:\/\/www.onlineroulette.tech\/fr\/#\/schema\/logo\/image\/"}}]}},"_links":{"self":[{"href":"https:\/\/www.onlineroulette.tech\/fr\/wp-json\/wp\/v2\/pages\/42","targetHints":{"allow":["GET"]}}],"collection":[{"href":"https:\/\/www.onlineroulette.tech\/fr\/wp-json\/wp\/v2\/pages"}],"about":[{"href":"https:\/\/www.onlineroulette.tech\/fr\/wp-json\/wp\/v2\/types\/page"}],"author":[{"embeddable":true,"href":"https:\/\/www.onlineroulette.tech\/fr\/wp-json\/wp\/v2\/users\/1"}],"replies":[{"embeddable":true,"href":"https:\/\/www.onlineroulette.tech\/fr\/wp-json\/wp\/v2\/comments?post=42"}],"version-history":[{"count":18,"href":"https:\/\/www.onlineroulette.tech\/fr\/wp-json\/wp\/v2\/pages\/42\/revisions"}],"predecessor-version":[{"id":3747,"href":"https:\/\/www.onlineroulette.tech\/fr\/wp-json\/wp\/v2\/pages\/42\/revisions\/3747"}],"wp:attachment":[{"href":"https:\/\/www.onlineroulette.tech\/fr\/wp-json\/wp\/v2\/media?parent=42"}],"curies":[{"name":"wp","href":"https:\/\/api.w.org\/{rel}","templated":true}]}}