{"id":38,"date":"2020-11-26T08:00:34","date_gmt":"2020-11-26T08:00:34","guid":{"rendered":"https:\/\/www.onlineroulette.tech\/fr\/?page_id=38"},"modified":"2025-11-18T04:35:00","modified_gmt":"2025-11-18T04:35:00","slug":"home","status":"publish","type":"page","link":"https:\/\/www.onlineroulette.tech\/fr\/","title":{"rendered":"Roulette"},"content":{"rendered":"<div class=\"su-row\"><div class=\"su-column su-column-size-2-3\"><div class=\"su-column-inner su-u-clearfix su-u-trim\">Voici le jeu le plus iconique des casinos : La Roulette. Les r\u00e8gles du jeu sont \u00e0 lire sur nos pages des trois roulettes de casino. Jou\u00e9es en ligne ou en local elles suivent les m\u00eames r\u00e8gles de base.<!--more--><\/p>\n<p>Avec nous vous avez aussi la liste des casinos en ligne canadiens les plus s\u00e9rieux du Qu\u00e9bec. Notre guide est g\u00e9r\u00e9 par des pros des jeux d&rsquo;argent sur le Web.<br \/>\n&nbsp;<br \/>\nAvant d&rsquo;aller plus loin il faut savoir qu&rsquo;il existe essentiellement trois types de roulette en ligne : l&rsquo;Am\u00e9ricaine, l&rsquo;Europ\u00e9enne et la Fran\u00e7aise. Ces trois versions se jouent de la m\u00eame fa\u00e7on. En revanche il y a des diff\u00e9rences \u00e0 conna\u00eetre avant de se lancer sur les premiers paris.<\/div><\/div>\n<div class=\"su-column su-column-size-1-3 colc\"><div class=\"su-column-inner su-u-clearfix su-u-trim\"><img loading=\"lazy\" decoding=\"async\" title=\"Casino roulette en ligne\" src=\"https:\/\/www.onlineroulette.tech\/fr\/wp-content\/uploads\/2020\/11\/casino-roulette.jpg\" alt=\"Casino roulette en ligne\" width=\"380\" height=\"214\" class=\"alignnone size-full wp-image-228\" srcset=\"https:\/\/www.onlineroulette.tech\/fr\/wp-content\/uploads\/2020\/11\/casino-roulette.jpg 380w, https:\/\/www.onlineroulette.tech\/fr\/wp-content\/uploads\/2020\/11\/casino-roulette-300x169.jpg 300w\" sizes=\"auto, (max-width: 380px) 100vw, 380px\" \/><br \/>\n&nbsp;<br \/>\n<\/div><\/div><\/div>\n&nbsp;<br \/>\n<div class=\"su-row\">\n<div class=\"su-column su-column-size-1-2\"><div class=\"su-column-inner su-u-clearfix su-u-trim\">\n<strong>Avantages avec les casinos de notre guide :<\/strong><\/p>\n<ul>\n<li>Options gratuites pour s\u2019entrainer,<\/li>\n<li>Sites de jeux d&rsquo;argent r\u00e9glement\u00e9s au Qu\u00e9bec,<\/li>\n<li>Offres g\u00e9n\u00e9reuses de bonus gratuits.<\/li>\n<\/ul>\n<p><em>Trouver des sites fiables de roulette est crucial pour jouer avec confiance.<\/em><br \/>\n<\/div><\/div>\n<div class=\"su-column su-column-size-1-2\"><div class=\"su-column-inner su-u-clearfix su-u-trim\">\n<strong>Notre guide, c\u2019est :<\/strong><\/p>\n<ul>\n<li>Apprendre \u00e0 jouer \u00e0 la roulette en ligne,<\/li>\n<li>Connaitre les strat\u00e9gies gagnantes,<\/li>\n<li>Avoir acc\u00e8s \u00e0 des casinos en ligne fiables.<\/li>\n<\/ul>\n<p><em>Gr\u00e2ce \u00e0 notre guide vous deviendrez un pro de la roulette en ligne.<\/em><br \/>\n<\/div><\/div>\n<\/div>\n<h2>Tests des sites de roulette au Qu\u00e9bec<\/h2>\n<div class=\"su-row\"><div class=\"su-column su-column-size-2-3\"><div class=\"su-column-inner su-u-clearfix su-u-trim\">On a test\u00e9 les casinos en ligne les plus visit\u00e9s du Canada. Sur notre guide il y a des casinos jouissant d&rsquo;une tr\u00e8s bonne r\u00e9putation au Qu\u00e9bec. Ces sites de jeux d&rsquo;argent sont \u00e0 voir sur notre page des <a title=\"revues des casinos en argent r\u00e9el\" href=\"https:\/\/www.onlineroulette.tech\/fr\/casino\/\">revues des casinos en argent r\u00e9el<\/a>.<br \/>\n&nbsp;<br \/>\nLes salles de jeux retenues ont les roulettes de casino les plus jou\u00e9es du Web. Les options offertes aux joueurs donnent acc\u00e8s \u00e0 des jeux en direct avec des croupiers, ou des options en jeux instantan\u00e9s.<\/div><\/div>\n<div class=\"su-column su-column-size-1-3 colc\"><div class=\"su-column-inner su-u-clearfix su-u-trim\">\n<a title=\"Luxury Casino\" class=\"top\" href=\"https:\/\/luxury.casino\/fr\/\" rel=\"noopener noreferrer\" target=\"_blank\"><img loading=\"lazy\" decoding=\"async\" title=\"Luxury Casino en ligne au Qu\u00e9bec\" src=\"https:\/\/www.onlineroulette.tech\/fr\/wp-content\/uploads\/2022\/03\/luxury.jpg\" alt=\"Luxury Casino en ligne au Qu\u00e9bec\" width=\"380\" height=\"214\" class=\"alignnone size-full wp-image-2072\" srcset=\"https:\/\/www.onlineroulette.tech\/fr\/wp-content\/uploads\/2022\/03\/luxury.jpg 380w, https:\/\/www.onlineroulette.tech\/fr\/wp-content\/uploads\/2022\/03\/luxury-300x169.jpg 300w\" sizes=\"auto, (max-width: 380px) 100vw, 380px\" \/><br \/>\nS&rsquo;INSCRIRE \u00c0 LUXURY CASINO<\/a><br \/>\n\n<\/div><\/div><\/div>\n<h2>Comparatif des sites de casino au Canada<\/h2>\n<p>Le Canada compte pr\u00e8s de 100 sites de jeux de table et de machines \u00e0 sous. Le domaine est relativement concurrentiel, et il peut \u00eatre parfois difficile de s&rsquo;y retrouver. Sur la niche des roulettes, vous \u00eates \u00e0 la bonne adresse avec notre guide. En revanche si vous \u00eates port\u00e9 sur d&rsquo;autres jeux, on vous conseille plut\u00f4t de visiter un guide g\u00e9n\u00e9raliste. En ce domaine, un bon site Web recommand\u00e9 est le guide des fans de jeux du Canada ici sur le blog des <a title=\"Casinos en Ligne Qu\u00e9b\u00e9cois\" href=\"https:\/\/www.casinoenligne.fan\" rel=\"noopener\" target=\"_blank\">Casinos en Ligne Qu\u00e9b\u00e9cois<\/a> de Carlos. L\u2019avatar Carlos regroupe une communaut\u00e9s de passionn\u00e9s de jeux au Qu\u00e9bec.<\/p>\n<h2>Variantes de roulette en ligne<\/h2>\n<p>Il existe plus de dix variantes de roulette. Les plus jou\u00e9es sont l\u2019Am\u00e9ricaine, l\u2019Europ\u00e9enne et la Fran\u00e7aise. Les autres versions ne sont pas sur les casinos en ligne, ni m\u00eame dans les casinos terrestres. Toutefois il y a deux exceptions ! Les roulettes Anglaise et la Mini Roue, ainsi que la roulette \u00e0 trois z\u00e9ros. La roulette Anglaise est pratiqu\u00e9e dans les casinos d&rsquo;Angleterre et dans des palaces europ\u00e9ens. Quant \u00e0 la mini roulette, c&rsquo;est une version de la roulette classique \u00e0 36 num\u00e9ros, mais avec 12 chiffres. L&rsquo;\u00e9poque o\u00f9 toutes sortes de roulettes existaient est r\u00e9volue. Pour tout dire, les anciennes roulettes retir\u00e9es du march\u00e9 n\u2019\u00e9taient pas \u00e9quitables. Les options de paris de ces vieux jeux avantageaient trop les maisons de jeu. Les joueurs n\u2019appr\u00e9ciaient pas \u00e7a ! Aujourd\u2019hui il n\u2019y a que des nostalgiques qui utilisent les anciennes roulettes, mais uniquement dans des cercles priv\u00e9s.<br \/>\n&nbsp;<br \/>\nLes trois roulettes pr\u00e9sentes au casino se ressemblent. La Fran\u00e7aise est la plus avantageuse, suivie de l\u2019Europ\u00e9enne. Quant \u00e0 la roulette Am\u00e9ricaine, elle est celle qui a les moins bonnes cotes de gains.<\/p>\n<div class=\"su-row\">\n<div class=\"su-column su-column-size-1-3\"><div class=\"su-column-inner su-u-clearfix su-u-trim\">\n<h3>Roulette Am\u00e9ricaine<\/h3>\n<table>\n<tr>\n<td width=80><img loading=\"lazy\" decoding=\"async\" title=\"Am\u00e9ricaine\" src=\"https:\/\/www.onlineroulette.tech\/fr\/wp-content\/uploads\/2020\/12\/usa.jpg\" alt=\"Am\u00e9ricaine\" width=\"80\" height=\"80\" class=\"alignnone size-full wp-image-474\" \/><\/td>\n<td>La roue de la version US a 38 cases. Il y a les num\u00e9ros 1 \u00e0 36, le Z\u00e9ro [0], et le double Z\u00e9ro [00]. Cette roulette est la plus jou\u00e9e d&rsquo;Am\u00e9rique.<\/p>\n<div align=right><a title=\"En savoir plus\" href=\"https:\/\/www.onlineroulette.tech\/fr\/home\/americaine\/\">En savoir plus<\/a><\/a><\/div>\n<\/td>\n<\/tr>\n<\/table>\n<\/div><\/div>\n<div class=\"su-column su-column-size-1-3\"><div class=\"su-column-inner su-u-clearfix su-u-trim\">\n<h3>Roulette Europ\u00e9enne<\/h3>\n<table>\n<tr>\n<td width=80><img loading=\"lazy\" decoding=\"async\" title=\"Europ\u00e9enne\" src=\"https:\/\/www.onlineroulette.tech\/fr\/wp-content\/uploads\/2020\/12\/europe.jpg\" alt=\"Europ\u00e9enne\" width=\"80\" height=\"80\" class=\"alignnone size-full wp-image-475\" \/><\/td>\n<td>L&rsquo;Europ\u00e9enne est la roulette de casino la plus populaire. Compos\u00e9e de 37 cases, ce qui la d\u00e9marque de l&rsquo;US est qu&rsquo;elle n&rsquo;a pas de double Z\u00e9ro.<\/p>\n<div align=right><a title=\"En savoir plus\" href=\"https:\/\/www.onlineroulette.tech\/fr\/home\/europeenne\/\">En savoir plus<\/a><\/div>\n<\/td>\n<\/tr>\n<\/table>\n<p>&nbsp;<br \/>\n<\/div><\/div>\n<div class=\"su-column su-column-size-1-3\"><div class=\"su-column-inner su-u-clearfix su-u-trim\">\n<h3>Roulette Fran\u00e7aise<\/h3>\n<table>\n<tr>\n<td width=80><img loading=\"lazy\" decoding=\"async\" title=\"Fran\u00e7aise\" src=\"https:\/\/www.onlineroulette.tech\/fr\/wp-content\/uploads\/2020\/12\/france.jpg\" alt=\"Fran\u00e7aise\" width=\"80\" height=\"80\" class=\"alignnone size-full wp-image-476\" \/><\/td>\n<td>La roue Fran\u00e7aise est la m\u00eame que la roue Europ\u00e9enne. Ce qui change ? Une r\u00e8gle sp\u00e9ciale lorsque le Z\u00e9ro sort.<\/p>\n<div align=right><a title=\"En savoir plus\" href=\"https:\/\/www.onlineroulette.tech\/fr\/home\/francaise\/\">En savoir plus<\/a><\/div>\n<\/td>\n<\/tr>\n<\/table>\n<p>&nbsp;<br \/>\n<\/div><\/div>\n<\/div>\n<h2>Logiciels de roulette en ligne<\/h2>\n<div class=\"su-row\"><div class=\"su-column su-column-size-1-3\"><div class=\"su-column-inner su-u-clearfix su-u-trim\">\nLes roulettes se jouent de deux fa\u00e7ons :<\/p>\n<ul>\n<li>En mode instantan\u00e9,<\/li>\n<li>Ou en live avec les croupiers.<\/li>\n<\/ul>\n<\/div><\/div>\n<div class=\"su-column su-column-size-2-3\"><div class=\"su-column-inner su-u-clearfix su-u-trim\">\n<h3>PC Windows<\/h3>\n<p>Sur PC la roulette se joue sur le navigateur Web, sans t\u00e9l\u00e9chargement. Il est aussi possible de t\u00e9l\u00e9charger et installer le casino sur le disque dur.<\/p>\n<h3>Mac et Mobiles<\/h3>\n<p>Sur les Mac OS et iOS, les tablettes et les <a title=\"mobiles Android\" href=\"https:\/\/www.onlineroulette.tech\/fr\/casinos-sur-android\/\">mobiles Android<\/a>, c&rsquo;est le module des jeux instantan\u00e9s qui s&rsquo;active. Il n&rsquo;est pas utile d&rsquo;installer une App pour jouer \u00e0 la roulette en ligne.<br \/>\n<\/div><\/div><\/div>\n<h3>Roulette instantan\u00e9e<\/h3>\n<p>La roulette \u00e9lectronique, dite instantan\u00e9e, est la plus jou\u00e9e. Elle s&rsquo;active via un module s\u00e9curis\u00e9 du navigateur Web. Ce syst\u00e8me s&rsquo;adapte sur tous les appareils : PC, Mac, tablette et smartphone. Pour les utilisateurs Apple, les jeux sur <a title=\"iPhone et iPad\" href=\"https:\/\/www.onlineroulette.tech\/fr\/casinos-sur-ios\/\">iPhone et iPad<\/a> sont d\u2019une r\u00e9ussite absolue.<\/p>\n<h3>Roulette live avec croupier<\/h3>\n<p>Le live est une immersion ! Les espaces live sont des vraies salles de jeu avec des croupiers en direct. Il y a sur le march\u00e9 des live casinos de diff\u00e9rentes qualit\u00e9s. Il en est de m\u00eame avec les jeux instantan\u00e9s. Pour faire le meilleur choix il est conseill\u00e9 de s&rsquo;orienter sur des casinos en ligne \u00e9quip\u00e9s des <a title=\"logiciels les plus s\u00fbrs\" href=\"https:\/\/www.onlineroulette.tech\/fr\/logiciels\/\">logiciels les plus s\u00fbrs<\/a>.<\/p>\n<h2>Strat\u00e9gies pour gagner \u00e0 la roulette en ligne<\/h2>\n<p>La roulette de casino peut \u00eatre vue comme un jeu de strat\u00e9gie. Des astuces boostent les r\u00e9sultats \u00e0 la table de jeu. Ces strat\u00e9gies font appel \u00e0 des m\u00e9thodes efficaces. Entre la gestion du temps, le budget et une bonne attitude, ces <a title=\"m\u00e9thodes gagnantes\" href=\"https:\/\/www.onlineroulette.tech\/fr\/strategies\/\">m\u00e9thodes gagnantes<\/a> sont \u00e0 suivre si vous voulez am\u00e9liorer votre niveau de jeu.<\/p>\n<h2>Votre argent<\/h2>\n<p>G\u00e9rer son argent sur un casino en ligne du Qu\u00e9bec est facile. Les m\u00e9thodes de d\u00e9p\u00f4t et de retrait les plus courantes sont les cartes de cr\u00e9dit et de d\u00e9bit. Il est aussi possible d\u2019utiliser un compte bancaire. Ces op\u00e9rations se g\u00e8rent depuis une page s\u00e9curis\u00e9e du casino. On y voit aussi les e-Wallets.<\/p>\n<h2>Roulettes et Jackpots<\/h2>\n<p>Des jeux de roulette, inspir\u00e9s des machines \u00e0 sous, sont dot\u00e9s de jackpots immenses \u00e0 gagner.<\/p>\n<p>\u00c0 ce jour, la plus impressionnante des roulettes \u00e0 jackpot est le jeu <a title=\"Roulette Mega Moolah\" href=\"https:\/\/www.onlineroulette.tech\/fr\/roulette-mega-moolah-jackpot\/\">Roulette Mega Moolah<\/a>. La plus grande cagnotte \u00e0 gagner sur la roue du Mega Moolah est un pot de plus de 2 millions de dollars.<\/p>\n<p>Dans un autre style, <a title=\"Multifire Roulette\" href=\"https:\/\/www.onlineroulette.tech\/fr\/home\/multifire-roulette\/\">Multifire Roulette<\/a> est un jeu de roulette Europ\u00e9enne int\u00e9grant un concept de num\u00e9ros de la chance pouvant booster les gains en ne misant que sur des chiffres pleins.<\/p>\n<h2>Articles r\u00e9cents<\/h2>\n\n\n<div class=\"su-posts su-posts-default-loop \">\n\n\t\n\t\t\t\t\t\n\t\t\t\n\t\t\t<div id=\"su-post-3826\" class=\"su-post \">\n\n\t\t\t\t\n\t\t\t\t<h2 class=\"su-post-title\"><a href=\"https:\/\/www.onlineroulette.tech\/fr\/pragmatic-play-quebec-jeux-stars\/\">Pragmatic Play au Qu\u00e9bec : Roulettes Live et Jeux Stars<\/a><\/h2>\n\n\t\t\t\t<div class=\"su-post-meta\">\n\t\t\t\t\tPosted: mars 4, 2026\t\t\t\t<\/div>\n\n\t\t\t\t<div class=\"su-post-excerpt\">\n\t\t\t\t\t<p>D\u00e9couvrez Pragmatic Play au Qu\u00e9bec ! Roulette live, Mega Roulette, PowerUP, Speed Roulette, jackpots et jeux phares.<\/p>\n\t\t\t\t<\/div>\n\n\t\t\t\t\n\t\t\t<\/div>\n\n\t\t\t\t\t\n\t\t\t\n\t\t\t<div id=\"su-post-3792\" class=\"su-post \">\n\n\t\t\t\t\n\t\t\t\t<h2 class=\"su-post-title\"><a href=\"https:\/\/www.onlineroulette.tech\/fr\/villento-casino-avis-quebec\/\">Villento Casino : Avis et Guide pour les Joueurs du Qu\u00e9bec<\/a><\/h2>\n\n\t\t\t\t<div class=\"su-post-meta\">\n\t\t\t\t\tPosted: f\u00e9vrier 23, 2026\t\t\t\t<\/div>\n\n\t\t\t\t<div class=\"su-post-excerpt\">\n\t\t\t\t\t<p>Notre avis et nos tests sur la fiabilit\u00e9 du site Villento Casino pour les joueurs qu\u00e9b\u00e9cois.<\/p>\n\t\t\t\t<\/div>\n\n\t\t\t\t\n\t\t\t<\/div>\n\n\t\t\t\t\t\n\t\t\t\n\t\t\t<div id=\"su-post-3767\" class=\"su-post \">\n\n\t\t\t\t\n\t\t\t\t<h2 class=\"su-post-title\"><a href=\"https:\/\/www.onlineroulette.tech\/fr\/gagner-5-millions-a-roulette-mega-moolah\/\">Gagner 5 Millions \u00e0 Roulette Mega Moolah<\/a><\/h2>\n\n\t\t\t\t<div class=\"su-post-meta\">\n\t\t\t\t\tPosted: D\u00e9cembre 5, 2025\t\t\t\t<\/div>\n\n\t\t\t\t<div class=\"su-post-excerpt\">\n\t\t\t\t\t<p>Le jackpot des jeux Mega Moolah a pass\u00e9 la barre des 5 millions de dollars, ce qui est une aubaine pour les fans de roulettes et de jackpots.<\/p>\n\t\t\t\t<\/div>\n\n\t\t\t\t\n\t\t\t<\/div>\n\n\t\t\n\t\n<\/div>\n\n<h2>Aide \u00e0 la client\u00e8le<\/h2>\n<p>Les demandes des clients sont prises en charge dans des d\u00e9lais rapides. L\u2019aide \u00e0 la client\u00e8le est ouverte 7\/24. Le tchat est id\u00e9al pour dialoguer en direct. Avec ce canal il ne faut que quelques secondes pour obtenir une r\u00e9ponse. Les demandes par courriel sont aussi trait\u00e9es. Une assistance par t\u00e9l\u00e9phone est en place pour les joueurs VIP.<br \/>\n&nbsp;<br \/>\nChaque casino est dot\u00e9 d&rsquo;<a title=\"une page FAQ\" href=\"https:\/\/www.onlineroulette.tech\/fr\/faq\/\">une page FAQ<\/a> &#8211; on y trouve les r\u00e9ponses aux questions les plus courantes.<\/p>\n","protected":false},"excerpt":{"rendered":"<p>Voici le jeu le plus iconique des casinos : La Roulette. Les r\u00e8gles du jeu sont \u00e0 lire sur nos pages des trois roulettes de casino. Jou\u00e9es en ligne ou en local elles suivent les m\u00eames r\u00e8gles de base.<\/p>\n","protected":false},"author":1,"featured_media":0,"parent":0,"menu_order":0,"comment_status":"closed","ping_status":"closed","template":"template-fullwidth.php","meta":{"footnotes":""},"class_list":["post-38","page","type-page","status-publish","hentry"],"yoast_head":"<!-- This site is optimized with the Yoast SEO plugin v27.5 - https:\/\/yoast.com\/product\/yoast-seo-wordpress\/ -->\n<title>Roulette en Ligne Gratuit au Qu\u00e9bec - R\u00e8gles et Guide<\/title>\n<meta name=\"description\" content=\"Guide gratuit de la roulette en ligne. Les r\u00e8gles de base et les strat\u00e9gies. Liste des casinos du Qu\u00e9bec o\u00f9 jouer en argent r\u00e9el.\" \/>\n<meta name=\"robots\" content=\"index, follow, max-snippet:-1, max-image-preview:large, max-video-preview:-1\" \/>\n<link rel=\"canonical\" href=\"https:\/\/www.onlineroulette.tech\/fr\/\" \/>\n<meta property=\"og:locale\" content=\"fr_CA\" \/>\n<meta property=\"og:type\" content=\"article\" \/>\n<meta property=\"og:title\" content=\"Roulette en Ligne Gratuit au Qu\u00e9bec - R\u00e8gles et Guide\" \/>\n<meta property=\"og:description\" content=\"Guide gratuit de la roulette en ligne. Les r\u00e8gles de base et les strat\u00e9gies. Liste des casinos du Qu\u00e9bec o\u00f9 jouer en argent r\u00e9el.\" \/>\n<meta property=\"og:url\" content=\"https:\/\/www.onlineroulette.tech\/fr\/\" \/>\n<meta property=\"og:site_name\" content=\"Roulette en Ligne\" \/>\n<meta property=\"article:modified_time\" content=\"2025-11-18T04:35:00+00:00\" \/>\n<meta property=\"og:image\" content=\"https:\/\/www.onlineroulette.tech\/fr\/wp-content\/uploads\/2020\/11\/casino-roulette.jpg\" \/>\n\t<meta property=\"og:image:width\" content=\"380\" \/>\n\t<meta property=\"og:image:height\" content=\"214\" \/>\n\t<meta property=\"og:image:type\" content=\"image\/jpeg\" \/>\n<meta name=\"twitter:card\" content=\"summary_large_image\" \/>\n<meta name=\"twitter:label1\" content=\"Estimation du temps de lecture\" \/>\n\t<meta name=\"twitter:data1\" content=\"8 minutes\" \/>\n<script type=\"application\/ld+json\" class=\"yoast-schema-graph\">{\"@context\":\"https:\\\/\\\/schema.org\",\"@graph\":[{\"@type\":\"WebPage\",\"@id\":\"https:\\\/\\\/www.onlineroulette.tech\\\/fr\\\/\",\"url\":\"https:\\\/\\\/www.onlineroulette.tech\\\/fr\\\/\",\"name\":\"Roulette en Ligne Gratuit au Qu\u00e9bec - R\u00e8gles et Guide\",\"isPartOf\":{\"@id\":\"https:\\\/\\\/www.onlineroulette.tech\\\/fr\\\/#website\"},\"primaryImageOfPage\":{\"@id\":\"https:\\\/\\\/www.onlineroulette.tech\\\/fr\\\/#primaryimage\"},\"image\":{\"@id\":\"https:\\\/\\\/www.onlineroulette.tech\\\/fr\\\/#primaryimage\"},\"thumbnailUrl\":\"https:\\\/\\\/www.onlineroulette.tech\\\/fr\\\/wp-content\\\/uploads\\\/2020\\\/11\\\/casino-roulette.jpg\",\"datePublished\":\"2020-11-26T08:00:34+00:00\",\"dateModified\":\"2025-11-18T04:35:00+00:00\",\"description\":\"Guide gratuit de la roulette en ligne. Les r\u00e8gles de base et les strat\u00e9gies. Liste des casinos du Qu\u00e9bec o\u00f9 jouer en argent r\u00e9el.\",\"breadcrumb\":{\"@id\":\"https:\\\/\\\/www.onlineroulette.tech\\\/fr\\\/#breadcrumb\"},\"inLanguage\":\"fr-CA\",\"potentialAction\":[{\"@type\":\"ReadAction\",\"target\":[\"https:\\\/\\\/www.onlineroulette.tech\\\/fr\\\/\"]}]},{\"@type\":\"ImageObject\",\"inLanguage\":\"fr-CA\",\"@id\":\"https:\\\/\\\/www.onlineroulette.tech\\\/fr\\\/#primaryimage\",\"url\":\"https:\\\/\\\/www.onlineroulette.tech\\\/fr\\\/wp-content\\\/uploads\\\/2020\\\/11\\\/casino-roulette.jpg\",\"contentUrl\":\"https:\\\/\\\/www.onlineroulette.tech\\\/fr\\\/wp-content\\\/uploads\\\/2020\\\/11\\\/casino-roulette.jpg\",\"width\":380,\"height\":214,\"caption\":\"Casino roulette en ligne\"},{\"@type\":\"BreadcrumbList\",\"@id\":\"https:\\\/\\\/www.onlineroulette.tech\\\/fr\\\/#breadcrumb\",\"itemListElement\":[{\"@type\":\"ListItem\",\"position\":1,\"name\":\"Accueil\",\"item\":\"https:\\\/\\\/www.onlineroulette.tech\\\/fr\\\/\"},{\"@type\":\"ListItem\",\"position\":2,\"name\":\"Roulette\"}]},{\"@type\":\"WebSite\",\"@id\":\"https:\\\/\\\/www.onlineroulette.tech\\\/fr\\\/#website\",\"url\":\"https:\\\/\\\/www.onlineroulette.tech\\\/fr\\\/\",\"name\":\"Roulette en Ligne\",\"description\":\"Roulette Guide\",\"publisher\":{\"@id\":\"https:\\\/\\\/www.onlineroulette.tech\\\/fr\\\/#organization\"},\"potentialAction\":[{\"@type\":\"SearchAction\",\"target\":{\"@type\":\"EntryPoint\",\"urlTemplate\":\"https:\\\/\\\/www.onlineroulette.tech\\\/fr\\\/?s={search_term_string}\"},\"query-input\":{\"@type\":\"PropertyValueSpecification\",\"valueRequired\":true,\"valueName\":\"search_term_string\"}}],\"inLanguage\":\"fr-CA\"},{\"@type\":\"Organization\",\"@id\":\"https:\\\/\\\/www.onlineroulette.tech\\\/fr\\\/#organization\",\"name\":\"Roulette en Ligne\",\"url\":\"https:\\\/\\\/www.onlineroulette.tech\\\/fr\\\/\",\"logo\":{\"@type\":\"ImageObject\",\"inLanguage\":\"fr-CA\",\"@id\":\"https:\\\/\\\/www.onlineroulette.tech\\\/fr\\\/#\\\/schema\\\/logo\\\/image\\\/\",\"url\":\"https:\\\/\\\/www.onlineroulette.tech\\\/fr\\\/wp-content\\\/uploads\\\/2022\\\/01\\\/logo.jpg\",\"contentUrl\":\"https:\\\/\\\/www.onlineroulette.tech\\\/fr\\\/wp-content\\\/uploads\\\/2022\\\/01\\\/logo.jpg\",\"width\":280,\"height\":115,\"caption\":\"Roulette en Ligne\"},\"image\":{\"@id\":\"https:\\\/\\\/www.onlineroulette.tech\\\/fr\\\/#\\\/schema\\\/logo\\\/image\\\/\"}}]}<\/script>\n<!-- \/ Yoast SEO plugin. -->","yoast_head_json":{"title":"Roulette en Ligne Gratuit au Qu\u00e9bec - R\u00e8gles et Guide","description":"Guide gratuit de la roulette en ligne. Les r\u00e8gles de base et les strat\u00e9gies. Liste des casinos du Qu\u00e9bec o\u00f9 jouer en argent r\u00e9el.","robots":{"index":"index","follow":"follow","max-snippet":"max-snippet:-1","max-image-preview":"max-image-preview:large","max-video-preview":"max-video-preview:-1"},"canonical":"https:\/\/www.onlineroulette.tech\/fr\/","og_locale":"fr_CA","og_type":"article","og_title":"Roulette en Ligne Gratuit au Qu\u00e9bec - R\u00e8gles et Guide","og_description":"Guide gratuit de la roulette en ligne. Les r\u00e8gles de base et les strat\u00e9gies. Liste des casinos du Qu\u00e9bec o\u00f9 jouer en argent r\u00e9el.","og_url":"https:\/\/www.onlineroulette.tech\/fr\/","og_site_name":"Roulette en Ligne","article_modified_time":"2025-11-18T04:35:00+00:00","og_image":[{"width":380,"height":214,"url":"https:\/\/www.onlineroulette.tech\/fr\/wp-content\/uploads\/2020\/11\/casino-roulette.jpg","type":"image\/jpeg"}],"twitter_card":"summary_large_image","twitter_misc":{"Estimation du temps de lecture":"8 minutes"},"schema":{"@context":"https:\/\/schema.org","@graph":[{"@type":"WebPage","@id":"https:\/\/www.onlineroulette.tech\/fr\/","url":"https:\/\/www.onlineroulette.tech\/fr\/","name":"Roulette en Ligne Gratuit au Qu\u00e9bec - R\u00e8gles et Guide","isPartOf":{"@id":"https:\/\/www.onlineroulette.tech\/fr\/#website"},"primaryImageOfPage":{"@id":"https:\/\/www.onlineroulette.tech\/fr\/#primaryimage"},"image":{"@id":"https:\/\/www.onlineroulette.tech\/fr\/#primaryimage"},"thumbnailUrl":"https:\/\/www.onlineroulette.tech\/fr\/wp-content\/uploads\/2020\/11\/casino-roulette.jpg","datePublished":"2020-11-26T08:00:34+00:00","dateModified":"2025-11-18T04:35:00+00:00","description":"Guide gratuit de la roulette en ligne. Les r\u00e8gles de base et les strat\u00e9gies. Liste des casinos du Qu\u00e9bec o\u00f9 jouer en argent r\u00e9el.","breadcrumb":{"@id":"https:\/\/www.onlineroulette.tech\/fr\/#breadcrumb"},"inLanguage":"fr-CA","potentialAction":[{"@type":"ReadAction","target":["https:\/\/www.onlineroulette.tech\/fr\/"]}]},{"@type":"ImageObject","inLanguage":"fr-CA","@id":"https:\/\/www.onlineroulette.tech\/fr\/#primaryimage","url":"https:\/\/www.onlineroulette.tech\/fr\/wp-content\/uploads\/2020\/11\/casino-roulette.jpg","contentUrl":"https:\/\/www.onlineroulette.tech\/fr\/wp-content\/uploads\/2020\/11\/casino-roulette.jpg","width":380,"height":214,"caption":"Casino roulette en ligne"},{"@type":"BreadcrumbList","@id":"https:\/\/www.onlineroulette.tech\/fr\/#breadcrumb","itemListElement":[{"@type":"ListItem","position":1,"name":"Accueil","item":"https:\/\/www.onlineroulette.tech\/fr\/"},{"@type":"ListItem","position":2,"name":"Roulette"}]},{"@type":"WebSite","@id":"https:\/\/www.onlineroulette.tech\/fr\/#website","url":"https:\/\/www.onlineroulette.tech\/fr\/","name":"Roulette en Ligne","description":"Roulette Guide","publisher":{"@id":"https:\/\/www.onlineroulette.tech\/fr\/#organization"},"potentialAction":[{"@type":"SearchAction","target":{"@type":"EntryPoint","urlTemplate":"https:\/\/www.onlineroulette.tech\/fr\/?s={search_term_string}"},"query-input":{"@type":"PropertyValueSpecification","valueRequired":true,"valueName":"search_term_string"}}],"inLanguage":"fr-CA"},{"@type":"Organization","@id":"https:\/\/www.onlineroulette.tech\/fr\/#organization","name":"Roulette en Ligne","url":"https:\/\/www.onlineroulette.tech\/fr\/","logo":{"@type":"ImageObject","inLanguage":"fr-CA","@id":"https:\/\/www.onlineroulette.tech\/fr\/#\/schema\/logo\/image\/","url":"https:\/\/www.onlineroulette.tech\/fr\/wp-content\/uploads\/2022\/01\/logo.jpg","contentUrl":"https:\/\/www.onlineroulette.tech\/fr\/wp-content\/uploads\/2022\/01\/logo.jpg","width":280,"height":115,"caption":"Roulette en Ligne"},"image":{"@id":"https:\/\/www.onlineroulette.tech\/fr\/#\/schema\/logo\/image\/"}}]}},"_links":{"self":[{"href":"https:\/\/www.onlineroulette.tech\/fr\/wp-json\/wp\/v2\/pages\/38","targetHints":{"allow":["GET"]}}],"collection":[{"href":"https:\/\/www.onlineroulette.tech\/fr\/wp-json\/wp\/v2\/pages"}],"about":[{"href":"https:\/\/www.onlineroulette.tech\/fr\/wp-json\/wp\/v2\/types\/page"}],"author":[{"embeddable":true,"href":"https:\/\/www.onlineroulette.tech\/fr\/wp-json\/wp\/v2\/users\/1"}],"replies":[{"embeddable":true,"href":"https:\/\/www.onlineroulette.tech\/fr\/wp-json\/wp\/v2\/comments?post=38"}],"version-history":[{"count":138,"href":"https:\/\/www.onlineroulette.tech\/fr\/wp-json\/wp\/v2\/pages\/38\/revisions"}],"predecessor-version":[{"id":3745,"href":"https:\/\/www.onlineroulette.tech\/fr\/wp-json\/wp\/v2\/pages\/38\/revisions\/3745"}],"wp:attachment":[{"href":"https:\/\/www.onlineroulette.tech\/fr\/wp-json\/wp\/v2\/media?parent=38"}],"curies":[{"name":"wp","href":"https:\/\/api.w.org\/{rel}","templated":true}]}}