{"id":34,"date":"2020-11-26T08:00:01","date_gmt":"2020-11-26T08:00:01","guid":{"rendered":"https:\/\/www.onlineroulette.tech\/fr\/?page_id=34"},"modified":"2025-11-18T04:39:32","modified_gmt":"2025-11-18T04:39:32","slug":"strategies","status":"publish","type":"page","link":"https:\/\/www.onlineroulette.tech\/fr\/strategies\/","title":{"rendered":"Strat\u00e9gies"},"content":{"rendered":"<p>Les strat\u00e9gies pour gagner \u00e0 la roulette en ligne vous tentent ? Elles vous sont d\u00e9voil\u00e9es. Les techniques les plus efficaces, celles qui boostent les r\u00e9sultats, ont \u00e9t\u00e9 retenues.<!--more--><\/p>\n<h2>Jouer comme un pro et gagner \u00e0 la roulette<\/h2>\n<p>Le syst\u00e8me de <a title=\"Paroli\" href=\"#paroli\">Paroli<\/a> est la technique de jeu la plus efficace. Elle est peu risqu\u00e9e tout en offrant des chances de gagner gros. Les autres m\u00e9thodes retenues sont aussi profitables, mais plus risqu\u00e9es.<\/p>\n<h2>Quelle roulette paye le mieux ?<\/h2>\n<div class=\"su-row\"><div class=\"su-column su-column-size-2-3\"><div class=\"su-column-inner su-u-clearfix su-u-trim\">La roulette Fran\u00e7aise est celle qui paye le mieux. Compar\u00e9e aux autres roulettes (l&rsquo;Europ\u00e9enne et l&rsquo;Am\u00e9ricaine), la Fran\u00e7aise a un <a title=\"meilleur taux\" href=\"#taux\">meilleur taux<\/a> de retour. Tous les casinos n\u2019ont pas la roulette Fran\u00e7aise ! Dans ces cas l&rsquo;Europ\u00e9enne est \u00e0 choisir. En effet, l&rsquo;Am\u00e9ricaine est celle qui paye le moins bien.<\/p>\n<h2 id=\"quatre\">Les techniques gagnantes<\/h2>\n<ul class=gew>\n<li class=gew><a title=\"Syst\u00e8me de Paroli\" href=\"#paroli\">SYST\u00c8ME DE PAROLI<\/a><\/li>\n<li class=gew><a title=\"M\u00e9thode de Parlay\" href=\"#parlay\">M\u00c9THODE DE PARLAY<\/a><\/li>\n<li class=gew><a title=\"Gagnante d'Alembert\" href=\"#alembert\">GAGNANTE D&rsquo;ALEMBERT<\/a><\/li>\n<li class=gew><a title=\"Montante Martingale\" href=\"#martingale\">MONTANTE MARTINGALE<\/a><\/li>\n<\/ul>\n<\/div><\/div>\n<div class=\"su-column su-column-size-1-3\"><div class=\"su-column-inner su-u-clearfix su-u-trim\"><img loading=\"lazy\" decoding=\"async\" class=\"wp-image-429 size-full\" title=\"Taux de redistribution \u00e0 la roulette de casino\" src=\"https:\/\/www.onlineroulette.tech\/fr\/wp-content\/uploads\/2020\/12\/taux-roulette.jpg\" alt=\"Taux de redistribution \u00e0 la roulette de casino\" width=\"360\" height=\"215\" srcset=\"https:\/\/www.onlineroulette.tech\/fr\/wp-content\/uploads\/2020\/12\/taux-roulette.jpg 360w, https:\/\/www.onlineroulette.tech\/fr\/wp-content\/uploads\/2020\/12\/taux-roulette-300x179.jpg 300w\" sizes=\"auto, (max-width: 360px) 100vw, 360px\" \/><br \/>\n<em>Le taux de paiement de la roulette Fran\u00e7aise est de 98,65% sur les chances simples. Compar\u00e9 aux deux autres roulettes, c&rsquo;est mieux.<\/em><\/div><\/div><\/div>\n<div class=\"su-divider su-divider-style-dotted\" style=\"margin:35px 0;border-width:5px;border-color:#1d6a39\"><\/div>\n<h3 id=\"paroli\"><span style=\"font-size:28px; font-weight:900;\">1. PAROLI<\/span><\/h3>\n<p>Le Paroli est un syst\u00e8me progressif. On parie avec une unit\u00e9 de base, par exemple 10$, pour finir avec quelques centaines de dollars gagn\u00e9s (ou plus) sur une s\u00e9rie gagnante. Les paris se font sur les chances simples. \u00c0 chaque pari perdant il n&rsquo;y a rien \u00e0 faire, il faut juste parier une unit\u00e9 au tour suivant. C&rsquo;est avec le premier gain que \u00e7a devient int\u00e9ressant : il faut doubler au tour suivant, donc parier deux unit\u00e9s. Lors des gains suivants il faut continuer \u00e0 doubler. La force du Paroli ? Vous pariez les b\u00e9n\u00e9fices, pas le capital. Le seul risque est de perdre le pari initial \u00e0 chaque s\u00e9rie. Pour sortir gagnant il faut fixer une limite. Un bon coup est de gagner cinq fois de suite, puis tout encaisser et sortir du casino.<\/p>\n<h4>Le Paroli en action<\/h4>\n<p>Avec une mise de d\u00e9part de 10$ voici ce qui se passe :<br \/>\n<div class=\"su-row\"><div class=\"su-column su-column-size-1-4\"><div class=\"su-column-inner su-u-clearfix su-u-trim\">\n<table id=tabr>\n<tbody>\n<tr>\n<td width=20><\/td>\n<td>Pari<\/td>\n<td>Pertes<\/td>\n<td>Pari doubl\u00e9<\/td>\n<td>Gain cumul\u00e9<\/td>\n<\/tr>\n<tr>\n<td>1.<\/td>\n<td>10<\/td>\n<td>-10<\/td>\n<td>10<\/td>\n<td>10<\/td>\n<\/tr>\n<tr>\n<td>2.<\/td>\n<td>10<\/td>\n<td>-20<\/td>\n<td>20<\/td>\n<td>30<\/td>\n<\/tr>\n<tr>\n<td>3.<\/td>\n<td>10<\/td>\n<td>-30<\/td>\n<td>40<\/td>\n<td>70<\/td>\n<\/tr>\n<tr>\n<td>4.<\/td>\n<td>10<\/td>\n<td>-40<\/td>\n<td>80<\/td>\n<td>150<\/td>\n<\/tr>\n<tr>\n<td><strong>5.<\/strong><\/td>\n<td>10<\/td>\n<td>-50<\/td>\n<td><strong>160<\/strong><\/td>\n<td><strong>310<\/strong><\/td>\n<\/tr>\n<tr>\n<td>6.<\/td>\n<td>10<\/td>\n<td>-60<\/td>\n<td>320<\/td>\n<td>630<\/td>\n<\/tr>\n<tr>\n<td>7.<\/td>\n<td>10<\/td>\n<td>-70<\/td>\n<td>640<\/td>\n<td>1270<\/td>\n<\/tr>\n<\/tbody>\n<\/table>\n<\/div><\/div>\n<div class=\"su-column su-column-size-3-4\"><div class=\"su-column-inner su-u-clearfix su-u-trim\">\nNotre tableau montre ce qui se passe sur une s\u00e9rie de sept paris cons\u00e9cutifs. Le risque est limit\u00e9. \u00c0 partir de cinq gains de suite \u00e7a commence \u00e0 \u00eatre int\u00e9ressant. D\u00e8s sept gains d&rsquo;affil\u00e9e, encore mieux ! Sur le terrain il n&rsquo;est pas rare d&rsquo;avoir des s\u00e9ries de cinq gains d&rsquo;affil\u00e9e. Gagner 5 fois de suite au Paroli rapporte 31 fois le pari initial. En d\u00e9marrant avec un jeton de 10$, \u00e7a fait un gain de 310$.<br \/>\n<\/div><\/div><\/div>\n<div class=\"su-divider su-divider-style-dotted\" style=\"margin:35px 0;border-width:5px;border-color:#1d6a39\"><\/div>\n<h3 id=\"parlay\"><span style=\"font-size:28px; font-weight:900;\">2. PARLAY<\/span><\/h3>\n<p>Parlay est comme le Paroli. La diff\u00e9rence ? La limite des paris est au maximum, le risque est donc plus haut. Les adeptes les plus ambitieux du Parlay se fixent comme objectif de sept \u00e0 dix gains d&rsquo;affil\u00e9e. \u00c0 dix c&rsquo;est fou ! Avec le Parlay, gagner dix fois de suite sur les chances simples, c&rsquo;est 1023 fois le pari initial. Avec 10$ pari\u00e9 \u00e7a fait un jackpot de 10 230$. Cette technique de jeu ressemble \u00e0 celles utilis\u00e9es aux machines \u00e0 sous.<br \/>\n<div class=\"su-divider su-divider-style-dotted\" style=\"margin:35px 0;border-width:5px;border-color:#1d6a39\"><\/div>\n<h3 id=\"alembert\"><span style=\"font-size:28px; font-weight:900;\">3. D\u2019ALEMBERT<\/span><\/h3>\n<p>La m\u00e9thode de l&rsquo;Alembert est un syst\u00e8me \u00e0 progression lente. D&rsquo;Alembert se joue sur les chances simples. Un jeton suffit pour se lancer. \u00c0 chaque perte il faut ajouter un jeton, et \u00e0 chaque gain en enlever un. Avec cette m\u00e9thode doubler le capital est faisable sur les longues s\u00e9ries. Le jeu D&rsquo;Alembert \u00e9vite de parier de mani\u00e8re exag\u00e9r\u00e9e m\u00eame apr\u00e8s plusieurs coups perdants. Cette technique est parfaite pour les joueurs de <a title=\"roulette en ligne\" href=\"https:\/\/www.onlineroulette.tech\/fr\/\">roulette en ligne<\/a> qui ne veulent pas prendre trop de risque.<br \/>\n<div class=\"su-divider su-divider-style-dotted\" style=\"margin:35px 0;border-width:5px;border-color:#1d6a39\"><\/div>\n<h3 id=\"martingale\"><span style=\"font-size:28px; font-weight:900;\">4. MARTINGALE<\/span><\/h3>\n<p>Un syst\u00e8me connu, mais tr\u00e8s risqu\u00e9. Facile \u00e0 apprendre, les d\u00e9butants perdent souvent d\u00fb \u00e0 un manque d&rsquo;exp\u00e9rience avec la Martingale. La technique s&rsquo;utilise sur les chances simples (les paris 1:1). Une valeur de d\u00e9part est \u00e0 d\u00e9cider pour se lancer. Le g\u00e9nie de la Martingale ? Un pari initial est gagn\u00e9 apr\u00e8s chaque s\u00e9rie de paris perdants. La m\u00e9thode est de doubler \u00e0 chaque perte, et de revenir au pari initial \u00e0 chaque gain.<br \/>\n&nbsp;<br \/>\nFacile, non ? \u00c0 chaque gain on parie un jeton, et \u00e0 chaque perte on double. Th\u00e9oriquement la Martingale est infaillible. En pratique elle peut vous couter cher. Avec la Martingale, perdre plusieurs paris de suite exige d&rsquo;avoir beaucoup de jetons. Pour cette raison on ne conseille pas la Martingale, sauf si on y met une limite. Sans limite, c&rsquo;est le principe de l&rsquo;exponentiel qui pose un probl\u00e8me. Voici en pratique de ce qui passe :<br \/>\n&nbsp;<br \/>\n<div class=\"su-row\"><div class=\"su-column su-column-size-1-4\"><div class=\"su-column-inner su-u-clearfix su-u-trim\">\n<table id=tabr>\n<tbody>\n<tr>\n<td width=20><\/td>\n<td>Pari\u00e9<\/td>\n<td>Cumul<\/td>\n<\/tr>\n<tr>\n<td>1.<\/td>\n<td>10<\/td>\n<td>10<\/td>\n<\/tr>\n<tr>\n<td>2.<\/td>\n<td>20<\/td>\n<td>30<\/td>\n<\/tr>\n<tr>\n<td>3.<\/td>\n<td>40<\/td>\n<td>70<\/td>\n<\/tr>\n<tr>\n<td>4.<\/td>\n<td>80<\/td>\n<td>150<\/td>\n<\/tr>\n<tr>\n<td>5.<\/td>\n<td>160<\/td>\n<td>310<\/td>\n<\/tr>\n<tr>\n<td>6.<\/td>\n<td>320<\/td>\n<td>630<\/td>\n<\/tr>\n<tr>\n<td>7.<\/td>\n<td>640<\/td>\n<td>1270<\/td>\n<\/tr>\n<\/tbody>\n<\/table>\n<\/div><\/div>\n<div class=\"su-column su-column-size-3-4\"><div class=\"su-column-inner su-u-clearfix su-u-trim\">On a exag\u00e9r\u00e9 en pr\u00e9sentant sept pertes cons\u00e9cutives, mais \u00e7a permet de tester la Martingale \u00e0 l&rsquo;extr\u00eame. Au casino voir les chances simples sortir sept fois de suite n\u2019est pas rare. Il est alors conseill\u00e9 de mettre une limite. Par exemple d\u00e9cider de doubler \u00e0 chaque perte, mais seulement trois fois de suite. Dans ce cas de figure le quatri\u00e8me pari serait d&rsquo;une unit\u00e9.<br \/>\n&nbsp;<br \/>\nSortir vainqueur ? Faites comme avec les autres m\u00e9thodes ! Il faut quitter le casino une fois un objectif atteint &#8211; par exemple doubler le capital.<\/div><\/div><\/div>\n<div class=\"su-divider su-divider-style-dotted\" style=\"margin:35px 0;border-width:5px;border-color:#1d6a39\"><\/div>\n<h2>M\u00e9thodes \u00e0 \u00e9viter<\/h2>\n<div class=\"su-row\"><div class=\"su-column su-column-size-2-3\"><div class=\"su-column-inner su-u-clearfix su-u-trim\">Vous avez d\u00e9j\u00e0 entendu parler de Labouch\u00e8re, Fibonacci, Zographos, Wells, et 007 ? Ces noms se voient sur les guides de roulette. Ces m\u00e9thodes semblent bonnes, mais apr\u00e8s les avoir test\u00e9es, on a \u00e9t\u00e9 d\u00e9\u00e7u. En fait ces techniques sont des m\u00e9thodes perdantes. Ce sont en r\u00e9alit\u00e9 des m\u00e9thodes de flambeurs, c&rsquo;est tout ce qu&rsquo;on peut en dire. Sans d\u00e9tour on ne vous conseille pas de mettre en pratique ces syst\u00e8mes. Si vous le faites, vous perdrez votre argent.<br \/>\n<\/div><\/div>\n<div class=\"su-column su-column-size-1-3\"><div class=\"su-column-inner su-u-clearfix su-u-trim\"><img loading=\"lazy\" decoding=\"async\" title=\"Des techniques \u00e0 \u00e9viter\" src=\"https:\/\/www.onlineroulette.tech\/fr\/wp-content\/uploads\/2021\/01\/technique.jpg\" alt=\"Des techniques \u00e0 \u00e9viter\" width=\"360\" height=\"215\" class=\"alignnone size-full wp-image-930\" srcset=\"https:\/\/www.onlineroulette.tech\/fr\/wp-content\/uploads\/2021\/01\/technique.jpg 360w, https:\/\/www.onlineroulette.tech\/fr\/wp-content\/uploads\/2021\/01\/technique-300x179.jpg 300w\" sizes=\"auto, (max-width: 360px) 100vw, 360px\" \/><br \/>\n<\/div><\/div><\/div>\n<h3>Jouer comme James Bond<\/h3>\n<p>Attention \u00e0 James ! Le jeu \u00e0 la Bond est \u00e0 bannir. On insiste sur ce point parce que la m\u00e9thode est souvent recommand\u00e9e sur des guides.<\/p>\n<p>Faire comme 007 c&rsquo;est excitant ! Arriver \u00e0 la table de jeu, parier gros, et gagner. Facile non ? C&rsquo;est une fiction, le style Bond est une tromperie ! Ce n&rsquo;est qu&rsquo;une astuce marketing pour inciter au jeu. Comment fonctionne la m\u00e9thode de James ? Un budget de 200 dollars est n\u00e9cessaire. 140$ se parie sur passe (19-36), 50$ sur le sixain 13-18, et 10$ sur le Z\u00e9ro. Sachant que les m\u00e9thodes les plus efficaces se jouent sur les chances simples, on peut en conclure que la m\u00e9thode 007 n&rsquo;est pas bonne.<\/p>\n<h2>Avis sur les m\u00e9thodes gagnantes <\/h2>\n<div class=\"su-row\"><div class=\"su-column su-column-size-1-3\"><div class=\"su-column-inner su-u-clearfix su-u-trim\"><img loading=\"lazy\" decoding=\"async\" title=\"Truc pour gagner \u00e0 la roulette\" src=\"https:\/\/www.onlineroulette.tech\/fr\/wp-content\/uploads\/2021\/01\/truc-gagnant.jpg\" alt=\"Truc pour gagner \u00e0 la roulette\" width=\"360\" height=\"215\" class=\"alignnone size-full wp-image-931\" srcset=\"https:\/\/www.onlineroulette.tech\/fr\/wp-content\/uploads\/2021\/01\/truc-gagnant.jpg 360w, https:\/\/www.onlineroulette.tech\/fr\/wp-content\/uploads\/2021\/01\/truc-gagnant-300x179.jpg 300w\" sizes=\"auto, (max-width: 360px) 100vw, 360px\" \/><br \/>\n<\/div><\/div><div class=\"su-column su-column-size-2-3\"><div class=\"su-column-inner su-u-clearfix su-u-trim\">Les <a title=\"quatre techniques gagnantes\" href=\"#quatre\">quatre techniques gagnantes<\/a> de notre guide sont les plus efficaces. Toutefois il faut \u00eatre conscient que la maison de jeu a un avantage de quelques pourcents. Afin de r\u00e9duire l&rsquo;avantage du casino il est crucial de jouer de mani\u00e8re responsable. M\u00eame si vous maitrisez des astuces de pro, \u00e7a ne veut pas dire que vous allez gagner \u00e0 chaque fois. Le mieux \u00e0 faire pour ne pas perdre est d&rsquo;adopter la bonne attitude et de garder la t\u00eate froide. Le truc ? Ne pas investir plus de 100$, et d\u00e8s qu&rsquo;un objectif raisonnable est atteint, encaisser les gains et quitter le casino est la chose \u00e0 faire.<\/div><\/div><\/div>\n<h2 id=\"taux\">Roulette Fran\u00e7aise &#8211; Taux de retour \u00e0 98,65%<\/h2>\n<p>Comme expliqu\u00e9 en d\u00e9but de page, la Fran\u00e7aise est la roulette qui a le meilleur taux. Sur les chances simples les paris produisent leurs effets. Gr\u00e2ce \u00e0 une r\u00e8gle du Z\u00e9ro il y a un avantage. La r\u00e8gle s&rsquo;applique sur les chances simples. Normalement tout pari est perdu quand le Z\u00e9ro sort, sauf si bien s\u00fbr le pari a \u00e9t\u00e9 fait dessus. Avec <a title=\"la roulette Fran\u00e7aise\" href=\"https:\/\/www.onlineroulette.tech\/fr\/home\/francaise\/\">la roulette Fran\u00e7aise<\/a> tout n&rsquo;est pas perdu ! Il y a une chance de r\u00e9cup\u00e9rer la perte. Cette chance est la r\u00e8gle \u00ab\u00a0En prison\u00a0\u00bb. Le pari est emprisonn\u00e9 pour le tour suivant, si c&rsquo;est gagnant, l&rsquo;argent est r\u00e9cup\u00e9r\u00e9. Un autre option possible est de r\u00e9cup\u00e9rer la moiti\u00e9 de la mise sans passer par l&#8217;emprisonnement. Tenter de tout r\u00e9cup\u00e9rer ou prendre la moiti\u00e9 ? Les deux choix se valent.<\/p>\n<h2>Augmenter les r\u00e9sultats<\/h2>\n<p>Les m\u00e9thodes gagnantes se jouent sur les chances simples. C&rsquo;est donc \u00e0 la roulette Fran\u00e7aise qu&rsquo;il faut parier. Le taux de retour du jeu est de 98,65% sur les paris 1:1. Avec l&rsquo;Am\u00e9ricaine le taux plafonne \u00e0 94,74%, et l&rsquo;Europ\u00e9enne 97,3%. Malheureusement la roulette Fran\u00e7aise ne fait pas partie des casinos locaux hors-France, sauf sur Internet, mais pas tous les casinos en ligne l&rsquo;ont. No stress! Chez <a title=\"Gaming Club\" href=\"https:\/\/www.onlineroulette.tech\/fr\/home\/francaise\/#club\">Gaming Club<\/a> elle y est.<br \/>\n&nbsp;<\/p>\n","protected":false},"excerpt":{"rendered":"<p>Les strat\u00e9gies pour gagner \u00e0 la roulette en ligne vous tentent ? Elles vous sont d\u00e9voil\u00e9es. Les techniques les plus efficaces, celles qui boostent les r\u00e9sultats, ont \u00e9t\u00e9 retenues.<\/p>\n","protected":false},"author":1,"featured_media":0,"parent":0,"menu_order":0,"comment_status":"closed","ping_status":"closed","template":"template-fullwidth.php","meta":{"footnotes":""},"class_list":["post-34","page","type-page","status-publish","hentry"],"yoast_head":"<!-- This site is optimized with the Yoast SEO plugin v27.4 - https:\/\/yoast.com\/product\/yoast-seo-wordpress\/ -->\n<title>Strat\u00e9gies pour Gagner \u00e0 La Roulette - Astuces et Trucs<\/title>\n<meta name=\"description\" content=\"Les strat\u00e9gies et trucs gagnants \u00e0 la roulette de casino. Les meilleures techniques de jeu pour booster les chances de gagner.\" \/>\n<meta name=\"robots\" content=\"index, follow, max-snippet:-1, max-image-preview:large, max-video-preview:-1\" \/>\n<link rel=\"canonical\" href=\"https:\/\/www.onlineroulette.tech\/fr\/strategies\/\" \/>\n<meta property=\"og:locale\" content=\"fr_CA\" \/>\n<meta property=\"og:type\" content=\"article\" \/>\n<meta property=\"og:title\" content=\"Strat\u00e9gies pour Gagner \u00e0 La Roulette - Astuces et Trucs\" \/>\n<meta property=\"og:description\" content=\"Les strat\u00e9gies et trucs gagnants \u00e0 la roulette de casino. Les meilleures techniques de jeu pour booster les chances de gagner.\" \/>\n<meta property=\"og:url\" content=\"https:\/\/www.onlineroulette.tech\/fr\/strategies\/\" \/>\n<meta property=\"og:site_name\" content=\"Roulette en Ligne\" \/>\n<meta property=\"article:modified_time\" content=\"2025-11-18T04:39:32+00:00\" \/>\n<meta property=\"og:image\" content=\"https:\/\/www.onlineroulette.tech\/fr\/wp-content\/uploads\/2020\/12\/taux-roulette.jpg\" \/>\n\t<meta property=\"og:image:width\" content=\"360\" \/>\n\t<meta property=\"og:image:height\" content=\"215\" \/>\n\t<meta property=\"og:image:type\" content=\"image\/jpeg\" \/>\n<meta name=\"twitter:card\" content=\"summary_large_image\" \/>\n<meta name=\"twitter:label1\" content=\"Estimation du temps de lecture\" \/>\n\t<meta name=\"twitter:data1\" content=\"8 minutes\" \/>\n<script type=\"application\/ld+json\" class=\"yoast-schema-graph\">{\"@context\":\"https:\\\/\\\/schema.org\",\"@graph\":[{\"@type\":\"WebPage\",\"@id\":\"https:\\\/\\\/www.onlineroulette.tech\\\/fr\\\/strategies\\\/\",\"url\":\"https:\\\/\\\/www.onlineroulette.tech\\\/fr\\\/strategies\\\/\",\"name\":\"Strat\u00e9gies pour Gagner \u00e0 La Roulette - Astuces et Trucs\",\"isPartOf\":{\"@id\":\"https:\\\/\\\/www.onlineroulette.tech\\\/fr\\\/#website\"},\"primaryImageOfPage\":{\"@id\":\"https:\\\/\\\/www.onlineroulette.tech\\\/fr\\\/strategies\\\/#primaryimage\"},\"image\":{\"@id\":\"https:\\\/\\\/www.onlineroulette.tech\\\/fr\\\/strategies\\\/#primaryimage\"},\"thumbnailUrl\":\"https:\\\/\\\/www.onlineroulette.tech\\\/fr\\\/wp-content\\\/uploads\\\/2020\\\/12\\\/taux-roulette.jpg\",\"datePublished\":\"2020-11-26T08:00:01+00:00\",\"dateModified\":\"2025-11-18T04:39:32+00:00\",\"description\":\"Les strat\u00e9gies et trucs gagnants \u00e0 la roulette de casino. Les meilleures techniques de jeu pour booster les chances de gagner.\",\"breadcrumb\":{\"@id\":\"https:\\\/\\\/www.onlineroulette.tech\\\/fr\\\/strategies\\\/#breadcrumb\"},\"inLanguage\":\"fr-CA\",\"potentialAction\":[{\"@type\":\"ReadAction\",\"target\":[\"https:\\\/\\\/www.onlineroulette.tech\\\/fr\\\/strategies\\\/\"]}]},{\"@type\":\"ImageObject\",\"inLanguage\":\"fr-CA\",\"@id\":\"https:\\\/\\\/www.onlineroulette.tech\\\/fr\\\/strategies\\\/#primaryimage\",\"url\":\"https:\\\/\\\/www.onlineroulette.tech\\\/fr\\\/wp-content\\\/uploads\\\/2020\\\/12\\\/taux-roulette.jpg\",\"contentUrl\":\"https:\\\/\\\/www.onlineroulette.tech\\\/fr\\\/wp-content\\\/uploads\\\/2020\\\/12\\\/taux-roulette.jpg\",\"width\":360,\"height\":215,\"caption\":\"Taux de redistribution \u00e0 la roulette de casino\"},{\"@type\":\"BreadcrumbList\",\"@id\":\"https:\\\/\\\/www.onlineroulette.tech\\\/fr\\\/strategies\\\/#breadcrumb\",\"itemListElement\":[{\"@type\":\"ListItem\",\"position\":1,\"name\":\"Accueil\",\"item\":\"https:\\\/\\\/www.onlineroulette.tech\\\/fr\\\/\"},{\"@type\":\"ListItem\",\"position\":2,\"name\":\"Strat\u00e9gies\"}]},{\"@type\":\"WebSite\",\"@id\":\"https:\\\/\\\/www.onlineroulette.tech\\\/fr\\\/#website\",\"url\":\"https:\\\/\\\/www.onlineroulette.tech\\\/fr\\\/\",\"name\":\"Roulette en Ligne\",\"description\":\"Roulette Guide\",\"publisher\":{\"@id\":\"https:\\\/\\\/www.onlineroulette.tech\\\/fr\\\/#organization\"},\"potentialAction\":[{\"@type\":\"SearchAction\",\"target\":{\"@type\":\"EntryPoint\",\"urlTemplate\":\"https:\\\/\\\/www.onlineroulette.tech\\\/fr\\\/?s={search_term_string}\"},\"query-input\":{\"@type\":\"PropertyValueSpecification\",\"valueRequired\":true,\"valueName\":\"search_term_string\"}}],\"inLanguage\":\"fr-CA\"},{\"@type\":\"Organization\",\"@id\":\"https:\\\/\\\/www.onlineroulette.tech\\\/fr\\\/#organization\",\"name\":\"Roulette en Ligne\",\"url\":\"https:\\\/\\\/www.onlineroulette.tech\\\/fr\\\/\",\"logo\":{\"@type\":\"ImageObject\",\"inLanguage\":\"fr-CA\",\"@id\":\"https:\\\/\\\/www.onlineroulette.tech\\\/fr\\\/#\\\/schema\\\/logo\\\/image\\\/\",\"url\":\"https:\\\/\\\/www.onlineroulette.tech\\\/fr\\\/wp-content\\\/uploads\\\/2022\\\/01\\\/logo.jpg\",\"contentUrl\":\"https:\\\/\\\/www.onlineroulette.tech\\\/fr\\\/wp-content\\\/uploads\\\/2022\\\/01\\\/logo.jpg\",\"width\":280,\"height\":115,\"caption\":\"Roulette en Ligne\"},\"image\":{\"@id\":\"https:\\\/\\\/www.onlineroulette.tech\\\/fr\\\/#\\\/schema\\\/logo\\\/image\\\/\"}}]}<\/script>\n<!-- \/ Yoast SEO plugin. -->","yoast_head_json":{"title":"Strat\u00e9gies pour Gagner \u00e0 La Roulette - Astuces et Trucs","description":"Les strat\u00e9gies et trucs gagnants \u00e0 la roulette de casino. Les meilleures techniques de jeu pour booster les chances de gagner.","robots":{"index":"index","follow":"follow","max-snippet":"max-snippet:-1","max-image-preview":"max-image-preview:large","max-video-preview":"max-video-preview:-1"},"canonical":"https:\/\/www.onlineroulette.tech\/fr\/strategies\/","og_locale":"fr_CA","og_type":"article","og_title":"Strat\u00e9gies pour Gagner \u00e0 La Roulette - Astuces et Trucs","og_description":"Les strat\u00e9gies et trucs gagnants \u00e0 la roulette de casino. Les meilleures techniques de jeu pour booster les chances de gagner.","og_url":"https:\/\/www.onlineroulette.tech\/fr\/strategies\/","og_site_name":"Roulette en Ligne","article_modified_time":"2025-11-18T04:39:32+00:00","og_image":[{"width":360,"height":215,"url":"https:\/\/www.onlineroulette.tech\/fr\/wp-content\/uploads\/2020\/12\/taux-roulette.jpg","type":"image\/jpeg"}],"twitter_card":"summary_large_image","twitter_misc":{"Estimation du temps de lecture":"8 minutes"},"schema":{"@context":"https:\/\/schema.org","@graph":[{"@type":"WebPage","@id":"https:\/\/www.onlineroulette.tech\/fr\/strategies\/","url":"https:\/\/www.onlineroulette.tech\/fr\/strategies\/","name":"Strat\u00e9gies pour Gagner \u00e0 La Roulette - Astuces et Trucs","isPartOf":{"@id":"https:\/\/www.onlineroulette.tech\/fr\/#website"},"primaryImageOfPage":{"@id":"https:\/\/www.onlineroulette.tech\/fr\/strategies\/#primaryimage"},"image":{"@id":"https:\/\/www.onlineroulette.tech\/fr\/strategies\/#primaryimage"},"thumbnailUrl":"https:\/\/www.onlineroulette.tech\/fr\/wp-content\/uploads\/2020\/12\/taux-roulette.jpg","datePublished":"2020-11-26T08:00:01+00:00","dateModified":"2025-11-18T04:39:32+00:00","description":"Les strat\u00e9gies et trucs gagnants \u00e0 la roulette de casino. Les meilleures techniques de jeu pour booster les chances de gagner.","breadcrumb":{"@id":"https:\/\/www.onlineroulette.tech\/fr\/strategies\/#breadcrumb"},"inLanguage":"fr-CA","potentialAction":[{"@type":"ReadAction","target":["https:\/\/www.onlineroulette.tech\/fr\/strategies\/"]}]},{"@type":"ImageObject","inLanguage":"fr-CA","@id":"https:\/\/www.onlineroulette.tech\/fr\/strategies\/#primaryimage","url":"https:\/\/www.onlineroulette.tech\/fr\/wp-content\/uploads\/2020\/12\/taux-roulette.jpg","contentUrl":"https:\/\/www.onlineroulette.tech\/fr\/wp-content\/uploads\/2020\/12\/taux-roulette.jpg","width":360,"height":215,"caption":"Taux de redistribution \u00e0 la roulette de casino"},{"@type":"BreadcrumbList","@id":"https:\/\/www.onlineroulette.tech\/fr\/strategies\/#breadcrumb","itemListElement":[{"@type":"ListItem","position":1,"name":"Accueil","item":"https:\/\/www.onlineroulette.tech\/fr\/"},{"@type":"ListItem","position":2,"name":"Strat\u00e9gies"}]},{"@type":"WebSite","@id":"https:\/\/www.onlineroulette.tech\/fr\/#website","url":"https:\/\/www.onlineroulette.tech\/fr\/","name":"Roulette en Ligne","description":"Roulette Guide","publisher":{"@id":"https:\/\/www.onlineroulette.tech\/fr\/#organization"},"potentialAction":[{"@type":"SearchAction","target":{"@type":"EntryPoint","urlTemplate":"https:\/\/www.onlineroulette.tech\/fr\/?s={search_term_string}"},"query-input":{"@type":"PropertyValueSpecification","valueRequired":true,"valueName":"search_term_string"}}],"inLanguage":"fr-CA"},{"@type":"Organization","@id":"https:\/\/www.onlineroulette.tech\/fr\/#organization","name":"Roulette en Ligne","url":"https:\/\/www.onlineroulette.tech\/fr\/","logo":{"@type":"ImageObject","inLanguage":"fr-CA","@id":"https:\/\/www.onlineroulette.tech\/fr\/#\/schema\/logo\/image\/","url":"https:\/\/www.onlineroulette.tech\/fr\/wp-content\/uploads\/2022\/01\/logo.jpg","contentUrl":"https:\/\/www.onlineroulette.tech\/fr\/wp-content\/uploads\/2022\/01\/logo.jpg","width":280,"height":115,"caption":"Roulette en Ligne"},"image":{"@id":"https:\/\/www.onlineroulette.tech\/fr\/#\/schema\/logo\/image\/"}}]}},"_links":{"self":[{"href":"https:\/\/www.onlineroulette.tech\/fr\/wp-json\/wp\/v2\/pages\/34","targetHints":{"allow":["GET"]}}],"collection":[{"href":"https:\/\/www.onlineroulette.tech\/fr\/wp-json\/wp\/v2\/pages"}],"about":[{"href":"https:\/\/www.onlineroulette.tech\/fr\/wp-json\/wp\/v2\/types\/page"}],"author":[{"embeddable":true,"href":"https:\/\/www.onlineroulette.tech\/fr\/wp-json\/wp\/v2\/users\/1"}],"replies":[{"embeddable":true,"href":"https:\/\/www.onlineroulette.tech\/fr\/wp-json\/wp\/v2\/comments?post=34"}],"version-history":[{"count":131,"href":"https:\/\/www.onlineroulette.tech\/fr\/wp-json\/wp\/v2\/pages\/34\/revisions"}],"predecessor-version":[{"id":3765,"href":"https:\/\/www.onlineroulette.tech\/fr\/wp-json\/wp\/v2\/pages\/34\/revisions\/3765"}],"wp:attachment":[{"href":"https:\/\/www.onlineroulette.tech\/fr\/wp-json\/wp\/v2\/media?parent=34"}],"curies":[{"name":"wp","href":"https:\/\/api.w.org\/{rel}","templated":true}]}}