{"id":3305,"date":"2023-08-18T13:22:32","date_gmt":"2023-08-18T13:22:32","guid":{"rendered":"https:\/\/www.onlineroulette.tech\/fr\/?page_id=3305"},"modified":"2026-02-23T10:57:28","modified_gmt":"2026-02-23T10:57:28","slug":"casinos-luxembourg","status":"publish","type":"page","link":"https:\/\/www.onlineroulette.tech\/fr\/casinos-luxembourg\/","title":{"rendered":"Casinos en Ligne au Luxembourg"},"content":{"rendered":"<p>Au Luxembourg, les joueurs \u00e0 la recherche de casinos en ligne fiables trouvent leur bonheur gr\u00e2ce \u00e0 des sites de jeux d&rsquo;argent l\u00e9gaux et r\u00e9gul\u00e9s. <!--more-->En tant que joueur Luxembourgeois, vous pouvez vous inscrire sur ces sites de jeux d&rsquo;argent.<\/p>\n<p>R\u00e9gul\u00e9s en Europe, les sites de casino list\u00e9s sur notre guide sont l\u00e9gitimes aupr\u00e8s des utilisateurs Luxembourgeois. D\u00e9tenteurs de licences de jeu, et dot\u00e9s de jeux payants en argent r\u00e9el, vous pouvez \u00e0 tout moment tenter votre chance aux jeux de table et aux machines \u00e0 sous.<\/p>\n<h2>Casino en ligne l\u00e9gal au Luxembourg<\/h2>\n<p>Les sites de casino recommand\u00e9s ci-dessous sont reconnus par l&rsquo;Autorit\u00e9 des jeux de Malte. En tant que joueur europ\u00e9en, vous pouvez rejoindre l&rsquo;un de ces casinos en ligne pour profiter de jeux \u00e9quitables. Sur le march\u00e9 comp\u00e9titif des casinos en ligne acceptent les utilisateurs du Luxembourg, ces sites sont parmi les plus appr\u00e9ci\u00e9s par les joueurs.<br \/>\n<div class=\"su-divider su-divider-style-dotted\" style=\"margin:10px 0;border-width:3px;border-color:#820202\"><\/div>\n<div class=\"su-row\"><div class=\"su-column su-column-size-2-3\"><div class=\"su-column-inner su-u-clearfix su-u-trim\">\n<h3>#1. GRAND MONDIAL CASINO<\/h3>\n<p>Ouvert en 2006, le Grand Mondial accueille des joueurs du Luxembourg. Multilingue et multidevise, la salle de jeux compte un tr\u00e8s grand nombre de clients. Les machines \u00e0 sous les plus populaires du casino reversent chaque jour des grands jackpots. Il est en de m\u00eame pour les jeux de blackjack et de roulette.<\/p>\n<p>Fournis par les \u00e9diteurs de jeux les plus prim\u00e9s du Web, les jeux du casino sont multiplateformes. Que vous ayez envie de jouer depuis votre ordinateur, smartphone, ou tablette, tout est possible. Nomm\u00e9e la fabrique des millionnaires, la salle de jeux est connue pour des grands gains r\u00e9alis\u00e9s sur des machines \u00e0 sous de la s\u00e9rie Mega Moolah.<br \/>\n<\/div><\/div>\n<div class=\"su-column su-column-size-1-3\"><div class=\"su-column-inner su-u-clearfix su-u-trim\">\n<div align=center><a title=\"Grand Mondial Casino\" class=\"top\" href=\"https:\/\/grandmondial.casino\/fr\/\" rel=\"noopener\" target=\"_blank\"><img loading=\"lazy\" decoding=\"async\" title=\"Grand Mondial Casino au Luxembourg\" src=\"https:\/\/www.onlineroulette.tech\/fr\/wp-content\/uploads\/2023\/08\/mondial.jpg\" alt=\"Grand Mondial Casino au Luxembourg\" width=\"380\" height=\"400\" class=\"alignnone size-full wp-image-3310\" srcset=\"https:\/\/www.onlineroulette.tech\/fr\/wp-content\/uploads\/2023\/08\/mondial.jpg 380w, https:\/\/www.onlineroulette.tech\/fr\/wp-content\/uploads\/2023\/08\/mondial-285x300.jpg 285w\" sizes=\"auto, (max-width: 380px) 100vw, 380px\" \/><br \/>\nALLER CHEZ GRAND MONDIAL<\/a><\/div>\n<p>&nbsp;<br \/>\n\n<\/div><\/div><\/div>\n<div class=\"su-divider su-divider-style-dotted\" style=\"margin:10px 0;border-width:3px;border-color:#820202\"><\/div>\n<div class=\"su-row\"><div class=\"su-column su-column-size-2-3\"><div class=\"su-column-inner su-u-clearfix su-u-trim\">\n<h3>#2. VILLENTO CASINO<\/h3>\n<p>Le site de casino \u00e9quip\u00e9 des meilleurs jeux de l&rsquo;\u00e9diteur Microgaming. Class\u00e9 parmi les meilleurs casinos en ligne francophones, Villento Casino a un large succ\u00e8s au Luxembourg. Jouable en allemand, en anglais et en fran\u00e7ais, le site Villento attire des joueurs venus de toute l&rsquo;Europe.<\/p>\n<p>Les jeux les plus aim\u00e9s du casino sont des machines \u00e0 sous exclusives de Casino Rewards. Sur ces jeux taill\u00e9s sur mesure, il n&rsquo;est pas rare de voir des joueurs remport\u00e9s des jackpots de plus de 100&rsquo;000\u20ac.<br \/>\n<\/div><\/div>\n<div class=\"su-column su-column-size-1-3\"><div class=\"su-column-inner su-u-clearfix su-u-trim\">\n<div align=center><a title=\"Villento Casino\" class=\"top\" href=\"https:\/\/www.villento.com\/fr\/\" rel=\"noopener\" target=\"_blank\"><img loading=\"lazy\" decoding=\"async\" title=\"Villento Casino en Fran\u00e7ais\" src=\"https:\/\/www.onlineroulette.tech\/fr\/wp-content\/uploads\/2023\/08\/villento.jpg\" alt=\"Villento Casino en Fran\u00e7ais\" width=\"380\" height=\"400\" class=\"alignnone size-full wp-image-3311\" srcset=\"https:\/\/www.onlineroulette.tech\/fr\/wp-content\/uploads\/2023\/08\/villento.jpg 380w, https:\/\/www.onlineroulette.tech\/fr\/wp-content\/uploads\/2023\/08\/villento-285x300.jpg 285w\" sizes=\"auto, (max-width: 380px) 100vw, 380px\" \/><br \/>\n<span style=\"font-size: 1.3rem;\">ALLER CHEZ VILLENTO CASINO<\/span><\/a><\/div>\n<p>&nbsp;<br \/>\n\n<\/div><\/div><\/div>\n<div class=\"su-divider su-divider-style-dotted\" style=\"margin:10px 0;border-width:3px;border-color:#820202\"><\/div>\n<div class=\"su-row\"><div class=\"su-column su-column-size-2-3\"><div class=\"su-column-inner su-u-clearfix su-u-trim\">\n<h3>#3. UK CASINO CLUB<\/h3>\n<p>Le site de casino British ouvert aux joueurs du Luxembourg. Ouvert en l&rsquo;an 2000, UK Casino Club est un casino en ligne pionnier sur Internet. Multiplateforme et multilingue, la salle de jeux attire des joueurs du monde entier. Pour les amateurs de jeux en live, le site de casino dispose de tables de jeu en live face aux croupiers.<\/p>\n<p>Prim\u00e9 sur de nombreux guides en Europe, UK Casino Club est parfaitement l\u00e9gitime. Dot\u00e9s de licences d&rsquo;exploitation dans de nombreux pays, la salle de jeux est l&rsquo;une des plus jou\u00e9es au monde.<br \/>\n<\/div><\/div>\n<div class=\"su-column su-column-size-1-3\"><div class=\"su-column-inner su-u-clearfix su-u-trim\">\n<div align=center><a title=\"UK Casino Club\" class=\"top\" href=\"https:\/\/www.ukcasinoclub.eu\/fr\/\" rel=\"noopener\" target=\"_blank\"><img loading=\"lazy\" decoding=\"async\" title=\"UK Casino Club\" src=\"https:\/\/www.onlineroulette.tech\/fr\/wp-content\/uploads\/2023\/08\/club.jpg\" alt=\"UK Casino Club\" width=\"380\" height=\"400\" class=\"alignnone size-full wp-image-3312\" srcset=\"https:\/\/www.onlineroulette.tech\/fr\/wp-content\/uploads\/2023\/08\/club.jpg 380w, https:\/\/www.onlineroulette.tech\/fr\/wp-content\/uploads\/2023\/08\/club-285x300.jpg 285w\" sizes=\"auto, (max-width: 380px) 100vw, 380px\" \/><br \/>\n<span style=\"font-size: 1.3rem;\">ALLER CHEZ UK CASINO CLUB<\/span><\/a><\/div>\n<p>&nbsp;<br \/>\n\n<\/div><\/div><\/div>\n<div class=\"su-divider su-divider-style-dotted\" style=\"margin:10px 0;border-width:3px;border-color:#820202\"><\/div>\n<h2>Jeux de casino au Luxembourg<\/h2>\n<ul>\n<li>L&rsquo;\u00e2ge l\u00e9gal pour jouer au casino au Luxembourg est de 18 ans minimum.<\/li>\n<li>Les jeux de casino en ligne, au Luxembourg, sont audit\u00e9s par une Commission Europ\u00e9enne de jeux d&rsquo;argent.<\/li>\n<li>Les sites de casino les plus aim\u00e9s des Luxembourgeois suivent une politique de jeu responsable.<\/li>\n<\/ul>\n<h2>Choisir un site l\u00e9gal au Luxembourg<\/h2>\n<div class=\"su-row\"><div class=\"su-column su-column-size-2-3\"><div class=\"su-column-inner su-u-clearfix su-u-trim\">En vous inscrivant sur un casino en ligne de notre guide, les joueurs Luxembourgeois ont la garantie de profiter d&rsquo;environnements de jeux fiables.<\/p>\n<p>Gr\u00e2ce au savoir-faire des meilleurs \u00e9diteurs de jeux de casino, et des op\u00e9rateurs les plus s\u00e9rieux de l&rsquo;Internet, depuis le Luxembourg, vous pourrez toujours vous faire plaisir sur des casinos en ligne aussi honn\u00eates que divertissants.<br \/>\n<\/div><\/div>\n<div class=\"su-column su-column-size-1-3\"><div class=\"su-column-inner su-u-clearfix su-u-trim\"><img loading=\"lazy\" decoding=\"async\" title=\"Casino en ligne l\u00e9gal au Luxembourg\" src=\"https:\/\/www.onlineroulette.tech\/fr\/wp-content\/uploads\/2023\/08\/lux.jpg\" alt=\"Casino en ligne l\u00e9gal au Luxembourg\" width=\"380\" height=\"253\" class=\"aligncenter size-full wp-image-3314\" srcset=\"https:\/\/www.onlineroulette.tech\/fr\/wp-content\/uploads\/2023\/08\/lux.jpg 380w, https:\/\/www.onlineroulette.tech\/fr\/wp-content\/uploads\/2023\/08\/lux-300x200.jpg 300w, https:\/\/www.onlineroulette.tech\/fr\/wp-content\/uploads\/2023\/08\/lux-120x80.jpg 120w\" sizes=\"auto, (max-width: 380px) 100vw, 380px\" \/><br \/>\n<\/div><\/div><\/div>\n<h2>FAQ sur les casinos en ligne au Luxembourg<\/h2>\n<h3>Est-ce que le Luxembourg autorise les jeux de casino sur Internet ?<\/h3>\n<p>Oui bien s\u00fbr. En tant qu&rsquo;habitant du Luxembourg, vous avez le droit de jouer en argent r\u00e9el sur les sites de votre choix.<\/p>\n<h3>Faut-il payer des imp\u00f4ts sur les gains ?<\/h3>\n<p>Non, il n&rsquo;y a aucun imp\u00f4t \u00e0 payer. \u00c9tant des jeux de hasard, les gains issus des casinos en ligne au Luxembourg ne sont pas soumis \u00e0 l&rsquo;imp\u00f4t.<\/p>\n<h3>Bonus offerts sur les casinos en ligne du Luxembourg<\/h3>\n<p>En vous inscrivant sur un casino en ligne depuis le Luxembourg, vous pourrez profiter d&rsquo;une offre de bienvenue. Les offres les plus g\u00e9n\u00e9reuses vous permettent de profiter d&rsquo;au moins 1000 euros. Pour en profiter, vous devez r\u00e9aliser des d\u00e9p\u00f4ts sur les pages banques des sites de casino.<\/p>\n<h3>Peut-on jouer en Fran\u00e7ais ?<\/h3>\n<p>Oui, du moment que vous vous inscrivez sur un casino en ligne francophone, \u00e7a peut se faire.<\/p>\n<h3>Puis obtenir de l&rsquo;aide si j&rsquo;ai des probl\u00e8mes ?<\/h3>\n<p>Certainement ! En contactant le support client d&rsquo;un casino en ligne, vous recevez de l&rsquo;aide. Sur les meilleurs casinos en ligne, le support client est disponibles 7\/24. En posant votre demande par le tchat, vous obtenez des r\u00e9ponses en moins d&rsquo;une minute.<\/p>\n<h2>Adresses utiles<\/h2>\n<p><strong>Commission des jeux de Malte<\/strong><br \/>\nL&rsquo;Autorit\u00e9 des jeux de Malte r\u00e9gule des centaines de casinos en ligne reconnus dans le monde entier.<br \/>\n<strong>Adresse et contact :<\/strong><br \/>\nMalta Gaming Authority<br \/>\nBuilding SCM 02-03, Level 4<br \/>\nSmartCity Malta<br \/>\nRicasoli SCM1001<br \/>\nMalte<\/p>\n<p>T\u00e9l\u00e9phone : +356 2546 9000<br \/>\ncommunications.mga@mga.org.mt<\/p>\n<p>Site Web : <a title=\"MGA.org.mt\" href=\"https:\/\/www.mga.org.mt\" rel=\"noopener\" target=\"_blank\">MGA.org.mt<\/a><\/p>\n<hr>\n<p><strong>eCOGRA<\/strong><br \/>\nL&rsquo;agence de d\u00e9fense des int\u00e9r\u00eats des joueurs. Opter pour un casino en ligne eCOGRA au Luxembourg est la garantie d&rsquo;avoir acc\u00e8s \u00e0 des jeux honn\u00eates.<br \/>\n<strong>Adresse et contact :<\/strong><br \/>\nBerkeley Square<br \/>\nGreater London W1J 6BD<br \/>\nAngleterre<\/p>\n<p>T\u00e9l\u00e9phone : +44 20 7887 1480<\/p>\n<p>Site Web : <a title=\"eCOGRA.org\" href=\"https:\/\/ecogra.org\" rel=\"noopener\" target=\"_blank\">eCOGRA.org<\/a><\/p>\n<hr>\n<p><strong>Casino en Ligne LUX<\/strong><br \/>\nLe guide francophone enti\u00e8rement d\u00e9di\u00e9 aux tests et avis sur les meilleurs sites de casino pour les Luxembourgeois. Articles de presse et comparatif sur les offres l\u00e9gales et fiables dans le Grand-Duch\u00e9.<\/p>\n<p>Site Web : <a title=\"Casino en Ligne LUX\" href=\"https:\/\/www.casinoenlignelux.com\" rel=\"noopener\" target=\"_blank\">Casino en Ligne LUX<\/a><\/p>\n<hr>\n<h2>Responsabilit\u00e9 : Online Roulette Tech au Luxembourg<\/h2>\n<p>La pr\u00e9sente page de notre site Web met en avant des casinos en ligne fiables au Luxembourg. Concernant les autres pages de notre guide de roulette, elles sont avant tout d\u00e9di\u00e9s aux utilisateurs British, Canadiens et Autrichiens.<\/p>\n<p>En devant membre d&rsquo;un casino en ligne sublim\u00e9 dans notre guide, vous avez l&rsquo;assurance de profiter de jeux de casino aussi fiables que ceux propos\u00e9s dans les plus grands casinos d&rsquo;Europe.<\/p>\n<p>Attention ! Les jeux de casino sont des jeux de hasard. Pour ne pas jouer au-dessus de vos moyens financiers, il est recommand\u00e9 de fixer des limites. Si vous perdez des sommes importantes d&rsquo;argent, vous ne pourrez pas les r\u00e9cup\u00e9rer. Si vous pensez souffrir d&rsquo;addiction au jeu, vous devez tout de suite demander l&rsquo;aide aupr\u00e8s d\u2019un organisme sp\u00e9cialis\u00e9.<\/p>\n<p>Les sites de casino list\u00e9s sur les pages de notre site Web n&rsquo;ont aucun lien avec le <a title=\"Casino 2000\" href=\"https:\/\/casino2000.lu\/fr\/\" rel=\"noopener\" target=\"_blank\">Casino 2000<\/a>. La salle de jeux, le seul casino du Grand-Duch\u00e9, est un lieu connu des Luxembourgeois et des touristes.<\/p>\n","protected":false},"excerpt":{"rendered":"<p>Au Luxembourg, les joueurs \u00e0 la recherche de casinos en ligne fiables trouvent leur bonheur gr\u00e2ce \u00e0 des sites de jeux d&rsquo;argent l\u00e9gaux et r\u00e9gul\u00e9s.<\/p>\n","protected":false},"author":1,"featured_media":0,"parent":0,"menu_order":0,"comment_status":"closed","ping_status":"closed","template":"template-fullwidth.php","meta":{"footnotes":""},"class_list":["post-3305","page","type-page","status-publish","hentry"],"yoast_head":"<!-- This site is optimized with the Yoast SEO plugin v27.4 - https:\/\/yoast.com\/product\/yoast-seo-wordpress\/ -->\n<title>Casinos en Ligne au Luxembourg - Jeu L\u00e9gal en 2026<\/title>\n<meta name=\"description\" content=\"S\u00e9lection des meilleurs casinos en ligne pour les joueurs du Luxembourg. Bonus gratuits et offres de jeux rentables en 2026.\" \/>\n<meta name=\"robots\" content=\"index, follow, max-snippet:-1, max-image-preview:large, max-video-preview:-1\" \/>\n<link rel=\"canonical\" href=\"https:\/\/www.onlineroulette.tech\/fr\/casinos-luxembourg\/\" \/>\n<meta property=\"og:locale\" content=\"fr_CA\" \/>\n<meta property=\"og:type\" content=\"article\" \/>\n<meta property=\"og:title\" content=\"Casinos en Ligne au Luxembourg - Jeu L\u00e9gal en 2026\" \/>\n<meta property=\"og:description\" content=\"S\u00e9lection des meilleurs casinos en ligne pour les joueurs du Luxembourg. Bonus gratuits et offres de jeux rentables en 2026.\" \/>\n<meta property=\"og:url\" content=\"https:\/\/www.onlineroulette.tech\/fr\/casinos-luxembourg\/\" \/>\n<meta property=\"og:site_name\" content=\"Roulette en Ligne\" \/>\n<meta property=\"article:modified_time\" content=\"2026-02-23T10:57:28+00:00\" \/>\n<meta property=\"og:image\" content=\"https:\/\/www.onlineroulette.tech\/fr\/wp-content\/uploads\/2023\/08\/mondial.jpg\" \/>\n\t<meta property=\"og:image:width\" content=\"380\" \/>\n\t<meta property=\"og:image:height\" content=\"400\" \/>\n\t<meta property=\"og:image:type\" content=\"image\/jpeg\" \/>\n<meta name=\"twitter:card\" content=\"summary_large_image\" \/>\n<meta name=\"twitter:label1\" content=\"Estimation du temps de lecture\" \/>\n\t<meta name=\"twitter:data1\" content=\"8 minutes\" \/>\n<script type=\"application\/ld+json\" class=\"yoast-schema-graph\">{\"@context\":\"https:\\\/\\\/schema.org\",\"@graph\":[{\"@type\":\"WebPage\",\"@id\":\"https:\\\/\\\/www.onlineroulette.tech\\\/fr\\\/casinos-luxembourg\\\/\",\"url\":\"https:\\\/\\\/www.onlineroulette.tech\\\/fr\\\/casinos-luxembourg\\\/\",\"name\":\"Casinos en Ligne au Luxembourg - Jeu L\u00e9gal en 2026\",\"isPartOf\":{\"@id\":\"https:\\\/\\\/www.onlineroulette.tech\\\/fr\\\/#website\"},\"primaryImageOfPage\":{\"@id\":\"https:\\\/\\\/www.onlineroulette.tech\\\/fr\\\/casinos-luxembourg\\\/#primaryimage\"},\"image\":{\"@id\":\"https:\\\/\\\/www.onlineroulette.tech\\\/fr\\\/casinos-luxembourg\\\/#primaryimage\"},\"thumbnailUrl\":\"https:\\\/\\\/www.onlineroulette.tech\\\/fr\\\/wp-content\\\/uploads\\\/2023\\\/08\\\/mondial.jpg\",\"datePublished\":\"2023-08-18T13:22:32+00:00\",\"dateModified\":\"2026-02-23T10:57:28+00:00\",\"description\":\"S\u00e9lection des meilleurs casinos en ligne pour les joueurs du Luxembourg. Bonus gratuits et offres de jeux rentables en 2026.\",\"breadcrumb\":{\"@id\":\"https:\\\/\\\/www.onlineroulette.tech\\\/fr\\\/casinos-luxembourg\\\/#breadcrumb\"},\"inLanguage\":\"fr-CA\",\"potentialAction\":[{\"@type\":\"ReadAction\",\"target\":[\"https:\\\/\\\/www.onlineroulette.tech\\\/fr\\\/casinos-luxembourg\\\/\"]}]},{\"@type\":\"ImageObject\",\"inLanguage\":\"fr-CA\",\"@id\":\"https:\\\/\\\/www.onlineroulette.tech\\\/fr\\\/casinos-luxembourg\\\/#primaryimage\",\"url\":\"https:\\\/\\\/www.onlineroulette.tech\\\/fr\\\/wp-content\\\/uploads\\\/2023\\\/08\\\/mondial.jpg\",\"contentUrl\":\"https:\\\/\\\/www.onlineroulette.tech\\\/fr\\\/wp-content\\\/uploads\\\/2023\\\/08\\\/mondial.jpg\",\"width\":380,\"height\":400,\"caption\":\"Grand Mondial Casino au Luxembourg\"},{\"@type\":\"BreadcrumbList\",\"@id\":\"https:\\\/\\\/www.onlineroulette.tech\\\/fr\\\/casinos-luxembourg\\\/#breadcrumb\",\"itemListElement\":[{\"@type\":\"ListItem\",\"position\":1,\"name\":\"Accueil\",\"item\":\"https:\\\/\\\/www.onlineroulette.tech\\\/fr\\\/\"},{\"@type\":\"ListItem\",\"position\":2,\"name\":\"Casinos en Ligne au Luxembourg\"}]},{\"@type\":\"WebSite\",\"@id\":\"https:\\\/\\\/www.onlineroulette.tech\\\/fr\\\/#website\",\"url\":\"https:\\\/\\\/www.onlineroulette.tech\\\/fr\\\/\",\"name\":\"Roulette en Ligne\",\"description\":\"Roulette Guide\",\"publisher\":{\"@id\":\"https:\\\/\\\/www.onlineroulette.tech\\\/fr\\\/#organization\"},\"potentialAction\":[{\"@type\":\"SearchAction\",\"target\":{\"@type\":\"EntryPoint\",\"urlTemplate\":\"https:\\\/\\\/www.onlineroulette.tech\\\/fr\\\/?s={search_term_string}\"},\"query-input\":{\"@type\":\"PropertyValueSpecification\",\"valueRequired\":true,\"valueName\":\"search_term_string\"}}],\"inLanguage\":\"fr-CA\"},{\"@type\":\"Organization\",\"@id\":\"https:\\\/\\\/www.onlineroulette.tech\\\/fr\\\/#organization\",\"name\":\"Roulette en Ligne\",\"url\":\"https:\\\/\\\/www.onlineroulette.tech\\\/fr\\\/\",\"logo\":{\"@type\":\"ImageObject\",\"inLanguage\":\"fr-CA\",\"@id\":\"https:\\\/\\\/www.onlineroulette.tech\\\/fr\\\/#\\\/schema\\\/logo\\\/image\\\/\",\"url\":\"https:\\\/\\\/www.onlineroulette.tech\\\/fr\\\/wp-content\\\/uploads\\\/2022\\\/01\\\/logo.jpg\",\"contentUrl\":\"https:\\\/\\\/www.onlineroulette.tech\\\/fr\\\/wp-content\\\/uploads\\\/2022\\\/01\\\/logo.jpg\",\"width\":280,\"height\":115,\"caption\":\"Roulette en Ligne\"},\"image\":{\"@id\":\"https:\\\/\\\/www.onlineroulette.tech\\\/fr\\\/#\\\/schema\\\/logo\\\/image\\\/\"}}]}<\/script>\n<!-- \/ Yoast SEO plugin. -->","yoast_head_json":{"title":"Casinos en Ligne au Luxembourg - Jeu L\u00e9gal en 2026","description":"S\u00e9lection des meilleurs casinos en ligne pour les joueurs du Luxembourg. Bonus gratuits et offres de jeux rentables en 2026.","robots":{"index":"index","follow":"follow","max-snippet":"max-snippet:-1","max-image-preview":"max-image-preview:large","max-video-preview":"max-video-preview:-1"},"canonical":"https:\/\/www.onlineroulette.tech\/fr\/casinos-luxembourg\/","og_locale":"fr_CA","og_type":"article","og_title":"Casinos en Ligne au Luxembourg - Jeu L\u00e9gal en 2026","og_description":"S\u00e9lection des meilleurs casinos en ligne pour les joueurs du Luxembourg. Bonus gratuits et offres de jeux rentables en 2026.","og_url":"https:\/\/www.onlineroulette.tech\/fr\/casinos-luxembourg\/","og_site_name":"Roulette en Ligne","article_modified_time":"2026-02-23T10:57:28+00:00","og_image":[{"width":380,"height":400,"url":"https:\/\/www.onlineroulette.tech\/fr\/wp-content\/uploads\/2023\/08\/mondial.jpg","type":"image\/jpeg"}],"twitter_card":"summary_large_image","twitter_misc":{"Estimation du temps de lecture":"8 minutes"},"schema":{"@context":"https:\/\/schema.org","@graph":[{"@type":"WebPage","@id":"https:\/\/www.onlineroulette.tech\/fr\/casinos-luxembourg\/","url":"https:\/\/www.onlineroulette.tech\/fr\/casinos-luxembourg\/","name":"Casinos en Ligne au Luxembourg - Jeu L\u00e9gal en 2026","isPartOf":{"@id":"https:\/\/www.onlineroulette.tech\/fr\/#website"},"primaryImageOfPage":{"@id":"https:\/\/www.onlineroulette.tech\/fr\/casinos-luxembourg\/#primaryimage"},"image":{"@id":"https:\/\/www.onlineroulette.tech\/fr\/casinos-luxembourg\/#primaryimage"},"thumbnailUrl":"https:\/\/www.onlineroulette.tech\/fr\/wp-content\/uploads\/2023\/08\/mondial.jpg","datePublished":"2023-08-18T13:22:32+00:00","dateModified":"2026-02-23T10:57:28+00:00","description":"S\u00e9lection des meilleurs casinos en ligne pour les joueurs du Luxembourg. Bonus gratuits et offres de jeux rentables en 2026.","breadcrumb":{"@id":"https:\/\/www.onlineroulette.tech\/fr\/casinos-luxembourg\/#breadcrumb"},"inLanguage":"fr-CA","potentialAction":[{"@type":"ReadAction","target":["https:\/\/www.onlineroulette.tech\/fr\/casinos-luxembourg\/"]}]},{"@type":"ImageObject","inLanguage":"fr-CA","@id":"https:\/\/www.onlineroulette.tech\/fr\/casinos-luxembourg\/#primaryimage","url":"https:\/\/www.onlineroulette.tech\/fr\/wp-content\/uploads\/2023\/08\/mondial.jpg","contentUrl":"https:\/\/www.onlineroulette.tech\/fr\/wp-content\/uploads\/2023\/08\/mondial.jpg","width":380,"height":400,"caption":"Grand Mondial Casino au Luxembourg"},{"@type":"BreadcrumbList","@id":"https:\/\/www.onlineroulette.tech\/fr\/casinos-luxembourg\/#breadcrumb","itemListElement":[{"@type":"ListItem","position":1,"name":"Accueil","item":"https:\/\/www.onlineroulette.tech\/fr\/"},{"@type":"ListItem","position":2,"name":"Casinos en Ligne au Luxembourg"}]},{"@type":"WebSite","@id":"https:\/\/www.onlineroulette.tech\/fr\/#website","url":"https:\/\/www.onlineroulette.tech\/fr\/","name":"Roulette en Ligne","description":"Roulette Guide","publisher":{"@id":"https:\/\/www.onlineroulette.tech\/fr\/#organization"},"potentialAction":[{"@type":"SearchAction","target":{"@type":"EntryPoint","urlTemplate":"https:\/\/www.onlineroulette.tech\/fr\/?s={search_term_string}"},"query-input":{"@type":"PropertyValueSpecification","valueRequired":true,"valueName":"search_term_string"}}],"inLanguage":"fr-CA"},{"@type":"Organization","@id":"https:\/\/www.onlineroulette.tech\/fr\/#organization","name":"Roulette en Ligne","url":"https:\/\/www.onlineroulette.tech\/fr\/","logo":{"@type":"ImageObject","inLanguage":"fr-CA","@id":"https:\/\/www.onlineroulette.tech\/fr\/#\/schema\/logo\/image\/","url":"https:\/\/www.onlineroulette.tech\/fr\/wp-content\/uploads\/2022\/01\/logo.jpg","contentUrl":"https:\/\/www.onlineroulette.tech\/fr\/wp-content\/uploads\/2022\/01\/logo.jpg","width":280,"height":115,"caption":"Roulette en Ligne"},"image":{"@id":"https:\/\/www.onlineroulette.tech\/fr\/#\/schema\/logo\/image\/"}}]}},"_links":{"self":[{"href":"https:\/\/www.onlineroulette.tech\/fr\/wp-json\/wp\/v2\/pages\/3305","targetHints":{"allow":["GET"]}}],"collection":[{"href":"https:\/\/www.onlineroulette.tech\/fr\/wp-json\/wp\/v2\/pages"}],"about":[{"href":"https:\/\/www.onlineroulette.tech\/fr\/wp-json\/wp\/v2\/types\/page"}],"author":[{"embeddable":true,"href":"https:\/\/www.onlineroulette.tech\/fr\/wp-json\/wp\/v2\/users\/1"}],"replies":[{"embeddable":true,"href":"https:\/\/www.onlineroulette.tech\/fr\/wp-json\/wp\/v2\/comments?post=3305"}],"version-history":[{"count":19,"href":"https:\/\/www.onlineroulette.tech\/fr\/wp-json\/wp\/v2\/pages\/3305\/revisions"}],"predecessor-version":[{"id":3754,"href":"https:\/\/www.onlineroulette.tech\/fr\/wp-json\/wp\/v2\/pages\/3305\/revisions\/3754"}],"wp:attachment":[{"href":"https:\/\/www.onlineroulette.tech\/fr\/wp-json\/wp\/v2\/media?parent=3305"}],"curies":[{"name":"wp","href":"https:\/\/api.w.org\/{rel}","templated":true}]}}