{"id":3118,"date":"2023-02-12T06:32:17","date_gmt":"2023-02-12T06:32:17","guid":{"rendered":"https:\/\/www.onlineroulette.tech\/fr\/?page_id=3118"},"modified":"2025-11-18T04:34:41","modified_gmt":"2025-11-18T04:34:41","slug":"extreme-multifire-roulette","status":"publish","type":"page","link":"https:\/\/www.onlineroulette.tech\/fr\/home\/extreme-multifire-roulette\/","title":{"rendered":"Extreme Multifire Roulette"},"content":{"rendered":"<p>Voici une roue de casino, <strong>Extreme Multifire Roulette<\/strong>, qui offre des chances de gagner des jackpots immenses.<!--more--><\/p>\n<p>Cr\u00e9\u00e9e par <strong>Switch Studios<\/strong>, un \u00e9diteur de jeux de table hors-du commun, les roulettes de l&rsquo;\u00e9diteur sont celles qui permettent de remporter les plus grands sommes d&rsquo;argent sur des casinos en ligne.<\/p>\n<p>Extreme Multifire Roulette est <strong>une roulette Europ\u00e9enne am\u00e9lior\u00e9e<\/strong> ! Dot\u00e9e d&rsquo;un concept qui booste les chances de <strong>gagner jusqu&rsquo;\u00e0 2500x la mise<\/strong>, ce jeu de roulette \u00e0 jackpot attire les amateurs de jeux classiques, mais aussi les fans de slots.<\/p>\n<p><img loading=\"lazy\" decoding=\"async\" title=\"Extreme Multifire Roulette de Switch Studios\" src=\"https:\/\/www.onlineroulette.tech\/fr\/wp-content\/uploads\/2023\/02\/extreme-multifire.jpg\" alt=\"Extreme Multifire Roulette de Switch Studios\" width=\"770\" height=\"400\" class=\"aligncenter size-full wp-image-3138\" srcset=\"https:\/\/www.onlineroulette.tech\/fr\/wp-content\/uploads\/2023\/02\/extreme-multifire.jpg 770w, https:\/\/www.onlineroulette.tech\/fr\/wp-content\/uploads\/2023\/02\/extreme-multifire-300x156.jpg 300w, https:\/\/www.onlineroulette.tech\/fr\/wp-content\/uploads\/2023\/02\/extreme-multifire-768x399.jpg 768w\" sizes=\"auto, (max-width: 770px) 100vw, 770px\" \/><\/p>\n<p>Comparativement aux roulettes les plus populaires, l&rsquo;Am\u00e9ricaine et l&rsquo;Europ\u00e9enne, Extreme Multifire Roulette offre des options de gains rehauss\u00e9s. <strong>Tout l&rsquo;attrait du jeu se d\u00e9roule lorsque les paris sont faits sur des cases uniques de la roulette.<\/strong><\/p>\n<p>En misant sur un des num\u00e9ros 1 \u00e0 36, ou le z\u00e9ro, <strong>tout participant peut gagner un jackpot de 2500x la mise<\/strong>. En pla\u00e7ant des jetons de 10$ sur des num\u00e9riques uniques un jackpot de 25&rsquo;000$ peut \u00eatre d\u00e9croch\u00e9 \u00e0 chaque ronde du jeu.<\/p>\n<h2>Jouer \u00e0 Extreme Multifire Roulette<\/h2>\n<p>\u00c0 chaque ronde de la roulette, d\u00e8s que les joueurs ont plac\u00e9 leurs jetons \u00e0 la table de jeu, <strong>de 1 \u00e0 3 Num\u00e9ros Bonus s&rsquo;affichent \u00e0 l&rsquo;\u00e9cran<\/strong>. Ces num\u00e9ros sont dot\u00e9s de multiplicateurs de gains pouvant atteindre 500x. En plus de cette fonction rentable un multiplicateur Extr\u00eame entre en jeu et va jusqu&rsquo;\u00e0 quintupler les potentiels de gains. Au total le multiplicateur peut monter \u00e0 2500x la mise.<\/p>\n<p>Pour seulement 25 cents la ronde tout joueur peut gagner gros sur Extreme Multifire Roulette ! Pour ceux qui veulent d\u00e9crocher un gros lot de 250&rsquo;000$ des mises de 100$ doivent \u00eatre faites. <strong>250&rsquo;000$ est le plus grand des jackpots qui peut \u00eatre rafl\u00e9 sur la \u00ab\u00a0Roulette Extr\u00eame\u00a0\u00bb.<\/strong><\/p>\n<h2>Info Extreme Multifire Roulette<\/h2>\n<table>\n<tbody>\n<tr>\n<td>\u00c9diteur du jeu<\/td>\n<td>Switch Studios<\/td>\n<\/tr>\n<tr>\n<td>Technologie<\/td>\n<td>Compatible PC, Mobile et Tablette<\/td>\n<\/tr>\n<tr>\n<td>Date de cr\u00e9ation<\/td>\n<td>31 octobre 2022<\/td>\n<\/tr>\n<tr>\n<td>Num\u00e9ros Bonus<\/td>\n<td>De 1 \u00e0 3 sur chaque ronde du jeu<\/td>\n<\/tr>\n<tr>\n<td>Taux de reversement<\/td>\n<td>RTP de 97,3%<\/td>\n<\/tr>\n<tr>\n<td>Fr\u00e9quence de paiement<\/td>\n<td>48,65%<\/td>\n<\/tr>\n<tr>\n<td>Gain maximale sur une ronde<\/td>\n<td>2500x la mise sur des cases uniques<\/td>\n<\/tr>\n<tr>\n<td>Limites des paris<\/td>\n<td>De 0,25$ \u00e0 800$<br \/>\nSur une case unique le pari max est de 100$<\/td>\n<\/tr>\n<\/tbody>\n<\/table>\n<h2>Quel casino en ligne choisir ?<\/h2>\n<p>Les sites de casino les mieux r\u00e9ussis pour jouer \u00e0 Extreme Multifire Roulette sont \u00e0 l&rsquo;affiche sur notre section des <a title=\"meilleurs casinos en ligne du Qu\u00e9bec\" href=\"https:\/\/www.onlineroulette.tech\/fr\/casino\/\">meilleurs casinos en ligne du Qu\u00e9bec<\/a>.<\/p>\n<p>En vous inscrivant \u00e0 <strong>Lucky Nugget<\/strong> vous aurez acc\u00e8s \u00e0 la collection compl\u00e8te des <strong>roulettes Switch Studios<\/strong>. De plus la salle de jeux est multiplateforme et multilingue tout en \u00e9tant l\u00e9gitime au Canada. Pour les francophones du Canada \u00e0 la recherche des <strong>meilleurs casinos en ligne fiables<\/strong>. c&rsquo;est une excellente adresse.<br \/>\n&nbsp;<br \/>\n<div align=center><span style=\"font-size:17pt;color:#820202;font-weight:600\">LUCKY NUGGET<\/span><br \/>\n<a class=\"top\" title=\"Lucky Nugget Casino au Canada\" href=\"https:\/\/www.luckynuggetcasino.com\/ca\/fr\/\" target=\"_blank\" rel=\"noopener noreferrer\"><img loading=\"lazy\" decoding=\"async\" title=\"Lucky Nugget Casino au Canada\" src=\"https:\/\/www.onlineroulette.tech\/fr\/wp-content\/uploads\/2023\/02\/lucky-nugget.jpg\" alt=\"Lucky Nugget Casino au Canada\" width=\"770\" height=\"455\" class=\"aligncenter size-full wp-image-3124\" srcset=\"https:\/\/www.onlineroulette.tech\/fr\/wp-content\/uploads\/2023\/02\/lucky-nugget.jpg 770w, https:\/\/www.onlineroulette.tech\/fr\/wp-content\/uploads\/2023\/02\/lucky-nugget-300x177.jpg 300w, https:\/\/www.onlineroulette.tech\/fr\/wp-content\/uploads\/2023\/02\/lucky-nugget-768x454.jpg 768w\" sizes=\"auto, (max-width: 770px) 100vw, 770px\" \/><br \/>\nJOUER CHEZ LUCKY NUGGET<\/span><\/a><\/div>\n\n&nbsp;<\/p>\n<h2>Switch Studios et Roulettes<\/h2>\n<p>Les d\u00e9veloppeurs de Switch Studios sont les initiateurs de <strong>roulettes de casino uniques au monde<\/strong>.<\/p>\n<p>Avec la r\u00e9alisation du jeu <strong>Extreme Multifire<\/strong> en d\u00e9cembre 2022, la soci\u00e9t\u00e9 Switch Studios met \u00e0 profit des amateurs de jeux de table un nouvelle fa\u00e7on de jouer.<\/p>\n<p>Gr\u00e2ce \u00e0 l&rsquo;ing\u00e9niosit\u00e9 des \u00e9quipes de Switch Studios les roulettes de casino attirent dor\u00e9navant un nouveau type de joueurs <strong>en qu\u00eate de jackpots immenses \u00e0 gagner<\/strong>.<\/p>\n<p>Parmi les jeux de Switch Studios, des titres fastes sont \u00e0 retenir :<\/p>\n<ul>\n<li><strong>Extreme Multifire Roulette :<\/strong> le jeu offre des chances de gagner 2500x la mise.<\/li>\n<li><strong>Multifire Roulette :<\/strong> une roulette de casino dot\u00e9e de Num\u00e9ros Chanceux qui boostent les gains.<\/li>\n<li><strong>Roulette Mega Moolah :<\/strong> la roue de casino calibr\u00e9e avec un jackpot progressif massif \u00e0 gagner.<\/li>\n<\/ul>\n<p><a title=\"Roulette Mega Moolah\" href=\"https:\/\/www.onlineroulette.tech\/fr\/home\/roulette-mega-moolah-jackpot\/\">Roulette Mega Moolah<\/a> est le <strong>jeu de table<\/strong> offrant les plus grands jackpots \u00e0 remporter sur Internet. Li\u00e9 au r\u00e9seau des machines \u00e0 sous Mega Moolah, la roulette \u00e0 jackpot inclut une roue bonus de 4 pots pr\u00eats \u00e0 \u00eatre gagn\u00e9s \u00e0 tout moment. L&rsquo;un des pots en jeu est <strong>un jackpot qui commence \u00e0 2 millions<\/strong>.<\/p>\n<h2>R\u00e8gles du jeu Extreme Multifire Roulette<\/h2>\n<p>Les r\u00e8gles du jeu du titre Extreme Multifire Roulette sont presque les m\u00eames que celles de la <a title=\"Roulette Europ\u00e9enne\" href=\"https:\/\/www.guideroulette.com\/europeenne\/\">Roulette Europ\u00e9enne<\/a>. Ce qui change avec Extreme Multifire est l&rsquo;apparition des <strong>Num\u00e9ros Bonus<\/strong>.<\/p>\n<p>Les Num\u00e9ros Bonus, au nombre de 1 \u00e0 3 \u00e0 chaque ronde, incluent des multiplicateurs qui boostent les gains sur des num\u00e9ros pleins. De plus un 2\u00e8me multiplicateur va jusqu&rsquo;\u00e0 quintupler les valeurs des multiplicateurs. Quelle que soit la valeur des multiplicateurs \u00e0 chaque ronde du jeu, les potentiels de gains sont \u00e9normes.<\/p>\n<p>Pour commencer \u00e0 jouer il faut faire un d\u00e9p\u00f4t en argent r\u00e9el sur la page banque du casino s\u00e9lectionn\u00e9. Une fois l&rsquo;op\u00e9ration bancaire r\u00e9alis\u00e9e il faut aller sur page des roulettes du casino et de cliquer sur la vignette [Extreme Multifire Roulette].<\/p>\n<p><strong>D\u00e8s que le jeu est activ\u00e9 \u00e0 l&rsquo;\u00e9cran vous pouvez choisir la valeur des jetons \u00e0 parier.<\/strong> Ensuite il suffit de miser sur vos chiffres et num\u00e9ros favoris.<\/p>\n<p>D\u00e8s que les jeux sont faits, la roulette est lanc\u00e9e ! Il ne faut que quelques secondes d&rsquo;attente pour savoir si vos paris sont gagnants. Si vous avez plac\u00e9 des jetons sur les bons num\u00e9ros vous gagnez de 30x \u00e0 2500x la mise.<\/p>\n<h2>Tables des paris et des gains sur Extreme Multifire Roulette<\/h2>\n<p>Au jeu Extreme Multifire le plus grand pari possible est de 800$ ! Ces paris peuvent se faire uniquement sur les chances simples. Quant aux <strong>paris qui rapportent gros<\/strong>, tout se passe sur les mises faites sur des <strong>chiffres et des num\u00e9ros uniques de la roue<\/strong>.<\/p>\n<p><img loading=\"lazy\" decoding=\"async\" title=\"Tableau des mises et des gains sur Extreme Multifire Roulette\" class=\"aligncenter size-full wp-image-9351\" src=\"https:\/\/www.machinesasous.guru\/wp-content\/uploads\/2023\/02\/tableau.jpg\" alt=\"Tableau des mises et des gains sur Extreme Multifire Roulette\" width=\"720\" height=\"500\" \/><\/p>\n<h2>Syst\u00e8mes de paris gagnants sur Extreme Multifire Roulette<\/h2>\n<p>Des trucs boostent les chances de gagner gros sur Extreme Multifire Roulette ! L&rsquo;astuce la plus efficace pour tenter de gagner 2500x la mise est de <strong>faire des paris sur plusieurs num\u00e9ros uniques \u00e0 chaque ronde de la roulette<\/strong>. En misant par exemple sur 5 cases diff\u00e9rentes \u00e0 chaque ronde les chances de gagner le jackpot sont quintupl\u00e9es.<\/p>\n<p>Deux autres syst\u00e8mes gagnants sont aussi des trucs efficaces !<\/p>\n<h3>Truc 1 : parier sur les 36 num\u00e9ros de la roue<\/h3>\n<p><strong>Miser sur les 36 num\u00e9ros de la roulette Extreme Multifire \u00e0 chaque ronde du jeu est autoris\u00e9<\/strong>. Il est aussi possible d&rsquo;inclure le z\u00e9ro de la roue pour \u00eatre certain d&rsquo;avoir 100% de chance de miser sur la case gagnante \u00e0 tous les coups.<\/p>\n<p>Cette technique de paris assure des gains rapides ! Lorsque les paris gagnants sont faits sur des <strong>Num\u00e9ros Bonus<\/strong> il y a des r\u00e9sultats positifs.<\/p>\n<p><strong>Aux roulettes de casino parier sur plusieurs num\u00e9ros en simultan\u00e9 peut produire des effets incroyables !<\/strong> Toutefois pour se lancer sur cette strat\u00e9gie de jeu il faut pr\u00e9voir suffisamment de budget.<\/p>\n<h3>Truc 2 : fixer des limites et jouer peu de coups<\/h3>\n<p>Les r\u00e8gles des roulettes avantagent les maisons de jeux. Sur Extreme Multifire Roulette la marge th\u00e9orique de b\u00e9n\u00e9fice du casino est de 2,7%. Pour r\u00e9duire la marge du casino le truc \u00e0 faire est de <strong>limiter le nombre de coups jou\u00e9s<\/strong>.<\/p>\n<p>Pour tenter de remporter des gains rapides il est recommand\u00e9 de jouer sur une s\u00e9rie courte d&rsquo;une dizaine de rondes seulement. En misant sur plusieurs num\u00e9ros en m\u00eame temps, les c\u00f4tes de gains sont au z\u00e9nith. Si durant la mise en pratique de cette technique vous gagner gros, il faut encaisser les gains et sortir du casino. En effet, si vous ne limitez pas le temps pass\u00e9 \u00e0 jouer, vous risquerez de tout perdre.<br \/>\n&nbsp;<\/p>\n","protected":false},"excerpt":{"rendered":"<p>Voici une roue de casino, Extreme Multifire Roulette, qui offre des chances de gagner des jackpots immenses.<\/p>\n","protected":false},"author":1,"featured_media":0,"parent":38,"menu_order":0,"comment_status":"closed","ping_status":"closed","template":"","meta":{"footnotes":""},"class_list":["post-3118","page","type-page","status-publish","hentry"],"yoast_head":"<!-- This site is optimized with the Yoast SEO plugin v27.4 - https:\/\/yoast.com\/product\/yoast-seo-wordpress\/ -->\n<title>Extreme Multifire Roulette - Gagner de 2500x La Mise<\/title>\n<meta name=\"description\" content=\"Le jeu Extreme Multifire Roulette offre des chances de gagner 2500x la mise en une seule ronde. Avec 100$ \u00e7a fait un jackpot de 250&#039;000$.\" \/>\n<meta name=\"robots\" content=\"index, follow, max-snippet:-1, max-image-preview:large, max-video-preview:-1\" \/>\n<link rel=\"canonical\" href=\"https:\/\/www.onlineroulette.tech\/fr\/home\/extreme-multifire-roulette\/\" \/>\n<meta property=\"og:locale\" content=\"fr_CA\" \/>\n<meta property=\"og:type\" content=\"article\" \/>\n<meta property=\"og:title\" content=\"Extreme Multifire Roulette - Gagner de 2500x La Mise\" \/>\n<meta property=\"og:description\" content=\"Le jeu Extreme Multifire Roulette offre des chances de gagner 2500x la mise en une seule ronde. Avec 100$ \u00e7a fait un jackpot de 250&#039;000$.\" \/>\n<meta property=\"og:url\" content=\"https:\/\/www.onlineroulette.tech\/fr\/home\/extreme-multifire-roulette\/\" \/>\n<meta property=\"og:site_name\" content=\"Roulette en Ligne\" \/>\n<meta property=\"article:modified_time\" content=\"2025-11-18T04:34:41+00:00\" \/>\n<meta property=\"og:image\" content=\"https:\/\/www.onlineroulette.tech\/fr\/wp-content\/uploads\/2023\/02\/extreme-multifire.jpg\" \/>\n\t<meta property=\"og:image:width\" content=\"770\" \/>\n\t<meta property=\"og:image:height\" content=\"400\" \/>\n\t<meta property=\"og:image:type\" content=\"image\/jpeg\" \/>\n<meta name=\"twitter:card\" content=\"summary_large_image\" \/>\n<meta name=\"twitter:label1\" content=\"Estimation du temps de lecture\" \/>\n\t<meta name=\"twitter:data1\" content=\"7 minutes\" \/>\n<script type=\"application\/ld+json\" class=\"yoast-schema-graph\">{\"@context\":\"https:\\\/\\\/schema.org\",\"@graph\":[{\"@type\":\"WebPage\",\"@id\":\"https:\\\/\\\/www.onlineroulette.tech\\\/fr\\\/home\\\/extreme-multifire-roulette\\\/\",\"url\":\"https:\\\/\\\/www.onlineroulette.tech\\\/fr\\\/home\\\/extreme-multifire-roulette\\\/\",\"name\":\"Extreme Multifire Roulette - Gagner de 2500x La Mise\",\"isPartOf\":{\"@id\":\"https:\\\/\\\/www.onlineroulette.tech\\\/fr\\\/#website\"},\"primaryImageOfPage\":{\"@id\":\"https:\\\/\\\/www.onlineroulette.tech\\\/fr\\\/home\\\/extreme-multifire-roulette\\\/#primaryimage\"},\"image\":{\"@id\":\"https:\\\/\\\/www.onlineroulette.tech\\\/fr\\\/home\\\/extreme-multifire-roulette\\\/#primaryimage\"},\"thumbnailUrl\":\"https:\\\/\\\/www.onlineroulette.tech\\\/fr\\\/wp-content\\\/uploads\\\/2023\\\/02\\\/extreme-multifire.jpg\",\"datePublished\":\"2023-02-12T06:32:17+00:00\",\"dateModified\":\"2025-11-18T04:34:41+00:00\",\"description\":\"Le jeu Extreme Multifire Roulette offre des chances de gagner 2500x la mise en une seule ronde. Avec 100$ \u00e7a fait un jackpot de 250'000$.\",\"breadcrumb\":{\"@id\":\"https:\\\/\\\/www.onlineroulette.tech\\\/fr\\\/home\\\/extreme-multifire-roulette\\\/#breadcrumb\"},\"inLanguage\":\"fr-CA\",\"potentialAction\":[{\"@type\":\"ReadAction\",\"target\":[\"https:\\\/\\\/www.onlineroulette.tech\\\/fr\\\/home\\\/extreme-multifire-roulette\\\/\"]}]},{\"@type\":\"ImageObject\",\"inLanguage\":\"fr-CA\",\"@id\":\"https:\\\/\\\/www.onlineroulette.tech\\\/fr\\\/home\\\/extreme-multifire-roulette\\\/#primaryimage\",\"url\":\"https:\\\/\\\/www.onlineroulette.tech\\\/fr\\\/wp-content\\\/uploads\\\/2023\\\/02\\\/extreme-multifire.jpg\",\"contentUrl\":\"https:\\\/\\\/www.onlineroulette.tech\\\/fr\\\/wp-content\\\/uploads\\\/2023\\\/02\\\/extreme-multifire.jpg\",\"width\":770,\"height\":400,\"caption\":\"Extreme Multifire Roulette de Switch Studios\"},{\"@type\":\"BreadcrumbList\",\"@id\":\"https:\\\/\\\/www.onlineroulette.tech\\\/fr\\\/home\\\/extreme-multifire-roulette\\\/#breadcrumb\",\"itemListElement\":[{\"@type\":\"ListItem\",\"position\":1,\"name\":\"Accueil\",\"item\":\"https:\\\/\\\/www.onlineroulette.tech\\\/fr\\\/\"},{\"@type\":\"ListItem\",\"position\":2,\"name\":\"Roulette\",\"item\":\"https:\\\/\\\/www.onlineroulette.tech\\\/fr\\\/\"},{\"@type\":\"ListItem\",\"position\":3,\"name\":\"Extreme Multifire Roulette\"}]},{\"@type\":\"WebSite\",\"@id\":\"https:\\\/\\\/www.onlineroulette.tech\\\/fr\\\/#website\",\"url\":\"https:\\\/\\\/www.onlineroulette.tech\\\/fr\\\/\",\"name\":\"Roulette en Ligne\",\"description\":\"Roulette Guide\",\"publisher\":{\"@id\":\"https:\\\/\\\/www.onlineroulette.tech\\\/fr\\\/#organization\"},\"potentialAction\":[{\"@type\":\"SearchAction\",\"target\":{\"@type\":\"EntryPoint\",\"urlTemplate\":\"https:\\\/\\\/www.onlineroulette.tech\\\/fr\\\/?s={search_term_string}\"},\"query-input\":{\"@type\":\"PropertyValueSpecification\",\"valueRequired\":true,\"valueName\":\"search_term_string\"}}],\"inLanguage\":\"fr-CA\"},{\"@type\":\"Organization\",\"@id\":\"https:\\\/\\\/www.onlineroulette.tech\\\/fr\\\/#organization\",\"name\":\"Roulette en Ligne\",\"url\":\"https:\\\/\\\/www.onlineroulette.tech\\\/fr\\\/\",\"logo\":{\"@type\":\"ImageObject\",\"inLanguage\":\"fr-CA\",\"@id\":\"https:\\\/\\\/www.onlineroulette.tech\\\/fr\\\/#\\\/schema\\\/logo\\\/image\\\/\",\"url\":\"https:\\\/\\\/www.onlineroulette.tech\\\/fr\\\/wp-content\\\/uploads\\\/2022\\\/01\\\/logo.jpg\",\"contentUrl\":\"https:\\\/\\\/www.onlineroulette.tech\\\/fr\\\/wp-content\\\/uploads\\\/2022\\\/01\\\/logo.jpg\",\"width\":280,\"height\":115,\"caption\":\"Roulette en Ligne\"},\"image\":{\"@id\":\"https:\\\/\\\/www.onlineroulette.tech\\\/fr\\\/#\\\/schema\\\/logo\\\/image\\\/\"}}]}<\/script>\n<!-- \/ Yoast SEO plugin. -->","yoast_head_json":{"title":"Extreme Multifire Roulette - Gagner de 2500x La Mise","description":"Le jeu Extreme Multifire Roulette offre des chances de gagner 2500x la mise en une seule ronde. Avec 100$ \u00e7a fait un jackpot de 250'000$.","robots":{"index":"index","follow":"follow","max-snippet":"max-snippet:-1","max-image-preview":"max-image-preview:large","max-video-preview":"max-video-preview:-1"},"canonical":"https:\/\/www.onlineroulette.tech\/fr\/home\/extreme-multifire-roulette\/","og_locale":"fr_CA","og_type":"article","og_title":"Extreme Multifire Roulette - Gagner de 2500x La Mise","og_description":"Le jeu Extreme Multifire Roulette offre des chances de gagner 2500x la mise en une seule ronde. Avec 100$ \u00e7a fait un jackpot de 250'000$.","og_url":"https:\/\/www.onlineroulette.tech\/fr\/home\/extreme-multifire-roulette\/","og_site_name":"Roulette en Ligne","article_modified_time":"2025-11-18T04:34:41+00:00","og_image":[{"width":770,"height":400,"url":"https:\/\/www.onlineroulette.tech\/fr\/wp-content\/uploads\/2023\/02\/extreme-multifire.jpg","type":"image\/jpeg"}],"twitter_card":"summary_large_image","twitter_misc":{"Estimation du temps de lecture":"7 minutes"},"schema":{"@context":"https:\/\/schema.org","@graph":[{"@type":"WebPage","@id":"https:\/\/www.onlineroulette.tech\/fr\/home\/extreme-multifire-roulette\/","url":"https:\/\/www.onlineroulette.tech\/fr\/home\/extreme-multifire-roulette\/","name":"Extreme Multifire Roulette - Gagner de 2500x La Mise","isPartOf":{"@id":"https:\/\/www.onlineroulette.tech\/fr\/#website"},"primaryImageOfPage":{"@id":"https:\/\/www.onlineroulette.tech\/fr\/home\/extreme-multifire-roulette\/#primaryimage"},"image":{"@id":"https:\/\/www.onlineroulette.tech\/fr\/home\/extreme-multifire-roulette\/#primaryimage"},"thumbnailUrl":"https:\/\/www.onlineroulette.tech\/fr\/wp-content\/uploads\/2023\/02\/extreme-multifire.jpg","datePublished":"2023-02-12T06:32:17+00:00","dateModified":"2025-11-18T04:34:41+00:00","description":"Le jeu Extreme Multifire Roulette offre des chances de gagner 2500x la mise en une seule ronde. Avec 100$ \u00e7a fait un jackpot de 250'000$.","breadcrumb":{"@id":"https:\/\/www.onlineroulette.tech\/fr\/home\/extreme-multifire-roulette\/#breadcrumb"},"inLanguage":"fr-CA","potentialAction":[{"@type":"ReadAction","target":["https:\/\/www.onlineroulette.tech\/fr\/home\/extreme-multifire-roulette\/"]}]},{"@type":"ImageObject","inLanguage":"fr-CA","@id":"https:\/\/www.onlineroulette.tech\/fr\/home\/extreme-multifire-roulette\/#primaryimage","url":"https:\/\/www.onlineroulette.tech\/fr\/wp-content\/uploads\/2023\/02\/extreme-multifire.jpg","contentUrl":"https:\/\/www.onlineroulette.tech\/fr\/wp-content\/uploads\/2023\/02\/extreme-multifire.jpg","width":770,"height":400,"caption":"Extreme Multifire Roulette de Switch Studios"},{"@type":"BreadcrumbList","@id":"https:\/\/www.onlineroulette.tech\/fr\/home\/extreme-multifire-roulette\/#breadcrumb","itemListElement":[{"@type":"ListItem","position":1,"name":"Accueil","item":"https:\/\/www.onlineroulette.tech\/fr\/"},{"@type":"ListItem","position":2,"name":"Roulette","item":"https:\/\/www.onlineroulette.tech\/fr\/"},{"@type":"ListItem","position":3,"name":"Extreme Multifire Roulette"}]},{"@type":"WebSite","@id":"https:\/\/www.onlineroulette.tech\/fr\/#website","url":"https:\/\/www.onlineroulette.tech\/fr\/","name":"Roulette en Ligne","description":"Roulette Guide","publisher":{"@id":"https:\/\/www.onlineroulette.tech\/fr\/#organization"},"potentialAction":[{"@type":"SearchAction","target":{"@type":"EntryPoint","urlTemplate":"https:\/\/www.onlineroulette.tech\/fr\/?s={search_term_string}"},"query-input":{"@type":"PropertyValueSpecification","valueRequired":true,"valueName":"search_term_string"}}],"inLanguage":"fr-CA"},{"@type":"Organization","@id":"https:\/\/www.onlineroulette.tech\/fr\/#organization","name":"Roulette en Ligne","url":"https:\/\/www.onlineroulette.tech\/fr\/","logo":{"@type":"ImageObject","inLanguage":"fr-CA","@id":"https:\/\/www.onlineroulette.tech\/fr\/#\/schema\/logo\/image\/","url":"https:\/\/www.onlineroulette.tech\/fr\/wp-content\/uploads\/2022\/01\/logo.jpg","contentUrl":"https:\/\/www.onlineroulette.tech\/fr\/wp-content\/uploads\/2022\/01\/logo.jpg","width":280,"height":115,"caption":"Roulette en Ligne"},"image":{"@id":"https:\/\/www.onlineroulette.tech\/fr\/#\/schema\/logo\/image\/"}}]}},"_links":{"self":[{"href":"https:\/\/www.onlineroulette.tech\/fr\/wp-json\/wp\/v2\/pages\/3118","targetHints":{"allow":["GET"]}}],"collection":[{"href":"https:\/\/www.onlineroulette.tech\/fr\/wp-json\/wp\/v2\/pages"}],"about":[{"href":"https:\/\/www.onlineroulette.tech\/fr\/wp-json\/wp\/v2\/types\/page"}],"author":[{"embeddable":true,"href":"https:\/\/www.onlineroulette.tech\/fr\/wp-json\/wp\/v2\/users\/1"}],"replies":[{"embeddable":true,"href":"https:\/\/www.onlineroulette.tech\/fr\/wp-json\/wp\/v2\/comments?post=3118"}],"version-history":[{"count":36,"href":"https:\/\/www.onlineroulette.tech\/fr\/wp-json\/wp\/v2\/pages\/3118\/revisions"}],"predecessor-version":[{"id":3742,"href":"https:\/\/www.onlineroulette.tech\/fr\/wp-json\/wp\/v2\/pages\/3118\/revisions\/3742"}],"up":[{"embeddable":true,"href":"https:\/\/www.onlineroulette.tech\/fr\/wp-json\/wp\/v2\/pages\/38"}],"wp:attachment":[{"href":"https:\/\/www.onlineroulette.tech\/fr\/wp-json\/wp\/v2\/media?parent=3118"}],"curies":[{"name":"wp","href":"https:\/\/api.w.org\/{rel}","templated":true}]}}