{"id":310,"date":"2020-12-14T09:56:48","date_gmt":"2020-12-14T09:56:48","guid":{"rendered":"https:\/\/www.onlineroulette.tech\/fr\/?page_id=310"},"modified":"2025-11-18T04:35:22","modified_gmt":"2025-11-18T04:35:22","slug":"materiel","status":"publish","type":"page","link":"https:\/\/www.onlineroulette.tech\/fr\/materiel\/","title":{"rendered":"Mat\u00e9riel et Annonces"},"content":{"rendered":"<div class=\"su-row\"><div class=\"su-column su-column-size-2-3\"><div class=\"su-column-inner su-u-clearfix su-u-trim\">Le mat\u00e9riel et les annonces \u00e0 la roulette de casino. <!--more-->Que vous soyez dans une maison de jeu au Canada, dans un complexe \u00e0 Las Vegas ou sur un casino en ligne, voici les bases \u00e0 conna\u00eetre avant de parier des jetons \u00e0 la table de jeu.<\/p>\n<h2>La roulette<\/h2>\n<p>La roue inclut le cylindre et les cases avec les num\u00e9ros incrust\u00e9s. Il y a aussi sur la surface de la roue, au-dessus des num\u00e9ros, des petits taquets. Sur le bord de la roue il y a la rainure, c&rsquo;est l\u00e0 que la bille est lanc\u00e9e \u00e0 chaque tour. Lorsque la bille est lanc\u00e9e, elle est \u00e0 pleine vitesse. Lorsqu&rsquo;elle ralentit elle ricoche plusieurs fois sur les taquets, puis finit sa route dans une case num\u00e9rot\u00e9e.<br \/>\n<\/div><\/div>\n<div class=\"su-column su-column-size-1-3\"><div class=\"su-column-inner su-u-clearfix su-u-trim\"><img loading=\"lazy\" decoding=\"async\" title=\"Le tapis et le cylindre de la roulette\" src=\"https:\/\/www.onlineroulette.tech\/fr\/wp-content\/uploads\/2020\/12\/tapis-roue.jpg\" alt=\"Le tapis et le cylindre de la roulette\" width=\"380\" height=\"186\" class=\"alignnone size-full wp-image-798\" srcset=\"https:\/\/www.onlineroulette.tech\/fr\/wp-content\/uploads\/2020\/12\/tapis-roue.jpg 380w, https:\/\/www.onlineroulette.tech\/fr\/wp-content\/uploads\/2020\/12\/tapis-roue-300x147.jpg 300w\" sizes=\"auto, (max-width: 380px) 100vw, 380px\" \/><\/div><\/div><\/div>\n<h2>Le cylindre de la roue<\/h2>\n<p>Le croupier fait tourner le cylindre pour que la roue tourne. Ce m\u00e9canisme manuel est iconique au casino. Il est \u00e0 noter qu&rsquo;\u00e0 chaque tour le cylindre est tourn\u00e9 dans un sens, et la bille est lanc\u00e9e dans le sens inverse.<\/p>\n<h2>La bille<\/h2>\n<div class=\"su-row\"><div class=\"su-column su-column-size-2-3\"><div class=\"su-column-inner su-u-clearfix su-u-trim\">D\u00e8s que le cylindre est tourn\u00e9, la bille est lanc\u00e9e. \u00c0 la surface de la roue les petits taquets incrust\u00e9s font rebondir la bille dans tous les sens. D\u00e8s que la bille perd de sa vitesse elle va se loger dans une case num\u00e9rot\u00e9e.<\/p>\n<p>En g\u00e9n\u00e9ral la bille est de couleur blanche. Dans les salles VIP des gros parieurs elle est souvent en Or ou en platine.<\/div><\/div>\n<div class=\"su-column su-column-size-1-3\"><div class=\"su-column-inner su-u-clearfix su-u-trim\"><img loading=\"lazy\" decoding=\"async\" title=\"La bille dans sa case \u00e0 num\u00e9ro\" src=\"https:\/\/www.onlineroulette.tech\/fr\/wp-content\/uploads\/2020\/12\/bille-numero.jpg\" alt=\"La bille dans sa case \u00e0 num\u00e9ro\" width=\"380\" height=\"186\" class=\"alignnone size-full wp-image-799\" srcset=\"https:\/\/www.onlineroulette.tech\/fr\/wp-content\/uploads\/2020\/12\/bille-numero.jpg 380w, https:\/\/www.onlineroulette.tech\/fr\/wp-content\/uploads\/2020\/12\/bille-numero-300x147.jpg 300w\" sizes=\"auto, (max-width: 380px) 100vw, 380px\" \/><\/div><\/div><\/div>\n<h2>Le tapis<\/h2>\n<p>Le tapis est de couleur verte. Dans les casinos les plus high-tech il est parfois de couleur bleue ou rouge. Les num\u00e9ros du rectangle sont de 1 \u00e0 36. Le Z\u00e9ro est vert (et le double Z\u00e9ro \u00e0 la roulette Am\u00e9ricaine aussi). Les num\u00e9ros se suivent sur le tapis. Au tour du rectangle des num\u00e9ros il y a les paris sur les chances simples, et les paris sur les douzaines.<\/p>\n<h2>Paris internes sur les num\u00e9ros<\/h2>\n<div class=\"su-row\"><div class=\"su-column su-column-size-2-3\"><div class=\"su-column-inner su-u-clearfix su-u-trim\">Ce sont les mises sur les num\u00e9ros du tapis. On peut y parier sur un seul num\u00e9ro ou un groupe de num\u00e9ros qui se touchent.<\/p>\n<p>Les cotes de gains sur les paris internes varient de 5 \u00e0 35 fois la mise.<\/div><\/div>\n<div class=\"su-column su-column-size-1-3\"><div class=\"su-column-inner su-u-clearfix su-u-trim\"><img loading=\"lazy\" decoding=\"async\" title=\"Les jetons pari\u00e9s sur des num\u00e9ros\" src=\"https:\/\/www.onlineroulette.tech\/fr\/wp-content\/uploads\/2020\/12\/parier-tapis.jpg\" alt=\"Les jetons pari\u00e9s sur des num\u00e9ros\" width=\"380\" height=\"186\" class=\"alignnone size-full wp-image-800\" srcset=\"https:\/\/www.onlineroulette.tech\/fr\/wp-content\/uploads\/2020\/12\/parier-tapis.jpg 380w, https:\/\/www.onlineroulette.tech\/fr\/wp-content\/uploads\/2020\/12\/parier-tapis-300x147.jpg 300w\" sizes=\"auto, (max-width: 380px) 100vw, 380px\" \/><\/div><\/div><\/div>\n<h2>Paris externes aux chances simples<\/h2>\n<p>Ce sont les mises se situant autour du rectangle des num\u00e9ros. Il y a les chances simples qui payent 1:1 lors de victoires (la Couleur, la parit\u00e9, la hauteur du tapis), et les paris 2:1 qui se font sur 12 num\u00e9ros.<\/p>\n<h2>Les jetons<\/h2>\n<div class=\"su-row\"><div class=\"su-column su-column-size-2-3\"><div class=\"su-column-inner su-u-clearfix su-u-trim\">\u00c0 la roulette de casino on ne mise jamais avec de l&rsquo;esp\u00e8ce. L&rsquo;argent est \u00e0 changer \u00e0 la caisse du casino. Les cartes de cr\u00e9dit et de d\u00e9bit sont aussi accept\u00e9es. Sur un <a title=\"casino en ligne s\u00e9rieux\" href=\"https:\/\/www.onlineroulette.tech\/fr\/casino\/\">casino en ligne s\u00e9rieux<\/a> tout s&rsquo;op\u00e8re via la page Banque.<\/p>\n<p>Si vous avez gagn\u00e9 de l&rsquo;argent et d\u00e9cid\u00e9 d&rsquo;arr\u00eater de jouer, passez \u00e0 la caisse pour \u00e9changer vos jetons contre du cash ! C&rsquo;est idem si vous ne voulez plus jouer et changer vos jetons.<br \/>\n&nbsp;<br \/>\n<\/div><\/div>\n<div class=\"su-column su-column-size-1-3\"><div class=\"su-column-inner su-u-clearfix su-u-trim\"><img loading=\"lazy\" decoding=\"async\" title=\"Les jetons dans leur casier\" src=\"https:\/\/www.onlineroulette.tech\/fr\/wp-content\/uploads\/2020\/12\/jetons-casino.jpg\" alt=\"Les jetons dans leur casier\" width=\"380\" height=\"186\" class=\"alignnone size-full wp-image-801\" srcset=\"https:\/\/www.onlineroulette.tech\/fr\/wp-content\/uploads\/2020\/12\/jetons-casino.jpg 380w, https:\/\/www.onlineroulette.tech\/fr\/wp-content\/uploads\/2020\/12\/jetons-casino-300x147.jpg 300w\" sizes=\"auto, (max-width: 380px) 100vw, 380px\" \/><\/div><\/div><\/div>\n<h2>Les limites de jeu<\/h2>\n<p>Chaque roulette de casino a des limites basses et hautes de paris. Pourquoi il y a un plafond maximal sur les paris ? C&rsquo;est pour \u00e9viter que des joueurs fous tentent de <a title=\"faire sauter la Banque\" href=\"https:\/\/www.onlineroulette.tech\/fr\/strategies\/\">faire sauter la Banque<\/a>.<\/p>\n<h2>Le r\u00e2teau<\/h2>\n<div class=\"su-row\"><div class=\"su-column su-column-size-2-3\"><div class=\"su-column-inner su-u-clearfix su-u-trim\">C&rsquo;est une tige que le croupier utilise pour d\u00e9placer les jetons sur le tapis. Vous ne la voyez qu&rsquo;aux tables VIP des joueurs fortun\u00e9s ! Le croupier l&rsquo;utilise pour retirer les paris perdant sur le tapis, ainsi que pour faire les paiements aux gagnants.<br \/>\n&nbsp;<br \/>\nL&rsquo;agilit\u00e9 du croupier lui permet de d\u00e9placer les jetons sur le tapis sans les toucher avec ses mains. Sur un casino en ligne VIP live le proc\u00e9d\u00e9 est le m\u00eame.<\/div><\/div>\n<div class=\"su-column su-column-size-1-3\"><div class=\"su-column-inner su-u-clearfix su-u-trim\">\n<img loading=\"lazy\" decoding=\"async\" title=\"Prise des jetons avec le r\u00e2teau\" src=\"https:\/\/www.onlineroulette.tech\/fr\/wp-content\/uploads\/2020\/12\/rateau-jeton.jpg\" alt=\"Prise des jetons avec le r\u00e2teau\" width=\"380\" height=\"186\" class=\"alignnone size-full wp-image-802\" srcset=\"https:\/\/www.onlineroulette.tech\/fr\/wp-content\/uploads\/2020\/12\/rateau-jeton.jpg 380w, https:\/\/www.onlineroulette.tech\/fr\/wp-content\/uploads\/2020\/12\/rateau-jeton-300x147.jpg 300w\" sizes=\"auto, (max-width: 380px) 100vw, 380px\" \/><\/div><\/div><\/div>\n<h2>Les annonces du croupier<\/h2>\n<p>Toute la splendeur du jeu de la roulette se passe aussi avec les annonces des croupiers. Que vous soyez sur un <a title=\"site de roulette\" href=\"https:\/\/www.onlineroulette.tech\/fr\/\">site de roulette<\/a> au Canada, au Casino de Montr\u00e9al, ou dans un casino local partout ailleurs, les annonces donnent de la dimension au jeu. Les annonces courantes sont :<div class=\"su-row\"><div class=\"su-column su-column-size-1-2\"><div class=\"su-column-inner su-u-clearfix su-u-trim\">\n<ol>\n<li>Faites vos jeux !<\/li>\n<li>Rien ne va plus !<\/li>\n<\/ol>\n<\/div><\/div>\n<div class=\"su-column su-column-size-1-2\"><div class=\"su-column-inner su-u-clearfix su-u-trim\">\n<p>Lorsque la bille atterrit sur un num\u00e9ro le croupier fait l&rsquo;annonce \u00e0 voix haute. Il commence par le num\u00e9ro, puis la couleur, la parit\u00e9 et finalement passe ou manque.<br \/>\nSi par exemple le 17 est le num\u00e9ro sortant, le croupier annonce : LE 17, NOIR, IMPAIR et MANQUE.<br \/>\n<\/div><\/div><\/div>\n<h2>Historique des num\u00e9ros<\/h2>\n<p>\u00c0 chaque table les num\u00e9ros sortis sont affich\u00e9s sur un panneau lumineux. Ces panneaux ont deux colonnes : \u00e0 gauche les num\u00e9ros rouges et \u00e0 droite les num\u00e9ros noirs. Y jeter un coup d&rsquo;\u0153il est int\u00e9ressant pour suivre les cycles des num\u00e9ros. Il n&rsquo;est pas rare d&rsquo;y voir qu&rsquo;une couleur sorte plus de cinq fois de suite. Lorsqu&rsquo;un m\u00eame num\u00e9ro sort deux fois de suite, il y a de l&rsquo;excitation. \u00c0 ce moment vous voyez des joueurs s&rsquo;agiter et parier sur ce num\u00e9ro. Ils se disent qu&rsquo;il n&rsquo;y a jamais deux sans trois, et tentent souvent le ALL-IN !<br \/>\n&nbsp;<\/p>\n","protected":false},"excerpt":{"rendered":"<p>Le mat\u00e9riel et les annonces \u00e0 la roulette de casino.<\/p>\n","protected":false},"author":1,"featured_media":0,"parent":0,"menu_order":0,"comment_status":"closed","ping_status":"closed","template":"template-fullwidth.php","meta":{"footnotes":""},"class_list":["post-310","page","type-page","status-publish","hentry"],"yoast_head":"<!-- This site is optimized with the Yoast SEO plugin v27.5 - https:\/\/yoast.com\/product\/yoast-seo-wordpress\/ -->\n<title>Mat\u00e9riel et Annonces \u00e0 la Roulette - La Roue, La Bille, Le Tapis<\/title>\n<meta name=\"description\" content=\"La liste du mat\u00e9riel et les annonces du croupier \u00e0 la roulette de casino. Comment \u00e7a marche et quoi savoir avant de faire son premier pari ?\" \/>\n<meta name=\"robots\" content=\"index, follow, max-snippet:-1, max-image-preview:large, max-video-preview:-1\" \/>\n<link rel=\"canonical\" href=\"https:\/\/www.onlineroulette.tech\/fr\/materiel\/\" \/>\n<meta property=\"og:locale\" content=\"fr_CA\" \/>\n<meta property=\"og:type\" content=\"article\" \/>\n<meta property=\"og:title\" content=\"Mat\u00e9riel et Annonces \u00e0 la Roulette - La Roue, La Bille, Le Tapis\" \/>\n<meta property=\"og:description\" content=\"La liste du mat\u00e9riel et les annonces du croupier \u00e0 la roulette de casino. Comment \u00e7a marche et quoi savoir avant de faire son premier pari ?\" \/>\n<meta property=\"og:url\" content=\"https:\/\/www.onlineroulette.tech\/fr\/materiel\/\" \/>\n<meta property=\"og:site_name\" content=\"Roulette en Ligne\" \/>\n<meta property=\"article:modified_time\" content=\"2025-11-18T04:35:22+00:00\" \/>\n<meta property=\"og:image\" content=\"https:\/\/www.onlineroulette.tech\/fr\/wp-content\/uploads\/2020\/12\/tapis-roue.jpg\" \/>\n\t<meta property=\"og:image:width\" content=\"380\" \/>\n\t<meta property=\"og:image:height\" content=\"186\" \/>\n\t<meta property=\"og:image:type\" content=\"image\/jpeg\" \/>\n<meta name=\"twitter:card\" content=\"summary_large_image\" \/>\n<meta name=\"twitter:label1\" content=\"Estimation du temps de lecture\" \/>\n\t<meta name=\"twitter:data1\" content=\"6 minutes\" \/>\n<script type=\"application\/ld+json\" class=\"yoast-schema-graph\">{\"@context\":\"https:\\\/\\\/schema.org\",\"@graph\":[{\"@type\":\"WebPage\",\"@id\":\"https:\\\/\\\/www.onlineroulette.tech\\\/fr\\\/materiel\\\/\",\"url\":\"https:\\\/\\\/www.onlineroulette.tech\\\/fr\\\/materiel\\\/\",\"name\":\"Mat\u00e9riel et Annonces \u00e0 la Roulette - La Roue, La Bille, Le Tapis\",\"isPartOf\":{\"@id\":\"https:\\\/\\\/www.onlineroulette.tech\\\/fr\\\/#website\"},\"primaryImageOfPage\":{\"@id\":\"https:\\\/\\\/www.onlineroulette.tech\\\/fr\\\/materiel\\\/#primaryimage\"},\"image\":{\"@id\":\"https:\\\/\\\/www.onlineroulette.tech\\\/fr\\\/materiel\\\/#primaryimage\"},\"thumbnailUrl\":\"https:\\\/\\\/www.onlineroulette.tech\\\/fr\\\/wp-content\\\/uploads\\\/2020\\\/12\\\/tapis-roue.jpg\",\"datePublished\":\"2020-12-14T09:56:48+00:00\",\"dateModified\":\"2025-11-18T04:35:22+00:00\",\"description\":\"La liste du mat\u00e9riel et les annonces du croupier \u00e0 la roulette de casino. Comment \u00e7a marche et quoi savoir avant de faire son premier pari ?\",\"breadcrumb\":{\"@id\":\"https:\\\/\\\/www.onlineroulette.tech\\\/fr\\\/materiel\\\/#breadcrumb\"},\"inLanguage\":\"fr-CA\",\"potentialAction\":[{\"@type\":\"ReadAction\",\"target\":[\"https:\\\/\\\/www.onlineroulette.tech\\\/fr\\\/materiel\\\/\"]}]},{\"@type\":\"ImageObject\",\"inLanguage\":\"fr-CA\",\"@id\":\"https:\\\/\\\/www.onlineroulette.tech\\\/fr\\\/materiel\\\/#primaryimage\",\"url\":\"https:\\\/\\\/www.onlineroulette.tech\\\/fr\\\/wp-content\\\/uploads\\\/2020\\\/12\\\/tapis-roue.jpg\",\"contentUrl\":\"https:\\\/\\\/www.onlineroulette.tech\\\/fr\\\/wp-content\\\/uploads\\\/2020\\\/12\\\/tapis-roue.jpg\",\"width\":380,\"height\":186,\"caption\":\"Le tapis et le cylindre de la roulette\"},{\"@type\":\"BreadcrumbList\",\"@id\":\"https:\\\/\\\/www.onlineroulette.tech\\\/fr\\\/materiel\\\/#breadcrumb\",\"itemListElement\":[{\"@type\":\"ListItem\",\"position\":1,\"name\":\"Accueil\",\"item\":\"https:\\\/\\\/www.onlineroulette.tech\\\/fr\\\/\"},{\"@type\":\"ListItem\",\"position\":2,\"name\":\"Mat\u00e9riel et Annonces\"}]},{\"@type\":\"WebSite\",\"@id\":\"https:\\\/\\\/www.onlineroulette.tech\\\/fr\\\/#website\",\"url\":\"https:\\\/\\\/www.onlineroulette.tech\\\/fr\\\/\",\"name\":\"Roulette en Ligne\",\"description\":\"Roulette Guide\",\"publisher\":{\"@id\":\"https:\\\/\\\/www.onlineroulette.tech\\\/fr\\\/#organization\"},\"potentialAction\":[{\"@type\":\"SearchAction\",\"target\":{\"@type\":\"EntryPoint\",\"urlTemplate\":\"https:\\\/\\\/www.onlineroulette.tech\\\/fr\\\/?s={search_term_string}\"},\"query-input\":{\"@type\":\"PropertyValueSpecification\",\"valueRequired\":true,\"valueName\":\"search_term_string\"}}],\"inLanguage\":\"fr-CA\"},{\"@type\":\"Organization\",\"@id\":\"https:\\\/\\\/www.onlineroulette.tech\\\/fr\\\/#organization\",\"name\":\"Roulette en Ligne\",\"url\":\"https:\\\/\\\/www.onlineroulette.tech\\\/fr\\\/\",\"logo\":{\"@type\":\"ImageObject\",\"inLanguage\":\"fr-CA\",\"@id\":\"https:\\\/\\\/www.onlineroulette.tech\\\/fr\\\/#\\\/schema\\\/logo\\\/image\\\/\",\"url\":\"https:\\\/\\\/www.onlineroulette.tech\\\/fr\\\/wp-content\\\/uploads\\\/2022\\\/01\\\/logo.jpg\",\"contentUrl\":\"https:\\\/\\\/www.onlineroulette.tech\\\/fr\\\/wp-content\\\/uploads\\\/2022\\\/01\\\/logo.jpg\",\"width\":280,\"height\":115,\"caption\":\"Roulette en Ligne\"},\"image\":{\"@id\":\"https:\\\/\\\/www.onlineroulette.tech\\\/fr\\\/#\\\/schema\\\/logo\\\/image\\\/\"}}]}<\/script>\n<!-- \/ Yoast SEO plugin. -->","yoast_head_json":{"title":"Mat\u00e9riel et Annonces \u00e0 la Roulette - La Roue, La Bille, Le Tapis","description":"La liste du mat\u00e9riel et les annonces du croupier \u00e0 la roulette de casino. Comment \u00e7a marche et quoi savoir avant de faire son premier pari ?","robots":{"index":"index","follow":"follow","max-snippet":"max-snippet:-1","max-image-preview":"max-image-preview:large","max-video-preview":"max-video-preview:-1"},"canonical":"https:\/\/www.onlineroulette.tech\/fr\/materiel\/","og_locale":"fr_CA","og_type":"article","og_title":"Mat\u00e9riel et Annonces \u00e0 la Roulette - La Roue, La Bille, Le Tapis","og_description":"La liste du mat\u00e9riel et les annonces du croupier \u00e0 la roulette de casino. Comment \u00e7a marche et quoi savoir avant de faire son premier pari ?","og_url":"https:\/\/www.onlineroulette.tech\/fr\/materiel\/","og_site_name":"Roulette en Ligne","article_modified_time":"2025-11-18T04:35:22+00:00","og_image":[{"width":380,"height":186,"url":"https:\/\/www.onlineroulette.tech\/fr\/wp-content\/uploads\/2020\/12\/tapis-roue.jpg","type":"image\/jpeg"}],"twitter_card":"summary_large_image","twitter_misc":{"Estimation du temps de lecture":"6 minutes"},"schema":{"@context":"https:\/\/schema.org","@graph":[{"@type":"WebPage","@id":"https:\/\/www.onlineroulette.tech\/fr\/materiel\/","url":"https:\/\/www.onlineroulette.tech\/fr\/materiel\/","name":"Mat\u00e9riel et Annonces \u00e0 la Roulette - La Roue, La Bille, Le Tapis","isPartOf":{"@id":"https:\/\/www.onlineroulette.tech\/fr\/#website"},"primaryImageOfPage":{"@id":"https:\/\/www.onlineroulette.tech\/fr\/materiel\/#primaryimage"},"image":{"@id":"https:\/\/www.onlineroulette.tech\/fr\/materiel\/#primaryimage"},"thumbnailUrl":"https:\/\/www.onlineroulette.tech\/fr\/wp-content\/uploads\/2020\/12\/tapis-roue.jpg","datePublished":"2020-12-14T09:56:48+00:00","dateModified":"2025-11-18T04:35:22+00:00","description":"La liste du mat\u00e9riel et les annonces du croupier \u00e0 la roulette de casino. Comment \u00e7a marche et quoi savoir avant de faire son premier pari ?","breadcrumb":{"@id":"https:\/\/www.onlineroulette.tech\/fr\/materiel\/#breadcrumb"},"inLanguage":"fr-CA","potentialAction":[{"@type":"ReadAction","target":["https:\/\/www.onlineroulette.tech\/fr\/materiel\/"]}]},{"@type":"ImageObject","inLanguage":"fr-CA","@id":"https:\/\/www.onlineroulette.tech\/fr\/materiel\/#primaryimage","url":"https:\/\/www.onlineroulette.tech\/fr\/wp-content\/uploads\/2020\/12\/tapis-roue.jpg","contentUrl":"https:\/\/www.onlineroulette.tech\/fr\/wp-content\/uploads\/2020\/12\/tapis-roue.jpg","width":380,"height":186,"caption":"Le tapis et le cylindre de la roulette"},{"@type":"BreadcrumbList","@id":"https:\/\/www.onlineroulette.tech\/fr\/materiel\/#breadcrumb","itemListElement":[{"@type":"ListItem","position":1,"name":"Accueil","item":"https:\/\/www.onlineroulette.tech\/fr\/"},{"@type":"ListItem","position":2,"name":"Mat\u00e9riel et Annonces"}]},{"@type":"WebSite","@id":"https:\/\/www.onlineroulette.tech\/fr\/#website","url":"https:\/\/www.onlineroulette.tech\/fr\/","name":"Roulette en Ligne","description":"Roulette Guide","publisher":{"@id":"https:\/\/www.onlineroulette.tech\/fr\/#organization"},"potentialAction":[{"@type":"SearchAction","target":{"@type":"EntryPoint","urlTemplate":"https:\/\/www.onlineroulette.tech\/fr\/?s={search_term_string}"},"query-input":{"@type":"PropertyValueSpecification","valueRequired":true,"valueName":"search_term_string"}}],"inLanguage":"fr-CA"},{"@type":"Organization","@id":"https:\/\/www.onlineroulette.tech\/fr\/#organization","name":"Roulette en Ligne","url":"https:\/\/www.onlineroulette.tech\/fr\/","logo":{"@type":"ImageObject","inLanguage":"fr-CA","@id":"https:\/\/www.onlineroulette.tech\/fr\/#\/schema\/logo\/image\/","url":"https:\/\/www.onlineroulette.tech\/fr\/wp-content\/uploads\/2022\/01\/logo.jpg","contentUrl":"https:\/\/www.onlineroulette.tech\/fr\/wp-content\/uploads\/2022\/01\/logo.jpg","width":280,"height":115,"caption":"Roulette en Ligne"},"image":{"@id":"https:\/\/www.onlineroulette.tech\/fr\/#\/schema\/logo\/image\/"}}]}},"_links":{"self":[{"href":"https:\/\/www.onlineroulette.tech\/fr\/wp-json\/wp\/v2\/pages\/310","targetHints":{"allow":["GET"]}}],"collection":[{"href":"https:\/\/www.onlineroulette.tech\/fr\/wp-json\/wp\/v2\/pages"}],"about":[{"href":"https:\/\/www.onlineroulette.tech\/fr\/wp-json\/wp\/v2\/types\/page"}],"author":[{"embeddable":true,"href":"https:\/\/www.onlineroulette.tech\/fr\/wp-json\/wp\/v2\/users\/1"}],"replies":[{"embeddable":true,"href":"https:\/\/www.onlineroulette.tech\/fr\/wp-json\/wp\/v2\/comments?post=310"}],"version-history":[{"count":36,"href":"https:\/\/www.onlineroulette.tech\/fr\/wp-json\/wp\/v2\/pages\/310\/revisions"}],"predecessor-version":[{"id":3748,"href":"https:\/\/www.onlineroulette.tech\/fr\/wp-json\/wp\/v2\/pages\/310\/revisions\/3748"}],"wp:attachment":[{"href":"https:\/\/www.onlineroulette.tech\/fr\/wp-json\/wp\/v2\/media?parent=310"}],"curies":[{"name":"wp","href":"https:\/\/api.w.org\/{rel}","templated":true}]}}