{"id":30,"date":"2020-11-26T07:58:32","date_gmt":"2020-11-26T07:58:32","guid":{"rendered":"https:\/\/www.onlineroulette.tech\/fr\/?page_id=30"},"modified":"2025-11-18T04:36:09","modified_gmt":"2025-11-18T04:36:09","slug":"casino","status":"publish","type":"page","link":"https:\/\/www.onlineroulette.tech\/fr\/casino\/","title":{"rendered":"Casino en Ligne L\u00e9gal au Qu\u00e9bec"},"content":{"rendered":"<div class=\"su-row\"><div class=\"su-column su-column-size-2-3\"><div class=\"su-column-inner su-u-clearfix su-u-trim\">Vous cherchez \u00e0 vivre l\u2019exp\u00e9rience d&rsquo;un casino en ligne de confiance et avec de gros gains ? <!--more-->Ici les casinos en ligne les plus s\u00e9rieux du Qu\u00e9bec sont \u00e0 un clic seulement. Sur mobile, \u00e0 une tape sur l&rsquo;\u00e9cran !<\/p>\n<h2>Meilleurs casinos du Qu\u00e9bec<\/h2>\n<p>Nos experts ont retenu les sites de casino en argent r\u00e9el les plus fiables du Qu\u00e9bec. Nos crit\u00e8res de s\u00e9lection : qualit\u00e9, s\u00e9curit\u00e9 et rentabilit\u00e9. S&rsquo;inscrire sur ces casinos l\u00e9gaux se fait en toute confiance. Les jeux d&rsquo;argent de ces r\u00e9f\u00e9rences sont les mieux r\u00e9alis\u00e9s du secteur. Jeux de table ou machines \u00e0 sous ? Vous \u00eates au bon endroit. Les cr\u00e9ateurs de nos jeux pr\u00e9f\u00e9r\u00e9s ? Games Global et Evolution Gaming, deux g\u00e9ants du secteur &#8211; avec un palmar\u00e8s impressionnant. En ce domaine, ces deux groupes sont les plus prim\u00e9s du Canada.<br \/>\n<\/div><\/div>\n<div class=\"su-column su-column-size-1-3 colc\"><div class=\"su-column-inner su-u-clearfix su-u-trim\"><img loading=\"lazy\" decoding=\"async\" title=\"Meilleur casino en ligne au Canada\" src=\"https:\/\/www.onlineroulette.tech\/fr\/wp-content\/uploads\/2020\/12\/casino-canada.jpg\" alt=\"Meilleur casino en ligne au Canada\" width=\"380\" height=\"228\" class=\"alignnone size-full wp-image-552\" srcset=\"https:\/\/www.onlineroulette.tech\/fr\/wp-content\/uploads\/2020\/12\/casino-canada.jpg 380w, https:\/\/www.onlineroulette.tech\/fr\/wp-content\/uploads\/2020\/12\/casino-canada-300x180.jpg 300w\" sizes=\"auto, (max-width: 380px) 100vw, 380px\" \/><\/div><\/div><\/div>\n<div class=\"su-divider su-divider-style-dotted\" style=\"margin:10px 0;border-width:3px;border-color:#820202\"><\/div>\n<h2 id=luxury>#1. LUXURY CASINO<\/h2>\n<div class=\"su-row\"><div class=\"su-column su-column-size-2-3\"><div class=\"su-column-inner su-u-clearfix su-u-trim\">\nLe site de casino l\u00e9gal adapt\u00e9 aux PC et mobiles. En ligne depuis 2000, Luxury Casino est iconique. Les jeux de la plateforme satisfont \u00e0 toutes les demandes. La roulette est le jeu le plus aim\u00e9 du site Web, suivi par le blackjack et les machines \u00e0 sous. Luxury est \u00e9lu meilleur casino en ligne Qu\u00e9b\u00e9cois par de nombreux testeurs.<br \/>\n&nbsp;<br \/>\n<a title=\"En savoir plus\" href=\"https:\/\/www.onlineroulette.tech\/fr\/casino\/luxury\/\">En savoir plus<\/a><br \/>\n&nbsp;<br \/>\n<\/div><\/div>\n<div class=\"su-column su-column-size-1-3 colc\"><div class=\"su-column-inner su-u-clearfix su-u-trim\">\n<a title=\"Luxury Casino\" class=\"top\" href=\"https:\/\/luxury.casino\/fr\/\" rel=\"noopener noreferrer\" target=\"_blank\"><img loading=\"lazy\" decoding=\"async\" title=\"Luxury Casino\" src=\"https:\/\/www.onlineroulette.tech\/fr\/wp-content\/uploads\/2020\/12\/luxury-casino.jpg\" alt=\"Luxury Casino\" width=\"380\" height=\"228\" class=\"size-full wp-image-545\" srcset=\"https:\/\/www.onlineroulette.tech\/fr\/wp-content\/uploads\/2020\/12\/luxury-casino.jpg 380w, https:\/\/www.onlineroulette.tech\/fr\/wp-content\/uploads\/2020\/12\/luxury-casino-300x180.jpg 300w\" sizes=\"auto, (max-width: 380px) 100vw, 380px\" \/><br \/>\nS&rsquo;INSCRIRE \u00c0 LUXURY CASINO<\/a><br \/>\n\n<\/div><\/div><\/div>\n<div class=\"su-divider su-divider-style-dotted\" style=\"margin:10px 0;border-width:3px;border-color:#820202\"><\/div>\n<h2>#2. LUCKY NUGGET<\/h2>\n<div class=\"su-row\"><div class=\"su-column su-column-size-2-3\"><div class=\"su-column-inner su-u-clearfix su-u-trim\">\nAvec les tables de roulette en direct, le site Lucky Nugget a la premi\u00e8re place. C&rsquo;est une immersion totale \u00e0 la table du tapis vert ! Gr\u00e2ce au s\u00e9rieux du casino en ligne, il n&rsquo;est pas utile d&rsquo;aller dans une maison locale. Jouer en ligne chez Lucky Nugget &#8211; c\u2019est comme dans un casino de Las Vegas, mais depuis chez vous.<br \/>\n&nbsp;<br \/>\n<a title=\"En savoir plus\" href=\"https:\/\/www.onlineroulette.tech\/fr\/casino\/lucky-nugget\/\">En savoir plus<\/a><br \/>\n&nbsp;<br \/>\n<\/div><\/div>\n<div class=\"su-column su-column-size-1-3 colc\"><div class=\"su-column-inner su-u-clearfix su-u-trim\">\n<a title=\"Lucky Nugget\" class=\"top\" href=\"https:\/\/www.luckynuggetcasino.com\/ca\/fr\/\" rel=\"noopener noreferrer\" target=\"_blank\"><img loading=\"lazy\" decoding=\"async\" title=\"Lucky Nugget\" src=\"https:\/\/www.onlineroulette.tech\/fr\/wp-content\/uploads\/2020\/12\/lucky-nugget.jpg\" alt=\"Lucky Nugget\" width=\"380\" height=\"228\" class=\"size-full wp-image-546\" srcset=\"https:\/\/www.onlineroulette.tech\/fr\/wp-content\/uploads\/2020\/12\/lucky-nugget.jpg 380w, https:\/\/www.onlineroulette.tech\/fr\/wp-content\/uploads\/2020\/12\/lucky-nugget-300x180.jpg 300w\" sizes=\"auto, (max-width: 380px) 100vw, 380px\" \/><br \/>\nS&rsquo;INSCRIRE \u00c0 LUCKY NUGGET<\/a><br \/>\n\n<\/div><\/div><\/div>\n<div class=\"su-divider su-divider-style-dotted\" style=\"margin:10px 0;border-width:3px;border-color:#820202\"><\/div>\n<h2>#3. RIVER BELLE<\/h2>\n<div class=\"su-row\"><div class=\"su-column su-column-size-2-3\"><div class=\"su-column-inner su-u-clearfix su-u-trim\">\nLe River Belle est l&rsquo;une des plus belles salles de jeux de casino de l&rsquo;Internet. Chaque jour le casino compte des milliers de joueurs aux tables de jeu. Entre la roulette, le blackjack et le baccarat, il y a toujours de l&rsquo;ambiance chez River Belle. Roulette Live ou Instant Play ? Ce casino a tout ce qu&rsquo;il faut.<br \/>\n&nbsp;<br \/>\n<a title=\"En savoir plus\" href=\"https:\/\/www.onlineroulette.tech\/fr\/casino\/river-belle\/\">En savoir plus<\/a><br \/>\n&nbsp;<br \/>\n<\/div><\/div>\n<div class=\"su-column su-column-size-1-3 colc\"><div class=\"su-column-inner su-u-clearfix su-u-trim\">\n<a title=\"River Belle\" class=\"top\" href=\"https:\/\/www.riverbellecasino.com\/ca\/fr\/\" rel=\"noopener noreferrer\" target=\"_blank\"><img loading=\"lazy\" decoding=\"async\" src=\"https:\/\/www.onlineroulette.tech\/fr\/wp-content\/uploads\/2020\/12\/river-belle.jpg\" alt=\"River Belle\" width=\"380\" height=\"228\" class=\"size-full wp-image-547\" srcset=\"https:\/\/www.onlineroulette.tech\/fr\/wp-content\/uploads\/2020\/12\/river-belle.jpg 380w, https:\/\/www.onlineroulette.tech\/fr\/wp-content\/uploads\/2020\/12\/river-belle-300x180.jpg 300w\" sizes=\"auto, (max-width: 380px) 100vw, 380px\" \/><br \/>\nS&rsquo;INSCRIRE \u00c0 RIVER BELLE<\/a><br \/>\n\n<\/div><\/div><\/div>\n<div class=\"su-divider su-divider-style-dotted\" style=\"margin:10px 0;border-width:3px;border-color:#820202\"><\/div>\n<h2>Jeux adapt\u00e9s \u00e0 chaque appareil<\/h2>\n<div class=\"su-row\"><div class=\"su-column su-column-size-1-2\"><div class=\"su-column-inner su-u-clearfix su-u-trim\">\nPour garantir la meilleure exp\u00e9rience de jeux \u00e0 chaque utilisateur, on a retenu les adresses web les plus adapt\u00e9es \u00e0 chaque appareil.<\/p>\n<p>Certains sites de casino fonctionnent mieux que d&rsquo;autres dans des cas sp\u00e9cifiques. Dans les paragraphes suivants ont a cat\u00e9goris\u00e9 les sites de casino par type d&rsquo;appareil.<br \/>\n<\/div><\/div>\n<div class=\"su-column su-column-size-1-2\"><div class=\"su-column-inner su-u-clearfix su-u-trim\">\nPour choisir un casino en ligne, voici les crit\u00e8res \u00e0 ne pas manquer :<\/p>\n<ul>\n<li>Syst\u00e8me d&rsquo;exploitation de votre appareil,<\/li>\n<li>Puissance de la m\u00e9moire vive,<\/li>\n<li>Qualit\u00e9 de la carte graphique,<\/li>\n<li>Taille de l&rsquo;\u00e9cran de votre appareil.<\/li>\n<\/ul>\n<\/div><\/div><\/div>\n<h3>Android<\/h3>\n<p>Vous \u00eates \u00e9quip\u00e9 d\u2019un appareil Android ? Nous avons s\u00e9lectionn\u00e9 pour vous les meilleurs sites, optimis\u00e9s pour Android, offrant des jeux \u00e0 la pointe de la technologie. Notre classement sur Android garantit un acc\u00e8s \u00e0 des jeux de derni\u00e8re g\u00e9n\u00e9ration sur smartphone et tablette. C&rsquo;est gr\u00e2ce \u00e0 des modules adapt\u00e9s aux navigateurs Web que les sites Android de notre s\u00e9lection donnent acc\u00e8s \u00e0 plus d&rsquo;une centaine de jeux.<\/p>\n<div align=right><a title=\"Jeux sur Android\" href=https:\/\/www.onlineroulette.tech\/fr\/casinos-sur-android\/>Jeux sur Android<\/a><\/div>\n<hr>\n<h3>iOS<\/h3>\n<p>Les sites de casino adapt\u00e9s aux mobiles iOS d&rsquo;Apple se jouent sans aucun t\u00e9l\u00e9chargement. Certains de ces casinos sont bien mieux que d&rsquo;autres. En optant pour les sites de casino Apple de notre guide, vous pourrez jouer sans App en toute confiance. Au niveau s\u00e9curitaire, les casinos mobiles mis en avant sur notre guide sont les plus honn\u00eates du Web.<\/p>\n<div align=right><a title=\"Jeux sur iPhone et iPad\" href=https:\/\/www.onlineroulette.tech\/fr\/casinos-sur-ios\/>Jeux sur iPhone et iPad<\/a><\/div>\n<hr>\n<h3>Mac<\/h3>\n<p>Sur les Mac tous les casinos en ligne mis en avant sur nos pages Web sont recommand\u00e9s. Trois de ces casinos sont sp\u00e9cialement bien con\u00e7us pour offrir une exp\u00e9rience de jeu d\u2019exception. De plus les sites Mac s\u00e9lectionn\u00e9s sont \u00e9quip\u00e9s de machines \u00e0 sous et de roulettes jouables directement sur les navigateurs Safari.<\/p>\n<div align=right><a title=\"Jeux sur Mac\" href=https:\/\/www.onlineroulette.tech\/fr\/casinos-sur-mac\/>Jeux sur Mac<\/a><\/div>\n<hr>\n<h3>Windows<\/h3>\n<p>Sur les portables et les PC Windows, des sites casinos sont jouables avec ou sans t\u00e9l\u00e9chargement. L&rsquo;option des jeux sans logiciel est la plus aim\u00e9e et populaire sur Internet. Via votre navigateur Web, il suffit de se connecter sur le casino en ligne pour commencer \u00e0 jouer.<\/p>\n<div align=right><a title=\"Jeux sur Windows\" href=https:\/\/www.onlineroulette.tech\/fr\/casinos-sur-windows\/>Jeux sur Windows<\/a><\/div>\n<hr>\n<h2>Jouer en live ou avec les jeux instantan\u00e9s ?<\/h2>\n<p>Tout est question de pr\u00e9f\u00e9rence. Sur un casino en ligne les deux choix se valent. Cependant, avec les jeux en live l&rsquo;exp\u00e9rience de jeu est \u00e9tonnante. Se retrouver face \u00e0 face avec les croupiers est incroyable. Toutefois, il y a un point n\u00e9gatif \u00e0 soulever avec jeux en live; les parties se d\u00e9roulent lentement. En fait c&rsquo;est la m\u00eame chose que dans un vrai casino. Le plus ennuyeux c&rsquo;est lorsqu&rsquo;il y a plusieurs joueurs \u00e0 la m\u00eame table &#8211; il faut toujours attendre son tour pour parier. Avec les jeux instantan\u00e9s, ce probl\u00e8me n&rsquo;existe pas, &#8230; tout est plus rapide. De plus vous n&rsquo;y \u00eates jamais d\u00e9rang\u00e9 par les autres joueurs.<\/p>\n<h2>Tests pour choisir le meilleur casino en ligne du Qu\u00e9bec<\/h2>\n<p>Choisir le casino en ligne qui puisse convenir le mieux n&rsquo;est pas un travail facile. Avec des centaines de casinos sur le Web, il n&rsquo;est pas \u00e9vident de savoir si un casino en ligne est mieux qu&rsquo;un autre. Ce travail de fond est l&rsquo;une des missions de nos testeurs du Qu\u00e9bec. Les tests faits par notre \u00e9quipe prennent en compte des normes strictes. Chacune de ces normes est \u00e0 l&rsquo;avantage des joueurs.<br \/>\n&nbsp;<br \/>\n<div class=\"su-row\">\n<div class=\"su-column su-column-size-2-3\"><div class=\"su-column-inner su-u-clearfix su-u-trim\">\n<h3>Points \u00e0 retenir pour choisir le meilleur casino<\/h3>\n<ol>\n<li>Le casino en ligne doit d\u00e9tenir une licence canadienne,<\/li>\n<li>Les jeux doivent avoir les m\u00eames r\u00e8gles que celles des casinos terrestres,<\/li>\n<li>Un bonus g\u00e9n\u00e9reux de bienvenue doit \u00eatre au programme,<\/li>\n<li>Le support client doit \u00eatre joignable \u00e0 tout moment, 7\/24,<\/li>\n<li>Les paiements des gains doivent se faire rapidement,<\/li>\n<li>Le casino en ligne doit jouir d&rsquo;une bonne r\u00e9putation.<\/li>\n<\/ol>\n<p>&nbsp;<br \/>\n<\/div><\/div>\n<div class=\"su-column su-column-size-1-3 colc\"><div class=\"su-column-inner su-u-clearfix su-u-trim\">\n<img loading=\"lazy\" decoding=\"async\" title=\"Crit\u00e8res pour choisir un casino en ligne\" src=\"https:\/\/www.onlineroulette.tech\/fr\/wp-content\/uploads\/2020\/11\/criteres.jpg\" alt=\"Crit\u00e8res pour choisir un casino en ligne\" width=\"380\" height=\"250\" class=\"alignnone size-full wp-image-179\" srcset=\"https:\/\/www.onlineroulette.tech\/fr\/wp-content\/uploads\/2020\/11\/criteres.jpg 380w, https:\/\/www.onlineroulette.tech\/fr\/wp-content\/uploads\/2020\/11\/criteres-300x197.jpg 300w, https:\/\/www.onlineroulette.tech\/fr\/wp-content\/uploads\/2020\/11\/criteres-120x80.jpg 120w\" sizes=\"auto, (max-width: 380px) 100vw, 380px\" \/><br \/>\n&nbsp;<br \/>\n<\/div><\/div>\n<\/div>\n<div class=\"su-row\">\n<div class=\"su-column su-column-size-1-2\"><div class=\"su-column-inner su-u-clearfix su-u-trim\">\n<h2>Meilleur casino en ligne instantan\u00e9<\/h2>\n<p>Les jeux instantan\u00e9s des casinos en ligne sont les plus jou\u00e9s. Con\u00e7us pour s&rsquo;adapter aux \u00e9crans des PC et des mobiles, ils sont ce qu&rsquo;il y a de mieux. Ces jeux fonctionnent sur les navigateur Web. Cette formule universelle ne n\u00e9cessite pas d&rsquo;App.<\/p>\n<p>Rien qu&rsquo;en testant les roulettes de <a title=\"Luxury Casino\" href=#luxury>Luxury Casino<\/a>, on ne peut que se r\u00e9jouir des performances des jeux instantan\u00e9s. Les autres jeux du casino sont bien s\u00fbr tout aussi performants.<br \/>\n<\/div><\/div><div class=\"su-column su-column-size-1-2\"><div class=\"su-column-inner su-u-clearfix su-u-trim\">\n<h2>R\u00e9sum\u00e9<\/h2>\n<p>Nos testeurs de <a title=\"roulette en ligne\" href=\"https:\/\/www.onlineroulette.tech\/fr\/\">roulette en ligne<\/a> sont des valeurs s\u00fbres. Les marques Luxury Casino, Lucky Nugget et River Belle sont les casinos qui ont satisfait aux exigences de nos experts. De tous les casinos \u00e0 distance, ces trois marques de confiance sont les plus honn\u00eates sous tout point de vue.<br \/>\n&nbsp;<br \/>\nEn vous inscrivant sur un de ces sites, vous recevrez un bonus lors de votre premier d\u00e9p\u00f4t en argent r\u00e9el. Pour ce faire il suffit de d\u00e9poser 10 C$ ou plus, selon votre budget. Ce d\u00e9p\u00f4t vous donnera droit \u00e0 un bonus de 100% de la valeur de votre d\u00e9p\u00f4t. Des offres de cette carrure doublent le capital investi.<br \/>\n&nbsp;<br \/>\n<\/div><\/div><\/div>\nSur notre guide vous \u00eates \u00e0 la bonne adresse ! Pour jouer en ligne, les sites Web cit\u00e9s dans notre guide sont la cr\u00e8me des cr\u00e8mes.<br \/>\n&nbsp;<\/p>\n","protected":false},"excerpt":{"rendered":"<p>Vous cherchez \u00e0 vivre l\u2019exp\u00e9rience d&rsquo;un casino en ligne de confiance et avec de gros gains ?<\/p>\n","protected":false},"author":1,"featured_media":0,"parent":0,"menu_order":0,"comment_status":"closed","ping_status":"closed","template":"template-fullwidth.php","meta":{"footnotes":""},"class_list":["post-30","page","type-page","status-publish","hentry"],"yoast_head":"<!-- This site is optimized with the Yoast SEO plugin v27.5 - https:\/\/yoast.com\/product\/yoast-seo-wordpress\/ -->\n<title>Casino en Ligne L\u00e9gal - Top 3 Qu\u00e9bec en 2026<\/title>\n<meta name=\"description\" content=\"Le casino en ligne le plus s\u00e9rieux du Qu\u00e9bec. Top 3 des meilleurs casinos en 2026. Jeux fiables en argent r\u00e9el sur Internet.\" \/>\n<meta name=\"robots\" content=\"index, follow, max-snippet:-1, max-image-preview:large, max-video-preview:-1\" \/>\n<link rel=\"canonical\" href=\"https:\/\/www.onlineroulette.tech\/fr\/casino\/\" \/>\n<meta property=\"og:locale\" content=\"fr_CA\" \/>\n<meta property=\"og:type\" content=\"article\" \/>\n<meta property=\"og:title\" content=\"Casino en Ligne L\u00e9gal - Top 3 Qu\u00e9bec en 2026\" \/>\n<meta property=\"og:description\" content=\"Le casino en ligne le plus s\u00e9rieux du Qu\u00e9bec. Top 3 des meilleurs casinos en 2026. Jeux fiables en argent r\u00e9el sur Internet.\" \/>\n<meta property=\"og:url\" content=\"https:\/\/www.onlineroulette.tech\/fr\/casino\/\" \/>\n<meta property=\"og:site_name\" content=\"Roulette en Ligne\" \/>\n<meta property=\"article:modified_time\" content=\"2025-11-18T04:36:09+00:00\" \/>\n<meta property=\"og:image\" content=\"https:\/\/www.onlineroulette.tech\/fr\/wp-content\/uploads\/2020\/12\/casino-canada.jpg\" \/>\n\t<meta property=\"og:image:width\" content=\"380\" \/>\n\t<meta property=\"og:image:height\" content=\"228\" \/>\n\t<meta property=\"og:image:type\" content=\"image\/jpeg\" \/>\n<meta name=\"twitter:card\" content=\"summary_large_image\" \/>\n<meta name=\"twitter:label1\" content=\"Estimation du temps de lecture\" \/>\n\t<meta name=\"twitter:data1\" content=\"9 minutes\" \/>\n<script type=\"application\/ld+json\" class=\"yoast-schema-graph\">{\"@context\":\"https:\\\/\\\/schema.org\",\"@graph\":[{\"@type\":\"WebPage\",\"@id\":\"https:\\\/\\\/www.onlineroulette.tech\\\/fr\\\/casino\\\/\",\"url\":\"https:\\\/\\\/www.onlineroulette.tech\\\/fr\\\/casino\\\/\",\"name\":\"Casino en Ligne L\u00e9gal - Top 3 Qu\u00e9bec en 2026\",\"isPartOf\":{\"@id\":\"https:\\\/\\\/www.onlineroulette.tech\\\/fr\\\/#website\"},\"primaryImageOfPage\":{\"@id\":\"https:\\\/\\\/www.onlineroulette.tech\\\/fr\\\/casino\\\/#primaryimage\"},\"image\":{\"@id\":\"https:\\\/\\\/www.onlineroulette.tech\\\/fr\\\/casino\\\/#primaryimage\"},\"thumbnailUrl\":\"https:\\\/\\\/www.onlineroulette.tech\\\/fr\\\/wp-content\\\/uploads\\\/2020\\\/12\\\/casino-canada.jpg\",\"datePublished\":\"2020-11-26T07:58:32+00:00\",\"dateModified\":\"2025-11-18T04:36:09+00:00\",\"description\":\"Le casino en ligne le plus s\u00e9rieux du Qu\u00e9bec. Top 3 des meilleurs casinos en 2026. Jeux fiables en argent r\u00e9el sur Internet.\",\"breadcrumb\":{\"@id\":\"https:\\\/\\\/www.onlineroulette.tech\\\/fr\\\/casino\\\/#breadcrumb\"},\"inLanguage\":\"fr-CA\",\"potentialAction\":[{\"@type\":\"ReadAction\",\"target\":[\"https:\\\/\\\/www.onlineroulette.tech\\\/fr\\\/casino\\\/\"]}]},{\"@type\":\"ImageObject\",\"inLanguage\":\"fr-CA\",\"@id\":\"https:\\\/\\\/www.onlineroulette.tech\\\/fr\\\/casino\\\/#primaryimage\",\"url\":\"https:\\\/\\\/www.onlineroulette.tech\\\/fr\\\/wp-content\\\/uploads\\\/2020\\\/12\\\/casino-canada.jpg\",\"contentUrl\":\"https:\\\/\\\/www.onlineroulette.tech\\\/fr\\\/wp-content\\\/uploads\\\/2020\\\/12\\\/casino-canada.jpg\",\"width\":380,\"height\":228,\"caption\":\"Meilleur casino en ligne au Canada\"},{\"@type\":\"BreadcrumbList\",\"@id\":\"https:\\\/\\\/www.onlineroulette.tech\\\/fr\\\/casino\\\/#breadcrumb\",\"itemListElement\":[{\"@type\":\"ListItem\",\"position\":1,\"name\":\"Accueil\",\"item\":\"https:\\\/\\\/www.onlineroulette.tech\\\/fr\\\/\"},{\"@type\":\"ListItem\",\"position\":2,\"name\":\"Casino en Ligne L\u00e9gal au Qu\u00e9bec\"}]},{\"@type\":\"WebSite\",\"@id\":\"https:\\\/\\\/www.onlineroulette.tech\\\/fr\\\/#website\",\"url\":\"https:\\\/\\\/www.onlineroulette.tech\\\/fr\\\/\",\"name\":\"Roulette en Ligne\",\"description\":\"Roulette Guide\",\"publisher\":{\"@id\":\"https:\\\/\\\/www.onlineroulette.tech\\\/fr\\\/#organization\"},\"potentialAction\":[{\"@type\":\"SearchAction\",\"target\":{\"@type\":\"EntryPoint\",\"urlTemplate\":\"https:\\\/\\\/www.onlineroulette.tech\\\/fr\\\/?s={search_term_string}\"},\"query-input\":{\"@type\":\"PropertyValueSpecification\",\"valueRequired\":true,\"valueName\":\"search_term_string\"}}],\"inLanguage\":\"fr-CA\"},{\"@type\":\"Organization\",\"@id\":\"https:\\\/\\\/www.onlineroulette.tech\\\/fr\\\/#organization\",\"name\":\"Roulette en Ligne\",\"url\":\"https:\\\/\\\/www.onlineroulette.tech\\\/fr\\\/\",\"logo\":{\"@type\":\"ImageObject\",\"inLanguage\":\"fr-CA\",\"@id\":\"https:\\\/\\\/www.onlineroulette.tech\\\/fr\\\/#\\\/schema\\\/logo\\\/image\\\/\",\"url\":\"https:\\\/\\\/www.onlineroulette.tech\\\/fr\\\/wp-content\\\/uploads\\\/2022\\\/01\\\/logo.jpg\",\"contentUrl\":\"https:\\\/\\\/www.onlineroulette.tech\\\/fr\\\/wp-content\\\/uploads\\\/2022\\\/01\\\/logo.jpg\",\"width\":280,\"height\":115,\"caption\":\"Roulette en Ligne\"},\"image\":{\"@id\":\"https:\\\/\\\/www.onlineroulette.tech\\\/fr\\\/#\\\/schema\\\/logo\\\/image\\\/\"}}]}<\/script>\n<!-- \/ Yoast SEO plugin. -->","yoast_head_json":{"title":"Casino en Ligne L\u00e9gal - Top 3 Qu\u00e9bec en 2026","description":"Le casino en ligne le plus s\u00e9rieux du Qu\u00e9bec. Top 3 des meilleurs casinos en 2026. Jeux fiables en argent r\u00e9el sur Internet.","robots":{"index":"index","follow":"follow","max-snippet":"max-snippet:-1","max-image-preview":"max-image-preview:large","max-video-preview":"max-video-preview:-1"},"canonical":"https:\/\/www.onlineroulette.tech\/fr\/casino\/","og_locale":"fr_CA","og_type":"article","og_title":"Casino en Ligne L\u00e9gal - Top 3 Qu\u00e9bec en 2026","og_description":"Le casino en ligne le plus s\u00e9rieux du Qu\u00e9bec. Top 3 des meilleurs casinos en 2026. Jeux fiables en argent r\u00e9el sur Internet.","og_url":"https:\/\/www.onlineroulette.tech\/fr\/casino\/","og_site_name":"Roulette en Ligne","article_modified_time":"2025-11-18T04:36:09+00:00","og_image":[{"width":380,"height":228,"url":"https:\/\/www.onlineroulette.tech\/fr\/wp-content\/uploads\/2020\/12\/casino-canada.jpg","type":"image\/jpeg"}],"twitter_card":"summary_large_image","twitter_misc":{"Estimation du temps de lecture":"9 minutes"},"schema":{"@context":"https:\/\/schema.org","@graph":[{"@type":"WebPage","@id":"https:\/\/www.onlineroulette.tech\/fr\/casino\/","url":"https:\/\/www.onlineroulette.tech\/fr\/casino\/","name":"Casino en Ligne L\u00e9gal - Top 3 Qu\u00e9bec en 2026","isPartOf":{"@id":"https:\/\/www.onlineroulette.tech\/fr\/#website"},"primaryImageOfPage":{"@id":"https:\/\/www.onlineroulette.tech\/fr\/casino\/#primaryimage"},"image":{"@id":"https:\/\/www.onlineroulette.tech\/fr\/casino\/#primaryimage"},"thumbnailUrl":"https:\/\/www.onlineroulette.tech\/fr\/wp-content\/uploads\/2020\/12\/casino-canada.jpg","datePublished":"2020-11-26T07:58:32+00:00","dateModified":"2025-11-18T04:36:09+00:00","description":"Le casino en ligne le plus s\u00e9rieux du Qu\u00e9bec. Top 3 des meilleurs casinos en 2026. Jeux fiables en argent r\u00e9el sur Internet.","breadcrumb":{"@id":"https:\/\/www.onlineroulette.tech\/fr\/casino\/#breadcrumb"},"inLanguage":"fr-CA","potentialAction":[{"@type":"ReadAction","target":["https:\/\/www.onlineroulette.tech\/fr\/casino\/"]}]},{"@type":"ImageObject","inLanguage":"fr-CA","@id":"https:\/\/www.onlineroulette.tech\/fr\/casino\/#primaryimage","url":"https:\/\/www.onlineroulette.tech\/fr\/wp-content\/uploads\/2020\/12\/casino-canada.jpg","contentUrl":"https:\/\/www.onlineroulette.tech\/fr\/wp-content\/uploads\/2020\/12\/casino-canada.jpg","width":380,"height":228,"caption":"Meilleur casino en ligne au Canada"},{"@type":"BreadcrumbList","@id":"https:\/\/www.onlineroulette.tech\/fr\/casino\/#breadcrumb","itemListElement":[{"@type":"ListItem","position":1,"name":"Accueil","item":"https:\/\/www.onlineroulette.tech\/fr\/"},{"@type":"ListItem","position":2,"name":"Casino en Ligne L\u00e9gal au Qu\u00e9bec"}]},{"@type":"WebSite","@id":"https:\/\/www.onlineroulette.tech\/fr\/#website","url":"https:\/\/www.onlineroulette.tech\/fr\/","name":"Roulette en Ligne","description":"Roulette Guide","publisher":{"@id":"https:\/\/www.onlineroulette.tech\/fr\/#organization"},"potentialAction":[{"@type":"SearchAction","target":{"@type":"EntryPoint","urlTemplate":"https:\/\/www.onlineroulette.tech\/fr\/?s={search_term_string}"},"query-input":{"@type":"PropertyValueSpecification","valueRequired":true,"valueName":"search_term_string"}}],"inLanguage":"fr-CA"},{"@type":"Organization","@id":"https:\/\/www.onlineroulette.tech\/fr\/#organization","name":"Roulette en Ligne","url":"https:\/\/www.onlineroulette.tech\/fr\/","logo":{"@type":"ImageObject","inLanguage":"fr-CA","@id":"https:\/\/www.onlineroulette.tech\/fr\/#\/schema\/logo\/image\/","url":"https:\/\/www.onlineroulette.tech\/fr\/wp-content\/uploads\/2022\/01\/logo.jpg","contentUrl":"https:\/\/www.onlineroulette.tech\/fr\/wp-content\/uploads\/2022\/01\/logo.jpg","width":280,"height":115,"caption":"Roulette en Ligne"},"image":{"@id":"https:\/\/www.onlineroulette.tech\/fr\/#\/schema\/logo\/image\/"}}]}},"_links":{"self":[{"href":"https:\/\/www.onlineroulette.tech\/fr\/wp-json\/wp\/v2\/pages\/30","targetHints":{"allow":["GET"]}}],"collection":[{"href":"https:\/\/www.onlineroulette.tech\/fr\/wp-json\/wp\/v2\/pages"}],"about":[{"href":"https:\/\/www.onlineroulette.tech\/fr\/wp-json\/wp\/v2\/types\/page"}],"author":[{"embeddable":true,"href":"https:\/\/www.onlineroulette.tech\/fr\/wp-json\/wp\/v2\/users\/1"}],"replies":[{"embeddable":true,"href":"https:\/\/www.onlineroulette.tech\/fr\/wp-json\/wp\/v2\/comments?post=30"}],"version-history":[{"count":130,"href":"https:\/\/www.onlineroulette.tech\/fr\/wp-json\/wp\/v2\/pages\/30\/revisions"}],"predecessor-version":[{"id":3758,"href":"https:\/\/www.onlineroulette.tech\/fr\/wp-json\/wp\/v2\/pages\/30\/revisions\/3758"}],"wp:attachment":[{"href":"https:\/\/www.onlineroulette.tech\/fr\/wp-json\/wp\/v2\/media?parent=30"}],"curies":[{"name":"wp","href":"https:\/\/api.w.org\/{rel}","templated":true}]}}