{"id":26,"date":"2020-11-26T07:56:30","date_gmt":"2020-11-26T07:56:30","guid":{"rendered":"https:\/\/www.onlineroulette.tech\/fr\/?page_id=26"},"modified":"2025-11-18T04:34:36","modified_gmt":"2025-11-18T04:34:36","slug":"francaise","status":"publish","type":"page","link":"https:\/\/www.onlineroulette.tech\/fr\/home\/francaise\/","title":{"rendered":"Fran\u00e7aise"},"content":{"rendered":"<div class=\"su-row\"><div class=\"su-column su-column-size-2-3\"><div class=\"su-column-inner su-u-clearfix su-u-trim\">La roulette Fran\u00e7aise est le plus ancien des jeux de casino. Son invention date du 17\u00e8me si\u00e8cle.<!--more--><\/p>\n<h2>Intro \u00e0 la roulette Fran\u00e7aise<\/h2>\n<ul>\n<li>Le cylindre a 37 cases : les num\u00e9ros 1 \u00e0 36 et la case Z\u00e9ro.<\/li>\n<li>La roue et le tapis sont les m\u00eames qu&rsquo;\u00e0 la roulette Europ\u00e9enne.<\/li>\n<li>L\u2019avantage de la maison est de 1,35% sur les paris internes.<\/li>\n<\/ul>\n<h2>R\u00e8gles de la roulette Fran\u00e7aise<\/h2>\n<p>La roulette Fran\u00e7aise est un jeu facile \u00e0 apprendre. Pour gagner il faut que la bille du cylindre atterrisse sur le num\u00e9ro pari\u00e9. C&rsquo;est jeu de hasard, mais beaucoup le consid\u00e8re comme un jeu de strat\u00e9gie. Avec quelques astuces et du savoir-faire souvent gagner \u00e0 la roulette Fran\u00e7aise est possible.<\/p>\n<h3>Parier les jetons sur le tapis vert<\/h3>\n<p>Deux cat\u00e9gories de paris se font \u00e0 la roulette Fran\u00e7aise : les internes et externes. Le pari interne est le plus risqu\u00e9, mais il paie plus. Parier sur un seul num\u00e9ro fait gagner gros: 35 fois la mise !<br \/>\n<\/div><\/div>\n<div class=\"su-column su-column-size-1-3\"><div class=\"su-column-inner su-u-clearfix su-u-trim\"><img loading=\"lazy\" decoding=\"async\" title=\"La roulette Fran\u00e7aise au casino\" src=\"https:\/\/www.onlineroulette.tech\/fr\/wp-content\/uploads\/2021\/01\/roulette-francaise.jpg\" alt=\"La roulette Fran\u00e7aise au casino\" width=\"380\" height=\"380\" class=\"alignnone size-full wp-image-886\" srcset=\"https:\/\/www.onlineroulette.tech\/fr\/wp-content\/uploads\/2021\/01\/roulette-francaise.jpg 380w, https:\/\/www.onlineroulette.tech\/fr\/wp-content\/uploads\/2021\/01\/roulette-francaise-300x300.jpg 300w, https:\/\/www.onlineroulette.tech\/fr\/wp-content\/uploads\/2021\/01\/roulette-francaise-150x150.jpg 150w\" sizes=\"auto, (max-width: 380px) 100vw, 380px\" \/><\/div><\/div><\/div>\n<h2>Le Z\u00e9ro &#8211; Ce n&rsquo;est pas perdu !<\/h2>\n<p>La roulette Fran\u00e7aise a une r\u00e8gle sp\u00e9ciale avec le Z\u00e9ro. Normalement lorsque le Z\u00e9ro sort tous les paris qui ne sont pas le Z\u00e9ro sont perdus.<br \/>\nIl y a une exception avec la variante Fran\u00e7aise ! Les paris sur la couleur, la parit\u00e9 et la hauteur du tapis ne sont pas perdus. Les joueurs qui ont fait ces paris ont deux choix :<\/p>\n<ol>\n<li>R\u00e9cup\u00e9rer la moiti\u00e9 du pari. Ce choix est celui des joueurs qui pr\u00e9f\u00e8rent limiter les risques.<\/li>\n<li>En prison. Accepter que le pari soit emprisonn\u00e9 pour le tour suivant. Tout pari gagnant sur ce tour est r\u00e9cup\u00e9r\u00e9 \u00e0 100%. Si le pari est perdant, c&rsquo;est perdu.<br \/>\n<em>Si durant le tour de chance le Z\u00e9ro sort \u00e0 nouveau, le pari est perdu.<\/em><\/li>\n<\/ol>\n<h2 id=\"club\">Sur quel casino en ligne jouer \u00e0 la Fran\u00e7aise ?<\/h2>\n<p>Il y a un site de casino qui est vraiment excellent ! C&rsquo;est le Gaming Club Casino ! Ce site est parfait sous tout point de vue. On ne peut pas trouver mieux pour jouer \u00e0 la roulette Fran\u00e7aise en ligne.<br \/>\n&nbsp;<br \/>\n<div align=\"center\"><a title=\"Gaming Club\" class=\"top\" href=\"https:\/\/www.gamingclub.com\/fr\/\" target=\"_blank\" rel=\"noopener noreferrer\"><img loading=\"lazy\" decoding=\"async\" title=\"Gaming Club\" src=\"https:\/\/www.onlineroulette.tech\/fr\/wp-content\/uploads\/2020\/12\/gaming-club.jpg\" alt=\"Gaming Club\" width=\"800\" height=\"450\" class=\"aligncenter size-full wp-image-352\" srcset=\"https:\/\/www.onlineroulette.tech\/fr\/wp-content\/uploads\/2020\/12\/gaming-club.jpg 800w, https:\/\/www.onlineroulette.tech\/fr\/wp-content\/uploads\/2020\/12\/gaming-club-300x169.jpg 300w, https:\/\/www.onlineroulette.tech\/fr\/wp-content\/uploads\/2020\/12\/gaming-club-768x432.jpg 768w\" sizes=\"auto, (max-width: 800px) 100vw, 800px\" \/>VISITER GAMING CLUB<\/a><\/div>\n<p>\n\n<div class=\"su-divider su-divider-style-dotted\" style=\"margin:10px 0;border-width:3px;border-color:#820202\"><\/div>\nChez Gaming Club la roulette est en Instant Play, et aussi en live streaming avec des vrais croupiers. Sur PC il est propos\u00e9 de t\u00e9l\u00e9charger le logiciel du casino. Installer le casino sur son ordinateur permet d&rsquo;utiliser des extras options qu&rsquo;on ne trouve pas \u00e0 l&rsquo;Instant Play.<\/p>\n<h2>Les limites de mises<\/h2>\n<p>Comme avec tous les jeux de casino, \u00e0 la roulette il y a des limites sur les mises. Le premier pari possible \u00e0 la roulette : 1$. Le plus haut des paris est limit\u00e9 selon le r\u00e8glement interne de chaque maison. Plus le casino est grand, plus la limite monte. Sur chaque roulette il y a toujours un panneau qui indique les limites.<\/p>\n<h2>D\u00e9roulement d&rsquo;une partie de roulette Fran\u00e7aise<\/h2>\n<ol>\n<li>Pour commencer le croupier doit dire \u00ab\u00a0Mesdames et Messieurs, Faites-vos Jeux !\u00a0\u00bb. Avec les roulettes Instant Play c&rsquo;est un message qui s&rsquo;affiche.<\/li>\n<li>Une fois l&rsquo;annonce faite, les paris commencent. D\u00e8s que le croupier dit \u00ab\u00a0Mesdames et Messieurs, Rien ne vas plus !\u00a0\u00bb, on ne peut plus parier.<\/li>\n<li>La roue est tourn\u00e9e dans un sens et la bille est lanc\u00e9e mais dans l&rsquo;autre sens.<\/li>\n<li>Apr\u00e8s quelques secondes la bille atterrit sur un num\u00e9ro. Les paris perdants sont retir\u00e9s, puis les gagnants sont pay\u00e9s.<\/li>\n<li>Une fois termin\u00e9 une nouvelle partie commence.\n<\/ol>\n<h2>La roulette Fran\u00e7aise et les 36 num\u00e9ros<\/h2>\n<p>La roulette Fran\u00e7aise a 36 cases num\u00e9rot\u00e9es, plus la case Z\u00e9ro. Sur la roue les num\u00e9ros sont altern\u00e9s de rouge et de noir. Le Z\u00e9ro est en vert.<\/p>\n<p>Les num\u00e9ros de la roue sont m\u00e9lang\u00e9s. Pourquoi ? La raison est que joueurs malins, \u00e0 l&rsquo;\u00e9poque, devinaient les num\u00e9ros sortants en \u00e9tudiant les mouvements de la roulette. C&rsquo;est pour cette raison que les num\u00e9ros ont \u00e9t\u00e9 m\u00e9lang\u00e9s. Pour rendre la t\u00e2che plus difficile des taquets ont \u00e9t\u00e9 ajout\u00e9s sur la surface de la roue. Ces taquets d\u00e9vient la trajectoire de la bille avant qu&rsquo;elle ne puisse atterrir sur un num\u00e9ro.<\/p>\n<h2>Les paris \u00e0 la roulette Fran\u00e7aise<\/h2>\n<p>Parier \u00e0 la roulette de France se fait comme sur les autres roulettes. On y a les paris internes du <a title=\"tapis\" href=#tapis>tapis<\/a>, sur les num\u00e9ros, et les paris externes, ceux autours du rectangle des num\u00e9ros.<\/p>\n<h2>Les paris internes<\/h2>\n<p>Ces paris sont les plus excitants. Ils sont risqu\u00e9s, mais quand \u00e7a paie, c&rsquo;est une belle pile de jetons \u00e0 ramasser.<\/p>\n<h3>Tableau des paris<\/h3>\n<div class=\"su-row\"><div class=\"su-column su-column-size-2-5\"><div class=\"su-column-inner su-u-clearfix su-u-trim\">\n<table>\n<tbody>\n<tr>\n<td><strong>Pari<\/strong><\/td>\n<td><strong>Paiement<\/strong><\/td>\n<\/tr>\n<tr>\n<td>1. Un num\u00e9ro<\/td>\n<td>35\/1<\/td>\n<\/tr>\n<tr>\n<td>2. Voisins<\/td>\n<td>17\/1<\/td>\n<\/tr>\n<tr>\n<td>3. Ligne<\/td>\n<td>11\/1<\/td>\n<\/tr>\n<tr>\n<td>4. Carr\u00e9<\/td>\n<td>8\/1<\/td>\n<\/tr>\n<tr>\n<td>5. Sixain<\/td>\n<td>5\/1<\/td>\n<\/tr>\n<\/tbody>\n<\/table>\n<\/div><\/div>\n<div class=\"su-column su-column-size-3-5\"><div class=\"su-column-inner su-u-clearfix su-u-trim\">\n<ol>\n<li>Un num\u00e9ro : \u00e7a paie 35 fois la mise gagnante.<\/li>\n<li>Deux num\u00e9ros : le pari gagnant est multipli\u00e9 par 17.<\/li>\n<li>Trois num\u00e9ros : la mise gagnante est pay\u00e9e 11 fois.<\/li>\n<li>Quatre num\u00e9ros : \u00e7a paie 8 fois le pari gagnant.<\/li>\n<li>Six num\u00e9ros : la formule gagnante est pay\u00e9e cinq fois.<\/li>\n<\/ol>\n<\/div><\/div><\/div>\n<h3>Les paris externes<\/h3>\n<p>Cette cat\u00e9gorie de paris est la moins risqu\u00e9e. On peut y doubler ou tripler les gains en un seul coup. Les paris 1\/1 sont : la couleur, la parit\u00e9, et la moiti\u00e9 du tapis. Les paris 2\/1 se font sur 12 num\u00e9ros.<\/p>\n<h3>Tableau des paris<\/h3>\n<div class=\"su-row\"><div class=\"su-column su-column-size-2-5\"><div class=\"su-column-inner su-u-clearfix su-u-trim\">\n<table>\n<tbody>\n<tr>\n<td><strong>Pari<\/strong><\/td>\n<td><strong>Paiement<\/strong><\/td>\n<\/tr>\n<tr>\n<td>1. La Couleur<\/td>\n<td>2\/1<\/td>\n<\/tr>\n<tr>\n<td>2. Pair \/ Impair<\/td>\n<td>2\/1<\/td>\n<\/tr>\n<tr>\n<td>3. Manque \/ Passe<\/td>\n<td>2\/1<\/td>\n<\/tr>\n<tr>\n<td>4. La Colonne<\/td>\n<td>3\/1<\/td>\n<\/tr>\n<tr>\n<td>5. La Douzaine<\/td>\n<td>3\/1<\/td>\n<\/tr>\n<\/tbody>\n<\/table>\n<\/div><\/div>\n<div class=\"su-column su-column-size-3-5\"><div class=\"su-column-inner su-u-clearfix su-u-trim\">\n<ol>\n<li>La Couleur : \u00e7a paie 2 fois le pari gagnant.<\/li>\n<li>Pair ou Impair : \u00e7a double les gains.<\/li>\n<li>Manque ou Passe : la mise gagnante est doubl\u00e9e.<\/li>\n<li>La Colonne : \u00e7a paie 3 fois la mise.<\/li>\n<li>La Douzaine : le pari gagnant est tripl\u00e9.<\/li>\n<\/ol>\n<\/div><\/div><\/div>\n<h2 id=\"tapis\">Le tapis de la roulette Fran\u00e7aise<\/h2>\n<div class=\"su-row\"><div class=\"su-column su-column-size-3-5\"><div class=\"su-column-inner su-u-clearfix su-u-trim\">\n<figure id=\"attachment_640\" aria-describedby=\"caption-attachment-640\" style=\"width: 700px\" class=\"wp-caption aligncenter\"><img loading=\"lazy\" decoding=\"async\" title=\"Les paris sur le tapis de la roulette Fran\u00e7aise\" src=\"https:\/\/www.onlineroulette.tech\/fr\/wp-content\/uploads\/2020\/12\/tapis-roulette-fr.jpg\" alt=\"Les paris sur le tapis de la roulette Fran\u00e7aise\" width=\"700\" height=\"400\" class=\"size-full wp-image-640\" srcset=\"https:\/\/www.onlineroulette.tech\/fr\/wp-content\/uploads\/2020\/12\/tapis-roulette-fr.jpg 700w, https:\/\/www.onlineroulette.tech\/fr\/wp-content\/uploads\/2020\/12\/tapis-roulette-fr-300x171.jpg 300w\" sizes=\"auto, (max-width: 700px) 100vw, 700px\" \/><figcaption id=\"caption-attachment-640\" class=\"wp-caption-text\">Sur l&rsquo;image ci-dessus on voit facilement o\u00f9 il faut parier sur le tapis.<\/figcaption><\/figure>\n<\/div><\/div>\n<div class=\"su-column su-column-size-2-5\"><div class=\"su-column-inner su-u-clearfix su-u-trim\">Le tapis de la roulette Fran\u00e7aise est toujours en vert. Nul n&rsquo;oserait le proposer autrement. On l&rsquo;aura bien compris, cette roulette est inspir\u00e9e de l&rsquo;originale, et les maisons de jeu acceptent volontiers de se conformer \u00e0 ses <a title=\"origines\" href=#origine>origines<\/a>.<\/div><\/div><\/div>\n<h2>Strat\u00e9gies gagnantes<\/h2>\n<p>La Fran\u00e7aise est la roulette \u00e0 choisir pour pratiquer des <a title=\"strat\u00e9gies gagnantes\" href=\"https:\/\/www.onlineroulette.tech\/fr\/strategies\/\">strat\u00e9gies gagnantes<\/a>. Entre la Martingale, le Paroli et d&rsquo;autres techniques, nombreux sont les joueurs qui optent pour cette variante du jeu. La raison : le taux de redistribution de la roulette Fran\u00e7aise atteint 98,65% sur les chances simples. Un taux de retour de ce niveau est rare au casino, alors autant en profiter. Vous voulez tester des strat\u00e9gies sans prendre de risque ? Chez <a title=\"Gaming Club\" href=\"#club\">Gaming Club<\/a> c&rsquo;est possible. Tous les jeux de table du casino sont propos\u00e9s en mode d\u00e9mo avec les Instant Play. C&rsquo;est un bon truc pour s&rsquo;entrainer et prendre confiance en soi.<\/p>\n<h2 id=origine>Le Math\u00e9maticien Blaise Pascal<\/h2>\n<p>L&rsquo;inventeur de la roulette est Blaise Pascal. Ce savant de France, du 17\u00e8me si\u00e8cle, aimait jouer avec les chiffres. Il s&rsquo;int\u00e9ressait surtout aux dispositifs perp\u00e9tuels. De son vivant il n&rsquo;aura jamais vu sa roulette dans des maisons de jeu. \u00c0 son \u00e9poque les jeux d&rsquo;argent aurait \u00e9t\u00e9 inimaginables. Il aura fallu arriver \u00e0 la fin 18\u00eame si\u00e8cle pour que la roulette devienne un jeu de paris prim\u00e9s.<br \/>\n&nbsp;<\/p>\n","protected":false},"excerpt":{"rendered":"<p>La roulette Fran\u00e7aise est le plus ancien des jeux de casino. Son invention date du 17\u00e8me si\u00e8cle.<\/p>\n","protected":false},"author":1,"featured_media":0,"parent":38,"menu_order":0,"comment_status":"closed","ping_status":"closed","template":"template-fullwidth.php","meta":{"footnotes":""},"class_list":["post-26","page","type-page","status-publish","hentry"],"yoast_head":"<!-- This site is optimized with the Yoast SEO plugin v27.6 - https:\/\/yoast.com\/product\/yoast-seo-wordpress\/ -->\n<title>Roulette Fran\u00e7aise au Casino en Ligne - R\u00e8gles du Jeu<\/title>\n<meta name=\"description\" content=\"Le guide de la roulette Fran\u00e7aise. Les r\u00e8gles du jeu et les astuces gagnantes. Jouer sur un casino en ligne s\u00e9rieux au Canada.\" \/>\n<meta name=\"robots\" content=\"index, follow, max-snippet:-1, max-image-preview:large, max-video-preview:-1\" \/>\n<link rel=\"canonical\" href=\"https:\/\/www.onlineroulette.tech\/fr\/home\/francaise\/\" \/>\n<meta property=\"og:locale\" content=\"fr_CA\" \/>\n<meta property=\"og:type\" content=\"article\" \/>\n<meta property=\"og:title\" content=\"Roulette Fran\u00e7aise au Casino en Ligne - R\u00e8gles du Jeu\" \/>\n<meta property=\"og:description\" content=\"Le guide de la roulette Fran\u00e7aise. Les r\u00e8gles du jeu et les astuces gagnantes. Jouer sur un casino en ligne s\u00e9rieux au Canada.\" \/>\n<meta property=\"og:url\" content=\"https:\/\/www.onlineroulette.tech\/fr\/home\/francaise\/\" \/>\n<meta property=\"og:site_name\" content=\"Roulette en Ligne\" \/>\n<meta property=\"article:modified_time\" content=\"2025-11-18T04:34:36+00:00\" \/>\n<meta property=\"og:image\" content=\"https:\/\/www.onlineroulette.tech\/fr\/wp-content\/uploads\/2021\/01\/roulette-francaise.jpg\" \/>\n\t<meta property=\"og:image:width\" content=\"380\" \/>\n\t<meta property=\"og:image:height\" content=\"380\" \/>\n\t<meta property=\"og:image:type\" content=\"image\/jpeg\" \/>\n<meta name=\"twitter:card\" content=\"summary_large_image\" \/>\n<meta name=\"twitter:label1\" content=\"Estimation du temps de lecture\" \/>\n\t<meta name=\"twitter:data1\" content=\"7 minutes\" \/>\n<script type=\"application\/ld+json\" class=\"yoast-schema-graph\">{\"@context\":\"https:\\\/\\\/schema.org\",\"@graph\":[{\"@type\":\"WebPage\",\"@id\":\"https:\\\/\\\/www.onlineroulette.tech\\\/fr\\\/home\\\/francaise\\\/\",\"url\":\"https:\\\/\\\/www.onlineroulette.tech\\\/fr\\\/home\\\/francaise\\\/\",\"name\":\"Roulette Fran\u00e7aise au Casino en Ligne - R\u00e8gles du Jeu\",\"isPartOf\":{\"@id\":\"https:\\\/\\\/www.onlineroulette.tech\\\/fr\\\/#website\"},\"primaryImageOfPage\":{\"@id\":\"https:\\\/\\\/www.onlineroulette.tech\\\/fr\\\/home\\\/francaise\\\/#primaryimage\"},\"image\":{\"@id\":\"https:\\\/\\\/www.onlineroulette.tech\\\/fr\\\/home\\\/francaise\\\/#primaryimage\"},\"thumbnailUrl\":\"https:\\\/\\\/www.onlineroulette.tech\\\/fr\\\/wp-content\\\/uploads\\\/2021\\\/01\\\/roulette-francaise.jpg\",\"datePublished\":\"2020-11-26T07:56:30+00:00\",\"dateModified\":\"2025-11-18T04:34:36+00:00\",\"description\":\"Le guide de la roulette Fran\u00e7aise. Les r\u00e8gles du jeu et les astuces gagnantes. Jouer sur un casino en ligne s\u00e9rieux au Canada.\",\"breadcrumb\":{\"@id\":\"https:\\\/\\\/www.onlineroulette.tech\\\/fr\\\/home\\\/francaise\\\/#breadcrumb\"},\"inLanguage\":\"fr-CA\",\"potentialAction\":[{\"@type\":\"ReadAction\",\"target\":[\"https:\\\/\\\/www.onlineroulette.tech\\\/fr\\\/home\\\/francaise\\\/\"]}]},{\"@type\":\"ImageObject\",\"inLanguage\":\"fr-CA\",\"@id\":\"https:\\\/\\\/www.onlineroulette.tech\\\/fr\\\/home\\\/francaise\\\/#primaryimage\",\"url\":\"https:\\\/\\\/www.onlineroulette.tech\\\/fr\\\/wp-content\\\/uploads\\\/2021\\\/01\\\/roulette-francaise.jpg\",\"contentUrl\":\"https:\\\/\\\/www.onlineroulette.tech\\\/fr\\\/wp-content\\\/uploads\\\/2021\\\/01\\\/roulette-francaise.jpg\",\"width\":380,\"height\":380,\"caption\":\"La roulette fran\u00e7aise au casino\"},{\"@type\":\"BreadcrumbList\",\"@id\":\"https:\\\/\\\/www.onlineroulette.tech\\\/fr\\\/home\\\/francaise\\\/#breadcrumb\",\"itemListElement\":[{\"@type\":\"ListItem\",\"position\":1,\"name\":\"Accueil\",\"item\":\"https:\\\/\\\/www.onlineroulette.tech\\\/fr\\\/\"},{\"@type\":\"ListItem\",\"position\":2,\"name\":\"Roulette\",\"item\":\"https:\\\/\\\/www.onlineroulette.tech\\\/fr\\\/\"},{\"@type\":\"ListItem\",\"position\":3,\"name\":\"Fran\u00e7aise\"}]},{\"@type\":\"WebSite\",\"@id\":\"https:\\\/\\\/www.onlineroulette.tech\\\/fr\\\/#website\",\"url\":\"https:\\\/\\\/www.onlineroulette.tech\\\/fr\\\/\",\"name\":\"Roulette en Ligne\",\"description\":\"Roulette Guide\",\"publisher\":{\"@id\":\"https:\\\/\\\/www.onlineroulette.tech\\\/fr\\\/#organization\"},\"potentialAction\":[{\"@type\":\"SearchAction\",\"target\":{\"@type\":\"EntryPoint\",\"urlTemplate\":\"https:\\\/\\\/www.onlineroulette.tech\\\/fr\\\/?s={search_term_string}\"},\"query-input\":{\"@type\":\"PropertyValueSpecification\",\"valueRequired\":true,\"valueName\":\"search_term_string\"}}],\"inLanguage\":\"fr-CA\"},{\"@type\":\"Organization\",\"@id\":\"https:\\\/\\\/www.onlineroulette.tech\\\/fr\\\/#organization\",\"name\":\"Roulette en Ligne\",\"url\":\"https:\\\/\\\/www.onlineroulette.tech\\\/fr\\\/\",\"logo\":{\"@type\":\"ImageObject\",\"inLanguage\":\"fr-CA\",\"@id\":\"https:\\\/\\\/www.onlineroulette.tech\\\/fr\\\/#\\\/schema\\\/logo\\\/image\\\/\",\"url\":\"https:\\\/\\\/www.onlineroulette.tech\\\/fr\\\/wp-content\\\/uploads\\\/2022\\\/01\\\/logo.jpg\",\"contentUrl\":\"https:\\\/\\\/www.onlineroulette.tech\\\/fr\\\/wp-content\\\/uploads\\\/2022\\\/01\\\/logo.jpg\",\"width\":280,\"height\":115,\"caption\":\"Roulette en Ligne\"},\"image\":{\"@id\":\"https:\\\/\\\/www.onlineroulette.tech\\\/fr\\\/#\\\/schema\\\/logo\\\/image\\\/\"}}]}<\/script>\n<!-- \/ Yoast SEO plugin. -->","yoast_head_json":{"title":"Roulette Fran\u00e7aise au Casino en Ligne - R\u00e8gles du Jeu","description":"Le guide de la roulette Fran\u00e7aise. Les r\u00e8gles du jeu et les astuces gagnantes. Jouer sur un casino en ligne s\u00e9rieux au Canada.","robots":{"index":"index","follow":"follow","max-snippet":"max-snippet:-1","max-image-preview":"max-image-preview:large","max-video-preview":"max-video-preview:-1"},"canonical":"https:\/\/www.onlineroulette.tech\/fr\/home\/francaise\/","og_locale":"fr_CA","og_type":"article","og_title":"Roulette Fran\u00e7aise au Casino en Ligne - R\u00e8gles du Jeu","og_description":"Le guide de la roulette Fran\u00e7aise. Les r\u00e8gles du jeu et les astuces gagnantes. Jouer sur un casino en ligne s\u00e9rieux au Canada.","og_url":"https:\/\/www.onlineroulette.tech\/fr\/home\/francaise\/","og_site_name":"Roulette en Ligne","article_modified_time":"2025-11-18T04:34:36+00:00","og_image":[{"width":380,"height":380,"url":"https:\/\/www.onlineroulette.tech\/fr\/wp-content\/uploads\/2021\/01\/roulette-francaise.jpg","type":"image\/jpeg"}],"twitter_card":"summary_large_image","twitter_misc":{"Estimation du temps de lecture":"7 minutes"},"schema":{"@context":"https:\/\/schema.org","@graph":[{"@type":"WebPage","@id":"https:\/\/www.onlineroulette.tech\/fr\/home\/francaise\/","url":"https:\/\/www.onlineroulette.tech\/fr\/home\/francaise\/","name":"Roulette Fran\u00e7aise au Casino en Ligne - R\u00e8gles du Jeu","isPartOf":{"@id":"https:\/\/www.onlineroulette.tech\/fr\/#website"},"primaryImageOfPage":{"@id":"https:\/\/www.onlineroulette.tech\/fr\/home\/francaise\/#primaryimage"},"image":{"@id":"https:\/\/www.onlineroulette.tech\/fr\/home\/francaise\/#primaryimage"},"thumbnailUrl":"https:\/\/www.onlineroulette.tech\/fr\/wp-content\/uploads\/2021\/01\/roulette-francaise.jpg","datePublished":"2020-11-26T07:56:30+00:00","dateModified":"2025-11-18T04:34:36+00:00","description":"Le guide de la roulette Fran\u00e7aise. Les r\u00e8gles du jeu et les astuces gagnantes. Jouer sur un casino en ligne s\u00e9rieux au Canada.","breadcrumb":{"@id":"https:\/\/www.onlineroulette.tech\/fr\/home\/francaise\/#breadcrumb"},"inLanguage":"fr-CA","potentialAction":[{"@type":"ReadAction","target":["https:\/\/www.onlineroulette.tech\/fr\/home\/francaise\/"]}]},{"@type":"ImageObject","inLanguage":"fr-CA","@id":"https:\/\/www.onlineroulette.tech\/fr\/home\/francaise\/#primaryimage","url":"https:\/\/www.onlineroulette.tech\/fr\/wp-content\/uploads\/2021\/01\/roulette-francaise.jpg","contentUrl":"https:\/\/www.onlineroulette.tech\/fr\/wp-content\/uploads\/2021\/01\/roulette-francaise.jpg","width":380,"height":380,"caption":"La roulette fran\u00e7aise au casino"},{"@type":"BreadcrumbList","@id":"https:\/\/www.onlineroulette.tech\/fr\/home\/francaise\/#breadcrumb","itemListElement":[{"@type":"ListItem","position":1,"name":"Accueil","item":"https:\/\/www.onlineroulette.tech\/fr\/"},{"@type":"ListItem","position":2,"name":"Roulette","item":"https:\/\/www.onlineroulette.tech\/fr\/"},{"@type":"ListItem","position":3,"name":"Fran\u00e7aise"}]},{"@type":"WebSite","@id":"https:\/\/www.onlineroulette.tech\/fr\/#website","url":"https:\/\/www.onlineroulette.tech\/fr\/","name":"Roulette en Ligne","description":"Roulette Guide","publisher":{"@id":"https:\/\/www.onlineroulette.tech\/fr\/#organization"},"potentialAction":[{"@type":"SearchAction","target":{"@type":"EntryPoint","urlTemplate":"https:\/\/www.onlineroulette.tech\/fr\/?s={search_term_string}"},"query-input":{"@type":"PropertyValueSpecification","valueRequired":true,"valueName":"search_term_string"}}],"inLanguage":"fr-CA"},{"@type":"Organization","@id":"https:\/\/www.onlineroulette.tech\/fr\/#organization","name":"Roulette en Ligne","url":"https:\/\/www.onlineroulette.tech\/fr\/","logo":{"@type":"ImageObject","inLanguage":"fr-CA","@id":"https:\/\/www.onlineroulette.tech\/fr\/#\/schema\/logo\/image\/","url":"https:\/\/www.onlineroulette.tech\/fr\/wp-content\/uploads\/2022\/01\/logo.jpg","contentUrl":"https:\/\/www.onlineroulette.tech\/fr\/wp-content\/uploads\/2022\/01\/logo.jpg","width":280,"height":115,"caption":"Roulette en Ligne"},"image":{"@id":"https:\/\/www.onlineroulette.tech\/fr\/#\/schema\/logo\/image\/"}}]}},"_links":{"self":[{"href":"https:\/\/www.onlineroulette.tech\/fr\/wp-json\/wp\/v2\/pages\/26","targetHints":{"allow":["GET"]}}],"collection":[{"href":"https:\/\/www.onlineroulette.tech\/fr\/wp-json\/wp\/v2\/pages"}],"about":[{"href":"https:\/\/www.onlineroulette.tech\/fr\/wp-json\/wp\/v2\/types\/page"}],"author":[{"embeddable":true,"href":"https:\/\/www.onlineroulette.tech\/fr\/wp-json\/wp\/v2\/users\/1"}],"replies":[{"embeddable":true,"href":"https:\/\/www.onlineroulette.tech\/fr\/wp-json\/wp\/v2\/comments?post=26"}],"version-history":[{"count":69,"href":"https:\/\/www.onlineroulette.tech\/fr\/wp-json\/wp\/v2\/pages\/26\/revisions"}],"predecessor-version":[{"id":3741,"href":"https:\/\/www.onlineroulette.tech\/fr\/wp-json\/wp\/v2\/pages\/26\/revisions\/3741"}],"up":[{"embeddable":true,"href":"https:\/\/www.onlineroulette.tech\/fr\/wp-json\/wp\/v2\/pages\/38"}],"wp:attachment":[{"href":"https:\/\/www.onlineroulette.tech\/fr\/wp-json\/wp\/v2\/media?parent=26"}],"curies":[{"name":"wp","href":"https:\/\/api.w.org\/{rel}","templated":true}]}}