{"id":24,"date":"2020-11-26T07:55:43","date_gmt":"2020-11-26T07:55:43","guid":{"rendered":"https:\/\/www.onlineroulette.tech\/fr\/?page_id=24"},"modified":"2025-11-18T04:34:46","modified_gmt":"2025-11-18T04:34:46","slug":"europeenne","status":"publish","type":"page","link":"https:\/\/www.onlineroulette.tech\/fr\/home\/europeenne\/","title":{"rendered":"Europ\u00e9enne"},"content":{"rendered":"<div class=\"su-row\"><div class=\"su-column su-column-size-2-3\"><div class=\"su-column-inner su-u-clearfix su-u-trim\">La roulette Europ\u00e9enne est un jeu de table pris\u00e9 dans les casinos du Canada. Dans les prestigieuses salles de casino elle se joue en live. Il est aussi possible d&rsquo;y jouer en Instant Play.<!--more--><\/p>\n<h2>Intro \u00e0 la roulette Europ\u00e9enne<\/h2>\n<ul>\n<li>Le cylindre a 37 cases. Il y a les num\u00e9ros 1 \u00e0 36, et une case Z\u00e9ro.<\/li>\n<li>Elle est le jeu de table les plus connu au casino.<\/li>\n<li>L&rsquo;avantage de la maison de jeu est de 2,7%.<\/li>\n<\/ul>\n<h2>R\u00e8gles de la roulette Europ\u00e9enne<\/h2>\n<p>Pour gagner il faut deviner quel num\u00e9ro va sortir, mais pas seulement ! On peut aussi parier sur plusieurs num\u00e9ros avec un seul jeton.<br \/>\n<br \/><strong>Il y a deux fa\u00e7ons de parier :<\/strong><\/p>\n<ul>\n<li>Sur les paris internes : les num\u00e9ros 1 \u00e0 36, et la case Z\u00e9ro,<\/li>\n<li>Et les externes : la couleur, la parit\u00e9, la moiti\u00e9 du tapis, et les douzaines.<\/li>\n<\/ul>\n<\/div><\/div><div class=\"su-column su-column-size-1-3\"><div class=\"su-column-inner su-u-clearfix su-u-trim\"><img loading=\"lazy\" decoding=\"async\" title=\"La roulette Europ\u00e9enne en ligne au casino\" src=\"https:\/\/www.onlineroulette.tech\/fr\/wp-content\/uploads\/2020\/12\/roulette-europenne.jpg\" alt=\"La roulette Europ\u00e9enne en ligne au casino\" width=\"380\" height=\"380\" class=\"alignnone size-full wp-image-511\" srcset=\"https:\/\/www.onlineroulette.tech\/fr\/wp-content\/uploads\/2020\/12\/roulette-europenne.jpg 380w, https:\/\/www.onlineroulette.tech\/fr\/wp-content\/uploads\/2020\/12\/roulette-europenne-300x300.jpg 300w, https:\/\/www.onlineroulette.tech\/fr\/wp-content\/uploads\/2020\/12\/roulette-europenne-150x150.jpg 150w\" sizes=\"auto, (max-width: 380px) 100vw, 380px\" \/><\/div><\/div><\/div>\n<h2 id=\"villento\">Sur quel casino en ligne jouer ?<\/h2>\n<p>De tous les casinos en ligne en argent r\u00e9el, Villento Casino est une tr\u00e8s bonne adresse. Ce site de jeux d&rsquo;argent est class\u00e9 parmi les meilleurs casinos du Canada, et aussi en Europe bien s\u00fbr.<br \/>\n&nbsp;<br \/>\n<div align=\"center\"><a title=\"Villento Casino\" class=\"top\" href=\"https:\/\/www.villento.com\/fr\/\" target=\"_blank\" rel=\"noopener noreferrer\"><img loading=\"lazy\" decoding=\"async\" title=\"Villento Casino\" src=\"https:\/\/www.onlineroulette.tech\/fr\/wp-content\/uploads\/2021\/01\/villento-roulette.jpg\" alt=\"Villento Casino\" width=\"900\" height=\"450\" class=\"aligncenter size-full wp-image-1212\" srcset=\"https:\/\/www.onlineroulette.tech\/fr\/wp-content\/uploads\/2021\/01\/villento-roulette.jpg 900w, https:\/\/www.onlineroulette.tech\/fr\/wp-content\/uploads\/2021\/01\/villento-roulette-300x150.jpg 300w, https:\/\/www.onlineroulette.tech\/fr\/wp-content\/uploads\/2021\/01\/villento-roulette-768x384.jpg 768w\" sizes=\"auto, (max-width: 900px) 100vw, 900px\" \/>VISITER VILLENTO CASINO<\/a><\/div>\n<p>\n\n<div class=\"su-divider su-divider-style-dotted\" style=\"margin:10px 0;border-width:3px;border-color:#820202\"><\/div>\nLa roulette Europ\u00e9enne est un jeu Vedette chez Villento Casino. D&rsquo;autres plateformes de casino sont aussi recommand\u00e9es. Un coup d&rsquo;\u0153il sur notre pages des <a title=\"casinos en ligne fiables\" href=\"https:\/\/www.onlineroulette.tech\/fr\/casino\/\">casinos en ligne fiables<\/a> les plus jou\u00e9s du Canada en vaut la peine.<\/p>\n<h2>Limites de pari<\/h2>\n<p>Les roulettes ont des limites de paris. Le plus petit pari possible est en g\u00e9n\u00e9ral 1$, et le plus gros des paris peut atteindre 10 000$. Avec les paris externes la limite est plus haute que sur les internes. \u00c0 chaque roulette de casino les limites de paris sont affich\u00e9es sur un petit panneau. Ces limites ont une raison. \u00c7a \u00e9vite que des joueurs utilisent des techniques gagnantes \u00e0 progression. En effet, sans ces limites, des astuces permettraient de faire sauter la banque !<\/p>\n<h2>D\u00e9roulement d&rsquo;une partie de roulette Europ\u00e9enne<\/h2>\n<p>Avant de placer des jetons sur le tapis il faut attendre que le croupier annonce \u00ab\u00a0Faites-vos jeux !\u00a0\u00bb. Avec les roulettes Instant Play, un message s&rsquo;affiche. \u00c0 ce stade vous pourrez placer vos jetons sur le tapis.<br \/>\n&nbsp;<br \/>\nUne fois les paris faits, le croupier (ou le programme) annonce \u00ab\u00a0Rien ne vas plus !\u00a0\u00bb. \u00c0 cet instant la bille est lanc\u00e9e et quelques secondes apr\u00e8s elle atterrit sur un num\u00e9ro gagnant. Les paris perdants sont pris par la maison, et les gagnants pay\u00e9s. Une fois cette \u00e9tape termin\u00e9e une nouvelle partie commence, et ainsi de suite.<\/p>\n<h3 id=\"tapis\">Le tapis de la roulette Europ\u00e9enne<\/h3>\n<div class=\"su-row\">\n<div class=\"su-column su-column-size-2-5\"><div class=\"su-column-inner su-u-clearfix su-u-trim\">On parie des jetons \u00e0 la roulette, jamais de cash. Dans les casinos physiques l&rsquo;argent est \u00e0 \u00e9changer \u00e0 la caisse. Au casino en ligne le logiciel s&rsquo;occupe de tout. Afin de bien diff\u00e9rencier les jetons, c&rsquo;est comme avec les billets de banque, ils sont de couleurs diff\u00e9rentes.<\/p>\n<p><img loading=\"lazy\" decoding=\"async\" title=\"Le cash se joue avec des jetons de couleurs\" src=\"https:\/\/www.onlineroulette.tech\/fr\/wp-content\/uploads\/2020\/12\/jeton-couleur.jpg\" alt=\"Le cash se joue avec des jetons de couleurs\" width=\"400\" height=\"300\" class=\"alignnone size-full wp-image-516\" \/><\/p>\n<\/div><\/div><div class=\"su-column su-column-size-3-5\"><div class=\"su-column-inner su-u-clearfix su-u-trim\">\n<p><img loading=\"lazy\" decoding=\"async\" title=\"Les paris en ligne \u00e0 la casino roulette Europ\u00e9enne\" src=\"https:\/\/www.onlineroulette.tech\/fr\/wp-content\/uploads\/2020\/12\/tapis-roulette-casino.jpg\" alt=\"Les paris en ligne \u00e0 la casino roulette Europ\u00e9enne\" width=\"700\" height=\"314\" class=\"alignnone size-full wp-image-380\" srcset=\"https:\/\/www.onlineroulette.tech\/fr\/wp-content\/uploads\/2020\/12\/tapis-roulette-casino.jpg 700w, https:\/\/www.onlineroulette.tech\/fr\/wp-content\/uploads\/2020\/12\/tapis-roulette-casino-300x135.jpg 300w\" sizes=\"auto, (max-width: 700px) 100vw, 700px\" \/><\/p>\n<\/div><\/div><\/div>\n<h3>Le cylindre de la roulette<\/h3>\n<p>Sur le cylindre il y a les cases de la roue, 1 \u00e0 36, et la case Z\u00e9ro. Les num\u00e9ros 1 et 36 sont alternativement color\u00e9s en rouge et noir. La case du Z\u00e9ro est en vert. Les num\u00e9ros sont m\u00e9lang\u00e9s, ils ne se suivent pas. La bille a une probabilit\u00e9 \u00e9gale de s\u2019arr\u00eater sur une case ou l&rsquo;autre. \u00c0 chaque tour la roue est tourn\u00e9e dans un sens, et la bille est lanc\u00e9e dans le sens inverse. Au moment o\u00f9 la bille perd de sa vitesse, elle est sur le point de finir sa route dans l&rsquo;une des 37 cases. Une fois la bille dans sa case l&rsquo;annonce du num\u00e9ro gagnant est faite. Les paris perdants sont retir\u00e9s du tapis, et les joueurs gagnants sont pay\u00e9s.<\/p>\n<h2>Instant Play ou live roulette ?<\/h2>\n<p>Sur un casino en ligne jouer \u00e0 la roulette Instant Play ou en live revient au m\u00eame. Les r\u00e8gles du jeu sont \u00e0 l&rsquo;identique. G\u00e9n\u00e9ralement les joueurs choisissent l&rsquo;Instant Play. Cette fa\u00e7on de jouer est plus rapide et pratique. C&rsquo;est aussi le meilleur moyen de jouer sans \u00eatre d\u00e9rang\u00e9 par les autres joueurs.<\/p>\n<h2 id=paris>Les paris \u00e0 la roulette Europ\u00e9enne<\/h2>\n<p>Il y a un large choix de paris possibles sur le <a title=\"tapis vert\" href=\"#tapis\">tapis vert<\/a> de l&rsquo;Europ\u00e9enne. Les paris internes (sur les num\u00e9ros) sont ceux qui rapportent le plus d&rsquo;argent lors de victoires. Quant aux paris externes, ils font gagner de deux \u00e0 trois fois le pari selon les options choisies.<\/p>\n<h3>Paris internes &#8211; les plus payants<\/h3>\n<div class=\"su-row\"><div class=\"su-column su-column-size-2-5\"><div class=\"su-column-inner su-u-clearfix su-u-trim\">\n<table>\n<tbody>\n<tr>\n<td><strong>Pari<\/strong><\/td>\n<td><strong>Paiement<\/strong><\/td>\n<\/tr>\n<tr>\n<td>Un num\u00e9ro<\/td>\n<td>35\/1<\/td>\n<\/tr>\n<tr>\n<td>Deux num\u00e9ros<\/td>\n<td>17\/1<\/td>\n<\/tr>\n<tr>\n<td>Trois num\u00e9ros<\/td>\n<td>11\/1<\/td>\n<\/tr>\n<tr>\n<td>Quatre num\u00e9ros<\/td>\n<td>8\/1<\/td>\n<\/tr>\n<tr>\n<td>Six num\u00e9ros<\/td>\n<td>5\/1<\/td>\n<\/tr>\n<\/tbody>\n<\/table>\n<\/div><\/div>\n<div class=\"su-column su-column-size-3-5\"><div class=\"su-column-inner su-u-clearfix su-u-trim\">\n<ul>\n<li>Un num\u00e9ro : le plus gros des paris. En cas de victoire \u00e7a paie 35 fois la mise.<\/li>\n<li>Deux num\u00e9ros : parier sur deux num\u00e9ros qui se touchent. Le pari rapporte 17 fois la mise.<\/li>\n<li>Trois num\u00e9ros : la mise se fait sur une ligne horizontale. En cas de gain, \u00e7a paie 11 fois le pari.<\/li>\n<li>Quatre num\u00e9ros : le pari gagnant paie 8 fois la somme pari\u00e9e. Ce pari est appel\u00e9 \u00ab\u00a0le Carr\u00e9\u00a0\u00bb.<\/li>\n<li>Six num\u00e9ros : un pari sur deux lignes adjacentes. C&rsquo;est le \u00ab\u00a0le Sixain\u00a0\u00bb. \u00c7a paie 5 contre 1.<\/li>\n<\/ul>\n<\/div><\/div><\/div>\n<h3>Paris externes &#8211; les moins risqu\u00e9s<\/h3>\n<div class=\"su-row\"><div class=\"su-column su-column-size-2-5\"><div class=\"su-column-inner su-u-clearfix su-u-trim\">\n<table align=\"center\">\n<tbody>\n<tr>\n<td><strong>Pari<\/strong><\/td>\n<td><strong>Paiement<\/strong><\/td>\n<\/tr>\n<tr>\n<td>La Couleur<\/td>\n<td>1\/1<\/td>\n<\/tr>\n<tr>\n<td>Pair \/ Impair<\/td>\n<td>1\/1<\/td>\n<\/tr>\n<tr>\n<td>Manque \/ Passe<\/td>\n<td>1\/1<\/td>\n<\/tr>\n<tr>\n<td>La Colonne<\/td>\n<td>2\/1<\/td>\n<\/tr>\n<tr>\n<td>La Douzaine<\/td>\n<td>2\/1<\/td>\n<\/tr>\n<\/tbody>\n<\/table>\n<\/div><\/div>\n<div class=\"su-column su-column-size-3-5\"><div class=\"su-column-inner su-u-clearfix su-u-trim\">\n<ul>\n<li>La Couleur : Rouge ou Noir. Le pari le plus jou\u00e9, il double le capital investi en cas de victoire.<\/li>\n<li>Pair ou Impair : le deuxi\u00e8me pari le plus populaire. C&rsquo;est du 1 contre 1.<\/li>\n<li>Manque ou Passe : ce pari est le moins jou\u00e9. 1 \u00e0 18 (manque), ou 19 \u00e0 36 (passe).<\/li>\n<li>La Colonne : un pari sur l&rsquo;une des trois colonnes (12 num\u00e9ros). \u00c7a paie deux fois.<\/li>\n<li>La Douzaine : le pari se fait sur 1 \u00e0 12, 13 \u00e0 24, ou 25 \u00e0 36. Un pari gagnant triple la mise.<\/li>\n<\/ul>\n<\/div><\/div><\/div>\n<h2>Strat\u00e9gies gagnantes<\/h2>\n<p>Il existe des astuces pour tenter de battre le casino. Attention toutefois ! Il n&rsquo;existe pas de <a title=\"m\u00e9thodes gagnantes\" href=\"https:\/\/www.onlineroulette.tech\/fr\/strategies\/\">m\u00e9thodes gagnantes<\/a> pour prendre le dessus sur le casino. En effet, la maison de jeu a une marge \u00e0 son avantage. La marge du casino \u00e0 la roulette Europ\u00e9enne est de 1\/37. En taux de retour, c&rsquo;est du 97,3%. C&rsquo;est comme si la maison de jeu prenait 2,7% sur chaque mise. En pratique, heureusement, c&rsquo;est diff\u00e9rent, sinon le jeu n&rsquo;aurait pas d&rsquo;int\u00e9r\u00eat. Des joueurs gagnent, et les autres perdent. C&rsquo;est le principe m\u00eame des jeux de hasard !<\/p>\n<h2>Origine de la roulette Europ\u00e9enne<\/h2>\n<p>L&rsquo;inventeur de la roulette est Blaise Pascal, un math\u00e9maticien fran\u00e7ais du 17\u00e8me si\u00e8cle. Il \u00e9tait fascin\u00e9 par les dispositifs \u00e0 mouvement perp\u00e9tuel. Le Z\u00e9ro ne faisait pas encore partie du m\u00e9canisme. D\u00e8s 1796 tout changea ! Avant cette date historique qui a fait tomber la monarchie, seul le Roi de France et ses disciples jouaient \u00e0 la roulette.<br \/>\n&nbsp;<br \/>\nUne fois la r\u00e9volution pass\u00e9e, la roulette \u00e0 36 num\u00e9ros est apparue avec une 37\u00e8me case, le Z\u00e9ro. C&rsquo;est dans des clubs priv\u00e9s parisiens que le jeu se pratiquait.<br \/>\n&nbsp;<br \/>\nEn 1842 tout s&rsquo;acc\u00e9l\u00e9ra ! Les deux fr\u00e8res Blanc, \u00e0 la t\u00eate du <a title=\"Casino de Monaco\" href=\"https:\/\/www.montecarlosbm.com\/fr\" target=\"_blank\" rel=\"noopener noreferrer\">Casino de Monaco<\/a>, install\u00e8rent les roulettes Europ\u00e9ennes dans leur salle de jeu. Le Casino de Monaco allait devenir la destination favorite des amateurs du jeu en Europe. La beaut\u00e9 des lieux, le prestige et surtout le fait que beaucoup de pays interdisaient les jeux d&rsquo;argent allaient faire le succ\u00e8s de Monaco.<\/p>\n","protected":false},"excerpt":{"rendered":"<p>La roulette Europ\u00e9enne est un jeu de table pris\u00e9 dans les casinos du Canada. Dans les prestigieuses salles de casino elle se joue en live. Il est aussi possible d&rsquo;y jouer en Instant Play.<\/p>\n","protected":false},"author":1,"featured_media":0,"parent":38,"menu_order":0,"comment_status":"closed","ping_status":"closed","template":"template-fullwidth.php","meta":{"footnotes":""},"class_list":["post-24","page","type-page","status-publish","hentry"],"yoast_head":"<!-- This site is optimized with the Yoast SEO plugin v27.5 - https:\/\/yoast.com\/product\/yoast-seo-wordpress\/ -->\n<title>Roulette Europ\u00e9enne en Ligne - R\u00e8gles du Jeu<\/title>\n<meta name=\"description\" content=\"Le guide de la roulette Europ\u00e9enne. Les r\u00e8gles du jeu et les taux de paiement. Jouer sur un casino en ligne fiable au Canada.\" \/>\n<meta name=\"robots\" content=\"index, follow, max-snippet:-1, max-image-preview:large, max-video-preview:-1\" \/>\n<link rel=\"canonical\" href=\"https:\/\/www.onlineroulette.tech\/fr\/home\/europeenne\/\" \/>\n<meta property=\"og:locale\" content=\"fr_CA\" \/>\n<meta property=\"og:type\" content=\"article\" \/>\n<meta property=\"og:title\" content=\"Roulette Europ\u00e9enne en Ligne - R\u00e8gles du Jeu\" \/>\n<meta property=\"og:description\" content=\"Le guide de la roulette Europ\u00e9enne. Les r\u00e8gles du jeu et les taux de paiement. Jouer sur un casino en ligne fiable au Canada.\" \/>\n<meta property=\"og:url\" content=\"https:\/\/www.onlineroulette.tech\/fr\/home\/europeenne\/\" \/>\n<meta property=\"og:site_name\" content=\"Roulette en Ligne\" \/>\n<meta property=\"article:modified_time\" content=\"2025-11-18T04:34:46+00:00\" \/>\n<meta property=\"og:image\" content=\"https:\/\/www.onlineroulette.tech\/fr\/wp-content\/uploads\/2020\/12\/roulette-europenne.jpg\" \/>\n\t<meta property=\"og:image:width\" content=\"380\" \/>\n\t<meta property=\"og:image:height\" content=\"380\" \/>\n\t<meta property=\"og:image:type\" content=\"image\/jpeg\" \/>\n<meta name=\"twitter:card\" content=\"summary_large_image\" \/>\n<meta name=\"twitter:label1\" content=\"Estimation du temps de lecture\" \/>\n\t<meta name=\"twitter:data1\" content=\"8 minutes\" \/>\n<script type=\"application\/ld+json\" class=\"yoast-schema-graph\">{\"@context\":\"https:\\\/\\\/schema.org\",\"@graph\":[{\"@type\":\"WebPage\",\"@id\":\"https:\\\/\\\/www.onlineroulette.tech\\\/fr\\\/home\\\/europeenne\\\/\",\"url\":\"https:\\\/\\\/www.onlineroulette.tech\\\/fr\\\/home\\\/europeenne\\\/\",\"name\":\"Roulette Europ\u00e9enne en Ligne - R\u00e8gles du Jeu\",\"isPartOf\":{\"@id\":\"https:\\\/\\\/www.onlineroulette.tech\\\/fr\\\/#website\"},\"primaryImageOfPage\":{\"@id\":\"https:\\\/\\\/www.onlineroulette.tech\\\/fr\\\/home\\\/europeenne\\\/#primaryimage\"},\"image\":{\"@id\":\"https:\\\/\\\/www.onlineroulette.tech\\\/fr\\\/home\\\/europeenne\\\/#primaryimage\"},\"thumbnailUrl\":\"https:\\\/\\\/www.onlineroulette.tech\\\/fr\\\/wp-content\\\/uploads\\\/2020\\\/12\\\/roulette-europenne.jpg\",\"datePublished\":\"2020-11-26T07:55:43+00:00\",\"dateModified\":\"2025-11-18T04:34:46+00:00\",\"description\":\"Le guide de la roulette Europ\u00e9enne. Les r\u00e8gles du jeu et les taux de paiement. Jouer sur un casino en ligne fiable au Canada.\",\"breadcrumb\":{\"@id\":\"https:\\\/\\\/www.onlineroulette.tech\\\/fr\\\/home\\\/europeenne\\\/#breadcrumb\"},\"inLanguage\":\"fr-CA\",\"potentialAction\":[{\"@type\":\"ReadAction\",\"target\":[\"https:\\\/\\\/www.onlineroulette.tech\\\/fr\\\/home\\\/europeenne\\\/\"]}]},{\"@type\":\"ImageObject\",\"inLanguage\":\"fr-CA\",\"@id\":\"https:\\\/\\\/www.onlineroulette.tech\\\/fr\\\/home\\\/europeenne\\\/#primaryimage\",\"url\":\"https:\\\/\\\/www.onlineroulette.tech\\\/fr\\\/wp-content\\\/uploads\\\/2020\\\/12\\\/roulette-europenne.jpg\",\"contentUrl\":\"https:\\\/\\\/www.onlineroulette.tech\\\/fr\\\/wp-content\\\/uploads\\\/2020\\\/12\\\/roulette-europenne.jpg\",\"width\":380,\"height\":380,\"caption\":\"La roulette europ\u00e9enne en ligne au casino\"},{\"@type\":\"BreadcrumbList\",\"@id\":\"https:\\\/\\\/www.onlineroulette.tech\\\/fr\\\/home\\\/europeenne\\\/#breadcrumb\",\"itemListElement\":[{\"@type\":\"ListItem\",\"position\":1,\"name\":\"Accueil\",\"item\":\"https:\\\/\\\/www.onlineroulette.tech\\\/fr\\\/\"},{\"@type\":\"ListItem\",\"position\":2,\"name\":\"Roulette\",\"item\":\"https:\\\/\\\/www.onlineroulette.tech\\\/fr\\\/\"},{\"@type\":\"ListItem\",\"position\":3,\"name\":\"Europ\u00e9enne\"}]},{\"@type\":\"WebSite\",\"@id\":\"https:\\\/\\\/www.onlineroulette.tech\\\/fr\\\/#website\",\"url\":\"https:\\\/\\\/www.onlineroulette.tech\\\/fr\\\/\",\"name\":\"Roulette en Ligne\",\"description\":\"Roulette Guide\",\"publisher\":{\"@id\":\"https:\\\/\\\/www.onlineroulette.tech\\\/fr\\\/#organization\"},\"potentialAction\":[{\"@type\":\"SearchAction\",\"target\":{\"@type\":\"EntryPoint\",\"urlTemplate\":\"https:\\\/\\\/www.onlineroulette.tech\\\/fr\\\/?s={search_term_string}\"},\"query-input\":{\"@type\":\"PropertyValueSpecification\",\"valueRequired\":true,\"valueName\":\"search_term_string\"}}],\"inLanguage\":\"fr-CA\"},{\"@type\":\"Organization\",\"@id\":\"https:\\\/\\\/www.onlineroulette.tech\\\/fr\\\/#organization\",\"name\":\"Roulette en Ligne\",\"url\":\"https:\\\/\\\/www.onlineroulette.tech\\\/fr\\\/\",\"logo\":{\"@type\":\"ImageObject\",\"inLanguage\":\"fr-CA\",\"@id\":\"https:\\\/\\\/www.onlineroulette.tech\\\/fr\\\/#\\\/schema\\\/logo\\\/image\\\/\",\"url\":\"https:\\\/\\\/www.onlineroulette.tech\\\/fr\\\/wp-content\\\/uploads\\\/2022\\\/01\\\/logo.jpg\",\"contentUrl\":\"https:\\\/\\\/www.onlineroulette.tech\\\/fr\\\/wp-content\\\/uploads\\\/2022\\\/01\\\/logo.jpg\",\"width\":280,\"height\":115,\"caption\":\"Roulette en Ligne\"},\"image\":{\"@id\":\"https:\\\/\\\/www.onlineroulette.tech\\\/fr\\\/#\\\/schema\\\/logo\\\/image\\\/\"}}]}<\/script>\n<!-- \/ Yoast SEO plugin. -->","yoast_head_json":{"title":"Roulette Europ\u00e9enne en Ligne - R\u00e8gles du Jeu","description":"Le guide de la roulette Europ\u00e9enne. Les r\u00e8gles du jeu et les taux de paiement. Jouer sur un casino en ligne fiable au Canada.","robots":{"index":"index","follow":"follow","max-snippet":"max-snippet:-1","max-image-preview":"max-image-preview:large","max-video-preview":"max-video-preview:-1"},"canonical":"https:\/\/www.onlineroulette.tech\/fr\/home\/europeenne\/","og_locale":"fr_CA","og_type":"article","og_title":"Roulette Europ\u00e9enne en Ligne - R\u00e8gles du Jeu","og_description":"Le guide de la roulette Europ\u00e9enne. Les r\u00e8gles du jeu et les taux de paiement. Jouer sur un casino en ligne fiable au Canada.","og_url":"https:\/\/www.onlineroulette.tech\/fr\/home\/europeenne\/","og_site_name":"Roulette en Ligne","article_modified_time":"2025-11-18T04:34:46+00:00","og_image":[{"width":380,"height":380,"url":"https:\/\/www.onlineroulette.tech\/fr\/wp-content\/uploads\/2020\/12\/roulette-europenne.jpg","type":"image\/jpeg"}],"twitter_card":"summary_large_image","twitter_misc":{"Estimation du temps de lecture":"8 minutes"},"schema":{"@context":"https:\/\/schema.org","@graph":[{"@type":"WebPage","@id":"https:\/\/www.onlineroulette.tech\/fr\/home\/europeenne\/","url":"https:\/\/www.onlineroulette.tech\/fr\/home\/europeenne\/","name":"Roulette Europ\u00e9enne en Ligne - R\u00e8gles du Jeu","isPartOf":{"@id":"https:\/\/www.onlineroulette.tech\/fr\/#website"},"primaryImageOfPage":{"@id":"https:\/\/www.onlineroulette.tech\/fr\/home\/europeenne\/#primaryimage"},"image":{"@id":"https:\/\/www.onlineroulette.tech\/fr\/home\/europeenne\/#primaryimage"},"thumbnailUrl":"https:\/\/www.onlineroulette.tech\/fr\/wp-content\/uploads\/2020\/12\/roulette-europenne.jpg","datePublished":"2020-11-26T07:55:43+00:00","dateModified":"2025-11-18T04:34:46+00:00","description":"Le guide de la roulette Europ\u00e9enne. Les r\u00e8gles du jeu et les taux de paiement. Jouer sur un casino en ligne fiable au Canada.","breadcrumb":{"@id":"https:\/\/www.onlineroulette.tech\/fr\/home\/europeenne\/#breadcrumb"},"inLanguage":"fr-CA","potentialAction":[{"@type":"ReadAction","target":["https:\/\/www.onlineroulette.tech\/fr\/home\/europeenne\/"]}]},{"@type":"ImageObject","inLanguage":"fr-CA","@id":"https:\/\/www.onlineroulette.tech\/fr\/home\/europeenne\/#primaryimage","url":"https:\/\/www.onlineroulette.tech\/fr\/wp-content\/uploads\/2020\/12\/roulette-europenne.jpg","contentUrl":"https:\/\/www.onlineroulette.tech\/fr\/wp-content\/uploads\/2020\/12\/roulette-europenne.jpg","width":380,"height":380,"caption":"La roulette europ\u00e9enne en ligne au casino"},{"@type":"BreadcrumbList","@id":"https:\/\/www.onlineroulette.tech\/fr\/home\/europeenne\/#breadcrumb","itemListElement":[{"@type":"ListItem","position":1,"name":"Accueil","item":"https:\/\/www.onlineroulette.tech\/fr\/"},{"@type":"ListItem","position":2,"name":"Roulette","item":"https:\/\/www.onlineroulette.tech\/fr\/"},{"@type":"ListItem","position":3,"name":"Europ\u00e9enne"}]},{"@type":"WebSite","@id":"https:\/\/www.onlineroulette.tech\/fr\/#website","url":"https:\/\/www.onlineroulette.tech\/fr\/","name":"Roulette en Ligne","description":"Roulette Guide","publisher":{"@id":"https:\/\/www.onlineroulette.tech\/fr\/#organization"},"potentialAction":[{"@type":"SearchAction","target":{"@type":"EntryPoint","urlTemplate":"https:\/\/www.onlineroulette.tech\/fr\/?s={search_term_string}"},"query-input":{"@type":"PropertyValueSpecification","valueRequired":true,"valueName":"search_term_string"}}],"inLanguage":"fr-CA"},{"@type":"Organization","@id":"https:\/\/www.onlineroulette.tech\/fr\/#organization","name":"Roulette en Ligne","url":"https:\/\/www.onlineroulette.tech\/fr\/","logo":{"@type":"ImageObject","inLanguage":"fr-CA","@id":"https:\/\/www.onlineroulette.tech\/fr\/#\/schema\/logo\/image\/","url":"https:\/\/www.onlineroulette.tech\/fr\/wp-content\/uploads\/2022\/01\/logo.jpg","contentUrl":"https:\/\/www.onlineroulette.tech\/fr\/wp-content\/uploads\/2022\/01\/logo.jpg","width":280,"height":115,"caption":"Roulette en Ligne"},"image":{"@id":"https:\/\/www.onlineroulette.tech\/fr\/#\/schema\/logo\/image\/"}}]}},"_links":{"self":[{"href":"https:\/\/www.onlineroulette.tech\/fr\/wp-json\/wp\/v2\/pages\/24","targetHints":{"allow":["GET"]}}],"collection":[{"href":"https:\/\/www.onlineroulette.tech\/fr\/wp-json\/wp\/v2\/pages"}],"about":[{"href":"https:\/\/www.onlineroulette.tech\/fr\/wp-json\/wp\/v2\/types\/page"}],"author":[{"embeddable":true,"href":"https:\/\/www.onlineroulette.tech\/fr\/wp-json\/wp\/v2\/users\/1"}],"replies":[{"embeddable":true,"href":"https:\/\/www.onlineroulette.tech\/fr\/wp-json\/wp\/v2\/comments?post=24"}],"version-history":[{"count":71,"href":"https:\/\/www.onlineroulette.tech\/fr\/wp-json\/wp\/v2\/pages\/24\/revisions"}],"predecessor-version":[{"id":3743,"href":"https:\/\/www.onlineroulette.tech\/fr\/wp-json\/wp\/v2\/pages\/24\/revisions\/3743"}],"up":[{"embeddable":true,"href":"https:\/\/www.onlineroulette.tech\/fr\/wp-json\/wp\/v2\/pages\/38"}],"wp:attachment":[{"href":"https:\/\/www.onlineroulette.tech\/fr\/wp-json\/wp\/v2\/media?parent=24"}],"curies":[{"name":"wp","href":"https:\/\/api.w.org\/{rel}","templated":true}]}}