{"id":2281,"date":"2022-05-21T04:29:20","date_gmt":"2022-05-21T04:29:20","guid":{"rendered":"https:\/\/www.onlineroulette.tech\/fr\/?page_id=2281"},"modified":"2025-11-18T04:38:33","modified_gmt":"2025-11-18T04:38:33","slug":"casinos-sur-windows","status":"publish","type":"page","link":"https:\/\/www.onlineroulette.tech\/fr\/casinos-sur-windows\/","title":{"rendered":"Windows Casinos"},"content":{"rendered":"<p>Les casinos Windows sur ordinateurs et portables ont \u00e9t\u00e9 pass\u00e9s en revue par nos testeurs. <!--more-->Sur les centaines de casinos en ligne actifs sur Internet, les trois casinos Windows les mieux r\u00e9ussis sont \u00e0 l\u2019affiche sur notre guide. Deux options de jeux sont propos\u00e9es sur les casinos retenus : avec ou sans t\u00e9l\u00e9chargement.<\/p>\n<p>Avec nous les meilleurs casinos compatibles sur Windows sont \u00e0 un clic seulement. Parmi les sites de jeux d&rsquo;argent les mieux not\u00e9s sur les guides Windows 2026, Luxury Casino prend la 1\u00e8re place du Podium. Ce casino en ligne unique au monde donne acc\u00e8s \u00e0 des machines \u00e0 sous de l&rsquo;\u00e9diteur Microgaming, le plus prim\u00e9 du secteur. Quant au blackjack et \u00e0 la roulette, on peut y jouer en live face aux croupiers.<br \/>\n<div class=\"su-divider su-divider-style-dotted\" style=\"margin:15px 0;border-width:10px;border-color:#820202\"><\/div>\n<h2>Jeux de Casino sur Ordinateur et Portable<\/h2>\n<div class=\"su-row\">\n<div class=\"su-column su-column-size-1-3 colc\"><div class=\"su-column-inner su-u-clearfix su-u-trim\">\n<span style=\"font-size:17pt;color:#820202;font-weight:600\">#1. LUXURY CASINO<\/span><br \/>\n<a title=\"Luxury Casino\" href=\"https:\/\/luxury.casino\/fr\/\" target=\"_blank\" rel=\"noopener noreferrer\"><img loading=\"lazy\" decoding=\"async\" title=\"Blackjack et roulette sur Windows\" src=\"https:\/\/www.onlineroulette.tech\/fr\/wp-content\/uploads\/2022\/05\/luxury-pc.jpg\" alt=\"Blackjack et roulette sur Windows\" width=\"300\" height=\"300\" class=\"alignnone size-full wp-image-2219\" srcset=\"https:\/\/www.onlineroulette.tech\/fr\/wp-content\/uploads\/2022\/05\/luxury-pc.jpg 300w, https:\/\/www.onlineroulette.tech\/fr\/wp-content\/uploads\/2022\/05\/luxury-pc-150x150.jpg 150w\" sizes=\"auto, (max-width: 300px) 100vw, 300px\" \/><br \/>\n<span style=\"font-size:17pt\"><b><u>Visiter Luxury Casino<\/u><\/b><\/span><\/a><br \/>\n\nJeux de Table en Instantan\u00e9<br \/>\nBonus de Bienvenue : 1000 C$<br \/>\n<\/div><\/div>\n<div class=\"su-column su-column-size-1-3 colc\"><div class=\"su-column-inner su-u-clearfix su-u-trim\">\n<span style=\"font-size:17pt;color:#820202;font-weight:600\">#2. CASINO ACTION<\/span><br \/>\n<a title=\"Casino Action\" href=\"https:\/\/www.casinoaction.com\/fr\/\" target=\"_blank\" rel=\"noopener noreferrer\"><img loading=\"lazy\" decoding=\"async\" title=\"Machines \u00e0 sous de Casino sur Windows\" src=\"https:\/\/www.onlineroulette.tech\/fr\/wp-content\/uploads\/2022\/05\/casino-windows.jpg\" alt=\"Machines \u00e0 sous de Casino sur Windows\" width=\"300\" height=\"300\" class=\"alignnone size-full wp-image-2312\" srcset=\"https:\/\/www.onlineroulette.tech\/fr\/wp-content\/uploads\/2022\/05\/casino-windows.jpg 300w, https:\/\/www.onlineroulette.tech\/fr\/wp-content\/uploads\/2022\/05\/casino-windows-150x150.jpg 150w\" sizes=\"auto, (max-width: 300px) 100vw, 300px\" \/><br \/>\n\n<span style=\"font-size:17pt\"><b><u>Visiter Casino Action<\/u><\/b><\/span><\/a><br \/>\nMachines \u00e0 Sous en Ligne<br \/>Jeux du Mega Moolah<br \/>\n<\/div><\/div>\n<div class=\"su-column su-column-size-1-3 colc\"><div class=\"su-column-inner su-u-clearfix su-u-trim\">\n<span style=\"font-size:17pt;color:#820202;font-weight:600\">#3.UK CASINO CLUB<\/span><br \/>\n<a title=\"UK Casino Club\" href=\"https:\/\/www.ukcasinoclub.eu\/fr\/\" target=\"_blank\" rel=\"noopener noreferrer\"><img loading=\"lazy\" decoding=\"async\" title=\"Meilleurs jeux en live sur Internet chez UK Casino Club\" src=\"https:\/\/www.onlineroulette.tech\/fr\/wp-content\/uploads\/2022\/05\/club.jpg\" alt=\"Meilleurs jeux en live sur Internet chez UK Casino Club\" width=\"300\" height=\"300\" class=\"alignnone size-full wp-image-2221\" srcset=\"https:\/\/www.onlineroulette.tech\/fr\/wp-content\/uploads\/2022\/05\/club.jpg 300w, https:\/\/www.onlineroulette.tech\/fr\/wp-content\/uploads\/2022\/05\/club-150x150.jpg 150w\" sizes=\"auto, (max-width: 300px) 100vw, 300px\" \/><br \/>\n<span style=\"font-size:17pt\"><b><u>Visiter UK Casino Club<\/u><\/b><\/span><\/a><br \/>\n\nBlackjack et Roulette Live<br \/>\nBonus de Bienvenue et de Fid\u00e9lit\u00e9<br \/>\n<\/div><\/div>\n<\/div>\n<div class=\"su-divider su-divider-style-dotted\" style=\"margin:15px 0;border-width:10px;border-color:#820202\"><\/div>\nJouer au casino depuis un ordinateur ou un portable Windows offre les m\u00eames options de jeux que dans une vraie salle de jeux. Il est m\u00eame possible d&rsquo;y jouer en live aux tables de blackjack et de roulette. Gr\u00e2ce \u00e0 des espaces de jeux en live, on y mise aux tables de jeux face aux croupiers.<br \/>\n&nbsp;<br \/>\n<div class=\"su-row\"><div class=\"su-column su-column-size-2-3\"><div class=\"su-column-inner su-u-clearfix su-u-trim\">\nLes trois sites de casino Windows de notre guide sont conformes aux r\u00e8gles impos\u00e9es par des commissions officielles des jeux d&rsquo;argent. En devenant membre de l&rsquo;un de ces casinos en ligne vous avez la garantie que les normes les plus strictes en termes de d\u00e9ontologie soient respect\u00e9es.<\/p>\n<p>Les normes de base les plus strictes sont :<\/p>\n<ul>\n<li><em>Des jeux de casino audit\u00e9s en permanence.<\/em><\/li>\n<li><em>Vos donn\u00e9es personnelles demeurent toujours confidentielles.<\/em><\/li>\n<li><em>Un support client aimable et disponible.<\/em><\/li>\n<\/ul>\n<p>&nbsp;<br \/>\nD\u00e9couvrez les meilleurs logiciels de casino ! Gr\u00e2ce \u00e0 notre s\u00e9lection vous avez acc\u00e8s \u00e0 des jeux taill\u00e9s sur mesure sur Windows.<br \/>\n<\/div><\/div>\n<div class=\"su-column su-column-size-1-3\"><div class=\"su-column-inner su-u-clearfix su-u-trim\"><img loading=\"lazy\" decoding=\"async\" title=\"Jeux de casino Windows sur Internet\" src=\"https:\/\/www.onlineroulette.tech\/fr\/wp-content\/uploads\/2022\/05\/jeux-windows.jpg\" alt=\"Jeux de casino Windows sur Internet\" width=\"300\" height=\"300\" class=\"aligncenter size-full wp-image-2309\" srcset=\"https:\/\/www.onlineroulette.tech\/fr\/wp-content\/uploads\/2022\/05\/jeux-windows.jpg 300w, https:\/\/www.onlineroulette.tech\/fr\/wp-content\/uploads\/2022\/05\/jeux-windows-150x150.jpg 150w\" sizes=\"auto, (max-width: 300px) 100vw, 300px\" \/><\/div><\/div><\/div>\n<h2>Jouer au casino sur Windows<\/h2>\n<p>Jouer en ligne sur des sites casino se fait avec aisance. Il suffit d&rsquo;\u00eatre connect\u00e9 au Web via un ordinateur, une tablette, ou un smartphone pour commencer \u00e0 jouer. Bien \u00e9videmment il y a des \u00e9tapes \u00e0 suivre avant de faire les premiers paris sur vos jeux pr\u00e9f\u00e9r\u00e9s.<\/p>\n<p>Quelle est l&rsquo;\u00e9tape la plus importante ? S&rsquo;inscrire sur un casino en ligne fiable.<\/p>\n<h3>Choisir un casino fiable sur Windows<\/h3>\n<p>Sur Internet il y a malheureusement des casinos qui sont de vraies arnaques. Afin de ne pas se faire duper sur des plateformes Web h\u00e9berg\u00e9es dans des pays offshore, il est important de se renseigner sur l&rsquo;origine du casino en ligne sur lequel vous \u00eates sur le point de vous inscrire.<\/p>\n<p>L&rsquo;astuce de consulter des guides de casino comme le n\u00f4tre est un bon r\u00e9flexe. En effet, sur les pages de notre site Web seuls des <a title=\"casinos en ligne honn\u00eates\" href=\"https:\/\/www.onlineroulette.tech\/fr\/casino\/\">casinos en ligne honn\u00eates<\/a> sont \u00e0 l&rsquo;affiche.<\/p>\n<h3>Connexion au casino en ligne<\/h3>\n<p>Sur les ordinateurs et les portables Windows il y a souvent deux options de jeux sur les casinos en ligne. La m\u00e9thode de connexion la plus populaire se fait sur le navigateur Web. Cette option donne acc\u00e8s \u00e0 des jeux sans t\u00e9l\u00e9chargement. L&rsquo;autre m\u00e9thode de jeux se fait en installant un logiciel sur votre ordinateur.<\/p>\n<p>L&rsquo;option des jeux sans t\u00e9l\u00e9chargement est le 1er choix des utilisateurs. Il y a plusieurs raisons \u00e0 cela :<\/p>\n<ul>\n<li>Il n&rsquo;est jamais demand\u00e9 de faire des mises \u00e0 jour (tout est g\u00e9r\u00e9 sur la plateforme du casino).<\/li>\n<li>Les jeux de casino sont hautement s\u00e9curis\u00e9s sur les navigateurs Windows.<\/li>\n<li>Que ce soit aux machines \u00e0 sous ou aux jeux de table, tout type de jeux est disponible.<\/li>\n<li>Nul besoin d&rsquo;utiliser les ressources de votre ordinateur ou portable en installant le logiciel sur votre appareil.<\/li>\n<li>Vous pouvez vous connecter depuis l&rsquo;appareil que vous voulez avec votre compte utilisateur.<\/li>\n<\/ul>\n<h3>Jouer gratuitement sur Windows<\/h3>\n<p>D\u00e8s que les \u00e9tapes d&rsquo;inscription \u00e0 un casino en ligne ont \u00e9t\u00e9 faites, l&rsquo;acc\u00e8s aux jeux est imm\u00e9diat.<\/p>\n<p>Avec les sites de casino Windows de notre guide vous avez acc\u00e8s \u00e0 des jeux gratuits. Ces options sont aim\u00e9es des joueurs qui veulent tester des jeux sans devoir miser de l&rsquo;argent. Pour jouer en argent r\u00e9el, il faut se rendre sur la page banque du casino et y faire un d\u00e9p\u00f4t \u00e0 l&rsquo;aide d&rsquo;une carte de cr\u00e9dit ou de d\u00e9bit (ou toute autre m\u00e9thode de d\u00e9p\u00f4t mise \u00e0 disposition).<\/p>\n<h2>De hier \u00e0 aujourd\u2019hui<\/h2>\n<p>Durant les ann\u00e9es 2000 la majorit\u00e9 des casinos en ligne \u00e9taient uniquement con\u00e7us pour jouer sur des ordinateurs Windows. \u00c0 ce jour, tout a chang\u00e9. Dans les faits, les jeux des casinos en ligne sur Windows se jouent de plus en plus en instantan\u00e9. L&rsquo;instantan\u00e9 est un concept de jeux qui se jouent sans t\u00e9l\u00e9chargement sur les navigateurs Web. La force de ce syst\u00e8me est que le casino en ligne se joue sans qu&rsquo;il soit utile d&rsquo;installer un logiciel sur l&rsquo;ordinateur ou le portable.<\/p>\n<h2>Avis des utilisateurs Windows<\/h2>\n<p>De l&rsquo;avis des joueurs exp\u00e9riment\u00e9s, les jeux instantan\u00e9s sur Windows sont des solutions qui ont largement fait leurs preuves. Toutefois, les v\u00e9t\u00e9rans des jeux des ann\u00e9es 2000 pr\u00f4nent les jeux t\u00e9l\u00e9chargeables sur PC. Cette fa\u00e7on de jouer permet d&rsquo;avoir acc\u00e8s \u00e0 un plus grand nombre de jeux.<br \/>\n&nbsp;<br \/>\nDans le domaine des jeux de casino sur Windows, des sites de casino de renomm\u00e9 sont \u00e0 privil\u00e9gier. Ce sites de casino sont list\u00e9s sur les pages web de notre guide.<\/p>\n<h3>Casino sur Ordinateur<\/h3>\n<p>Luxury Casino est une plateforme Web de jeux d&rsquo;argent adapt\u00e9e \u00e0 tous les ordinateurs \u00e9quip\u00e9s du syst\u00e8me d&rsquo;exploitation Windows. Des centaines de jeux de l&rsquo;\u00e9diteur Microgaming sont \u00e0 t\u00e9l\u00e9charger sur PC. Toutefois la salle de jeux est surtout aim\u00e9e sur sa version des jeux instantan\u00e9s sur navigateur Web.<\/p>\n<h3>Casino sur Portable<\/h3>\n<p>Le site Casino Action vous fait entrer dans le monde des jeux en live gr\u00e2ce \u00e0 ses tables de blackjack et de roulette. On y trouve aussi des machines \u00e0 sous dignes des plus grands casinos au monde. Parfaitement adapt\u00e9 \u00e0 toutes les marques de portables, Casino Action est aussi compatible sur tout type de navigateurs. Au catalogue du casino des jeux \u00e0 jackpot donnent acc\u00e8s \u00e0 des machines \u00e0 sous de la s\u00e9rie Mega Moolah dot\u00e9e d&rsquo;un jackpot commun de plus d&rsquo;un million \u00e0 gagner.<br \/>\n&nbsp;<\/p>\n","protected":false},"excerpt":{"rendered":"<p>Les casinos Windows sur ordinateurs et portables ont \u00e9t\u00e9 pass\u00e9s en revue par nos testeurs.<\/p>\n","protected":false},"author":1,"featured_media":0,"parent":0,"menu_order":0,"comment_status":"closed","ping_status":"closed","template":"template-fullwidth.php","meta":{"footnotes":""},"class_list":["post-2281","page","type-page","status-publish","hentry"],"yoast_head":"<!-- This site is optimized with the Yoast SEO plugin v27.4 - https:\/\/yoast.com\/product\/yoast-seo-wordpress\/ -->\n<title>Windows Casinos - Meilleurs Jeux 2026 sur Internet<\/title>\n<meta name=\"description\" content=\"Jeux de casino sur ordinateur et portable. Casinos Windows pour jouer aux meilleurs jeux de casino sur Internet.\" \/>\n<meta name=\"robots\" content=\"index, follow, max-snippet:-1, max-image-preview:large, max-video-preview:-1\" \/>\n<link rel=\"canonical\" href=\"https:\/\/www.onlineroulette.tech\/fr\/casinos-sur-windows\/\" \/>\n<meta property=\"og:locale\" content=\"fr_CA\" \/>\n<meta property=\"og:type\" content=\"article\" \/>\n<meta property=\"og:title\" content=\"Windows Casinos - Meilleurs Jeux 2026 sur Internet\" \/>\n<meta property=\"og:description\" content=\"Jeux de casino sur ordinateur et portable. Casinos Windows pour jouer aux meilleurs jeux de casino sur Internet.\" \/>\n<meta property=\"og:url\" content=\"https:\/\/www.onlineroulette.tech\/fr\/casinos-sur-windows\/\" \/>\n<meta property=\"og:site_name\" content=\"Roulette en Ligne\" \/>\n<meta property=\"article:modified_time\" content=\"2025-11-18T04:38:33+00:00\" \/>\n<meta property=\"og:image\" content=\"https:\/\/www.onlineroulette.tech\/fr\/wp-content\/uploads\/2022\/05\/luxury-pc.jpg\" \/>\n\t<meta property=\"og:image:width\" content=\"300\" \/>\n\t<meta property=\"og:image:height\" content=\"300\" \/>\n\t<meta property=\"og:image:type\" content=\"image\/jpeg\" \/>\n<meta name=\"twitter:card\" content=\"summary_large_image\" \/>\n<meta name=\"twitter:label1\" content=\"Estimation du temps de lecture\" \/>\n\t<meta name=\"twitter:data1\" content=\"8 minutes\" \/>\n<script type=\"application\/ld+json\" class=\"yoast-schema-graph\">{\"@context\":\"https:\\\/\\\/schema.org\",\"@graph\":[{\"@type\":\"WebPage\",\"@id\":\"https:\\\/\\\/www.onlineroulette.tech\\\/fr\\\/casinos-sur-windows\\\/\",\"url\":\"https:\\\/\\\/www.onlineroulette.tech\\\/fr\\\/casinos-sur-windows\\\/\",\"name\":\"Windows Casinos - Meilleurs Jeux 2026 sur Internet\",\"isPartOf\":{\"@id\":\"https:\\\/\\\/www.onlineroulette.tech\\\/fr\\\/#website\"},\"primaryImageOfPage\":{\"@id\":\"https:\\\/\\\/www.onlineroulette.tech\\\/fr\\\/casinos-sur-windows\\\/#primaryimage\"},\"image\":{\"@id\":\"https:\\\/\\\/www.onlineroulette.tech\\\/fr\\\/casinos-sur-windows\\\/#primaryimage\"},\"thumbnailUrl\":\"https:\\\/\\\/www.onlineroulette.tech\\\/fr\\\/wp-content\\\/uploads\\\/2022\\\/05\\\/luxury-pc.jpg\",\"datePublished\":\"2022-05-21T04:29:20+00:00\",\"dateModified\":\"2025-11-18T04:38:33+00:00\",\"description\":\"Jeux de casino sur ordinateur et portable. Casinos Windows pour jouer aux meilleurs jeux de casino sur Internet.\",\"breadcrumb\":{\"@id\":\"https:\\\/\\\/www.onlineroulette.tech\\\/fr\\\/casinos-sur-windows\\\/#breadcrumb\"},\"inLanguage\":\"fr-CA\",\"potentialAction\":[{\"@type\":\"ReadAction\",\"target\":[\"https:\\\/\\\/www.onlineroulette.tech\\\/fr\\\/casinos-sur-windows\\\/\"]}]},{\"@type\":\"ImageObject\",\"inLanguage\":\"fr-CA\",\"@id\":\"https:\\\/\\\/www.onlineroulette.tech\\\/fr\\\/casinos-sur-windows\\\/#primaryimage\",\"url\":\"https:\\\/\\\/www.onlineroulette.tech\\\/fr\\\/wp-content\\\/uploads\\\/2022\\\/05\\\/luxury-pc.jpg\",\"contentUrl\":\"https:\\\/\\\/www.onlineroulette.tech\\\/fr\\\/wp-content\\\/uploads\\\/2022\\\/05\\\/luxury-pc.jpg\",\"width\":300,\"height\":300,\"caption\":\"Blackjack et roulette sur Mac et PC\"},{\"@type\":\"BreadcrumbList\",\"@id\":\"https:\\\/\\\/www.onlineroulette.tech\\\/fr\\\/casinos-sur-windows\\\/#breadcrumb\",\"itemListElement\":[{\"@type\":\"ListItem\",\"position\":1,\"name\":\"Accueil\",\"item\":\"https:\\\/\\\/www.onlineroulette.tech\\\/fr\\\/\"},{\"@type\":\"ListItem\",\"position\":2,\"name\":\"Windows Casinos\"}]},{\"@type\":\"WebSite\",\"@id\":\"https:\\\/\\\/www.onlineroulette.tech\\\/fr\\\/#website\",\"url\":\"https:\\\/\\\/www.onlineroulette.tech\\\/fr\\\/\",\"name\":\"Roulette en Ligne\",\"description\":\"Roulette Guide\",\"publisher\":{\"@id\":\"https:\\\/\\\/www.onlineroulette.tech\\\/fr\\\/#organization\"},\"potentialAction\":[{\"@type\":\"SearchAction\",\"target\":{\"@type\":\"EntryPoint\",\"urlTemplate\":\"https:\\\/\\\/www.onlineroulette.tech\\\/fr\\\/?s={search_term_string}\"},\"query-input\":{\"@type\":\"PropertyValueSpecification\",\"valueRequired\":true,\"valueName\":\"search_term_string\"}}],\"inLanguage\":\"fr-CA\"},{\"@type\":\"Organization\",\"@id\":\"https:\\\/\\\/www.onlineroulette.tech\\\/fr\\\/#organization\",\"name\":\"Roulette en Ligne\",\"url\":\"https:\\\/\\\/www.onlineroulette.tech\\\/fr\\\/\",\"logo\":{\"@type\":\"ImageObject\",\"inLanguage\":\"fr-CA\",\"@id\":\"https:\\\/\\\/www.onlineroulette.tech\\\/fr\\\/#\\\/schema\\\/logo\\\/image\\\/\",\"url\":\"https:\\\/\\\/www.onlineroulette.tech\\\/fr\\\/wp-content\\\/uploads\\\/2022\\\/01\\\/logo.jpg\",\"contentUrl\":\"https:\\\/\\\/www.onlineroulette.tech\\\/fr\\\/wp-content\\\/uploads\\\/2022\\\/01\\\/logo.jpg\",\"width\":280,\"height\":115,\"caption\":\"Roulette en Ligne\"},\"image\":{\"@id\":\"https:\\\/\\\/www.onlineroulette.tech\\\/fr\\\/#\\\/schema\\\/logo\\\/image\\\/\"}}]}<\/script>\n<!-- \/ Yoast SEO plugin. -->","yoast_head_json":{"title":"Windows Casinos - Meilleurs Jeux 2026 sur Internet","description":"Jeux de casino sur ordinateur et portable. Casinos Windows pour jouer aux meilleurs jeux de casino sur Internet.","robots":{"index":"index","follow":"follow","max-snippet":"max-snippet:-1","max-image-preview":"max-image-preview:large","max-video-preview":"max-video-preview:-1"},"canonical":"https:\/\/www.onlineroulette.tech\/fr\/casinos-sur-windows\/","og_locale":"fr_CA","og_type":"article","og_title":"Windows Casinos - Meilleurs Jeux 2026 sur Internet","og_description":"Jeux de casino sur ordinateur et portable. Casinos Windows pour jouer aux meilleurs jeux de casino sur Internet.","og_url":"https:\/\/www.onlineroulette.tech\/fr\/casinos-sur-windows\/","og_site_name":"Roulette en Ligne","article_modified_time":"2025-11-18T04:38:33+00:00","og_image":[{"width":300,"height":300,"url":"https:\/\/www.onlineroulette.tech\/fr\/wp-content\/uploads\/2022\/05\/luxury-pc.jpg","type":"image\/jpeg"}],"twitter_card":"summary_large_image","twitter_misc":{"Estimation du temps de lecture":"8 minutes"},"schema":{"@context":"https:\/\/schema.org","@graph":[{"@type":"WebPage","@id":"https:\/\/www.onlineroulette.tech\/fr\/casinos-sur-windows\/","url":"https:\/\/www.onlineroulette.tech\/fr\/casinos-sur-windows\/","name":"Windows Casinos - Meilleurs Jeux 2026 sur Internet","isPartOf":{"@id":"https:\/\/www.onlineroulette.tech\/fr\/#website"},"primaryImageOfPage":{"@id":"https:\/\/www.onlineroulette.tech\/fr\/casinos-sur-windows\/#primaryimage"},"image":{"@id":"https:\/\/www.onlineroulette.tech\/fr\/casinos-sur-windows\/#primaryimage"},"thumbnailUrl":"https:\/\/www.onlineroulette.tech\/fr\/wp-content\/uploads\/2022\/05\/luxury-pc.jpg","datePublished":"2022-05-21T04:29:20+00:00","dateModified":"2025-11-18T04:38:33+00:00","description":"Jeux de casino sur ordinateur et portable. Casinos Windows pour jouer aux meilleurs jeux de casino sur Internet.","breadcrumb":{"@id":"https:\/\/www.onlineroulette.tech\/fr\/casinos-sur-windows\/#breadcrumb"},"inLanguage":"fr-CA","potentialAction":[{"@type":"ReadAction","target":["https:\/\/www.onlineroulette.tech\/fr\/casinos-sur-windows\/"]}]},{"@type":"ImageObject","inLanguage":"fr-CA","@id":"https:\/\/www.onlineroulette.tech\/fr\/casinos-sur-windows\/#primaryimage","url":"https:\/\/www.onlineroulette.tech\/fr\/wp-content\/uploads\/2022\/05\/luxury-pc.jpg","contentUrl":"https:\/\/www.onlineroulette.tech\/fr\/wp-content\/uploads\/2022\/05\/luxury-pc.jpg","width":300,"height":300,"caption":"Blackjack et roulette sur Mac et PC"},{"@type":"BreadcrumbList","@id":"https:\/\/www.onlineroulette.tech\/fr\/casinos-sur-windows\/#breadcrumb","itemListElement":[{"@type":"ListItem","position":1,"name":"Accueil","item":"https:\/\/www.onlineroulette.tech\/fr\/"},{"@type":"ListItem","position":2,"name":"Windows Casinos"}]},{"@type":"WebSite","@id":"https:\/\/www.onlineroulette.tech\/fr\/#website","url":"https:\/\/www.onlineroulette.tech\/fr\/","name":"Roulette en Ligne","description":"Roulette Guide","publisher":{"@id":"https:\/\/www.onlineroulette.tech\/fr\/#organization"},"potentialAction":[{"@type":"SearchAction","target":{"@type":"EntryPoint","urlTemplate":"https:\/\/www.onlineroulette.tech\/fr\/?s={search_term_string}"},"query-input":{"@type":"PropertyValueSpecification","valueRequired":true,"valueName":"search_term_string"}}],"inLanguage":"fr-CA"},{"@type":"Organization","@id":"https:\/\/www.onlineroulette.tech\/fr\/#organization","name":"Roulette en Ligne","url":"https:\/\/www.onlineroulette.tech\/fr\/","logo":{"@type":"ImageObject","inLanguage":"fr-CA","@id":"https:\/\/www.onlineroulette.tech\/fr\/#\/schema\/logo\/image\/","url":"https:\/\/www.onlineroulette.tech\/fr\/wp-content\/uploads\/2022\/01\/logo.jpg","contentUrl":"https:\/\/www.onlineroulette.tech\/fr\/wp-content\/uploads\/2022\/01\/logo.jpg","width":280,"height":115,"caption":"Roulette en Ligne"},"image":{"@id":"https:\/\/www.onlineroulette.tech\/fr\/#\/schema\/logo\/image\/"}}]}},"_links":{"self":[{"href":"https:\/\/www.onlineroulette.tech\/fr\/wp-json\/wp\/v2\/pages\/2281","targetHints":{"allow":["GET"]}}],"collection":[{"href":"https:\/\/www.onlineroulette.tech\/fr\/wp-json\/wp\/v2\/pages"}],"about":[{"href":"https:\/\/www.onlineroulette.tech\/fr\/wp-json\/wp\/v2\/types\/page"}],"author":[{"embeddable":true,"href":"https:\/\/www.onlineroulette.tech\/fr\/wp-json\/wp\/v2\/users\/1"}],"replies":[{"embeddable":true,"href":"https:\/\/www.onlineroulette.tech\/fr\/wp-json\/wp\/v2\/comments?post=2281"}],"version-history":[{"count":39,"href":"https:\/\/www.onlineroulette.tech\/fr\/wp-json\/wp\/v2\/pages\/2281\/revisions"}],"predecessor-version":[{"id":3763,"href":"https:\/\/www.onlineroulette.tech\/fr\/wp-json\/wp\/v2\/pages\/2281\/revisions\/3763"}],"wp:attachment":[{"href":"https:\/\/www.onlineroulette.tech\/fr\/wp-json\/wp\/v2\/media?parent=2281"}],"curies":[{"name":"wp","href":"https:\/\/api.w.org\/{rel}","templated":true}]}}