{"id":22,"date":"2020-11-26T07:55:05","date_gmt":"2020-11-26T07:55:05","guid":{"rendered":"https:\/\/www.onlineroulette.tech\/fr\/?page_id=22"},"modified":"2025-11-18T04:34:54","modified_gmt":"2025-11-18T04:34:54","slug":"americaine","status":"publish","type":"page","link":"https:\/\/www.onlineroulette.tech\/fr\/home\/americaine\/","title":{"rendered":"Am\u00e9ricaine"},"content":{"rendered":"<div class=\"su-row\"><div class=\"su-column su-column-size-2-3\"><div class=\"su-column-inner su-u-clearfix su-u-trim\">L&rsquo;Am\u00e9ricaine est la plus jou\u00e9e des roues dans les casinos US. En revanche sur Internet c&rsquo;est la roulette Europ\u00e9enne qui a le plus de succ\u00e8s. <!--more-->Comme quoi les joueurs en ligne ne sont pas les m\u00eames que ceux des casinos terrestres. En ligne, ou pour de vrai, la roulette Am\u00e9ricaine est un jeu phare dans les casinos.<\/p>\n<h2>Intro \u00e0 la roulette Am\u00e9ricaine<\/h2>\n<ul>\n<li>Le cylindre a 38 cases : les num\u00e9ros 1 \u00e0 36, le Z\u00e9ro, et le double Z\u00e9ro (00). C&rsquo;est la seule roulette de casino qui a deux Z\u00e9ros.<\/li>\n<li>Elle est l&rsquo;un des jeux de table les plus aim\u00e9s aux USA. Juste derri\u00e8re le Blackjack, mais devant le Baccarat.<\/li>\n<li>L\u2019avantage de la maison de jeu est de 5,26%. C\u2019est sup\u00e9rieur \u00e0 la roulette Europ\u00e9enne (2,7%), ce qui n\u2019emp\u00eache par les joueurs US d\u2019y parier.<\/li>\n<\/ul>\n<\/div><\/div>\n<div class=\"su-column su-column-size-1-3\"><div class=\"su-column-inner su-u-clearfix su-u-trim\"><img loading=\"lazy\" decoding=\"async\" title=\"La roulette Am\u00e9ricaine de casino\" src=\"https:\/\/www.onlineroulette.tech\/fr\/wp-content\/uploads\/2020\/12\/roulette-americaine.jpg\" alt=\"La roulette Am\u00e9ricaine de casino\" width=\"380\" height=\"380\" class=\"alignnone size-full wp-image-395\" srcset=\"https:\/\/www.onlineroulette.tech\/fr\/wp-content\/uploads\/2020\/12\/roulette-americaine.jpg 380w, https:\/\/www.onlineroulette.tech\/fr\/wp-content\/uploads\/2020\/12\/roulette-americaine-300x300.jpg 300w, https:\/\/www.onlineroulette.tech\/fr\/wp-content\/uploads\/2020\/12\/roulette-americaine-150x150.jpg 150w\" sizes=\"auto, (max-width: 380px) 100vw, 380px\" \/><\/div><\/div><\/div>\n<h2>R\u00e8gles de la roulette Am\u00e9ricaine<\/h2>\n<p>Le but est de deviner dans quelle case la bille de la roue va atterrir. Deux types de paris peuvent se faire, les internes et les externes. Les paris internes sont les plus excitants parce qu&rsquo;ils payent plus. Parier sur un seul num\u00e9ro est le plus gros pari possible; en cas de victoire \u00e7a paye 35 fois la mise. Les paris les moins risqu\u00e9s se font sur les paris externes.<\/p>\n<p>Chaque roulette a des limites de paris. Sur un site de casino ou dans un casino physique, les limites sont affich\u00e9es \u00e0 chaque table. Le plus bas des paris est de 1 dollar. Quant au plus haut des paris il se monte en g\u00e9n\u00e9ral \u00e0 10 000 $.<\/p>\n<h2 id=\"city\">O\u00f9 jouer \u00e0 la roulette Am\u00e9ricaine en ligne ?<\/h2>\n<p>Plusieurs sites de casino sont recommand\u00e9s. La roulette US a le plus bas taux de retour comparativement \u00e0 ses cons\u0153urs, il est donc conseill\u00e9 de choisir un <a title=\"casino en ligne en argent r\u00e9el\" href=\"https:\/\/www.onlineroulette.tech\/fr\/casino\/\">casino en ligne en argent r\u00e9el<\/a> qui a des gros bonus de bienvenue. C&rsquo;est une fa\u00e7on de r\u00e9duire l\u2019avantage du casino. Sur ce terrain c\u2019est chez Jackpot City qu\u2019il y a le meilleur deal.<br \/>\n&nbsp;<br \/>\n<div align=\"center\"><a title=\"Jackpot City\" class=\"top\" href=\"https:\/\/www.jackpotcitycasino.com\/francais\/\" target=\"_blank\" rel=\"noopener noreferrer\"><img loading=\"lazy\" decoding=\"async\" title=\"Jackpot City\" src=\"https:\/\/www.onlineroulette.tech\/fr\/wp-content\/uploads\/2020\/12\/jackpot-city.jpg\" alt=\"Jackpot City\" width=\"800\" height=\"450\" class=\"aligncenter size-full wp-image-399\" srcset=\"https:\/\/www.onlineroulette.tech\/fr\/wp-content\/uploads\/2020\/12\/jackpot-city.jpg 800w, https:\/\/www.onlineroulette.tech\/fr\/wp-content\/uploads\/2020\/12\/jackpot-city-300x169.jpg 300w, https:\/\/www.onlineroulette.tech\/fr\/wp-content\/uploads\/2020\/12\/jackpot-city-768x432.jpg 768w\" sizes=\"auto, (max-width: 800px) 100vw, 800px\" \/>VISITER JACKPOT CITY<\/a><\/div>\n<p>\n\n<div class=\"su-divider su-divider-style-dotted\" style=\"margin:10px 0;border-width:3px;border-color:#820202\"><\/div>\n<h2>Comment se passe une partie de roulette Am\u00e9ricaine ?<\/h2>\n<ol>\n<li>Des jetons de couleur s\u2019utilisent pour parier. Chaque couleur a une valeur unique.<\/li>\n<li>Les jetons se placent sur des num\u00e9ros pleins, ou des groupes de num\u00e9ros.<\/li>\n<li>Avant de parie le dealer annonce le d\u00e9but de la partie : Faites-vos jeux !<\/li>\n<li>Ensuite le dealer actionne la roue dans un sens, et y lance la bille dans le sens oppos\u00e9.<\/li>\n<li>Le temps pour placer les jetons sur le tapis est d&rsquo;une minute ou plus selon le degr\u00e9 d\u2019activit\u00e9 en cours.<\/li>\n<li>Durant ce temps vous pouvez placer vos jetons \u00e0 votre guise.<\/li>\n<li>D\u00e8s que le croupier dit : \u00ab Rien ne va plus \u00bb, il n&rsquo;est plus possible de parier.<\/li>\n<li>D\u00e8s que la bille s\u2019arr\u00eate dans l\u2019une des cases du cylindre, le dealer annonce le num\u00e9ro sortant.<\/li>\n<li>Les mises perdantes sont retir\u00e9es du tapis, et les paris gagnants sont pay\u00e9s.<\/li>\n<li>Sit\u00f4t fait, une nouvelle partie commence.<\/li>\n<\/ol>\n<p><img loading=\"lazy\" decoding=\"async\" title=\"Le tapis de la roulette Am\u00e9ricaine et ses 38 num\u00e9ros\" src=\"https:\/\/www.onlineroulette.tech\/fr\/wp-content\/uploads\/2020\/12\/tapis-roulette.jpg\" alt=\"Le tapis de la roulette Am\u00e9ricaine et ses 38 num\u00e9ros\" width=\"1000\" height=\"400\" class=\"aligncenter size-full wp-image-400\" srcset=\"https:\/\/www.onlineroulette.tech\/fr\/wp-content\/uploads\/2020\/12\/tapis-roulette.jpg 1000w, https:\/\/www.onlineroulette.tech\/fr\/wp-content\/uploads\/2020\/12\/tapis-roulette-300x120.jpg 300w, https:\/\/www.onlineroulette.tech\/fr\/wp-content\/uploads\/2020\/12\/tapis-roulette-768x307.jpg 768w\" sizes=\"auto, (max-width: 1000px) 100vw, 1000px\" \/><\/p>\n<h3>La roulette et son cylindre<\/h3>\n<p>Comme vous pouvez le voir sur l\u2019image ci-dessus, la roulette Am\u00e9ricaine a 38 cases.<br \/>\n<div class=\"su-row\"><div class=\"su-column su-column-size-1-2\"><div class=\"su-column-inner su-u-clearfix su-u-trim\">\nIl y a les num\u00e9ros :<\/p>\n<ul>\n<li>De 1 et 36,<\/li>\n<li>Un Z\u00e9ro simple (0),<\/li>\n<li>Et un double Z\u00e9ro (00).<\/li>\n<\/ul>\n<\/div><\/div>\n<div class=\"su-column su-column-size-1-2\"><div class=\"su-column-inner su-u-clearfix su-u-trim\">Sur la roue les cases 1 \u00e0 36 sont alternativement rouge et noir. Les cases Z\u00e9ros sont vertes et plac\u00e9es face \u00e0 face. Les num\u00e9ros du cylindre sont m\u00e9lang\u00e9s.<\/div><\/div><\/div>\n<h2>Paris \u00e0 la roulette Am\u00e9ricaine<\/h2>\n<p>Les paris internes sont ceux qui payent le plus. Il est possible de parier d\u2019un \u00e0 plusieurs num\u00e9ros avec un seul jeton. Les paris externes doublent ou triplent les gains en cas de victoire.<\/p>\n<h3>Paris internes<\/h3>\n<div class=\"su-row\"><div class=\"su-column su-column-size-1-2\"><div class=\"su-column-inner su-u-clearfix su-u-trim\">\n<table>\n<tbody>\n<tr>\n<td nowrap><\/td>\n<td nowrap><strong>Pay\u00e9<\/strong><\/td>\n<td nowrap><strong>Cote<\/strong><\/td>\n<\/tr>\n<tr>\n<td>Num\u00e9ro plein<\/td>\n<td>35\/1<\/td>\n<td>2,63%<\/td>\n<\/tr>\n<tr>\n<td>Deux num\u00e9ros<\/td>\n<td>17\/1<\/td>\n<td>5,26%<\/td>\n<\/tr>\n<tr>\n<td>Ligne<\/td>\n<td>11\/1<\/td>\n<td>7,89%<\/td>\n<\/tr>\n<tr>\n<td>Carr\u00e9<\/td>\n<td>8\/1<\/td>\n<td>10,53%<\/td>\n<\/tr>\n<tr>\n<td>Basket bet<\/td>\n<td>6\/1<\/td>\n<td>13,16%<\/td>\n<\/tr>\n<tr>\n<td>Sixain<\/td>\n<td>5\/1<\/td>\n<td>15,79%<\/td>\n<\/tr>\n<\/tbody>\n<\/table>\n<\/div><\/div>\n<div class=\"su-column su-column-size-1-2\"><div class=\"su-column-inner su-u-clearfix su-u-trim\">\n<ol>\n<li>Num\u00e9ro plein : le pari gagnant paie 35 contre 1.<\/li>\n<li>Deux num\u00e9ros : dit \u00ab\u00a0\u00c0 cheval\u00a0\u00bb. Du 17 contre 1.<\/li>\n<li>Ligne : une ligne horizontale. Le gain paie 11 contre 1.<\/li>\n<li>Carr\u00e9 : quatre num\u00e9ros qui se touchent. \u00c7a paie 8 fois.<\/li>\n<li>Basket bet : un pari risqu\u00e9. Mise sur les cases 0, 00, 1, 2 et 3.<\/li>\n<li>Le Sixain : c&rsquo;est un pari sur six num\u00e9ros. Du 5 contre 1.<\/li>\n<\/ol>\n<\/div><\/div><\/div>\n<h3>Paris externes<\/h3>\n<div class=\"su-row\"><div class=\"su-column su-column-size-1-2\"><div class=\"su-column-inner su-u-clearfix su-u-trim\">\n<table>\n<tbody>\n<tr>\n<td nowrap><\/td>\n<td nowrap><strong>Pay\u00e9<\/strong><\/td>\n<td nowrap><strong>Cote<\/strong><\/td>\n<\/tr>\n<tr>\n<td>Colonne<\/td>\n<td>2\/1<\/td>\n<td>31,58%<\/td>\n<\/tr>\n<tr>\n<td>Douzaine<\/td>\n<td>2\/1<\/td>\n<td>31,58%<\/td>\n<\/tr>\n<tr>\n<td>Rouge \/ Noir<\/td>\n<td>1\/1<\/td>\n<td>47,37%<\/td>\n<\/tr>\n<tr>\n<td>Pair \/ Impair<\/td>\n<td>1\/1<\/td>\n<td>47,37%<\/td>\n<\/tr>\n<tr>\n<td>Manque \/ Passe<\/td>\n<td>1\/1<\/td>\n<td>47,37%<\/td>\n<\/tr>\n<\/tbody>\n<\/table>\n<\/div><\/div>\n<div class=\"su-column su-column-size-1-2\"><div class=\"su-column-inner su-u-clearfix su-u-trim\">\n<ol>\n<li>Colonne : mise sur 12 num\u00e9ros dans la section [2:1] du bas du tapis.<\/li>\n<li>Douzaine : sur les num\u00e9ros de 1 \u00e0 12, ou 13 \u00e0 24, ou 25 \u00e0 36.<\/li>\n<li>Rouge \/ Noir : pari le plus jou\u00e9 et aim\u00e9. C&rsquo;est du 1 contre 1.<\/li>\n<li>Pair \/ Impair : num\u00e9ros pairs ou impairs. Du 1 contre 1.<\/li>\n<li>Manque \/ Passe : pari sur les num\u00e9ros 1 \u00e0 18, ou 19 \u00e0 36.<\/li>\n<\/ol>\n<\/div><\/div><\/div>\n<h2>Origine de la roulette Am\u00e9ricaine<\/h2>\n<p>C&rsquo;est au 19\u00e8me que la roulette US est apparue aux USA. Les g\u00e9rants des casinos am\u00e9ricains, \u00e0 la recherche d&rsquo;une roulette plus locale, ont chang\u00e9 le nom du jeu et ajout\u00e9 une nouvelle case, le double Z\u00e9ro. L&rsquo;ajout ce cette case a eu pour effet de consid\u00e9rablement avantager les maisons de jeu. \u00c7a n&rsquo;a pas d\u00e9rang\u00e9 les joueurs ! Ils ont tout de suite pr\u00e9f\u00e9r\u00e9 la roulette US au d\u00e9triment de la version d&rsquo;origine, la roulette Fran\u00e7aise. Dans les maisons de jeux US le patriotisme n\u2019est pas de bon conseil !<\/p>\n","protected":false},"excerpt":{"rendered":"<p>L&rsquo;Am\u00e9ricaine est la plus jou\u00e9e des roues dans les casinos US. En revanche sur Internet c&rsquo;est la roulette Europ\u00e9enne qui a le plus de succ\u00e8s.<\/p>\n","protected":false},"author":1,"featured_media":0,"parent":38,"menu_order":0,"comment_status":"closed","ping_status":"closed","template":"template-fullwidth.php","meta":{"footnotes":""},"class_list":["post-22","page","type-page","status-publish","hentry"],"yoast_head":"<!-- This site is optimized with the Yoast SEO plugin v27.4 - https:\/\/yoast.com\/product\/yoast-seo-wordpress\/ -->\n<title>Roulette Am\u00e9ricaine en Ligne - R\u00e8gles du Jeu<\/title>\n<meta name=\"description\" content=\"Le guide de la roulette Am\u00e9ricaine. Les r\u00e8gles du jeu et les cotes gagnantes. Jouer sur Internet gr\u00e2ce au meilleur casino en ligne.\" \/>\n<meta name=\"robots\" content=\"index, follow, max-snippet:-1, max-image-preview:large, max-video-preview:-1\" \/>\n<link rel=\"canonical\" href=\"https:\/\/www.onlineroulette.tech\/fr\/home\/americaine\/\" \/>\n<meta property=\"og:locale\" content=\"fr_CA\" \/>\n<meta property=\"og:type\" content=\"article\" \/>\n<meta property=\"og:title\" content=\"Roulette Am\u00e9ricaine en Ligne - R\u00e8gles du Jeu\" \/>\n<meta property=\"og:description\" content=\"Le guide de la roulette Am\u00e9ricaine. Les r\u00e8gles du jeu et les cotes gagnantes. Jouer sur Internet gr\u00e2ce au meilleur casino en ligne.\" \/>\n<meta property=\"og:url\" content=\"https:\/\/www.onlineroulette.tech\/fr\/home\/americaine\/\" \/>\n<meta property=\"og:site_name\" content=\"Roulette en Ligne\" \/>\n<meta property=\"article:modified_time\" content=\"2025-11-18T04:34:54+00:00\" \/>\n<meta property=\"og:image\" content=\"https:\/\/www.onlineroulette.tech\/fr\/wp-content\/uploads\/2020\/12\/roulette-americaine.jpg\" \/>\n\t<meta property=\"og:image:width\" content=\"380\" \/>\n\t<meta property=\"og:image:height\" content=\"380\" \/>\n\t<meta property=\"og:image:type\" content=\"image\/jpeg\" \/>\n<meta name=\"twitter:card\" content=\"summary_large_image\" \/>\n<meta name=\"twitter:label1\" content=\"Estimation du temps de lecture\" \/>\n\t<meta name=\"twitter:data1\" content=\"6 minutes\" \/>\n<script type=\"application\/ld+json\" class=\"yoast-schema-graph\">{\"@context\":\"https:\\\/\\\/schema.org\",\"@graph\":[{\"@type\":\"WebPage\",\"@id\":\"https:\\\/\\\/www.onlineroulette.tech\\\/fr\\\/home\\\/americaine\\\/\",\"url\":\"https:\\\/\\\/www.onlineroulette.tech\\\/fr\\\/home\\\/americaine\\\/\",\"name\":\"Roulette Am\u00e9ricaine en Ligne - R\u00e8gles du Jeu\",\"isPartOf\":{\"@id\":\"https:\\\/\\\/www.onlineroulette.tech\\\/fr\\\/#website\"},\"primaryImageOfPage\":{\"@id\":\"https:\\\/\\\/www.onlineroulette.tech\\\/fr\\\/home\\\/americaine\\\/#primaryimage\"},\"image\":{\"@id\":\"https:\\\/\\\/www.onlineroulette.tech\\\/fr\\\/home\\\/americaine\\\/#primaryimage\"},\"thumbnailUrl\":\"https:\\\/\\\/www.onlineroulette.tech\\\/fr\\\/wp-content\\\/uploads\\\/2020\\\/12\\\/roulette-americaine.jpg\",\"datePublished\":\"2020-11-26T07:55:05+00:00\",\"dateModified\":\"2025-11-18T04:34:54+00:00\",\"description\":\"Le guide de la roulette Am\u00e9ricaine. Les r\u00e8gles du jeu et les cotes gagnantes. Jouer sur Internet gr\u00e2ce au meilleur casino en ligne.\",\"breadcrumb\":{\"@id\":\"https:\\\/\\\/www.onlineroulette.tech\\\/fr\\\/home\\\/americaine\\\/#breadcrumb\"},\"inLanguage\":\"fr-CA\",\"potentialAction\":[{\"@type\":\"ReadAction\",\"target\":[\"https:\\\/\\\/www.onlineroulette.tech\\\/fr\\\/home\\\/americaine\\\/\"]}]},{\"@type\":\"ImageObject\",\"inLanguage\":\"fr-CA\",\"@id\":\"https:\\\/\\\/www.onlineroulette.tech\\\/fr\\\/home\\\/americaine\\\/#primaryimage\",\"url\":\"https:\\\/\\\/www.onlineroulette.tech\\\/fr\\\/wp-content\\\/uploads\\\/2020\\\/12\\\/roulette-americaine.jpg\",\"contentUrl\":\"https:\\\/\\\/www.onlineroulette.tech\\\/fr\\\/wp-content\\\/uploads\\\/2020\\\/12\\\/roulette-americaine.jpg\",\"width\":380,\"height\":380,\"caption\":\"La roulette am\u00e9ricaine de casino\"},{\"@type\":\"BreadcrumbList\",\"@id\":\"https:\\\/\\\/www.onlineroulette.tech\\\/fr\\\/home\\\/americaine\\\/#breadcrumb\",\"itemListElement\":[{\"@type\":\"ListItem\",\"position\":1,\"name\":\"Accueil\",\"item\":\"https:\\\/\\\/www.onlineroulette.tech\\\/fr\\\/\"},{\"@type\":\"ListItem\",\"position\":2,\"name\":\"Roulette\",\"item\":\"https:\\\/\\\/www.onlineroulette.tech\\\/fr\\\/\"},{\"@type\":\"ListItem\",\"position\":3,\"name\":\"Am\u00e9ricaine\"}]},{\"@type\":\"WebSite\",\"@id\":\"https:\\\/\\\/www.onlineroulette.tech\\\/fr\\\/#website\",\"url\":\"https:\\\/\\\/www.onlineroulette.tech\\\/fr\\\/\",\"name\":\"Roulette en Ligne\",\"description\":\"Roulette Guide\",\"publisher\":{\"@id\":\"https:\\\/\\\/www.onlineroulette.tech\\\/fr\\\/#organization\"},\"potentialAction\":[{\"@type\":\"SearchAction\",\"target\":{\"@type\":\"EntryPoint\",\"urlTemplate\":\"https:\\\/\\\/www.onlineroulette.tech\\\/fr\\\/?s={search_term_string}\"},\"query-input\":{\"@type\":\"PropertyValueSpecification\",\"valueRequired\":true,\"valueName\":\"search_term_string\"}}],\"inLanguage\":\"fr-CA\"},{\"@type\":\"Organization\",\"@id\":\"https:\\\/\\\/www.onlineroulette.tech\\\/fr\\\/#organization\",\"name\":\"Roulette en Ligne\",\"url\":\"https:\\\/\\\/www.onlineroulette.tech\\\/fr\\\/\",\"logo\":{\"@type\":\"ImageObject\",\"inLanguage\":\"fr-CA\",\"@id\":\"https:\\\/\\\/www.onlineroulette.tech\\\/fr\\\/#\\\/schema\\\/logo\\\/image\\\/\",\"url\":\"https:\\\/\\\/www.onlineroulette.tech\\\/fr\\\/wp-content\\\/uploads\\\/2022\\\/01\\\/logo.jpg\",\"contentUrl\":\"https:\\\/\\\/www.onlineroulette.tech\\\/fr\\\/wp-content\\\/uploads\\\/2022\\\/01\\\/logo.jpg\",\"width\":280,\"height\":115,\"caption\":\"Roulette en Ligne\"},\"image\":{\"@id\":\"https:\\\/\\\/www.onlineroulette.tech\\\/fr\\\/#\\\/schema\\\/logo\\\/image\\\/\"}}]}<\/script>\n<!-- \/ Yoast SEO plugin. -->","yoast_head_json":{"title":"Roulette Am\u00e9ricaine en Ligne - R\u00e8gles du Jeu","description":"Le guide de la roulette Am\u00e9ricaine. Les r\u00e8gles du jeu et les cotes gagnantes. Jouer sur Internet gr\u00e2ce au meilleur casino en ligne.","robots":{"index":"index","follow":"follow","max-snippet":"max-snippet:-1","max-image-preview":"max-image-preview:large","max-video-preview":"max-video-preview:-1"},"canonical":"https:\/\/www.onlineroulette.tech\/fr\/home\/americaine\/","og_locale":"fr_CA","og_type":"article","og_title":"Roulette Am\u00e9ricaine en Ligne - R\u00e8gles du Jeu","og_description":"Le guide de la roulette Am\u00e9ricaine. Les r\u00e8gles du jeu et les cotes gagnantes. Jouer sur Internet gr\u00e2ce au meilleur casino en ligne.","og_url":"https:\/\/www.onlineroulette.tech\/fr\/home\/americaine\/","og_site_name":"Roulette en Ligne","article_modified_time":"2025-11-18T04:34:54+00:00","og_image":[{"width":380,"height":380,"url":"https:\/\/www.onlineroulette.tech\/fr\/wp-content\/uploads\/2020\/12\/roulette-americaine.jpg","type":"image\/jpeg"}],"twitter_card":"summary_large_image","twitter_misc":{"Estimation du temps de lecture":"6 minutes"},"schema":{"@context":"https:\/\/schema.org","@graph":[{"@type":"WebPage","@id":"https:\/\/www.onlineroulette.tech\/fr\/home\/americaine\/","url":"https:\/\/www.onlineroulette.tech\/fr\/home\/americaine\/","name":"Roulette Am\u00e9ricaine en Ligne - R\u00e8gles du Jeu","isPartOf":{"@id":"https:\/\/www.onlineroulette.tech\/fr\/#website"},"primaryImageOfPage":{"@id":"https:\/\/www.onlineroulette.tech\/fr\/home\/americaine\/#primaryimage"},"image":{"@id":"https:\/\/www.onlineroulette.tech\/fr\/home\/americaine\/#primaryimage"},"thumbnailUrl":"https:\/\/www.onlineroulette.tech\/fr\/wp-content\/uploads\/2020\/12\/roulette-americaine.jpg","datePublished":"2020-11-26T07:55:05+00:00","dateModified":"2025-11-18T04:34:54+00:00","description":"Le guide de la roulette Am\u00e9ricaine. Les r\u00e8gles du jeu et les cotes gagnantes. Jouer sur Internet gr\u00e2ce au meilleur casino en ligne.","breadcrumb":{"@id":"https:\/\/www.onlineroulette.tech\/fr\/home\/americaine\/#breadcrumb"},"inLanguage":"fr-CA","potentialAction":[{"@type":"ReadAction","target":["https:\/\/www.onlineroulette.tech\/fr\/home\/americaine\/"]}]},{"@type":"ImageObject","inLanguage":"fr-CA","@id":"https:\/\/www.onlineroulette.tech\/fr\/home\/americaine\/#primaryimage","url":"https:\/\/www.onlineroulette.tech\/fr\/wp-content\/uploads\/2020\/12\/roulette-americaine.jpg","contentUrl":"https:\/\/www.onlineroulette.tech\/fr\/wp-content\/uploads\/2020\/12\/roulette-americaine.jpg","width":380,"height":380,"caption":"La roulette am\u00e9ricaine de casino"},{"@type":"BreadcrumbList","@id":"https:\/\/www.onlineroulette.tech\/fr\/home\/americaine\/#breadcrumb","itemListElement":[{"@type":"ListItem","position":1,"name":"Accueil","item":"https:\/\/www.onlineroulette.tech\/fr\/"},{"@type":"ListItem","position":2,"name":"Roulette","item":"https:\/\/www.onlineroulette.tech\/fr\/"},{"@type":"ListItem","position":3,"name":"Am\u00e9ricaine"}]},{"@type":"WebSite","@id":"https:\/\/www.onlineroulette.tech\/fr\/#website","url":"https:\/\/www.onlineroulette.tech\/fr\/","name":"Roulette en Ligne","description":"Roulette Guide","publisher":{"@id":"https:\/\/www.onlineroulette.tech\/fr\/#organization"},"potentialAction":[{"@type":"SearchAction","target":{"@type":"EntryPoint","urlTemplate":"https:\/\/www.onlineroulette.tech\/fr\/?s={search_term_string}"},"query-input":{"@type":"PropertyValueSpecification","valueRequired":true,"valueName":"search_term_string"}}],"inLanguage":"fr-CA"},{"@type":"Organization","@id":"https:\/\/www.onlineroulette.tech\/fr\/#organization","name":"Roulette en Ligne","url":"https:\/\/www.onlineroulette.tech\/fr\/","logo":{"@type":"ImageObject","inLanguage":"fr-CA","@id":"https:\/\/www.onlineroulette.tech\/fr\/#\/schema\/logo\/image\/","url":"https:\/\/www.onlineroulette.tech\/fr\/wp-content\/uploads\/2022\/01\/logo.jpg","contentUrl":"https:\/\/www.onlineroulette.tech\/fr\/wp-content\/uploads\/2022\/01\/logo.jpg","width":280,"height":115,"caption":"Roulette en Ligne"},"image":{"@id":"https:\/\/www.onlineroulette.tech\/fr\/#\/schema\/logo\/image\/"}}]}},"_links":{"self":[{"href":"https:\/\/www.onlineroulette.tech\/fr\/wp-json\/wp\/v2\/pages\/22","targetHints":{"allow":["GET"]}}],"collection":[{"href":"https:\/\/www.onlineroulette.tech\/fr\/wp-json\/wp\/v2\/pages"}],"about":[{"href":"https:\/\/www.onlineroulette.tech\/fr\/wp-json\/wp\/v2\/types\/page"}],"author":[{"embeddable":true,"href":"https:\/\/www.onlineroulette.tech\/fr\/wp-json\/wp\/v2\/users\/1"}],"replies":[{"embeddable":true,"href":"https:\/\/www.onlineroulette.tech\/fr\/wp-json\/wp\/v2\/comments?post=22"}],"version-history":[{"count":56,"href":"https:\/\/www.onlineroulette.tech\/fr\/wp-json\/wp\/v2\/pages\/22\/revisions"}],"predecessor-version":[{"id":3744,"href":"https:\/\/www.onlineroulette.tech\/fr\/wp-json\/wp\/v2\/pages\/22\/revisions\/3744"}],"up":[{"embeddable":true,"href":"https:\/\/www.onlineroulette.tech\/fr\/wp-json\/wp\/v2\/pages\/38"}],"wp:attachment":[{"href":"https:\/\/www.onlineroulette.tech\/fr\/wp-json\/wp\/v2\/media?parent=22"}],"curies":[{"name":"wp","href":"https:\/\/api.w.org\/{rel}","templated":true}]}}