{"id":2155,"date":"2022-05-10T05:47:55","date_gmt":"2022-05-10T05:47:55","guid":{"rendered":"https:\/\/www.onlineroulette.tech\/fr\/?page_id=2155"},"modified":"2026-02-23T10:56:35","modified_gmt":"2026-02-23T10:56:35","slug":"casinos-sur-mac","status":"publish","type":"page","link":"https:\/\/www.onlineroulette.tech\/fr\/casinos-sur-mac\/","title":{"rendered":"Casinos sur Mac"},"content":{"rendered":"<p>Les sites de casino les plus fiables sur MacBook et iMac vous sont pr\u00e9sent\u00e9s dans notre article. <!--more-->Les meilleures options de jeux se jouent sans t\u00e9l\u00e9chargement. En effet, sur un Mac, les jeux sont en Instant Play sur le navigateur Safari.<!--more--><\/p>\n<p>Parmi les jeux de casino les mieux r\u00e9ussis de l&rsquo;Internet, c&rsquo;est en optant pour un site de casino affili\u00e9 \u00e0 l&rsquo;\u00e9diteur Microgaming que l&rsquo;environnement de jeux est le plus r\u00e9jouissant. Trois casinos compatibles sur Mac sont \u00e0 l&rsquo;affiche sur notre guide. Ces casinos en ligne sont parmi les mieux not\u00e9s sur les guides de tests 2026. Luxury Casino prend la 1\u00e8re place de notre trio de t\u00eate, suivi des sites Yukon Gold et UK Casino Club.<br \/>\n<div class=\"su-divider su-divider-style-dotted\" style=\"margin:15px 0;border-width:10px;border-color:#820202\"><\/div>\n<h2>Jeux de Casino sur MacBook et iMac<\/h2>\n<div class=\"su-row\">\n<div class=\"su-column su-column-size-1-3 colc\"><div class=\"su-column-inner su-u-clearfix su-u-trim\">\n<span style=\"font-size:17pt;color:#820202;font-weight:600\">#1. LUXURY CASINO<\/span><br \/>\n<a title=\"Luxury Casino\" href=\"https:\/\/luxury.casino\/fr\/\" target=\"_blank\" rel=\"noopener noreferrer\"><img loading=\"lazy\" decoding=\"async\" title=\"Blackjack et roulette sur Mac\" src=\"https:\/\/www.onlineroulette.tech\/fr\/wp-content\/uploads\/2022\/05\/luxury-pc.jpg\" alt=\"Blackjack et roulette sur Mac\" width=\"300\" height=\"300\" class=\"alignnone size-full wp-image-2219\" srcset=\"https:\/\/www.onlineroulette.tech\/fr\/wp-content\/uploads\/2022\/05\/luxury-pc.jpg 300w, https:\/\/www.onlineroulette.tech\/fr\/wp-content\/uploads\/2022\/05\/luxury-pc-150x150.jpg 150w\" sizes=\"auto, (max-width: 300px) 100vw, 300px\" \/><br \/>\n<span style=\"font-size:17pt\"><b><u>Visiter Luxury Casino<\/u><\/b><\/span><\/a><br \/>\n\nJeux de Table en Instantan\u00e9<br \/>\nBonus de Bienvenue : 1000 C$<br \/>\n<\/div><\/div>\n<div class=\"su-column su-column-size-1-3 colc\"><div class=\"su-column-inner su-u-clearfix su-u-trim\">\n<span style=\"font-size:17pt;color:#820202;font-weight:600\">#2. YUKON GOLD<\/span><br \/>\n<a title=\"Yukon Gold\" href=\"https:\/\/yukongold.casino\/fr\/\" target=\"_blank\" rel=\"noopener noreferrer\"><img loading=\"lazy\" decoding=\"async\" title=\"Machines \u00e0 sous gratuites sur Apple\" src=\"https:\/\/www.onlineroulette.tech\/fr\/wp-content\/uploads\/2022\/05\/apple-casino.jpg\" alt=\"Machines \u00e0 sous gratuites sur Apple\" width=\"300\" height=\"300\" class=\"alignnone size-full wp-image-2220\" srcset=\"https:\/\/www.onlineroulette.tech\/fr\/wp-content\/uploads\/2022\/05\/apple-casino.jpg 300w, https:\/\/www.onlineroulette.tech\/fr\/wp-content\/uploads\/2022\/05\/apple-casino-150x150.jpg 150w\" sizes=\"auto, (max-width: 300px) 100vw, 300px\" \/><br \/>\n<span style=\"font-size:17pt\"><b><u>Visiter Yukon Gold<\/u><\/b><\/span><\/a><br \/>\n\nGrands Jackpots \u00e0 Gagner<br \/>150 Tours Mega Money Wheel<br \/>\n<\/div><\/div>\n<div class=\"su-column su-column-size-1-3 colc\"><div class=\"su-column-inner su-u-clearfix su-u-trim\">\n<span style=\"font-size:17pt;color:#820202;font-weight:600\">#3.UK CASINO CLUB<\/span><br \/>\n<a title=\"UK Casino Club\" href=\"https:\/\/www.ukcasinoclub.eu\/fr\/\" target=\"_blank\" rel=\"noopener noreferrer\"><img loading=\"lazy\" decoding=\"async\" title=\"Meilleurs jeux en live sur Internet chez UK Casino Club\" src=\"https:\/\/www.onlineroulette.tech\/fr\/wp-content\/uploads\/2022\/05\/club.jpg\" alt=\"Meilleurs jeux en live sur Internet chez UK Casino Club\" width=\"300\" height=\"300\" class=\"alignnone size-full wp-image-2221\" srcset=\"https:\/\/www.onlineroulette.tech\/fr\/wp-content\/uploads\/2022\/05\/club.jpg 300w, https:\/\/www.onlineroulette.tech\/fr\/wp-content\/uploads\/2022\/05\/club-150x150.jpg 150w\" sizes=\"auto, (max-width: 300px) 100vw, 300px\" \/><br \/>\n<span style=\"font-size:17pt\"><b><u>Visiter UK Casino Club<\/u><\/b><\/span><\/a><br \/>\nJeux en Live Face aux Croupiers<br \/>\nBonus de Bienvenue : 700 C$<br \/>\n\n<\/div><\/div>\n<\/div>\n<div class=\"su-divider su-divider-style-dotted\" style=\"margin:15px 0;border-width:10px;border-color:#820202\"><\/div>\nJouer sur des casinos adapt\u00e9s aux Mac est aussi bien que de se rendre dans des vraies salles de jeux. Tout y est con\u00e7u pour recr\u00e9er l&rsquo;ambiance d&rsquo;un vrai casino gr\u00e2ce \u00e0 des espaces de jeux en live avec des croupiers en chair et en os.<br \/>\n&nbsp;<br \/>\n<div class=\"su-row\"><div class=\"su-column su-column-size-2-3\"><div class=\"su-column-inner su-u-clearfix su-u-trim\">\nLes trois sites de casino retenus par nos experts sont conformes aux r\u00e8gles de base les plus \u00e9l\u00e9mentaires.<\/p>\n<p>Les crit\u00e8res les plus concrets sont :<\/p>\n<ul>\n<li><em>Des jeux de casino l\u00e9gitimes et r\u00e9gul\u00e9s au Canada.<\/em><\/li>\n<li><em>La garantie que vos donn\u00e9es personnelles restent confidentielles.<\/em><\/li>\n<li><em>Une aide \u00e0 la client\u00e8le disponible 7\/24.<\/em><\/li>\n<\/ul>\n<\/div><\/div>\n<div class=\"su-column su-column-size-1-3\"><div class=\"su-column-inner su-u-clearfix su-u-trim\"><img loading=\"lazy\" decoding=\"async\" title=\"Jeux instantan\u00e9s sur Apple Mac\" src=\"https:\/\/www.onlineroulette.tech\/fr\/wp-content\/uploads\/2022\/06\/jeux-mac.jpg\" alt=\"Jeux instantan\u00e9s sur Apple Mac\" width=\"300\" height=\"300\" class=\"aligncenter size-full wp-image-2431\" srcset=\"https:\/\/www.onlineroulette.tech\/fr\/wp-content\/uploads\/2022\/06\/jeux-mac.jpg 300w, https:\/\/www.onlineroulette.tech\/fr\/wp-content\/uploads\/2022\/06\/jeux-mac-150x150.jpg 150w\" sizes=\"auto, (max-width: 300px) 100vw, 300px\" \/><\/div><\/div><\/div>\n&nbsp;<br \/>\nD\u00e9couvrez les meilleurs applications de casino sur Mac ! Gr\u00e2ce aux trois casinos en ligne de notre s\u00e9lection vous avez sous les yeux le nec plus ultra des jeux d&rsquo;argent sur le Web. L&rsquo;\u00e9diteur Microgaming est le plus pr\u00e9sent sur les sites de jeux d&rsquo;argent de notre guide. Gr\u00e2ce au savoir-faire de l&rsquo;\u00e9diteur, vous avez acc\u00e8s \u00e0 des jeux sur toute la gamme Apple.<\/p>\n<h2>Jouer au casino sur Mac<\/h2>\n<p>Jouer sur Internet via des sites casino adapt\u00e9s sur tous les mod\u00e8les Mac est facile. Il y a toutefois des \u00e9tapes \u00e0 suivre.<\/p>\n<h3>Choisir un casino fiable<\/h3>\n<p>Opter pour un casino en ligne aussi fiable que s\u00e9rieux est l&rsquo;\u00e9tape la plus importante. En effet, il existe sur le Web des sites de casino pirate \u00e0 \u00e9viter coute que coute. Une astuce pour ne pas se tromper est de consulter des guides de tests de casino afin de se faire sa propre id\u00e9e. Typiquement, notre site de <a title=\"roulette en ligne\" href=\"https:\/\/www.onlineroulette.tech\/fr\/\">roulette en ligne<\/a> est un bon exemple de guide qui liste des casinos honn\u00eates qui ont fait leurs preuves sur Internet.<\/p>\n<h3>Connexion au casino<\/h3>\n<p>Sur Mac l&rsquo;acc\u00e8s aux casinos en ligne se fait sur le navigateur Web.<\/p>\n<p>Jouer en ligne sur le navigateur Safari est le choix pr\u00e9f\u00e9r\u00e9 de la majorit\u00e9 des joueurs. Ce choix a du sens ! \u00c7a a l&rsquo;avantage de lib\u00e9rer de la place sur le disque dur tout en donnant la garantie d&rsquo;acc\u00e9der aux mises \u00e0 jour les plus r\u00e9centes des jeux mis \u00e0 disposition.<\/p>\n<h3>Naviguer sur le casino<\/h3>\n<p>D\u00e8s que l&rsquo;\u00e9tape de l&rsquo;inscription au casino en ligne a \u00e9t\u00e9 faite, l&rsquo;acc\u00e8s au casino est instantan\u00e9. \u00c0 ce moment vous avez tout loisir de d\u00e9couvrir le casino s\u00e9lectionn\u00e9.<\/p>\n<p>Avec les sites de casino de notre guide vous avez acc\u00e8s \u00e0 des options de jeux gratuits. Ces options sont aim\u00e9es des joueurs qui veulent tester les jeux sans miser de l&rsquo;argent. Pour parier du vrai argent il faut se rendre sur la page banque du casino et y faire un d\u00e9p\u00f4t.<\/p>\n<h2>Jeux gratuits et jeux en argent r\u00e9el<\/h2>\n<p>Du moment que vous \u00eates inscrit sur un casino en ligne s\u00e9rieux, vous pouvez y jouer gratuitement ou pour de vrai. Les uniques jeux qui ne sont pas testables sans argent sont les jeux de table en live et les machines \u00e0 sous en ligne progressives. Jouer sur un casino en ligne sans y mettre de l&rsquo;argent en vaut la peine si vous voulez uniquement vous divertir. Il n&rsquo;y a aucune obligation de payer quoi que ce soit pour profiter des jeux gratuits.<\/p>\n<h2>Avis des utilisateurs Mac<\/h2>\n<p>Beaucoup de casinos en ligne ne fonctionnent pas sur les MacBook et les iMac. En effet, le niveau de s\u00e9curit\u00e9 des OS Mac bloque les logiciels de casino. L&rsquo;alternative des jeux instantan\u00e9s sur le navigateur Safari permet d&rsquo;acc\u00e9der \u00e0 des casinos Mac sur Internet. Sur l&rsquo;ensemble des sites de casino compatibles sur Safari, quelques casinos en ligne iconiques marquent la diff\u00e9rence.<\/p>\n<p>Selon les avis publi\u00e9s par des utilisateurs Mac sur des sites de comparaison, les casinos en ligne li\u00e9s au fournisseur Microgaming sont les mieux con\u00e7us. Rien qu&rsquo;en testant le site Luxury Casino, un casino Microgaming prim\u00e9, il y a de quoi \u00eatre \u00e9bloui.<\/p>\n<h3>MacBook Casino<\/h3>\n<p>Luxury Casino est d\u00e9j\u00e0 bien connu par les joueurs sur iPhone et iPad. Sur les MacBook, la salle de jeux fonctionne de la m\u00eame fa\u00e7on que sur les smartphones. Tous les jeux du casino sont adapt\u00e9s aux navigateurs Safari. Quel que soit votre mod\u00e8le MacBook, le site de casino s&rsquo;adapte automatiquement \u00e0 toutes les tailles d&rsquo;\u00e9cran.<\/p>\n<h3>iMac Casino<\/h3>\n<p>Sur les iMac, le site Yukon Gold Casino est l&rsquo;une des salles de jeux qui a le plus convaincu l&rsquo;\u00e9quipe de notre guide de roulettes. Non seulement les jeux de table du casino sont parmi les mieux r\u00e9ussis du secteur, mais aussi la vaste collection de machines \u00e0 sous. De plus, le package de bonus remis \u00e0 chaque nouveau membre est l&rsquo;un des plus g\u00e9n\u00e9reux que l&rsquo;on puisse trouver sur Internet.<br \/>\n&nbsp;<\/p>\n","protected":false},"excerpt":{"rendered":"<p>Les sites de casino les plus fiables sur MacBook et iMac vous sont pr\u00e9sent\u00e9s dans notre article.<\/p>\n","protected":false},"author":1,"featured_media":0,"parent":0,"menu_order":0,"comment_status":"closed","ping_status":"closed","template":"template-fullwidth.php","meta":{"footnotes":""},"class_list":["post-2155","page","type-page","status-publish","hentry"],"yoast_head":"<!-- This site is optimized with the Yoast SEO plugin v27.4 - https:\/\/yoast.com\/product\/yoast-seo-wordpress\/ -->\n<title>Casinos sur Mac - Jeux de Casino sur MacBook et iMac<\/title>\n<meta name=\"description\" content=\"Jeux de casino en ligne sur Mac. Les meilleurs casinos Apple pour jouer aux machines \u00e0 sous et aux jeux de table sur MacBook et iMac.\" \/>\n<meta name=\"robots\" content=\"index, follow, max-snippet:-1, max-image-preview:large, max-video-preview:-1\" \/>\n<link rel=\"canonical\" href=\"https:\/\/www.onlineroulette.tech\/fr\/casinos-sur-mac\/\" \/>\n<meta property=\"og:locale\" content=\"fr_CA\" \/>\n<meta property=\"og:type\" content=\"article\" \/>\n<meta property=\"og:title\" content=\"Casinos sur Mac - Jeux de Casino sur MacBook et iMac\" \/>\n<meta property=\"og:description\" content=\"Jeux de casino en ligne sur Mac. Les meilleurs casinos Apple pour jouer aux machines \u00e0 sous et aux jeux de table sur MacBook et iMac.\" \/>\n<meta property=\"og:url\" content=\"https:\/\/www.onlineroulette.tech\/fr\/casinos-sur-mac\/\" \/>\n<meta property=\"og:site_name\" content=\"Roulette en Ligne\" \/>\n<meta property=\"article:modified_time\" content=\"2026-02-23T10:56:35+00:00\" \/>\n<meta property=\"og:image\" content=\"https:\/\/www.onlineroulette.tech\/fr\/wp-content\/uploads\/2022\/05\/luxury-pc.jpg\" \/>\n\t<meta property=\"og:image:width\" content=\"300\" \/>\n\t<meta property=\"og:image:height\" content=\"300\" \/>\n\t<meta property=\"og:image:type\" content=\"image\/jpeg\" \/>\n<meta name=\"twitter:card\" content=\"summary_large_image\" \/>\n<meta name=\"twitter:label1\" content=\"Estimation du temps de lecture\" \/>\n\t<meta name=\"twitter:data1\" content=\"7 minutes\" \/>\n<script type=\"application\/ld+json\" class=\"yoast-schema-graph\">{\"@context\":\"https:\\\/\\\/schema.org\",\"@graph\":[{\"@type\":\"WebPage\",\"@id\":\"https:\\\/\\\/www.onlineroulette.tech\\\/fr\\\/casinos-sur-mac\\\/\",\"url\":\"https:\\\/\\\/www.onlineroulette.tech\\\/fr\\\/casinos-sur-mac\\\/\",\"name\":\"Casinos sur Mac - Jeux de Casino sur MacBook et iMac\",\"isPartOf\":{\"@id\":\"https:\\\/\\\/www.onlineroulette.tech\\\/fr\\\/#website\"},\"primaryImageOfPage\":{\"@id\":\"https:\\\/\\\/www.onlineroulette.tech\\\/fr\\\/casinos-sur-mac\\\/#primaryimage\"},\"image\":{\"@id\":\"https:\\\/\\\/www.onlineroulette.tech\\\/fr\\\/casinos-sur-mac\\\/#primaryimage\"},\"thumbnailUrl\":\"https:\\\/\\\/www.onlineroulette.tech\\\/fr\\\/wp-content\\\/uploads\\\/2022\\\/05\\\/luxury-pc.jpg\",\"datePublished\":\"2022-05-10T05:47:55+00:00\",\"dateModified\":\"2026-02-23T10:56:35+00:00\",\"description\":\"Jeux de casino en ligne sur Mac. Les meilleurs casinos Apple pour jouer aux machines \u00e0 sous et aux jeux de table sur MacBook et iMac.\",\"breadcrumb\":{\"@id\":\"https:\\\/\\\/www.onlineroulette.tech\\\/fr\\\/casinos-sur-mac\\\/#breadcrumb\"},\"inLanguage\":\"fr-CA\",\"potentialAction\":[{\"@type\":\"ReadAction\",\"target\":[\"https:\\\/\\\/www.onlineroulette.tech\\\/fr\\\/casinos-sur-mac\\\/\"]}]},{\"@type\":\"ImageObject\",\"inLanguage\":\"fr-CA\",\"@id\":\"https:\\\/\\\/www.onlineroulette.tech\\\/fr\\\/casinos-sur-mac\\\/#primaryimage\",\"url\":\"https:\\\/\\\/www.onlineroulette.tech\\\/fr\\\/wp-content\\\/uploads\\\/2022\\\/05\\\/luxury-pc.jpg\",\"contentUrl\":\"https:\\\/\\\/www.onlineroulette.tech\\\/fr\\\/wp-content\\\/uploads\\\/2022\\\/05\\\/luxury-pc.jpg\",\"width\":300,\"height\":300,\"caption\":\"Blackjack et roulette sur Mac et PC\"},{\"@type\":\"BreadcrumbList\",\"@id\":\"https:\\\/\\\/www.onlineroulette.tech\\\/fr\\\/casinos-sur-mac\\\/#breadcrumb\",\"itemListElement\":[{\"@type\":\"ListItem\",\"position\":1,\"name\":\"Accueil\",\"item\":\"https:\\\/\\\/www.onlineroulette.tech\\\/fr\\\/\"},{\"@type\":\"ListItem\",\"position\":2,\"name\":\"Casinos sur Mac\"}]},{\"@type\":\"WebSite\",\"@id\":\"https:\\\/\\\/www.onlineroulette.tech\\\/fr\\\/#website\",\"url\":\"https:\\\/\\\/www.onlineroulette.tech\\\/fr\\\/\",\"name\":\"Roulette en Ligne\",\"description\":\"Roulette Guide\",\"publisher\":{\"@id\":\"https:\\\/\\\/www.onlineroulette.tech\\\/fr\\\/#organization\"},\"potentialAction\":[{\"@type\":\"SearchAction\",\"target\":{\"@type\":\"EntryPoint\",\"urlTemplate\":\"https:\\\/\\\/www.onlineroulette.tech\\\/fr\\\/?s={search_term_string}\"},\"query-input\":{\"@type\":\"PropertyValueSpecification\",\"valueRequired\":true,\"valueName\":\"search_term_string\"}}],\"inLanguage\":\"fr-CA\"},{\"@type\":\"Organization\",\"@id\":\"https:\\\/\\\/www.onlineroulette.tech\\\/fr\\\/#organization\",\"name\":\"Roulette en Ligne\",\"url\":\"https:\\\/\\\/www.onlineroulette.tech\\\/fr\\\/\",\"logo\":{\"@type\":\"ImageObject\",\"inLanguage\":\"fr-CA\",\"@id\":\"https:\\\/\\\/www.onlineroulette.tech\\\/fr\\\/#\\\/schema\\\/logo\\\/image\\\/\",\"url\":\"https:\\\/\\\/www.onlineroulette.tech\\\/fr\\\/wp-content\\\/uploads\\\/2022\\\/01\\\/logo.jpg\",\"contentUrl\":\"https:\\\/\\\/www.onlineroulette.tech\\\/fr\\\/wp-content\\\/uploads\\\/2022\\\/01\\\/logo.jpg\",\"width\":280,\"height\":115,\"caption\":\"Roulette en Ligne\"},\"image\":{\"@id\":\"https:\\\/\\\/www.onlineroulette.tech\\\/fr\\\/#\\\/schema\\\/logo\\\/image\\\/\"}}]}<\/script>\n<!-- \/ Yoast SEO plugin. -->","yoast_head_json":{"title":"Casinos sur Mac - Jeux de Casino sur MacBook et iMac","description":"Jeux de casino en ligne sur Mac. Les meilleurs casinos Apple pour jouer aux machines \u00e0 sous et aux jeux de table sur MacBook et iMac.","robots":{"index":"index","follow":"follow","max-snippet":"max-snippet:-1","max-image-preview":"max-image-preview:large","max-video-preview":"max-video-preview:-1"},"canonical":"https:\/\/www.onlineroulette.tech\/fr\/casinos-sur-mac\/","og_locale":"fr_CA","og_type":"article","og_title":"Casinos sur Mac - Jeux de Casino sur MacBook et iMac","og_description":"Jeux de casino en ligne sur Mac. Les meilleurs casinos Apple pour jouer aux machines \u00e0 sous et aux jeux de table sur MacBook et iMac.","og_url":"https:\/\/www.onlineroulette.tech\/fr\/casinos-sur-mac\/","og_site_name":"Roulette en Ligne","article_modified_time":"2026-02-23T10:56:35+00:00","og_image":[{"width":300,"height":300,"url":"https:\/\/www.onlineroulette.tech\/fr\/wp-content\/uploads\/2022\/05\/luxury-pc.jpg","type":"image\/jpeg"}],"twitter_card":"summary_large_image","twitter_misc":{"Estimation du temps de lecture":"7 minutes"},"schema":{"@context":"https:\/\/schema.org","@graph":[{"@type":"WebPage","@id":"https:\/\/www.onlineroulette.tech\/fr\/casinos-sur-mac\/","url":"https:\/\/www.onlineroulette.tech\/fr\/casinos-sur-mac\/","name":"Casinos sur Mac - Jeux de Casino sur MacBook et iMac","isPartOf":{"@id":"https:\/\/www.onlineroulette.tech\/fr\/#website"},"primaryImageOfPage":{"@id":"https:\/\/www.onlineroulette.tech\/fr\/casinos-sur-mac\/#primaryimage"},"image":{"@id":"https:\/\/www.onlineroulette.tech\/fr\/casinos-sur-mac\/#primaryimage"},"thumbnailUrl":"https:\/\/www.onlineroulette.tech\/fr\/wp-content\/uploads\/2022\/05\/luxury-pc.jpg","datePublished":"2022-05-10T05:47:55+00:00","dateModified":"2026-02-23T10:56:35+00:00","description":"Jeux de casino en ligne sur Mac. Les meilleurs casinos Apple pour jouer aux machines \u00e0 sous et aux jeux de table sur MacBook et iMac.","breadcrumb":{"@id":"https:\/\/www.onlineroulette.tech\/fr\/casinos-sur-mac\/#breadcrumb"},"inLanguage":"fr-CA","potentialAction":[{"@type":"ReadAction","target":["https:\/\/www.onlineroulette.tech\/fr\/casinos-sur-mac\/"]}]},{"@type":"ImageObject","inLanguage":"fr-CA","@id":"https:\/\/www.onlineroulette.tech\/fr\/casinos-sur-mac\/#primaryimage","url":"https:\/\/www.onlineroulette.tech\/fr\/wp-content\/uploads\/2022\/05\/luxury-pc.jpg","contentUrl":"https:\/\/www.onlineroulette.tech\/fr\/wp-content\/uploads\/2022\/05\/luxury-pc.jpg","width":300,"height":300,"caption":"Blackjack et roulette sur Mac et PC"},{"@type":"BreadcrumbList","@id":"https:\/\/www.onlineroulette.tech\/fr\/casinos-sur-mac\/#breadcrumb","itemListElement":[{"@type":"ListItem","position":1,"name":"Accueil","item":"https:\/\/www.onlineroulette.tech\/fr\/"},{"@type":"ListItem","position":2,"name":"Casinos sur Mac"}]},{"@type":"WebSite","@id":"https:\/\/www.onlineroulette.tech\/fr\/#website","url":"https:\/\/www.onlineroulette.tech\/fr\/","name":"Roulette en Ligne","description":"Roulette Guide","publisher":{"@id":"https:\/\/www.onlineroulette.tech\/fr\/#organization"},"potentialAction":[{"@type":"SearchAction","target":{"@type":"EntryPoint","urlTemplate":"https:\/\/www.onlineroulette.tech\/fr\/?s={search_term_string}"},"query-input":{"@type":"PropertyValueSpecification","valueRequired":true,"valueName":"search_term_string"}}],"inLanguage":"fr-CA"},{"@type":"Organization","@id":"https:\/\/www.onlineroulette.tech\/fr\/#organization","name":"Roulette en Ligne","url":"https:\/\/www.onlineroulette.tech\/fr\/","logo":{"@type":"ImageObject","inLanguage":"fr-CA","@id":"https:\/\/www.onlineroulette.tech\/fr\/#\/schema\/logo\/image\/","url":"https:\/\/www.onlineroulette.tech\/fr\/wp-content\/uploads\/2022\/01\/logo.jpg","contentUrl":"https:\/\/www.onlineroulette.tech\/fr\/wp-content\/uploads\/2022\/01\/logo.jpg","width":280,"height":115,"caption":"Roulette en Ligne"},"image":{"@id":"https:\/\/www.onlineroulette.tech\/fr\/#\/schema\/logo\/image\/"}}]}},"_links":{"self":[{"href":"https:\/\/www.onlineroulette.tech\/fr\/wp-json\/wp\/v2\/pages\/2155","targetHints":{"allow":["GET"]}}],"collection":[{"href":"https:\/\/www.onlineroulette.tech\/fr\/wp-json\/wp\/v2\/pages"}],"about":[{"href":"https:\/\/www.onlineroulette.tech\/fr\/wp-json\/wp\/v2\/types\/page"}],"author":[{"embeddable":true,"href":"https:\/\/www.onlineroulette.tech\/fr\/wp-json\/wp\/v2\/users\/1"}],"replies":[{"embeddable":true,"href":"https:\/\/www.onlineroulette.tech\/fr\/wp-json\/wp\/v2\/comments?post=2155"}],"version-history":[{"count":63,"href":"https:\/\/www.onlineroulette.tech\/fr\/wp-json\/wp\/v2\/pages\/2155\/revisions"}],"predecessor-version":[{"id":3815,"href":"https:\/\/www.onlineroulette.tech\/fr\/wp-json\/wp\/v2\/pages\/2155\/revisions\/3815"}],"wp:attachment":[{"href":"https:\/\/www.onlineroulette.tech\/fr\/wp-json\/wp\/v2\/media?parent=2155"}],"curies":[{"name":"wp","href":"https:\/\/api.w.org\/{rel}","templated":true}]}}