{"id":2154,"date":"2022-05-10T05:47:50","date_gmt":"2022-05-10T05:47:50","guid":{"rendered":"https:\/\/www.onlineroulette.tech\/fr\/?page_id=2154"},"modified":"2025-11-18T04:36:19","modified_gmt":"2025-11-18T04:36:19","slug":"casinos-sur-android","status":"publish","type":"page","link":"https:\/\/www.onlineroulette.tech\/fr\/casinos-sur-android\/","title":{"rendered":"Android Casinos"},"content":{"rendered":"<p>Les applis de casino n&rsquo;offrent qu&rsquo;un choix limit\u00e9 de jeux sur les smartphones et les tablettes. <!--more-->Les casinos en ligne adapt\u00e9s aux Android sont les meilleures solutions pour acc\u00e9der \u00e0 des jeux sur les mobiles. Depuis un smartphone ou une tablette, avec un casino mobile adapt\u00e9 aux Android, jouer aux machines \u00e0 sous et aux jeux de table est facile.<\/p>\n<p>En vous lan\u00e7ant sur l&rsquo;un des casinos les mieux not\u00e9s de notre guide vous pouvez jouer aux meilleurs jeux de casino en argent r\u00e9el sur Android. Les jeux de ces casinos sont au format instantan\u00e9, ils se jouent sans App, directement sur les navigateurs Web.<br \/>\n<div class=\"su-divider su-divider-style-dotted\" style=\"margin:15px 0;border-width:10px;border-color:#820202\"><\/div>\n<h2 id=\"jeux\">Jeux de casino sur Android<\/h2>\n<div class=\"su-row\">\n<div class=\"su-column su-column-size-1-3 colc\"><div class=\"su-column-inner su-u-clearfix su-u-trim\">\n<span style=\"font-size:17pt;color:#820202;font-weight:600\">#1. GOLDEN TIGER<\/span><br \/>\n<a title=\"Golden Tiger\" href=\"https:\/\/goldentiger.casino\/fr\/\" target=\"_blank\" rel=\"noopener noreferrer\"><img loading=\"lazy\" decoding=\"async\" title=\"Blackjack et roulette Android chez Golden Tiger\" src=\"https:\/\/www.onlineroulette.tech\/fr\/wp-content\/uploads\/2022\/05\/tiger.jpg\" alt=\"Blackjack et roulette Android chez Golden Tiger\" width=\"300\" height=\"300\" class=\"alignnone size-full wp-image-2194\" srcset=\"https:\/\/www.onlineroulette.tech\/fr\/wp-content\/uploads\/2022\/05\/tiger.jpg 300w, https:\/\/www.onlineroulette.tech\/fr\/wp-content\/uploads\/2022\/05\/tiger-150x150.jpg 150w\" sizes=\"auto, (max-width: 300px) 100vw, 300px\" \/><br \/>\n\n<span style=\"font-size:17pt\"><b><u>Visiter Golden Tiger<\/u><\/b><\/span><\/a><br \/>\nBlackjack et Roulette sur Android<br \/>\nBonus de 1500 C$ en 5 \u00e9tapes<br \/>\n<\/div><\/div>\n<div class=\"su-column su-column-size-1-3 colc\"><div class=\"su-column-inner su-u-clearfix su-u-trim\">\n<span style=\"font-size:17pt;color:#820202;font-weight:600\">#2. CASINO ACTION<\/span><br \/>\n<a title=\"Casino Action\" href=\"https:\/\/www.casinoaction.com\/fr\/\" target=\"_blank\" rel=\"noopener noreferrer\"><img loading=\"lazy\" decoding=\"async\" title=\"Machines \u00e0 sous en ligne sur smartphone\" src=\"https:\/\/www.onlineroulette.tech\/fr\/wp-content\/uploads\/2022\/05\/action.jpg\" alt=\"Machines \u00e0 sous en ligne sur smartphone\" width=\"300\" height=\"300\" class=\"alignnone size-full wp-image-2193\" srcset=\"https:\/\/www.onlineroulette.tech\/fr\/wp-content\/uploads\/2022\/05\/action.jpg 300w, https:\/\/www.onlineroulette.tech\/fr\/wp-content\/uploads\/2022\/05\/action-150x150.jpg 150w\" sizes=\"auto, (max-width: 300px) 100vw, 300px\" \/><br \/>\n<span style=\"font-size:17pt\"><b><u>Visiter Casino Action<\/u><\/b><\/span><\/a><br \/>\n\nMachines \u00e0 Sous en Ligne<br \/>1250 C$ de Bonus de Bienvenue<br \/>\n<\/div><\/div>\n<div class=\"su-column su-column-size-1-3 colc\"><div class=\"su-column-inner su-u-clearfix su-u-trim\">\n<span style=\"font-size:17pt;color:#820202;font-weight:600\">#3. VILLENTO CASINO<\/span><br \/>\n<a title=\"Villento Casino\" href=\"https:\/\/www.villento.com\/fr\/\" target=\"_blank\" rel=\"noopener noreferrer\"><img loading=\"lazy\" decoding=\"async\" title=\"Jeux Android chez Villento Casino\" src=\"https:\/\/www.onlineroulette.tech\/fr\/wp-content\/uploads\/2022\/05\/villento.jpg\" alt=\"Jeux Android chez Villento Casino\" width=\"300\" height=\"300\" class=\"alignnone size-full wp-image-2192\" srcset=\"https:\/\/www.onlineroulette.tech\/fr\/wp-content\/uploads\/2022\/05\/villento.jpg 300w, https:\/\/www.onlineroulette.tech\/fr\/wp-content\/uploads\/2022\/05\/villento-150x150.jpg 150w\" sizes=\"auto, (max-width: 300px) 100vw, 300px\" \/><br \/>\n<span style=\"font-size:17pt\"><b><u>Visiter Villento Casino<\/u><\/b><\/span><\/a><br \/>\n\nJackpots \u00e0 Gagner chaque Jour<br \/>\nBonus G\u00e9n\u00e9reux de Bienvenue<br \/>\n<\/div><\/div>\n<\/div>\n<div class=\"su-divider su-divider-style-dotted\" style=\"margin:15px 0;border-width:10px;border-color:#820202\"><\/div>\n<div class=\"su-row\"><div class=\"su-column su-column-size-2-3\"><div class=\"su-column-inner su-u-clearfix su-u-trim\">\nLes casinos Android list\u00e9s ci-dessus r\u00e9pondent aux crit\u00e8res suivants :<\/p>\n<ul>\n<li><em>Grand choix de jeux de casino sur Android.<\/em><\/li>\n<li><em>S\u00e9curit\u00e9 accrue de vos donn\u00e9es et de vos transactions.<\/em><\/li>\n<li><em>Support client efficace et disponible 7\/24.<\/em><\/li>\n<\/ul>\n<p>Vous cherchez un casino en ligne Android ? Avec notre top liste vous \u00eates \u00e0 la bonne adresse. Android est un syst\u00e8me fond\u00e9 par Linux, et d\u00e9velopp\u00e9 par Google. Au niveau fiabilit\u00e9, l&rsquo;environnement Android est un syst\u00e8me parfaitement adapt\u00e9 aux tablettes et aux t\u00e9l\u00e9phones cellulaires.<\/div><\/div>\n<div class=\"su-column su-column-size-1-3\"><div class=\"su-column-inner su-u-clearfix su-u-trim\">\n&nbsp;<br \/>\n<img loading=\"lazy\" decoding=\"async\" title=\"Android casino Linux sponsoris\u00e9 par Google\" src=\"https:\/\/www.onlineroulette.tech\/fr\/wp-content\/uploads\/2022\/05\/android-casino.jpg\" alt=\"Android casino Linux sponsoris\u00e9 par Google\" width=\"300\" height=\"300\" class=\"aligncenter size-full wp-image-2196\" srcset=\"https:\/\/www.onlineroulette.tech\/fr\/wp-content\/uploads\/2022\/05\/android-casino.jpg 300w, https:\/\/www.onlineroulette.tech\/fr\/wp-content\/uploads\/2022\/05\/android-casino-150x150.jpg 150w\" sizes=\"auto, (max-width: 300px) 100vw, 300px\" \/><\/div><\/div><\/div>\n<h2>Jouer au casino sur Android<\/h2>\n<p>Jouer au casino en ligne sur une site Android est tr\u00e8s facile. Depuis votre t\u00e9l\u00e9phone cellulaire ou votre tablette, il n&rsquo;y a que quelques \u00e9tapes \u00e0 suivre pour commencer \u00e0 jouer.<\/p>\n<h3>Choisir un site de casino fiable<\/h3>\n<p>Pour \u00eatre certain de vous retrouver dans un environnement de jeux honn\u00eates, il est crucial de faire attention de ne pas vous inscrire sur un casino en ligne truqu\u00e9. En effet, il y a malheureusement sur Internet des sites de casino qui sont de vraies arnaques.<\/p>\n<p>Visiter des guides de comparaisons et consulter les avis des utilisateurs est recommand\u00e9. En rep\u00e9rant les salles de jeux les mieux not\u00e9es vous pourrez retenir la liste des casinos en ligne qui ont m\u00e9rit\u00e9 la confiance des joueurs.<\/p>\n<p>Les casinos en ligne list\u00e9s sur les pages de notre guide sont parmi les mieux not\u00e9s par les utilisateurs Android.<\/p>\n<h3>Se connecter au casino en ligne<\/h3>\n<p>Il y a deux fa\u00e7ons de jouer au casino sur Android. La m\u00e9thode la plus populaire est de jouer sur le navigateur Web. Cette fa\u00e7on de jouer fait appel aux modules des jeux instantan\u00e9s. L&rsquo;autre fa\u00e7on de jouer est d&rsquo;installer une App sur votre appareil Android. Selon les m\u00e9thodes propos\u00e9es sur les casinos mobiles, l&rsquo;alternative de l&rsquo;App est t\u00e9l\u00e9chargeable directement sur les sites concern\u00e9s.<\/p>\n<h3>Jouer gratuitement ou en argent r\u00e9el sur Android<\/h3>\n<p>Les jeux des sites de casino peuvent \u00eatre jou\u00e9s en mode d\u00e9mo. Ces options donnent acc\u00e8s \u00e0 un vaste nombre de jeux gratuits. \u00c0 l&rsquo;exception des jeux en live et des machines \u00e0 sous \u00e0 jackpot progressif, les jeux sont jouables en mode d\u00e9mo.<\/p>\n<p>Vous voulez vivre des \u00e9motions fortes en misant de l&rsquo;argent ? Pour commencer \u00e0 parier sur vos jeux favoris il faut tout d\u2019abord se rendre sur la page banque du casino pour y faire un d\u00e9p\u00f4t en argent r\u00e9el. Les d\u00e9p\u00f4ts se font \u00e0 l&rsquo;aide d&rsquo;une carte de cr\u00e9dit, ou d&rsquo;une autre m\u00e9thode de d\u00e9p\u00f4t selon vos pr\u00e9f\u00e9rences. C&rsquo;est aussi sur la page banque que les demandes de retraits se font.<\/p>\n<h4>Jeux gratuits sur les mobiles<\/h4>\n<p>L&rsquo;un des casinos en ligne mobiles les mieux r\u00e9ussis pour jouer en mode gratuit sur Android est <a title=\"Golden Tiger\" href=\"#jeux\">Golden Tiger<\/a>. Jouer au casino sans argent \u00e0 l&rsquo;aide d&rsquo;un smartphone ou d&rsquo;une tablette est un bon moyen pour tester un site de casino. C&rsquo;est aussi un bon truc pour s&rsquo;entrainer sur tout type de jeux d\u2019argent.<\/p>\n<h2>Jeux de roulettes et jackpots<\/h2>\n<p>Des roulettes de derni\u00e8re g\u00e9n\u00e9ration offrent des chances de gagner gros. Ces jeux sont compatibles sur les t\u00e9l\u00e9phones mobiles. L&rsquo;un de ces jeux, <a title=\"Multifire Roulette\" href=\"https:\/\/www.onlineroulette.tech\/fr\/home\/multifire-roulette\/\">Multifire Roulette<\/a>, offrent des chances de remporter 500x la mise sur des paris gagnants li\u00e9s \u00e0 des num\u00e9ros de chance. Adapt\u00e9s \u00e0 l&rsquo;environnement Android, ces jeux d&rsquo;un nouveau genre attirent les chasseurs de jackpots.<\/p>\n<h2>Avis des utilisateurs Android<\/h2>\n<p>Dans les communaut\u00e9s Android les jeux d&rsquo;argent prennent une part de march\u00e9 non n\u00e9gligeable. Sur la niche des jeux de casino, des casinos de renomm\u00e9e mondiale sont les favoris des adeptes de smartphones et de tablettes.<\/p>\n<p>Certains casinos en ligne sur mobile ne sont pas recommand\u00e9s. En effet, sur des guides de casino, nombreux sont les joueurs qui se plaignent de la fiabilit\u00e9 de certains casinos mobiles. En revanche des casinos mobiles ont une tr\u00e8s bonne r\u00e9putation sous tout point de vue. Rien qu&rsquo;en testant le site Golden Tiger, un casino en ligne Android prim\u00e9, il a y de quoi \u00eatre \u00e9bloui des jeux au catalogue.<\/p>\n<h3>Casino sur Smartphone<\/h3>\n<p>Golden Tiger est un mod\u00e8le du genre sur les smartphones. Autant sur les iPhone que sur tout type d&rsquo;appareil \u00e9quip\u00e9 du syst\u00e8me d&rsquo;exploitation Android, le site Web est adapt\u00e9 au pixel pr\u00e8s sur les \u00e9crans des mobiles. Les jeux du casino sont essentiellement ceux de l&rsquo;\u00e9diteur Microgaming. Les exploitants de Golden Tiger, le groupe Casino Rewards, ont toujours mis en avant les jeux Microgaming. Comparativement aux autres \u00e9diteurs de jeux de casino sur mobile, Microgaming est la soci\u00e9t\u00e9 la plus s\u00e9rieuse de l&rsquo;Internet.<\/p>\n<h3>Casino sur Tablette<\/h3>\n<p>Casino Action est la salle de jeux la mieux pens\u00e9e sur les tablettes. L&rsquo;entier du casino est jouable sans App sur les navigateurs des Android. Les jeux en live face aux croupiers peuvent m\u00eame se jouer sur les \u00e9crans des mini tablettes. C&rsquo;est d&rsquo;ailleurs aussi le cas sur les t\u00e9l\u00e9phones mobiles. Lanc\u00e9 en 2000 sur Internet, les ing\u00e9nieurs du casino ont toujours su adapter le site Casino Action aux nouvelles technologies. Quelle que soit la marque de votre appareil, ou le navigateur utilis\u00e9, la salle de jeux est compatible sur toutes les tailles des \u00e9crans des tablettes.<br \/>\n&nbsp;<\/p>\n","protected":false},"excerpt":{"rendered":"<p>Les applis de casino n&rsquo;offrent qu&rsquo;un choix limit\u00e9 de jeux sur les smartphones et les tablettes.<\/p>\n","protected":false},"author":1,"featured_media":0,"parent":0,"menu_order":0,"comment_status":"closed","ping_status":"closed","template":"template-fullwidth.php","meta":{"footnotes":""},"class_list":["post-2154","page","type-page","status-publish","hentry"],"yoast_head":"<!-- This site is optimized with the Yoast SEO plugin v27.5 - https:\/\/yoast.com\/product\/yoast-seo-wordpress\/ -->\n<title>Android Casinos - 3 Sites de Jeux sur Mobile et Tablette<\/title>\n<meta name=\"description\" content=\"Jeux de casino sur Android. Meilleurs sites pour jouer aux machines \u00e0 sous et aux jeux de table avec votre mobile ou tablette Android.\" \/>\n<meta name=\"robots\" content=\"index, follow, max-snippet:-1, max-image-preview:large, max-video-preview:-1\" \/>\n<link rel=\"canonical\" href=\"https:\/\/www.onlineroulette.tech\/fr\/casinos-sur-android\/\" \/>\n<meta property=\"og:locale\" content=\"fr_CA\" \/>\n<meta property=\"og:type\" content=\"article\" \/>\n<meta property=\"og:title\" content=\"Android Casinos - 3 Sites de Jeux sur Mobile et Tablette\" \/>\n<meta property=\"og:description\" content=\"Jeux de casino sur Android. Meilleurs sites pour jouer aux machines \u00e0 sous et aux jeux de table avec votre mobile ou tablette Android.\" \/>\n<meta property=\"og:url\" content=\"https:\/\/www.onlineroulette.tech\/fr\/casinos-sur-android\/\" \/>\n<meta property=\"og:site_name\" content=\"Roulette en Ligne\" \/>\n<meta property=\"article:modified_time\" content=\"2025-11-18T04:36:19+00:00\" \/>\n<meta property=\"og:image\" content=\"https:\/\/www.onlineroulette.tech\/fr\/wp-content\/uploads\/2022\/05\/tiger.jpg\" \/>\n\t<meta property=\"og:image:width\" content=\"300\" \/>\n\t<meta property=\"og:image:height\" content=\"300\" \/>\n\t<meta property=\"og:image:type\" content=\"image\/jpeg\" \/>\n<meta name=\"twitter:card\" content=\"summary_large_image\" \/>\n<meta name=\"twitter:label1\" content=\"Estimation du temps de lecture\" \/>\n\t<meta name=\"twitter:data1\" content=\"7 minutes\" \/>\n<script type=\"application\/ld+json\" class=\"yoast-schema-graph\">{\"@context\":\"https:\\\/\\\/schema.org\",\"@graph\":[{\"@type\":\"WebPage\",\"@id\":\"https:\\\/\\\/www.onlineroulette.tech\\\/fr\\\/casinos-sur-android\\\/\",\"url\":\"https:\\\/\\\/www.onlineroulette.tech\\\/fr\\\/casinos-sur-android\\\/\",\"name\":\"Android Casinos - 3 Sites de Jeux sur Mobile et Tablette\",\"isPartOf\":{\"@id\":\"https:\\\/\\\/www.onlineroulette.tech\\\/fr\\\/#website\"},\"primaryImageOfPage\":{\"@id\":\"https:\\\/\\\/www.onlineroulette.tech\\\/fr\\\/casinos-sur-android\\\/#primaryimage\"},\"image\":{\"@id\":\"https:\\\/\\\/www.onlineroulette.tech\\\/fr\\\/casinos-sur-android\\\/#primaryimage\"},\"thumbnailUrl\":\"https:\\\/\\\/www.onlineroulette.tech\\\/fr\\\/wp-content\\\/uploads\\\/2022\\\/05\\\/tiger.jpg\",\"datePublished\":\"2022-05-10T05:47:50+00:00\",\"dateModified\":\"2025-11-18T04:36:19+00:00\",\"description\":\"Jeux de casino sur Android. Meilleurs sites pour jouer aux machines \u00e0 sous et aux jeux de table avec votre mobile ou tablette Android.\",\"breadcrumb\":{\"@id\":\"https:\\\/\\\/www.onlineroulette.tech\\\/fr\\\/casinos-sur-android\\\/#breadcrumb\"},\"inLanguage\":\"fr-CA\",\"potentialAction\":[{\"@type\":\"ReadAction\",\"target\":[\"https:\\\/\\\/www.onlineroulette.tech\\\/fr\\\/casinos-sur-android\\\/\"]}]},{\"@type\":\"ImageObject\",\"inLanguage\":\"fr-CA\",\"@id\":\"https:\\\/\\\/www.onlineroulette.tech\\\/fr\\\/casinos-sur-android\\\/#primaryimage\",\"url\":\"https:\\\/\\\/www.onlineroulette.tech\\\/fr\\\/wp-content\\\/uploads\\\/2022\\\/05\\\/tiger.jpg\",\"contentUrl\":\"https:\\\/\\\/www.onlineroulette.tech\\\/fr\\\/wp-content\\\/uploads\\\/2022\\\/05\\\/tiger.jpg\",\"width\":300,\"height\":300,\"caption\":\"Blackjack et roulette Android chez Golden Tiger\"},{\"@type\":\"BreadcrumbList\",\"@id\":\"https:\\\/\\\/www.onlineroulette.tech\\\/fr\\\/casinos-sur-android\\\/#breadcrumb\",\"itemListElement\":[{\"@type\":\"ListItem\",\"position\":1,\"name\":\"Accueil\",\"item\":\"https:\\\/\\\/www.onlineroulette.tech\\\/fr\\\/\"},{\"@type\":\"ListItem\",\"position\":2,\"name\":\"Android Casinos\"}]},{\"@type\":\"WebSite\",\"@id\":\"https:\\\/\\\/www.onlineroulette.tech\\\/fr\\\/#website\",\"url\":\"https:\\\/\\\/www.onlineroulette.tech\\\/fr\\\/\",\"name\":\"Roulette en Ligne\",\"description\":\"Roulette Guide\",\"publisher\":{\"@id\":\"https:\\\/\\\/www.onlineroulette.tech\\\/fr\\\/#organization\"},\"potentialAction\":[{\"@type\":\"SearchAction\",\"target\":{\"@type\":\"EntryPoint\",\"urlTemplate\":\"https:\\\/\\\/www.onlineroulette.tech\\\/fr\\\/?s={search_term_string}\"},\"query-input\":{\"@type\":\"PropertyValueSpecification\",\"valueRequired\":true,\"valueName\":\"search_term_string\"}}],\"inLanguage\":\"fr-CA\"},{\"@type\":\"Organization\",\"@id\":\"https:\\\/\\\/www.onlineroulette.tech\\\/fr\\\/#organization\",\"name\":\"Roulette en Ligne\",\"url\":\"https:\\\/\\\/www.onlineroulette.tech\\\/fr\\\/\",\"logo\":{\"@type\":\"ImageObject\",\"inLanguage\":\"fr-CA\",\"@id\":\"https:\\\/\\\/www.onlineroulette.tech\\\/fr\\\/#\\\/schema\\\/logo\\\/image\\\/\",\"url\":\"https:\\\/\\\/www.onlineroulette.tech\\\/fr\\\/wp-content\\\/uploads\\\/2022\\\/01\\\/logo.jpg\",\"contentUrl\":\"https:\\\/\\\/www.onlineroulette.tech\\\/fr\\\/wp-content\\\/uploads\\\/2022\\\/01\\\/logo.jpg\",\"width\":280,\"height\":115,\"caption\":\"Roulette en Ligne\"},\"image\":{\"@id\":\"https:\\\/\\\/www.onlineroulette.tech\\\/fr\\\/#\\\/schema\\\/logo\\\/image\\\/\"}}]}<\/script>\n<!-- \/ Yoast SEO plugin. -->","yoast_head_json":{"title":"Android Casinos - 3 Sites de Jeux sur Mobile et Tablette","description":"Jeux de casino sur Android. Meilleurs sites pour jouer aux machines \u00e0 sous et aux jeux de table avec votre mobile ou tablette Android.","robots":{"index":"index","follow":"follow","max-snippet":"max-snippet:-1","max-image-preview":"max-image-preview:large","max-video-preview":"max-video-preview:-1"},"canonical":"https:\/\/www.onlineroulette.tech\/fr\/casinos-sur-android\/","og_locale":"fr_CA","og_type":"article","og_title":"Android Casinos - 3 Sites de Jeux sur Mobile et Tablette","og_description":"Jeux de casino sur Android. Meilleurs sites pour jouer aux machines \u00e0 sous et aux jeux de table avec votre mobile ou tablette Android.","og_url":"https:\/\/www.onlineroulette.tech\/fr\/casinos-sur-android\/","og_site_name":"Roulette en Ligne","article_modified_time":"2025-11-18T04:36:19+00:00","og_image":[{"width":300,"height":300,"url":"https:\/\/www.onlineroulette.tech\/fr\/wp-content\/uploads\/2022\/05\/tiger.jpg","type":"image\/jpeg"}],"twitter_card":"summary_large_image","twitter_misc":{"Estimation du temps de lecture":"7 minutes"},"schema":{"@context":"https:\/\/schema.org","@graph":[{"@type":"WebPage","@id":"https:\/\/www.onlineroulette.tech\/fr\/casinos-sur-android\/","url":"https:\/\/www.onlineroulette.tech\/fr\/casinos-sur-android\/","name":"Android Casinos - 3 Sites de Jeux sur Mobile et Tablette","isPartOf":{"@id":"https:\/\/www.onlineroulette.tech\/fr\/#website"},"primaryImageOfPage":{"@id":"https:\/\/www.onlineroulette.tech\/fr\/casinos-sur-android\/#primaryimage"},"image":{"@id":"https:\/\/www.onlineroulette.tech\/fr\/casinos-sur-android\/#primaryimage"},"thumbnailUrl":"https:\/\/www.onlineroulette.tech\/fr\/wp-content\/uploads\/2022\/05\/tiger.jpg","datePublished":"2022-05-10T05:47:50+00:00","dateModified":"2025-11-18T04:36:19+00:00","description":"Jeux de casino sur Android. Meilleurs sites pour jouer aux machines \u00e0 sous et aux jeux de table avec votre mobile ou tablette Android.","breadcrumb":{"@id":"https:\/\/www.onlineroulette.tech\/fr\/casinos-sur-android\/#breadcrumb"},"inLanguage":"fr-CA","potentialAction":[{"@type":"ReadAction","target":["https:\/\/www.onlineroulette.tech\/fr\/casinos-sur-android\/"]}]},{"@type":"ImageObject","inLanguage":"fr-CA","@id":"https:\/\/www.onlineroulette.tech\/fr\/casinos-sur-android\/#primaryimage","url":"https:\/\/www.onlineroulette.tech\/fr\/wp-content\/uploads\/2022\/05\/tiger.jpg","contentUrl":"https:\/\/www.onlineroulette.tech\/fr\/wp-content\/uploads\/2022\/05\/tiger.jpg","width":300,"height":300,"caption":"Blackjack et roulette Android chez Golden Tiger"},{"@type":"BreadcrumbList","@id":"https:\/\/www.onlineroulette.tech\/fr\/casinos-sur-android\/#breadcrumb","itemListElement":[{"@type":"ListItem","position":1,"name":"Accueil","item":"https:\/\/www.onlineroulette.tech\/fr\/"},{"@type":"ListItem","position":2,"name":"Android Casinos"}]},{"@type":"WebSite","@id":"https:\/\/www.onlineroulette.tech\/fr\/#website","url":"https:\/\/www.onlineroulette.tech\/fr\/","name":"Roulette en Ligne","description":"Roulette Guide","publisher":{"@id":"https:\/\/www.onlineroulette.tech\/fr\/#organization"},"potentialAction":[{"@type":"SearchAction","target":{"@type":"EntryPoint","urlTemplate":"https:\/\/www.onlineroulette.tech\/fr\/?s={search_term_string}"},"query-input":{"@type":"PropertyValueSpecification","valueRequired":true,"valueName":"search_term_string"}}],"inLanguage":"fr-CA"},{"@type":"Organization","@id":"https:\/\/www.onlineroulette.tech\/fr\/#organization","name":"Roulette en Ligne","url":"https:\/\/www.onlineroulette.tech\/fr\/","logo":{"@type":"ImageObject","inLanguage":"fr-CA","@id":"https:\/\/www.onlineroulette.tech\/fr\/#\/schema\/logo\/image\/","url":"https:\/\/www.onlineroulette.tech\/fr\/wp-content\/uploads\/2022\/01\/logo.jpg","contentUrl":"https:\/\/www.onlineroulette.tech\/fr\/wp-content\/uploads\/2022\/01\/logo.jpg","width":280,"height":115,"caption":"Roulette en Ligne"},"image":{"@id":"https:\/\/www.onlineroulette.tech\/fr\/#\/schema\/logo\/image\/"}}]}},"_links":{"self":[{"href":"https:\/\/www.onlineroulette.tech\/fr\/wp-json\/wp\/v2\/pages\/2154","targetHints":{"allow":["GET"]}}],"collection":[{"href":"https:\/\/www.onlineroulette.tech\/fr\/wp-json\/wp\/v2\/pages"}],"about":[{"href":"https:\/\/www.onlineroulette.tech\/fr\/wp-json\/wp\/v2\/types\/page"}],"author":[{"embeddable":true,"href":"https:\/\/www.onlineroulette.tech\/fr\/wp-json\/wp\/v2\/users\/1"}],"replies":[{"embeddable":true,"href":"https:\/\/www.onlineroulette.tech\/fr\/wp-json\/wp\/v2\/comments?post=2154"}],"version-history":[{"count":84,"href":"https:\/\/www.onlineroulette.tech\/fr\/wp-json\/wp\/v2\/pages\/2154\/revisions"}],"predecessor-version":[{"id":3760,"href":"https:\/\/www.onlineroulette.tech\/fr\/wp-json\/wp\/v2\/pages\/2154\/revisions\/3760"}],"wp:attachment":[{"href":"https:\/\/www.onlineroulette.tech\/fr\/wp-json\/wp\/v2\/media?parent=2154"}],"curies":[{"name":"wp","href":"https:\/\/api.w.org\/{rel}","templated":true}]}}