{"id":829,"date":"2021-01-06T07:13:37","date_gmt":"2021-01-06T07:13:37","guid":{"rendered":"https:\/\/www.onlineroulette.tech\/at\/?page_id=829"},"modified":"2025-11-18T04:41:07","modified_gmt":"2025-11-18T04:41:07","slug":"rtp","status":"publish","type":"page","link":"https:\/\/www.onlineroulette.tech\/at\/rtp\/","title":{"rendered":"Auszahlungsquote"},"content":{"rendered":"<div class=\"su-row\"><div class=\"su-column su-column-size-2-3\"><div class=\"su-column-inner su-u-clearfix su-u-trim\">Die Auszahlungsquote oder RTP eines Online Casino Anbieters ist das <strong>Verh\u00e4ltnis zwischen den Wetteins\u00e4tzen und den Gewinnen eines Spielers<\/strong>. Sie ist ein zuverl\u00e4ssiges Kriterium, um eine Spielbank zu bewerten.<!--more--><\/p>\n<p>Jede Casino Webseite hat eine <strong>Return-to-Player Quote<\/strong>, die als <strong>RTP<\/strong> abgek\u00fcrzt und in Prozentpunkten ausgedr\u00fcckt wird. Dieser Wert ist eindeutig. Eine Gl\u00fcckspielbeh\u00f6rde berechnet die Quote und steht f\u00fcr deren Echtheit ein.<\/div><\/div><div class=\"su-column su-column-size-1-3\"><div class=\"su-column-inner su-u-clearfix su-u-trim\"><img loading=\"lazy\" decoding=\"async\" title=\"RTP im Online Casino\" src=\"https:\/\/www.onlineroulette.tech\/at\/wp-content\/uploads\/2021\/01\/rtp.jpg\" alt=\"RTP im Online Casino\" width=\"300\" height=\"200\" class=\"alignnone size-full wp-image-1050\" srcset=\"https:\/\/www.onlineroulette.tech\/at\/wp-content\/uploads\/2021\/01\/rtp.jpg 300w, https:\/\/www.onlineroulette.tech\/at\/wp-content\/uploads\/2021\/01\/rtp-120x80.jpg 120w\" sizes=\"auto, (max-width: 300px) 100vw, 300px\" \/><\/div><\/div><\/div>\n<h2>Zufallsgenerator<\/h2>\n<p>In jedem Online Casino gibt es einen Zufallszahlen Generator. Die einzige Ausnahme: die Live Spiele. Die Casinoseiten Besucher spielen diese Spiele in Echtzeit im Stream mit einem Live Dealer. Die Auszahlungsquote dieser Spiele h\u00e4ngt von der Spielrunde ab.<\/p>\n<p>Im Spieljargon hei\u00dft der Generator RNG (Random Number Generator). Er ist mit dem RTP zu vergleichen. An den Spielautomaten sind die RNG fair programmiert. Sie stellen sicher, dass die <strong>Auszahlungsraten \u201eon the long run\u201c \u2013 wie die Spielexperten sagen \u2013 stabil bleiben<\/strong>.<\/p>\n<h2>Eure Gewinnchancen im Online Casino<\/h2>\n<p>In einem Online Casino hat jeder Spieler die gleiche Chance zu gewinnen. Dennoch gilt: Je mehr ihr zockt, desto gr\u00f6\u00dfer sind eure Gewinnchancen. Was wir davon halten? Salopp gesagt \u2013 in einem Spielsaal gibt es Verlierer. Und Gewinner. Trotzdem gibt es Spieler, die \u00f6fters als die anderen gewinnen. Diese Zocker kennen die Spiele genau und sind geschickt. Sie sind f\u00e4hig, aus ihren Spielrunden im Casino einen Gewinn zu ziehen. Beim Roulette Spiel zum Beispiel benutzen einige Profi Spieler bekannte <a title=\"Spieltechniken\" href=\"https:\/\/www.onlineroulette.tech\/at\/strategien\/\">Spieltechniken<\/a>. Wir raten euch, mit diesen Gewinnmethoden vorsichtig zu sein: <strong>Keine Spielmethode kann garantieren, das Casino zu schlagen!<\/strong><\/p>\n<h2>Auszahlungsquote und Prozentsatz<\/h2>\n<p>Die Auszahlungsquoten werden in Prozentpunkten angegeben. Bei einer RTP-Quote von 100% w\u00fcrden die Gewinnchancen und die Wahrscheinlichkeit zu verlieren in einem perfekten Gleichgewicht stehen. Theoretisch gilt: <strong>Je n\u00e4her die Auszahlungsquote bei 100% liegt, desto besser<\/strong>. In der Realit\u00e4t ist aber ein Gl\u00fcckspiel, das eine Quote von fast 100% hat, noch kein Jackpot.<\/p>\n<p>Die Differenz zwischen 100% und der Auszahlungsquote eines Casino Spiels ist der sogenannte <strong>Hausvorteil<\/strong>.<\/p>\n<p><strong>Ein Beispiel gef\u00e4llig?<\/strong><br \/>\n<div class=\"su-row\"><div class=\"su-column su-column-size-2-3\"><div class=\"su-column-inner su-u-clearfix su-u-trim\">An einem Spielautomaten betr\u00e4gt der RTP 95%. Das Casino erh\u00e4lt 5% der Wetteins\u00e4tze. Von 100\u20ac Wetteinsatz werden 95\u20ac an die Spieler ausbezahlt. In der Realit\u00e4t erh\u00e4lt ihr nicht 95% eurer gesetzten Wetten zur\u00fcck.<\/p>\n<p>Zocken w\u00e4re v\u00f6llig witzlos, wenn das Ergebnis immer gleich bliebe! Was passiert also? Einige Spieler gewinnen das ganze Geld, welches der Spielautomat ausspuckt. Und die anderen keinen Cent.<br \/>\n<\/div><\/div>\n<div class=\"su-column su-column-size-1-3\"><div class=\"su-column-inner su-u-clearfix su-u-trim\"><img loading=\"lazy\" decoding=\"async\" title=\"Zufallszahlen Generator von Casino Spielen \" src=\"https:\/\/www.onlineroulette.tech\/at\/wp-content\/uploads\/2021\/01\/generator-casino.jpg\" alt=\"Zufallszahlen Generator von Casino Spielen \" width=\"300\" height=\"200\" class=\"alignnone size-full wp-image-1051\" srcset=\"https:\/\/www.onlineroulette.tech\/at\/wp-content\/uploads\/2021\/01\/generator-casino.jpg 300w, https:\/\/www.onlineroulette.tech\/at\/wp-content\/uploads\/2021\/01\/generator-casino-120x80.jpg 120w\" sizes=\"auto, (max-width: 300px) 100vw, 300px\" \/><br \/>\n<\/div><\/div><\/div>\n<h3>Die besten Casino RTP-Quoten<\/h3>\n<p>Wie w\u00e4hlt ihr einen Online Casino Anbieter am besten aus? <strong>Zockt auf der Webseite mit dem h\u00f6chsten RTP-Wert!<\/strong> Damit sichert ihr euch die h\u00f6chsten Gewinnchancen. Die Online Casino Seiten haben alle unterschiedliche Auszahlungsquoten: Einige haben sehr schlechte Quoten, w\u00e4hrend andere sehr hohe Prozents\u00e4tze aufweisen.<\/p>\n<p>Welche sind die Favoriten unter den Casino Webseiten? Unsere Tester haben folgende Anbieter auf das Podest gehoben: Luxury Casino, Casino Action und Villento Casino. Ihr findet diese lohnenden Online Spielbanken auf unserer Seite \u00fcber die besten <a title=\"Online Casino Anbieter\" href=\"https:\/\/www.onlineroulette.tech\/at\/seriose-casino\/\">Online Casino Anbieter<\/a>. <strong>Die Auszahlungsrate dieser seri\u00f6sen Webseiten liegt bei 97%.<\/strong><\/p>\n<h2>RTP-Quote von 100%?<\/h2>\n<p>Einige Guides, die ihr beim Surfen im Netz findet, behaupten, dass es Spiele mit einem fast 100-prozentigen RTP-Wert gibt. Nat\u00fcrlich findet ihr Tester, die best\u00e4tigen: Diese Spiele zahlen sich am meisten aus. Theoretisch ist das korrekt. In der Realit\u00e4t macht ihr damit aber kein Verm\u00f6gen. <strong>Bei diesen Spielen werden nur winzig kleine Geldbetr\u00e4ge ausbezahlt,<\/strong> wenn ihr gewinnt. Und nat\u00fcrlich hat der Casino Anbieter trotzdem einen kleinen Hausvorteil \u2013 eine Garantie zu gewinnen gibt es nicht!<\/p>\n<h2>Tischspiele und hohe Auszahlungsquoten<\/h2>\n<p>Das franz\u00f6sische Roulette und Black Jack sind die Tischspiele mit den besten Auszahlungsquoten. Sie k\u00f6nnen mit <strong>RTP-Werten von \u00fcber 98%<\/strong> auftrumpfen. Mit gro\u00dfem K\u00f6nnen und Erfahrung k\u00f6nnt ihr bei diesen Spielen durchaus gro\u00dfe Gewinne absahnen. Mit ein paar wenigen Spielrunden k\u00f6nnt ihr bereits einen h\u00fcbschen Batzen gewinnen.<\/p>\n<h2>Welche Spielautomaten lohnen sich?<\/h2>\n<p>Wir stellen euch ein Online Spielautomaten Modell vor, das gute Jackpots ausbezahlt. Ohne hohe Wetteins\u00e4tze: das <strong>Modell Hot Ink<\/strong>. Die Auszahlungsrate dieser Slot Machine betr\u00e4gt <strong>97,51%<\/strong>. Der Hausvorteil des Casinos liegt bei nur 2,49%. Wie k\u00f6nnt ihr an diesem Spielautomaten den Jackpot knacken? Sobald ihr einen Jackpot gewonnen habt, gibt es nur eines: den Gewinn auszahlen lassen und das Spiel beenden! Wir legen euch diesen <strong>Gewinntipp<\/strong> ans Herz. Erliegt nicht der Versuchung, noch mehr gewinnen zu wollen! Ein Spielautomat folgt gewissen Zyklen \u2013 lasst also die Finger davon, sobald ihr einen sch\u00f6nen Gewinn eingesackt habt.<\/p>\n<p>Neugierig geworden? Bei <a title=\"Luxury Casino\" href=\"https:\/\/www.onlineroulette.tech\/at\/seriose-casino\/luxury\/\">Luxury Casino<\/a> k\u00f6nnt ihr an einer Hot Ink Slot Machine zocken. Dieses Online Casino ist einer der meistausgezeichneten Anbieter in \u00d6sterreich. Versucht dort euer Gl\u00fcck \u2013 es lohnt sich!<\/p>\n<h2>Rangliste der besten RTP-Werte<\/h2>\n<div class=\"su-row\"><div class=\"su-column su-column-size-1-2\"><div class=\"su-column-inner su-u-clearfix su-u-trim\">\n<table>\n<tbody>\n<tr>\n<td>Video poker<\/td>\n<td>99,88%<\/td>\n<\/tr>\n<tr>\n<td>Blackjack 21<\/td>\n<td>99,65%<\/td>\n<\/tr>\n<tr>\n<td>Franz\u00f6sisches Roulette<\/td>\n<td>98,65%<\/td>\n<\/tr>\n<tr>\n<td>Baccara<\/td>\n<td>98,55%<\/td>\n<\/tr>\n<tr>\n<td>Craps<\/td>\n<td>98,54%<\/td>\n<\/tr>\n<tr>\n<td>Spielautomat mit kleinem Jackpot<\/td>\n<td>98,35%<\/td>\n<\/tr>\n<tr>\n<td>Spielautomat mit gro\u00dfem Jackpot<\/td>\n<td>96,45%<\/td>\n<\/tr>\n<tr>\n<td>Progressiver Spielautomat<\/td>\n<td>90,12%<\/td>\n<\/tr>\n<\/tbody>\n<\/table>\n<\/div><\/div>\n<div class=\"su-column su-column-size-1-2\"><div class=\"su-column-inner su-u-clearfix su-u-trim\">Wie erzielt ihr im Online Casino am h\u00e4ufigsten sch\u00f6ne Gewinne? <strong>Spielt Black Jack und franz\u00f6sisches Roulette.<\/strong> Diese Spiele haben hohe Auszahlungsraten. Zudem bieten sie flexible Wettm\u00f6glichkeiten.<\/p>\n<p>Zahlt sich <strong>Video Poker<\/strong> aus? Wir meinen: nicht wirklich! Zwar hat das Spiel einen sehr hohen RTP, gro\u00dfe Gewinne sind aber ausgeschlossen. Es geh\u00f6rt zu den Spielen, die nur ganz kleine Geldsummen auszahlen.<\/p>\n<p>Ihr seid <strong>Spielautomaten-Fan<\/strong>? In diesem Fall empfehlen wir, euch auf die Slots mit einem Wert von ungef\u00e4hr 96% zu beschr\u00e4nken. Damit passt das Verh\u00e4ltnis zwischen eurem investierten Geld und den Chancen auf einen hohen Jackpot Gewinn am besten. <\/div><\/div><\/div>\n","protected":false},"excerpt":{"rendered":"<p>Die Auszahlungsquote oder RTP eines Online Casino Anbieters ist das Verh\u00e4ltnis zwischen den Wetteins\u00e4tzen und den Gewinnen eines Spielers. Sie ist ein zuverl\u00e4ssiges Kriterium, um eine Spielbank zu bewerten.<\/p>\n","protected":false},"author":1,"featured_media":0,"parent":0,"menu_order":0,"comment_status":"closed","ping_status":"closed","template":"template-fullwidth.php","meta":{"footnotes":""},"class_list":["post-829","page","type-page","status-publish","hentry"],"yoast_head":"<!-- This site is optimized with the Yoast SEO plugin v27.4 - https:\/\/yoast.com\/product\/yoast-seo-wordpress\/ -->\n<title>RTP im Online Casino von +97% - Spielautomaten und Tischspiele<\/title>\n<meta name=\"description\" content=\"Die Auszahlungsquoten der Casino Webseiten. Um an einem Spielautomaten, beim Black Jack oder Roulette zu gewinnen, ist eine Quote von \u00fcber 97% von Vorteil.\" \/>\n<meta name=\"robots\" content=\"index, follow, max-snippet:-1, max-image-preview:large, max-video-preview:-1\" \/>\n<link rel=\"canonical\" href=\"https:\/\/www.onlineroulette.tech\/at\/rtp\/\" \/>\n<meta property=\"og:locale\" content=\"de_DE\" \/>\n<meta property=\"og:type\" content=\"article\" \/>\n<meta property=\"og:title\" content=\"RTP im Online Casino von +97% - Spielautomaten und Tischspiele\" \/>\n<meta property=\"og:description\" content=\"Die Auszahlungsquoten der Casino Webseiten. Um an einem Spielautomaten, beim Black Jack oder Roulette zu gewinnen, ist eine Quote von \u00fcber 97% von Vorteil.\" \/>\n<meta property=\"og:url\" content=\"https:\/\/www.onlineroulette.tech\/at\/rtp\/\" \/>\n<meta property=\"og:site_name\" content=\"Online Roulette\" \/>\n<meta property=\"article:modified_time\" content=\"2025-11-18T04:41:07+00:00\" \/>\n<meta property=\"og:image\" content=\"https:\/\/www.onlineroulette.tech\/at\/wp-content\/uploads\/2021\/01\/rtp.jpg\" \/>\n\t<meta property=\"og:image:width\" content=\"300\" \/>\n\t<meta property=\"og:image:height\" content=\"200\" \/>\n\t<meta property=\"og:image:type\" content=\"image\/jpeg\" \/>\n<meta name=\"twitter:card\" content=\"summary_large_image\" \/>\n<meta name=\"twitter:label1\" content=\"Gesch\u00e4tzte Lesezeit\" \/>\n\t<meta name=\"twitter:data1\" content=\"6 Minuten\" \/>\n<script type=\"application\/ld+json\" class=\"yoast-schema-graph\">{\"@context\":\"https:\\\/\\\/schema.org\",\"@graph\":[{\"@type\":\"WebPage\",\"@id\":\"https:\\\/\\\/www.onlineroulette.tech\\\/at\\\/rtp\\\/\",\"url\":\"https:\\\/\\\/www.onlineroulette.tech\\\/at\\\/rtp\\\/\",\"name\":\"RTP im Online Casino von +97% - Spielautomaten und Tischspiele\",\"isPartOf\":{\"@id\":\"https:\\\/\\\/www.onlineroulette.tech\\\/at\\\/#website\"},\"primaryImageOfPage\":{\"@id\":\"https:\\\/\\\/www.onlineroulette.tech\\\/at\\\/rtp\\\/#primaryimage\"},\"image\":{\"@id\":\"https:\\\/\\\/www.onlineroulette.tech\\\/at\\\/rtp\\\/#primaryimage\"},\"thumbnailUrl\":\"https:\\\/\\\/www.onlineroulette.tech\\\/at\\\/wp-content\\\/uploads\\\/2021\\\/01\\\/rtp.jpg\",\"datePublished\":\"2021-01-06T07:13:37+00:00\",\"dateModified\":\"2025-11-18T04:41:07+00:00\",\"description\":\"Die Auszahlungsquoten der Casino Webseiten. Um an einem Spielautomaten, beim Black Jack oder Roulette zu gewinnen, ist eine Quote von \u00fcber 97% von Vorteil.\",\"breadcrumb\":{\"@id\":\"https:\\\/\\\/www.onlineroulette.tech\\\/at\\\/rtp\\\/#breadcrumb\"},\"inLanguage\":\"de-AT\",\"potentialAction\":[{\"@type\":\"ReadAction\",\"target\":[\"https:\\\/\\\/www.onlineroulette.tech\\\/at\\\/rtp\\\/\"]}]},{\"@type\":\"ImageObject\",\"inLanguage\":\"de-AT\",\"@id\":\"https:\\\/\\\/www.onlineroulette.tech\\\/at\\\/rtp\\\/#primaryimage\",\"url\":\"https:\\\/\\\/www.onlineroulette.tech\\\/at\\\/wp-content\\\/uploads\\\/2021\\\/01\\\/rtp.jpg\",\"contentUrl\":\"https:\\\/\\\/www.onlineroulette.tech\\\/at\\\/wp-content\\\/uploads\\\/2021\\\/01\\\/rtp.jpg\",\"width\":300,\"height\":200,\"caption\":\"RTP im Online Casino\"},{\"@type\":\"BreadcrumbList\",\"@id\":\"https:\\\/\\\/www.onlineroulette.tech\\\/at\\\/rtp\\\/#breadcrumb\",\"itemListElement\":[{\"@type\":\"ListItem\",\"position\":1,\"name\":\"Home\",\"item\":\"https:\\\/\\\/www.onlineroulette.tech\\\/at\\\/\"},{\"@type\":\"ListItem\",\"position\":2,\"name\":\"Auszahlungsquote\"}]},{\"@type\":\"WebSite\",\"@id\":\"https:\\\/\\\/www.onlineroulette.tech\\\/at\\\/#website\",\"url\":\"https:\\\/\\\/www.onlineroulette.tech\\\/at\\\/\",\"name\":\"Online Roulette\",\"description\":\"Roulette Guide\",\"publisher\":{\"@id\":\"https:\\\/\\\/www.onlineroulette.tech\\\/at\\\/#organization\"},\"potentialAction\":[{\"@type\":\"SearchAction\",\"target\":{\"@type\":\"EntryPoint\",\"urlTemplate\":\"https:\\\/\\\/www.onlineroulette.tech\\\/at\\\/?s={search_term_string}\"},\"query-input\":{\"@type\":\"PropertyValueSpecification\",\"valueRequired\":true,\"valueName\":\"search_term_string\"}}],\"inLanguage\":\"de-AT\"},{\"@type\":\"Organization\",\"@id\":\"https:\\\/\\\/www.onlineroulette.tech\\\/at\\\/#organization\",\"name\":\"Online Roulette\",\"url\":\"https:\\\/\\\/www.onlineroulette.tech\\\/at\\\/\",\"logo\":{\"@type\":\"ImageObject\",\"inLanguage\":\"de-AT\",\"@id\":\"https:\\\/\\\/www.onlineroulette.tech\\\/at\\\/#\\\/schema\\\/logo\\\/image\\\/\",\"url\":\"https:\\\/\\\/www.onlineroulette.tech\\\/at\\\/wp-content\\\/uploads\\\/2022\\\/01\\\/logo.jpg\",\"contentUrl\":\"https:\\\/\\\/www.onlineroulette.tech\\\/at\\\/wp-content\\\/uploads\\\/2022\\\/01\\\/logo.jpg\",\"width\":280,\"height\":115,\"caption\":\"Online Roulette\"},\"image\":{\"@id\":\"https:\\\/\\\/www.onlineroulette.tech\\\/at\\\/#\\\/schema\\\/logo\\\/image\\\/\"}}]}<\/script>\n<!-- \/ Yoast SEO plugin. -->","yoast_head_json":{"title":"RTP im Online Casino von +97% - Spielautomaten und Tischspiele","description":"Die Auszahlungsquoten der Casino Webseiten. Um an einem Spielautomaten, beim Black Jack oder Roulette zu gewinnen, ist eine Quote von \u00fcber 97% von Vorteil.","robots":{"index":"index","follow":"follow","max-snippet":"max-snippet:-1","max-image-preview":"max-image-preview:large","max-video-preview":"max-video-preview:-1"},"canonical":"https:\/\/www.onlineroulette.tech\/at\/rtp\/","og_locale":"de_DE","og_type":"article","og_title":"RTP im Online Casino von +97% - Spielautomaten und Tischspiele","og_description":"Die Auszahlungsquoten der Casino Webseiten. Um an einem Spielautomaten, beim Black Jack oder Roulette zu gewinnen, ist eine Quote von \u00fcber 97% von Vorteil.","og_url":"https:\/\/www.onlineroulette.tech\/at\/rtp\/","og_site_name":"Online Roulette","article_modified_time":"2025-11-18T04:41:07+00:00","og_image":[{"width":300,"height":200,"url":"https:\/\/www.onlineroulette.tech\/at\/wp-content\/uploads\/2021\/01\/rtp.jpg","type":"image\/jpeg"}],"twitter_card":"summary_large_image","twitter_misc":{"Gesch\u00e4tzte Lesezeit":"6 Minuten"},"schema":{"@context":"https:\/\/schema.org","@graph":[{"@type":"WebPage","@id":"https:\/\/www.onlineroulette.tech\/at\/rtp\/","url":"https:\/\/www.onlineroulette.tech\/at\/rtp\/","name":"RTP im Online Casino von +97% - Spielautomaten und Tischspiele","isPartOf":{"@id":"https:\/\/www.onlineroulette.tech\/at\/#website"},"primaryImageOfPage":{"@id":"https:\/\/www.onlineroulette.tech\/at\/rtp\/#primaryimage"},"image":{"@id":"https:\/\/www.onlineroulette.tech\/at\/rtp\/#primaryimage"},"thumbnailUrl":"https:\/\/www.onlineroulette.tech\/at\/wp-content\/uploads\/2021\/01\/rtp.jpg","datePublished":"2021-01-06T07:13:37+00:00","dateModified":"2025-11-18T04:41:07+00:00","description":"Die Auszahlungsquoten der Casino Webseiten. Um an einem Spielautomaten, beim Black Jack oder Roulette zu gewinnen, ist eine Quote von \u00fcber 97% von Vorteil.","breadcrumb":{"@id":"https:\/\/www.onlineroulette.tech\/at\/rtp\/#breadcrumb"},"inLanguage":"de-AT","potentialAction":[{"@type":"ReadAction","target":["https:\/\/www.onlineroulette.tech\/at\/rtp\/"]}]},{"@type":"ImageObject","inLanguage":"de-AT","@id":"https:\/\/www.onlineroulette.tech\/at\/rtp\/#primaryimage","url":"https:\/\/www.onlineroulette.tech\/at\/wp-content\/uploads\/2021\/01\/rtp.jpg","contentUrl":"https:\/\/www.onlineroulette.tech\/at\/wp-content\/uploads\/2021\/01\/rtp.jpg","width":300,"height":200,"caption":"RTP im Online Casino"},{"@type":"BreadcrumbList","@id":"https:\/\/www.onlineroulette.tech\/at\/rtp\/#breadcrumb","itemListElement":[{"@type":"ListItem","position":1,"name":"Home","item":"https:\/\/www.onlineroulette.tech\/at\/"},{"@type":"ListItem","position":2,"name":"Auszahlungsquote"}]},{"@type":"WebSite","@id":"https:\/\/www.onlineroulette.tech\/at\/#website","url":"https:\/\/www.onlineroulette.tech\/at\/","name":"Online Roulette","description":"Roulette Guide","publisher":{"@id":"https:\/\/www.onlineroulette.tech\/at\/#organization"},"potentialAction":[{"@type":"SearchAction","target":{"@type":"EntryPoint","urlTemplate":"https:\/\/www.onlineroulette.tech\/at\/?s={search_term_string}"},"query-input":{"@type":"PropertyValueSpecification","valueRequired":true,"valueName":"search_term_string"}}],"inLanguage":"de-AT"},{"@type":"Organization","@id":"https:\/\/www.onlineroulette.tech\/at\/#organization","name":"Online Roulette","url":"https:\/\/www.onlineroulette.tech\/at\/","logo":{"@type":"ImageObject","inLanguage":"de-AT","@id":"https:\/\/www.onlineroulette.tech\/at\/#\/schema\/logo\/image\/","url":"https:\/\/www.onlineroulette.tech\/at\/wp-content\/uploads\/2022\/01\/logo.jpg","contentUrl":"https:\/\/www.onlineroulette.tech\/at\/wp-content\/uploads\/2022\/01\/logo.jpg","width":280,"height":115,"caption":"Online Roulette"},"image":{"@id":"https:\/\/www.onlineroulette.tech\/at\/#\/schema\/logo\/image\/"}}]}},"_links":{"self":[{"href":"https:\/\/www.onlineroulette.tech\/at\/wp-json\/wp\/v2\/pages\/829","targetHints":{"allow":["GET"]}}],"collection":[{"href":"https:\/\/www.onlineroulette.tech\/at\/wp-json\/wp\/v2\/pages"}],"about":[{"href":"https:\/\/www.onlineroulette.tech\/at\/wp-json\/wp\/v2\/types\/page"}],"author":[{"embeddable":true,"href":"https:\/\/www.onlineroulette.tech\/at\/wp-json\/wp\/v2\/users\/1"}],"replies":[{"embeddable":true,"href":"https:\/\/www.onlineroulette.tech\/at\/wp-json\/wp\/v2\/comments?post=829"}],"version-history":[{"count":41,"href":"https:\/\/www.onlineroulette.tech\/at\/wp-json\/wp\/v2\/pages\/829\/revisions"}],"predecessor-version":[{"id":2200,"href":"https:\/\/www.onlineroulette.tech\/at\/wp-json\/wp\/v2\/pages\/829\/revisions\/2200"}],"wp:attachment":[{"href":"https:\/\/www.onlineroulette.tech\/at\/wp-json\/wp\/v2\/media?parent=829"}],"curies":[{"name":"wp","href":"https:\/\/api.w.org\/{rel}","templated":true}]}}