{"id":654,"date":"2020-12-24T08:30:36","date_gmt":"2020-12-24T08:30:36","guid":{"rendered":"https:\/\/www.onlineroulette.tech\/at\/?page_id=654"},"modified":"2025-11-18T04:41:12","modified_gmt":"2025-11-18T04:41:12","slug":"bonus","status":"publish","type":"page","link":"https:\/\/www.onlineroulette.tech\/at\/bonus\/","title":{"rendered":"Bonus"},"content":{"rendered":"<div class=\"su-row\"><div class=\"su-column su-column-size-2-3\"><div class=\"su-column-inner su-u-clearfix su-u-trim\">Was gibt es Besseres als einen Online Casino Bonus, um mit Geld zu wetten? <!--more-->Auf unserer Seite stehen die besten Casino Deals im Mittelpunkt. Wir haben f\u00fcr euch die <strong>lohnendsten Boni in \u00d6sterreich<\/strong> getestet. <!--more-->Bei uns findet ihr einzig seri\u00f6se Bonus Programme. Mit diesen Angeboten k\u00f6nnt ihr online an einem Spieltisch oder einem Spielautomaten zocken.<\/p>\n<h2 class=\"h2b\">Die besten Casino Boni<\/h2>\n<p>Jede Casino Webseite, die wir euch hier vorstellen, <strong>verdoppelt euer Spielkapital bereits ab der ersten Einlage<\/strong>. Die aufgez\u00e4hlten Angebote gelten ab einer Einlage von 10\u20ac.<\/div><\/div>\n<div class=\"su-column su-column-size-1-3 colc\"><div class=\"su-column-inner su-u-clearfix su-u-trim\"><img loading=\"lazy\" decoding=\"async\" title=\"Casino Bonus in \u00d6sterreich\" src=\"https:\/\/www.onlineroulette.tech\/at\/wp-content\/uploads\/2021\/01\/bonus-casino.jpg\" alt=\"Casino Bonus in \u00d6sterreich\" width=\"380\" height=\"228\" class=\"alignnone size-full wp-image-740\" srcset=\"https:\/\/www.onlineroulette.tech\/at\/wp-content\/uploads\/2021\/01\/bonus-casino.jpg 380w, https:\/\/www.onlineroulette.tech\/at\/wp-content\/uploads\/2021\/01\/bonus-casino-300x180.jpg 300w\" sizes=\"auto, (max-width: 380px) 100vw, 380px\" \/><\/div><\/div><\/div>\n<div class=\"su-divider su-divider-style-dotted\" style=\"margin:10px 0;border-width:3px;border-color:#820202\"><\/div>\n<h3 class=h3b>#1. Golden Tiger \u2013 1500\u20ac gratis<\/h3>\n<div class=\"su-row\"><div class=\"su-column su-column-size-2-3\"><div class=\"su-column-inner su-u-clearfix su-u-trim\">Besser geht\u2018s nicht! Die Webseite Golden Tiger bietet das beeindruckendste Angebot: <strong>Den Bonus in H\u00f6he von 1500\u20ac gibt es in viermal<\/strong>.<\/p>\n<p>Ihr wollt euer Gl\u00fcck versuchen? Das Angebot des Casinos gilt f\u00fcr alle Spiele. Black Jack oder Roulette? Oder doch lieber die Online Spielautomaten? Es gibt keine Beschr\u00e4nkung<br \/>\n<\/div><\/div>\n<div class=\"su-column su-column-size-1-3 colc\"><div class=\"su-column-inner su-u-clearfix su-u-trim\">\n<a class=\"top\" title=\"Golden Tiger\" href=\"https:\/\/goldentiger.casino\/de-at\/\" rel=\"noopener\" target=\"_blank\"><img loading=\"lazy\" decoding=\"async\" title=\"Golden Tiger Bonus Gratis\" src=\"https:\/\/www.onlineroulette.tech\/at\/wp-content\/uploads\/2021\/01\/bonus-tiger.jpg\" alt=\"Golden Tiger Bonus Gratis\" width=\"380\" height=\"228\" class=\"alignnone size-full wp-image-1097\" srcset=\"https:\/\/www.onlineroulette.tech\/at\/wp-content\/uploads\/2021\/01\/bonus-tiger.jpg 380w, https:\/\/www.onlineroulette.tech\/at\/wp-content\/uploads\/2021\/01\/bonus-tiger-300x180.jpg 300w\" sizes=\"auto, (max-width: 380px) 100vw, 380px\" \/><br \/>\nBEI JACKPOT CITY SPIELEN<\/a><br \/>\n\n<\/div><\/div><\/div>\n<div class=\"su-divider su-divider-style-dotted\" style=\"margin:10px 0;border-width:3px;border-color:#820202\"><\/div>\n<h3 id=\"action\" class=h3b>#2. Casino Action \u2013 Bonus \u00fcber 1250\u20ac<\/h3>\n<div class=\"su-row\"><div class=\"su-column su-column-size-2-3\"><div class=\"su-column-inner su-u-clearfix su-u-trim\">Der absolute <strong>Renner auf den Smartphones!<\/strong> Das Angebot des Casinos ist auf Mobilger\u00e4ten g\u00fcltig. Alles l\u00e4sst sich leicht handhaben: Mit einigen Klicks auf eurem Bildschirm aktiviert ihr den Bonus.<\/p>\n<p>Ab der ersten Einlage wird das Angebot im Bruchteil einer Sekunde aktiviert. Ihr spielt auf einem iPhone oder Android Ger\u00e4t? Casino Action rollt euch den roten Teppich aus! <strong>Die 1250\u20ac erh\u00e4lt ihr in f\u00fcnf Mal.<\/strong> Der erste Bonus verdoppelt euer Spielkapital bis zu 300\u20ac.<br \/>\n<\/div><\/div>\n<div class=\"su-column su-column-size-1-3 colc\"><div class=\"su-column-inner su-u-clearfix su-u-trim\">\n<a class=\"top\" title=\"Casino Action\" href=\"https:\/\/www.casinoaction.com\/de-at\/\" rel=\"noopener\" target=\"_blank\"><img loading=\"lazy\" decoding=\"async\" title=\"Casino Action\" src=\"https:\/\/www.onlineroulette.tech\/at\/wp-content\/uploads\/2021\/01\/action.jpg\" alt=\"Casino Action\" width=\"380\" height=\"228\" class=\"alignnone size-full wp-image-733\" srcset=\"https:\/\/www.onlineroulette.tech\/at\/wp-content\/uploads\/2021\/01\/action.jpg 380w, https:\/\/www.onlineroulette.tech\/at\/wp-content\/uploads\/2021\/01\/action-300x180.jpg 300w\" sizes=\"auto, (max-width: 380px) 100vw, 380px\" \/><br \/>\nBEI CASINO ACTION SPIELEN<\/a><br \/>\n\n<\/div><\/div><\/div>\n<div class=\"su-divider su-divider-style-dotted\" style=\"margin:10px 0;border-width:3px;border-color:#820202\"><\/div>\n<h3  class=h3b id=\"luxury\">#3. Luxury Casino \u2013 1000\u20ac offeriert<\/h3>\n<div class=\"su-row\"><div class=\"su-column su-column-size-2-3\"><div class=\"su-column-inner su-u-clearfix su-u-trim\">Das Online Casino <strong>mit den meisten<\/strong> Auszeichnungen in unserem Guide. Luxury Casino bietet gro\u00dfz\u00fcgige Willkommens Boni. <strong>Insgesamt werden 1000\u20ac offeriert.<\/strong><\/p>\n<p>Ihr seid Fan von Tischspielen oder Spielautomaten? Seid willkommen \u2013 und macht euer Spiel!<\/p>\n<p>Bei Luxury Casino wird jeder Spieler verw\u00f6hnt. Zudem gibt es ein Treueprogramm: mit jedem Wetteinsatz erh\u00e4lt ihr Treuepunkte. Loyalit\u00e4t zahlt sich in diesem Casino aus! Auf diese Weise k\u00f6nnt ihr Belohnungen erhalten.<br \/>\n<\/div><\/div>\n<div class=\"su-column su-column-size-1-3 colc\"><div class=\"su-column-inner su-u-clearfix su-u-trim\">\n<a class=\"top\" title=\"Luxury Casino\" href=\"https:\/\/luxury.casino\/de-at\/\" rel=\"noopener\" target=\"_blank\"><img loading=\"lazy\" decoding=\"async\" title=\"Luxury Casino\" src=\"https:\/\/www.onlineroulette.tech\/at\/wp-content\/uploads\/2021\/01\/luxury.jpg\" alt=\"Luxury Casino\" width=\"380\" height=\"228\" class=\"alignnone size-full wp-image-734\" srcset=\"https:\/\/www.onlineroulette.tech\/at\/wp-content\/uploads\/2021\/01\/luxury.jpg 380w, https:\/\/www.onlineroulette.tech\/at\/wp-content\/uploads\/2021\/01\/luxury-300x180.jpg 300w\" sizes=\"auto, (max-width: 380px) 100vw, 380px\" \/><br \/>\nBEI LUXURY CASINO SPIELEN<\/a><br \/>\n\n<\/div><\/div><\/div>\n<div class=\"su-divider su-divider-style-dotted\" style=\"margin:10px 0;border-width:3px;border-color:#820202\"><\/div>\n<h2 id=\"tours\">Freispiele<\/h2>\n<p>Auf den Gl\u00fccksspiel Webseiten werden sehr h\u00e4ufig Freispiele angeboten. Diese Angebote gelten <strong>ausschlie\u00dflich f\u00fcr die Spielautomaten<\/strong>. Leider bieten die Online Casinos keine Freispiele zum Roulette Spielen an. Gleiches gilt f\u00fcr Black Jack und Baccara.<\/p>\n<p>Ihr sucht die lukrativsten Angebote, um am Spielautomaten zu zocken? Dann empfehlen wir, euch auf einem spezifischen Guide zu dieser Nische schlau zu machen. Eine seri\u00f6se Webseite auf diesem Gebiet ist <a title=\"Spielautomaten \u00d6sterreich\" href=\"https:\/\/www.spielautomaten.guru\" target=\"_blank\" rel=\"noopener\">Spielautomaten \u00d6sterreich<\/a>. Dieser Blog nimmt die saftigsten Freispiel Angebote unter die Lupe.<\/p>\n<h2>Bonus und Treue<\/h2>\n<p>Willkommens Boni sind nicht das Einzige, was z\u00e4hlt: in einem <a title=\"seri\u00f6sen Online Casino\" href=\"https:\/\/www.onlineroulette.tech\/at\/seriose-casino\/\">seri\u00f6sen Online Casino<\/a> gibt es kostenlose Boni ohne Ende! Nach dem Willkommens Programm \u00fcbernimmt ein anderes Programm. <strong>Loyalit\u00e4t wird belohnt!<\/strong> Mit jeder Einlage werden Treuepunkte auf eurem Konto gutgeschrieben. Anhand eines Rasters werden die Treuepunkte in Boni umgewandelt.<\/p>\n<p>In welchem Online Casino wird Loyalit\u00e4t am gr\u00f6\u00dften geschrieben? Unseres Wissens bei  <a title=\"Luxury Casino\" href=\"#luxury\">Luxury Casino<\/a>! Diese Webseite belohnt jeden Wetteinsatz der Spieler.<\/p>\n<h2>Nutzungsbedingungen &#8211; Kostenloser Bonus<\/h2>\n<p>F\u00fcr die Online Casino Boni gelten <strong>gewisse Regeln<\/strong>. Die wichtigste? Gilt f\u00fcr den Gewinnfall mit einem Bonus. Ihr m\u00fcsst die erhaltenen Boni ein paar Mal spielen, bevor ihr euch auszahlen lassen k\u00f6nnt. Danach k\u00f6nnt ihr eure Gewinne einkassieren.<\/p>\n<p>Die Boni unterscheiden sich je nach Online Casino. Wo k\u00f6nnt ihr die Details der Bonus Angebote ausfindig machen? Auf der <strong>Seite \u00fcber die Zahlungsbedingungen<\/strong> des Casinos k\u00f6nnt ihr die Regeln zur Kenntnis nehmen.<\/p>\n<h3>Wichtig zu wissen<\/h3>\n<p>Es gibt keine Online Casino Webseiten, die einen Bonus ohne Gegenleistung anbieten. Wir listen in unserem Guide <strong>nur Casino Anbieter auf, bei denen ehrliche Bonus Bedingungen auf dem Programm stehen<\/strong>. Kurz gesagt \u2013 wir setzen den Akzent auf Casino Programme mit den besten Chancen, einen Jackpot zu knacken!<\/p>\n<h2>Das Wichtigste \u00fcber Boni in K\u00fcrze<\/h2>\n<p>Wir zeigen euch in unserem Guide die rentabelsten Boni, die es in \u00d6sterreich zu holen gibt. Diese Behauptung k\u00f6nnen wir dank der Arbeit unseres Teams aufstellen: Wir kontrollieren und testen die besten Casino Deals mehrmals pro Jahr. Nur die Top Anbieter bleiben dabei!<\/p>\n<p>Unsere Tester haben die Nutzungsbedingungen durchgesiebt. Unsere St\u00e4rke? <strong>Die Gratis Boni sind f\u00fcr alle Spiele g\u00fcltig, ohne Beschr\u00e4nkung.<\/strong> Mit den Angeboten unserer Casino Partner wird der Traum eines gro\u00dfen Gewinns Realit\u00e4t.<\/p>\n","protected":false},"excerpt":{"rendered":"<p>Was gibt es Besseres als einen Online Casino Bonus, um mit Geld zu wetten?<\/p>\n","protected":false},"author":1,"featured_media":0,"parent":0,"menu_order":0,"comment_status":"closed","ping_status":"closed","template":"template-fullwidth.php","meta":{"footnotes":""},"class_list":["post-654","page","type-page","status-publish","hentry"],"yoast_head":"<!-- This site is optimized with the Yoast SEO plugin v27.5 - https:\/\/yoast.com\/product\/yoast-seo-wordpress\/ -->\n<title>Bester Bonus im Online Casino in \u00d6sterreich in 2026<\/title>\n<meta name=\"description\" content=\"Spielen Sie mit dem besten Casino Bonus in \u00d6sterreich. Kostenloses Guthaben in Echtgeld f\u00fcr Online Casinos. Boni und Freispiele in 2026.\" \/>\n<meta name=\"robots\" content=\"index, follow, max-snippet:-1, max-image-preview:large, max-video-preview:-1\" \/>\n<link rel=\"canonical\" href=\"https:\/\/www.onlineroulette.tech\/at\/bonus\/\" \/>\n<meta property=\"og:locale\" content=\"de_DE\" \/>\n<meta property=\"og:type\" content=\"article\" \/>\n<meta property=\"og:title\" content=\"Bester Bonus im Online Casino in \u00d6sterreich in 2026\" \/>\n<meta property=\"og:description\" content=\"Spielen Sie mit dem besten Casino Bonus in \u00d6sterreich. Kostenloses Guthaben in Echtgeld f\u00fcr Online Casinos. Boni und Freispiele in 2026.\" \/>\n<meta property=\"og:url\" content=\"https:\/\/www.onlineroulette.tech\/at\/bonus\/\" \/>\n<meta property=\"og:site_name\" content=\"Online Roulette\" \/>\n<meta property=\"article:modified_time\" content=\"2025-11-18T04:41:12+00:00\" \/>\n<meta property=\"og:image\" content=\"https:\/\/www.onlineroulette.tech\/at\/wp-content\/uploads\/2021\/01\/bonus-casino.jpg\" \/>\n\t<meta property=\"og:image:width\" content=\"380\" \/>\n\t<meta property=\"og:image:height\" content=\"228\" \/>\n\t<meta property=\"og:image:type\" content=\"image\/jpeg\" \/>\n<meta name=\"twitter:card\" content=\"summary_large_image\" \/>\n<meta name=\"twitter:label1\" content=\"Gesch\u00e4tzte Lesezeit\" \/>\n\t<meta name=\"twitter:data1\" content=\"6 Minuten\" \/>\n<script type=\"application\/ld+json\" class=\"yoast-schema-graph\">{\"@context\":\"https:\\\/\\\/schema.org\",\"@graph\":[{\"@type\":\"WebPage\",\"@id\":\"https:\\\/\\\/www.onlineroulette.tech\\\/at\\\/bonus\\\/\",\"url\":\"https:\\\/\\\/www.onlineroulette.tech\\\/at\\\/bonus\\\/\",\"name\":\"Bester Bonus im Online Casino in \u00d6sterreich in 2026\",\"isPartOf\":{\"@id\":\"https:\\\/\\\/www.onlineroulette.tech\\\/at\\\/#website\"},\"primaryImageOfPage\":{\"@id\":\"https:\\\/\\\/www.onlineroulette.tech\\\/at\\\/bonus\\\/#primaryimage\"},\"image\":{\"@id\":\"https:\\\/\\\/www.onlineroulette.tech\\\/at\\\/bonus\\\/#primaryimage\"},\"thumbnailUrl\":\"https:\\\/\\\/www.onlineroulette.tech\\\/at\\\/wp-content\\\/uploads\\\/2021\\\/01\\\/bonus-casino.jpg\",\"datePublished\":\"2020-12-24T08:30:36+00:00\",\"dateModified\":\"2025-11-18T04:41:12+00:00\",\"description\":\"Spielen Sie mit dem besten Casino Bonus in \u00d6sterreich. Kostenloses Guthaben in Echtgeld f\u00fcr Online Casinos. Boni und Freispiele in 2026.\",\"breadcrumb\":{\"@id\":\"https:\\\/\\\/www.onlineroulette.tech\\\/at\\\/bonus\\\/#breadcrumb\"},\"inLanguage\":\"de-AT\",\"potentialAction\":[{\"@type\":\"ReadAction\",\"target\":[\"https:\\\/\\\/www.onlineroulette.tech\\\/at\\\/bonus\\\/\"]}]},{\"@type\":\"ImageObject\",\"inLanguage\":\"de-AT\",\"@id\":\"https:\\\/\\\/www.onlineroulette.tech\\\/at\\\/bonus\\\/#primaryimage\",\"url\":\"https:\\\/\\\/www.onlineroulette.tech\\\/at\\\/wp-content\\\/uploads\\\/2021\\\/01\\\/bonus-casino.jpg\",\"contentUrl\":\"https:\\\/\\\/www.onlineroulette.tech\\\/at\\\/wp-content\\\/uploads\\\/2021\\\/01\\\/bonus-casino.jpg\",\"width\":380,\"height\":228,\"caption\":\"Bonus de casino en Autriche\"},{\"@type\":\"BreadcrumbList\",\"@id\":\"https:\\\/\\\/www.onlineroulette.tech\\\/at\\\/bonus\\\/#breadcrumb\",\"itemListElement\":[{\"@type\":\"ListItem\",\"position\":1,\"name\":\"Home\",\"item\":\"https:\\\/\\\/www.onlineroulette.tech\\\/at\\\/\"},{\"@type\":\"ListItem\",\"position\":2,\"name\":\"Bonus\"}]},{\"@type\":\"WebSite\",\"@id\":\"https:\\\/\\\/www.onlineroulette.tech\\\/at\\\/#website\",\"url\":\"https:\\\/\\\/www.onlineroulette.tech\\\/at\\\/\",\"name\":\"Online Roulette\",\"description\":\"Roulette Guide\",\"publisher\":{\"@id\":\"https:\\\/\\\/www.onlineroulette.tech\\\/at\\\/#organization\"},\"potentialAction\":[{\"@type\":\"SearchAction\",\"target\":{\"@type\":\"EntryPoint\",\"urlTemplate\":\"https:\\\/\\\/www.onlineroulette.tech\\\/at\\\/?s={search_term_string}\"},\"query-input\":{\"@type\":\"PropertyValueSpecification\",\"valueRequired\":true,\"valueName\":\"search_term_string\"}}],\"inLanguage\":\"de-AT\"},{\"@type\":\"Organization\",\"@id\":\"https:\\\/\\\/www.onlineroulette.tech\\\/at\\\/#organization\",\"name\":\"Online Roulette\",\"url\":\"https:\\\/\\\/www.onlineroulette.tech\\\/at\\\/\",\"logo\":{\"@type\":\"ImageObject\",\"inLanguage\":\"de-AT\",\"@id\":\"https:\\\/\\\/www.onlineroulette.tech\\\/at\\\/#\\\/schema\\\/logo\\\/image\\\/\",\"url\":\"https:\\\/\\\/www.onlineroulette.tech\\\/at\\\/wp-content\\\/uploads\\\/2022\\\/01\\\/logo.jpg\",\"contentUrl\":\"https:\\\/\\\/www.onlineroulette.tech\\\/at\\\/wp-content\\\/uploads\\\/2022\\\/01\\\/logo.jpg\",\"width\":280,\"height\":115,\"caption\":\"Online Roulette\"},\"image\":{\"@id\":\"https:\\\/\\\/www.onlineroulette.tech\\\/at\\\/#\\\/schema\\\/logo\\\/image\\\/\"}}]}<\/script>\n<!-- \/ Yoast SEO plugin. -->","yoast_head_json":{"title":"Bester Bonus im Online Casino in \u00d6sterreich in 2026","description":"Spielen Sie mit dem besten Casino Bonus in \u00d6sterreich. Kostenloses Guthaben in Echtgeld f\u00fcr Online Casinos. Boni und Freispiele in 2026.","robots":{"index":"index","follow":"follow","max-snippet":"max-snippet:-1","max-image-preview":"max-image-preview:large","max-video-preview":"max-video-preview:-1"},"canonical":"https:\/\/www.onlineroulette.tech\/at\/bonus\/","og_locale":"de_DE","og_type":"article","og_title":"Bester Bonus im Online Casino in \u00d6sterreich in 2026","og_description":"Spielen Sie mit dem besten Casino Bonus in \u00d6sterreich. Kostenloses Guthaben in Echtgeld f\u00fcr Online Casinos. Boni und Freispiele in 2026.","og_url":"https:\/\/www.onlineroulette.tech\/at\/bonus\/","og_site_name":"Online Roulette","article_modified_time":"2025-11-18T04:41:12+00:00","og_image":[{"width":380,"height":228,"url":"https:\/\/www.onlineroulette.tech\/at\/wp-content\/uploads\/2021\/01\/bonus-casino.jpg","type":"image\/jpeg"}],"twitter_card":"summary_large_image","twitter_misc":{"Gesch\u00e4tzte Lesezeit":"6 Minuten"},"schema":{"@context":"https:\/\/schema.org","@graph":[{"@type":"WebPage","@id":"https:\/\/www.onlineroulette.tech\/at\/bonus\/","url":"https:\/\/www.onlineroulette.tech\/at\/bonus\/","name":"Bester Bonus im Online Casino in \u00d6sterreich in 2026","isPartOf":{"@id":"https:\/\/www.onlineroulette.tech\/at\/#website"},"primaryImageOfPage":{"@id":"https:\/\/www.onlineroulette.tech\/at\/bonus\/#primaryimage"},"image":{"@id":"https:\/\/www.onlineroulette.tech\/at\/bonus\/#primaryimage"},"thumbnailUrl":"https:\/\/www.onlineroulette.tech\/at\/wp-content\/uploads\/2021\/01\/bonus-casino.jpg","datePublished":"2020-12-24T08:30:36+00:00","dateModified":"2025-11-18T04:41:12+00:00","description":"Spielen Sie mit dem besten Casino Bonus in \u00d6sterreich. Kostenloses Guthaben in Echtgeld f\u00fcr Online Casinos. Boni und Freispiele in 2026.","breadcrumb":{"@id":"https:\/\/www.onlineroulette.tech\/at\/bonus\/#breadcrumb"},"inLanguage":"de-AT","potentialAction":[{"@type":"ReadAction","target":["https:\/\/www.onlineroulette.tech\/at\/bonus\/"]}]},{"@type":"ImageObject","inLanguage":"de-AT","@id":"https:\/\/www.onlineroulette.tech\/at\/bonus\/#primaryimage","url":"https:\/\/www.onlineroulette.tech\/at\/wp-content\/uploads\/2021\/01\/bonus-casino.jpg","contentUrl":"https:\/\/www.onlineroulette.tech\/at\/wp-content\/uploads\/2021\/01\/bonus-casino.jpg","width":380,"height":228,"caption":"Bonus de casino en Autriche"},{"@type":"BreadcrumbList","@id":"https:\/\/www.onlineroulette.tech\/at\/bonus\/#breadcrumb","itemListElement":[{"@type":"ListItem","position":1,"name":"Home","item":"https:\/\/www.onlineroulette.tech\/at\/"},{"@type":"ListItem","position":2,"name":"Bonus"}]},{"@type":"WebSite","@id":"https:\/\/www.onlineroulette.tech\/at\/#website","url":"https:\/\/www.onlineroulette.tech\/at\/","name":"Online Roulette","description":"Roulette Guide","publisher":{"@id":"https:\/\/www.onlineroulette.tech\/at\/#organization"},"potentialAction":[{"@type":"SearchAction","target":{"@type":"EntryPoint","urlTemplate":"https:\/\/www.onlineroulette.tech\/at\/?s={search_term_string}"},"query-input":{"@type":"PropertyValueSpecification","valueRequired":true,"valueName":"search_term_string"}}],"inLanguage":"de-AT"},{"@type":"Organization","@id":"https:\/\/www.onlineroulette.tech\/at\/#organization","name":"Online Roulette","url":"https:\/\/www.onlineroulette.tech\/at\/","logo":{"@type":"ImageObject","inLanguage":"de-AT","@id":"https:\/\/www.onlineroulette.tech\/at\/#\/schema\/logo\/image\/","url":"https:\/\/www.onlineroulette.tech\/at\/wp-content\/uploads\/2022\/01\/logo.jpg","contentUrl":"https:\/\/www.onlineroulette.tech\/at\/wp-content\/uploads\/2022\/01\/logo.jpg","width":280,"height":115,"caption":"Online Roulette"},"image":{"@id":"https:\/\/www.onlineroulette.tech\/at\/#\/schema\/logo\/image\/"}}]}},"_links":{"self":[{"href":"https:\/\/www.onlineroulette.tech\/at\/wp-json\/wp\/v2\/pages\/654","targetHints":{"allow":["GET"]}}],"collection":[{"href":"https:\/\/www.onlineroulette.tech\/at\/wp-json\/wp\/v2\/pages"}],"about":[{"href":"https:\/\/www.onlineroulette.tech\/at\/wp-json\/wp\/v2\/types\/page"}],"author":[{"embeddable":true,"href":"https:\/\/www.onlineroulette.tech\/at\/wp-json\/wp\/v2\/users\/1"}],"replies":[{"embeddable":true,"href":"https:\/\/www.onlineroulette.tech\/at\/wp-json\/wp\/v2\/comments?post=654"}],"version-history":[{"count":67,"href":"https:\/\/www.onlineroulette.tech\/at\/wp-json\/wp\/v2\/pages\/654\/revisions"}],"predecessor-version":[{"id":2201,"href":"https:\/\/www.onlineroulette.tech\/at\/wp-json\/wp\/v2\/pages\/654\/revisions\/2201"}],"wp:attachment":[{"href":"https:\/\/www.onlineroulette.tech\/at\/wp-json\/wp\/v2\/media?parent=654"}],"curies":[{"name":"wp","href":"https:\/\/api.w.org\/{rel}","templated":true}]}}