{"id":48,"date":"2020-11-26T15:49:23","date_gmt":"2020-11-26T15:49:23","guid":{"rendered":"https:\/\/www.onlineroulette.tech\/at\/?page_id=48"},"modified":"2025-11-18T04:47:48","modified_gmt":"2025-11-18T04:47:48","slug":"uber-uns","status":"publish","type":"page","link":"https:\/\/www.onlineroulette.tech\/at\/uber-uns\/","title":{"rendered":"\u00dcber uns"},"content":{"rendered":"<p>Die Nutzungsbestimmungen der Webseite <strong>Online Roulette Tech<\/strong> umfassen die rechtlichen Aspekte seiner Nutzung. <!--more-->Sie sind Vertrag zwischen dem Webseiten-Eigent\u00fcmer und dem Nutzer. Wenn Sie den Nutzungsbestimmungen nicht zustimmen, m\u00fcssen Sie die Webseite verlassen. Der Webseiten-Eigent\u00fcmer beh\u00e4lt sich das Recht vor, die Webseite jederzeit zu \u00e4ndern.  <\/p>\n<h2 id=rechtliches>Impressum<\/h2>\n<div class=\"su-row\"><div class=\"su-column su-column-size-1-2\"><div class=\"su-column-inner su-u-clearfix su-u-trim\">\nDer Domainname der Webseite geh\u00f6rt:<br \/>\n<img loading=\"lazy\" decoding=\"async\" title=\"Sebastien\" src=\"https:\/\/www.onlineroulette.tech\/at\/wp-content\/uploads\/2021\/02\/sf.jpg\" alt=\"Sebastien\" width=\"300\" height=\"140\" class=\"alignnone size-full wp-image-1146\" \/><br \/>\n<\/div><\/div>\n<div class=\"su-column su-column-size-1-2\"><div class=\"su-column-inner su-u-clearfix su-u-trim\">\nDie Seiten der Webseite befinden sich physisch in D\u00e4nemark. Sie werden von <a title=\"One.com\" href=\"https:\/\/www.one.com\/de\/\" target=\"_blank\" rel=\"noopener\">One.com<\/a> beherbergt.<\/p>\n<p>Die Webseite Online Roulette Tech ist auf <a title=\"\u00d6sterreich\" href=\"https:\/\/www.bundeskanzleramt.gv.at\" target=\"_blank\" rel=\"noopener\">\u00d6sterreich<\/a> ausgerichtet. Sie haben nicht Wohnsitz in diesem Land? In diesem Fall bitten wir Sie, die Webseite zu verlassen. Von einem rechtlichen Standpunkt aus betrachtet k\u00f6nnen wir nicht versichern, dass die Seiten der Webseite in anderen L\u00e4ndern anerkannt werden. <\/p>\n<p>Der Webmaster der Webseite kann per E-Mail kontaktiert werden. Er kann keine Auskunft im Namen der Casino Webseiten geben, die auf Online Roulette Tech aufgef\u00fchrt werden.<br \/>\n<\/div><\/div><\/div>\n<h2>Cookies und Schutz der Privatsph\u00e4re<\/h2>\n<p>Wir benutzen auf der Gesamtheit der Webseite keine Cookies. Weiter verwenden wir keine Eingabeformulare. Wenn Sie uns eine Nachricht senden, werden Ihre pers\u00f6nlichen Daten vertraulich behandelt.<\/p>\n<h2>Zugang zu den Webseite-Inhalten<\/h2>\n<p>Online Roulette Tech erm\u00e4chtigt den Nutzer zu einem kostenlosen Zugang zu s\u00e4mtlichen Ver\u00f6ffentlichungen und Bildern der Webseite-Seiten. Es werden keine Geb\u00fchren erhoben. Jede Seite und jeder Artikel kann gratis eingesehen werden. <\/p>\n<h2>Urheberrecht<\/h2>\n<p>Die Marken, Logos und s\u00e4mtliche andere Webseite-Inhalte werden durch das Urheberrecht gesch\u00fctzt. Der Nutzer ist gehalten, zwecks Vervielf\u00e4ltigung von Teilen oder des gesamten Inhaltes dieser Webseite eine vorg\u00e4ngige Genehmigung einzuholen.  <\/p>\n<h2>H\u00f6here Gewalt<\/h2>\n<p>Die auf Online Roulette Tech ver\u00f6ffentlichen Informationen sind vertrauensw\u00fcrdig. Der Webseiten-Eigent\u00fcmer schlie\u00dft jedoch jegliche Haftungsanspr\u00fcche aus. Die publizierten Informationen dienen ausschlie\u00dflich informativen Zwecken. Jeder Webseiten-Nutzer \u00fcbernimmt selbst die Verantwortung. Im Fall von h\u00f6herer Gewalt kann die Webseite nicht haftbar gemacht werden.  <\/p>\n<h2>Hyperlinks<\/h2>\n<p>Der Webseiten-Eigent\u00fcmer kann f\u00fcr die auf Online Roulette Tech vorhandenen ausgehenden Links nicht haftbar gemacht werden. Gem\u00e4\u00df den gesetzlichen Bestimmungen informiert Sie der Eigent\u00fcmer des Domainnamens, dass die ausgehenden Links auf dieser Seite mit Online-Handel verkn\u00fcpft sind. Wenn Sie sich als Nutzer auf einer dieser Webseiten anmelden, kann der Eigent\u00fcmer von <a title=\"Online Roulette Tech\" href=\"https:\/\/www.onlineroulette.tech\/at\/\">Online Roulette Tech<\/a> eine Verg\u00fctung erhalten.<\/p>\n<h2>Dauer<\/h2>\n<p>Der vorliegende Vertrag ist auf unbeschr\u00e4nkte Zeit g\u00fcltig. Der Vertrag wird mit Nutzung seiner angebotenen Dienstleistungen wirksam. Wenn Sie das legale <a title=\"Mindestalter\" href=\"https:\/\/www.onlineroulette.tech\/at\/faq\/#18\">Mindestalter<\/a> noch nicht erreicht haben oder spiels\u00fcchtig sind, m\u00fcssen Sie die Webseite Online Roulette Tech unverz\u00fcglich verlassen.<\/p>\n<h2>Verantwortungsvolles Spielen<\/h2>\n<p>Sind Sie gl\u00fccksspiels\u00fcchtig? In diesem Fall k\u00f6nnten Sie in eine sehr schwierige Situation geraten. Setzen Sie beim Spielen in einem Online Casino nie mehr Geld, als ihr Budget es zul\u00e4sst und verschulden Sie sich nicht.<\/p>\n<h2>Spielsucht<\/h2>\n<p>Spielsuchtgef\u00e4hrdeten Spielern empfehlen wir nicht, auf einer Online Casino Webseite Geld zu wetten. Wenn Sie denken, zur Spielsucht zu neigen, sollten Sie so schnell wie m\u00f6glich Hilfe suchen. In \u00d6sterreich gibt es Institutionen, die Sie kostenlos und vertraulich beraten k\u00f6nnen.<\/p>\n","protected":false},"excerpt":{"rendered":"<p>Die Nutzungsbestimmungen der Webseite Online Roulette Tech umfassen die rechtlichen Aspekte seiner Nutzung.<\/p>\n","protected":false},"author":1,"featured_media":0,"parent":0,"menu_order":0,"comment_status":"closed","ping_status":"closed","template":"template-fullwidth.php","meta":{"footnotes":""},"class_list":["post-48","page","type-page","status-publish","hentry"],"yoast_head":"<!-- This site is optimized with the Yoast SEO plugin v27.5 - https:\/\/yoast.com\/product\/yoast-seo-wordpress\/ -->\n<title>\u00dcber uns \u2013 Rechtliche Informationen bei Online Roulette Tech<\/title>\n<meta name=\"description\" content=\"Impressum unserer Webseite in \u00d6sterreich. Online Gl\u00fcckspielen und Achtung der Privatsph\u00e4re gem\u00e4\u00df den rechtlichen Bestimmungen.\" \/>\n<meta name=\"robots\" content=\"index, follow, max-snippet:-1, max-image-preview:large, max-video-preview:-1\" \/>\n<link rel=\"canonical\" href=\"https:\/\/www.onlineroulette.tech\/at\/uber-uns\/\" \/>\n<meta property=\"og:locale\" content=\"de_DE\" \/>\n<meta property=\"og:type\" content=\"article\" \/>\n<meta property=\"og:title\" content=\"\u00dcber uns \u2013 Rechtliche Informationen bei Online Roulette Tech\" \/>\n<meta property=\"og:description\" content=\"Impressum unserer Webseite in \u00d6sterreich. Online Gl\u00fcckspielen und Achtung der Privatsph\u00e4re gem\u00e4\u00df den rechtlichen Bestimmungen.\" \/>\n<meta property=\"og:url\" content=\"https:\/\/www.onlineroulette.tech\/at\/uber-uns\/\" \/>\n<meta property=\"og:site_name\" content=\"Online Roulette\" \/>\n<meta property=\"article:modified_time\" content=\"2025-11-18T04:47:48+00:00\" \/>\n<meta property=\"og:image\" content=\"https:\/\/www.onlineroulette.tech\/at\/wp-content\/uploads\/2021\/02\/sf.jpg\" \/>\n\t<meta property=\"og:image:width\" content=\"300\" \/>\n\t<meta property=\"og:image:height\" content=\"140\" \/>\n\t<meta property=\"og:image:type\" content=\"image\/jpeg\" \/>\n<meta name=\"twitter:card\" content=\"summary_large_image\" \/>\n<meta name=\"twitter:label1\" content=\"Gesch\u00e4tzte Lesezeit\" \/>\n\t<meta name=\"twitter:data1\" content=\"3 Minuten\" \/>\n<script type=\"application\/ld+json\" class=\"yoast-schema-graph\">{\"@context\":\"https:\\\/\\\/schema.org\",\"@graph\":[{\"@type\":\"WebPage\",\"@id\":\"https:\\\/\\\/www.onlineroulette.tech\\\/at\\\/uber-uns\\\/\",\"url\":\"https:\\\/\\\/www.onlineroulette.tech\\\/at\\\/uber-uns\\\/\",\"name\":\"\u00dcber uns \u2013 Rechtliche Informationen bei Online Roulette Tech\",\"isPartOf\":{\"@id\":\"https:\\\/\\\/www.onlineroulette.tech\\\/at\\\/#website\"},\"primaryImageOfPage\":{\"@id\":\"https:\\\/\\\/www.onlineroulette.tech\\\/at\\\/uber-uns\\\/#primaryimage\"},\"image\":{\"@id\":\"https:\\\/\\\/www.onlineroulette.tech\\\/at\\\/uber-uns\\\/#primaryimage\"},\"thumbnailUrl\":\"https:\\\/\\\/www.onlineroulette.tech\\\/at\\\/wp-content\\\/uploads\\\/2021\\\/02\\\/sf.jpg\",\"datePublished\":\"2020-11-26T15:49:23+00:00\",\"dateModified\":\"2025-11-18T04:47:48+00:00\",\"description\":\"Impressum unserer Webseite in \u00d6sterreich. Online Gl\u00fcckspielen und Achtung der Privatsph\u00e4re gem\u00e4\u00df den rechtlichen Bestimmungen.\",\"breadcrumb\":{\"@id\":\"https:\\\/\\\/www.onlineroulette.tech\\\/at\\\/uber-uns\\\/#breadcrumb\"},\"inLanguage\":\"de-AT\",\"potentialAction\":[{\"@type\":\"ReadAction\",\"target\":[\"https:\\\/\\\/www.onlineroulette.tech\\\/at\\\/uber-uns\\\/\"]}]},{\"@type\":\"ImageObject\",\"inLanguage\":\"de-AT\",\"@id\":\"https:\\\/\\\/www.onlineroulette.tech\\\/at\\\/uber-uns\\\/#primaryimage\",\"url\":\"https:\\\/\\\/www.onlineroulette.tech\\\/at\\\/wp-content\\\/uploads\\\/2021\\\/02\\\/sf.jpg\",\"contentUrl\":\"https:\\\/\\\/www.onlineroulette.tech\\\/at\\\/wp-content\\\/uploads\\\/2021\\\/02\\\/sf.jpg\",\"width\":300,\"height\":140,\"caption\":\"Sebastien\"},{\"@type\":\"BreadcrumbList\",\"@id\":\"https:\\\/\\\/www.onlineroulette.tech\\\/at\\\/uber-uns\\\/#breadcrumb\",\"itemListElement\":[{\"@type\":\"ListItem\",\"position\":1,\"name\":\"Home\",\"item\":\"https:\\\/\\\/www.onlineroulette.tech\\\/at\\\/\"},{\"@type\":\"ListItem\",\"position\":2,\"name\":\"\u00dcber uns\"}]},{\"@type\":\"WebSite\",\"@id\":\"https:\\\/\\\/www.onlineroulette.tech\\\/at\\\/#website\",\"url\":\"https:\\\/\\\/www.onlineroulette.tech\\\/at\\\/\",\"name\":\"Online Roulette\",\"description\":\"Roulette Guide\",\"publisher\":{\"@id\":\"https:\\\/\\\/www.onlineroulette.tech\\\/at\\\/#organization\"},\"potentialAction\":[{\"@type\":\"SearchAction\",\"target\":{\"@type\":\"EntryPoint\",\"urlTemplate\":\"https:\\\/\\\/www.onlineroulette.tech\\\/at\\\/?s={search_term_string}\"},\"query-input\":{\"@type\":\"PropertyValueSpecification\",\"valueRequired\":true,\"valueName\":\"search_term_string\"}}],\"inLanguage\":\"de-AT\"},{\"@type\":\"Organization\",\"@id\":\"https:\\\/\\\/www.onlineroulette.tech\\\/at\\\/#organization\",\"name\":\"Online Roulette\",\"url\":\"https:\\\/\\\/www.onlineroulette.tech\\\/at\\\/\",\"logo\":{\"@type\":\"ImageObject\",\"inLanguage\":\"de-AT\",\"@id\":\"https:\\\/\\\/www.onlineroulette.tech\\\/at\\\/#\\\/schema\\\/logo\\\/image\\\/\",\"url\":\"https:\\\/\\\/www.onlineroulette.tech\\\/at\\\/wp-content\\\/uploads\\\/2022\\\/01\\\/logo.jpg\",\"contentUrl\":\"https:\\\/\\\/www.onlineroulette.tech\\\/at\\\/wp-content\\\/uploads\\\/2022\\\/01\\\/logo.jpg\",\"width\":280,\"height\":115,\"caption\":\"Online Roulette\"},\"image\":{\"@id\":\"https:\\\/\\\/www.onlineroulette.tech\\\/at\\\/#\\\/schema\\\/logo\\\/image\\\/\"}}]}<\/script>\n<!-- \/ Yoast SEO plugin. -->","yoast_head_json":{"title":"\u00dcber uns \u2013 Rechtliche Informationen bei Online Roulette Tech","description":"Impressum unserer Webseite in \u00d6sterreich. Online Gl\u00fcckspielen und Achtung der Privatsph\u00e4re gem\u00e4\u00df den rechtlichen Bestimmungen.","robots":{"index":"index","follow":"follow","max-snippet":"max-snippet:-1","max-image-preview":"max-image-preview:large","max-video-preview":"max-video-preview:-1"},"canonical":"https:\/\/www.onlineroulette.tech\/at\/uber-uns\/","og_locale":"de_DE","og_type":"article","og_title":"\u00dcber uns \u2013 Rechtliche Informationen bei Online Roulette Tech","og_description":"Impressum unserer Webseite in \u00d6sterreich. Online Gl\u00fcckspielen und Achtung der Privatsph\u00e4re gem\u00e4\u00df den rechtlichen Bestimmungen.","og_url":"https:\/\/www.onlineroulette.tech\/at\/uber-uns\/","og_site_name":"Online Roulette","article_modified_time":"2025-11-18T04:47:48+00:00","og_image":[{"width":300,"height":140,"url":"https:\/\/www.onlineroulette.tech\/at\/wp-content\/uploads\/2021\/02\/sf.jpg","type":"image\/jpeg"}],"twitter_card":"summary_large_image","twitter_misc":{"Gesch\u00e4tzte Lesezeit":"3 Minuten"},"schema":{"@context":"https:\/\/schema.org","@graph":[{"@type":"WebPage","@id":"https:\/\/www.onlineroulette.tech\/at\/uber-uns\/","url":"https:\/\/www.onlineroulette.tech\/at\/uber-uns\/","name":"\u00dcber uns \u2013 Rechtliche Informationen bei Online Roulette Tech","isPartOf":{"@id":"https:\/\/www.onlineroulette.tech\/at\/#website"},"primaryImageOfPage":{"@id":"https:\/\/www.onlineroulette.tech\/at\/uber-uns\/#primaryimage"},"image":{"@id":"https:\/\/www.onlineroulette.tech\/at\/uber-uns\/#primaryimage"},"thumbnailUrl":"https:\/\/www.onlineroulette.tech\/at\/wp-content\/uploads\/2021\/02\/sf.jpg","datePublished":"2020-11-26T15:49:23+00:00","dateModified":"2025-11-18T04:47:48+00:00","description":"Impressum unserer Webseite in \u00d6sterreich. Online Gl\u00fcckspielen und Achtung der Privatsph\u00e4re gem\u00e4\u00df den rechtlichen Bestimmungen.","breadcrumb":{"@id":"https:\/\/www.onlineroulette.tech\/at\/uber-uns\/#breadcrumb"},"inLanguage":"de-AT","potentialAction":[{"@type":"ReadAction","target":["https:\/\/www.onlineroulette.tech\/at\/uber-uns\/"]}]},{"@type":"ImageObject","inLanguage":"de-AT","@id":"https:\/\/www.onlineroulette.tech\/at\/uber-uns\/#primaryimage","url":"https:\/\/www.onlineroulette.tech\/at\/wp-content\/uploads\/2021\/02\/sf.jpg","contentUrl":"https:\/\/www.onlineroulette.tech\/at\/wp-content\/uploads\/2021\/02\/sf.jpg","width":300,"height":140,"caption":"Sebastien"},{"@type":"BreadcrumbList","@id":"https:\/\/www.onlineroulette.tech\/at\/uber-uns\/#breadcrumb","itemListElement":[{"@type":"ListItem","position":1,"name":"Home","item":"https:\/\/www.onlineroulette.tech\/at\/"},{"@type":"ListItem","position":2,"name":"\u00dcber uns"}]},{"@type":"WebSite","@id":"https:\/\/www.onlineroulette.tech\/at\/#website","url":"https:\/\/www.onlineroulette.tech\/at\/","name":"Online Roulette","description":"Roulette Guide","publisher":{"@id":"https:\/\/www.onlineroulette.tech\/at\/#organization"},"potentialAction":[{"@type":"SearchAction","target":{"@type":"EntryPoint","urlTemplate":"https:\/\/www.onlineroulette.tech\/at\/?s={search_term_string}"},"query-input":{"@type":"PropertyValueSpecification","valueRequired":true,"valueName":"search_term_string"}}],"inLanguage":"de-AT"},{"@type":"Organization","@id":"https:\/\/www.onlineroulette.tech\/at\/#organization","name":"Online Roulette","url":"https:\/\/www.onlineroulette.tech\/at\/","logo":{"@type":"ImageObject","inLanguage":"de-AT","@id":"https:\/\/www.onlineroulette.tech\/at\/#\/schema\/logo\/image\/","url":"https:\/\/www.onlineroulette.tech\/at\/wp-content\/uploads\/2022\/01\/logo.jpg","contentUrl":"https:\/\/www.onlineroulette.tech\/at\/wp-content\/uploads\/2022\/01\/logo.jpg","width":280,"height":115,"caption":"Online Roulette"},"image":{"@id":"https:\/\/www.onlineroulette.tech\/at\/#\/schema\/logo\/image\/"}}]}},"_links":{"self":[{"href":"https:\/\/www.onlineroulette.tech\/at\/wp-json\/wp\/v2\/pages\/48","targetHints":{"allow":["GET"]}}],"collection":[{"href":"https:\/\/www.onlineroulette.tech\/at\/wp-json\/wp\/v2\/pages"}],"about":[{"href":"https:\/\/www.onlineroulette.tech\/at\/wp-json\/wp\/v2\/types\/page"}],"author":[{"embeddable":true,"href":"https:\/\/www.onlineroulette.tech\/at\/wp-json\/wp\/v2\/users\/1"}],"replies":[{"embeddable":true,"href":"https:\/\/www.onlineroulette.tech\/at\/wp-json\/wp\/v2\/comments?post=48"}],"version-history":[{"count":11,"href":"https:\/\/www.onlineroulette.tech\/at\/wp-json\/wp\/v2\/pages\/48\/revisions"}],"predecessor-version":[{"id":2220,"href":"https:\/\/www.onlineroulette.tech\/at\/wp-json\/wp\/v2\/pages\/48\/revisions\/2220"}],"wp:attachment":[{"href":"https:\/\/www.onlineroulette.tech\/at\/wp-json\/wp\/v2\/media?parent=48"}],"curies":[{"name":"wp","href":"https:\/\/api.w.org\/{rel}","templated":true}]}}