{"id":44,"date":"2020-11-26T15:48:35","date_gmt":"2020-11-26T15:48:35","guid":{"rendered":"https:\/\/www.onlineroulette.tech\/at\/?page_id=44"},"modified":"2025-11-18T04:46:12","modified_gmt":"2025-11-18T04:46:12","slug":"software","status":"publish","type":"page","link":"https:\/\/www.onlineroulette.tech\/at\/software\/","title":{"rendered":"Software"},"content":{"rendered":"<p>Im Internet gibt es fast hundert Roulette-Softwareprodukte. <!--more-->Davon sind <strong>nur drei Programme \u00fcberzeugend<\/strong>: die Labels Evolution Gaming, Microgaming und Switch Studios. Diese Software wird in den Online-Casino-Spielhallen verwendet. Einer der Vorteile dieser Casino-Websites: Ihr k\u00f6nnt eine <strong>Demoversion spielen<\/strong>. Statt mit Echtgeld zu setzen, spielt ihr mit fiktiven Jetons \u2013 eine gute M\u00f6glichkeit, Roulette zu lernen! Wollt ihr lieber mit echtem Geld spielen und richtig wetten? Dann steht euch nichts im Weg. Und ihr k\u00f6nnt euch zudem einen Bonus sichern.<\/p>\n<h2>#1. MICROGAMING (GAMES GLOBAL)<\/h2>\n<div class=\"su-row\"><div class=\"su-column su-column-size-3-5\"><div class=\"su-column-inner su-u-clearfix su-u-trim\">Mit seiner Tochtergesellschaft <strong>On Air Entertainment<\/strong> ist der Software-Hersteller Microgaming weltweit die Nr. 1 unter den Online-Roulette-Anbietern. Microgaming stellt seine Software den Partner-Casinos zur Verf\u00fcgung. Eine der bekanntesten Microgaming-Websites ist <strong>Casino Action<\/strong>. Seid ihr auf der Suche nach American Roulette oder europ\u00e4ischem Roulette, werdet ihr auf dieser Casino-Seite f\u00fcndig. Gespielt werden kann dort mit Instant-Play-Spielen oder per Live-Streaming. Microgaming ist seit 1994 aktiv und war das erste Unternehmen der Welt, das in den Bereich der Online-Casino-Spiele eingestiegen ist.<\/p>\n<p>Neue Mitglieder werden in der Casino-Action-Spielhalle geb\u00fchrend empfangen: Es kann ein kostenloser Willkommensbonus von bis zu 1250 \u20ac abgeholt werden! Das ist eines der besten <a title=\"Willkommensangebote\" href=\"https:\/\/www.onlineroulette.tech\/at\/bonus\/\">Willkommensangebote<\/a>, die man im Internet finden kann. Ein guter Grund, sein Gl\u00fcck zu versuchen, oder?<\/p>\n<\/div><\/div>\n<div class=\"su-column su-column-size-2-5 colc\"><div class=\"su-column-inner su-u-clearfix su-u-trim\">\n<a class=\"top\" title=\"Casino Action\" href=\"https:\/\/www.casinoaction.com\/de-at\/\" rel=\"noopener\" target=\"_blank\"><img loading=\"lazy\" decoding=\"async\" title=\"Online Casino Microgaming\" src=\"https:\/\/www.onlineroulette.tech\/at\/wp-content\/uploads\/2021\/01\/casino-software.jpg\" alt=\"Online Casino Microgaming\" width=\"450\" height=\"253\" class=\"alignnone size-full wp-image-1136\" srcset=\"https:\/\/www.onlineroulette.tech\/at\/wp-content\/uploads\/2021\/01\/casino-software.jpg 450w, https:\/\/www.onlineroulette.tech\/at\/wp-content\/uploads\/2021\/01\/casino-software-300x169.jpg 300w\" sizes=\"auto, (max-width: 450px) 100vw, 450px\" \/><br \/>\nBEI CASINO ACTION SPIELEN<\/a><br \/>\n\n<\/div><\/div><\/div>\n<div class=\"su-divider su-divider-style-dotted\" style=\"margin:30px 0;border-width:3px;border-color:#6c1616\"><\/div>\n<h2>#2. SWITCH STUDIOS<\/h2>\n<div class=\"su-row\"><div class=\"su-column su-column-size-3-5\"><div class=\"su-column-inner su-u-clearfix su-u-trim\">Die Spiele von Switch Studios sind in Bezug auf die Grafik am besten gelungen. Jedes Tischspiel des Herausgebers verf\u00fcgt \u00fcber Spieloptionen, die auf jedem Ger\u00e4t einfach zu bedienen sind. Dank der Instant-Play-Technologie k\u00f6nnt ihr die Roulette-Spiele von Switch Studios direkt in euren Webbrowsern spielen \u2013 eine App ist nicht n\u00f6tig. Mit einigen Titeln des Spieleherausgebers lassen sich riesige Jackpots gewinnen, insbesondere bei dem Spiel <a title=\"Mega Moolah Roulette\" href=\"https:\/\/www.onlineroulette.tech\/at\/mega-moolah-roulette\/\">Mega Moolah Roulette<\/a>.<\/p>\n<p>Um auf das gesamte Angebot von Switch Studios zugreifen zu k\u00f6nnen, ist die Webseite <strong>Luxury Casino<\/strong> eine gute Wahl. Die Spielhalle ist seit den 2000er Jahren online und geh\u00f6rt unter den \u00f6sterreichischen Spielern, die online zocken, zu den Favoriten.<\/p>\n<\/div><\/div>\n<div class=\"su-column su-column-size-2-5 colc\"><div class=\"su-column-inner su-u-clearfix su-u-trim\">\n<a class=\"top\" title=\"Luxury Casino\" href=\"https:\/\/luxury.casino\/de-at\/\" rel=\"noopener\" target=\"_blank\"><img loading=\"lazy\" decoding=\"async\" title=\"Luxury Casino Switch Studios\" src=\"https:\/\/www.onlineroulette.tech\/at\/wp-content\/uploads\/2023\/04\/luxury-studios.jpg\" alt=\"Luxury Casino Switch Studios\" width=\"450\" height=\"253\" class=\"alignnone size-full wp-image-1861\" srcset=\"https:\/\/www.onlineroulette.tech\/at\/wp-content\/uploads\/2023\/04\/luxury-studios.jpg 450w, https:\/\/www.onlineroulette.tech\/at\/wp-content\/uploads\/2023\/04\/luxury-studios-300x169.jpg 300w\" sizes=\"auto, (max-width: 450px) 100vw, 450px\" \/><br \/>\nBEI LUXURY CASINO SPIELEN<\/a><br \/>\n\n<\/div><\/div><\/div>\n<div class=\"su-divider su-divider-style-dotted\" style=\"margin:30px 0;border-width:3px;border-color:#6c1616\"><\/div>\n<h2>#3. EVOLUTION GAMING<\/h2>\n<div class=\"su-row\"><div class=\"su-column su-column-size-3-5\"><div class=\"su-column-inner su-u-clearfix su-u-trim\">Im Bereich <strong>Live-Spiele mit einem Dealer<\/strong> ist die Gruppe Evolution Gaming am aktivsten. Ihr schlagendes Argument: Das Unternehmen bringt euch das Spielerlebnis direkt ins Wohnzimmer! Evolution Gaming ist in \u00fcber zwanzig L\u00e4ndern vertreten und hat als <strong>Anbieter der gr\u00f6\u00dften Live-Streaming-Spiels\u00e4le<\/strong> eindeutig die Nase vorn. Roulette k\u00f6nnt ihr in all seinen Varianten spielen. Das gleiche gilt f\u00fcr Black Jack und Baccarat. Das Spielangebot der Gruppe Evolution Gaming findet ihr in unserem Guide in der Rubrik Casino-Webseiten.<\/p>\n<p>Die Spieltische in den Evolution-Gaming-S\u00e4len sind unglaublich \u2013 es f\u00fchlt sich an, als w\u00fcrde man in den sch\u00f6nsten Spiels\u00e4len in Las Vegas spielen! Es gibt mehrere Dutzend Roulette-Tische, an denen immer etwas los ist! Die Evolution Gaming-Webseite mit der <strong>\u00fcberzeugendsten Grafik<\/strong> ist Villento Casino.<\/p>\n<\/div><\/div>\n<div class=\"su-column su-column-size-2-5 colc\"><div class=\"su-column-inner su-u-clearfix su-u-trim\">\n<a class=\"top\" title=\"Villento Casino\" href=\"https:\/\/www.villento.com\/de-at\/\" rel=\"noopener\" target=\"_blank\"><img loading=\"lazy\" decoding=\"async\" title=\"Roulette Software bei Villento Casino\" src=\"https:\/\/www.onlineroulette.tech\/at\/wp-content\/uploads\/2021\/01\/roulette-villento.jpg\" alt=\"Roulette Software bei Villento Casino\" width=\"450\" height=\"253\" class=\"alignnone size-full wp-image-1138\" srcset=\"https:\/\/www.onlineroulette.tech\/at\/wp-content\/uploads\/2021\/01\/roulette-villento.jpg 450w, https:\/\/www.onlineroulette.tech\/at\/wp-content\/uploads\/2021\/01\/roulette-villento-300x169.jpg 300w\" sizes=\"auto, (max-width: 450px) 100vw, 450px\" \/><br \/>\nBEI VILLENTO CASINO SPIELEN<\/a><br \/>\n\n<\/div><\/div><\/div>\n<div class=\"su-divider su-divider-style-dotted\" style=\"margin:30px 0;border-width:3px;border-color:#6c1616\"><\/div>\n<h2>PC Software<\/h2>\n<p>Die Online-Casino-Websites bieten Softwareprogramme zum Downloaden und zur Installation auf dem Computer an. F\u00fcr euch haben die kleinen, aber feinen Details Priorit\u00e4t? Dann empfehlen wir euch den <strong>Download<\/strong>. Egal, ob ihr Roulette, Black Jack oder Spielautomaten-Fan seid \u2013 eine Casino-Software verk\u00fcrzt die Reaktionszeit der Online-Spiele. Zudem ist es damit <strong>viel einfacher, die Wetteins\u00e4tze zu t\u00e4tigen<\/strong>. Warum? Die Spiele werden im Vergleich zu denen auf Mobilger\u00e4ten gr\u00f6\u00dfer angezeigt. Damit gibt es kein Risiko, dass ihr beim Bedienen des Spiels einen Fehler macht!<\/p>\n<p>Unter den Online-Casino-Anbietern stechen zwei Webseiten hervor: Casino Action und <a title=\"Luxury Casino\" href=\"https:\/\/www.onlineroulette.tech\/at\/seriose-casino\/luxury\/\">Luxury Casino<\/a> haben die <strong>\u00fcberzeugendste Software zum Downloaden<\/strong>. Sie geh\u00f6ren zu Microgaming und sind in jeder Hinsicht perfekt.<\/p>\n<h2>Mac Software<\/h2>\n<p>Auf einem Mac sind die M\u00f6glichkeiten beschr\u00e4nkt. <strong>Mac-Nutzer m\u00fcssen sich mit den Instant-Play-Roulette-Spielen zufriedengeben.<\/strong> Es gibt kein vertrauensw\u00fcrdiges Online-Casino, das auf einem Mac-Ger\u00e4t installiert werden kann. Aber keine Sorge! Viele Casino-Websites sind dank der Instant-Play-Spiele trotzdem Mac-freundlich. Von Luxury Casino haben wir weiter oben in diesem Artikel gesprochen. Dieser Online-Casino-Anbieter geh\u00f6rt zu denjenigen, die <strong>gut auf Mac funktionieren<\/strong>. F\u00fcr Kenner keine \u00dcberraschung \u2013 Luxury Casino halt!<\/p>\n<h2>Software f\u00fcrs Handy und Tablet<\/h2>\n<p>Auf den Mobilger\u00e4ten gibt es zwei M\u00f6glichkeiten zu spielen: <strong>im Browser oder mit einer App<\/strong>. Mit den Apps haut einen die Auswahl nicht um. Je nachdem, in welchem Land ihr wohnt, findet ihr vielleicht nicht einmal eine App eines vertrauensw\u00fcrdigen Casino-Anbieters. Woran das liegt? Einige Staaten verbieten es den Casino-Betreibern, auf ihrem Gebiet t\u00e4tig zu werden. Seid ihr App-Fans? Dann macht euch am besten auf euren liebsten Plattformen auf die Suche. Alles in allem seid ihr <strong>auf einem Smartphone oder Tablet mit einem Instant-Play-Online-Casino am besten bedient<\/strong>. Unsere Empfehlung f\u00fcr das Zocken in einem Online-Casino. Zudem sind die gelungensten mobilen Casino-Seiten auf den Pixel genau kalibriert.<\/p>\n<h2>Games Global<\/h2>\n<p>Seit 2022 werden die Spiele von Microgaming \u00fcber <strong>Games Global<\/strong> bereitgestellt, nachdem es einen strategischen Wandel in der Online-Gaming-Branche gegeben hat. Dieser Schritt wurde unternommen, um Microgaming zu erm\u00f6glichen, sich auf die Entwicklung seiner Kerntechnologie und Plattformen zu konzentrieren, w\u00e4hrend Games Global die Rolle der Distribution des umfangreichen Spielekatalogs von Microgaming \u00fcbernimmt. Der \u00dcbergang erm\u00f6glicht es beiden Unternehmen, ihre St\u00e4rken zu nutzen \u2013 das reichhaltige Spieleportfolio von Microgaming und die Vertriebsexpertise von Games Global \u2013 und sorgt so f\u00fcr weiteres Wachstum und Innovation im Bereich der Online-Casinos.<\/p>\n","protected":false},"excerpt":{"rendered":"<p>Im Internet gibt es fast hundert Roulette-Softwareprodukte.<\/p>\n","protected":false},"author":1,"featured_media":0,"parent":0,"menu_order":0,"comment_status":"closed","ping_status":"closed","template":"template-fullwidth.php","meta":{"footnotes":""},"class_list":["post-44","page","type-page","status-publish","hentry"],"yoast_head":"<!-- This site is optimized with the Yoast SEO plugin v27.4 - https:\/\/yoast.com\/product\/yoast-seo-wordpress\/ -->\n<title>Roulette Software f\u00fcr PC und Mobilger\u00e4te<\/title>\n<meta name=\"description\" content=\"Die beste Software, um Roulette auf dem PC und Handy zu spielen. Drei Marken werden empfohlen. Gratisspiele oder mit Echtgeld spielen.\" \/>\n<meta name=\"robots\" content=\"index, follow, max-snippet:-1, max-image-preview:large, max-video-preview:-1\" \/>\n<link rel=\"canonical\" href=\"https:\/\/www.onlineroulette.tech\/at\/software\/\" \/>\n<meta property=\"og:locale\" content=\"de_DE\" \/>\n<meta property=\"og:type\" content=\"article\" \/>\n<meta property=\"og:title\" content=\"Roulette Software f\u00fcr PC und Mobilger\u00e4te\" \/>\n<meta property=\"og:description\" content=\"Die beste Software, um Roulette auf dem PC und Handy zu spielen. Drei Marken werden empfohlen. Gratisspiele oder mit Echtgeld spielen.\" \/>\n<meta property=\"og:url\" content=\"https:\/\/www.onlineroulette.tech\/at\/software\/\" \/>\n<meta property=\"og:site_name\" content=\"Online Roulette\" \/>\n<meta property=\"article:modified_time\" content=\"2025-11-18T04:46:12+00:00\" \/>\n<meta property=\"og:image\" content=\"https:\/\/www.onlineroulette.tech\/at\/wp-content\/uploads\/2021\/01\/casino-software.jpg\" \/>\n\t<meta property=\"og:image:width\" content=\"450\" \/>\n\t<meta property=\"og:image:height\" content=\"253\" \/>\n\t<meta property=\"og:image:type\" content=\"image\/jpeg\" \/>\n<meta name=\"twitter:card\" content=\"summary_large_image\" \/>\n<meta name=\"twitter:label1\" content=\"Gesch\u00e4tzte Lesezeit\" \/>\n\t<meta name=\"twitter:data1\" content=\"7 Minuten\" \/>\n<script type=\"application\/ld+json\" class=\"yoast-schema-graph\">{\"@context\":\"https:\\\/\\\/schema.org\",\"@graph\":[{\"@type\":\"WebPage\",\"@id\":\"https:\\\/\\\/www.onlineroulette.tech\\\/at\\\/software\\\/\",\"url\":\"https:\\\/\\\/www.onlineroulette.tech\\\/at\\\/software\\\/\",\"name\":\"Roulette Software f\u00fcr PC und Mobilger\u00e4te\",\"isPartOf\":{\"@id\":\"https:\\\/\\\/www.onlineroulette.tech\\\/at\\\/#website\"},\"primaryImageOfPage\":{\"@id\":\"https:\\\/\\\/www.onlineroulette.tech\\\/at\\\/software\\\/#primaryimage\"},\"image\":{\"@id\":\"https:\\\/\\\/www.onlineroulette.tech\\\/at\\\/software\\\/#primaryimage\"},\"thumbnailUrl\":\"https:\\\/\\\/www.onlineroulette.tech\\\/at\\\/wp-content\\\/uploads\\\/2021\\\/01\\\/casino-software.jpg\",\"datePublished\":\"2020-11-26T15:48:35+00:00\",\"dateModified\":\"2025-11-18T04:46:12+00:00\",\"description\":\"Die beste Software, um Roulette auf dem PC und Handy zu spielen. Drei Marken werden empfohlen. Gratisspiele oder mit Echtgeld spielen.\",\"breadcrumb\":{\"@id\":\"https:\\\/\\\/www.onlineroulette.tech\\\/at\\\/software\\\/#breadcrumb\"},\"inLanguage\":\"de-AT\",\"potentialAction\":[{\"@type\":\"ReadAction\",\"target\":[\"https:\\\/\\\/www.onlineroulette.tech\\\/at\\\/software\\\/\"]}]},{\"@type\":\"ImageObject\",\"inLanguage\":\"de-AT\",\"@id\":\"https:\\\/\\\/www.onlineroulette.tech\\\/at\\\/software\\\/#primaryimage\",\"url\":\"https:\\\/\\\/www.onlineroulette.tech\\\/at\\\/wp-content\\\/uploads\\\/2021\\\/01\\\/casino-software.jpg\",\"contentUrl\":\"https:\\\/\\\/www.onlineroulette.tech\\\/at\\\/wp-content\\\/uploads\\\/2021\\\/01\\\/casino-software.jpg\",\"width\":450,\"height\":253,\"caption\":\"Casino en ligne Microgaming\"},{\"@type\":\"BreadcrumbList\",\"@id\":\"https:\\\/\\\/www.onlineroulette.tech\\\/at\\\/software\\\/#breadcrumb\",\"itemListElement\":[{\"@type\":\"ListItem\",\"position\":1,\"name\":\"Home\",\"item\":\"https:\\\/\\\/www.onlineroulette.tech\\\/at\\\/\"},{\"@type\":\"ListItem\",\"position\":2,\"name\":\"Software\"}]},{\"@type\":\"WebSite\",\"@id\":\"https:\\\/\\\/www.onlineroulette.tech\\\/at\\\/#website\",\"url\":\"https:\\\/\\\/www.onlineroulette.tech\\\/at\\\/\",\"name\":\"Online Roulette\",\"description\":\"Roulette Guide\",\"publisher\":{\"@id\":\"https:\\\/\\\/www.onlineroulette.tech\\\/at\\\/#organization\"},\"potentialAction\":[{\"@type\":\"SearchAction\",\"target\":{\"@type\":\"EntryPoint\",\"urlTemplate\":\"https:\\\/\\\/www.onlineroulette.tech\\\/at\\\/?s={search_term_string}\"},\"query-input\":{\"@type\":\"PropertyValueSpecification\",\"valueRequired\":true,\"valueName\":\"search_term_string\"}}],\"inLanguage\":\"de-AT\"},{\"@type\":\"Organization\",\"@id\":\"https:\\\/\\\/www.onlineroulette.tech\\\/at\\\/#organization\",\"name\":\"Online Roulette\",\"url\":\"https:\\\/\\\/www.onlineroulette.tech\\\/at\\\/\",\"logo\":{\"@type\":\"ImageObject\",\"inLanguage\":\"de-AT\",\"@id\":\"https:\\\/\\\/www.onlineroulette.tech\\\/at\\\/#\\\/schema\\\/logo\\\/image\\\/\",\"url\":\"https:\\\/\\\/www.onlineroulette.tech\\\/at\\\/wp-content\\\/uploads\\\/2022\\\/01\\\/logo.jpg\",\"contentUrl\":\"https:\\\/\\\/www.onlineroulette.tech\\\/at\\\/wp-content\\\/uploads\\\/2022\\\/01\\\/logo.jpg\",\"width\":280,\"height\":115,\"caption\":\"Online Roulette\"},\"image\":{\"@id\":\"https:\\\/\\\/www.onlineroulette.tech\\\/at\\\/#\\\/schema\\\/logo\\\/image\\\/\"}}]}<\/script>\n<!-- \/ Yoast SEO plugin. -->","yoast_head_json":{"title":"Roulette Software f\u00fcr PC und Mobilger\u00e4te","description":"Die beste Software, um Roulette auf dem PC und Handy zu spielen. Drei Marken werden empfohlen. Gratisspiele oder mit Echtgeld spielen.","robots":{"index":"index","follow":"follow","max-snippet":"max-snippet:-1","max-image-preview":"max-image-preview:large","max-video-preview":"max-video-preview:-1"},"canonical":"https:\/\/www.onlineroulette.tech\/at\/software\/","og_locale":"de_DE","og_type":"article","og_title":"Roulette Software f\u00fcr PC und Mobilger\u00e4te","og_description":"Die beste Software, um Roulette auf dem PC und Handy zu spielen. Drei Marken werden empfohlen. Gratisspiele oder mit Echtgeld spielen.","og_url":"https:\/\/www.onlineroulette.tech\/at\/software\/","og_site_name":"Online Roulette","article_modified_time":"2025-11-18T04:46:12+00:00","og_image":[{"width":450,"height":253,"url":"https:\/\/www.onlineroulette.tech\/at\/wp-content\/uploads\/2021\/01\/casino-software.jpg","type":"image\/jpeg"}],"twitter_card":"summary_large_image","twitter_misc":{"Gesch\u00e4tzte Lesezeit":"7 Minuten"},"schema":{"@context":"https:\/\/schema.org","@graph":[{"@type":"WebPage","@id":"https:\/\/www.onlineroulette.tech\/at\/software\/","url":"https:\/\/www.onlineroulette.tech\/at\/software\/","name":"Roulette Software f\u00fcr PC und Mobilger\u00e4te","isPartOf":{"@id":"https:\/\/www.onlineroulette.tech\/at\/#website"},"primaryImageOfPage":{"@id":"https:\/\/www.onlineroulette.tech\/at\/software\/#primaryimage"},"image":{"@id":"https:\/\/www.onlineroulette.tech\/at\/software\/#primaryimage"},"thumbnailUrl":"https:\/\/www.onlineroulette.tech\/at\/wp-content\/uploads\/2021\/01\/casino-software.jpg","datePublished":"2020-11-26T15:48:35+00:00","dateModified":"2025-11-18T04:46:12+00:00","description":"Die beste Software, um Roulette auf dem PC und Handy zu spielen. Drei Marken werden empfohlen. Gratisspiele oder mit Echtgeld spielen.","breadcrumb":{"@id":"https:\/\/www.onlineroulette.tech\/at\/software\/#breadcrumb"},"inLanguage":"de-AT","potentialAction":[{"@type":"ReadAction","target":["https:\/\/www.onlineroulette.tech\/at\/software\/"]}]},{"@type":"ImageObject","inLanguage":"de-AT","@id":"https:\/\/www.onlineroulette.tech\/at\/software\/#primaryimage","url":"https:\/\/www.onlineroulette.tech\/at\/wp-content\/uploads\/2021\/01\/casino-software.jpg","contentUrl":"https:\/\/www.onlineroulette.tech\/at\/wp-content\/uploads\/2021\/01\/casino-software.jpg","width":450,"height":253,"caption":"Casino en ligne Microgaming"},{"@type":"BreadcrumbList","@id":"https:\/\/www.onlineroulette.tech\/at\/software\/#breadcrumb","itemListElement":[{"@type":"ListItem","position":1,"name":"Home","item":"https:\/\/www.onlineroulette.tech\/at\/"},{"@type":"ListItem","position":2,"name":"Software"}]},{"@type":"WebSite","@id":"https:\/\/www.onlineroulette.tech\/at\/#website","url":"https:\/\/www.onlineroulette.tech\/at\/","name":"Online Roulette","description":"Roulette Guide","publisher":{"@id":"https:\/\/www.onlineroulette.tech\/at\/#organization"},"potentialAction":[{"@type":"SearchAction","target":{"@type":"EntryPoint","urlTemplate":"https:\/\/www.onlineroulette.tech\/at\/?s={search_term_string}"},"query-input":{"@type":"PropertyValueSpecification","valueRequired":true,"valueName":"search_term_string"}}],"inLanguage":"de-AT"},{"@type":"Organization","@id":"https:\/\/www.onlineroulette.tech\/at\/#organization","name":"Online Roulette","url":"https:\/\/www.onlineroulette.tech\/at\/","logo":{"@type":"ImageObject","inLanguage":"de-AT","@id":"https:\/\/www.onlineroulette.tech\/at\/#\/schema\/logo\/image\/","url":"https:\/\/www.onlineroulette.tech\/at\/wp-content\/uploads\/2022\/01\/logo.jpg","contentUrl":"https:\/\/www.onlineroulette.tech\/at\/wp-content\/uploads\/2022\/01\/logo.jpg","width":280,"height":115,"caption":"Online Roulette"},"image":{"@id":"https:\/\/www.onlineroulette.tech\/at\/#\/schema\/logo\/image\/"}}]}},"_links":{"self":[{"href":"https:\/\/www.onlineroulette.tech\/at\/wp-json\/wp\/v2\/pages\/44","targetHints":{"allow":["GET"]}}],"collection":[{"href":"https:\/\/www.onlineroulette.tech\/at\/wp-json\/wp\/v2\/pages"}],"about":[{"href":"https:\/\/www.onlineroulette.tech\/at\/wp-json\/wp\/v2\/types\/page"}],"author":[{"embeddable":true,"href":"https:\/\/www.onlineroulette.tech\/at\/wp-json\/wp\/v2\/users\/1"}],"replies":[{"embeddable":true,"href":"https:\/\/www.onlineroulette.tech\/at\/wp-json\/wp\/v2\/comments?post=44"}],"version-history":[{"count":36,"href":"https:\/\/www.onlineroulette.tech\/at\/wp-json\/wp\/v2\/pages\/44\/revisions"}],"predecessor-version":[{"id":2218,"href":"https:\/\/www.onlineroulette.tech\/at\/wp-json\/wp\/v2\/pages\/44\/revisions\/2218"}],"wp:attachment":[{"href":"https:\/\/www.onlineroulette.tech\/at\/wp-json\/wp\/v2\/media?parent=44"}],"curies":[{"name":"wp","href":"https:\/\/api.w.org\/{rel}","templated":true}]}}