{"id":33,"date":"2020-11-26T15:44:21","date_gmt":"2020-11-26T15:44:21","guid":{"rendered":"https:\/\/www.onlineroulette.tech\/at\/?page_id=33"},"modified":"2025-11-18T04:44:48","modified_gmt":"2025-11-18T04:44:48","slug":"europaisches","status":"publish","type":"page","link":"https:\/\/www.onlineroulette.tech\/at\/home\/europaisches\/","title":{"rendered":"Europ\u00e4isches Roulette"},"content":{"rendered":"<p>Der Klassiker mit der Null.<br \/>\n<div class=\"su-row\"><div class=\"su-column su-column-size-2-3\"><div class=\"su-column-inner su-u-clearfix su-u-trim\">Das europ\u00e4ische Roulette ist in \u00d6sterreich ein begehrtes Tischspiel. <!--more-->In den glanzvollen Casino Spiels\u00e4len wird <strong>live<\/strong> gespielt. Auch auf <strong>Instant Play<\/strong> Konsolen k\u00f6nnt ihr die europ\u00e4ische Roulette Version spielen.<br \/>\n&nbsp;<br \/>\nWir erkl\u00e4ren euch die Spielregeln, Wettm\u00f6glichkeiten und zeigen euch unser liebstes Online Casino zum Europ\u00e4isches Roulette spielen!<\/p>\n<h2>Was ist europ\u00e4isches Roulette?<\/h2>\n<ul>\n<li>Der Roulette Kessel hat 37 Zahlenf\u00e4cher: die Nummern 1 bis 36 und das <strong>Zahlenfach Null<\/strong>.<\/li>\n<li>Im Casino ist es das bekannteste Tischspiel.<\/li>\n<li>Der <strong>Bankvorteil<\/strong> betr\u00e4gt 2,7%.<\/li>\n<\/ul>\n<\/div><\/div>\n<div class=\"su-column su-column-size-1-3\"><div class=\"su-column-inner su-u-clearfix su-u-trim\"><img loading=\"lazy\" decoding=\"async\" title=\"Das Europ\u00e4ische Roulette im Casino\" src=\"https:\/\/www.onlineroulette.tech\/at\/wp-content\/uploads\/2020\/12\/europaisches-roulette.jpg\" alt=\"Das Europ\u00e4ische Roulette im Casino\" width=\"380\" height=\"380\" class=\"alignnone size-full wp-image-518\" srcset=\"https:\/\/www.onlineroulette.tech\/at\/wp-content\/uploads\/2020\/12\/europaisches-roulette.jpg 380w, https:\/\/www.onlineroulette.tech\/at\/wp-content\/uploads\/2020\/12\/europaisches-roulette-300x300.jpg 300w, https:\/\/www.onlineroulette.tech\/at\/wp-content\/uploads\/2020\/12\/europaisches-roulette-150x150.jpg 150w\" sizes=\"auto, (max-width: 380px) 100vw, 380px\" \/><\/div><\/div><\/div>\n<h2>Welche Spielregeln gelten beim europ\u00e4ischen Roulette?<\/h2>\n<div class=\"su-row\">\n<div class=\"su-column su-column-size-1-2\"><div class=\"su-column-inner su-u-clearfix su-u-trim\">\nUm zu gewinnen, m\u00fcsst ihr erraten, in welchem Zahlenfach die Kugel landet. Aber nicht nur: Gewettet werden kann auch auf mehrere Zahlen, mit einem einzigen Jeton. Wir zeigen euch, wie!<br \/>\n<\/div><\/div><div class=\"su-column su-column-size-1-2\"><div class=\"su-column-inner su-u-clearfix su-u-trim\">Es gibt <strong>zwei Wettm\u00f6glichkeiten<\/strong>:<\/p>\n<ol>\n<li>Die <strong>Innenwetten<\/strong>: die Zahlenf\u00e4cher 1 bis 36 und die Null (Zero).<\/li>\n<li>Die <strong>Au\u00dfenwetten<\/strong>: Rot\/Schwarz, Gerade\/Ungerade, Hoch\/Nieder (die Zahlen in der oberen oder unteren H\u00e4lfte des Spielfeldes) und die Dutzend-Wetten.<\/li>\n<\/ol>\n<\/div><\/div><\/div>\n<h2>Welche Spielbank in \u00d6sterreich w\u00e4hlen?<\/h2>\n<p>Unter den <strong>Online Casino Spielhallen<\/strong> seid ihr bei <strong>Villento Casino<\/strong> an der richtigen Adresse. Diese Gl\u00fccksspiel Webseite geh\u00f6rt zu den Besten Europas.<br \/>\n&nbsp;<br \/>\n<div align=\"center\"><a class=\"top\" title=\"Villento Casino\" href=\"https:\/\/www.villento.com\/de-at\/\" target=\"_blank\" rel=\"noopener noreferrer\"><img loading=\"lazy\" decoding=\"async\" title=\"Villento Casino\" src=\"https:\/\/www.onlineroulette.tech\/at\/wp-content\/uploads\/2021\/01\/villento.jpg\" alt=\"Villento Casino\" width=\"900\" height=\"450\" class=\"aligncenter size-full wp-image-1115\" srcset=\"https:\/\/www.onlineroulette.tech\/at\/wp-content\/uploads\/2021\/01\/villento.jpg 900w, https:\/\/www.onlineroulette.tech\/at\/wp-content\/uploads\/2021\/01\/villento-300x150.jpg 300w, https:\/\/www.onlineroulette.tech\/at\/wp-content\/uploads\/2021\/01\/villento-768x384.jpg 768w\" sizes=\"auto, (max-width: 900px) 100vw, 900px\" \/>VILLENTO CASINO BESUCHEN<\/a><\/div>\n<p>\n\n<div class=\"su-divider su-divider-style-dotted\" style=\"margin:10px 0;border-width:3px;border-color:#820202\"><\/div>\nDas europ\u00e4ische Roulette ist der Star unter den Gl\u00fccksspielen bei Villento Casino. Wir k\u00f6nnen euch auch andere Online Casino Webseiten empfehlen. Erf\u00e4hrt mehr auf unserer Seite \u00fcber die beliebtesten <a title=\"seri\u00f6sen Online Casino\" href=\"https:\/\/www.onlineroulette.tech\/at\/seriose-casino\/\">seri\u00f6sen Online Casino<\/a> Anbieter in \u00d6sterreich!<\/p>\n<h2>Die Wettlimits<\/h2>\n<p>Die Roulette Spiele haben Limits. Der kleinste Wetteinsatz betr\u00e4gt normalerweise 1\u20ac, der h\u00f6chste kann sich bis auf 10 000\u20ac belaufen. <strong>Bei den Au\u00dfenwetten ist der maximale Einsatz h\u00f6her als bei den Innenwetten.<\/strong> An jedem Casino Roulette werden die Maxima auf einer kleinen Tafel angezeigt. Ihr fragt euch, weshalb es kein Roulette Spiel ohne Limit gibt? Um zu vermeiden, dass die Spieler immer ausgekl\u00fcgeltere <a title=\"Gewinnmethoden\" href=\"https:\/\/www.onlineroulette.tech\/at\/strategien\/\">Gewinnmethoden<\/a> verwenden. Ohne Wettlimits k\u00f6nnten diese Spieltricks die Bank in den Bankrott treiben!<\/p>\n<h2 id=\"spielfeld\">Wie wird Europ\u00e4isches Roulette gespielt?<\/h2>\n<div class=\"su-row\">\n<div class=\"su-column su-column-size-2-5\"><div class=\"su-column-inner su-u-clearfix su-u-trim\">Bevor ihr eure Jetons auf dem Spielfeld setzt, m\u00fcsst ihr die <strong>Ansage des Croupiers<\/strong> abwarten: \u201e<strong>Machen Sie Ihr Spiel!<\/strong>\u201c. Seid ihr mit Instant Play am Zocken, erscheint eine Nachricht. Ihr k\u00f6nnt eine einzige oder mehrere Wetten setzen \u2013 ihr entscheidet!<br \/>\n&nbsp;<br \/>\nSobald die Wetteins\u00e4tze gemacht sind, verk\u00fcndet der Croupier oder das Spielprogramm: \u201e<strong>Keine Eins\u00e4tze mehr m\u00f6glich!<\/strong>\u201c. In diesem Moment wirft der Spielleiter die Kugel in den Roulette Kessel. Dort landet sie einige Sekunden sp\u00e4ter auf der Gewinnzahl. Die verlierenden Wetteins\u00e4tze werden von der Spielbank eingezogen, die Gewinner werden ausbezahlt. Nach dieser Spieletappe geht es weiter \u2013 mit der n\u00e4chsten Partie&#8230;<br \/>\n<\/div><\/div><div class=\"su-column su-column-size-3-5\"><div class=\"su-column-inner su-u-clearfix su-u-trim\">\n<img loading=\"lazy\" decoding=\"async\" title=\"Die Wettm\u00f6glichkeiten beim europ\u00e4ischen Roulette\" src=\"https:\/\/www.onlineroulette.tech\/at\/wp-content\/uploads\/2020\/12\/wettmoglichkeiten.jpg\" alt=\"Die Wettm\u00f6glichkeiten beim europ\u00e4ischen Roulette\" width=\"700\" height=\"314\" class=\"aligncenter size-full wp-image-528\" srcset=\"https:\/\/www.onlineroulette.tech\/at\/wp-content\/uploads\/2020\/12\/wettmoglichkeiten.jpg 700w, https:\/\/www.onlineroulette.tech\/at\/wp-content\/uploads\/2020\/12\/wettmoglichkeiten-300x135.jpg 300w\" sizes=\"auto, (max-width: 700px) 100vw, 700px\" \/><br \/>\n<\/div><\/div><\/div>\n<h3>Das Spielfeld des europ\u00e4ischen Roulettes<\/h3>\n<div class=\"su-row\">\n<div class=\"su-column su-column-size-1-3\"><div class=\"su-column-inner su-u-clearfix su-u-trim\">\n<img loading=\"lazy\" decoding=\"async\" title=\"Gewettet wird mit farbigen Jetons\" src=\"https:\/\/www.onlineroulette.tech\/at\/wp-content\/uploads\/2020\/12\/jeton-chips.jpg\" alt=\"Gewettet wird mit farbigen Jetons\" width=\"400\" height=\"200\" class=\"alignnone size-full wp-image-563\" srcset=\"https:\/\/www.onlineroulette.tech\/at\/wp-content\/uploads\/2020\/12\/jeton-chips.jpg 400w, https:\/\/www.onlineroulette.tech\/at\/wp-content\/uploads\/2020\/12\/jeton-chips-300x150.jpg 300w\" sizes=\"auto, (max-width: 400px) 100vw, 400px\" \/><\/div><\/div><div class=\"su-column su-column-size-2-3\"><div class=\"su-column-inner su-u-clearfix su-u-trim\">Gesetzt werden einzig Roulette Jetons (auch <strong>Chips<\/strong> genannt), nie Bargeld. In einem lokalen Casino k\u00f6nnt ihr euer Geld an der Kasse wechseln. Spielt ihr online, k\u00fcmmert sich das Spielprogramm um alles.<br \/>\n&nbsp;<br \/>\nDie Jetons haben unterschiedliche Farben, damit sie gut unterschieden werden k\u00f6nnen. Genau wie die Banknoten.<\/div><\/div><\/div>\n<h2>Das europ\u00e4ische Roulette und seine Drehscheibe<\/h2>\n<p>Auf der Drehscheibe befinden sich die <strong>Zahlenf\u00e4cher 1 bis 36 sowie das Fach Null (oder Zero)<\/strong>. Die Nummern 1 bis 36 sind abwechselnd von roter oder schwarzer Farbe. Das Zahlenfach der Null ist gr\u00fcn. Die Nummernf\u00e4cher sind gemischt und nicht in nat\u00fcrlicher Reihenfolge geordnet.<br \/>\n&nbsp;<br \/>\n<strong>In welchem Zahlenfach landet die Kugel am meisten?<\/strong> Das k\u00f6nnen wir euch nicht verraten, die Wahrscheinlichkeit ist n\u00e4mlich f\u00fcr jedes Fach genau gleich hoch! Gut zu wissen: die Drehscheibe wird in eine Richtung in Bewegung gesetzt, die Kugel in Gegenrichtung. W\u00e4hrend die Kugel an Geschwindigkeit verliert, steigt der Nervenkitzel \u2013 f\u00fcr welches Nummernfach wird sie sich entscheiden? Sobald sie in einem Fach zum Stillstand kommt, verk\u00fcndet der Croupier die Gewinnerzahl. Der Spielleiter zieht die verlierenden Wetten f\u00fcr die Spielbank ein. Die Gewinner erhalten ihre Auszahlung.<\/p>\n<h2>Besser Instant Play oder Live Roulette spielen?<\/h2>\n<p>In einem Online Casino macht es keinen Unterschied, ob ihr Instant Play oder Live Roulette spielt. <strong>Die Spielregeln sind die gleichen.<\/strong> Die meisten Spieler w\u00e4hlen Instant Play. Der Vorteil? Diese Spielversion ist schneller und praktischer. Und auch die beste Wahl, wenn ihr eure Ruhe wollt: Mit Instant Play werdet ihr garantiert nicht von den anderen Spielern gest\u00f6rt.<\/p>\n<h2>Die Wettm\u00f6glichkeiten beim europ\u00e4ischen Roulette<\/h2>\n<p>Auf dem <a title=\"gr\u00fcnen Spielfeld\" href=\"#spielfeld\">gr\u00fcnen Spielfeld<\/a> des europ\u00e4ischen Roulettes k\u00f6nnen viele unterschiedliche Wetten gesetzt werden. <strong>Die Innenwetten (auf den Nummern) zahlen sich im Gewinnfall am meisten aus.<\/strong> Mit den Au\u00dfenwetten hingegen k\u00f6nnt ihr euren Einsatz je nach Spieloption verdoppeln oder verdreifachen.<\/p>\n<h3>Die Innenwetten \u2013 die h\u00f6chsten Auszahlungen<\/h3>\n<div class=\"su-row\"><div class=\"su-column su-column-size-2-5\"><div class=\"su-column-inner su-u-clearfix su-u-trim\">\n<table>\n<tbody>\n<tr>\n<td><strong>Einsatz<\/strong><\/td>\n<td><strong>Auszahlung<\/strong><\/td>\n<\/tr>\n<tr>\n<td>Volle Zahl<\/td>\n<td>35\/1<\/td>\n<\/tr>\n<tr>\n<td>Zwei Zahlen<\/td>\n<td>17\/1<\/td>\n<\/tr>\n<tr>\n<td>Drei Zahlen<\/td>\n<td>11\/1<\/td>\n<\/tr>\n<tr>\n<td>Vier Zahlen<\/td>\n<td>8\/1<\/td>\n<\/tr>\n<tr>\n<td>Sechs Zahlen<\/td>\n<td>5\/1<\/td>\n<\/tr>\n<\/tbody>\n<\/table>\n<\/div><\/div>\n<div class=\"su-column su-column-size-3-5\"><div class=\"su-column-inner su-u-clearfix su-u-trim\">\n<ul>\n<li><strong>Volle Zahl (Straight Up):<\/strong> <span style=\"font-size:13px\">Die gr\u00f6\u00dftm\u00f6gliche Wette! Gewinnt ihr, wird das 35-fache eures Einsatzes ausbezahlt.<\/span><\/li>\n<li><strong>Zwei Zahlen (Split):<\/strong> <span style=\"font-size:13px\">Gesetzt wird auf zwei Nummern, die sich ber\u00fchren. Die Auszahlung betr\u00e4gt das 17-fache des Einsatzes.<\/span><\/li>\n<li><strong>Drei Zahlen (Street):<\/strong> <span style=\"font-size:13px\">Wette auf eine horizontale Reihe. Im Gewinnfall zahlt sich der Einsatz 11-fach aus.<\/span><\/li>\n<li><strong>Vier Zahlen (Corner):<\/strong> <span style=\"font-size:13px\">Der Gewinner erh\u00e4lt das 8-fache seines Einsatzes.<\/span><\/li>\n<li><strong>Sechs Zahlen (Two Lines):<\/strong> <span style=\"font-size:13px\">Einsatz auf zwei angrenzende Reihen. Die Auszahlung betr\u00e4gt das 5-fache des Einsatzes.<\/span><\/li>\n<\/ul>\n<\/div><\/div><\/div>\n<h3>Die Au\u00dfenwetten \u2013 das kleinste Risiko<\/h3>\n<div class=\"su-row\"><div class=\"su-column su-column-size-2-5\"><div class=\"su-column-inner su-u-clearfix su-u-trim\">\n<table align=\"center\">\n<tbody>\n<tr>\n<td><strong>Einsatz<\/strong><\/td>\n<td><strong>Auszahlung<\/strong><\/td>\n<\/tr>\n<tr>\n<td>Rot\/Schwarz<\/td>\n<td>1\/1<\/td>\n<\/tr>\n<tr>\n<td>Gerade\/Ungerade<\/td>\n<td>1\/1<\/td>\n<\/tr>\n<tr>\n<td>Hoch\/Nieder<\/td>\n<td>1\/1<\/td>\n<\/tr>\n<tr>\n<td>Kolonne<\/td>\n<td>2\/1<\/td>\n<\/tr>\n<tr>\n<td>Dutzend<\/td>\n<td>2\/1<\/td>\n<\/tr>\n<\/tbody>\n<\/table>\n<\/div><\/div>\n<div class=\"su-column su-column-size-3-5\"><div class=\"su-column-inner su-u-clearfix su-u-trim\">\n<ul>\n<li><strong>Rot\/Schwarz:<\/strong> <span style=\"font-size:13px\">Die meistgespielte Wette. Setzt ihr auf die richtige Farbe, wird euer Einsatz verdoppelt.<\/span><\/li>\n<li><strong>Gerade\/Ungerade:<\/strong> <span style=\"font-size:13px\">Erreicht auf dem Podest der beliebtesten Wettm\u00f6glichkeiten den zweiten Platz. Im Gewinnfall wird 1 : 1 ausbezahlt.<\/span><\/li>\n<li><strong>Hoch\/Nieder:<\/strong> <span style=\"font-size:13px\">Diese Wette wird am wenigsten gespielt. Gesetzt wird auf die Zahlen im oberen oder unteren Bereich des Spielfeldes, das hei\u00dft auf die Nummern 1 bis 18 (Hoch) oder 19 bis 36 (Nieder).<\/span><\/li>\n<li><strong>Kolonne:<\/strong> <span style=\"font-size:13px\">Wette auf eine der drei Kolonnen (12 Nummern). Gewinnt ihr, so wird euer Einsatz 2 : 1 ausbezahlt.<\/span><\/li>\n<li><strong>Dutzend:<\/strong> <span style=\"font-size:13px\">Gewettet wird auf ein Dutzend, bestehend aus den Nummern 1 bis 12, 13 bis 24 oder 25 bis 36. Im Gewinnfall wird euer Einsatz verdreifacht.<\/span><\/li>\n<\/ul>\n<\/div><\/div><\/div>\n<h2>Gewinnstrategien<\/h2>\n<p>Ihr wollt die Spielbank schlagen? Es gibt Tricks, um diesen Versuch zu wagen. Aber <strong>Achtung! Gewinnmethoden, um die Oberhand \u00fcber das Casino zu gewinnen, gibt es nicht<\/strong>: Die Spielbank sichert sich n\u00e4mlich den sogenannten Hausvorteil. Beim europ\u00e4ischen Roulette betr\u00e4gt dieser Bankvorteil 1\/37. Die Auszahlungsquote bel\u00e4uft sich auf 97,3%. Anders herum gesagt: Das ist als ob die Spielbank von jedem Einsatz 2,7% einnehmen w\u00fcrde. Zum Gl\u00fcck sieht\u2018s in der Praxis anders aus, sonst w\u00e4re das Spiel witzlos! Die einen Spieler gewinnen und die anderen verlieren&#8230;<\/p>\n<h2>Ursprung des europ\u00e4ischen Roulette Spiels<\/h2>\n<p>Erfunden wurde Roulette im 17. Jahrhundert von Blaise Pascal, einem franz\u00f6sischen Mathematiker. Er war fasziniert von Mechanismen, die nach dem Prinzip des Perpetuum Mobile funktionieren: Systeme, die sich st\u00e4ndig bewegen. Das Nummernfach Zero gab es dazumal noch nicht. Nach 1796 wurde alles anders! Was war da schon wieder? Genau, der Sturz der franz\u00f6sischen Monarchie.<br \/>\n&nbsp;<br \/>\nVor diesem historischen Datum war das Roulette Spiel dem K\u00f6nig Frankreichs und seinem Gefolge vorbehalten. <strong>Nach der Revolution ist Roulette und seine 36 Nummern mit einem 37-igsten Zahlenfach auferstanden, der Zero.<\/strong> Gespielt wurde in privaten Pariser Klubs.<br \/>\n&nbsp;<br \/>\nIm Jahr 1842 ging alles ruckzuck: Die Gebr\u00fcder Blanc, Inhaber des <a title=\"Casinos von Monaco\" href=\"https:\/\/www.montecarlosbm.com\/de\" target=\"_blank\" rel=\"noopener noreferrer\">Casinos von Monaco<\/a>, brachten das europ\u00e4ische Roulette in ihre Spiels\u00e4le. Die Spielbank in Monaco wurde zu einem Magnet f\u00fcr die europ\u00e4ischen Gl\u00fccksspiel-Liebhaber. Was f\u00fchrte das Casino in Monaco zu seinem Erfolg? Der einzigartige Stil der R\u00e4umlichkeiten, das Prestige \u2013 und vor allem das Gl\u00fccksspiel-Verbot in den meisten Nachbarl\u00e4ndern!<br \/>\n&nbsp;<\/p>\n","protected":false},"excerpt":{"rendered":"<p>Der Klassiker mit der Null. Das europ\u00e4ische Roulette ist in \u00d6sterreich ein begehrtes Tischspiel.<\/p>\n","protected":false},"author":1,"featured_media":0,"parent":18,"menu_order":0,"comment_status":"closed","ping_status":"closed","template":"template-fullwidth.php","meta":{"footnotes":""},"class_list":["post-33","page","type-page","status-publish","hentry"],"yoast_head":"<!-- This site is optimized with the Yoast SEO plugin v27.5 - https:\/\/yoast.com\/product\/yoast-seo-wordpress\/ -->\n<title>Europ\u00e4isches Roulette \u2013 Spielregeln &amp; Auszahlungsquote 97,3%<\/title>\n<meta name=\"description\" content=\"Guide f\u00fcr europ\u00e4isches Roulette. Spielregeln und Auszahlungsquoten. Spielt in einem Online Casino in \u00d6sterreich. Gewinne &amp; Chancen.\" \/>\n<meta name=\"robots\" content=\"index, follow, max-snippet:-1, max-image-preview:large, max-video-preview:-1\" \/>\n<link rel=\"canonical\" href=\"https:\/\/www.onlineroulette.tech\/at\/home\/europaisches\/\" \/>\n<meta property=\"og:locale\" content=\"de_DE\" \/>\n<meta property=\"og:type\" content=\"article\" \/>\n<meta property=\"og:title\" content=\"Europ\u00e4isches Roulette \u2013 Spielregeln &amp; Auszahlungsquote 97,3%\" \/>\n<meta property=\"og:description\" content=\"Guide f\u00fcr europ\u00e4isches Roulette. Spielregeln und Auszahlungsquoten. Spielt in einem Online Casino in \u00d6sterreich. Gewinne &amp; Chancen.\" \/>\n<meta property=\"og:url\" content=\"https:\/\/www.onlineroulette.tech\/at\/home\/europaisches\/\" \/>\n<meta property=\"og:site_name\" content=\"Online Roulette\" \/>\n<meta property=\"article:modified_time\" content=\"2025-11-18T04:44:48+00:00\" \/>\n<meta property=\"og:image\" content=\"https:\/\/www.onlineroulette.tech\/at\/wp-content\/uploads\/2020\/12\/europaisches-roulette.jpg\" \/>\n\t<meta property=\"og:image:width\" content=\"380\" \/>\n\t<meta property=\"og:image:height\" content=\"380\" \/>\n\t<meta property=\"og:image:type\" content=\"image\/jpeg\" \/>\n<meta name=\"twitter:card\" content=\"summary_large_image\" \/>\n<meta name=\"twitter:label1\" content=\"Gesch\u00e4tzte Lesezeit\" \/>\n\t<meta name=\"twitter:data1\" content=\"8 Minuten\" \/>\n<script type=\"application\/ld+json\" class=\"yoast-schema-graph\">{\"@context\":\"https:\\\/\\\/schema.org\",\"@graph\":[{\"@type\":\"WebPage\",\"@id\":\"https:\\\/\\\/www.onlineroulette.tech\\\/at\\\/home\\\/europaisches\\\/\",\"url\":\"https:\\\/\\\/www.onlineroulette.tech\\\/at\\\/home\\\/europaisches\\\/\",\"name\":\"Europ\u00e4isches Roulette \u2013 Spielregeln & Auszahlungsquote 97,3%\",\"isPartOf\":{\"@id\":\"https:\\\/\\\/www.onlineroulette.tech\\\/at\\\/#website\"},\"primaryImageOfPage\":{\"@id\":\"https:\\\/\\\/www.onlineroulette.tech\\\/at\\\/home\\\/europaisches\\\/#primaryimage\"},\"image\":{\"@id\":\"https:\\\/\\\/www.onlineroulette.tech\\\/at\\\/home\\\/europaisches\\\/#primaryimage\"},\"thumbnailUrl\":\"https:\\\/\\\/www.onlineroulette.tech\\\/at\\\/wp-content\\\/uploads\\\/2020\\\/12\\\/europaisches-roulette.jpg\",\"datePublished\":\"2020-11-26T15:44:21+00:00\",\"dateModified\":\"2025-11-18T04:44:48+00:00\",\"description\":\"Guide f\u00fcr europ\u00e4isches Roulette. Spielregeln und Auszahlungsquoten. Spielt in einem Online Casino in \u00d6sterreich. Gewinne & Chancen.\",\"breadcrumb\":{\"@id\":\"https:\\\/\\\/www.onlineroulette.tech\\\/at\\\/home\\\/europaisches\\\/#breadcrumb\"},\"inLanguage\":\"de-AT\",\"potentialAction\":[{\"@type\":\"ReadAction\",\"target\":[\"https:\\\/\\\/www.onlineroulette.tech\\\/at\\\/home\\\/europaisches\\\/\"]}]},{\"@type\":\"ImageObject\",\"inLanguage\":\"de-AT\",\"@id\":\"https:\\\/\\\/www.onlineroulette.tech\\\/at\\\/home\\\/europaisches\\\/#primaryimage\",\"url\":\"https:\\\/\\\/www.onlineroulette.tech\\\/at\\\/wp-content\\\/uploads\\\/2020\\\/12\\\/europaisches-roulette.jpg\",\"contentUrl\":\"https:\\\/\\\/www.onlineroulette.tech\\\/at\\\/wp-content\\\/uploads\\\/2020\\\/12\\\/europaisches-roulette.jpg\",\"width\":380,\"height\":380,\"caption\":\"Das Casino European Roulette\"},{\"@type\":\"BreadcrumbList\",\"@id\":\"https:\\\/\\\/www.onlineroulette.tech\\\/at\\\/home\\\/europaisches\\\/#breadcrumb\",\"itemListElement\":[{\"@type\":\"ListItem\",\"position\":1,\"name\":\"Home\",\"item\":\"https:\\\/\\\/www.onlineroulette.tech\\\/at\\\/\"},{\"@type\":\"ListItem\",\"position\":2,\"name\":\"Roulette\",\"item\":\"https:\\\/\\\/www.onlineroulette.tech\\\/at\\\/\"},{\"@type\":\"ListItem\",\"position\":3,\"name\":\"Europ\u00e4isches Roulette\"}]},{\"@type\":\"WebSite\",\"@id\":\"https:\\\/\\\/www.onlineroulette.tech\\\/at\\\/#website\",\"url\":\"https:\\\/\\\/www.onlineroulette.tech\\\/at\\\/\",\"name\":\"Online Roulette\",\"description\":\"Roulette Guide\",\"publisher\":{\"@id\":\"https:\\\/\\\/www.onlineroulette.tech\\\/at\\\/#organization\"},\"potentialAction\":[{\"@type\":\"SearchAction\",\"target\":{\"@type\":\"EntryPoint\",\"urlTemplate\":\"https:\\\/\\\/www.onlineroulette.tech\\\/at\\\/?s={search_term_string}\"},\"query-input\":{\"@type\":\"PropertyValueSpecification\",\"valueRequired\":true,\"valueName\":\"search_term_string\"}}],\"inLanguage\":\"de-AT\"},{\"@type\":\"Organization\",\"@id\":\"https:\\\/\\\/www.onlineroulette.tech\\\/at\\\/#organization\",\"name\":\"Online Roulette\",\"url\":\"https:\\\/\\\/www.onlineroulette.tech\\\/at\\\/\",\"logo\":{\"@type\":\"ImageObject\",\"inLanguage\":\"de-AT\",\"@id\":\"https:\\\/\\\/www.onlineroulette.tech\\\/at\\\/#\\\/schema\\\/logo\\\/image\\\/\",\"url\":\"https:\\\/\\\/www.onlineroulette.tech\\\/at\\\/wp-content\\\/uploads\\\/2022\\\/01\\\/logo.jpg\",\"contentUrl\":\"https:\\\/\\\/www.onlineroulette.tech\\\/at\\\/wp-content\\\/uploads\\\/2022\\\/01\\\/logo.jpg\",\"width\":280,\"height\":115,\"caption\":\"Online Roulette\"},\"image\":{\"@id\":\"https:\\\/\\\/www.onlineroulette.tech\\\/at\\\/#\\\/schema\\\/logo\\\/image\\\/\"}}]}<\/script>\n<!-- \/ Yoast SEO plugin. -->","yoast_head_json":{"title":"Europ\u00e4isches Roulette \u2013 Spielregeln & Auszahlungsquote 97,3%","description":"Guide f\u00fcr europ\u00e4isches Roulette. Spielregeln und Auszahlungsquoten. Spielt in einem Online Casino in \u00d6sterreich. Gewinne & Chancen.","robots":{"index":"index","follow":"follow","max-snippet":"max-snippet:-1","max-image-preview":"max-image-preview:large","max-video-preview":"max-video-preview:-1"},"canonical":"https:\/\/www.onlineroulette.tech\/at\/home\/europaisches\/","og_locale":"de_DE","og_type":"article","og_title":"Europ\u00e4isches Roulette \u2013 Spielregeln & Auszahlungsquote 97,3%","og_description":"Guide f\u00fcr europ\u00e4isches Roulette. Spielregeln und Auszahlungsquoten. Spielt in einem Online Casino in \u00d6sterreich. Gewinne & Chancen.","og_url":"https:\/\/www.onlineroulette.tech\/at\/home\/europaisches\/","og_site_name":"Online Roulette","article_modified_time":"2025-11-18T04:44:48+00:00","og_image":[{"width":380,"height":380,"url":"https:\/\/www.onlineroulette.tech\/at\/wp-content\/uploads\/2020\/12\/europaisches-roulette.jpg","type":"image\/jpeg"}],"twitter_card":"summary_large_image","twitter_misc":{"Gesch\u00e4tzte Lesezeit":"8 Minuten"},"schema":{"@context":"https:\/\/schema.org","@graph":[{"@type":"WebPage","@id":"https:\/\/www.onlineroulette.tech\/at\/home\/europaisches\/","url":"https:\/\/www.onlineroulette.tech\/at\/home\/europaisches\/","name":"Europ\u00e4isches Roulette \u2013 Spielregeln & Auszahlungsquote 97,3%","isPartOf":{"@id":"https:\/\/www.onlineroulette.tech\/at\/#website"},"primaryImageOfPage":{"@id":"https:\/\/www.onlineroulette.tech\/at\/home\/europaisches\/#primaryimage"},"image":{"@id":"https:\/\/www.onlineroulette.tech\/at\/home\/europaisches\/#primaryimage"},"thumbnailUrl":"https:\/\/www.onlineroulette.tech\/at\/wp-content\/uploads\/2020\/12\/europaisches-roulette.jpg","datePublished":"2020-11-26T15:44:21+00:00","dateModified":"2025-11-18T04:44:48+00:00","description":"Guide f\u00fcr europ\u00e4isches Roulette. Spielregeln und Auszahlungsquoten. Spielt in einem Online Casino in \u00d6sterreich. Gewinne & Chancen.","breadcrumb":{"@id":"https:\/\/www.onlineroulette.tech\/at\/home\/europaisches\/#breadcrumb"},"inLanguage":"de-AT","potentialAction":[{"@type":"ReadAction","target":["https:\/\/www.onlineroulette.tech\/at\/home\/europaisches\/"]}]},{"@type":"ImageObject","inLanguage":"de-AT","@id":"https:\/\/www.onlineroulette.tech\/at\/home\/europaisches\/#primaryimage","url":"https:\/\/www.onlineroulette.tech\/at\/wp-content\/uploads\/2020\/12\/europaisches-roulette.jpg","contentUrl":"https:\/\/www.onlineroulette.tech\/at\/wp-content\/uploads\/2020\/12\/europaisches-roulette.jpg","width":380,"height":380,"caption":"Das Casino European Roulette"},{"@type":"BreadcrumbList","@id":"https:\/\/www.onlineroulette.tech\/at\/home\/europaisches\/#breadcrumb","itemListElement":[{"@type":"ListItem","position":1,"name":"Home","item":"https:\/\/www.onlineroulette.tech\/at\/"},{"@type":"ListItem","position":2,"name":"Roulette","item":"https:\/\/www.onlineroulette.tech\/at\/"},{"@type":"ListItem","position":3,"name":"Europ\u00e4isches Roulette"}]},{"@type":"WebSite","@id":"https:\/\/www.onlineroulette.tech\/at\/#website","url":"https:\/\/www.onlineroulette.tech\/at\/","name":"Online Roulette","description":"Roulette Guide","publisher":{"@id":"https:\/\/www.onlineroulette.tech\/at\/#organization"},"potentialAction":[{"@type":"SearchAction","target":{"@type":"EntryPoint","urlTemplate":"https:\/\/www.onlineroulette.tech\/at\/?s={search_term_string}"},"query-input":{"@type":"PropertyValueSpecification","valueRequired":true,"valueName":"search_term_string"}}],"inLanguage":"de-AT"},{"@type":"Organization","@id":"https:\/\/www.onlineroulette.tech\/at\/#organization","name":"Online Roulette","url":"https:\/\/www.onlineroulette.tech\/at\/","logo":{"@type":"ImageObject","inLanguage":"de-AT","@id":"https:\/\/www.onlineroulette.tech\/at\/#\/schema\/logo\/image\/","url":"https:\/\/www.onlineroulette.tech\/at\/wp-content\/uploads\/2022\/01\/logo.jpg","contentUrl":"https:\/\/www.onlineroulette.tech\/at\/wp-content\/uploads\/2022\/01\/logo.jpg","width":280,"height":115,"caption":"Online Roulette"},"image":{"@id":"https:\/\/www.onlineroulette.tech\/at\/#\/schema\/logo\/image\/"}}]}},"_links":{"self":[{"href":"https:\/\/www.onlineroulette.tech\/at\/wp-json\/wp\/v2\/pages\/33","targetHints":{"allow":["GET"]}}],"collection":[{"href":"https:\/\/www.onlineroulette.tech\/at\/wp-json\/wp\/v2\/pages"}],"about":[{"href":"https:\/\/www.onlineroulette.tech\/at\/wp-json\/wp\/v2\/types\/page"}],"author":[{"embeddable":true,"href":"https:\/\/www.onlineroulette.tech\/at\/wp-json\/wp\/v2\/users\/1"}],"replies":[{"embeddable":true,"href":"https:\/\/www.onlineroulette.tech\/at\/wp-json\/wp\/v2\/comments?post=33"}],"version-history":[{"count":92,"href":"https:\/\/www.onlineroulette.tech\/at\/wp-json\/wp\/v2\/pages\/33\/revisions"}],"predecessor-version":[{"id":2210,"href":"https:\/\/www.onlineroulette.tech\/at\/wp-json\/wp\/v2\/pages\/33\/revisions\/2210"}],"up":[{"embeddable":true,"href":"https:\/\/www.onlineroulette.tech\/at\/wp-json\/wp\/v2\/pages\/18"}],"wp:attachment":[{"href":"https:\/\/www.onlineroulette.tech\/at\/wp-json\/wp\/v2\/media?parent=33"}],"curies":[{"name":"wp","href":"https:\/\/api.w.org\/{rel}","templated":true}]}}