{"id":25,"date":"2020-11-26T15:42:31","date_gmt":"2020-11-26T15:42:31","guid":{"rendered":"https:\/\/www.onlineroulette.tech\/at\/?page_id=25"},"modified":"2025-11-18T04:45:17","modified_gmt":"2025-11-18T04:45:17","slug":"seriose-casino","status":"publish","type":"page","link":"https:\/\/www.onlineroulette.tech\/at\/seriose-casino\/","title":{"rendered":"Seri\u00f6se Online Casino Webseiten"},"content":{"rendered":"<div class=\"su-row\"><div class=\"su-column su-column-size-2-3\"><div class=\"su-column-inner su-u-clearfix su-u-trim\">Die Top Casino Roulette Webseiten, um in \u00d6sterreich online zu spielen. Wir zeigen euch die seri\u00f6sesten Anbieter unter den \u00f6sterreichischen Online Casino Seiten.<!--more--><br \/>\n&nbsp;<br \/>\nUnsere Experten haben drei Spielbanken ausgew\u00e4hlt: Diese Casino Seiten sind in \u00d6sterreich am beliebtesten. Hier k\u00f6nnt ihr euch mit ruhigem Gewissen anmelden. Die Online Roulette Spiele wurden von <strong>Microgaming und Evolution<\/strong> entwickelt. In \u00d6sterreich die Nummer 1 der preisgekr\u00f6nten Entwickler von Online Gl\u00fccksspielen.<br \/>\n<\/div><\/div>\n<div class=\"su-column su-column-size-1-3 colc\"><div class=\"su-column-inner su-u-clearfix su-u-trim\"><img loading=\"lazy\" decoding=\"async\" title=\"Bestes Online Casino in \u00d6sterreich\" src=\"https:\/\/www.onlineroulette.tech\/at\/wp-content\/uploads\/2021\/01\/online-casino.jpg\" alt=\"Bestes Online Casino in \u00d6sterreich\" width=\"380\" height=\"228\" class=\"alignnone size-full wp-image-742\" srcset=\"https:\/\/www.onlineroulette.tech\/at\/wp-content\/uploads\/2021\/01\/online-casino.jpg 380w, https:\/\/www.onlineroulette.tech\/at\/wp-content\/uploads\/2021\/01\/online-casino-300x180.jpg 300w\" sizes=\"auto, (max-width: 380px) 100vw, 380px\" \/><\/div><\/div><\/div>\n<div class=\"su-divider su-divider-style-dotted\" style=\"margin:10px 0;border-width:3px;border-color:#820202\"><\/div>\n<h2 id=luxury>#1. LUXURY CASINO \u2013 SERI\u00d6SER ANBIETER<\/h2>\n<div class=\"su-row\"><div class=\"su-column su-column-size-2-3\"><div class=\"su-column-inner su-u-clearfix su-u-trim\">\nDas Online Roulette <strong>f\u00fcr Computer und Mobilger\u00e4te<\/strong>. Luxury Casino ist seit dem Jahr 2000 online und das Online Casino mit der <strong>\u00fcberzeugendsten Grafik<\/strong>. Die Casino Spiele rund um den gr\u00fcnen Teppich werden allen Anspr\u00fcchen gerecht. Roulette ist eines der beliebtesten Gl\u00fccksspiele in diesem Casino. Gefolgt von Black Jack, Baccara und den Geldautomaten Spielen. Luxury Casino setzt auf ein puristisches und elegantes Design.<br \/>\n<a title=\"Mehr dar\u00fcber\" href=\"https:\/\/www.onlineroulette.tech\/at\/seriose-casino\/luxury\/\">Mehr dar\u00fcber<\/a><br \/>\n&nbsp;<br \/>\n<\/div><\/div>\n<div class=\"su-column su-column-size-1-3 colc\"><div class=\"su-column-inner su-u-clearfix su-u-trim\">\n<a class=\"top\" title=\"Luxury Casino\" href=\"https:\/\/luxury.casino\/de-at\/\" rel=\"noopener noreferrer\" target=\"_blank\"><img loading=\"lazy\" decoding=\"async\" title=\"Luxury Casino\" src=\"https:\/\/www.onlineroulette.tech\/at\/wp-content\/uploads\/2020\/11\/luxury-casino.jpg\" alt=\"Luxury Casino\" width=\"380\" height=\"228\" class=\"alignnone size-full wp-image-122\" srcset=\"https:\/\/www.onlineroulette.tech\/at\/wp-content\/uploads\/2020\/11\/luxury-casino.jpg 380w, https:\/\/www.onlineroulette.tech\/at\/wp-content\/uploads\/2020\/11\/luxury-casino-300x180.jpg 300w\" sizes=\"auto, (max-width: 380px) 100vw, 380px\" \/><br \/>\nBEI LUXURY CASINO SPIELEN<\/a><br \/>\n\n<\/div><\/div><\/div>\n<div class=\"su-divider su-divider-style-dotted\" style=\"margin:10px 0;border-width:3px;border-color:#820202\"><\/div>\n<h2 id=action>#2. CASINO ACTION \u2013 INSTANT PLAY<\/h2>\n<div class=\"su-row\"><div class=\"su-column su-column-size-2-3\"><div class=\"su-column-inner su-u-clearfix su-u-trim\">\nCasino Action ist eines der <strong>besten Instant Play Casinos<\/strong>. Dieses Online Casino genie\u00dft einen ausgezeichneten Ruf. Alle Spiele in diesem Casino sind \u00fcberzeugend. Egal ob Roulette, andere Tisch Spiele oder Geldspielautomaten \u2013 bei Casino Action l\u00e4uft alles rund.<br \/>\n<a title=\"Mehr dar\u00fcber\" href=\"https:\/\/www.onlineroulette.tech\/at\/seriose-casino\/action\/\">Mehr dar\u00fcber<\/a><br \/>\n&nbsp;<br \/>\n<\/div><\/div>\n<div class=\"su-column su-column-size-1-3 colc\"><div class=\"su-column-inner su-u-clearfix su-u-trim\">\n<a class=\"top\" title=\"Casino Action\" href=\"https:\/\/www.casinoaction.com\/de-at\/\" rel=\"noopener noreferrer\" target=\"_blank\"><img loading=\"lazy\" decoding=\"async\" title=\"Casino Action\" src=\"https:\/\/www.onlineroulette.tech\/at\/wp-content\/uploads\/2021\/01\/action-at.jpg\" alt=\"Casino Action\" width=\"380\" height=\"228\" class=\"alignnone size-full wp-image-1123\" srcset=\"https:\/\/www.onlineroulette.tech\/at\/wp-content\/uploads\/2021\/01\/action-at.jpg 380w, https:\/\/www.onlineroulette.tech\/at\/wp-content\/uploads\/2021\/01\/action-at-300x180.jpg 300w\" sizes=\"auto, (max-width: 380px) 100vw, 380px\" \/><br \/>\nBEI CASINO ACTION SPIELEN<\/a><br \/>\n\n<\/div><\/div><\/div>\n<div class=\"su-divider su-divider-style-dotted\" style=\"margin:10px 0;border-width:3px;border-color:#820202\"><\/div>\n<h2>#3. VILLENTO CASINO \u2013 ONLINE LIVE SPIELE<\/h2>\n<div class=\"su-row\"><div class=\"su-column su-column-size-2-3\"><div class=\"su-column-inner su-u-clearfix su-u-trim\">\nMit den Live Roulette Tischen ist Villento Casino der Spitzenreiter unter den Live Spielen. Dank den <strong>Live Dealern<\/strong> taucht ihr in dieser Online Spielhalle v\u00f6llig in das Roulette Spiel ein. Spielt mit am Tisch mit dem gr\u00fcnen Teppich. <strong>Villento Casino ist so \u00fcberzeugend, dass ihr euch den Besuch in einem lokalen Casino sparen k\u00f6nnt.<\/strong> Spielt online bei Villento Casino und f\u00fchlt euch wie in einer echten Casino Spielhalle in Las Vegas!<br \/>\n<a title=\"Mehr dar\u00fcber\" href=\"https:\/\/www.onlineroulette.tech\/at\/seriose-casino\/villento\/\">Mehr dar\u00fcber<\/a><br \/>\n&nbsp;<br \/>\n<\/div><\/div>\n<div class=\"su-column su-column-size-1-3 colc\"><div class=\"su-column-inner su-u-clearfix su-u-trim\">\n<a class=\"top\" title=\"Villento Casino\" href=\"https:\/\/www.villento.com\/de-at\/\" rel=\"noopener noreferrer\" target=\"_blank\"><img loading=\"lazy\" decoding=\"async\" title=\"Villento Casino\" src=\"https:\/\/www.onlineroulette.tech\/at\/wp-content\/uploads\/2021\/01\/villento-casino.jpg\" alt=\"Villento Casino\" width=\"380\" height=\"228\" class=\"alignnone size-full wp-image-1118\" srcset=\"https:\/\/www.onlineroulette.tech\/at\/wp-content\/uploads\/2021\/01\/villento-casino.jpg 380w, https:\/\/www.onlineroulette.tech\/at\/wp-content\/uploads\/2021\/01\/villento-casino-300x180.jpg 300w\" sizes=\"auto, (max-width: 380px) 100vw, 380px\" \/><br \/>\nBEI VILLENTO CASINO SPIELEN<\/a><br \/>\n\n<\/div><\/div><\/div>\n<div class=\"su-divider su-divider-style-dotted\" style=\"margin:10px 0;border-width:3px;border-color:#820202\"><\/div>\n<h2>F\u00fcr jedes Ger\u00e4t das passende Spiel<\/h2>\n<p>Um f\u00fcr alle Spielerinnen und Spieler das <strong>bestm\u00f6gliche Spielerlebnis<\/strong> sicherzustellen, haben wir die Webadressen zusammengestellt, die f\u00fcr das jeweilige Ger\u00e4t am besten geeignet sind.<\/p>\n<p>Einige Casino Seiten funktionieren in bestimmten F\u00e4llen besser als andere. In den folgenden Abschnitten haben wir die <strong>Casino Websites nach Ger\u00e4tetypen<\/strong> gegliedert.<\/p>\n<p>Dabei haben wir die wichtigsten Kriterien ber\u00fccksichtigt, das hei\u00dft:<\/p>\n<ul>\n<li>das Betriebssystem eures Ger\u00e4ts,<\/li>\n<li>die Leistung des Arbeitsspeichers,<\/li>\n<li>die Qualit\u00e4t der Grafikkarte und<\/li>\n<li>die Bildschirmgr\u00f6\u00dfe eures Ger\u00e4ts.<\/li>\n<\/ul>\n<h3>Android<\/h3>\n<p>Ihr seid mit einem Android-Ger\u00e4t ausgestattet? Wir haben die gelungensten Webseiten der Spieleszene unter die Lupe genommen. Unsere Android-Rangliste erm\u00f6glich euch den Zugang zu Spielen der neuesten Generation auf Smartphone und Tablet. Die Android-Webseiten in unserer Auswahl arbeiten <strong>mit Browser-Plug-ins<\/strong> und erlauben so, auf <strong>\u00fcber hundert Spiele<\/strong> zuzugreifen.<\/p>\n<div align=right><a title=\"Spiele f\u00fcr Android\" href=https:\/\/www.onlineroulette.tech\/at\/casino-anbieter-auf-android\/>Spiele f\u00fcr Android<\/a><\/div>\n<hr>\n<h3>iOS<\/h3>\n<p>Casino Seiten, die auf Apple iOS Handys zugeschnitten sind, k\u00f6nnt ihr <strong>ohne Download<\/strong> zocken. Einige dieser Casino Anbieter \u00fcbertrumpfen die anderen bei weitem. Entscheidet ihr euch f\u00fcr die Apple Casinos in unserem Guide, k\u00f6nnt ihr mit gutem Gewissen <strong>ohne App<\/strong> spielen. Wie sieht es mit der Sicherheit aus? In unserem Guide empfehlen wir Handy Casino Anbieter, die im Web zu den <strong>ehrlichsten Playern<\/strong> geh\u00f6ren.<\/p>\n<div align=right><a title=\"Spiele f\u00fcr iPhone und iPad\" href=https:\/\/www.onlineroulette.tech\/at\/casino-fur-iphone-ipad\/>Spiele f\u00fcr iPhone und iPad<\/a><\/div>\n<hr>\n<h3>Mac<\/h3>\n<p>Alle Online Casinos, die wir auf unseren Webseiten empfehlen, eignen sich f\u00fcr Mac. Drei dieser Casino Seiten sind besonders durchdacht und bieten euch ein <strong>au\u00dfergew\u00f6hnliches Spielerlebnis<\/strong>. Zudem findet ihr auf den Mac-Seiten unserer Wahl Spielautomaten und Roulette Spiele, die ihr <strong>direkt im Safari-Browser<\/strong> zocken k\u00f6nnt.<\/p>\n<div align=right><a title=\"Spiele f\u00fcr Mac\" href=https:\/\/www.onlineroulette.tech\/at\/casino-webseiten-fur-mac\/>Spiele f\u00fcr Mac<\/a><\/div>\n<hr>\n<h3>Windows<\/h3>\n<p>Mit Windows Laptops und PCs k\u00f6nnt ihr <strong>ohne Download<\/strong> auf Online Casino Seiten spielen. Spielen ohne spezielle Software ist die beliebteste und popul\u00e4rste M\u00f6glichkeit, um im Internet zu zocken. Wie funktioniert es? Loggt euch \u00fcber euren Webbrowser einfach in das Online-Casino ein \u2014 und schon k\u00f6nnt ihr loslegen!<\/p>\n<div align=right><a title=\"Spiele f\u00fcr Windows\" href=https:\/\/www.onlineroulette.tech\/at\/casino-anbieter-fur-windows\/>Spiele f\u00fcr Windows<\/a><\/div>\n<hr>\n<h2>Live spielen oder Instant Play?<\/h2>\n<p>Online Roulette mit Live Dealern spielen? Oder besser als Instant Play mit dem Flash Player Roulette? Eure Vorliebe entscheidet. Denn die beiden Spiel Optionen sind sich ebenb\u00fcrtig. Dennoch finden wir: <strong>Live Spiele haben einen besonderen Reiz<\/strong>. Einem Live Dealer gegen\u00fcber zu stehen ist eindr\u00fccklich! Eine negative Seite der Live Spiele wollen wir euch nicht vorenthalten \u2013 die Spielpartien dauern lange. Wie in einem echten Casino. Was am meisten an den Nerven zerrt? Warten, bis man wieder an der Reihe ist. <strong>Mit den Instant Play Spielen geht alles viel schneller!<\/strong><\/p>\n<h2>Wie w\u00e4hle ich das beste Online Casino aus?<\/h2>\n<p>Das \u00fcberzeugendste Casino zu finden ist kein Kinderspiel. Im Internet gibt es Hunderte von Casinos \u2013 wie also herausfinden, welche Casino Webseite die Beste ist? <strong>Unser Guide<\/strong> hat sich das zur Aufgabe gemacht. Und ganz genau hingeguckt: Unser Team hat die Casino Anbieter anhand <strong>strikter Vorgaben getestet<\/strong>.<br \/>\n&nbsp;<br \/>\n<div class=\"su-row\">\n<div class=\"su-column su-column-size-2-3\"><div class=\"su-column-inner su-u-clearfix su-u-trim\">\n<h3>Kriterien, um ein seri\u00f6ses Casino zu finden<\/h3>\n<ol>\n<li>Das Online Casino muss eine <strong>europ\u00e4ische Lizenz<\/strong> besitzen.<\/li>\n<li>Die <strong>Roulette Regeln<\/strong> sind die gleichen wie in den lokalen Casinos.<\/li>\n<li>Neukunden erhalten einen gro\u00dfz\u00fcgigen <strong>Willkommens Bonus<\/strong>.<\/li>\n<li>Der <strong>Kundenservice<\/strong> muss st\u00e4ndig erreichbar sein, t\u00e4glich w\u00e4hrend 24 Stunden.<\/li>\n<li>Die <strong>Gewinne<\/strong> m\u00fcssen rasch ausbezahlt werden.<\/li>\n<li>Das Casino muss in \u00d6sterreich einen <strong>ausgezeichneten Ruf<\/strong> genie\u00dfen.<\/li>\n<\/ol>\n<p>&nbsp;<br \/>\n<\/div><\/div>\n<div class=\"su-column su-column-size-1-3 colc\"><div class=\"su-column-inner su-u-clearfix su-u-trim\">\n<img loading=\"lazy\" decoding=\"async\" title=\"Kriterien, um ein seri\u00f6ses Online Casino zu finden\" src=\"https:\/\/www.onlineroulette.tech\/at\/wp-content\/uploads\/2020\/11\/criteres.jpg\" alt=\"Kriterien, um ein seri\u00f6ses Online Casino zu finden\" width=\"380\" height=\"250\" class=\"alignnone size-full wp-image-119\" srcset=\"https:\/\/www.onlineroulette.tech\/at\/wp-content\/uploads\/2020\/11\/criteres.jpg 380w, https:\/\/www.onlineroulette.tech\/at\/wp-content\/uploads\/2020\/11\/criteres-300x197.jpg 300w, https:\/\/www.onlineroulette.tech\/at\/wp-content\/uploads\/2020\/11\/criteres-120x80.jpg 120w\" sizes=\"auto, (max-width: 380px) 100vw, 380px\" \/><br \/>\n&nbsp;<br \/>\n<\/div><\/div>\n<\/div>\n<div class=\"su-row\">\n<div class=\"su-column su-column-size-1-2\"><div class=\"su-column-inner su-u-clearfix su-u-trim\">\n<h2>Instant Play Online Casino<\/h2>\n<p>Instant Play Spiele werden bei einem Besuch im Online Casino am h\u00e4ufigsten gespielt. Der Vorteil: Sie funktionieren mit dem Flash Player und <strong>sind mit s\u00e4mtlichen Bildschirmen kompatibel<\/strong>. Egal ob PC, Mac, Tablet oder Mobilger\u00e4te. Eine einzige Anwendung f\u00fcr s\u00e4mtliche Ger\u00e4te.<br \/>\n&nbsp;<br \/>\nWir haben die Flash Player Roulette Spiele bei <strong>Luxury Casino<\/strong> getestet \u2013 man kann diese Instant Play Spiele nur lieben! <strong>In diesem Online Casino funktioniert alles einwandfrei.<\/strong> Online Roulette genauso wie die anderen Casino Spiele.<br \/>\n&nbsp;<br \/>\n<\/div><\/div><div class=\"su-column su-column-size-1-2\"><div class=\"su-column-inner su-u-clearfix su-u-trim\">\n<h2>Unser Fazit<\/h2>\n<p>Unsere <a title=\"Online Roulette\" href=\"https:\/\/www.onlineroulette.tech\/at\/\">Online Roulette<\/a> Tester haben s\u00e4mtliche Online Casino Spielhallen in \u00d6sterreich unter die Lupe genommen. Und haben ein Urteil gef\u00e4llt: <strong>Aufs Podest schaffen es die Marken Luxury Casino, Casino Action und Villento Casino.<\/strong> Diese legend\u00e4ren Casino Anbieter halten s\u00e4mtlichen Pr\u00fcfkriterien auf dem Markt stand.<br \/>\n&nbsp;<br \/>\nWenn ihr euch auf einer Casino Webseite aus unserem Guide einschreibt, k\u00f6nnt ihr entweder eine Demoversion spielen oder Echtgeld setzen. <strong>Bei eurem ersten Einsatz erh\u00e4lt ihr einen Bonus.<\/strong> Unter einer Bedingung: ihr m\u00fcsst mindestens 10\u20ac einsetzen. Euer Einsatz berechtigt euch zu einem Bonus in H\u00f6he von 100% der Einsatzsumme. Mit diesem Angebot k\u00f6nnt ihr eurer Spielkapital verdoppeln \u2013 bis in H\u00f6he von 100\u20ac Einsatz.<br \/>\n&nbsp;<br \/>\n<\/div><\/div><\/div>\nMit unserer Internetseite seid ihr an der richtigen Adresse. Wir zeigen euch die besten Casinos, um Roulette zu spielen. Die Cr\u00e8me de la Cr\u00e8me unter den Online Casino Anbietern!<br \/>\n&nbsp;<\/p>\n","protected":false},"excerpt":{"rendered":"<p>Die Top Casino Roulette Webseiten, um in \u00d6sterreich online zu spielen. Wir zeigen euch die seri\u00f6sesten Anbieter unter den \u00f6sterreichischen Online Casino Seiten.<\/p>\n","protected":false},"author":1,"featured_media":0,"parent":0,"menu_order":0,"comment_status":"closed","ping_status":"closed","template":"template-fullwidth.php","meta":{"footnotes":""},"class_list":["post-25","page","type-page","status-publish","hentry"],"yoast_head":"<!-- This site is optimized with the Yoast SEO plugin v27.5 - https:\/\/yoast.com\/product\/yoast-seo-wordpress\/ -->\n<title>Seri\u00f6se Online Casino in \u00d6sterreich \u2013 Beste Casinos in 2026<\/title>\n<meta name=\"description\" content=\"Bestes seri\u00f6ses Online Casino in \u00d6sterreich im Jahr 2020. Echtgeldspiele, denen Sie vertrauen k\u00f6nnen, und kostenlose Boni.\" \/>\n<meta name=\"robots\" content=\"index, follow, max-snippet:-1, max-image-preview:large, max-video-preview:-1\" \/>\n<link rel=\"canonical\" href=\"https:\/\/www.onlineroulette.tech\/at\/seriose-casino\/\" \/>\n<meta property=\"og:locale\" content=\"de_DE\" \/>\n<meta property=\"og:type\" content=\"article\" \/>\n<meta property=\"og:title\" content=\"Seri\u00f6se Online Casino in \u00d6sterreich \u2013 Beste Casinos in 2026\" \/>\n<meta property=\"og:description\" content=\"Bestes seri\u00f6ses Online Casino in \u00d6sterreich im Jahr 2020. Echtgeldspiele, denen Sie vertrauen k\u00f6nnen, und kostenlose Boni.\" \/>\n<meta property=\"og:url\" content=\"https:\/\/www.onlineroulette.tech\/at\/seriose-casino\/\" \/>\n<meta property=\"og:site_name\" content=\"Online Roulette\" \/>\n<meta property=\"article:modified_time\" content=\"2025-11-18T04:45:17+00:00\" \/>\n<meta property=\"og:image\" content=\"https:\/\/www.onlineroulette.tech\/at\/wp-content\/uploads\/2021\/01\/online-casino.jpg\" \/>\n\t<meta property=\"og:image:width\" content=\"380\" \/>\n\t<meta property=\"og:image:height\" content=\"228\" \/>\n\t<meta property=\"og:image:type\" content=\"image\/jpeg\" \/>\n<meta name=\"twitter:card\" content=\"summary_large_image\" \/>\n<meta name=\"twitter:label1\" content=\"Gesch\u00e4tzte Lesezeit\" \/>\n\t<meta name=\"twitter:data1\" content=\"8 Minuten\" \/>\n<script type=\"application\/ld+json\" class=\"yoast-schema-graph\">{\"@context\":\"https:\\\/\\\/schema.org\",\"@graph\":[{\"@type\":\"WebPage\",\"@id\":\"https:\\\/\\\/www.onlineroulette.tech\\\/at\\\/seriose-casino\\\/\",\"url\":\"https:\\\/\\\/www.onlineroulette.tech\\\/at\\\/seriose-casino\\\/\",\"name\":\"Seri\u00f6se Online Casino in \u00d6sterreich \u2013 Beste Casinos in 2026\",\"isPartOf\":{\"@id\":\"https:\\\/\\\/www.onlineroulette.tech\\\/at\\\/#website\"},\"primaryImageOfPage\":{\"@id\":\"https:\\\/\\\/www.onlineroulette.tech\\\/at\\\/seriose-casino\\\/#primaryimage\"},\"image\":{\"@id\":\"https:\\\/\\\/www.onlineroulette.tech\\\/at\\\/seriose-casino\\\/#primaryimage\"},\"thumbnailUrl\":\"https:\\\/\\\/www.onlineroulette.tech\\\/at\\\/wp-content\\\/uploads\\\/2021\\\/01\\\/online-casino.jpg\",\"datePublished\":\"2020-11-26T15:42:31+00:00\",\"dateModified\":\"2025-11-18T04:45:17+00:00\",\"description\":\"Bestes seri\u00f6ses Online Casino in \u00d6sterreich im Jahr 2020. Echtgeldspiele, denen Sie vertrauen k\u00f6nnen, und kostenlose Boni.\",\"breadcrumb\":{\"@id\":\"https:\\\/\\\/www.onlineroulette.tech\\\/at\\\/seriose-casino\\\/#breadcrumb\"},\"inLanguage\":\"de-AT\",\"potentialAction\":[{\"@type\":\"ReadAction\",\"target\":[\"https:\\\/\\\/www.onlineroulette.tech\\\/at\\\/seriose-casino\\\/\"]}]},{\"@type\":\"ImageObject\",\"inLanguage\":\"de-AT\",\"@id\":\"https:\\\/\\\/www.onlineroulette.tech\\\/at\\\/seriose-casino\\\/#primaryimage\",\"url\":\"https:\\\/\\\/www.onlineroulette.tech\\\/at\\\/wp-content\\\/uploads\\\/2021\\\/01\\\/online-casino.jpg\",\"contentUrl\":\"https:\\\/\\\/www.onlineroulette.tech\\\/at\\\/wp-content\\\/uploads\\\/2021\\\/01\\\/online-casino.jpg\",\"width\":380,\"height\":228,\"caption\":\"Bestes Online Casino in \u00d6sterreich\"},{\"@type\":\"BreadcrumbList\",\"@id\":\"https:\\\/\\\/www.onlineroulette.tech\\\/at\\\/seriose-casino\\\/#breadcrumb\",\"itemListElement\":[{\"@type\":\"ListItem\",\"position\":1,\"name\":\"Home\",\"item\":\"https:\\\/\\\/www.onlineroulette.tech\\\/at\\\/\"},{\"@type\":\"ListItem\",\"position\":2,\"name\":\"Seri\u00f6se Online Casino Webseiten\"}]},{\"@type\":\"WebSite\",\"@id\":\"https:\\\/\\\/www.onlineroulette.tech\\\/at\\\/#website\",\"url\":\"https:\\\/\\\/www.onlineroulette.tech\\\/at\\\/\",\"name\":\"Online Roulette\",\"description\":\"Roulette Guide\",\"publisher\":{\"@id\":\"https:\\\/\\\/www.onlineroulette.tech\\\/at\\\/#organization\"},\"potentialAction\":[{\"@type\":\"SearchAction\",\"target\":{\"@type\":\"EntryPoint\",\"urlTemplate\":\"https:\\\/\\\/www.onlineroulette.tech\\\/at\\\/?s={search_term_string}\"},\"query-input\":{\"@type\":\"PropertyValueSpecification\",\"valueRequired\":true,\"valueName\":\"search_term_string\"}}],\"inLanguage\":\"de-AT\"},{\"@type\":\"Organization\",\"@id\":\"https:\\\/\\\/www.onlineroulette.tech\\\/at\\\/#organization\",\"name\":\"Online Roulette\",\"url\":\"https:\\\/\\\/www.onlineroulette.tech\\\/at\\\/\",\"logo\":{\"@type\":\"ImageObject\",\"inLanguage\":\"de-AT\",\"@id\":\"https:\\\/\\\/www.onlineroulette.tech\\\/at\\\/#\\\/schema\\\/logo\\\/image\\\/\",\"url\":\"https:\\\/\\\/www.onlineroulette.tech\\\/at\\\/wp-content\\\/uploads\\\/2022\\\/01\\\/logo.jpg\",\"contentUrl\":\"https:\\\/\\\/www.onlineroulette.tech\\\/at\\\/wp-content\\\/uploads\\\/2022\\\/01\\\/logo.jpg\",\"width\":280,\"height\":115,\"caption\":\"Online Roulette\"},\"image\":{\"@id\":\"https:\\\/\\\/www.onlineroulette.tech\\\/at\\\/#\\\/schema\\\/logo\\\/image\\\/\"}}]}<\/script>\n<!-- \/ Yoast SEO plugin. -->","yoast_head_json":{"title":"Seri\u00f6se Online Casino in \u00d6sterreich \u2013 Beste Casinos in 2026","description":"Bestes seri\u00f6ses Online Casino in \u00d6sterreich im Jahr 2020. Echtgeldspiele, denen Sie vertrauen k\u00f6nnen, und kostenlose Boni.","robots":{"index":"index","follow":"follow","max-snippet":"max-snippet:-1","max-image-preview":"max-image-preview:large","max-video-preview":"max-video-preview:-1"},"canonical":"https:\/\/www.onlineroulette.tech\/at\/seriose-casino\/","og_locale":"de_DE","og_type":"article","og_title":"Seri\u00f6se Online Casino in \u00d6sterreich \u2013 Beste Casinos in 2026","og_description":"Bestes seri\u00f6ses Online Casino in \u00d6sterreich im Jahr 2020. Echtgeldspiele, denen Sie vertrauen k\u00f6nnen, und kostenlose Boni.","og_url":"https:\/\/www.onlineroulette.tech\/at\/seriose-casino\/","og_site_name":"Online Roulette","article_modified_time":"2025-11-18T04:45:17+00:00","og_image":[{"width":380,"height":228,"url":"https:\/\/www.onlineroulette.tech\/at\/wp-content\/uploads\/2021\/01\/online-casino.jpg","type":"image\/jpeg"}],"twitter_card":"summary_large_image","twitter_misc":{"Gesch\u00e4tzte Lesezeit":"8 Minuten"},"schema":{"@context":"https:\/\/schema.org","@graph":[{"@type":"WebPage","@id":"https:\/\/www.onlineroulette.tech\/at\/seriose-casino\/","url":"https:\/\/www.onlineroulette.tech\/at\/seriose-casino\/","name":"Seri\u00f6se Online Casino in \u00d6sterreich \u2013 Beste Casinos in 2026","isPartOf":{"@id":"https:\/\/www.onlineroulette.tech\/at\/#website"},"primaryImageOfPage":{"@id":"https:\/\/www.onlineroulette.tech\/at\/seriose-casino\/#primaryimage"},"image":{"@id":"https:\/\/www.onlineroulette.tech\/at\/seriose-casino\/#primaryimage"},"thumbnailUrl":"https:\/\/www.onlineroulette.tech\/at\/wp-content\/uploads\/2021\/01\/online-casino.jpg","datePublished":"2020-11-26T15:42:31+00:00","dateModified":"2025-11-18T04:45:17+00:00","description":"Bestes seri\u00f6ses Online Casino in \u00d6sterreich im Jahr 2020. Echtgeldspiele, denen Sie vertrauen k\u00f6nnen, und kostenlose Boni.","breadcrumb":{"@id":"https:\/\/www.onlineroulette.tech\/at\/seriose-casino\/#breadcrumb"},"inLanguage":"de-AT","potentialAction":[{"@type":"ReadAction","target":["https:\/\/www.onlineroulette.tech\/at\/seriose-casino\/"]}]},{"@type":"ImageObject","inLanguage":"de-AT","@id":"https:\/\/www.onlineroulette.tech\/at\/seriose-casino\/#primaryimage","url":"https:\/\/www.onlineroulette.tech\/at\/wp-content\/uploads\/2021\/01\/online-casino.jpg","contentUrl":"https:\/\/www.onlineroulette.tech\/at\/wp-content\/uploads\/2021\/01\/online-casino.jpg","width":380,"height":228,"caption":"Bestes Online Casino in \u00d6sterreich"},{"@type":"BreadcrumbList","@id":"https:\/\/www.onlineroulette.tech\/at\/seriose-casino\/#breadcrumb","itemListElement":[{"@type":"ListItem","position":1,"name":"Home","item":"https:\/\/www.onlineroulette.tech\/at\/"},{"@type":"ListItem","position":2,"name":"Seri\u00f6se Online Casino Webseiten"}]},{"@type":"WebSite","@id":"https:\/\/www.onlineroulette.tech\/at\/#website","url":"https:\/\/www.onlineroulette.tech\/at\/","name":"Online Roulette","description":"Roulette Guide","publisher":{"@id":"https:\/\/www.onlineroulette.tech\/at\/#organization"},"potentialAction":[{"@type":"SearchAction","target":{"@type":"EntryPoint","urlTemplate":"https:\/\/www.onlineroulette.tech\/at\/?s={search_term_string}"},"query-input":{"@type":"PropertyValueSpecification","valueRequired":true,"valueName":"search_term_string"}}],"inLanguage":"de-AT"},{"@type":"Organization","@id":"https:\/\/www.onlineroulette.tech\/at\/#organization","name":"Online Roulette","url":"https:\/\/www.onlineroulette.tech\/at\/","logo":{"@type":"ImageObject","inLanguage":"de-AT","@id":"https:\/\/www.onlineroulette.tech\/at\/#\/schema\/logo\/image\/","url":"https:\/\/www.onlineroulette.tech\/at\/wp-content\/uploads\/2022\/01\/logo.jpg","contentUrl":"https:\/\/www.onlineroulette.tech\/at\/wp-content\/uploads\/2022\/01\/logo.jpg","width":280,"height":115,"caption":"Online Roulette"},"image":{"@id":"https:\/\/www.onlineroulette.tech\/at\/#\/schema\/logo\/image\/"}}]}},"_links":{"self":[{"href":"https:\/\/www.onlineroulette.tech\/at\/wp-json\/wp\/v2\/pages\/25","targetHints":{"allow":["GET"]}}],"collection":[{"href":"https:\/\/www.onlineroulette.tech\/at\/wp-json\/wp\/v2\/pages"}],"about":[{"href":"https:\/\/www.onlineroulette.tech\/at\/wp-json\/wp\/v2\/types\/page"}],"author":[{"embeddable":true,"href":"https:\/\/www.onlineroulette.tech\/at\/wp-json\/wp\/v2\/users\/1"}],"replies":[{"embeddable":true,"href":"https:\/\/www.onlineroulette.tech\/at\/wp-json\/wp\/v2\/comments?post=25"}],"version-history":[{"count":70,"href":"https:\/\/www.onlineroulette.tech\/at\/wp-json\/wp\/v2\/pages\/25\/revisions"}],"predecessor-version":[{"id":2213,"href":"https:\/\/www.onlineroulette.tech\/at\/wp-json\/wp\/v2\/pages\/25\/revisions\/2213"}],"wp:attachment":[{"href":"https:\/\/www.onlineroulette.tech\/at\/wp-json\/wp\/v2\/media?parent=25"}],"curies":[{"name":"wp","href":"https:\/\/api.w.org\/{rel}","templated":true}]}}