{"id":20,"date":"2020-11-26T15:35:50","date_gmt":"2020-11-26T15:35:50","guid":{"rendered":"https:\/\/www.onlineroulette.tech\/at\/?page_id=20"},"modified":"2025-11-18T04:41:42","modified_gmt":"2025-11-18T04:41:42","slug":"faq","status":"publish","type":"page","link":"https:\/\/www.onlineroulette.tech\/at\/faq\/","title":{"rendered":"FAQ"},"content":{"rendered":"<div class=\"su-row\"><div class=\"su-column su-column-size-2-3\"><div class=\"su-column-inner su-u-clearfix su-u-trim\">\nIn diesen FAQ findet ihr die Antworten auf eure brennendsten Fragen zum Online Casino Roulette. Wir zeigen euch die attraktivsten Spielm\u00f6glichkeiten in \u00d6sterreich.<!--more--><\/p>\n<h2>FAQ #1 \u2013 Welches ist die beste Seite, um Roulette zu spielen?<\/h2>\n<p>Ein einziges Online Casino zu nennen ist schwierig. Ein Spielbankbetreiber sticht trotzdem aus der Menge heraus: Luxury Casino. Dieses Online Casino hat unsere Experten am meisten \u00fcberzeugt.<br \/>\n&nbsp;<br \/>\nBleibt am Ball: Es lohnt sich, unsere Seite mit <a title=\"den seri\u00f6sesten Online Casinos\" href=\"https:\/\/www.onlineroulette.tech\/at\/seriose-casino\/\">den seri\u00f6sesten Online Casinos<\/a> in \u00d6sterreich regelm\u00e4\u00dfig zu besuchen. Wir zeigen euch die bekanntesten Roulette Online Casinos, die alle anderen in den Schatten stellen.<br \/>\n<\/div><\/div>\n<div class=\"su-column su-column-size-1-3\"><div class=\"su-column-inner su-u-clearfix su-u-trim\">\n<img loading=\"lazy\" decoding=\"async\" title=\"FAQ Casino und Roulette\" src=\"https:\/\/www.onlineroulette.tech\/at\/wp-content\/uploads\/2020\/11\/faq-casino.jpg\" alt=\"FAQ Casino und Roulette\" width=\"380\" height=\"285\" class=\"alignnone size-full wp-image-131\" srcset=\"https:\/\/www.onlineroulette.tech\/at\/wp-content\/uploads\/2020\/11\/faq-casino.jpg 380w, https:\/\/www.onlineroulette.tech\/at\/wp-content\/uploads\/2020\/11\/faq-casino-300x225.jpg 300w\" sizes=\"auto, (max-width: 380px) 100vw, 380px\" \/><br \/>\n<\/div><\/div><\/div>\n<div class=\"su-row\"><div class=\"su-column su-column-size-1-2\"><div class=\"su-column-inner su-u-clearfix su-u-trim\">\n<h3>Online Roulette in elektronischer Version<\/h3>\n<p>Wir haben die elektronischen Versionen der Casino Roulette Spiele getestet. Auf das Podest geschafft hat es <a title=\"Luxury Casino\" href=\"https:\/\/www.onlineroulette.tech\/at\/seriose-casino\/#luxury\">Luxury Casino<\/a>. Es hat nicht nur einen hohen Bekanntheitsgrad. Auch die anderen Casino Spiele \u2013 Black Jack oder Baccara beispielsweise \u2013 \u00fcberzeugen.<br \/>\n<\/div><\/div>\n<div class=\"su-column su-column-size-1-2\"><div class=\"su-column-inner su-u-clearfix su-u-trim\">\n<h3>Live Dealer<\/h3>\n<p>Auf der Suche nach einem au\u00dfergew\u00f6hnlichen Spielerlebnis? Beim Live Casino Roulette ist <a title=\"Casino Action\" href=\"https:\/\/www.onlineroulette.tech\/at\/seriose-casino\/#action\">Casino Action<\/a> unsere Nummer 1. Dank den Live Dealern erlebt ihr die Spannung rund um den Roulette Kessel hautnah mit. Rot oder schwarz? Setzt euch online an den gr\u00fcnen Roulette Spieltisch und zockt mit.<br \/>\n<\/div><\/div><\/div>\n<h2>Sind Online Gl\u00fccksspiele in \u00d6sterreich erlaubt?<\/h2>\n<p>Ja, Geldspiele im Internet sind in \u00d6sterreich legal. Aber Vorsicht: es gibt betr\u00fcgerische ausl\u00e4ndische Online Casinos. Spielt am besten in Online Spielbanken, welche einen guten Ruf genie\u00dfen. F\u00fcr \u00f6sterreichische Spieler sind europ\u00e4ische Online Casino Seiten am vertrauensw\u00fcrdigsten.<\/p>\n<h2 id=18>Was ist das Mindestalter, um in einem Casino spielen zu d\u00fcrfen?<\/h2>\n<p>In \u00d6sterreich m\u00fcsst ihr mindestens 18 Jahre alt sein. Mit dieser Regel darf nicht gespa\u00dft werden: Jede erwachsene Person, die einen Minderj\u00e4hrigen zu einem Gl\u00fccksspiel mit Echtgeld verleitet, wird straff\u00e4llig. Dies gilt auch f\u00fcr die anderen deutschsprachigen L\u00e4nder wie Deutschland, die Schweiz, Luxemburg und Liechtenstein. Sie halten sich an die gleiche Gesetzgebung wie \u00d6sterreich.<\/p>\n<h2>Ist der Eintritt ins Casino kostenlos?<\/h2>\n<p>Ja, ihr braucht nichts zu bezahlen. Der Zugang zum Spielsaal ist kostenlos. Ihr k\u00f6nnt sogar Spiele testen, ohne einen einzigen Euro auszugeben. Macht als Erstes einen Rundgang durch einen Live Spielsaal und guckt, was l\u00e4uft. Den anderen Spielern beim Roulette spielen zuzuschauen ist unterhaltsam \u2013 und lehrreich.<\/p>\n<h2>Software auf Casino Webseiten in \u00d6sterreich<\/h2>\n<div class=\"su-row\"><div class=\"su-column su-column-size-1-2\"><div class=\"su-column-inner su-u-clearfix su-u-trim\">Die in \u00d6sterreich beliebtesten Online Casinos sind mit Hightech Software ausgestattet. Aktuell gibt es auf dem Markt \u00fcber 50 Programme. Der Konkurrenzkampf um die Gunst der Spieler l\u00e4uft.<\/p>\n<h3>Microgaming<\/h3>\n<p>Die zuverl\u00e4ssigste Software ist Microgaming. Dieser Spielanbieter bietet auch die ausgekl\u00fcgeltesten Online Roulette Spiele an.<br \/>\n&nbsp;<br \/>\nLuxury Casino ist ein Online Casino, das aus dem Rahmen f\u00e4llt. Und mit Microgaming Online Spielen ausgestattet. Bei Luxury Casino k\u00f6nnt ihr s\u00e4mtliche Roulette Varianten zocken. Aber nicht nur: neben Roulette habt ihr die Wahl zwischen Black Jack, Pokerspielen und einem gro\u00dfen Angebot an Geldautomaten-Spielen.<\/div><\/div>\n<div class=\"su-column su-column-size-1-2\"><div class=\"su-column-inner su-u-clearfix su-u-trim\">\n<div align=center><a class=\"top\" title=\"Luxury Casino\" href=\"https:\/\/luxury.casino\/de-at\/\" rel=\"noopener noreferrer\" target=\"_blank\"><img loading=\"lazy\" decoding=\"async\" title=\"Luxury Casino\" src=\"https:\/\/www.onlineroulette.tech\/at\/wp-content\/uploads\/2021\/01\/casino-faq.jpg\" alt=\"Luxury Casino\" width=\"550\" height=\"360\" class=\"aligncenter size-full wp-image-814\" srcset=\"https:\/\/www.onlineroulette.tech\/at\/wp-content\/uploads\/2021\/01\/casino-faq.jpg 550w, https:\/\/www.onlineroulette.tech\/at\/wp-content\/uploads\/2021\/01\/casino-faq-300x196.jpg 300w, https:\/\/www.onlineroulette.tech\/at\/wp-content\/uploads\/2021\/01\/casino-faq-120x80.jpg 120w\" sizes=\"auto, (max-width: 550px) 100vw, 550px\" \/>JETZT IM LUXURY CASINO SPIELEN<\/a><\/div>\n\n<\/div><\/div><\/div>\n<h3>Andere Spielprogramme<\/h3>\n<p>Microgaming ist in Europa der am meisten ausgezeichnete Anbieter von Online Geldspielen. Zwei weitere Spielentwickler m\u00fcssen wir euch nennen: Evolution Gaming und NetEnt. Alles in allem sind es diese drei Anbieter, die in \u00d6sterreich auf den Online Casino Webseiten die Nase vorne haben. In der <a title=\"Rubrik Roulette Software\" href=\"https:\/\/www.onlineroulette.tech\/at\/software\/\">Rubrik Roulette Software<\/a> findet ihr mehr dazu.<\/p>\n<h2>Kann ich meine Kreditkarte mit ruhigem Gewissen benutzen?<\/h2>\n<p>Ja, nat\u00fcrlich. Wenn ihr bei einem gepr\u00fcften Online Casino in \u00d6sterreich eine Einzahlung macht, bewegt ihr euch auf sicherem Terrain. Die Casinos wickeln den Zahlungsverkehr \u00fcber gesicherte Seiten ab. Missbr\u00e4uchliche Zugriffe sind ausgeschlossen. Auf dem Casino Konto k\u00f6nnt ihr eure Gelder bequem einzahlen. Und eure Gewinne auszahlen lassen. Auch Bankkarten k\u00f6nnt ihr verwenden.<\/p>\n<h2>Ich habe gewonnen, wird mein Geld sofort ausbezahlt?<\/h2>\n<p>Ja, nat\u00fcrlich. Auf der Bankseite des Casinos k\u00f6nnt ihr die Auszahlung beantragen. Sucht vorher die notwendigen Dokumente zusammen: verlangt wird eine Kopie eures Passes sowie eine Wohnsitzbescheinigung. Ihr m\u00fcsst diese Unterlagen einscannen und auf einer gesicherten Seite des Casinos hochladen. Screenshots mit einem Handy reichen auch. S\u00e4mtliche europ\u00e4ischen Casinos funktionieren auf diese Weise. Denn schlie\u00dflich soll der Gewinn an die richtige Person ausbezahlt werden.<\/p>\n<h2>Muss ich auf meinem Gewinn Steuern bezahlen?<\/h2>\n<p>Nein, die Gewinne sind steuerfrei. Die \u00f6sterreichische Steuerbeh\u00f6rde darf auf Gewinnen, die bei Gl\u00fccksspielen erzielt werden, keine Steuer erheben. Es gilt das gleiche Prinzip wie beim Lottospiel: Die Gewinner sind von Steuerzahlungen befreit. Wenn ihr in einem Online Casino Geld gewonnen habt, m\u00fcsst ihr den Gewinn einzig als Kapitalertragsteuer deklarieren.<\/p>\n<h2>Was bringt mir ein kostenloser Bonus?<\/h2>\n<p>Ein Bonus ohne Einzahlung lohnt sich. Die kostenlosen Bonus Angebote sind aber reserviert &#8211; f\u00fcr die neuen Mitglieder. Auch m\u00fcsst ihr gewisse Spielregeln beachten: Die Boni werden nur ausbezahlt, wenn ihr damit gen\u00fcgend mal gezockt habt. Trotzdem sind die kostenlosen Bonus Angebote eine gute Gelegenheit. Ergreift sie und testet damit ein Online Roulette Spiel mit Echtgeld.<\/p>\n<h2>Kann ich gratis spielen?<\/h2>\n<p>Ja, nat\u00fcrlich. Ihr k\u00f6nnt die Echtgeld Casino Spiele in der Demoversion testen. Damit macht ihr euch fit f\u00fcr das Online Roulette Spiel. Ohne Risiko. Die beste M\u00f6glichkeit, um mit dem Gl\u00fccksspiel vertraut zu werden.<\/p>\n<h2>Muss ich eine Software installieren?<\/h2>\n<p>Nein, das ist nicht notwendig. Die modernen Online Casinos bieten Instant Play Spiele an. Die Spiele werden im Internet Browser automatisch im Instant Play Modus ge\u00f6ffnet. Ihr habt die Wahl: Wenn es euch lieber ist, k\u00f6nnt ihr die Casino Software auch downloaden.<\/p>\n<h2>Die Frage der Fragen: Welches Roulette lohnt sich am meisten?<\/h2>\n<p>Mit einem der drei Casino Roulette Spielen habt ihr die gr\u00f6\u00dften Gewinnchancen: dem franz\u00f6sischen Roulette. Um euch den Gewinnvorteil zu sichern, m\u00fcsst ihr aber die richtigen Spieltechniken kennen. Neugierig? Auf unserer Seite zu den <a title=\"Gewinnstrategien\" href=\"https:\/\/www.onlineroulette.tech\/at\/strategien\/\">Gewinnstrategien<\/a> verraten wir euch mehr. Lernt die besten Tricks der Profizocker, um das Roulette Spiel neu zu entdecken!<\/p>\n<h2>Was mache ich bei einer Panne?<\/h2>\n<p>Ihr werdet mitten im Roulette-Spiel von einer Internetpanne unterbrochen? Ruhig bleiben, neu im Online Casino einloggen, weiterspielen! Selbst wenn der Internetausfall andauert: beim n\u00e4chsten Besuch in der Spielbank k\u00f6nnt ihr genau da weiterzocken, wo euch die Panne unterbrochen hat.<\/p>\n<h2>Kann ich mein Kundenkonto aufl\u00f6sen?<\/h2>\n<p>Selbstverst\u00e4ndlich. Ihr braucht einzig den Kundendienst des Online Casinos zu kontaktieren. Und um Schlie\u00dfung des Kundenkontos zu bitten. Danach werden euch die noch nicht benutzen Gelder ausbezahlt. Schlie\u00dflich wird euer Konto definitiv geschlossen.<\/p>\n<h2>Kann ich ein Spielverbot erhalten?<\/h2>\n<p>Ja, jedem Spieler kann der Zutritt ins Online Casino verweigert werden. Das Spielverbot kann rasch erlassen werden und ist mit keinen Kosten verbunden.<\/p>\n<h2>Werde ich beim Online Roulette Spielen abgezockt?<\/h2>\n<p>Auch unter den Online Casinos gibt es schwarze Schafe. Aber wir versichern euch: die Online Roulette Casinos in unserem Guide sind vertrauensw\u00fcrdig. Sie werden von kompetenten Instanzen \u00fcberpr\u00fcft. Die Pr\u00fcfer nehmen die Online Casinos genau unter die Lupe. Die Finger lassen solltet ihr von den Offshore Seiten! Bei diesen Spielen handelt es sich um Abzocke. Lest dazu die Kundenkommentare in den jeweiligen Foren, um euch zu \u00fcberzeugen.<\/p>\n<h2>Eure FAQ Frage<\/h2>\n<p>Ihr habt die Antwort auf eure Frage nicht gefunden? Wir k\u00fcmmern uns gerne darum! Kontaktiert unser Team \u2013 wir werden euch innerhalb von 48 Stunden antworten.<br \/>\n&nbsp;<\/p>\n","protected":false},"excerpt":{"rendered":"<p>In diesen FAQ findet ihr die Antworten auf eure brennendsten Fragen zum Online Casino Roulette. Wir zeigen euch die attraktivsten Spielm\u00f6glichkeiten in \u00d6sterreich.<\/p>\n","protected":false},"author":1,"featured_media":0,"parent":0,"menu_order":0,"comment_status":"closed","ping_status":"closed","template":"template-fullwidth.php","meta":{"footnotes":""},"class_list":["post-20","page","type-page","status-publish","hentry"],"yoast_head":"<!-- This site is optimized with the Yoast SEO plugin v27.5 - https:\/\/yoast.com\/product\/yoast-seo-wordpress\/ -->\n<title>FAQ \u2013 Antworten zu Fragen zum Casino Online Roulette<\/title>\n<meta name=\"description\" content=\"FAQ zum Casino Online Roulette. Die Rechtslage in \u00d6sterreich zu den Gl\u00fccksspielen, der Steuerpflicht, dem Mindestalter und vielem mehr.\" \/>\n<meta name=\"robots\" content=\"index, follow, max-snippet:-1, max-image-preview:large, max-video-preview:-1\" \/>\n<link rel=\"canonical\" href=\"https:\/\/www.onlineroulette.tech\/at\/faq\/\" \/>\n<meta property=\"og:locale\" content=\"de_DE\" \/>\n<meta property=\"og:type\" content=\"article\" \/>\n<meta property=\"og:title\" content=\"FAQ \u2013 Antworten zu Fragen zum Casino Online Roulette\" \/>\n<meta property=\"og:description\" content=\"FAQ zum Casino Online Roulette. Die Rechtslage in \u00d6sterreich zu den Gl\u00fccksspielen, der Steuerpflicht, dem Mindestalter und vielem mehr.\" \/>\n<meta property=\"og:url\" content=\"https:\/\/www.onlineroulette.tech\/at\/faq\/\" \/>\n<meta property=\"og:site_name\" content=\"Online Roulette\" \/>\n<meta property=\"article:modified_time\" content=\"2025-11-18T04:41:42+00:00\" \/>\n<meta property=\"og:image\" content=\"https:\/\/www.onlineroulette.tech\/at\/wp-content\/uploads\/2020\/11\/faq-casino.jpg\" \/>\n\t<meta property=\"og:image:width\" content=\"380\" \/>\n\t<meta property=\"og:image:height\" content=\"285\" \/>\n\t<meta property=\"og:image:type\" content=\"image\/jpeg\" \/>\n<meta name=\"twitter:card\" content=\"summary_large_image\" \/>\n<meta name=\"twitter:label1\" content=\"Gesch\u00e4tzte Lesezeit\" \/>\n\t<meta name=\"twitter:data1\" content=\"7 Minuten\" \/>\n<script type=\"application\/ld+json\" class=\"yoast-schema-graph\">{\"@context\":\"https:\\\/\\\/schema.org\",\"@graph\":[{\"@type\":\"WebPage\",\"@id\":\"https:\\\/\\\/www.onlineroulette.tech\\\/at\\\/faq\\\/\",\"url\":\"https:\\\/\\\/www.onlineroulette.tech\\\/at\\\/faq\\\/\",\"name\":\"FAQ \u2013 Antworten zu Fragen zum Casino Online Roulette\",\"isPartOf\":{\"@id\":\"https:\\\/\\\/www.onlineroulette.tech\\\/at\\\/#website\"},\"primaryImageOfPage\":{\"@id\":\"https:\\\/\\\/www.onlineroulette.tech\\\/at\\\/faq\\\/#primaryimage\"},\"image\":{\"@id\":\"https:\\\/\\\/www.onlineroulette.tech\\\/at\\\/faq\\\/#primaryimage\"},\"thumbnailUrl\":\"https:\\\/\\\/www.onlineroulette.tech\\\/at\\\/wp-content\\\/uploads\\\/2020\\\/11\\\/faq-casino.jpg\",\"datePublished\":\"2020-11-26T15:35:50+00:00\",\"dateModified\":\"2025-11-18T04:41:42+00:00\",\"description\":\"FAQ zum Casino Online Roulette. Die Rechtslage in \u00d6sterreich zu den Gl\u00fccksspielen, der Steuerpflicht, dem Mindestalter und vielem mehr.\",\"breadcrumb\":{\"@id\":\"https:\\\/\\\/www.onlineroulette.tech\\\/at\\\/faq\\\/#breadcrumb\"},\"inLanguage\":\"de-AT\",\"potentialAction\":[{\"@type\":\"ReadAction\",\"target\":[\"https:\\\/\\\/www.onlineroulette.tech\\\/at\\\/faq\\\/\"]}]},{\"@type\":\"ImageObject\",\"inLanguage\":\"de-AT\",\"@id\":\"https:\\\/\\\/www.onlineroulette.tech\\\/at\\\/faq\\\/#primaryimage\",\"url\":\"https:\\\/\\\/www.onlineroulette.tech\\\/at\\\/wp-content\\\/uploads\\\/2020\\\/11\\\/faq-casino.jpg\",\"contentUrl\":\"https:\\\/\\\/www.onlineroulette.tech\\\/at\\\/wp-content\\\/uploads\\\/2020\\\/11\\\/faq-casino.jpg\",\"width\":380,\"height\":285,\"caption\":\"FAQ casino et Roulette\"},{\"@type\":\"BreadcrumbList\",\"@id\":\"https:\\\/\\\/www.onlineroulette.tech\\\/at\\\/faq\\\/#breadcrumb\",\"itemListElement\":[{\"@type\":\"ListItem\",\"position\":1,\"name\":\"Home\",\"item\":\"https:\\\/\\\/www.onlineroulette.tech\\\/at\\\/\"},{\"@type\":\"ListItem\",\"position\":2,\"name\":\"FAQ\"}]},{\"@type\":\"WebSite\",\"@id\":\"https:\\\/\\\/www.onlineroulette.tech\\\/at\\\/#website\",\"url\":\"https:\\\/\\\/www.onlineroulette.tech\\\/at\\\/\",\"name\":\"Online Roulette\",\"description\":\"Roulette Guide\",\"publisher\":{\"@id\":\"https:\\\/\\\/www.onlineroulette.tech\\\/at\\\/#organization\"},\"potentialAction\":[{\"@type\":\"SearchAction\",\"target\":{\"@type\":\"EntryPoint\",\"urlTemplate\":\"https:\\\/\\\/www.onlineroulette.tech\\\/at\\\/?s={search_term_string}\"},\"query-input\":{\"@type\":\"PropertyValueSpecification\",\"valueRequired\":true,\"valueName\":\"search_term_string\"}}],\"inLanguage\":\"de-AT\"},{\"@type\":\"Organization\",\"@id\":\"https:\\\/\\\/www.onlineroulette.tech\\\/at\\\/#organization\",\"name\":\"Online Roulette\",\"url\":\"https:\\\/\\\/www.onlineroulette.tech\\\/at\\\/\",\"logo\":{\"@type\":\"ImageObject\",\"inLanguage\":\"de-AT\",\"@id\":\"https:\\\/\\\/www.onlineroulette.tech\\\/at\\\/#\\\/schema\\\/logo\\\/image\\\/\",\"url\":\"https:\\\/\\\/www.onlineroulette.tech\\\/at\\\/wp-content\\\/uploads\\\/2022\\\/01\\\/logo.jpg\",\"contentUrl\":\"https:\\\/\\\/www.onlineroulette.tech\\\/at\\\/wp-content\\\/uploads\\\/2022\\\/01\\\/logo.jpg\",\"width\":280,\"height\":115,\"caption\":\"Online Roulette\"},\"image\":{\"@id\":\"https:\\\/\\\/www.onlineroulette.tech\\\/at\\\/#\\\/schema\\\/logo\\\/image\\\/\"}}]}<\/script>\n<!-- \/ Yoast SEO plugin. -->","yoast_head_json":{"title":"FAQ \u2013 Antworten zu Fragen zum Casino Online Roulette","description":"FAQ zum Casino Online Roulette. Die Rechtslage in \u00d6sterreich zu den Gl\u00fccksspielen, der Steuerpflicht, dem Mindestalter und vielem mehr.","robots":{"index":"index","follow":"follow","max-snippet":"max-snippet:-1","max-image-preview":"max-image-preview:large","max-video-preview":"max-video-preview:-1"},"canonical":"https:\/\/www.onlineroulette.tech\/at\/faq\/","og_locale":"de_DE","og_type":"article","og_title":"FAQ \u2013 Antworten zu Fragen zum Casino Online Roulette","og_description":"FAQ zum Casino Online Roulette. Die Rechtslage in \u00d6sterreich zu den Gl\u00fccksspielen, der Steuerpflicht, dem Mindestalter und vielem mehr.","og_url":"https:\/\/www.onlineroulette.tech\/at\/faq\/","og_site_name":"Online Roulette","article_modified_time":"2025-11-18T04:41:42+00:00","og_image":[{"width":380,"height":285,"url":"https:\/\/www.onlineroulette.tech\/at\/wp-content\/uploads\/2020\/11\/faq-casino.jpg","type":"image\/jpeg"}],"twitter_card":"summary_large_image","twitter_misc":{"Gesch\u00e4tzte Lesezeit":"7 Minuten"},"schema":{"@context":"https:\/\/schema.org","@graph":[{"@type":"WebPage","@id":"https:\/\/www.onlineroulette.tech\/at\/faq\/","url":"https:\/\/www.onlineroulette.tech\/at\/faq\/","name":"FAQ \u2013 Antworten zu Fragen zum Casino Online Roulette","isPartOf":{"@id":"https:\/\/www.onlineroulette.tech\/at\/#website"},"primaryImageOfPage":{"@id":"https:\/\/www.onlineroulette.tech\/at\/faq\/#primaryimage"},"image":{"@id":"https:\/\/www.onlineroulette.tech\/at\/faq\/#primaryimage"},"thumbnailUrl":"https:\/\/www.onlineroulette.tech\/at\/wp-content\/uploads\/2020\/11\/faq-casino.jpg","datePublished":"2020-11-26T15:35:50+00:00","dateModified":"2025-11-18T04:41:42+00:00","description":"FAQ zum Casino Online Roulette. Die Rechtslage in \u00d6sterreich zu den Gl\u00fccksspielen, der Steuerpflicht, dem Mindestalter und vielem mehr.","breadcrumb":{"@id":"https:\/\/www.onlineroulette.tech\/at\/faq\/#breadcrumb"},"inLanguage":"de-AT","potentialAction":[{"@type":"ReadAction","target":["https:\/\/www.onlineroulette.tech\/at\/faq\/"]}]},{"@type":"ImageObject","inLanguage":"de-AT","@id":"https:\/\/www.onlineroulette.tech\/at\/faq\/#primaryimage","url":"https:\/\/www.onlineroulette.tech\/at\/wp-content\/uploads\/2020\/11\/faq-casino.jpg","contentUrl":"https:\/\/www.onlineroulette.tech\/at\/wp-content\/uploads\/2020\/11\/faq-casino.jpg","width":380,"height":285,"caption":"FAQ casino et Roulette"},{"@type":"BreadcrumbList","@id":"https:\/\/www.onlineroulette.tech\/at\/faq\/#breadcrumb","itemListElement":[{"@type":"ListItem","position":1,"name":"Home","item":"https:\/\/www.onlineroulette.tech\/at\/"},{"@type":"ListItem","position":2,"name":"FAQ"}]},{"@type":"WebSite","@id":"https:\/\/www.onlineroulette.tech\/at\/#website","url":"https:\/\/www.onlineroulette.tech\/at\/","name":"Online Roulette","description":"Roulette Guide","publisher":{"@id":"https:\/\/www.onlineroulette.tech\/at\/#organization"},"potentialAction":[{"@type":"SearchAction","target":{"@type":"EntryPoint","urlTemplate":"https:\/\/www.onlineroulette.tech\/at\/?s={search_term_string}"},"query-input":{"@type":"PropertyValueSpecification","valueRequired":true,"valueName":"search_term_string"}}],"inLanguage":"de-AT"},{"@type":"Organization","@id":"https:\/\/www.onlineroulette.tech\/at\/#organization","name":"Online Roulette","url":"https:\/\/www.onlineroulette.tech\/at\/","logo":{"@type":"ImageObject","inLanguage":"de-AT","@id":"https:\/\/www.onlineroulette.tech\/at\/#\/schema\/logo\/image\/","url":"https:\/\/www.onlineroulette.tech\/at\/wp-content\/uploads\/2022\/01\/logo.jpg","contentUrl":"https:\/\/www.onlineroulette.tech\/at\/wp-content\/uploads\/2022\/01\/logo.jpg","width":280,"height":115,"caption":"Online Roulette"},"image":{"@id":"https:\/\/www.onlineroulette.tech\/at\/#\/schema\/logo\/image\/"}}]}},"_links":{"self":[{"href":"https:\/\/www.onlineroulette.tech\/at\/wp-json\/wp\/v2\/pages\/20","targetHints":{"allow":["GET"]}}],"collection":[{"href":"https:\/\/www.onlineroulette.tech\/at\/wp-json\/wp\/v2\/pages"}],"about":[{"href":"https:\/\/www.onlineroulette.tech\/at\/wp-json\/wp\/v2\/types\/page"}],"author":[{"embeddable":true,"href":"https:\/\/www.onlineroulette.tech\/at\/wp-json\/wp\/v2\/users\/1"}],"replies":[{"embeddable":true,"href":"https:\/\/www.onlineroulette.tech\/at\/wp-json\/wp\/v2\/comments?post=20"}],"version-history":[{"count":89,"href":"https:\/\/www.onlineroulette.tech\/at\/wp-json\/wp\/v2\/pages\/20\/revisions"}],"predecessor-version":[{"id":2206,"href":"https:\/\/www.onlineroulette.tech\/at\/wp-json\/wp\/v2\/pages\/20\/revisions\/2206"}],"wp:attachment":[{"href":"https:\/\/www.onlineroulette.tech\/at\/wp-json\/wp\/v2\/media?parent=20"}],"curies":[{"name":"wp","href":"https:\/\/api.w.org\/{rel}","templated":true}]}}