{"id":1963,"date":"2023-09-19T09:33:04","date_gmt":"2023-09-19T09:33:04","guid":{"rendered":"https:\/\/www.onlineroulette.tech\/at\/?page_id=1963"},"modified":"2025-11-18T04:45:43","modified_gmt":"2025-11-18T04:45:43","slug":"villento","status":"publish","type":"page","link":"https:\/\/www.onlineroulette.tech\/at\/seriose-casino\/villento\/","title":{"rendered":"Villento Casino"},"content":{"rendered":"<div class=\"su-row\"><div class=\"su-column su-column-size-1-2\"><div class=\"su-column-inner su-u-clearfix su-u-trim\">\nDas beste Live Online Casino mit Dealern ist <strong>Villento Casino<\/strong>. Unter Roulette und Blackjack Spielern in \u00d6sterreich geh\u00f6rt es zu den beliebtesten Internet Casinos.<!--more--> Villento Casino wurde im Jahr 2000 er\u00f6ffnet und ist die <strong>Lieblingsadresse f\u00fcr Fans von Tischspielen mit Echtgeld<\/strong>. Ihr habt Lust auf Live-Nervenkitzel? Die Croupiers sind jeden Tag und rund um die Uhr f\u00fcr euch da.<\/p>\n<p>Die Roulette Kugel drehen lassen oder beim Blackjack Karten ziehen? Ihr habt die Wahl!<\/div><\/div><div class=\"su-column su-column-size-1-2\"><div class=\"su-column-inner su-u-clearfix su-u-trim\">\n<a class=\"top\" title=\"Villento Casino\" href=\"https:\/\/www.villento.com\/de-at\/\" target=\"_blank\" rel=\"noopener\"><img loading=\"lazy\" decoding=\"async\" class=\"alignnone size-full wp-image-1974\" title=\"Villento Casino\" src=\"https:\/\/www.onlineroulette.tech\/at\/wp-content\/uploads\/2023\/09\/vlv.jpg\" alt=\"Villento Casino\" width=\"600\" height=\"338\" srcset=\"https:\/\/www.onlineroulette.tech\/at\/wp-content\/uploads\/2023\/09\/vlv.jpg 600w, https:\/\/www.onlineroulette.tech\/at\/wp-content\/uploads\/2023\/09\/vlv-300x169.jpg 300w\" sizes=\"auto, (max-width: 600px) 100vw, 600px\" \/><\/p>\n<div style=\"text-align: center;\">IM CASINO ANMELDEN<\/div>\n<p><\/a><br \/>\n\n<\/div><\/div><\/div>\n<h2>Live Dealer Casino<\/h2>\n<p>Es gibt verschiedene Arten von <strong>Live Online Casino Websites<\/strong>. Einige sind gut \u2013 und andere sind hervorragend.<\/p>\n<p>Villento Casino ist der <strong>absolute Spitzenreiter<\/strong>. Alles ist auf den Pixel genau zugeschnitten. Kaum zu glauben? Dann \u00fcberzeugt euch selbst, man muss es gesehen haben! Man kann sogar <strong>direkt vom Handy-Bildschirm aus live spielen<\/strong>. F\u00fcr Liebhaber von <a title=\"Casino Spielen auf Android\" href=\"https:\/\/www.onlineroulette.tech\/at\/casino-anbieter-auf-android\/\">Casino Spielen auf Android<\/a> ist dieses Online Casino ein wahrer Gl\u00fccksgriff.<\/p>\n<h2><strong>Villento Casino Spiele<\/strong><\/h2>\n<p>Die Tischspiele des Online Casinos werden von folgenden Herstellern betrieben: Evolution Gaming, Games Global und Microgaming. Das sind die <strong>besten Spieleherstelle<\/strong>r im Web. Dank ihres Know-hows k\u00f6nnt ihr Live oder im Instant Play spielen.<\/p>\n<p>Wie sieht es mit den Online Spielautomaten aus? In diesem Bereich hat Microgaming die Nase vorn: In den Online Casino Spielhallen werden die <strong>Slots von Microgaming<\/strong> am meisten gespielt. Es gibt <strong>st\u00e4ndig Jackpots zu gewinnen<\/strong>! In der Tat: Je mehr M\u00fcnzen auf die Spielautomaten gesetzt werden, desto h\u00e4ufiger zahlen sie aus. Es gibt sogar Spielautomatenr\u00e4der <strong>mit Jackpots in H\u00f6he von mehreren Millionen Euro<\/strong>.<\/p>\n<h2>Willkommensbonus<\/h2>\n<p>Das <strong>Willkommensprogramm<\/strong> von Villento Casino besteht <strong>aus f\u00fcnf Schritten<\/strong>. Insgesamt belaufen sich die <strong>Gratis-Boni auf 1000\u20ac<\/strong>. Ihr habt einen schmalen Geldbeutel? Keine Sorge, <strong>ab einer Einzahlung von 10\u20ac erh\u00e4lt ihr einen Bonus<\/strong>.<\/p>\n<ol>\n<li>100% Bonus auf einer Einzahlung von 10\u20ac bis 150\u20ac<\/li>\n<li>50% Bonus auf einer Einzahlung von 10\u20ac bis 250\u20ac<\/li>\n<li>30% Bonus auf einer Einzahlung von 10\u20ac bis 200\u20ac<\/li>\n<li>20% Bonus auf einer Einzahlung von 10\u20ac bis 200\u20ac<\/li>\n<li>100% Bonus auf einer Einzahlung von 10\u20ac bis 200\u20ac<\/li>\n<\/ol>\n<h2>Software-Programme<\/h2>\n<div class=\"su-row\"><div class=\"su-column su-column-size-1-2\"><div class=\"su-column-inner su-u-clearfix su-u-trim\">Im Bereich der <a title=\"Online Casino\" href=\"https:\/\/www.onlineroulette.tech\/at\/seriose-casino\/\">Online Casino<\/a> Anbieter gibt es <strong>\u00fcber 40 verschiedene Software-Programme<\/strong>. Eine unglaubliche Zahl, oder?! Der Grund daf\u00fcr: Die Web-Gambling-Branche ist riesig. Der Vergleich mit landbasierten Casino Spielhallen ergibt: Die Zahl der Spieler, die online zocken, ist doppelt so hoch.<\/p>\n<p>Unter den Unternehmen, die Gl\u00fccksspiele entwickeln, gibt es einige mit einem sehr hohen Level. Andere Spielehersteller versuchen sich \u2013 so gut es geht \u2013 ein St\u00fcck vom Kuchen abzuschneiden. Wie sieht es mit Villento Casino aus? <strong>Das Schl\u00fcsselwort ist Spitzenqualit\u00e4t<\/strong> \u2013 Highend steht an erster Stelle. Werft einen Blick in unseren Artikel \u00fcber <a title=\"Casino Software\" href=\"https:\/\/www.onlineroulette.tech\/at\/software\/\">Casino Software<\/a>, um euch schlauzumachen!<br \/>\n<\/div><\/div>\n<div class=\"su-column su-column-size-1-2\"><div class=\"su-column-inner su-u-clearfix su-u-trim\"><img loading=\"lazy\" decoding=\"async\" class=\"aligncenter size-full wp-image-2021\" title=\"Live Spiele mit Dealer im Online Casino \" src=\"https:\/\/www.onlineroulette.tech\/at\/wp-content\/uploads\/2023\/09\/live.jpg\" alt=\"Live Spiele mit Dealer im Online Casino \" width=\"600\" height=\"338\" srcset=\"https:\/\/www.onlineroulette.tech\/at\/wp-content\/uploads\/2023\/09\/live.jpg 600w, https:\/\/www.onlineroulette.tech\/at\/wp-content\/uploads\/2023\/09\/live-300x169.jpg 300w\" sizes=\"auto, (max-width: 600px) 100vw, 600px\" \/><br \/>\n<\/div><\/div><\/div>\n<h2>Live Spiele mit Dealern<\/h2>\n<p>Bei Villento Casino ist das <strong>Unternehmen Evolution f\u00fcr die Live Spiele<\/strong> zust\u00e4ndig. Der Spielebetreiber stellt den Villento Casino Kundinnen und Kunden seine Spieleplattform zur Verf\u00fcgung. <strong>F\u00fcr Fans von Live Blackjack und Live Roulette Spielen ein wahrer Gl\u00fccksgriff!<\/strong><\/p>\n<p>Von Angesicht zu Angesicht mit einem Spielhallen Croupier spielen \u2013 so ist <strong>Nervenkitzel garantiert<\/strong>. Es gibt eine <strong>riesige Auswahl an Spieltischen<\/strong>. F\u00fcr jeden Geschmack ist ein passendes Spiel dabei.<\/p>\n<p>Budget, Wettlimits, Stil des Croupiers? Villento Casino hat ein gro\u00dfes Angebot, das keinen Wunsch offen l\u00e4sst.<\/p>\n<h2>Spielautomaten<\/h2>\n<p>Die Villento Casino <strong>Spielautomaten werden von Microgaming betrieben<\/strong>. Dieses Unternehmen ist im Bereich der Geldspiele im Internet der Spitzenreiter. Die Villento Casino Webseite beinhaltet die bekanntesten Microgaming Titel. Es gibt klassische Slots, Themenspiele und Spielautomaten mit gro\u00dfen Jackpots.<\/p>\n<h2><strong>Villento Casino Bank<\/strong><\/h2>\n<p>Villento Casino verf\u00fcgt \u00fcber eine gesicherte Bankseite. Ein- und Auszahlungen sind im Handumdrehen erledigt. Ihr k\u00f6nnt <strong>sowohl Kredit- als auch Bankomatkarten<\/strong> benutzen. Sobald ihr einbezahlt habt, k\u00f6nnt ihr <strong>direkt auf die Spiele zugreifen<\/strong>. Bei Auszahlungen m\u00fcsst ihr mit 1 bis 3 Tagen rechnen, bis das Geld auf eurem Konto ist.<\/p>\n<p>Ihr wollt eure Gewinne auszahlen lassen? Unter allen Casino Anbietern im \u00f6sterreichischen Web zahlt Villento Casino Jackpot-Gewinne <strong>am schnellsten<\/strong> aus.<\/p>\n<h2><strong>Kundensupport<\/strong><\/h2>\n<p>Der Villento Casino Kundendienst ist <strong>rund um die Uhr erreichbar<\/strong>. Das Online Casino ist nie geschlossen \u2013 genau wie in Las Vegas. Bei Problemen habt ihr <strong>jederzeit Zugang zu einem Online Suppor<\/strong>t, der euch weiterhilft. Am schnellsten erh\u00e4lt man <strong>per Chat<\/strong> eine Antwort. Innerhalb weniger Sekunden beantwortet ein Kundenberater die Fragen der eingeloggten Spielerinnen und Spieler. Selbstverst\u00e4ndlich werden auch E-Mail-Anfragen bearbeitet.<\/p>\n<h2><strong>Villento Casino Lizenzen<\/strong><\/h2>\n<p>Die Gl\u00fccksspielbeh\u00f6rde in Malta oder Malta Gaming Authority (MGA) hat Sitz in Europa und ist damit betraut, das Casino zu beaufsichtigen. Die MGA ist die <strong>strengste Beh\u00f6rde der Welt<\/strong> im Bereich der Online Gl\u00fccksspiele. Die Kontrolleure nehmen die <strong>Interessen der Spielerinnen und Spieler<\/strong> wahr.<\/p>\n<p>Garantien der MGA:<\/p>\n<ul>\n<li>Faire Gewinnchancen<\/li>\n<li>Auszahlungsquoten, die ihre Versprechen halten<\/li>\n<li>Schneller und vertrauensw\u00fcrdiger Kundensupport<\/li>\n<li>Auszahlung der Gewinne in \u00d6sterreich<\/li>\n<\/ul>\n<p>Weitere Infos findet ihr auf <a title=\"MGA.org.mt\" href=\"https:\/\/www.mga.org.mt\" target=\"_blank\" rel=\"noopener\">MGA.org.mt<\/a><\/p>\n<h2>Meinung zu Villento Casino<\/h2>\n<p>Sowohl Tester als auch Spieler singen ein Loblied \u2013 ihrer Meinung nach ist Villento Casino <strong>hervorragend<\/strong>. Am meisten punktet das Casino mit den <strong>Roulette und Blackjack Spielen<\/strong>.<\/p>\n<p>Wie sieht es mit den Boni aus? Spitze, denn: Ein <strong>Gratis-Bonus<\/strong> kann bei allen Spielen eingesetzt werden, sogar beim Live Gaming. Bei Villento Casino gibt es keine Grenzen. Alle <strong>kostenlosen Bonus-Angebote<\/strong> k\u00f6nnen <strong>bei den Spielen eurer Wahl<\/strong> verwendet werden.<\/p>\n<p>Wenn ihr gerne an Spielautomaten zockt, k\u00f6nnt ihr den <strong>Willkommensbonus \u00fcber 1000\u20ac<\/strong> nutzen. Nach dem Motto: Alle k\u00f6nnen profitieren!<br \/>\n&nbsp;<br \/>\n<strong>Die Pluspunkte des Casinos<\/strong><\/p>\n<ol>\n<li>Die verschiedenen Versionen der klassischen Roulette Spiele werden angeboten.<\/li>\n<li>Mit den Willkommensboni besteht die M\u00f6glichkeit, Jackpots zu holen.<\/li>\n<li>Das Angebot an Live-Spielen erlaubt, in eine echte Spielhalle einzutauchen.<\/li>\n<li>Jeder Bonus kann f\u00fcr das Spiel eurer Wahl eingesetzt werden.<\/li>\n<li>Der Kundensupport beantwortet alle Anfragen zu jeder Tages- und Nachtzeit.<\/li>\n<\/ol>\n","protected":false},"excerpt":{"rendered":"<p>Das beste Live Online Casino mit Dealern ist Villento Casino. Unter Roulette und Blackjack Spielern in \u00d6sterreich geh\u00f6rt es zu den beliebtesten Internet Casinos.<\/p>\n","protected":false},"author":1,"featured_media":0,"parent":25,"menu_order":0,"comment_status":"closed","ping_status":"closed","template":"template-fullwidth.php","meta":{"footnotes":""},"class_list":["post-1963","page","type-page","status-publish","hentry"],"yoast_head":"<!-- This site is optimized with the Yoast SEO plugin v27.5 - https:\/\/yoast.com\/product\/yoast-seo-wordpress\/ -->\n<title>Villento Casino in Echtzeit mit Dealer - Bonus \u00fcber 1000\u20ac<\/title>\n<meta name=\"description\" content=\"Villento Casino und Live Dealer; Eintauchen in Live Spiele. Erstklassiges Online Casino in \u00d6sterreich und Gratis-Bonus \u00fcber 1000\u20ac.\" \/>\n<meta name=\"robots\" content=\"index, follow, max-snippet:-1, max-image-preview:large, max-video-preview:-1\" \/>\n<link rel=\"canonical\" href=\"https:\/\/www.onlineroulette.tech\/at\/seriose-casino\/villento\/\" \/>\n<meta property=\"og:locale\" content=\"de_DE\" \/>\n<meta property=\"og:type\" content=\"article\" \/>\n<meta property=\"og:title\" content=\"Villento Casino in Echtzeit mit Dealer - Bonus \u00fcber 1000\u20ac\" \/>\n<meta property=\"og:description\" content=\"Villento Casino und Live Dealer; Eintauchen in Live Spiele. Erstklassiges Online Casino in \u00d6sterreich und Gratis-Bonus \u00fcber 1000\u20ac.\" \/>\n<meta property=\"og:url\" content=\"https:\/\/www.onlineroulette.tech\/at\/seriose-casino\/villento\/\" \/>\n<meta property=\"og:site_name\" content=\"Online Roulette\" \/>\n<meta property=\"article:modified_time\" content=\"2025-11-18T04:45:43+00:00\" \/>\n<meta property=\"og:image\" content=\"https:\/\/www.onlineroulette.tech\/at\/wp-content\/uploads\/2023\/09\/vlv.jpg\" \/>\n\t<meta property=\"og:image:width\" content=\"600\" \/>\n\t<meta property=\"og:image:height\" content=\"338\" \/>\n\t<meta property=\"og:image:type\" content=\"image\/jpeg\" \/>\n<meta name=\"twitter:card\" content=\"summary_large_image\" \/>\n<meta name=\"twitter:label1\" content=\"Gesch\u00e4tzte Lesezeit\" \/>\n\t<meta name=\"twitter:data1\" content=\"6 Minuten\" \/>\n<script type=\"application\/ld+json\" class=\"yoast-schema-graph\">{\"@context\":\"https:\\\/\\\/schema.org\",\"@graph\":[{\"@type\":\"WebPage\",\"@id\":\"https:\\\/\\\/www.onlineroulette.tech\\\/at\\\/seriose-casino\\\/villento\\\/\",\"url\":\"https:\\\/\\\/www.onlineroulette.tech\\\/at\\\/seriose-casino\\\/villento\\\/\",\"name\":\"Villento Casino in Echtzeit mit Dealer - Bonus \u00fcber 1000\u20ac\",\"isPartOf\":{\"@id\":\"https:\\\/\\\/www.onlineroulette.tech\\\/at\\\/#website\"},\"primaryImageOfPage\":{\"@id\":\"https:\\\/\\\/www.onlineroulette.tech\\\/at\\\/seriose-casino\\\/villento\\\/#primaryimage\"},\"image\":{\"@id\":\"https:\\\/\\\/www.onlineroulette.tech\\\/at\\\/seriose-casino\\\/villento\\\/#primaryimage\"},\"thumbnailUrl\":\"https:\\\/\\\/www.onlineroulette.tech\\\/at\\\/wp-content\\\/uploads\\\/2023\\\/09\\\/vlv.jpg\",\"datePublished\":\"2023-09-19T09:33:04+00:00\",\"dateModified\":\"2025-11-18T04:45:43+00:00\",\"description\":\"Villento Casino und Live Dealer; Eintauchen in Live Spiele. Erstklassiges Online Casino in \u00d6sterreich und Gratis-Bonus \u00fcber 1000\u20ac.\",\"breadcrumb\":{\"@id\":\"https:\\\/\\\/www.onlineroulette.tech\\\/at\\\/seriose-casino\\\/villento\\\/#breadcrumb\"},\"inLanguage\":\"de-AT\",\"potentialAction\":[{\"@type\":\"ReadAction\",\"target\":[\"https:\\\/\\\/www.onlineroulette.tech\\\/at\\\/seriose-casino\\\/villento\\\/\"]}]},{\"@type\":\"ImageObject\",\"inLanguage\":\"de-AT\",\"@id\":\"https:\\\/\\\/www.onlineroulette.tech\\\/at\\\/seriose-casino\\\/villento\\\/#primaryimage\",\"url\":\"https:\\\/\\\/www.onlineroulette.tech\\\/at\\\/wp-content\\\/uploads\\\/2023\\\/09\\\/vlv.jpg\",\"contentUrl\":\"https:\\\/\\\/www.onlineroulette.tech\\\/at\\\/wp-content\\\/uploads\\\/2023\\\/09\\\/vlv.jpg\",\"width\":600,\"height\":338,\"caption\":\"River Belle Casino avec Croupiers en Direct\"},{\"@type\":\"BreadcrumbList\",\"@id\":\"https:\\\/\\\/www.onlineroulette.tech\\\/at\\\/seriose-casino\\\/villento\\\/#breadcrumb\",\"itemListElement\":[{\"@type\":\"ListItem\",\"position\":1,\"name\":\"Home\",\"item\":\"https:\\\/\\\/www.onlineroulette.tech\\\/at\\\/\"},{\"@type\":\"ListItem\",\"position\":2,\"name\":\"Seri\u00f6se Online Casino Webseiten\",\"item\":\"https:\\\/\\\/www.onlineroulette.tech\\\/at\\\/seriose-casino\\\/\"},{\"@type\":\"ListItem\",\"position\":3,\"name\":\"Villento Casino\"}]},{\"@type\":\"WebSite\",\"@id\":\"https:\\\/\\\/www.onlineroulette.tech\\\/at\\\/#website\",\"url\":\"https:\\\/\\\/www.onlineroulette.tech\\\/at\\\/\",\"name\":\"Online Roulette\",\"description\":\"Roulette Guide\",\"publisher\":{\"@id\":\"https:\\\/\\\/www.onlineroulette.tech\\\/at\\\/#organization\"},\"potentialAction\":[{\"@type\":\"SearchAction\",\"target\":{\"@type\":\"EntryPoint\",\"urlTemplate\":\"https:\\\/\\\/www.onlineroulette.tech\\\/at\\\/?s={search_term_string}\"},\"query-input\":{\"@type\":\"PropertyValueSpecification\",\"valueRequired\":true,\"valueName\":\"search_term_string\"}}],\"inLanguage\":\"de-AT\"},{\"@type\":\"Organization\",\"@id\":\"https:\\\/\\\/www.onlineroulette.tech\\\/at\\\/#organization\",\"name\":\"Online Roulette\",\"url\":\"https:\\\/\\\/www.onlineroulette.tech\\\/at\\\/\",\"logo\":{\"@type\":\"ImageObject\",\"inLanguage\":\"de-AT\",\"@id\":\"https:\\\/\\\/www.onlineroulette.tech\\\/at\\\/#\\\/schema\\\/logo\\\/image\\\/\",\"url\":\"https:\\\/\\\/www.onlineroulette.tech\\\/at\\\/wp-content\\\/uploads\\\/2022\\\/01\\\/logo.jpg\",\"contentUrl\":\"https:\\\/\\\/www.onlineroulette.tech\\\/at\\\/wp-content\\\/uploads\\\/2022\\\/01\\\/logo.jpg\",\"width\":280,\"height\":115,\"caption\":\"Online Roulette\"},\"image\":{\"@id\":\"https:\\\/\\\/www.onlineroulette.tech\\\/at\\\/#\\\/schema\\\/logo\\\/image\\\/\"}}]}<\/script>\n<!-- \/ Yoast SEO plugin. -->","yoast_head_json":{"title":"Villento Casino in Echtzeit mit Dealer - Bonus \u00fcber 1000\u20ac","description":"Villento Casino und Live Dealer; Eintauchen in Live Spiele. Erstklassiges Online Casino in \u00d6sterreich und Gratis-Bonus \u00fcber 1000\u20ac.","robots":{"index":"index","follow":"follow","max-snippet":"max-snippet:-1","max-image-preview":"max-image-preview:large","max-video-preview":"max-video-preview:-1"},"canonical":"https:\/\/www.onlineroulette.tech\/at\/seriose-casino\/villento\/","og_locale":"de_DE","og_type":"article","og_title":"Villento Casino in Echtzeit mit Dealer - Bonus \u00fcber 1000\u20ac","og_description":"Villento Casino und Live Dealer; Eintauchen in Live Spiele. Erstklassiges Online Casino in \u00d6sterreich und Gratis-Bonus \u00fcber 1000\u20ac.","og_url":"https:\/\/www.onlineroulette.tech\/at\/seriose-casino\/villento\/","og_site_name":"Online Roulette","article_modified_time":"2025-11-18T04:45:43+00:00","og_image":[{"width":600,"height":338,"url":"https:\/\/www.onlineroulette.tech\/at\/wp-content\/uploads\/2023\/09\/vlv.jpg","type":"image\/jpeg"}],"twitter_card":"summary_large_image","twitter_misc":{"Gesch\u00e4tzte Lesezeit":"6 Minuten"},"schema":{"@context":"https:\/\/schema.org","@graph":[{"@type":"WebPage","@id":"https:\/\/www.onlineroulette.tech\/at\/seriose-casino\/villento\/","url":"https:\/\/www.onlineroulette.tech\/at\/seriose-casino\/villento\/","name":"Villento Casino in Echtzeit mit Dealer - Bonus \u00fcber 1000\u20ac","isPartOf":{"@id":"https:\/\/www.onlineroulette.tech\/at\/#website"},"primaryImageOfPage":{"@id":"https:\/\/www.onlineroulette.tech\/at\/seriose-casino\/villento\/#primaryimage"},"image":{"@id":"https:\/\/www.onlineroulette.tech\/at\/seriose-casino\/villento\/#primaryimage"},"thumbnailUrl":"https:\/\/www.onlineroulette.tech\/at\/wp-content\/uploads\/2023\/09\/vlv.jpg","datePublished":"2023-09-19T09:33:04+00:00","dateModified":"2025-11-18T04:45:43+00:00","description":"Villento Casino und Live Dealer; Eintauchen in Live Spiele. Erstklassiges Online Casino in \u00d6sterreich und Gratis-Bonus \u00fcber 1000\u20ac.","breadcrumb":{"@id":"https:\/\/www.onlineroulette.tech\/at\/seriose-casino\/villento\/#breadcrumb"},"inLanguage":"de-AT","potentialAction":[{"@type":"ReadAction","target":["https:\/\/www.onlineroulette.tech\/at\/seriose-casino\/villento\/"]}]},{"@type":"ImageObject","inLanguage":"de-AT","@id":"https:\/\/www.onlineroulette.tech\/at\/seriose-casino\/villento\/#primaryimage","url":"https:\/\/www.onlineroulette.tech\/at\/wp-content\/uploads\/2023\/09\/vlv.jpg","contentUrl":"https:\/\/www.onlineroulette.tech\/at\/wp-content\/uploads\/2023\/09\/vlv.jpg","width":600,"height":338,"caption":"River Belle Casino avec Croupiers en Direct"},{"@type":"BreadcrumbList","@id":"https:\/\/www.onlineroulette.tech\/at\/seriose-casino\/villento\/#breadcrumb","itemListElement":[{"@type":"ListItem","position":1,"name":"Home","item":"https:\/\/www.onlineroulette.tech\/at\/"},{"@type":"ListItem","position":2,"name":"Seri\u00f6se Online Casino Webseiten","item":"https:\/\/www.onlineroulette.tech\/at\/seriose-casino\/"},{"@type":"ListItem","position":3,"name":"Villento Casino"}]},{"@type":"WebSite","@id":"https:\/\/www.onlineroulette.tech\/at\/#website","url":"https:\/\/www.onlineroulette.tech\/at\/","name":"Online Roulette","description":"Roulette Guide","publisher":{"@id":"https:\/\/www.onlineroulette.tech\/at\/#organization"},"potentialAction":[{"@type":"SearchAction","target":{"@type":"EntryPoint","urlTemplate":"https:\/\/www.onlineroulette.tech\/at\/?s={search_term_string}"},"query-input":{"@type":"PropertyValueSpecification","valueRequired":true,"valueName":"search_term_string"}}],"inLanguage":"de-AT"},{"@type":"Organization","@id":"https:\/\/www.onlineroulette.tech\/at\/#organization","name":"Online Roulette","url":"https:\/\/www.onlineroulette.tech\/at\/","logo":{"@type":"ImageObject","inLanguage":"de-AT","@id":"https:\/\/www.onlineroulette.tech\/at\/#\/schema\/logo\/image\/","url":"https:\/\/www.onlineroulette.tech\/at\/wp-content\/uploads\/2022\/01\/logo.jpg","contentUrl":"https:\/\/www.onlineroulette.tech\/at\/wp-content\/uploads\/2022\/01\/logo.jpg","width":280,"height":115,"caption":"Online Roulette"},"image":{"@id":"https:\/\/www.onlineroulette.tech\/at\/#\/schema\/logo\/image\/"}}]}},"_links":{"self":[{"href":"https:\/\/www.onlineroulette.tech\/at\/wp-json\/wp\/v2\/pages\/1963","targetHints":{"allow":["GET"]}}],"collection":[{"href":"https:\/\/www.onlineroulette.tech\/at\/wp-json\/wp\/v2\/pages"}],"about":[{"href":"https:\/\/www.onlineroulette.tech\/at\/wp-json\/wp\/v2\/types\/page"}],"author":[{"embeddable":true,"href":"https:\/\/www.onlineroulette.tech\/at\/wp-json\/wp\/v2\/users\/1"}],"replies":[{"embeddable":true,"href":"https:\/\/www.onlineroulette.tech\/at\/wp-json\/wp\/v2\/comments?post=1963"}],"version-history":[{"count":34,"href":"https:\/\/www.onlineroulette.tech\/at\/wp-json\/wp\/v2\/pages\/1963\/revisions"}],"predecessor-version":[{"id":2216,"href":"https:\/\/www.onlineroulette.tech\/at\/wp-json\/wp\/v2\/pages\/1963\/revisions\/2216"}],"up":[{"embeddable":true,"href":"https:\/\/www.onlineroulette.tech\/at\/wp-json\/wp\/v2\/pages\/25"}],"wp:attachment":[{"href":"https:\/\/www.onlineroulette.tech\/at\/wp-json\/wp\/v2\/media?parent=1963"}],"curies":[{"name":"wp","href":"https:\/\/api.w.org\/{rel}","templated":true}]}}