{"id":1961,"date":"2023-09-19T09:32:02","date_gmt":"2023-09-19T09:32:02","guid":{"rendered":"https:\/\/www.onlineroulette.tech\/at\/?page_id=1961"},"modified":"2025-11-18T04:45:26","modified_gmt":"2025-11-18T04:45:26","slug":"action","status":"publish","type":"page","link":"https:\/\/www.onlineroulette.tech\/at\/seriose-casino\/action\/","title":{"rendered":"Casino Action"},"content":{"rendered":"<div class=\"su-row\"><div class=\"su-column su-column-size-1-2\"><div class=\"su-column-inner su-u-clearfix su-u-trim\">Das ultimative Online Mobile Casino! Die Instant Play Spiele von <strong>Casino Action<\/strong> sind auf den Pixel genau zugeschnitten. <!--more-->Das ganze Angebot ist mit Smartphones und Tablets kompatibel. Auf einem PC oder Mac funktioniert es auch.<\/p>\n<h2>Handy-Casino<\/h2>\n<p>Casino Action geh\u00f6rt zu den <strong>zuverl\u00e4ssigsten Mobile Casino Anbietern<\/strong>. Das ganze Potenzial von HTML5 wurde ausgesch\u00f6pft. Dieser Code ist in die Casino Webseiten eingebettet und an die Webbrowser von Smartphones angepasst. Dank dieses Systems braucht ihr <strong>keine App<\/strong> zu installieren. F\u00fcr Tablets, PC und Mac gilt das gleiche Prinzip.<\/p>\n<\/div><\/div>\n<div class=\"su-column su-column-size-1-2\"><div class=\"su-column-inner su-u-clearfix su-u-trim\">\n<a class=\"top\" title=\"Casino Action\" href=\"https:\/\/www.casinoaction.com\/de-at\/\" target=\"_blank\" rel=\"noopener\"><img loading=\"lazy\" decoding=\"async\" class=\"alignnone size-full wp-image-1976\" title=\"Casino Action\" src=\"https:\/\/www.onlineroulette.tech\/at\/wp-content\/uploads\/2023\/09\/ca.jpg\" alt=\"Casino Action\" width=\"600\" height=\"338\" srcset=\"https:\/\/www.onlineroulette.tech\/at\/wp-content\/uploads\/2023\/09\/ca.jpg 600w, https:\/\/www.onlineroulette.tech\/at\/wp-content\/uploads\/2023\/09\/ca-300x169.jpg 300w\" sizes=\"auto, (max-width: 600px) 100vw, 600px\" \/><\/p>\n<div style=\"text-align: center;\">IM CASINO ANMELDEN<\/div>\n<p><\/a><br \/>\n\n<\/div><\/div><\/div>\n<h2>ALL IN mit den Instant Play Spielen<\/h2>\n<p>Casino Action ist auf Mobilger\u00e4ten ein fester Begriff. Dank HTML5 funktioniert die mobile Seite perfekt. Tischspiele oder Online Spielautomaten? Mit den Spielen im Instant-Play-Format funktioniert alles zu 100%. Kurz gesagt: Das Casino ist im Bereich der Instant-Casino-Spiele weltweit marktf\u00fchrend.<\/p>\n<h3>Spiele bei Casino Action<\/h3>\n<div class=\"su-row\"><div class=\"su-column su-column-size-1-2\"><div class=\"su-column-inner su-u-clearfix su-u-trim\">\nDas Casino bietet <strong>mehr als 150 Spiele f\u00fcr Smartphone und Tablet<\/strong> an. Ihr k\u00f6nnt mit ruhigem Gewissen zocken: Die Spiele des Online Casino Anbieters werden von einer unabh\u00e4ngigen Aufsichtsbeh\u00f6rde \u00fcberwacht. Zufallsgeneratoren stellen sicher, dass alle Teilnehmenden die<strong> gleichen Gewinnchancen<\/strong> haben.<\/p>\n<p>Blackjack oder Roulette? Live oder Instant Play? Bei Casino Action findet ihr die <strong>beliebtesten Versionen der Tischspiele<\/strong>. Auch bei den Jackpot-Automaten ist die Auswahl riesig und jeden Tag k\u00f6nnen gro\u00dfe Gewinne geholt werden. Ihr zockt am liebsten am Spielautomaten? Dann werdet ihr auf der Casino Action Webseite bestimmt f\u00fcndig.<\/div><\/div>\n<div class=\"su-column su-column-size-1-2\"><div class=\"su-column-inner su-u-clearfix su-u-trim\"><img loading=\"lazy\" decoding=\"async\" class=\"aligncenter size-full wp-image-2015\" title=\"Mobile Casino Instant Play\" src=\"https:\/\/www.onlineroulette.tech\/at\/wp-content\/uploads\/2023\/09\/mobile.jpg\" alt=\"Mobile Casino Instant Play\" width=\"600\" height=\"338\" srcset=\"https:\/\/www.onlineroulette.tech\/at\/wp-content\/uploads\/2023\/09\/mobile.jpg 600w, https:\/\/www.onlineroulette.tech\/at\/wp-content\/uploads\/2023\/09\/mobile-300x169.jpg 300w\" sizes=\"auto, (max-width: 600px) 100vw, 600px\" \/><br \/>\n<\/div><\/div><\/div>\n<h2>Auszahlungsquote<\/h2>\n<p>Die Auszahlungsquoten der Casino Spiele sind von der Webseite abh\u00e4ngig. Diese Quote wird RTP genannt, was f\u00fcr Return-to-Player steht. <strong>Bei Casino Action betr\u00e4gt der RTP 97%.<\/strong> Das ist eine <strong>faire Quote<\/strong> \u2013 die Gewinnmarge dieses Online Casino Anbieters betr\u00e4gt gerade mal 3%. Gut zu wissen: Bei den Spielautomaten weisen die Auszahlungsquoten die gr\u00f6\u00dften Unterschiede auf.<\/p>\n<h2>Mit PC kompatibel<\/h2>\n<p>Ihr zockt am liebsten am PC? Auch das geht mit Casino Action. An einem Computer kann im <strong>Instant Play ohne Download<\/strong> gespielt werden. Alles l\u00e4uft \u00fcber euren Webbrowser. Wenn ihr zu den Spielern geh\u00f6rt, die gerne Software auf ihrem Computer installieren, dann habt ihr bei diesem Casino Anbieter auch diese M\u00f6glichkeit. Die einzelnen Schritte, um das Casino auf eurer Harddisk zu installieren, werden gut erkl\u00e4rt. Die Software verf\u00fcgt \u00fcber ein topaktuelles Antivirenprogramm. Der einzige Sch\u00f6nheitsfehler? Es m\u00fcssen h\u00e4ufig Updates gemacht werden.<\/p>\n<h2>Auf einem Mac spielen<\/h2>\n<p>Auf dem Mac funktioniert das Casino mit Instant Play. Alles ist auf die Apple-Umgebung zugeschnitten. Der gr\u00f6\u00dfte Pluspunkt von Casino Action? Die <strong>Spielegrafik wurde von Mac inspiriert<\/strong>. Der Vorteil: Die Spielerinnen und Spieler finden sich im Handumdrehen zurecht. Sogar die Spielbuttons erinnern an Mac.<\/p>\n<h2>Casino Action Software<\/h2>\n<p>Das Online Casino ist <strong>mit preisgekr\u00f6nten Spieleherausgebern vernetzt<\/strong>. Microgaming ist in diesem Casino der Hauptprovider von Spielautomaten. Das Unternehmen stattet Casino Action mit Online Spielen aus, die sich lohnen. Wie sieht es bei den Tischspielen aus? Die Casino Webseite verl\u00e4sst sich in diesem Bereich auf Evolution Gaming. Was taugt Evolution? Es ist der weltweite Spitzenreiter f\u00fcr Online Live Spiele mit Croupiers.<\/p>\n<h2>Willkommensbonus<\/h2>\n<p>Das Willkommensprogramm von Casino Action ist eine Promo-Aktion mit einem <strong>kostenlosen Bonus von insgesamt \u00fcber 1250\u20ac<\/strong>. Die Boni k\u00f6nnen <strong>in f\u00fcnf Schritten<\/strong> geholt werden. Der erste Bonus betr\u00e4gt 100% auf jeder Einzahlung von 10\u20ac bis 150\u20ac. Ein guter Schachzug, um <strong>euer Kapital vor dem Spielen zu verdoppeln<\/strong>! Wir haben alle \u00f6sterreichischen Casino Webseiten unter die Lupe genommen: <strong>Die Promo-Aktion von Casino Action ist eine der profitabelsten<\/strong>, um m\u00f6glichst viele <a title=\"Gratis-Boni\" href=\"https:\/\/www.onlineroulette.tech\/at\/bonus\/\">Gratis-Boni<\/a> zu erhalten.<\/p>\n<p>Die Boni f\u00fcr Neukunden k\u00f6nnen <strong>f\u00fcr alle Spiele im Casino<\/strong> eingesetzt werden \u2013 ein echtes Schn\u00e4ppchen, wenn ihr versuchen wollt, den Jackpot zu holen! Nebst dem Willkommensprogramm gibt es bei Casino Action auch <strong>Boni f\u00fcr Stammkunden<\/strong>.<\/p>\n<h2>Casino Action Bank<\/h2>\n<p>Der Zahlungsverkehr l\u00e4uft \u00fcber die Bankseite des Casino Betreibers. Das System von Casino Action steht in Einklang mit der \u00f6sterreichischen Bankenregulierung. Es werden <strong>sowohl Kredit- als auch Bankomatkarten<\/strong> akzeptiert. Das ist der einfachste Weg, um euer Online-Spielkonto aufzuladen. Ihr macht lieber eine <strong>\u00dcberweisung<\/strong>? Auch m\u00f6glich, aber die Bearbeitungsdauer betr\u00e4gt zwei Tage.<\/p>\n<p>F\u00fcr die Auszahlungen gilt das Gleiche wie die f\u00fcr die Einzahlungen. Das Ein- und Auszahlen von Geldern ist bei Casino Action <strong>im Handumdrehen erledigt<\/strong>.<\/p>\n<h2>Kundensupport<\/h2>\n<p>Der Kundendienst ist <strong>jeden Tag und rund um die Uhr<\/strong> erreichbar. Die Casino-Mitarbeitenden beantworten die Fragen der Spieler zu jeder Tages- und Nachtzeit. Es gibt keine Wartezeiten. <strong>Am schnellsten geht es per Live-Chat<\/strong> \u2013 innerhalb von wenigen Sekunden erh\u00e4lt ihr eine Antwort. Nat\u00fcrlich werden auch E-Mail-Anfragen beantwortet.<\/p>\n<h2>Casino Action Lizenz<\/h2>\n<p>Die Gl\u00fccksspielbeh\u00f6rde in Malta beaufsichtigt die europ\u00e4ischen Online Casino Anbieter.<\/p>\n<p>Die Hauptaufgaben der Beh\u00f6rde sind:<\/p>\n<ul>\n<li>Gl\u00fcckspiele und deren Auszahlungsquoten zu \u00fcberpr\u00fcfen,<\/li>\n<li>einen professionellen Kundendienst sicherzustellen,<\/li>\n<li>Gewinnauszahlungen an die Spieler zu gew\u00e4hrleisten und<\/li>\n<li>die \u00f6sterreichische Gesetzgebung strikt einzuhalten.<\/li>\n<\/ul>\n<p>Die maltesische Gl\u00fccksspielbeh\u00f6rde geh\u00f6rt weltweit zu den seri\u00f6sesten. Im Bereich der Online Casino Anbieter mit Echtgeld ist die Beh\u00f6rde <strong>Garant f\u00fcr vertrauensw\u00fcrdige Spiele<\/strong>.<\/p>\n<h2>Meinung zu Casino Action<\/h2>\n<p>Die Casino Action Webseite wird von Profis aus der Branche wie auch von Online-Spielern gleicherma\u00dfen gesch\u00e4tzt. Der Las Vegas-Style kommt gut an! Auf dem Handy ist das Spielerlebnis eindeutig am besten.<\/p>\n<p>Dank der exklusiven Spiele von Switch Studios lassen sich mit den Roulette Spielen in diesem Casino <strong>gro\u00dfe Gewinne<\/strong> holen. Dazu geh\u00f6rt auch <a title=\"der Titel Mega Moolah Roulette\" href=\"https:\/\/www.onlineroulette.tech\/at\/mega-moolah-roulette\/\">der Titel Mega Moolah Roulette<\/a>, der die M\u00f6glichkeit bietet, Millionen von Euro zu gewinnen.<\/p>\n","protected":false},"excerpt":{"rendered":"<p>Das ultimative Online Mobile Casino! Die Instant Play Spiele von Casino Action sind auf den Pixel genau zugeschnitten.<\/p>\n","protected":false},"author":1,"featured_media":0,"parent":25,"menu_order":0,"comment_status":"closed","ping_status":"closed","template":"template-fullwidth.php","meta":{"footnotes":""},"class_list":["post-1961","page","type-page","status-publish","hentry"],"yoast_head":"<!-- This site is optimized with the Yoast SEO plugin v27.5 - https:\/\/yoast.com\/product\/yoast-seo-wordpress\/ -->\n<title>Mobile Version von Casino Action in \u00d6sterreich \u2013 Instant Play<\/title>\n<meta name=\"description\" content=\"Die Handy-Version von Casino Action ist preisgekr\u00f6nt. Spielen auf dem Smartphone ist einfach. Die Casino wurden auf iPhone und Android zugeschnitten.\" \/>\n<meta name=\"robots\" content=\"index, follow, max-snippet:-1, max-image-preview:large, max-video-preview:-1\" \/>\n<link rel=\"canonical\" href=\"https:\/\/www.onlineroulette.tech\/at\/seriose-casino\/action\/\" \/>\n<meta property=\"og:locale\" content=\"de_DE\" \/>\n<meta property=\"og:type\" content=\"article\" \/>\n<meta property=\"og:title\" content=\"Mobile Version von Casino Action in \u00d6sterreich \u2013 Instant Play\" \/>\n<meta property=\"og:description\" content=\"Die Handy-Version von Casino Action ist preisgekr\u00f6nt. Spielen auf dem Smartphone ist einfach. Die Casino wurden auf iPhone und Android zugeschnitten.\" \/>\n<meta property=\"og:url\" content=\"https:\/\/www.onlineroulette.tech\/at\/seriose-casino\/action\/\" \/>\n<meta property=\"og:site_name\" content=\"Online Roulette\" \/>\n<meta property=\"article:modified_time\" content=\"2025-11-18T04:45:26+00:00\" \/>\n<meta property=\"og:image\" content=\"https:\/\/www.onlineroulette.tech\/at\/wp-content\/uploads\/2023\/09\/ca.jpg\" \/>\n\t<meta property=\"og:image:width\" content=\"600\" \/>\n\t<meta property=\"og:image:height\" content=\"338\" \/>\n\t<meta property=\"og:image:type\" content=\"image\/jpeg\" \/>\n<meta name=\"twitter:card\" content=\"summary_large_image\" \/>\n<meta name=\"twitter:label1\" content=\"Gesch\u00e4tzte Lesezeit\" \/>\n\t<meta name=\"twitter:data1\" content=\"6 Minuten\" \/>\n<script type=\"application\/ld+json\" class=\"yoast-schema-graph\">{\"@context\":\"https:\\\/\\\/schema.org\",\"@graph\":[{\"@type\":\"WebPage\",\"@id\":\"https:\\\/\\\/www.onlineroulette.tech\\\/at\\\/seriose-casino\\\/action\\\/\",\"url\":\"https:\\\/\\\/www.onlineroulette.tech\\\/at\\\/seriose-casino\\\/action\\\/\",\"name\":\"Mobile Version von Casino Action in \u00d6sterreich \u2013 Instant Play\",\"isPartOf\":{\"@id\":\"https:\\\/\\\/www.onlineroulette.tech\\\/at\\\/#website\"},\"primaryImageOfPage\":{\"@id\":\"https:\\\/\\\/www.onlineroulette.tech\\\/at\\\/seriose-casino\\\/action\\\/#primaryimage\"},\"image\":{\"@id\":\"https:\\\/\\\/www.onlineroulette.tech\\\/at\\\/seriose-casino\\\/action\\\/#primaryimage\"},\"thumbnailUrl\":\"https:\\\/\\\/www.onlineroulette.tech\\\/at\\\/wp-content\\\/uploads\\\/2023\\\/09\\\/ca.jpg\",\"datePublished\":\"2023-09-19T09:32:02+00:00\",\"dateModified\":\"2025-11-18T04:45:26+00:00\",\"description\":\"Die Handy-Version von Casino Action ist preisgekr\u00f6nt. Spielen auf dem Smartphone ist einfach. Die Casino wurden auf iPhone und Android zugeschnitten.\",\"breadcrumb\":{\"@id\":\"https:\\\/\\\/www.onlineroulette.tech\\\/at\\\/seriose-casino\\\/action\\\/#breadcrumb\"},\"inLanguage\":\"de-AT\",\"potentialAction\":[{\"@type\":\"ReadAction\",\"target\":[\"https:\\\/\\\/www.onlineroulette.tech\\\/at\\\/seriose-casino\\\/action\\\/\"]}]},{\"@type\":\"ImageObject\",\"inLanguage\":\"de-AT\",\"@id\":\"https:\\\/\\\/www.onlineroulette.tech\\\/at\\\/seriose-casino\\\/action\\\/#primaryimage\",\"url\":\"https:\\\/\\\/www.onlineroulette.tech\\\/at\\\/wp-content\\\/uploads\\\/2023\\\/09\\\/ca.jpg\",\"contentUrl\":\"https:\\\/\\\/www.onlineroulette.tech\\\/at\\\/wp-content\\\/uploads\\\/2023\\\/09\\\/ca.jpg\",\"width\":600,\"height\":338,\"caption\":\"Casino Action\"},{\"@type\":\"BreadcrumbList\",\"@id\":\"https:\\\/\\\/www.onlineroulette.tech\\\/at\\\/seriose-casino\\\/action\\\/#breadcrumb\",\"itemListElement\":[{\"@type\":\"ListItem\",\"position\":1,\"name\":\"Home\",\"item\":\"https:\\\/\\\/www.onlineroulette.tech\\\/at\\\/\"},{\"@type\":\"ListItem\",\"position\":2,\"name\":\"Seri\u00f6se Online Casino Webseiten\",\"item\":\"https:\\\/\\\/www.onlineroulette.tech\\\/at\\\/seriose-casino\\\/\"},{\"@type\":\"ListItem\",\"position\":3,\"name\":\"Casino Action\"}]},{\"@type\":\"WebSite\",\"@id\":\"https:\\\/\\\/www.onlineroulette.tech\\\/at\\\/#website\",\"url\":\"https:\\\/\\\/www.onlineroulette.tech\\\/at\\\/\",\"name\":\"Online Roulette\",\"description\":\"Roulette Guide\",\"publisher\":{\"@id\":\"https:\\\/\\\/www.onlineroulette.tech\\\/at\\\/#organization\"},\"potentialAction\":[{\"@type\":\"SearchAction\",\"target\":{\"@type\":\"EntryPoint\",\"urlTemplate\":\"https:\\\/\\\/www.onlineroulette.tech\\\/at\\\/?s={search_term_string}\"},\"query-input\":{\"@type\":\"PropertyValueSpecification\",\"valueRequired\":true,\"valueName\":\"search_term_string\"}}],\"inLanguage\":\"de-AT\"},{\"@type\":\"Organization\",\"@id\":\"https:\\\/\\\/www.onlineroulette.tech\\\/at\\\/#organization\",\"name\":\"Online Roulette\",\"url\":\"https:\\\/\\\/www.onlineroulette.tech\\\/at\\\/\",\"logo\":{\"@type\":\"ImageObject\",\"inLanguage\":\"de-AT\",\"@id\":\"https:\\\/\\\/www.onlineroulette.tech\\\/at\\\/#\\\/schema\\\/logo\\\/image\\\/\",\"url\":\"https:\\\/\\\/www.onlineroulette.tech\\\/at\\\/wp-content\\\/uploads\\\/2022\\\/01\\\/logo.jpg\",\"contentUrl\":\"https:\\\/\\\/www.onlineroulette.tech\\\/at\\\/wp-content\\\/uploads\\\/2022\\\/01\\\/logo.jpg\",\"width\":280,\"height\":115,\"caption\":\"Online Roulette\"},\"image\":{\"@id\":\"https:\\\/\\\/www.onlineroulette.tech\\\/at\\\/#\\\/schema\\\/logo\\\/image\\\/\"}}]}<\/script>\n<!-- \/ Yoast SEO plugin. -->","yoast_head_json":{"title":"Mobile Version von Casino Action in \u00d6sterreich \u2013 Instant Play","description":"Die Handy-Version von Casino Action ist preisgekr\u00f6nt. Spielen auf dem Smartphone ist einfach. Die Casino wurden auf iPhone und Android zugeschnitten.","robots":{"index":"index","follow":"follow","max-snippet":"max-snippet:-1","max-image-preview":"max-image-preview:large","max-video-preview":"max-video-preview:-1"},"canonical":"https:\/\/www.onlineroulette.tech\/at\/seriose-casino\/action\/","og_locale":"de_DE","og_type":"article","og_title":"Mobile Version von Casino Action in \u00d6sterreich \u2013 Instant Play","og_description":"Die Handy-Version von Casino Action ist preisgekr\u00f6nt. Spielen auf dem Smartphone ist einfach. Die Casino wurden auf iPhone und Android zugeschnitten.","og_url":"https:\/\/www.onlineroulette.tech\/at\/seriose-casino\/action\/","og_site_name":"Online Roulette","article_modified_time":"2025-11-18T04:45:26+00:00","og_image":[{"width":600,"height":338,"url":"https:\/\/www.onlineroulette.tech\/at\/wp-content\/uploads\/2023\/09\/ca.jpg","type":"image\/jpeg"}],"twitter_card":"summary_large_image","twitter_misc":{"Gesch\u00e4tzte Lesezeit":"6 Minuten"},"schema":{"@context":"https:\/\/schema.org","@graph":[{"@type":"WebPage","@id":"https:\/\/www.onlineroulette.tech\/at\/seriose-casino\/action\/","url":"https:\/\/www.onlineroulette.tech\/at\/seriose-casino\/action\/","name":"Mobile Version von Casino Action in \u00d6sterreich \u2013 Instant Play","isPartOf":{"@id":"https:\/\/www.onlineroulette.tech\/at\/#website"},"primaryImageOfPage":{"@id":"https:\/\/www.onlineroulette.tech\/at\/seriose-casino\/action\/#primaryimage"},"image":{"@id":"https:\/\/www.onlineroulette.tech\/at\/seriose-casino\/action\/#primaryimage"},"thumbnailUrl":"https:\/\/www.onlineroulette.tech\/at\/wp-content\/uploads\/2023\/09\/ca.jpg","datePublished":"2023-09-19T09:32:02+00:00","dateModified":"2025-11-18T04:45:26+00:00","description":"Die Handy-Version von Casino Action ist preisgekr\u00f6nt. Spielen auf dem Smartphone ist einfach. Die Casino wurden auf iPhone und Android zugeschnitten.","breadcrumb":{"@id":"https:\/\/www.onlineroulette.tech\/at\/seriose-casino\/action\/#breadcrumb"},"inLanguage":"de-AT","potentialAction":[{"@type":"ReadAction","target":["https:\/\/www.onlineroulette.tech\/at\/seriose-casino\/action\/"]}]},{"@type":"ImageObject","inLanguage":"de-AT","@id":"https:\/\/www.onlineroulette.tech\/at\/seriose-casino\/action\/#primaryimage","url":"https:\/\/www.onlineroulette.tech\/at\/wp-content\/uploads\/2023\/09\/ca.jpg","contentUrl":"https:\/\/www.onlineroulette.tech\/at\/wp-content\/uploads\/2023\/09\/ca.jpg","width":600,"height":338,"caption":"Casino Action"},{"@type":"BreadcrumbList","@id":"https:\/\/www.onlineroulette.tech\/at\/seriose-casino\/action\/#breadcrumb","itemListElement":[{"@type":"ListItem","position":1,"name":"Home","item":"https:\/\/www.onlineroulette.tech\/at\/"},{"@type":"ListItem","position":2,"name":"Seri\u00f6se Online Casino Webseiten","item":"https:\/\/www.onlineroulette.tech\/at\/seriose-casino\/"},{"@type":"ListItem","position":3,"name":"Casino Action"}]},{"@type":"WebSite","@id":"https:\/\/www.onlineroulette.tech\/at\/#website","url":"https:\/\/www.onlineroulette.tech\/at\/","name":"Online Roulette","description":"Roulette Guide","publisher":{"@id":"https:\/\/www.onlineroulette.tech\/at\/#organization"},"potentialAction":[{"@type":"SearchAction","target":{"@type":"EntryPoint","urlTemplate":"https:\/\/www.onlineroulette.tech\/at\/?s={search_term_string}"},"query-input":{"@type":"PropertyValueSpecification","valueRequired":true,"valueName":"search_term_string"}}],"inLanguage":"de-AT"},{"@type":"Organization","@id":"https:\/\/www.onlineroulette.tech\/at\/#organization","name":"Online Roulette","url":"https:\/\/www.onlineroulette.tech\/at\/","logo":{"@type":"ImageObject","inLanguage":"de-AT","@id":"https:\/\/www.onlineroulette.tech\/at\/#\/schema\/logo\/image\/","url":"https:\/\/www.onlineroulette.tech\/at\/wp-content\/uploads\/2022\/01\/logo.jpg","contentUrl":"https:\/\/www.onlineroulette.tech\/at\/wp-content\/uploads\/2022\/01\/logo.jpg","width":280,"height":115,"caption":"Online Roulette"},"image":{"@id":"https:\/\/www.onlineroulette.tech\/at\/#\/schema\/logo\/image\/"}}]}},"_links":{"self":[{"href":"https:\/\/www.onlineroulette.tech\/at\/wp-json\/wp\/v2\/pages\/1961","targetHints":{"allow":["GET"]}}],"collection":[{"href":"https:\/\/www.onlineroulette.tech\/at\/wp-json\/wp\/v2\/pages"}],"about":[{"href":"https:\/\/www.onlineroulette.tech\/at\/wp-json\/wp\/v2\/types\/page"}],"author":[{"embeddable":true,"href":"https:\/\/www.onlineroulette.tech\/at\/wp-json\/wp\/v2\/users\/1"}],"replies":[{"embeddable":true,"href":"https:\/\/www.onlineroulette.tech\/at\/wp-json\/wp\/v2\/comments?post=1961"}],"version-history":[{"count":20,"href":"https:\/\/www.onlineroulette.tech\/at\/wp-json\/wp\/v2\/pages\/1961\/revisions"}],"predecessor-version":[{"id":2214,"href":"https:\/\/www.onlineroulette.tech\/at\/wp-json\/wp\/v2\/pages\/1961\/revisions\/2214"}],"up":[{"embeddable":true,"href":"https:\/\/www.onlineroulette.tech\/at\/wp-json\/wp\/v2\/pages\/25"}],"wp:attachment":[{"href":"https:\/\/www.onlineroulette.tech\/at\/wp-json\/wp\/v2\/media?parent=1961"}],"curies":[{"name":"wp","href":"https:\/\/api.w.org\/{rel}","templated":true}]}}