{"id":18,"date":"2020-11-26T15:35:31","date_gmt":"2020-11-26T15:35:31","guid":{"rendered":"https:\/\/www.onlineroulette.tech\/at\/?page_id=18"},"modified":"2025-11-18T04:42:07","modified_gmt":"2025-11-18T04:42:07","slug":"home","status":"publish","type":"page","link":"https:\/\/www.onlineroulette.tech\/at\/","title":{"rendered":"Roulette"},"content":{"rendered":"<p>Wie ihr beim Roulette gewinnt? Unsere Anleitung zum Online spielen.<!--more--><br \/>\n<div class=\"su-row\"><div class=\"su-column su-column-size-2-3\"><div class=\"su-column-inner su-u-clearfix su-u-trim\">Eine rollende Kugel, rote und schwarze Felder \u2013 und zum Zerrei\u00dfen gespannte Nerven: Das ist Online-Roulette, das bekannteste Gl\u00fccksspiel in den Casinos \u00d6sterreichs!<\/p>\n<p>Hast du gerade erst Roulette entdeckt? Wir erkl\u00e4ren euch die <strong>Spielregeln<\/strong> auf unseren Seiten \u00fcber die drei verschiedenen Casino Roulette Spiele. F\u00fcr Online Casino Anf\u00e4nger genauso wichtig wie f\u00fcr alte Hasen: eine <strong>Liste mit den seri\u00f6sesten Online Casinos in \u00d6sterreich<\/strong>. Auf unserer Seite f\u00fcr euch zusammengestellt. Damit der Nervenkitzel ohne b\u00f6se \u00dcberraschung bleibt.<\/p>\n<p>Aber zur\u00fcck zum Anfang: Habt ihr gewusst, dass es drei verschiedene \u201cR\u00e4dchen\u201c gibt? Das <strong>amerikanische, europ\u00e4ische und franz\u00f6sische Roulette<\/strong>. Alle drei Roulette Typen werden gleich gespielt. Bereit f\u00fcr euren ersten Einsatz? Lest weiter, um die wichtigsten Unterschiede zwischen den drei Roulette Spielen kennenzulernen.<br \/>\n<\/div><\/div>\n<div class=\"su-column su-column-size-1-3 colc\"><div class=\"su-column-inner su-u-clearfix su-u-trim\"><img loading=\"lazy\" decoding=\"async\" title=\"Online Casino Roulette in \u00d6sterreich\" src=\"https:\/\/www.onlineroulette.tech\/at\/wp-content\/uploads\/2021\/01\/casino-roulette.jpg\" alt=\"Online Casino Roulette in \u00d6sterreich\" width=\"380\" height=\"214\" class=\"alignnone size-full wp-image-1078\" srcset=\"https:\/\/www.onlineroulette.tech\/at\/wp-content\/uploads\/2021\/01\/casino-roulette.jpg 380w, https:\/\/www.onlineroulette.tech\/at\/wp-content\/uploads\/2021\/01\/casino-roulette-300x169.jpg 300w\" sizes=\"auto, (max-width: 380px) 100vw, 380px\" \/><br \/>\n&nbsp;<br \/>\n<\/div><\/div><\/div>\n&nbsp;<br \/>\n<div class=\"su-row\"><div class=\"su-column su-column-size-1-2\"><div class=\"su-column-inner su-u-clearfix su-u-trim\">\n<strong>Unsere Online Casino Liste ber\u00fccksichtigt folgende Kriterien:<\/strong><\/p>\n<ul>\n<li>Kostenlose \u00dcbungsversionen,<\/li>\n<li>Reglementierte Gl\u00fccksspiel Seiten,<\/li>\n<li>Kostenlose Bonus Angebote in Echtgeld.<\/li>\n<\/ul>\n<p><em>Ihr wollt beim Online Roulette Spielen ein sicheres H\u00e4ndchen? Wir zeigen euch die vertrauensw\u00fcrdigsten Webseiten!<\/em><br \/>\n<\/div><\/div>\n<div class=\"su-column su-column-size-1-2\"><div class=\"su-column-inner su-u-clearfix su-u-trim\">\n<strong>Mit unserem Guide:<\/strong><\/p>\n<ul>\n<li>Lernt ihr die drei Roulette Versionen spielen,<\/li>\n<li>Entdeckt ihr gewinnbringende Strategien,<\/li>\n<li>Habt ihr Zugang zu sicheren Online Casino Webseiten.<\/li>\n<\/ul>\n<p><em>Dank unserem Guide werdet ihr im Handumdrehen Profi Online Roulette Spieler! Faites vos jeux !<\/em><br \/>\n<\/div><\/div>\n<\/div>\n<h2>Getestete Online Roulette Webseiten<\/h2>\n<div class=\"su-row\"><div class=\"su-column su-column-size-2-3\"><div class=\"su-column-inner su-u-clearfix su-u-trim\">Wir haben f\u00fcr euch die beliebtesten Online Casinos in \u00d6sterreich getestet.<br \/>\n&nbsp;<br \/>\nMit uns habt ihr Zugang zu den Online Casinos mit dem besten Ruf: hier geht\u2019s zu den seri\u00f6sesten Online <a title=\"Casinos mit Echtgeld\" href=\"https:\/\/www.onlineroulette.tech\/at\/seriose-casino\/\">Casinos mit Echtgeld<\/a>! Die Gl\u00fccksspiele sind nach Bekanntheit geordnet.<\/div><\/div>\n<div class=\"su-column su-column-size-1-3 colc\"><div class=\"su-column-inner su-u-clearfix su-u-trim\">\n<a title=\"Luxury Casino\" class=\"top\" href=\"https:\/\/luxury.casino\/de-at\/\" rel=\"noopener noreferrer\" target=\"_blank\"><img loading=\"lazy\" decoding=\"async\" title=\"Luxury Online Casino in \u00d6sterreich\" src=\"https:\/\/www.onlineroulette.tech\/at\/wp-content\/uploads\/2022\/03\/luxury.jpg\" alt=\"Luxury Online Casino in \u00d6sterreich\" width=\"380\" height=\"214\" class=\"alignnone size-full wp-image-1448\" srcset=\"https:\/\/www.onlineroulette.tech\/at\/wp-content\/uploads\/2022\/03\/luxury.jpg 380w, https:\/\/www.onlineroulette.tech\/at\/wp-content\/uploads\/2022\/03\/luxury-300x169.jpg 300w\" sizes=\"auto, (max-width: 380px) 100vw, 380px\" \/><br \/>\nBEI LUXURY CASINO SPIELEN<\/a><br \/>\n\n<\/div><\/div><\/div>\n<h2>Online Roulette \u2013 von 10 zu 3 Versionen<\/h2>\n<p>Es gibt <strong>mehr als zehn verschiedene Roulette Versionen<\/strong>. Die meistgespielten sind das amerikanische, europ\u00e4ische und franz\u00f6sische Roulette. Die anderen Versionen k\u00f6nnen heutzutage weder Online noch in richtigen Casinos gespielt werden. Ihr fragt euch, weshalb? <strong>Diese urspr\u00fcnglichen Spiele verschafften den Spielbankbetreibern einen zu gro\u00dfen Vorteil.<\/strong> Das haben die Spieler gar nicht gesch\u00e4tzt \u2013 und die Spiele sind nach und nach aus den Spielh\u00f6hlen verschwunden! Nostalgiker k\u00f6nnen nach wie vor auf einer dieser alten Roulettemaschinen spielen. Aber nur in privatem Kreis.<\/p>\n<h2>Die 3 Online Roulette Spiele<\/h2>\n<p>Die drei Casino Roulette Spiele \u00e4hneln sich. <strong>F\u00fcr Spieler am rentabelsten ist aber die franz\u00f6sische Version<\/strong>, gefolgt von der europ\u00e4ischen. Das amerikanische Roulette kommt in Bezug auf die Gewinnchancen f\u00fcr die Spieler auf den letzten Platz. In den Online Casinos wird das europ\u00e4ische Roulette mit den gleichen Regeln wie das franz\u00f6sische gespielt.<br \/>\n<div class=\"su-row\">\n<div class=\"su-column su-column-size-1-3\"><div class=\"su-column-inner su-u-clearfix su-u-trim\">\n<h3>Das American Roulette<\/h3>\n<table>\n<tbody>\n<tr>\n<td width=\"80\"><img loading=\"lazy\" decoding=\"async\" class=\"alignnone size-full wp-image-513\" title=\"USA\" src=\"https:\/\/www.onlineroulette.tech\/at\/wp-content\/uploads\/2020\/12\/usa.jpg\" alt=\" USA\" width=\"80\" height=\"80\" \/><\/td>\n<td>Das amerikanische Roulette hat 38 Spielfelder. Die Zahlen im sogenannten Roulette Kessel gehen von 1 bis 36, zudem gibt es die Null [0] und die Doppelnull [00].<\/p>\n<div align=\"right\"><a title=\"Ich will mehr wissen!\" href=\"https:\/\/www.onlineroulette.tech\/at\/home\/american\/\">Ich will mehr wissen!<\/a><\/div>\n<\/td>\n<\/tr>\n<\/tbody>\n<\/table>\n<\/div><\/div>\n<div class=\"su-column su-column-size-1-3\"><div class=\"su-column-inner su-u-clearfix su-u-trim\">\n<h3>Das europ\u00e4ische Roulette<\/h3>\n<table>\n<tbody>\n<tr>\n<td width=\"80\"><img loading=\"lazy\" decoding=\"async\" class=\"alignnone size-full wp-image-511\" title=\"Europa\" src=\"https:\/\/www.onlineroulette.tech\/at\/wp-content\/uploads\/2020\/12\/europa.jpg\" alt=\"Europa\" width=\"80\" height=\"80\" \/><\/td>\n<td>Das europ\u00e4ische Roulette ist das beliebteste Roulette in Casinos. Der Unterschied zur amerikanischen Version? Die Doppelnull fehlt, insgesamt gibt es 37 Spielfelder.<\/p>\n<div align=\"right\"><a title=\"Ich will mehr wissen!\" href=\"https:\/\/www.onlineroulette.tech\/at\/home\/europaische\/\">Ich will mehr wissen!<\/a><\/div>\n<\/td>\n<\/tr>\n<\/tbody>\n<\/table>\n<\/div><\/div>\n<div class=\"su-column su-column-size-1-3\"><div class=\"su-column-inner su-u-clearfix su-u-trim\">\n<h3>Das franz\u00f6sische Roulette<\/h3>\n<table>\n<tbody>\n<tr>\n<td width=\"80\"><img loading=\"lazy\" decoding=\"async\" class=\"alignnone size-full wp-image-507\" title=\"Frankreich\" src=\"https:\/\/www.onlineroulette.tech\/at\/wp-content\/uploads\/2020\/12\/frankreich.jpg\" alt=\"Frankreich\" width=\"80\" height=\"80\" \/><\/td>\n<td>Der Roulette Kessel ist gleich unterteilt wie beim europ\u00e4ischen Roulette.<br \/>\nDer feine Unterschied: Eine besondere Regel, wenn die Kugel auf dem Feld Null landet.<\/p>\n<div align=\"right\"><a title=\"Ich will mehr wissen!\" href=\"https:\/\/www.onlineroulette.tech\/at\/home\/franzosische\/\">Ich will mehr wissen!<\/a><\/div>\n<\/td>\n<\/tr>\n<\/tbody>\n<\/table>\n<\/div><\/div>\n<\/div>\n<h2>Roulette online spielen<\/h2>\n<div class=\"su-row\"><div class=\"su-column su-column-size-1-3\"><div class=\"su-column-inner su-u-clearfix su-u-trim\">\nOnline Roulette k\u00f6nnt ihr auf zwei verschiedene Arten spielen:<\/p>\n<ul>\n<li>Als Sofortspiel,<\/li>\n<li>Im Livestream mit einem Croupier.<\/li>\n<\/ul>\n<\/div><\/div>\n<div class=\"su-column su-column-size-2-3\"><div class=\"su-column-inner su-u-clearfix su-u-trim\">\n<h3>Windows PC<\/h3>\n<p>In Windows k\u00f6nnt ihr Roulette <strong>direkt im Webbrowser spielen<\/strong>, ohne das Spiel herunterzuladen. Ihr k\u00f6nnt die Spielbank aber auch auf eurer Festplatte abspeichern.<\/p>\n<h3>Mac und Mobilger\u00e4te<\/h3>\n<p>In Mac OS und iOS sowie auf Tablets und Handys (Android und iPhone) wird der Sofortspiel-Modus aktiviert. Ihr braucht <strong>keine App<\/strong> zu installieren, um Online Roulette zu spielen.<br \/>\n<\/div><\/div><\/div>\n<h3>Instant Play Roulette<\/h3>\n<p>Roulette wird am h\u00e4ufigsten <strong>per Instant Play<\/strong> gespielt. Die Instant Play Variante wird \u00fcber einen Flash Player aktiviert. Und funktioniert auf s\u00e4mtlichen Ger\u00e4ten: PC, Mac, Tablet und Smartphone.<\/p>\n<h3>Live Roulette mit einem Dealer<\/h3>\n<p>Mit Live Roulette holt ihr euch das Casino direkt ins Wohnzimmer! Ihr k\u00f6nnt in <strong>echten Spielbanken mit Live Dealern zocken<\/strong>. Die Qualit\u00e4t der Live Dealer Casinos ist von Anbieter zu Anbieter unterschiedlich. Wie auch bei den Instant Play Gl\u00fccksspielen. Wir raten euch, ein Casino mit einer <a title=\"gepr\u00fcften Software zu w\u00e4hlen\" href=\"https:\/\/www.onlineroulette.tech\/at\/software\/\">gepr\u00fcften Software zu w\u00e4hlen<\/a>.<\/p>\n<h2>Strategien, um beim Online Roulette zu gewinnen<\/h2>\n<p>Beim Roulette Spielen ist viel Taktik im Spiel. Mit den richtigen Tricks k\u00f6nnt ihr eure Gewinne steigern. Um erfolgreich zu spielen, braucht ihr zuerst ein <strong>gutes Zeitmanagement, ein Budget f\u00fcr eure Eins\u00e4tze und eine positive Einstellung<\/strong>. Dann k\u00f6nnt ihr mit diesen <a title=\"Gewinnmethoden\" href=\"https:\/\/www.onlineroulette.tech\/at\/strategien\/\">Gewinnmethoden<\/a> eure Spielresultate erh\u00f6hen!<\/p>\n<h2>Euer Geld<\/h2>\n<p>In einem Online Casino k\u00f6nnt ihr euer Geld spielend einfach organisieren. F\u00fcr Ein- und Auszahlungen benutzt ihr eine <strong>Kredit- oder Bankkarte<\/strong>. Oder ihr gebt euer <strong>Bankkonto<\/strong> an. Die Zahlungen werden \u00fcber eine gesicherte Verbindung des Online Casinos abgewickelt. Manchmal gibt es auch e-Wallets als Zahlungsmethode.<\/p>\n<h2>Roulette Spiele und Jackpots<\/h2>\n<p>Mit Roulette Spielen nach dem Vorbild von Spielautomaten k\u00f6nnt ihr riesige Jackpots gewinnen.<br \/>\nDas beeindruckendste Jackpot-Roulette-Spiel bisher ist das <a title=\"Mega Moolah Roulette\" href=\"https:\/\/www.onlineroulette.tech\/at\/mega-moolah-roulette\/\">Mega Moolah Roulette<\/a>. Der gr\u00f6\u00dfte Spieltopf, der am Mega Moolah-Rad gewonnen werden kann, betr\u00e4gt \u00fcber 2 Millionen Euro.<\/p>\n<h2>Neueste Beitr\u00e4ge<\/h2>\n\n\n<div class=\"su-posts su-posts-default-loop \">\n\n\t\n\t\t\t\t\t\n\t\t\t\n\t\t\t<div id=\"su-post-2237\" class=\"su-post \">\n\n\t\t\t\t\n\t\t\t\t<h2 class=\"su-post-title\"><a href=\"https:\/\/www.onlineroulette.tech\/at\/pragmatic-play-live-varianten\/\">Pragmatic Play Roulette in \u00d6sterreich: Live &#038; Varianten<\/a><\/h2>\n\n\t\t\t\t<div class=\"su-post-meta\">\n\t\t\t\t\tPosted: 04\/03\/2026\t\t\t\t<\/div>\n\n\t\t\t\t<div class=\"su-post-excerpt\">\n\t\t\t\t\t<p>Pragmatic Play bringt Abwechslung ins Roulette. Hier sind die wichtigsten Varianten, der Jackpot-Teil und ein ehrliches Fazit f\u00fcr Spieler.<\/p>\n\t\t\t\t<\/div>\n\n\t\t\t\t\n\t\t\t<\/div>\n\n\t\t\t\t\t\n\t\t\t\n\t\t\t<div id=\"su-post-2222\" class=\"su-post \">\n\n\t\t\t\t\n\t\t\t\t<h2 class=\"su-post-title\"><a href=\"https:\/\/www.onlineroulette.tech\/at\/mega-moolah-2025-jackpot\/\">Roulette Mega Moolah 2025: Jackpot steigt \u00fcber 5 Mio. \u20ac!<\/a><\/h2>\n\n\t\t\t\t<div class=\"su-post-meta\">\n\t\t\t\t\tPosted: 05\/12\/2025\t\t\t\t<\/div>\n\n\t\t\t\t<div class=\"su-post-excerpt\">\n\t\t\t\t\t<p>Der enorme Jackpot von \u00fcber 5 Millionen Euro macht Roulette Mega Moolah zu einem der attraktivsten Online-Roulettes f\u00fcr \u00f6sterreichische Spieler.<\/p>\n\t\t\t\t<\/div>\n\n\t\t\t\t\n\t\t\t<\/div>\n\n\t\t\t\t\t\n\t\t\t\n\t\t\t<div id=\"su-post-2190\" class=\"su-post \">\n\n\t\t\t\t\n\t\t\t\t<h2 class=\"su-post-title\"><a href=\"https:\/\/www.onlineroulette.tech\/at\/malta-gaming-authority-online-casinos\/\">Malta Gaming Authority: Sichere Online-Casinos f\u00fcr euch<\/a><\/h2>\n\n\t\t\t\t<div class=\"su-post-meta\">\n\t\t\t\t\tPosted: 11\/09\/2025\t\t\t\t<\/div>\n\n\t\t\t\t<div class=\"su-post-excerpt\">\n\t\t\t\t\t<p>So pr\u00fcft ihr MGA-Seiten: Dynamic Seal, Limits, Self-Exclusion. Fakten zu Lizenz &#038; Partnern \u2013 kompakt f\u00fcr \u00d6sterreich.<\/p>\n\t\t\t\t<\/div>\n\n\t\t\t\t\n\t\t\t<\/div>\n\n\t\t\n\t\n<\/div>\n\n<h2>Kundenservice<\/h2>\n<p>Eure Fragen werden von den Kundenberatern der Online Casinos schnell beantwortet. <strong>Die Kundendienste sind t\u00e4glich w\u00e4hrend 24 Stunden erreichbar.<\/strong> Via Chat erh\u00e4lt ihr innert Sekunden Antwort auf eure Fragen. Nat\u00fcrlich k\u00f6nnt ihr euch auch per E-Mail oder telefonisch beim Kundendienst melden.<\/p>\n<p>Bevor ihr euch an den Kundenservice wendet, lohnt sich ein Blick in die <a title=\"FAQ des Online Casinos\" href=\"https:\/\/www.onlineroulette.tech\/at\/faq\/\">FAQ des Online Casinos<\/a>: gut m\u00f6glich, dass sich euer Anliegen unter den meistgestellten Fragen der Spieler befindet.<\/p>\n","protected":false},"excerpt":{"rendered":"<p>Wie ihr beim Roulette gewinnt? Unsere Anleitung zum Online spielen.<\/p>\n","protected":false},"author":1,"featured_media":0,"parent":0,"menu_order":0,"comment_status":"closed","ping_status":"closed","template":"template-fullwidth.php","meta":{"footnotes":""},"class_list":["post-18","page","type-page","status-publish","hentry"],"yoast_head":"<!-- This site is optimized with the Yoast SEO plugin v27.4 - https:\/\/yoast.com\/product\/yoast-seo-wordpress\/ -->\n<title>Online Roulette in den \u00f6sterreichischen Casinos in 2026<\/title>\n<meta name=\"description\" content=\"Das Online Casino Roulette in \u00d6sterreich. Spielregeln, Gewinnmethoden und Zugang zu den besten Roulette Seiten.\" \/>\n<meta name=\"robots\" content=\"index, follow, max-snippet:-1, max-image-preview:large, max-video-preview:-1\" \/>\n<link rel=\"canonical\" href=\"https:\/\/www.onlineroulette.tech\/at\/\" \/>\n<meta property=\"og:locale\" content=\"de_DE\" \/>\n<meta property=\"og:type\" content=\"article\" \/>\n<meta property=\"og:title\" content=\"Online Roulette in den \u00f6sterreichischen Casinos in 2026\" \/>\n<meta property=\"og:description\" content=\"Das Online Casino Roulette in \u00d6sterreich. Spielregeln, Gewinnmethoden und Zugang zu den besten Roulette Seiten.\" \/>\n<meta property=\"og:url\" content=\"https:\/\/www.onlineroulette.tech\/at\/\" \/>\n<meta property=\"og:site_name\" content=\"Online Roulette\" \/>\n<meta property=\"article:modified_time\" content=\"2025-11-18T04:42:07+00:00\" \/>\n<meta property=\"og:image\" content=\"https:\/\/www.onlineroulette.tech\/at\/wp-content\/uploads\/2021\/01\/casino-roulette.jpg\" \/>\n\t<meta property=\"og:image:width\" content=\"380\" \/>\n\t<meta property=\"og:image:height\" content=\"214\" \/>\n\t<meta property=\"og:image:type\" content=\"image\/jpeg\" \/>\n<meta name=\"twitter:card\" content=\"summary_large_image\" \/>\n<meta name=\"twitter:label1\" content=\"Gesch\u00e4tzte Lesezeit\" \/>\n\t<meta name=\"twitter:data1\" content=\"7 Minuten\" \/>\n<script type=\"application\/ld+json\" class=\"yoast-schema-graph\">{\"@context\":\"https:\\\/\\\/schema.org\",\"@graph\":[{\"@type\":\"WebPage\",\"@id\":\"https:\\\/\\\/www.onlineroulette.tech\\\/at\\\/\",\"url\":\"https:\\\/\\\/www.onlineroulette.tech\\\/at\\\/\",\"name\":\"Online Roulette in den \u00f6sterreichischen Casinos in 2026\",\"isPartOf\":{\"@id\":\"https:\\\/\\\/www.onlineroulette.tech\\\/at\\\/#website\"},\"primaryImageOfPage\":{\"@id\":\"https:\\\/\\\/www.onlineroulette.tech\\\/at\\\/#primaryimage\"},\"image\":{\"@id\":\"https:\\\/\\\/www.onlineroulette.tech\\\/at\\\/#primaryimage\"},\"thumbnailUrl\":\"https:\\\/\\\/www.onlineroulette.tech\\\/at\\\/wp-content\\\/uploads\\\/2021\\\/01\\\/casino-roulette.jpg\",\"datePublished\":\"2020-11-26T15:35:31+00:00\",\"dateModified\":\"2025-11-18T04:42:07+00:00\",\"description\":\"Das Online Casino Roulette in \u00d6sterreich. Spielregeln, Gewinnmethoden und Zugang zu den besten Roulette Seiten.\",\"breadcrumb\":{\"@id\":\"https:\\\/\\\/www.onlineroulette.tech\\\/at\\\/#breadcrumb\"},\"inLanguage\":\"de-AT\",\"potentialAction\":[{\"@type\":\"ReadAction\",\"target\":[\"https:\\\/\\\/www.onlineroulette.tech\\\/at\\\/\"]}]},{\"@type\":\"ImageObject\",\"inLanguage\":\"de-AT\",\"@id\":\"https:\\\/\\\/www.onlineroulette.tech\\\/at\\\/#primaryimage\",\"url\":\"https:\\\/\\\/www.onlineroulette.tech\\\/at\\\/wp-content\\\/uploads\\\/2021\\\/01\\\/casino-roulette.jpg\",\"contentUrl\":\"https:\\\/\\\/www.onlineroulette.tech\\\/at\\\/wp-content\\\/uploads\\\/2021\\\/01\\\/casino-roulette.jpg\",\"width\":380,\"height\":214,\"caption\":\"Online Casino Roulette in \u00d6sterreich\"},{\"@type\":\"BreadcrumbList\",\"@id\":\"https:\\\/\\\/www.onlineroulette.tech\\\/at\\\/#breadcrumb\",\"itemListElement\":[{\"@type\":\"ListItem\",\"position\":1,\"name\":\"Home\",\"item\":\"https:\\\/\\\/www.onlineroulette.tech\\\/at\\\/\"},{\"@type\":\"ListItem\",\"position\":2,\"name\":\"Roulette\"}]},{\"@type\":\"WebSite\",\"@id\":\"https:\\\/\\\/www.onlineroulette.tech\\\/at\\\/#website\",\"url\":\"https:\\\/\\\/www.onlineroulette.tech\\\/at\\\/\",\"name\":\"Online Roulette\",\"description\":\"Roulette Guide\",\"publisher\":{\"@id\":\"https:\\\/\\\/www.onlineroulette.tech\\\/at\\\/#organization\"},\"potentialAction\":[{\"@type\":\"SearchAction\",\"target\":{\"@type\":\"EntryPoint\",\"urlTemplate\":\"https:\\\/\\\/www.onlineroulette.tech\\\/at\\\/?s={search_term_string}\"},\"query-input\":{\"@type\":\"PropertyValueSpecification\",\"valueRequired\":true,\"valueName\":\"search_term_string\"}}],\"inLanguage\":\"de-AT\"},{\"@type\":\"Organization\",\"@id\":\"https:\\\/\\\/www.onlineroulette.tech\\\/at\\\/#organization\",\"name\":\"Online Roulette\",\"url\":\"https:\\\/\\\/www.onlineroulette.tech\\\/at\\\/\",\"logo\":{\"@type\":\"ImageObject\",\"inLanguage\":\"de-AT\",\"@id\":\"https:\\\/\\\/www.onlineroulette.tech\\\/at\\\/#\\\/schema\\\/logo\\\/image\\\/\",\"url\":\"https:\\\/\\\/www.onlineroulette.tech\\\/at\\\/wp-content\\\/uploads\\\/2022\\\/01\\\/logo.jpg\",\"contentUrl\":\"https:\\\/\\\/www.onlineroulette.tech\\\/at\\\/wp-content\\\/uploads\\\/2022\\\/01\\\/logo.jpg\",\"width\":280,\"height\":115,\"caption\":\"Online Roulette\"},\"image\":{\"@id\":\"https:\\\/\\\/www.onlineroulette.tech\\\/at\\\/#\\\/schema\\\/logo\\\/image\\\/\"}}]}<\/script>\n<!-- \/ Yoast SEO plugin. -->","yoast_head_json":{"title":"Online Roulette in den \u00f6sterreichischen Casinos in 2026","description":"Das Online Casino Roulette in \u00d6sterreich. Spielregeln, Gewinnmethoden und Zugang zu den besten Roulette Seiten.","robots":{"index":"index","follow":"follow","max-snippet":"max-snippet:-1","max-image-preview":"max-image-preview:large","max-video-preview":"max-video-preview:-1"},"canonical":"https:\/\/www.onlineroulette.tech\/at\/","og_locale":"de_DE","og_type":"article","og_title":"Online Roulette in den \u00f6sterreichischen Casinos in 2026","og_description":"Das Online Casino Roulette in \u00d6sterreich. Spielregeln, Gewinnmethoden und Zugang zu den besten Roulette Seiten.","og_url":"https:\/\/www.onlineroulette.tech\/at\/","og_site_name":"Online Roulette","article_modified_time":"2025-11-18T04:42:07+00:00","og_image":[{"width":380,"height":214,"url":"https:\/\/www.onlineroulette.tech\/at\/wp-content\/uploads\/2021\/01\/casino-roulette.jpg","type":"image\/jpeg"}],"twitter_card":"summary_large_image","twitter_misc":{"Gesch\u00e4tzte Lesezeit":"7 Minuten"},"schema":{"@context":"https:\/\/schema.org","@graph":[{"@type":"WebPage","@id":"https:\/\/www.onlineroulette.tech\/at\/","url":"https:\/\/www.onlineroulette.tech\/at\/","name":"Online Roulette in den \u00f6sterreichischen Casinos in 2026","isPartOf":{"@id":"https:\/\/www.onlineroulette.tech\/at\/#website"},"primaryImageOfPage":{"@id":"https:\/\/www.onlineroulette.tech\/at\/#primaryimage"},"image":{"@id":"https:\/\/www.onlineroulette.tech\/at\/#primaryimage"},"thumbnailUrl":"https:\/\/www.onlineroulette.tech\/at\/wp-content\/uploads\/2021\/01\/casino-roulette.jpg","datePublished":"2020-11-26T15:35:31+00:00","dateModified":"2025-11-18T04:42:07+00:00","description":"Das Online Casino Roulette in \u00d6sterreich. Spielregeln, Gewinnmethoden und Zugang zu den besten Roulette Seiten.","breadcrumb":{"@id":"https:\/\/www.onlineroulette.tech\/at\/#breadcrumb"},"inLanguage":"de-AT","potentialAction":[{"@type":"ReadAction","target":["https:\/\/www.onlineroulette.tech\/at\/"]}]},{"@type":"ImageObject","inLanguage":"de-AT","@id":"https:\/\/www.onlineroulette.tech\/at\/#primaryimage","url":"https:\/\/www.onlineroulette.tech\/at\/wp-content\/uploads\/2021\/01\/casino-roulette.jpg","contentUrl":"https:\/\/www.onlineroulette.tech\/at\/wp-content\/uploads\/2021\/01\/casino-roulette.jpg","width":380,"height":214,"caption":"Online Casino Roulette in \u00d6sterreich"},{"@type":"BreadcrumbList","@id":"https:\/\/www.onlineroulette.tech\/at\/#breadcrumb","itemListElement":[{"@type":"ListItem","position":1,"name":"Home","item":"https:\/\/www.onlineroulette.tech\/at\/"},{"@type":"ListItem","position":2,"name":"Roulette"}]},{"@type":"WebSite","@id":"https:\/\/www.onlineroulette.tech\/at\/#website","url":"https:\/\/www.onlineroulette.tech\/at\/","name":"Online Roulette","description":"Roulette Guide","publisher":{"@id":"https:\/\/www.onlineroulette.tech\/at\/#organization"},"potentialAction":[{"@type":"SearchAction","target":{"@type":"EntryPoint","urlTemplate":"https:\/\/www.onlineroulette.tech\/at\/?s={search_term_string}"},"query-input":{"@type":"PropertyValueSpecification","valueRequired":true,"valueName":"search_term_string"}}],"inLanguage":"de-AT"},{"@type":"Organization","@id":"https:\/\/www.onlineroulette.tech\/at\/#organization","name":"Online Roulette","url":"https:\/\/www.onlineroulette.tech\/at\/","logo":{"@type":"ImageObject","inLanguage":"de-AT","@id":"https:\/\/www.onlineroulette.tech\/at\/#\/schema\/logo\/image\/","url":"https:\/\/www.onlineroulette.tech\/at\/wp-content\/uploads\/2022\/01\/logo.jpg","contentUrl":"https:\/\/www.onlineroulette.tech\/at\/wp-content\/uploads\/2022\/01\/logo.jpg","width":280,"height":115,"caption":"Online Roulette"},"image":{"@id":"https:\/\/www.onlineroulette.tech\/at\/#\/schema\/logo\/image\/"}}]}},"_links":{"self":[{"href":"https:\/\/www.onlineroulette.tech\/at\/wp-json\/wp\/v2\/pages\/18","targetHints":{"allow":["GET"]}}],"collection":[{"href":"https:\/\/www.onlineroulette.tech\/at\/wp-json\/wp\/v2\/pages"}],"about":[{"href":"https:\/\/www.onlineroulette.tech\/at\/wp-json\/wp\/v2\/types\/page"}],"author":[{"embeddable":true,"href":"https:\/\/www.onlineroulette.tech\/at\/wp-json\/wp\/v2\/users\/1"}],"replies":[{"embeddable":true,"href":"https:\/\/www.onlineroulette.tech\/at\/wp-json\/wp\/v2\/comments?post=18"}],"version-history":[{"count":118,"href":"https:\/\/www.onlineroulette.tech\/at\/wp-json\/wp\/v2\/pages\/18\/revisions"}],"predecessor-version":[{"id":2208,"href":"https:\/\/www.onlineroulette.tech\/at\/wp-json\/wp\/v2\/pages\/18\/revisions\/2208"}],"wp:attachment":[{"href":"https:\/\/www.onlineroulette.tech\/at\/wp-json\/wp\/v2\/media?parent=18"}],"curies":[{"name":"wp","href":"https:\/\/api.w.org\/{rel}","templated":true}]}}