{"id":1719,"date":"2023-02-01T06:59:24","date_gmt":"2023-02-01T06:59:24","guid":{"rendered":"https:\/\/www.onlineroulette.tech\/at\/?page_id=1719"},"modified":"2025-11-18T04:41:47","modified_gmt":"2025-11-18T04:41:47","slug":"mega-moolah-roulette","status":"publish","type":"page","link":"https:\/\/www.onlineroulette.tech\/at\/mega-moolah-roulette\/","title":{"rendered":"Mega Moolah Roulette"},"content":{"rendered":"<p>Ausgestattet mit einem <strong>Bonusrad mit einem progressiven Jackpot<\/strong> geht <strong>Mega Moolah Roulette<\/strong> weiter als die klassischen Online Casino Roulette Spiele.<!--more--><\/p>\n<p><strong>Mega Moolah<\/strong> ist ein Spielautomaten-Konzept mit einem gemeinsamen <strong>Mega-Jackpot von<\/strong> <strong>\u00fcber 2 Millionen Euro, die auf einen Streich gewonnen<\/strong> werden k\u00f6nnen.<\/p>\n<p><img loading=\"lazy\" decoding=\"async\" class=\"aligncenter size-full wp-image-1756\" title=\"Mega Moolah Roulette in \u00d6sterreich\" src=\"https:\/\/www.onlineroulette.tech\/at\/wp-content\/uploads\/2023\/02\/mega-moolah.jpg\" alt=\"Mega Moolah Roulette in \u00d6sterreich\" width=\"800\" height=\"425\" srcset=\"https:\/\/www.onlineroulette.tech\/at\/wp-content\/uploads\/2023\/02\/mega-moolah.jpg 800w, https:\/\/www.onlineroulette.tech\/at\/wp-content\/uploads\/2023\/02\/mega-moolah-300x159.jpg 300w, https:\/\/www.onlineroulette.tech\/at\/wp-content\/uploads\/2023\/02\/mega-moolah-768x408.jpg 768w\" sizes=\"auto, (max-width: 800px) 100vw, 800px\" \/><br \/>\n&nbsp;<br \/>\n<strong>Welches ist die beliebteste Version des Mega Moolah Spieles?<\/strong><br \/>\nDiejenige mit dem L\u00f6wenkopf. Dieser Spielautomat hat Kultstatus! Bei zahlreichen Online Casino Anbietern in \u00d6sterreich steht dieser Slot zuoberst auf der Spielliste.<\/p>\n<p><strong>Weshalb die Fans die Roulette Version der Mega Moolah Spielserie lieben<\/strong><\/p>\n<p>Was macht dieses Spiel so besonders? Ihr habt nicht nur die Chance, am Roulette-Spieltisch zu gewinnen, sondern zus\u00e4tzlich auch einen der <strong>Jackpots am Bonusrad<\/strong> abzusahnen. Um das Bonusrad drehen zu lassen und zu versuchen, den Mega-Jackpot zu holen, m\u00fcsst ihr eure Wetten auf einzelne Zahlen setzen (<strong>Straight-Up-Wette<\/strong>).<\/p>\n<h2>Lucky Numbers beim Mega Moolah Roulette<\/h2>\n<p>Bei jeder Spielrunde werden eine bis f\u00fcnf Lucky Numbers nach dem Zufallsprinzip ausgew\u00e4hlt. Diese Zahlen vervielfachen die Gewinne um das 40- bis 200-fache.<\/p>\n<p><strong>Bei jeder Roulette Runde wird eine Lucky Number zu einer Mega Moolah-Zahl<\/strong>. Wer mit Erfolg auf die Mega Moolah-Nummer wettet, aktiviert das Jackpot-Bonusrad.<\/p>\n<h2>Wie kann man die Jackpots des Bonusrads gewinnen?<\/h2>\n<p>Um die Mega Moolah Preise beim Roulette zu holen, m\u00fcsst ihr <strong>eure Wetten auf einzelne Zahlen<\/strong> setzen \u2013 nur so wird das Bonusrad in Gang gesetzt. Habt ihr eine Wette gewonnen, wird das Bonusrad auf dem Bildschirm angezeigt. Danach gen\u00fcgt ein <strong>Klick auf die SPIN-Taste<\/strong>, um das Bonusrad zu drehen und garantiert <strong>einen der vier progressiven Jackpots zu gewinnen<\/strong>!<\/p>\n<p><strong>Bonusrad-Jackpots:<\/strong><\/p>\n<ul>\n<li>Mini: Spieltopf ab 10 \u20ac.<\/li>\n<li>Minor: Spieltopf ab 100 \u20ac.<\/li>\n<li>Major: Spieltopf ab 10.000 \u20ac.<\/li>\n<li>Mega: Spieltopf ab 2 Millionen.<\/li>\n<\/ul>\n<h2>Wo kann man Mega Moolah Roulette spielen?<\/h2>\n<p>Mega Moolah Roulette wird auf Online Casino Seiten angeboten, die mit <strong>Switch Studios<\/strong> affiliiert sind. Mit einer Reihe von <strong>au\u00dfergew\u00f6hnlichen Roulette-Spielen<\/strong> bringt Switch Studios die <strong>Chance auf gro\u00dfe Gewinne<\/strong> an die Spieltische. Im Internet gibt es <a title=\"Online Casino Anbieter mit Echtgeld\" href=\"https:\/\/www.onlineroulette.tech\/at\/seriose-casino\/\">Online Casino Anbieter mit Echtgeld<\/a>, die zu Switch Studios geh\u00f6ren und in \u00d6sterreich verf\u00fcgbar sind.<br \/>\n&nbsp;<br \/>\n<div align=\"center\"><a title=\"Villento Casino\" href=\"https:\/\/www.villento.com\/de-at\/\" target=\"_blank\" rel=\"noopener noreferrer\"><img loading=\"lazy\" decoding=\"async\" class=\"aligncenter size-full wp-image-1757\" title=\"Villento Casino\" src=\"https:\/\/www.onlineroulette.tech\/at\/wp-content\/uploads\/2023\/02\/villento.jpg\" alt=\"Villento Casino\" width=\"820\" height=\"427\" srcset=\"https:\/\/www.onlineroulette.tech\/at\/wp-content\/uploads\/2023\/02\/villento.jpg 820w, https:\/\/www.onlineroulette.tech\/at\/wp-content\/uploads\/2023\/02\/villento-300x156.jpg 300w, https:\/\/www.onlineroulette.tech\/at\/wp-content\/uploads\/2023\/02\/villento-768x400.jpg 768w\" sizes=\"auto, (max-width: 820px) 100vw, 820px\" \/><br \/>\n<span style=\"font-size: 17pt;\"><b><u>BEI VILLENTO CASINO SPIELEN<\/u><\/b><\/span><\/a><\/div>\n\n&nbsp;<br \/>\nIn unserem Leitfaden haben wir die <strong>Meinungen von Testspielern<\/strong> f\u00fcr euch zusammengestellt: Am besten seid ihr bedient, wenn ihr euch bei <strong>Villento Casino<\/strong> anmeldet. Was sind die Pluspunkte? <strong>Handy-Nutzer<\/strong> z\u00e4hlen die Villento Webseite zu ihren Favoriten, wenn es um das <a title=\"Spielen auf Android\" href=\"https:\/\/www.onlineroulette.tech\/at\/casino-anbieter-auf-android\/\">Spielen auf Android<\/a> geht. Selbstverst\u00e4ndlich funktioniert diese Spielhalle auch <strong>hervorragend auf dem iPhone und auf Tablets<\/strong>. Wir reden aber Klartext \u2013 auf einem Windows PC- oder Mac-Bildschirm bleibt das<strong> Spielerlebnis nat\u00fcrlich am attraktivsten.<\/strong> Weiterer Vorteil der Computer-Bildschirme: Ihr bedient das Spiel mit der Maus und riskiert <strong>so weniger fehlerhafte Bedienungen<\/strong>.<\/p>\n<h2>RTP-Quote und Auszahlungsh\u00e4ufigkeit<\/h2>\n<p>Das Spiel Mega Moolah Roulette, davon ausgenommen das Mega Moolah Bonusrad, hat eine <strong>Auszahlungsquote von 97,3%<\/strong>.<\/p>\n<p>Wenn ihr eure Wette auf ein rechteckiges Feld des Spiels setzt (die sogenannten Au\u00dfenwetten wie Rot\/Schwarz, Gerade\/Ungerade \u2026), gelten die <a title=\"Regeln des Europ\u00e4ischen Roulette Spieles\" href=\"https:\/\/www.onlineroulette.tech\/at\/home\/europaisches\/\">Regeln des Europ\u00e4ischen Roulette Spieles<\/a>. Wettet ihr jedoch auf die <strong>vollen Zahlen<\/strong>, geh\u00f6rt ihr zu den Kandidaten, die einen Bonusrad-Jackpot gewinnen k\u00f6nnen. In diesem Fall gelten besondere Spielregeln: Ein bestimmter Teil der Eins\u00e4tze auf die vollen Zahlen wird als Teilnahmegeb\u00fchr eingezogen. <strong>Mit diesen Einnahmen f\u00fcllt das Casino die Bonusrad-Jackpots.<\/strong> So wachsen die progressiven Jackpots des Bonusrads mit jedem Einsatz weiter und erreichen <strong>hohe Summen<\/strong>.<\/p>\n<p>Wie sieht es mit der Auszahlungsh\u00e4ufigkeit aus? Der <strong>Mega-Jackpot des Bonusrads<\/strong> l\u00e4sst sich nicht leicht holen. Die anderen Spielt\u00f6pfe des Jackpot-Rads k\u00f6nnt ihr aber leichter gewinnen.<\/p>\n<p>Setzt ihr beim <strong>Mega Moolah Roulette<\/strong> auf einzelne Zahlen, so betr\u00e4gt die <strong>Auszahlungsquote 93,61%<\/strong>. Im Vergleich zu anderen Spielautomaten aus dieser Spielreihe ist das eine der besten Raten.<\/p>\n<h2>Spielautomaten und progressive Jackpots<\/h2>\n<p>Die Online Casino Spielhallen bieten <strong>mehrere Arten von progressiven Spielautomaten<\/strong> an. Gut zu wissen: Von allen Spielautomaten, die ein Roulette beinhalten, bietet nur das Spiel Mega Moolah Roulette die <strong>Chance auf Millionengewinne<\/strong>.<\/p>\n<p>Neben den Mega Moolah-Spielen geh\u00f6ren die Spiele der <a title=\"WowPot-Slot-Reihe\" href=\"https:\/\/www.wowpotslots.casino\" target=\"_blank\" rel=\"noopener noreferrer\">WowPot-Slot-Reihe<\/a> zu den beeindruckendsten progressiven Jackpot-Spielen im Internet. Diese Spiele ziehen jeden Tag Hunderte von neuen Spielern an. Aus diesem Grund erreichen die Mega-Jackpots der WowPot-Slots oft <strong>historische H\u00f6chstsummen<\/strong>.<\/p>\n<h2>Gewinnrekorde beim Mega Moolah<\/h2>\n<p>Die Mega Moolah-Spielautomaten sind <strong>die beliebtesten progressiven Jackpot-Spiele der Welt<\/strong>. Der erste Slot der Spielreihe mit dem kultigen L\u00f6wenkopf, der 2006 auf den Markt kam, geh\u00f6rt noch heute zu den Spitzenreitern. Diese Version der Spielreihe bringt <strong>am h\u00e4ufigsten gro\u00dfe Gewinner <\/strong>hervor.<\/p>\n<p>Auch andere Slots der Mega Moolah-Serie haben Millionen an gl\u00fcckliche Teilnehmer ausbezahlt: die Spiele hei\u00dfen <strong>Immortal Romance<\/strong>, <strong>Absolootly Mad<\/strong> und <strong>Atlantean Treasures<\/strong>.<\/p>\n<h2>Die gr\u00f6\u00dften gewonnenen Mega Moolah Jackpots<\/h2>\n<p>Von 2006 bis 2026 haben an den Mega Moolah-Spielautomaten <strong>mehr als 100 Spieler<\/strong> den Jackpot geholt. Hier haben wir die beeindruckendsten Gewinne der Spielreihe f\u00fcr euch zusammengestellt:<\/p>\n<ul>\n<li><strong>20.059.287 CA$<\/strong><br \/>\nEin Spieler aus Kanada holte den Hauptgewinn bei <a title=\"Zodiac Casino\" href=\"https:\/\/www.onlineroulette.tech\/at\/casino-fur-iphone-ipad\/\">Zodiac Casino<\/a>.<\/li>\n<li><strong>19.430.723 \u20ac<\/strong><br \/>\nEin Wahnsinnsgewinn, abgesahnt von einem Belgier, beim Spiel Mega Moolah Absolootly Mad.<\/li>\n<li><strong>18.915.872 \u20ac<\/strong><br \/>\nGeholt von einem Spieler aus Europa auf der Webseite Grand Mondial Casino.<\/li>\n<li><strong>16.496.347 CA$<\/strong><br \/>\nJackpot geknackt auf der gro\u00dfartigen Webseite Jackpot City Casino in Kanada.<\/li>\n<li><strong>14.239.539 \u20ac<\/strong><br \/>\nBei Luckycasino.com! Der gr\u00f6\u00dfte Jackpot, der in Schweden je gewonnen wurde.<\/li>\n<\/ul>\n<p>Sowohl in \u00d6sterreich als auch in Deutschland und der Schweiz gelang es Spielern mit einem gl\u00fccklichen H\u00e4ndchen, den Hauptgewinn bei Mega Moolah zu holen. <strong>Die gr\u00f6\u00dften Gewinne der deutschsprachigen Spieler lagen zwischen 2 und 5 Millionen Euro.<\/strong><\/p>\n<h2>Welche Jackpots wurden beim Mega Moolah Roulette gewonnen?<\/h2>\n<p>Das Spiel Mega Moolah Roulette wurde im Juli 2022 herausgegeben. Seither ist es vielen Spielern gelungen, am Bonusrad einen <strong>Major-Jackpot<\/strong> zu holen. <strong>Diese Spielt\u00f6pfe belaufen sich auf mindestens 10.000\u20ac.<\/strong> Wie sieht es mit dem Mega-Jackpot des Bonusrads aus? Bis jetzt hat es noch kein Teilnehmer des Mega Moolah Roulette Spiels geschafft, den ganz gro\u00dfen Jackpot zu gewinnen&#8230;<\/p>\n<h2>Switch Studios<\/h2>\n<p>Das Spiel Mega Moolah wird von <strong>Games Global<\/strong> betrieben. Die Unternehmensgruppe beherbergt einige der <strong>talentiertesten Spielhersteller<\/strong> des Webs, die erfolgreiche Spiele entwickeln. Zu diesen Herausgebern geh\u00f6rt auch <a title=\"Switch Studios\" href=\"https:\/\/switchstudios.co.uk\" target=\"_blank\" rel=\"noopener noreferrer\">Switch Studios<\/a>, das au\u00dfergew\u00f6hnliche Blackjack und Roulette Spiele \u2013 darunter auch das Spiel Mega Moolah Roulette \u2013 produziert.<\/p>\n<h3>Microgaming<\/h3>\n<p>Microgaming, der <strong>Erfinder des Mega-Moolah-Konzepts<\/strong>, arbeitet Hand in Hand mit den besten Spielherausgebern der Internetbranche zusammen. <strong>Von 2006 bis 2026 wurden mehr als 20 Versionen der Spiele aus der Mega Moolah-Reihe entwickelt.<\/strong> Was macht das Mega-Moolah-Konzept so besonders? Alle Mega Moolah-Slots sind<strong> miteinander verbunden<\/strong>, um die progressiven Jackpots der Bonusr\u00e4der gemeinsam zu speisen. Aus diesem Grund \u00fcbersteigt der <strong>Mega-Jackpot des Bonusrads<\/strong> oft die 5-Millionen-Grenze!<br \/>\n&nbsp;<\/p>\n","protected":false},"excerpt":{"rendered":"<p>Ausgestattet mit einem Bonusrad mit einem progressiven Jackpot geht Mega Moolah Roulette weiter als die klassischen Online Casino Roulette Spiele.<\/p>\n","protected":false},"author":1,"featured_media":0,"parent":0,"menu_order":0,"comment_status":"closed","ping_status":"closed","template":"","meta":{"footnotes":""},"class_list":["post-1719","page","type-page","status-publish","hentry"],"yoast_head":"<!-- This site is optimized with the Yoast SEO plugin v27.5 - https:\/\/yoast.com\/product\/yoast-seo-wordpress\/ -->\n<title>Mega Moolah Roulette Bonus Jackpot +2 Millionen zu gewinnen<\/title>\n<meta name=\"description\" content=\"Das Spiel Mega Moolah Roulette verf\u00fcgt \u00fcber ein Jackpot-Bonusrad, mit dem ein Mega-Preis von \u00fcber 2 Millionen Euro gewonnen werden kann.\" \/>\n<meta name=\"robots\" content=\"index, follow, max-snippet:-1, max-image-preview:large, max-video-preview:-1\" \/>\n<link rel=\"canonical\" href=\"https:\/\/www.onlineroulette.tech\/at\/mega-moolah-roulette\/\" \/>\n<meta property=\"og:locale\" content=\"de_DE\" \/>\n<meta property=\"og:type\" content=\"article\" \/>\n<meta property=\"og:title\" content=\"Mega Moolah Roulette Bonus Jackpot +2 Millionen zu gewinnen\" \/>\n<meta property=\"og:description\" content=\"Das Spiel Mega Moolah Roulette verf\u00fcgt \u00fcber ein Jackpot-Bonusrad, mit dem ein Mega-Preis von \u00fcber 2 Millionen Euro gewonnen werden kann.\" \/>\n<meta property=\"og:url\" content=\"https:\/\/www.onlineroulette.tech\/at\/mega-moolah-roulette\/\" \/>\n<meta property=\"og:site_name\" content=\"Online Roulette\" \/>\n<meta property=\"article:modified_time\" content=\"2025-11-18T04:41:47+00:00\" \/>\n<meta property=\"og:image\" content=\"https:\/\/www.onlineroulette.tech\/at\/wp-content\/uploads\/2023\/02\/mega-moolah.jpg\" \/>\n\t<meta property=\"og:image:width\" content=\"800\" \/>\n\t<meta property=\"og:image:height\" content=\"425\" \/>\n\t<meta property=\"og:image:type\" content=\"image\/jpeg\" \/>\n<meta name=\"twitter:card\" content=\"summary_large_image\" \/>\n<meta name=\"twitter:label1\" content=\"Gesch\u00e4tzte Lesezeit\" \/>\n\t<meta name=\"twitter:data1\" content=\"7 Minuten\" \/>\n<script type=\"application\/ld+json\" class=\"yoast-schema-graph\">{\"@context\":\"https:\\\/\\\/schema.org\",\"@graph\":[{\"@type\":\"WebPage\",\"@id\":\"https:\\\/\\\/www.onlineroulette.tech\\\/at\\\/mega-moolah-roulette\\\/\",\"url\":\"https:\\\/\\\/www.onlineroulette.tech\\\/at\\\/mega-moolah-roulette\\\/\",\"name\":\"Mega Moolah Roulette Bonus Jackpot +2 Millionen zu gewinnen\",\"isPartOf\":{\"@id\":\"https:\\\/\\\/www.onlineroulette.tech\\\/at\\\/#website\"},\"primaryImageOfPage\":{\"@id\":\"https:\\\/\\\/www.onlineroulette.tech\\\/at\\\/mega-moolah-roulette\\\/#primaryimage\"},\"image\":{\"@id\":\"https:\\\/\\\/www.onlineroulette.tech\\\/at\\\/mega-moolah-roulette\\\/#primaryimage\"},\"thumbnailUrl\":\"https:\\\/\\\/www.onlineroulette.tech\\\/at\\\/wp-content\\\/uploads\\\/2023\\\/02\\\/mega-moolah.jpg\",\"datePublished\":\"2023-02-01T06:59:24+00:00\",\"dateModified\":\"2025-11-18T04:41:47+00:00\",\"description\":\"Das Spiel Mega Moolah Roulette verf\u00fcgt \u00fcber ein Jackpot-Bonusrad, mit dem ein Mega-Preis von \u00fcber 2 Millionen Euro gewonnen werden kann.\",\"breadcrumb\":{\"@id\":\"https:\\\/\\\/www.onlineroulette.tech\\\/at\\\/mega-moolah-roulette\\\/#breadcrumb\"},\"inLanguage\":\"de-AT\",\"potentialAction\":[{\"@type\":\"ReadAction\",\"target\":[\"https:\\\/\\\/www.onlineroulette.tech\\\/at\\\/mega-moolah-roulette\\\/\"]}]},{\"@type\":\"ImageObject\",\"inLanguage\":\"de-AT\",\"@id\":\"https:\\\/\\\/www.onlineroulette.tech\\\/at\\\/mega-moolah-roulette\\\/#primaryimage\",\"url\":\"https:\\\/\\\/www.onlineroulette.tech\\\/at\\\/wp-content\\\/uploads\\\/2023\\\/02\\\/mega-moolah.jpg\",\"contentUrl\":\"https:\\\/\\\/www.onlineroulette.tech\\\/at\\\/wp-content\\\/uploads\\\/2023\\\/02\\\/mega-moolah.jpg\",\"width\":800,\"height\":425,\"caption\":\"Mega Moolah\"},{\"@type\":\"BreadcrumbList\",\"@id\":\"https:\\\/\\\/www.onlineroulette.tech\\\/at\\\/mega-moolah-roulette\\\/#breadcrumb\",\"itemListElement\":[{\"@type\":\"ListItem\",\"position\":1,\"name\":\"Home\",\"item\":\"https:\\\/\\\/www.onlineroulette.tech\\\/at\\\/\"},{\"@type\":\"ListItem\",\"position\":2,\"name\":\"Mega Moolah Roulette\"}]},{\"@type\":\"WebSite\",\"@id\":\"https:\\\/\\\/www.onlineroulette.tech\\\/at\\\/#website\",\"url\":\"https:\\\/\\\/www.onlineroulette.tech\\\/at\\\/\",\"name\":\"Online Roulette\",\"description\":\"Roulette Guide\",\"publisher\":{\"@id\":\"https:\\\/\\\/www.onlineroulette.tech\\\/at\\\/#organization\"},\"potentialAction\":[{\"@type\":\"SearchAction\",\"target\":{\"@type\":\"EntryPoint\",\"urlTemplate\":\"https:\\\/\\\/www.onlineroulette.tech\\\/at\\\/?s={search_term_string}\"},\"query-input\":{\"@type\":\"PropertyValueSpecification\",\"valueRequired\":true,\"valueName\":\"search_term_string\"}}],\"inLanguage\":\"de-AT\"},{\"@type\":\"Organization\",\"@id\":\"https:\\\/\\\/www.onlineroulette.tech\\\/at\\\/#organization\",\"name\":\"Online Roulette\",\"url\":\"https:\\\/\\\/www.onlineroulette.tech\\\/at\\\/\",\"logo\":{\"@type\":\"ImageObject\",\"inLanguage\":\"de-AT\",\"@id\":\"https:\\\/\\\/www.onlineroulette.tech\\\/at\\\/#\\\/schema\\\/logo\\\/image\\\/\",\"url\":\"https:\\\/\\\/www.onlineroulette.tech\\\/at\\\/wp-content\\\/uploads\\\/2022\\\/01\\\/logo.jpg\",\"contentUrl\":\"https:\\\/\\\/www.onlineroulette.tech\\\/at\\\/wp-content\\\/uploads\\\/2022\\\/01\\\/logo.jpg\",\"width\":280,\"height\":115,\"caption\":\"Online Roulette\"},\"image\":{\"@id\":\"https:\\\/\\\/www.onlineroulette.tech\\\/at\\\/#\\\/schema\\\/logo\\\/image\\\/\"}}]}<\/script>\n<!-- \/ Yoast SEO plugin. -->","yoast_head_json":{"title":"Mega Moolah Roulette Bonus Jackpot +2 Millionen zu gewinnen","description":"Das Spiel Mega Moolah Roulette verf\u00fcgt \u00fcber ein Jackpot-Bonusrad, mit dem ein Mega-Preis von \u00fcber 2 Millionen Euro gewonnen werden kann.","robots":{"index":"index","follow":"follow","max-snippet":"max-snippet:-1","max-image-preview":"max-image-preview:large","max-video-preview":"max-video-preview:-1"},"canonical":"https:\/\/www.onlineroulette.tech\/at\/mega-moolah-roulette\/","og_locale":"de_DE","og_type":"article","og_title":"Mega Moolah Roulette Bonus Jackpot +2 Millionen zu gewinnen","og_description":"Das Spiel Mega Moolah Roulette verf\u00fcgt \u00fcber ein Jackpot-Bonusrad, mit dem ein Mega-Preis von \u00fcber 2 Millionen Euro gewonnen werden kann.","og_url":"https:\/\/www.onlineroulette.tech\/at\/mega-moolah-roulette\/","og_site_name":"Online Roulette","article_modified_time":"2025-11-18T04:41:47+00:00","og_image":[{"width":800,"height":425,"url":"https:\/\/www.onlineroulette.tech\/at\/wp-content\/uploads\/2023\/02\/mega-moolah.jpg","type":"image\/jpeg"}],"twitter_card":"summary_large_image","twitter_misc":{"Gesch\u00e4tzte Lesezeit":"7 Minuten"},"schema":{"@context":"https:\/\/schema.org","@graph":[{"@type":"WebPage","@id":"https:\/\/www.onlineroulette.tech\/at\/mega-moolah-roulette\/","url":"https:\/\/www.onlineroulette.tech\/at\/mega-moolah-roulette\/","name":"Mega Moolah Roulette Bonus Jackpot +2 Millionen zu gewinnen","isPartOf":{"@id":"https:\/\/www.onlineroulette.tech\/at\/#website"},"primaryImageOfPage":{"@id":"https:\/\/www.onlineroulette.tech\/at\/mega-moolah-roulette\/#primaryimage"},"image":{"@id":"https:\/\/www.onlineroulette.tech\/at\/mega-moolah-roulette\/#primaryimage"},"thumbnailUrl":"https:\/\/www.onlineroulette.tech\/at\/wp-content\/uploads\/2023\/02\/mega-moolah.jpg","datePublished":"2023-02-01T06:59:24+00:00","dateModified":"2025-11-18T04:41:47+00:00","description":"Das Spiel Mega Moolah Roulette verf\u00fcgt \u00fcber ein Jackpot-Bonusrad, mit dem ein Mega-Preis von \u00fcber 2 Millionen Euro gewonnen werden kann.","breadcrumb":{"@id":"https:\/\/www.onlineroulette.tech\/at\/mega-moolah-roulette\/#breadcrumb"},"inLanguage":"de-AT","potentialAction":[{"@type":"ReadAction","target":["https:\/\/www.onlineroulette.tech\/at\/mega-moolah-roulette\/"]}]},{"@type":"ImageObject","inLanguage":"de-AT","@id":"https:\/\/www.onlineroulette.tech\/at\/mega-moolah-roulette\/#primaryimage","url":"https:\/\/www.onlineroulette.tech\/at\/wp-content\/uploads\/2023\/02\/mega-moolah.jpg","contentUrl":"https:\/\/www.onlineroulette.tech\/at\/wp-content\/uploads\/2023\/02\/mega-moolah.jpg","width":800,"height":425,"caption":"Mega Moolah"},{"@type":"BreadcrumbList","@id":"https:\/\/www.onlineroulette.tech\/at\/mega-moolah-roulette\/#breadcrumb","itemListElement":[{"@type":"ListItem","position":1,"name":"Home","item":"https:\/\/www.onlineroulette.tech\/at\/"},{"@type":"ListItem","position":2,"name":"Mega Moolah Roulette"}]},{"@type":"WebSite","@id":"https:\/\/www.onlineroulette.tech\/at\/#website","url":"https:\/\/www.onlineroulette.tech\/at\/","name":"Online Roulette","description":"Roulette Guide","publisher":{"@id":"https:\/\/www.onlineroulette.tech\/at\/#organization"},"potentialAction":[{"@type":"SearchAction","target":{"@type":"EntryPoint","urlTemplate":"https:\/\/www.onlineroulette.tech\/at\/?s={search_term_string}"},"query-input":{"@type":"PropertyValueSpecification","valueRequired":true,"valueName":"search_term_string"}}],"inLanguage":"de-AT"},{"@type":"Organization","@id":"https:\/\/www.onlineroulette.tech\/at\/#organization","name":"Online Roulette","url":"https:\/\/www.onlineroulette.tech\/at\/","logo":{"@type":"ImageObject","inLanguage":"de-AT","@id":"https:\/\/www.onlineroulette.tech\/at\/#\/schema\/logo\/image\/","url":"https:\/\/www.onlineroulette.tech\/at\/wp-content\/uploads\/2022\/01\/logo.jpg","contentUrl":"https:\/\/www.onlineroulette.tech\/at\/wp-content\/uploads\/2022\/01\/logo.jpg","width":280,"height":115,"caption":"Online Roulette"},"image":{"@id":"https:\/\/www.onlineroulette.tech\/at\/#\/schema\/logo\/image\/"}}]}},"_links":{"self":[{"href":"https:\/\/www.onlineroulette.tech\/at\/wp-json\/wp\/v2\/pages\/1719","targetHints":{"allow":["GET"]}}],"collection":[{"href":"https:\/\/www.onlineroulette.tech\/at\/wp-json\/wp\/v2\/pages"}],"about":[{"href":"https:\/\/www.onlineroulette.tech\/at\/wp-json\/wp\/v2\/types\/page"}],"author":[{"embeddable":true,"href":"https:\/\/www.onlineroulette.tech\/at\/wp-json\/wp\/v2\/users\/1"}],"replies":[{"embeddable":true,"href":"https:\/\/www.onlineroulette.tech\/at\/wp-json\/wp\/v2\/comments?post=1719"}],"version-history":[{"count":28,"href":"https:\/\/www.onlineroulette.tech\/at\/wp-json\/wp\/v2\/pages\/1719\/revisions"}],"predecessor-version":[{"id":2207,"href":"https:\/\/www.onlineroulette.tech\/at\/wp-json\/wp\/v2\/pages\/1719\/revisions\/2207"}],"wp:attachment":[{"href":"https:\/\/www.onlineroulette.tech\/at\/wp-json\/wp\/v2\/media?parent=1719"}],"curies":[{"name":"wp","href":"https:\/\/api.w.org\/{rel}","templated":true}]}}