{"id":1472,"date":"2022-05-27T11:04:37","date_gmt":"2022-05-27T11:04:37","guid":{"rendered":"https:\/\/www.onlineroulette.tech\/at\/?page_id=1472"},"modified":"2025-11-18T04:41:24","modified_gmt":"2025-11-18T04:41:24","slug":"casino-fur-iphone-ipad","status":"publish","type":"page","link":"https:\/\/www.onlineroulette.tech\/at\/casino-fur-iphone-ipad\/","title":{"rendered":"Casino Anbieter f\u00fcr iPhone und iPad"},"content":{"rendered":"<p>Casino Apps bieten auf Apple Smartphones und Tablets nur eine begrenzte Auswahl an Spielen. <!--more-->Die Alternative? Spielt online in eurem Webbrowser, um unter vielz\u00e4hligen Premium Spielen f\u00fcr iPhone und iPad ausw\u00e4hlen zu k\u00f6nnen. \u00dcber den Safari-Browser auf eurem iPhone oder iPad k\u00f6nnt ihr spielend leicht auf Spielautomaten und Tischspiele zugreifen. Was steckt dahinter? Casino Websiten, die mit den Betriebssystemen der Apple Mobilger\u00e4te kompatibel sind.<\/p>\n<p>Wenn ihr euch f\u00fcr eines der besten iPhone und iPad Casinos entscheidet, habt ihr Zugriff auf das Beste, was das Internet zu bieten hat. Jede dieser Casino Seiten verf\u00fcgt \u00fcber <strong>Spielautomaten mit Echtgeld<\/strong>. Wie sieht es mit den Tischspielen aus? <strong>Roulette und Blackjack<\/strong> werden entweder elektronisch oder live mit Croupiers gespielt. Wir stellen euch in diesem Artikel die <strong>drei besten Casino Betreiber vor, die f\u00fcr mobile Ger\u00e4te geeignet sind<\/strong>.<br \/>\n<div class=\"su-divider su-divider-style-dotted\" style=\"margin:15px 0;border-width:10px;border-color:#820202\"><\/div>\n<h2>Casino Spiele f\u00fcr iPhone und iPad<\/h2>\n<div class=\"su-row\">\n<div class=\"su-column su-column-size-1-3 colc\"><div class=\"su-column-inner su-u-clearfix su-u-trim\">\n<span style=\"font-size:17pt;color:#820202;font-weight:600\">#1. LUXURY CASINO<\/span><br \/>\n<a title=\"Luxury Casino\" href=\"https:\/\/luxury.casino\/de-at\/\" target=\"_blank\" rel=\"noopener noreferrer\"><img loading=\"lazy\" decoding=\"async\" title=\"Blackjack und Roulette Spiele bei Luxury Casino\" src=\"https:\/\/www.onlineroulette.tech\/at\/wp-content\/uploads\/2022\/06\/luxury.jpg\" alt=\"Blackjack und Roulette Spiele bei Luxury Casino\" width=\"300\" height=\"300\" class=\"alignnone size-full wp-image-1529\" srcset=\"https:\/\/www.onlineroulette.tech\/at\/wp-content\/uploads\/2022\/06\/luxury.jpg 300w, https:\/\/www.onlineroulette.tech\/at\/wp-content\/uploads\/2022\/06\/luxury-150x150.jpg 150w\" sizes=\"auto, (max-width: 300px) 100vw, 300px\" \/><br \/>\n<span style=\"font-size:17pt\"><b><u>Zu Luxury Casino<\/u><\/b><\/span><\/a><br \/>\nTop f\u00fcr Blackjack und Roulette<br \/>\n1000\u20ac Willkommensbonus<br \/>\n<\/div><\/div>\n<div class=\"su-column su-column-size-1-3 colc\"><div class=\"su-column-inner su-u-clearfix su-u-trim\">\n<span style=\"font-size:17pt;color:#820202;font-weight:600\">#2. YUKON GOLD<\/span><br \/>\n<a title=\"Yukon Gold\" href=\"https:\/\/yukongold.casino\/de-at\/\" target=\"_blank\" rel=\"noopener noreferrer\"><img loading=\"lazy\" decoding=\"async\" title=\"Spielautomaten auf iPhone und iPad bei Yukon Gold\" src=\"https:\/\/www.onlineroulette.tech\/at\/wp-content\/uploads\/2022\/06\/yukon.jpg\" alt=\"Spielautomaten auf iPhone und iPad bei Yukon Gold\" width=\"300\" height=\"300\" class=\"alignnone size-full wp-image-1530\" srcset=\"https:\/\/www.onlineroulette.tech\/at\/wp-content\/uploads\/2022\/06\/yukon.jpg 300w, https:\/\/www.onlineroulette.tech\/at\/wp-content\/uploads\/2022\/06\/yukon-150x150.jpg 150w\" sizes=\"auto, (max-width: 300px) 100vw, 300px\" \/><br \/>\n<span style=\"font-size:17pt\"><b><u>Zu Yukon Gold<\/u><\/b><\/span><\/a><br \/>\nOnline Spielautomaten<br \/>\n150 Chancen, 1 Million zu gewinnen<br \/>\n<\/div><\/div>\n<div class=\"su-column su-column-size-1-3 colc\"><div class=\"su-column-inner su-u-clearfix su-u-trim\">\n<span style=\"font-size:17pt;color:#820202;font-weight:600\">#3. ZODIAC CASINO<\/span><br \/>\n<a title=\"Zodiac Casino\" href=\"https:\/\/zodiac.casino\/de-at\/\" target=\"_blank\" rel=\"noopener noreferrer\"><img loading=\"lazy\" decoding=\"async\" title=\"Bei Zodiac Casino auf iPhone und iPad Jackpots gewinnen\" src=\"https:\/\/www.onlineroulette.tech\/at\/wp-content\/uploads\/2022\/06\/zodiac.jpg\" alt=\"Bei Zodiac Casino auf iPhone und iPad Jackpots gewinnen\" width=\"300\" height=\"300\" class=\"alignnone size-full wp-image-1531\" srcset=\"https:\/\/www.onlineroulette.tech\/at\/wp-content\/uploads\/2022\/06\/zodiac.jpg 300w, https:\/\/www.onlineroulette.tech\/at\/wp-content\/uploads\/2022\/06\/zodiac-150x150.jpg 150w\" sizes=\"auto, (max-width: 300px) 100vw, 300px\" \/><br \/>\n<span style=\"font-size:17pt\"><b><u>Zu Zodiac Casino<\/u><\/b><\/span><\/a><br \/>\nT\u00e4glich Jackpots zu gewinnen<br \/>\n80 Chancen, 1 Million zu gewinnen<br \/>\n<\/div><\/div>\n<\/div>\n\n<div class=\"su-divider su-divider-style-dotted\" style=\"margin:15px 0;border-width:10px;border-color:#820202\"><\/div>\n<div class=\"su-row\"><div class=\"su-column su-column-size-2-3\"><div class=\"su-column-inner su-u-clearfix su-u-trim\">\n&nbsp;<br \/>\nDie Casino Anbieter, die wir euch in unserem Guide vorstellen, erf\u00fcllen folgende Kriterien:<\/p>\n<ul>\n<li><em>Eine <strong>gro\u00dfe Auswahl<\/strong> an Casino Spielen in deutscher Sprache und unschlagbarer Qualit\u00e4t.<\/em><\/li>\n<li><em><strong>Sicherheit<\/strong> eurer pers\u00f6nlichen Daten und Banktransaktionen.<\/em><\/li>\n<li><em>Ein freundlicher, schneller und <strong>effizienter Kundenservice<\/strong>, der rund um die Uhr erreichbar ist. <\/em><\/li>\n<\/ul>\n<p>Entdeckt die besten Casino Seiten f\u00fcr iPhone und iPad mit Echtgeld! Ihr k\u00f6nnt diese Online Casino Spielhallen <strong>direkt \u00fcber den Safari-Browser<\/strong> besuchen, eine App ist nicht notwendig.<\/p>\n<p>Ihr seid auf der Suche nach einer <strong>vertrauensw\u00fcrdigen Website auf Deutsch<\/strong>? Mit unserer Top-Auswahl seid ihr am richtigen Ort!<\/div><\/div>\n<div class=\"su-column su-column-size-1-3\"><div class=\"su-column-inner su-u-clearfix su-u-trim\"><img loading=\"lazy\" decoding=\"async\" title=\"Apple Angebot f\u00fcr Casinos auf Handy und Tablet\" src=\"https:\/\/www.onlineroulette.tech\/at\/wp-content\/uploads\/2022\/08\/apple.jpg\" alt=\"Apple Angebot f\u00fcr Casinos auf Handy und Tablet\" width=\"300\" height=\"300\" class=\"aligncenter size-full wp-image-1579\" srcset=\"https:\/\/www.onlineroulette.tech\/at\/wp-content\/uploads\/2022\/08\/apple.jpg 300w, https:\/\/www.onlineroulette.tech\/at\/wp-content\/uploads\/2022\/08\/apple-150x150.jpg 150w\" sizes=\"auto, (max-width: 300px) 100vw, 300px\" \/><\/div><\/div><\/div>\n<h2>Casinospiele f\u00fcr iPhone und iPad<\/h2>\n<p>Auf einer iPhone oder iPad tauglichen mobilen Webseite Casinospiele zocken? Nichts leichter als das! Wir zeigen euch <strong>Schritt f\u00fcr Schritt<\/strong>, wie es von eurem Smartphone oder Tablet aus funktioniert:<\/p>\n<h3>Eine vertrauensw\u00fcrdige Webseite finden<\/h3>\n<p>Dies ist der wichtigste Schritt f\u00fcr ein <strong>seri\u00f6ses Spielerlebnis<\/strong> ohne b\u00f6se \u00dcberraschungen.<\/p>\n<p>\u00dcberlasst es nie dem Zufall, ein Online Casino auszuw\u00e4hlen! Besser: <strong>Macht euch mit Guides zu Casino Spielen schlau \u2013 wie dem unseren<\/strong>.<\/p>\n<p>Wir empfehlen euch auf unseren Webseiten Handy Casinos, die im Apple-Umfeld bez\u00fcglich Bewertungen zu den Spitzenreitern geh\u00f6ren. Dasselbe gilt f\u00fcr die Web-Guides, die sich den Spielen f\u00fcr iPhone und iPad verschrieben haben.<\/p>\n<h3>Sich im Casino anmelden<\/h3>\n<p>Es gibt zwei M\u00f6glichkeiten, um auf eurem iPhone oder iPad mit dem <strong>mobilen Spielen<\/strong> loszulegen. Die g\u00e4ngigste Methode: das <strong>Spielen im Safari-Browser<\/strong>. F\u00fcr diese Spielvariante ist <strong>kein Download<\/strong> erforderlich. \u00d6ffnet ganz einfach die Casino Website \u00fcber euren Webbrowser. Die andere M\u00f6glichkeit? Eine <strong>App herunterladen<\/strong> und auf eurem Smartphone oder Tablet installieren.<\/p>\n<p>Je nach Angebot der Mobile Casinos kann die App auf den entsprechenden Seiten heruntergeladen werden.<\/p>\n<p>Mitglieder von <a title=\"Online Roulette Seiten\" href=\"https:\/\/www.onlineroulette.tech\/at\/\">Online Roulette Seiten<\/a> spielen am liebsten ohne Download. Gut zu wissen: Immer mehr Online Casino Seiten sind so gestaltet, dass sie nur auf Webbrowsern funktionieren. Was ist der Grund f\u00fcr diesen Trend? Die Spiele ohne Download passen sich automatisch an alle mit dem Web verbundenen Ger\u00e4te an.<\/p>\n<h3>Auf iPhone und iPad online spielen<\/h3>\n<p>Sobald euer Spielerkonto auf der Casino Website euer Wahl aktiviert ist, k\u00f6nnt ihr eure Spielumgebung erkunden.<\/p>\n<p>Das Coole daran? Verf\u00fcgt das ausgew\u00e4hlte Casino \u00fcber die richtigen Angebote, k\u00f6nnt ihr <strong>viele Spiele kostenlos spielen<\/strong>. Bei den Tischspielen zum Beispiel k\u00f6nnt ihr Roulette und Black Jack ohne Geld zocken. Kurz gesagt: Ihr habt die M\u00f6glichkeit, euch mit der Spielumgebung eines Online Casinos vertraut zu machen, ohne Echtgeld zu setzen.<\/p>\n<p>Lust auf Casino Spiele mit Echtgeld? Dann geht einfach auf die Bankseite des Casinos und macht eure Einzahlung. Auf dieser Seite werden auch die Gewinnauszahlungen abgewickelt. Die beliebtesten Zahlungsmethoden sind Kredit- und Bankkarten. Auch Bank\u00fcberweisungen oder e-Wallets sind m\u00f6glich.<\/p>\n<h2>Mobile Spiele in Deutsch<\/h2>\n<p>Die Handy Casino Anbieter in unserem Artikel bieten Zugang zu Spielen in deutscher Sprache. Das T\u00fcpfelchen auf dem i: Auch der Kundensupport ist <strong>rund um die Uhr in deutscher Sprache verf\u00fcgbar<\/strong>. Spielerinnen und Spieler aus Deutschland und der Schweiz k\u00f6nnen nur auf eine begrenzte Auswahl an Casino Seiten im Internet zugreifen. Wohnt ihr hingegen in \u00d6sterreich oder Luxemburg, stehen euch alle Online Casino Seiten auf unserer Webseite frei zur Verf\u00fcgung.<\/p>\n<h2>Kostenlose Spiele und Casino Spiele mit Echtgeld<\/h2>\n<p>Jedes vertrauensw\u00fcrdige Online Casino f\u00fcr iPhone und iPad bietet <strong>kostenlose Spiele<\/strong> an. Gut zu wissen: Die einzigen Spiele, die nicht ohne Echtgeld gespielt werden k\u00f6nnen, sind Live Spiele und Spielautomaten mit progressivem Jackpot. Eines der besten Mobile Casinos im Internet, in dem man kostenlos spielen kann, ist die Seite <a title=\"Luxury Casino\" href=\"https:\/\/www.onlineroulette.tech\/at\/seriose-casino\/luxury\/\">Luxury Casino<\/a>.<\/p>\n<p>Ihr habt Lust, eine Casino Seite auszutesten? Mit einem Smartphone oder Tablet ohne Echtgeld im Casino spielen, macht es m\u00f6glich! <strong>Profi-Trick:<\/strong> Ihr k\u00f6nnt so auch <strong>alle m\u00f6glichen Spiele erlernen und trainieren<\/strong>.<\/p>\n<h2>Betriebssystem auf iPhone und iPad<\/h2>\n<p>F\u00fcr ein <strong>optimales Sicherheitsniveau<\/strong> in Online Casino Spielhallen muss das Betriebssystem eures Ger\u00e4ts immer <strong>auf dem neuesten Stand<\/strong> sein. Bei iPhones wird iOS \u00fcber die Smartphones-Einstellungen aktualisiert. Auf iPads m\u00fcsst ihr das iPadOS-System aktualisieren.<\/p>\n<p>Seit zuverl\u00e4ssige Anbieter den Handy Casino Markt \u00fcbernommen haben, hat sich die Spielqualit\u00e4t auf den Betriebssystemen iOS und iPadOS stark verbessert.<\/p>\n<p>Die Spitzenreiter unter den bestgestalteten Casino Webseiten f\u00fcr iPhone und iPad haben ihren Durchbruch im Laufe des Jahres 2015 geschafft. Und genie\u00dfen seither gro\u00dfen Erfolg.<\/p>\n<h2>Meinungen von iOS- und iPadOS-Nutzern<\/h2>\n<p>Wir haben uns unter Spielerinnen und Spielern umgeh\u00f6rt: Nicht alle Handy Casino Webseiten sind f\u00fcr das Spielen auf dem Smartphone geeignet. In Wirklichkeit bieten nur einige wenige seri\u00f6se Seiten Spiele an, die absolut perfekt funktionieren. Welche Anbieter liegen an der Spitze? <strong>Luxury Casino<\/strong> geh\u00f6rt zu den Casino Webseiten, die von den Nutzern am besten bewertet werden. Diese Casinoseite ist <strong>mobile friendly<\/strong> und ein Paradebeispiel f\u00fcr ihresgleichen.<br \/>\n&nbsp;<\/p>\n","protected":false},"excerpt":{"rendered":"<p>Casino Apps bieten auf Apple Smartphones und Tablets nur eine begrenzte Auswahl an Spielen.<\/p>\n","protected":false},"author":1,"featured_media":0,"parent":0,"menu_order":0,"comment_status":"closed","ping_status":"closed","template":"template-fullwidth.php","meta":{"footnotes":""},"class_list":["post-1472","page","type-page","status-publish","hentry"],"yoast_head":"<!-- This site is optimized with the Yoast SEO plugin v27.5 - https:\/\/yoast.com\/product\/yoast-seo-wordpress\/ -->\n<title>Casino Anbieter f\u00fcr iPhone und iPad - Die besten Mobile Spiele<\/title>\n<meta name=\"description\" content=\"Casino Spiele f\u00fcr iPhone und iPad. Die beste Webseite f\u00fcr Mobilger\u00e4te finden, um Spielautomaten und Tischspiele mit Echtgeld zu spielen.\" \/>\n<meta name=\"robots\" content=\"index, follow, max-snippet:-1, max-image-preview:large, max-video-preview:-1\" \/>\n<link rel=\"canonical\" href=\"https:\/\/www.onlineroulette.tech\/at\/casino-fur-iphone-ipad\/\" \/>\n<meta property=\"og:locale\" content=\"de_DE\" \/>\n<meta property=\"og:type\" content=\"article\" \/>\n<meta property=\"og:title\" content=\"Casino Anbieter f\u00fcr iPhone und iPad - Die besten Mobile Spiele\" \/>\n<meta property=\"og:description\" content=\"Casino Spiele f\u00fcr iPhone und iPad. Die beste Webseite f\u00fcr Mobilger\u00e4te finden, um Spielautomaten und Tischspiele mit Echtgeld zu spielen.\" \/>\n<meta property=\"og:url\" content=\"https:\/\/www.onlineroulette.tech\/at\/casino-fur-iphone-ipad\/\" \/>\n<meta property=\"og:site_name\" content=\"Online Roulette\" \/>\n<meta property=\"article:modified_time\" content=\"2025-11-18T04:41:24+00:00\" \/>\n<meta property=\"og:image\" content=\"https:\/\/www.onlineroulette.tech\/at\/wp-content\/uploads\/2022\/06\/luxury.jpg\" \/>\n\t<meta property=\"og:image:width\" content=\"300\" \/>\n\t<meta property=\"og:image:height\" content=\"300\" \/>\n\t<meta property=\"og:image:type\" content=\"image\/jpeg\" \/>\n<meta name=\"twitter:card\" content=\"summary_large_image\" \/>\n<meta name=\"twitter:label1\" content=\"Gesch\u00e4tzte Lesezeit\" \/>\n\t<meta name=\"twitter:data1\" content=\"8 Minuten\" \/>\n<script type=\"application\/ld+json\" class=\"yoast-schema-graph\">{\"@context\":\"https:\\\/\\\/schema.org\",\"@graph\":[{\"@type\":\"WebPage\",\"@id\":\"https:\\\/\\\/www.onlineroulette.tech\\\/at\\\/casino-fur-iphone-ipad\\\/\",\"url\":\"https:\\\/\\\/www.onlineroulette.tech\\\/at\\\/casino-fur-iphone-ipad\\\/\",\"name\":\"Casino Anbieter f\u00fcr iPhone und iPad - Die besten Mobile Spiele\",\"isPartOf\":{\"@id\":\"https:\\\/\\\/www.onlineroulette.tech\\\/at\\\/#website\"},\"primaryImageOfPage\":{\"@id\":\"https:\\\/\\\/www.onlineroulette.tech\\\/at\\\/casino-fur-iphone-ipad\\\/#primaryimage\"},\"image\":{\"@id\":\"https:\\\/\\\/www.onlineroulette.tech\\\/at\\\/casino-fur-iphone-ipad\\\/#primaryimage\"},\"thumbnailUrl\":\"https:\\\/\\\/www.onlineroulette.tech\\\/at\\\/wp-content\\\/uploads\\\/2022\\\/06\\\/luxury.jpg\",\"datePublished\":\"2022-05-27T11:04:37+00:00\",\"dateModified\":\"2025-11-18T04:41:24+00:00\",\"description\":\"Casino Spiele f\u00fcr iPhone und iPad. Die beste Webseite f\u00fcr Mobilger\u00e4te finden, um Spielautomaten und Tischspiele mit Echtgeld zu spielen.\",\"breadcrumb\":{\"@id\":\"https:\\\/\\\/www.onlineroulette.tech\\\/at\\\/casino-fur-iphone-ipad\\\/#breadcrumb\"},\"inLanguage\":\"de-AT\",\"potentialAction\":[{\"@type\":\"ReadAction\",\"target\":[\"https:\\\/\\\/www.onlineroulette.tech\\\/at\\\/casino-fur-iphone-ipad\\\/\"]}]},{\"@type\":\"ImageObject\",\"inLanguage\":\"de-AT\",\"@id\":\"https:\\\/\\\/www.onlineroulette.tech\\\/at\\\/casino-fur-iphone-ipad\\\/#primaryimage\",\"url\":\"https:\\\/\\\/www.onlineroulette.tech\\\/at\\\/wp-content\\\/uploads\\\/2022\\\/06\\\/luxury.jpg\",\"contentUrl\":\"https:\\\/\\\/www.onlineroulette.tech\\\/at\\\/wp-content\\\/uploads\\\/2022\\\/06\\\/luxury.jpg\",\"width\":300,\"height\":300,\"caption\":\"Blackjack und Roulette Spiele bei Luxury Casino\"},{\"@type\":\"BreadcrumbList\",\"@id\":\"https:\\\/\\\/www.onlineroulette.tech\\\/at\\\/casino-fur-iphone-ipad\\\/#breadcrumb\",\"itemListElement\":[{\"@type\":\"ListItem\",\"position\":1,\"name\":\"Home\",\"item\":\"https:\\\/\\\/www.onlineroulette.tech\\\/at\\\/\"},{\"@type\":\"ListItem\",\"position\":2,\"name\":\"Casino Anbieter f\u00fcr iPhone und iPad\"}]},{\"@type\":\"WebSite\",\"@id\":\"https:\\\/\\\/www.onlineroulette.tech\\\/at\\\/#website\",\"url\":\"https:\\\/\\\/www.onlineroulette.tech\\\/at\\\/\",\"name\":\"Online Roulette\",\"description\":\"Roulette Guide\",\"publisher\":{\"@id\":\"https:\\\/\\\/www.onlineroulette.tech\\\/at\\\/#organization\"},\"potentialAction\":[{\"@type\":\"SearchAction\",\"target\":{\"@type\":\"EntryPoint\",\"urlTemplate\":\"https:\\\/\\\/www.onlineroulette.tech\\\/at\\\/?s={search_term_string}\"},\"query-input\":{\"@type\":\"PropertyValueSpecification\",\"valueRequired\":true,\"valueName\":\"search_term_string\"}}],\"inLanguage\":\"de-AT\"},{\"@type\":\"Organization\",\"@id\":\"https:\\\/\\\/www.onlineroulette.tech\\\/at\\\/#organization\",\"name\":\"Online Roulette\",\"url\":\"https:\\\/\\\/www.onlineroulette.tech\\\/at\\\/\",\"logo\":{\"@type\":\"ImageObject\",\"inLanguage\":\"de-AT\",\"@id\":\"https:\\\/\\\/www.onlineroulette.tech\\\/at\\\/#\\\/schema\\\/logo\\\/image\\\/\",\"url\":\"https:\\\/\\\/www.onlineroulette.tech\\\/at\\\/wp-content\\\/uploads\\\/2022\\\/01\\\/logo.jpg\",\"contentUrl\":\"https:\\\/\\\/www.onlineroulette.tech\\\/at\\\/wp-content\\\/uploads\\\/2022\\\/01\\\/logo.jpg\",\"width\":280,\"height\":115,\"caption\":\"Online Roulette\"},\"image\":{\"@id\":\"https:\\\/\\\/www.onlineroulette.tech\\\/at\\\/#\\\/schema\\\/logo\\\/image\\\/\"}}]}<\/script>\n<!-- \/ Yoast SEO plugin. -->","yoast_head_json":{"title":"Casino Anbieter f\u00fcr iPhone und iPad - Die besten Mobile Spiele","description":"Casino Spiele f\u00fcr iPhone und iPad. Die beste Webseite f\u00fcr Mobilger\u00e4te finden, um Spielautomaten und Tischspiele mit Echtgeld zu spielen.","robots":{"index":"index","follow":"follow","max-snippet":"max-snippet:-1","max-image-preview":"max-image-preview:large","max-video-preview":"max-video-preview:-1"},"canonical":"https:\/\/www.onlineroulette.tech\/at\/casino-fur-iphone-ipad\/","og_locale":"de_DE","og_type":"article","og_title":"Casino Anbieter f\u00fcr iPhone und iPad - Die besten Mobile Spiele","og_description":"Casino Spiele f\u00fcr iPhone und iPad. Die beste Webseite f\u00fcr Mobilger\u00e4te finden, um Spielautomaten und Tischspiele mit Echtgeld zu spielen.","og_url":"https:\/\/www.onlineroulette.tech\/at\/casino-fur-iphone-ipad\/","og_site_name":"Online Roulette","article_modified_time":"2025-11-18T04:41:24+00:00","og_image":[{"width":300,"height":300,"url":"https:\/\/www.onlineroulette.tech\/at\/wp-content\/uploads\/2022\/06\/luxury.jpg","type":"image\/jpeg"}],"twitter_card":"summary_large_image","twitter_misc":{"Gesch\u00e4tzte Lesezeit":"8 Minuten"},"schema":{"@context":"https:\/\/schema.org","@graph":[{"@type":"WebPage","@id":"https:\/\/www.onlineroulette.tech\/at\/casino-fur-iphone-ipad\/","url":"https:\/\/www.onlineroulette.tech\/at\/casino-fur-iphone-ipad\/","name":"Casino Anbieter f\u00fcr iPhone und iPad - Die besten Mobile Spiele","isPartOf":{"@id":"https:\/\/www.onlineroulette.tech\/at\/#website"},"primaryImageOfPage":{"@id":"https:\/\/www.onlineroulette.tech\/at\/casino-fur-iphone-ipad\/#primaryimage"},"image":{"@id":"https:\/\/www.onlineroulette.tech\/at\/casino-fur-iphone-ipad\/#primaryimage"},"thumbnailUrl":"https:\/\/www.onlineroulette.tech\/at\/wp-content\/uploads\/2022\/06\/luxury.jpg","datePublished":"2022-05-27T11:04:37+00:00","dateModified":"2025-11-18T04:41:24+00:00","description":"Casino Spiele f\u00fcr iPhone und iPad. Die beste Webseite f\u00fcr Mobilger\u00e4te finden, um Spielautomaten und Tischspiele mit Echtgeld zu spielen.","breadcrumb":{"@id":"https:\/\/www.onlineroulette.tech\/at\/casino-fur-iphone-ipad\/#breadcrumb"},"inLanguage":"de-AT","potentialAction":[{"@type":"ReadAction","target":["https:\/\/www.onlineroulette.tech\/at\/casino-fur-iphone-ipad\/"]}]},{"@type":"ImageObject","inLanguage":"de-AT","@id":"https:\/\/www.onlineroulette.tech\/at\/casino-fur-iphone-ipad\/#primaryimage","url":"https:\/\/www.onlineroulette.tech\/at\/wp-content\/uploads\/2022\/06\/luxury.jpg","contentUrl":"https:\/\/www.onlineroulette.tech\/at\/wp-content\/uploads\/2022\/06\/luxury.jpg","width":300,"height":300,"caption":"Blackjack und Roulette Spiele bei Luxury Casino"},{"@type":"BreadcrumbList","@id":"https:\/\/www.onlineroulette.tech\/at\/casino-fur-iphone-ipad\/#breadcrumb","itemListElement":[{"@type":"ListItem","position":1,"name":"Home","item":"https:\/\/www.onlineroulette.tech\/at\/"},{"@type":"ListItem","position":2,"name":"Casino Anbieter f\u00fcr iPhone und iPad"}]},{"@type":"WebSite","@id":"https:\/\/www.onlineroulette.tech\/at\/#website","url":"https:\/\/www.onlineroulette.tech\/at\/","name":"Online Roulette","description":"Roulette Guide","publisher":{"@id":"https:\/\/www.onlineroulette.tech\/at\/#organization"},"potentialAction":[{"@type":"SearchAction","target":{"@type":"EntryPoint","urlTemplate":"https:\/\/www.onlineroulette.tech\/at\/?s={search_term_string}"},"query-input":{"@type":"PropertyValueSpecification","valueRequired":true,"valueName":"search_term_string"}}],"inLanguage":"de-AT"},{"@type":"Organization","@id":"https:\/\/www.onlineroulette.tech\/at\/#organization","name":"Online Roulette","url":"https:\/\/www.onlineroulette.tech\/at\/","logo":{"@type":"ImageObject","inLanguage":"de-AT","@id":"https:\/\/www.onlineroulette.tech\/at\/#\/schema\/logo\/image\/","url":"https:\/\/www.onlineroulette.tech\/at\/wp-content\/uploads\/2022\/01\/logo.jpg","contentUrl":"https:\/\/www.onlineroulette.tech\/at\/wp-content\/uploads\/2022\/01\/logo.jpg","width":280,"height":115,"caption":"Online Roulette"},"image":{"@id":"https:\/\/www.onlineroulette.tech\/at\/#\/schema\/logo\/image\/"}}]}},"_links":{"self":[{"href":"https:\/\/www.onlineroulette.tech\/at\/wp-json\/wp\/v2\/pages\/1472","targetHints":{"allow":["GET"]}}],"collection":[{"href":"https:\/\/www.onlineroulette.tech\/at\/wp-json\/wp\/v2\/pages"}],"about":[{"href":"https:\/\/www.onlineroulette.tech\/at\/wp-json\/wp\/v2\/types\/page"}],"author":[{"embeddable":true,"href":"https:\/\/www.onlineroulette.tech\/at\/wp-json\/wp\/v2\/users\/1"}],"replies":[{"embeddable":true,"href":"https:\/\/www.onlineroulette.tech\/at\/wp-json\/wp\/v2\/comments?post=1472"}],"version-history":[{"count":28,"href":"https:\/\/www.onlineroulette.tech\/at\/wp-json\/wp\/v2\/pages\/1472\/revisions"}],"predecessor-version":[{"id":2203,"href":"https:\/\/www.onlineroulette.tech\/at\/wp-json\/wp\/v2\/pages\/1472\/revisions\/2203"}],"wp:attachment":[{"href":"https:\/\/www.onlineroulette.tech\/at\/wp-json\/wp\/v2\/media?parent=1472"}],"curies":[{"name":"wp","href":"https:\/\/api.w.org\/{rel}","templated":true}]}}