{"id":1471,"date":"2022-05-27T11:03:41","date_gmt":"2022-05-27T11:03:41","guid":{"rendered":"https:\/\/www.onlineroulette.tech\/at\/?page_id=1471"},"modified":"2025-11-18T04:41:19","modified_gmt":"2025-11-18T04:41:19","slug":"casino-anbieter-auf-android","status":"publish","type":"page","link":"https:\/\/www.onlineroulette.tech\/at\/casino-anbieter-auf-android\/","title":{"rendered":"Casino Anbieter auf Android"},"content":{"rendered":"<p>Casino Apps bieten auf Smartphones und Tablets nur eine begrenzte Auswahl an Spielen. <!--more-->Um auf Mobilger\u00e4ten zu spielen, sind <strong>Android-taugliche Online Casino Spielhallen<\/strong> die beste L\u00f6sung. Auf einem Smartphone oder Tablet ist es ganz einfach, an einem Spielautomaten zu zocken oder Tischspiele zu spielen: mit einem auf Android zugeschnittenen Online Casino.<\/p>\n<p>Entscheidet ihr euch f\u00fcr einen der am besten bewerteten Casino Anbieter in unserem Guide, k\u00f6nnt ihr die besten Casino Spiele auf Android mit Echtgeld spielen. Die Spiele auf diesen Casino Seiten werden als <strong>Instant Play<\/strong> angeboten: Ihr k\u00f6nnt <strong>ohne App<\/strong> direkt im Webbrowser spielen.<br \/>\n<div class=\"su-divider su-divider-style-dotted\" style=\"margin:15px 0;border-width:10px;border-color:#820202\"><\/div>\n<h2 id=\"spiele\">Casino Spiele auf Android<\/h2>\n<div class=\"su-row\">\n<div class=\"su-column su-column-size-1-3 colc\"><div class=\"su-column-inner su-u-clearfix su-u-trim\">\n<span style=\"font-size:17pt;color:#820202;font-weight:600\">#1. GOLDEN TIGER<\/span><br \/>\n<a title=\"Golden Tiger\" href=\"https:\/\/goldentiger.casino\/de-at\/\" target=\"_blank\" rel=\"noopener noreferrer\"><img loading=\"lazy\" decoding=\"async\" title=\"Blackjack und Roulette f\u00fcr Android bei Golden Tiger\" src=\"https:\/\/www.onlineroulette.tech\/at\/wp-content\/uploads\/2022\/06\/tiger.jpg\" alt=\"Blackjack und Roulette f\u00fcr Android bei Golden Tiger\" width=\"300\" height=\"300\" class=\"alignnone size-full wp-image-1524\" srcset=\"https:\/\/www.onlineroulette.tech\/at\/wp-content\/uploads\/2022\/06\/tiger.jpg 300w, https:\/\/www.onlineroulette.tech\/at\/wp-content\/uploads\/2022\/06\/tiger-150x150.jpg 150w\" sizes=\"auto, (max-width: 300px) 100vw, 300px\" \/><br \/>\n<span style=\"font-size:17pt\"><b><u>Zu Golden Tiger<\/u><\/b><\/span><\/a><br \/>\nBlackjack und Roulette<br \/>\n1500\u20ac Willkommensbonus<br \/>\n<\/div><\/div>\n<div class=\"su-column su-column-size-1-3 colc\"><div class=\"su-column-inner su-u-clearfix su-u-trim\">\n<span style=\"font-size:17pt;color:#820202;font-weight:600\">#2. CASINO ACTION<\/span><br \/>\n<a title=\"Casino Action\" href=\"https:\/\/www.casinoaction.com\/de-at\/\" target=\"_blank\" rel=\"noopener noreferrer\"><img loading=\"lazy\" decoding=\"async\" title=\"Online Spielautomaten f\u00fcr Smartphone\" src=\"https:\/\/www.onlineroulette.tech\/at\/wp-content\/uploads\/2022\/06\/action.jpg\" alt=\"Online Spielautomaten f\u00fcr Smartphone\" width=\"300\" height=\"300\" class=\"alignnone size-full wp-image-1526\" srcset=\"https:\/\/www.onlineroulette.tech\/at\/wp-content\/uploads\/2022\/06\/action.jpg 300w, https:\/\/www.onlineroulette.tech\/at\/wp-content\/uploads\/2022\/06\/action-150x150.jpg 150w\" sizes=\"auto, (max-width: 300px) 100vw, 300px\" \/><br \/>\n<span style=\"font-size:17pt\"><b><u>Zu Casino Action<\/u><\/b><\/span><\/a><br \/>\nOnline Spielautomaten<br \/>\n1250\u20ac Willkommensbonus<br \/>\n<\/div><\/div>\n<div class=\"su-column su-column-size-1-3 colc\"><div class=\"su-column-inner su-u-clearfix su-u-trim\">\n<span style=\"font-size:17pt;color:#820202;font-weight:600\">#3. VILLENTO CASINO<\/span><br \/>\n<a title=\"Villento Casino\" href=\"https:\/\/www.villento.com\/de-at\/\" target=\"_blank\" rel=\"noopener noreferrer\"><img loading=\"lazy\" decoding=\"async\" title=\"Android Spiel bei Villento Casino\" src=\"https:\/\/www.onlineroulette.tech\/at\/wp-content\/uploads\/2022\/06\/casino.jpg\" alt=\"Android Spiel bei Villento Casino\" width=\"300\" height=\"300\" class=\"alignnone size-full wp-image-1527\" srcset=\"https:\/\/www.onlineroulette.tech\/at\/wp-content\/uploads\/2022\/06\/casino.jpg 300w, https:\/\/www.onlineroulette.tech\/at\/wp-content\/uploads\/2022\/06\/casino-150x150.jpg 150w\" sizes=\"auto, (max-width: 300px) 100vw, 300px\" \/><br \/>\n<span style=\"font-size:17pt\"><b><u>Zu Villento Casino<\/u><\/b><\/span><\/a><br \/>\nT\u00e4glich Jackpots zu gewinnen<br \/>\n1000\u20ac Willkommensbonus<br \/>\n<\/div><\/div>\n<\/div>\n\n<div class=\"su-divider su-divider-style-dotted\" style=\"margin:15px 0;border-width:10px;border-color:#820202\"><\/div>\n<div class=\"su-row\"><div class=\"su-column su-column-size-2-3\"><div class=\"su-column-inner su-u-clearfix su-u-trim\">\n&nbsp;<br \/>\nDie oben aufgelisteten Android-Casinos erf\u00fcllen die folgenden Kriterien:<\/p>\n<ul>\n<li><em><strong>Gro\u00dfe Auswahl<\/strong> an Casino Spielen, die f\u00fcr Android geeignet sind.<\/em><\/li>\n<li><em>Erh\u00f6hte <strong>Sicherheit<\/strong> f\u00fcr eure pers\u00f6nlichen Daten und Zahlungen.<\/em><\/li>\n<li><em>Effizienter <strong>Kundensupport<\/strong> rund um die Uhr.<\/em><\/li>\n<\/ul>\n<p>Ihr seid auf der Suche nach einem Android Online Casino? Mit unserer Liste der <strong>beliebtesten Android Spiele<\/strong> seid ihr an der richtigen Adresse. Android ist ein System, das auf Linux basiert und von Google entwickelt wurde. Wie sieht es aus punkto Zuverl\u00e4ssigkeit? Die Android-Umgebung ist ein System, das sich <strong>perfekt f\u00fcr Mobiltelefone und Tablets<\/strong> eignet.<\/div><\/div>\n<div class=\"su-column su-column-size-1-3\"><div class=\"su-column-inner su-u-clearfix su-u-trim\">\n&nbsp;<br \/>\n<img loading=\"lazy\" decoding=\"async\" title=\"Android Casino im Internet\" src=\"https:\/\/www.onlineroulette.tech\/at\/wp-content\/uploads\/2022\/08\/android-casino.jpg\" alt=\"Android Casino im Internet\" width=\"300\" height=\"300\" class=\"aligncenter size-full wp-image-1556\" srcset=\"https:\/\/www.onlineroulette.tech\/at\/wp-content\/uploads\/2022\/08\/android-casino.jpg 300w, https:\/\/www.onlineroulette.tech\/at\/wp-content\/uploads\/2022\/08\/android-casino-150x150.jpg 150w\" sizes=\"auto, (max-width: 300px) 100vw, 300px\" \/><\/div><\/div><\/div>\n<h2>Auf Android im Casino spielen<\/h2>\n<p>Auf einer Android Webseite in einem Online Casino zu zocken ist <strong>spielend einfach<\/strong>: Von eurem Smartphone oder Tablet aus seid ihr nach ein paar wenigen Schritten schon bereit zum Spielen!<\/p>\n<h3>Eine vertrauensw\u00fcrdige Casino Webseite ausw\u00e4hlen<\/h3>\n<p>Wie geht ihr sicher, dass ihr euch in einer ehrlichen Spielumgebung befindet? Achtet unbedingt darauf, euch nicht in einem abgekarteten Online Casino anzumelden. Leider gibt es im Internet n\u00e4mlich Casino Anbieter, die echte Abzocker sind.<\/p>\n<p>Deshalb empfehlen wir euch: Guckt euch Guides an, die <strong>Online Casino Anbieter untereinander vergleichen<\/strong> und lest die Nutzerkommentare. Anhand der bestbewerten Spielhallen k\u00f6nnt ihr euch eine Liste der Online Casino Seiten zusammenstellen, die das Vertrauen der Spielerinnen und Spieler verdient haben.<\/p>\n<p>Wir haben auf den Seiten unserer Guides die Online Casino Anbieter aufgelistet, die von Android Nutzern am besten bewertet werden.<\/p>\n<h3>Sich im Online Casino anmelden<\/h3>\n<p>Es gibt zwei M\u00f6glichkeiten, auf Android im Casino zu spielen: Die beliebteste Methode ist das <strong>Spielen \u00fcber den Webbrowser<\/strong>. Bei dieser Spielweise werden die Plug-ins f\u00fcr <strong>Instant Play Spiele<\/strong> verwendet. Die andere Variante, um auf eurem Handy zu spielen: Ihr installiert eine <strong>App auf eurem Android-Ger\u00e4t<\/strong>. Je nachdem, welche Spieloptionen das Mobile Casino anbietet, k\u00f6nnt ihr die App als Alternative zum Spielen auf dem Handy direkt von der entsprechenden Seite herunterladen.<\/p>\n<p>Die Spielm\u00f6glichkeiten ohne Download geh\u00f6ren auf den <a title=\"besten Casino Websites\" href=\"https:\/\/www.onlineroulette.tech\/at\/seriose-casino\/\">besten Casino Websites<\/a> zu den beliebtesten.<\/p>\n<h3>Auf Android kostenlos oder mit Echtgeld spielen<\/h3>\n<p>Die Spiele auf Casino Websites k\u00f6nnen im <strong>Demo-Modus<\/strong> gespielt werden. Damit habt ihr Zugang zu einer gro\u00dfen Anzahl von <strong>kostenlosen Spielen<\/strong>. Mit Ausnahme von Live Spielen und Spielautomaten mit progressivem Jackpot k\u00f6nnen alle Spiele im Demo-Modus gezockt werden.<\/p>\n<p>Ihr sucht den Nervenkitzel, indem ihr echtes Geld setzt? Um mit dem Wetten auf eure Lieblingsspiele zu beginnen, m\u00fcsst ihr als Erstes auf die Bankseite des Casinos gehen und dort eine <strong>Einzahlung mit Echtgeld<\/strong> machen. Einzahlungen k\u00f6nnen mit einer <strong>Kreditkarte<\/strong> oder einer anderen Einzahlungsmethode eurer Wahl abgewickelt werden. Ihr habt den Jackpot geknackt? Dann seid ihr auf der Bankseite am richtigen Ort, um eure Auszahlung zu beantragen.<\/p>\n<h4>Gratisspiele auf Mobilger\u00e4ten<\/h4>\n<p>Eines der gelungensten mobilen Online Casinos, um auf Android gratis zu spielen, ist <a title=\"Golden Tiger\" href=\"#spiele\">Golden Tiger<\/a>. Auf einem Smartphone oder Tablet ohne Echtgeld im Casino spielen ist eine gute M\u00f6glichkeit, um eine Casino Seite zu testen. Unser Profitrick: Macht euch mit der kostenlosen Demoversion f\u00fcr s\u00e4mtliche Arten von Echtgeldspielen fit!<\/p>\n<h2>Android Spiele auf Deutsch<\/h2>\n<p>Auf den Mobile Casino Seiten in unserem Artikel findet ihr Spiele in deutscher Sprache. Zudem k\u00f6nnt ihr euch auch mit dem Kundensupport auf Deutsch verst\u00e4ndigen. Was ihr beachten m\u00fcsst: Spielerinnen und Spieler <strong>aus Deutschland und der Schweiz<\/strong> haben nur Zugang zu einer begrenzten Auswahl an Casino Webseiten. Wohnt ihr hingegen in <strong>\u00d6sterreich oder Luxemburg<\/strong>, k\u00f6nnt ihr unbeschr\u00e4nkt auf alle Casino Seiten zugreifen, die wir in unserem Guide f\u00fcr euch zusammengestellt haben.<\/p>\n<h2>Casino Tests und Ranglisten<\/h2>\n<p>Bei Online Casino Testern liegt Android hoch im Kurs: Die Mehrheit der Spielerinnen und Spieler ist mit Huawei- und Samsung-Ger\u00e4ten ausgestattet. Die logische Schlussfolgerung liegt daher auf der Hand: Die Casino Anbieter, die es in unseren Artikel geschafft haben, sind f\u00fcr Android geeignet. <strong>Huawei und Samsung<\/strong> laufen standardm\u00e4\u00dfig auf dem Android-Betriebssystem. Die allermeisten Geeks bevorzugen das Android-System auf allen Arten von Ger\u00e4ten.<\/p>\n<h2>Meinung der Android Nutzer<\/h2>\n<p>In den Android-Communities nehmen Gl\u00fccksspiele einen Marktanteil ein, den es nicht zu untersch\u00e4tzen gilt. Im Bereich der Casino Spiele, einem Nischenmarkt, schaffen es Casino Anbieter mit weltweitem Ruf auf die Favoritenliste der Smartphone- und Tablet-Nutzer.<\/p>\n<p>Wir haben genau hingeguckt: <strong>Einige Online Casino Betreiber f\u00fcr Mobilger\u00e4te sind nicht empfehlenswert.<\/strong> Was l\u00e4sst uns dieses harte Urteil f\u00e4llen? In Casino Guides beschweren sich viele Spielerinnen und Spieler \u00fcber die mangelnde Zuverl\u00e4ssigkeit dieser Handy Casino Anbieter. Andererseits gibt es <strong>Casinos f\u00fcr mobiles Spielen<\/strong>, die in jeder Hinsicht einen sehr guten Ruf genie\u00dfen. Bist du bereit, dich \u00fcberzeugen zu lassen? Dann teste Golden Tiger, ein preisgekr\u00f6ntes Android Online Casino, und entdecke den beindruckenden Spielekatalog!<br \/>\n&nbsp;<\/p>\n","protected":false},"excerpt":{"rendered":"<p>Casino Apps bieten auf Smartphones und Tablets nur eine begrenzte Auswahl an Spielen.<\/p>\n","protected":false},"author":1,"featured_media":0,"parent":0,"menu_order":0,"comment_status":"closed","ping_status":"closed","template":"template-fullwidth.php","meta":{"footnotes":""},"class_list":["post-1471","page","type-page","status-publish","hentry"],"yoast_head":"<!-- This site is optimized with the Yoast SEO plugin v27.5 - https:\/\/yoast.com\/product\/yoast-seo-wordpress\/ -->\n<title>Casino Seiten f\u00fcr Android - 3 Casino Spiele Anbieter f\u00fcr Handy<\/title>\n<meta name=\"description\" content=\"Casino Spiele f\u00fcr Android. Die besten Webseiten, um auf eurem Android Mobilger\u00e4t am Spielautomaten zu zocken oder Tischspiele zu spielen.\" \/>\n<meta name=\"robots\" content=\"index, follow, max-snippet:-1, max-image-preview:large, max-video-preview:-1\" \/>\n<link rel=\"canonical\" href=\"https:\/\/www.onlineroulette.tech\/at\/casino-anbieter-auf-android\/\" \/>\n<meta property=\"og:locale\" content=\"de_DE\" \/>\n<meta property=\"og:type\" content=\"article\" \/>\n<meta property=\"og:title\" content=\"Casino Seiten f\u00fcr Android - 3 Casino Spiele Anbieter f\u00fcr Handy\" \/>\n<meta property=\"og:description\" content=\"Casino Spiele f\u00fcr Android. Die besten Webseiten, um auf eurem Android Mobilger\u00e4t am Spielautomaten zu zocken oder Tischspiele zu spielen.\" \/>\n<meta property=\"og:url\" content=\"https:\/\/www.onlineroulette.tech\/at\/casino-anbieter-auf-android\/\" \/>\n<meta property=\"og:site_name\" content=\"Online Roulette\" \/>\n<meta property=\"article:modified_time\" content=\"2025-11-18T04:41:19+00:00\" \/>\n<meta property=\"og:image\" content=\"https:\/\/www.onlineroulette.tech\/at\/wp-content\/uploads\/2022\/06\/tiger.jpg\" \/>\n\t<meta property=\"og:image:width\" content=\"300\" \/>\n\t<meta property=\"og:image:height\" content=\"300\" \/>\n\t<meta property=\"og:image:type\" content=\"image\/jpeg\" \/>\n<meta name=\"twitter:card\" content=\"summary_large_image\" \/>\n<meta name=\"twitter:label1\" content=\"Gesch\u00e4tzte Lesezeit\" \/>\n\t<meta name=\"twitter:data1\" content=\"7 Minuten\" \/>\n<script type=\"application\/ld+json\" class=\"yoast-schema-graph\">{\"@context\":\"https:\\\/\\\/schema.org\",\"@graph\":[{\"@type\":\"WebPage\",\"@id\":\"https:\\\/\\\/www.onlineroulette.tech\\\/at\\\/casino-anbieter-auf-android\\\/\",\"url\":\"https:\\\/\\\/www.onlineroulette.tech\\\/at\\\/casino-anbieter-auf-android\\\/\",\"name\":\"Casino Seiten f\u00fcr Android - 3 Casino Spiele Anbieter f\u00fcr Handy\",\"isPartOf\":{\"@id\":\"https:\\\/\\\/www.onlineroulette.tech\\\/at\\\/#website\"},\"primaryImageOfPage\":{\"@id\":\"https:\\\/\\\/www.onlineroulette.tech\\\/at\\\/casino-anbieter-auf-android\\\/#primaryimage\"},\"image\":{\"@id\":\"https:\\\/\\\/www.onlineroulette.tech\\\/at\\\/casino-anbieter-auf-android\\\/#primaryimage\"},\"thumbnailUrl\":\"https:\\\/\\\/www.onlineroulette.tech\\\/at\\\/wp-content\\\/uploads\\\/2022\\\/06\\\/tiger.jpg\",\"datePublished\":\"2022-05-27T11:03:41+00:00\",\"dateModified\":\"2025-11-18T04:41:19+00:00\",\"description\":\"Casino Spiele f\u00fcr Android. Die besten Webseiten, um auf eurem Android Mobilger\u00e4t am Spielautomaten zu zocken oder Tischspiele zu spielen.\",\"breadcrumb\":{\"@id\":\"https:\\\/\\\/www.onlineroulette.tech\\\/at\\\/casino-anbieter-auf-android\\\/#breadcrumb\"},\"inLanguage\":\"de-AT\",\"potentialAction\":[{\"@type\":\"ReadAction\",\"target\":[\"https:\\\/\\\/www.onlineroulette.tech\\\/at\\\/casino-anbieter-auf-android\\\/\"]}]},{\"@type\":\"ImageObject\",\"inLanguage\":\"de-AT\",\"@id\":\"https:\\\/\\\/www.onlineroulette.tech\\\/at\\\/casino-anbieter-auf-android\\\/#primaryimage\",\"url\":\"https:\\\/\\\/www.onlineroulette.tech\\\/at\\\/wp-content\\\/uploads\\\/2022\\\/06\\\/tiger.jpg\",\"contentUrl\":\"https:\\\/\\\/www.onlineroulette.tech\\\/at\\\/wp-content\\\/uploads\\\/2022\\\/06\\\/tiger.jpg\",\"width\":300,\"height\":300,\"caption\":\"Blackjack und Roulette f\u00fcr Android bei Golden Tiger\"},{\"@type\":\"BreadcrumbList\",\"@id\":\"https:\\\/\\\/www.onlineroulette.tech\\\/at\\\/casino-anbieter-auf-android\\\/#breadcrumb\",\"itemListElement\":[{\"@type\":\"ListItem\",\"position\":1,\"name\":\"Home\",\"item\":\"https:\\\/\\\/www.onlineroulette.tech\\\/at\\\/\"},{\"@type\":\"ListItem\",\"position\":2,\"name\":\"Casino Anbieter auf Android\"}]},{\"@type\":\"WebSite\",\"@id\":\"https:\\\/\\\/www.onlineroulette.tech\\\/at\\\/#website\",\"url\":\"https:\\\/\\\/www.onlineroulette.tech\\\/at\\\/\",\"name\":\"Online Roulette\",\"description\":\"Roulette Guide\",\"publisher\":{\"@id\":\"https:\\\/\\\/www.onlineroulette.tech\\\/at\\\/#organization\"},\"potentialAction\":[{\"@type\":\"SearchAction\",\"target\":{\"@type\":\"EntryPoint\",\"urlTemplate\":\"https:\\\/\\\/www.onlineroulette.tech\\\/at\\\/?s={search_term_string}\"},\"query-input\":{\"@type\":\"PropertyValueSpecification\",\"valueRequired\":true,\"valueName\":\"search_term_string\"}}],\"inLanguage\":\"de-AT\"},{\"@type\":\"Organization\",\"@id\":\"https:\\\/\\\/www.onlineroulette.tech\\\/at\\\/#organization\",\"name\":\"Online Roulette\",\"url\":\"https:\\\/\\\/www.onlineroulette.tech\\\/at\\\/\",\"logo\":{\"@type\":\"ImageObject\",\"inLanguage\":\"de-AT\",\"@id\":\"https:\\\/\\\/www.onlineroulette.tech\\\/at\\\/#\\\/schema\\\/logo\\\/image\\\/\",\"url\":\"https:\\\/\\\/www.onlineroulette.tech\\\/at\\\/wp-content\\\/uploads\\\/2022\\\/01\\\/logo.jpg\",\"contentUrl\":\"https:\\\/\\\/www.onlineroulette.tech\\\/at\\\/wp-content\\\/uploads\\\/2022\\\/01\\\/logo.jpg\",\"width\":280,\"height\":115,\"caption\":\"Online Roulette\"},\"image\":{\"@id\":\"https:\\\/\\\/www.onlineroulette.tech\\\/at\\\/#\\\/schema\\\/logo\\\/image\\\/\"}}]}<\/script>\n<!-- \/ Yoast SEO plugin. -->","yoast_head_json":{"title":"Casino Seiten f\u00fcr Android - 3 Casino Spiele Anbieter f\u00fcr Handy","description":"Casino Spiele f\u00fcr Android. Die besten Webseiten, um auf eurem Android Mobilger\u00e4t am Spielautomaten zu zocken oder Tischspiele zu spielen.","robots":{"index":"index","follow":"follow","max-snippet":"max-snippet:-1","max-image-preview":"max-image-preview:large","max-video-preview":"max-video-preview:-1"},"canonical":"https:\/\/www.onlineroulette.tech\/at\/casino-anbieter-auf-android\/","og_locale":"de_DE","og_type":"article","og_title":"Casino Seiten f\u00fcr Android - 3 Casino Spiele Anbieter f\u00fcr Handy","og_description":"Casino Spiele f\u00fcr Android. Die besten Webseiten, um auf eurem Android Mobilger\u00e4t am Spielautomaten zu zocken oder Tischspiele zu spielen.","og_url":"https:\/\/www.onlineroulette.tech\/at\/casino-anbieter-auf-android\/","og_site_name":"Online Roulette","article_modified_time":"2025-11-18T04:41:19+00:00","og_image":[{"width":300,"height":300,"url":"https:\/\/www.onlineroulette.tech\/at\/wp-content\/uploads\/2022\/06\/tiger.jpg","type":"image\/jpeg"}],"twitter_card":"summary_large_image","twitter_misc":{"Gesch\u00e4tzte Lesezeit":"7 Minuten"},"schema":{"@context":"https:\/\/schema.org","@graph":[{"@type":"WebPage","@id":"https:\/\/www.onlineroulette.tech\/at\/casino-anbieter-auf-android\/","url":"https:\/\/www.onlineroulette.tech\/at\/casino-anbieter-auf-android\/","name":"Casino Seiten f\u00fcr Android - 3 Casino Spiele Anbieter f\u00fcr Handy","isPartOf":{"@id":"https:\/\/www.onlineroulette.tech\/at\/#website"},"primaryImageOfPage":{"@id":"https:\/\/www.onlineroulette.tech\/at\/casino-anbieter-auf-android\/#primaryimage"},"image":{"@id":"https:\/\/www.onlineroulette.tech\/at\/casino-anbieter-auf-android\/#primaryimage"},"thumbnailUrl":"https:\/\/www.onlineroulette.tech\/at\/wp-content\/uploads\/2022\/06\/tiger.jpg","datePublished":"2022-05-27T11:03:41+00:00","dateModified":"2025-11-18T04:41:19+00:00","description":"Casino Spiele f\u00fcr Android. Die besten Webseiten, um auf eurem Android Mobilger\u00e4t am Spielautomaten zu zocken oder Tischspiele zu spielen.","breadcrumb":{"@id":"https:\/\/www.onlineroulette.tech\/at\/casino-anbieter-auf-android\/#breadcrumb"},"inLanguage":"de-AT","potentialAction":[{"@type":"ReadAction","target":["https:\/\/www.onlineroulette.tech\/at\/casino-anbieter-auf-android\/"]}]},{"@type":"ImageObject","inLanguage":"de-AT","@id":"https:\/\/www.onlineroulette.tech\/at\/casino-anbieter-auf-android\/#primaryimage","url":"https:\/\/www.onlineroulette.tech\/at\/wp-content\/uploads\/2022\/06\/tiger.jpg","contentUrl":"https:\/\/www.onlineroulette.tech\/at\/wp-content\/uploads\/2022\/06\/tiger.jpg","width":300,"height":300,"caption":"Blackjack und Roulette f\u00fcr Android bei Golden Tiger"},{"@type":"BreadcrumbList","@id":"https:\/\/www.onlineroulette.tech\/at\/casino-anbieter-auf-android\/#breadcrumb","itemListElement":[{"@type":"ListItem","position":1,"name":"Home","item":"https:\/\/www.onlineroulette.tech\/at\/"},{"@type":"ListItem","position":2,"name":"Casino Anbieter auf Android"}]},{"@type":"WebSite","@id":"https:\/\/www.onlineroulette.tech\/at\/#website","url":"https:\/\/www.onlineroulette.tech\/at\/","name":"Online Roulette","description":"Roulette Guide","publisher":{"@id":"https:\/\/www.onlineroulette.tech\/at\/#organization"},"potentialAction":[{"@type":"SearchAction","target":{"@type":"EntryPoint","urlTemplate":"https:\/\/www.onlineroulette.tech\/at\/?s={search_term_string}"},"query-input":{"@type":"PropertyValueSpecification","valueRequired":true,"valueName":"search_term_string"}}],"inLanguage":"de-AT"},{"@type":"Organization","@id":"https:\/\/www.onlineroulette.tech\/at\/#organization","name":"Online Roulette","url":"https:\/\/www.onlineroulette.tech\/at\/","logo":{"@type":"ImageObject","inLanguage":"de-AT","@id":"https:\/\/www.onlineroulette.tech\/at\/#\/schema\/logo\/image\/","url":"https:\/\/www.onlineroulette.tech\/at\/wp-content\/uploads\/2022\/01\/logo.jpg","contentUrl":"https:\/\/www.onlineroulette.tech\/at\/wp-content\/uploads\/2022\/01\/logo.jpg","width":280,"height":115,"caption":"Online Roulette"},"image":{"@id":"https:\/\/www.onlineroulette.tech\/at\/#\/schema\/logo\/image\/"}}]}},"_links":{"self":[{"href":"https:\/\/www.onlineroulette.tech\/at\/wp-json\/wp\/v2\/pages\/1471","targetHints":{"allow":["GET"]}}],"collection":[{"href":"https:\/\/www.onlineroulette.tech\/at\/wp-json\/wp\/v2\/pages"}],"about":[{"href":"https:\/\/www.onlineroulette.tech\/at\/wp-json\/wp\/v2\/types\/page"}],"author":[{"embeddable":true,"href":"https:\/\/www.onlineroulette.tech\/at\/wp-json\/wp\/v2\/users\/1"}],"replies":[{"embeddable":true,"href":"https:\/\/www.onlineroulette.tech\/at\/wp-json\/wp\/v2\/comments?post=1471"}],"version-history":[{"count":28,"href":"https:\/\/www.onlineroulette.tech\/at\/wp-json\/wp\/v2\/pages\/1471\/revisions"}],"predecessor-version":[{"id":2202,"href":"https:\/\/www.onlineroulette.tech\/at\/wp-json\/wp\/v2\/pages\/1471\/revisions\/2202"}],"wp:attachment":[{"href":"https:\/\/www.onlineroulette.tech\/at\/wp-json\/wp\/v2\/media?parent=1471"}],"curies":[{"name":"wp","href":"https:\/\/api.w.org\/{rel}","templated":true}]}}