{"id":1470,"date":"2022-05-27T11:02:45","date_gmt":"2022-05-27T11:02:45","guid":{"rendered":"https:\/\/www.onlineroulette.tech\/at\/?page_id=1470"},"modified":"2025-11-18T04:41:35","modified_gmt":"2025-11-18T04:41:35","slug":"casino-webseiten-fur-mac","status":"publish","type":"page","link":"https:\/\/www.onlineroulette.tech\/at\/casino-webseiten-fur-mac\/","title":{"rendered":"Casino Webseiten f\u00fcr Mac"},"content":{"rendered":"<p>In unserem Artikel stellen wir euch die <strong>vertrauensw\u00fcrdigsten Casino<\/strong> Webseiten f\u00fcr MacBook und iMac vor. <!--more-->Die besten Spielm\u00f6glichkeiten werden ohne Download gespielt: Auf einem Mac spielt ihr die Spiele n\u00e4mlich als <strong>Instant Play im Safari-Browser<\/strong>. Auf der Suche nach den besten Casino Spielen im Internet? Dann w\u00e4hlt eine Casino Seite, die mit dem Spielentwickler <strong>Microgaming<\/strong> zusammenarbeitet \u2013 herausragende Spiellandschaft garantiert!<\/p>\n<p>In unserem Guide findet ihr <strong>drei Mac-kompatible Casino Seiten<\/strong>. Diese Online Casinos geh\u00f6ren in den Test Guides 2026 zu den am besten bewerten Casino Anbietern. Luxury Casino schafft es in unserem Spitzentrio auf den ersten Platz, gefolgt von den Webseiten Yukon Gold und UK Casino Club.<br \/>\n<div class=\"su-divider su-divider-style-dotted\" style=\"margin:15px 0;border-width:10px;border-color:#820202\"><\/div>\n<h2>Casino Spiele f\u00fcr MacBook und iMac<\/h2>\n<div class=\"su-row\">\n<div class=\"su-column su-column-size-1-3 colc\"><div class=\"su-column-inner su-u-clearfix su-u-trim\">\n<span style=\"font-size:17pt;color:#820202;font-weight:600\">#1. LUXURY CASINO<\/span><br \/>\n<a title=\"Luxury Casino\" href=\"https:\/\/luxury.casino\/de-at\/\" target=\"_blank\" rel=\"noopener noreferrer\"><img loading=\"lazy\" decoding=\"async\" title=\"Blackjack und Roulette f\u00fcr Mac\" src=\"https:\/\/www.onlineroulette.tech\/at\/wp-content\/uploads\/2022\/06\/luxury-mac.jpg\" alt=\"Blackjack und Roulette f\u00fcr Mac\" width=\"300\" height=\"300\" class=\"alignnone size-full wp-image-1533\" srcset=\"https:\/\/www.onlineroulette.tech\/at\/wp-content\/uploads\/2022\/06\/luxury-mac.jpg 300w, https:\/\/www.onlineroulette.tech\/at\/wp-content\/uploads\/2022\/06\/luxury-mac-150x150.jpg 150w\" sizes=\"auto, (max-width: 300px) 100vw, 300px\" \/><br \/>\n<span style=\"font-size:17pt\"><b><u>Zu Luxury Casino<\/u><\/b><\/span><\/a><br \/>\nInstant Play Tischspiele<br \/>\nWillkommensbonus: 1000\u20ac<br \/>\n<\/div><\/div>\n<div class=\"su-column su-column-size-1-3 colc\"><div class=\"su-column-inner su-u-clearfix su-u-trim\">\n<span style=\"font-size:17pt;color:#820202;font-weight:600\">#2. YUKON GOLD<\/span><br \/>\n<a title=\"Yukon Gold\" href=\"https:\/\/yukongold.casino\/de-at\/\" target=\"_blank\" rel=\"noopener noreferrer\"><img loading=\"lazy\" decoding=\"async\" title=\"Gratis Spielautomaten f\u00fcr Mac\" src=\"https:\/\/www.onlineroulette.tech\/at\/wp-content\/uploads\/2022\/06\/yukon-casino.jpg\" alt=\"Gratis Spielautomaten f\u00fcr Mac\" width=\"300\" height=\"300\" class=\"alignnone size-full wp-image-1534\" srcset=\"https:\/\/www.onlineroulette.tech\/at\/wp-content\/uploads\/2022\/06\/yukon-casino.jpg 300w, https:\/\/www.onlineroulette.tech\/at\/wp-content\/uploads\/2022\/06\/yukon-casino-150x150.jpg 150w\" sizes=\"auto, (max-width: 300px) 100vw, 300px\" \/><br \/>\n<span style=\"font-size:17pt\"><b><u>Zu Yukon Gold<\/u><\/b><\/span><\/a><br \/>\nGro\u00dfe Jackpots zu gewinnen<br \/>\n150 Runden Mega Money Wheel<br \/>\n<\/div><\/div>\n<div class=\"su-column su-column-size-1-3 colc\"><div class=\"su-column-inner su-u-clearfix su-u-trim\">\n<span style=\"font-size:17pt;color:#820202;font-weight:600\">#3.UK CASINO CLUB<\/span><br \/>\n<a title=\"UK Casino Club\" href=\"https:\/\/www.ukcasinoclub.eu\/de-at\/\" target=\"_blank\" rel=\"noopener noreferrer\"><img loading=\"lazy\" decoding=\"async\" title=\"Die besten Live Spiele im Internet bei UK Casino Club\" src=\"https:\/\/www.onlineroulette.tech\/at\/wp-content\/uploads\/2022\/06\/casino-club.jpg\" alt=\"Die besten Live Spiele im Internet bei UK Casino Club\" width=\"300\" height=\"300\" class=\"alignnone size-full wp-image-1537\" srcset=\"https:\/\/www.onlineroulette.tech\/at\/wp-content\/uploads\/2022\/06\/casino-club.jpg 300w, https:\/\/www.onlineroulette.tech\/at\/wp-content\/uploads\/2022\/06\/casino-club-150x150.jpg 150w\" sizes=\"auto, (max-width: 300px) 100vw, 300px\" \/><br \/>\n<span style=\"font-size:17pt\"><b><u>Zu UK Casino Club<\/u><\/b><\/span><\/a><br \/>\nLive Spiele mit Dealern<br \/>\nWillkommensbonus: 700\u20ac<br \/>\n<\/div><\/div>\n<\/div>\n\n<div class=\"su-divider su-divider-style-dotted\" style=\"margin:15px 0;border-width:10px;border-color:#820202\"><\/div>\nDas Spielen in Mac-tauglichen Casino Spielhallen ist genauso gut <strong>wie der Besuch in einem echten Casino<\/strong>. Und wie steht es um die unvergleichliche Atmosph\u00e4re? Dank <strong>Live Spielbereichen mit Dealern<\/strong> aus Fleisch und Blut f\u00fchlt ihr euch wie in einem lokalen Casino.<br \/>\n&nbsp;<br \/>\n<div class=\"su-row\"><div class=\"su-column su-column-size-2-3\"><div class=\"su-column-inner su-u-clearfix su-u-trim\">\nDie drei Casino Webseiten, die unsere Experten \u00fcberzeugen konnten, gen\u00fcgen selbstverst\u00e4ndlich den wichtigsten Anforderungen. Wenn ihr euch f\u00fcr einen dieser Casino Anbieter entscheidet, dann garantieren wir euch: Die <strong>strengsten Kriterien<\/strong> in diesem Bereich sind erf\u00fcllt.<\/p>\n<p>Diese Kriterien bedeuten konkret:<\/p>\n<ul>\n<li><em>In Europa <strong>zul\u00e4ssige und reglementierte Casino Spiele<\/strong><\/em>.<\/li>\n<li><em>Eure pers\u00f6nlichen Daten werden garantiert <strong>vertraulich<\/strong> behandelt.<\/em><\/li>\n<li><em>Ein <strong>Kundensupport<\/strong>, der rund um die Uhr und in deutscher Sprache f\u00fcr euch verf\u00fcgbar ist.<\/em><\/li>\n<\/ul>\n<\/div><\/div>\n<div class=\"su-column su-column-size-1-3\"><div class=\"su-column-inner su-u-clearfix su-u-trim\"><img loading=\"lazy\" decoding=\"async\" title=\"Instant Play Spiele f\u00fcr Apple Mac\" src=\"https:\/\/www.onlineroulette.tech\/at\/wp-content\/uploads\/2022\/08\/spiele.jpg\" alt=\"Instant Play Spiele f\u00fcr Apple Mac\" width=\"300\" height=\"300\" class=\"aligncenter size-full wp-image-1567\" srcset=\"https:\/\/www.onlineroulette.tech\/at\/wp-content\/uploads\/2022\/08\/spiele.jpg 300w, https:\/\/www.onlineroulette.tech\/at\/wp-content\/uploads\/2022\/08\/spiele-150x150.jpg 150w\" sizes=\"auto, (max-width: 300px) 100vw, 300px\" \/><\/div><\/div><\/div>\n&nbsp;<br \/>\nEntdeckt die besten Casino Apps f\u00fcr Mac! Mit den drei Online Casino Seiten in unserer Auswahl habt ihr das Non plus Ultra der Gl\u00fcckspiele im Internet vor Augen: besser geht\u2019s nicht! Den <strong>Spielentwickler Microgaming<\/strong> trefft ihr auf den Gl\u00fccksspiel Seiten in unserem Leitfaden am h\u00e4ufigsten an \u2013 dank des Know-hows dieses Spielanbieters habt ihr <strong>auf allen Apple-Ger\u00e4ten Zugang zu Spielen<\/strong>.<\/p>\n<h2>Auf Mac im Casino spielen<\/h2>\n<p>Im Internet auf Casino Seiten spielen, die sich f\u00fcr alle Mac-Modelle eignen? Nichts leichter als das! Ein paar Dinge gibt es trotzdem zu beachten. Wir erkl\u00e4ren euch die <strong>wichtigsten Schritte<\/strong>.<\/p>\n<h3>Ein vertrauensw\u00fcrdiges Casino ausw\u00e4hlen<\/h3>\n<p>Die allerwichtigste Etappe? Euch f\u00fcr ein sowohl zuverl\u00e4ssiges als auch <strong>seri\u00f6ses Online Casino<\/strong> zu entscheiden. Im Internet gibt es Piraten Casino Websites, bei welchen nur eines gilt: H\u00e4nde weg. <strong>Unser Tipp, um nicht in die Falle zu tappen:<\/strong> Checkt Casino Guides und macht euch ein eigenes Bild. Ein gutes Beispiel gef\u00e4llig? In unserem <a title=\"Online Casino\" href=\"https:\/\/www.onlineroulette.tech\/at\/\">Online Roulette<\/a> Guide findet ihr Seiten, die <strong>seri\u00f6se deutschsprachige Online Casinos<\/strong> auflisten. F\u00e4llt eure Wahl auf einen der von unseren Experten empfohlenen Casino Anbietern, k\u00f6nnt ihr unbeschwert zocken.<\/p>\n<h3>Anmeldung im Casino<\/h3>\n<p>Auf dem Mac erfolgt der Zugang zu Online Casino Seiten \u00fcber den Webbrowser.<\/p>\n<p>Die meisten Spielerinnen und Spieler ziehen das <strong>Online Spielen im Safari-Browser<\/strong> vor. Eine sinnvolle Wahl! Damit schafft ihr <strong>Platz auf der Festplatte<\/strong>. Und gleichzeitig verwendet ihr so garantiert die <strong>neuesten Updates<\/strong> der verf\u00fcgbaren Spiele.<\/p>\n<h3>Im Casino surfen<\/h3>\n<p>Sobald ihr euch in einem Online Casino angemeldet habt, stehen euch die T\u00fcren zum Casino buchst\u00e4blich offen: Ihr k\u00f6nnt das ausgew\u00e4hlte Casino nach Lust und Laune erkunden.<\/p>\n<p>Die Casino Webseiten in unserem Guide bieten euch Zugang zu <strong>kostenlosen Spielen<\/strong>. Bei Spielerinnen und Spielern, die die <strong>Spiele ohne Geldeinsatz testen<\/strong> wollen, ist diese M\u00f6glichkeit hoch im Kurs. F\u00fcr <strong>Wetteins\u00e4tze mit Echtgeld<\/strong> m\u00fcsst ihr auf die Casino Bankseite gehen und dort eine Einzahlung machen.<\/p>\n<h2>Gratis Spiele und Spiele mit Echtgeld<\/h2>\n<p>Vorausgesetzt, dass ihr in einem seri\u00f6sen Online Casino angemeldet seid, k\u00f6nnt ihr <strong>kostenlos oder mit echtem Geld spielen<\/strong>. Die einzigen Spiele, die nicht ohne Echtgeld getestet werden k\u00f6nnen, sind Live Tischspiele und progressive Online Spielautomaten. Weshalb in einem Online Casino spielen, ohne Geld zu setzten? Um ganz einfach Spa\u00df zu haben! Um in Genuss der kostenlosen Spiele zu kommen, ist keinerlei Bezahlung notwendig.<\/p>\n<h2>Meinung der Mac-Nutzer<\/h2>\n<p>Viele Online Casino Seiten funktionieren auf MacBooks und iMacs nicht. Der Grund daf\u00fcr: Die Sicherheitsstufe des Mac OS blockiert die Casino-Software. Dank <strong>Instant Gaming \u00fcber den Safari-Browser<\/strong> habt ihr trotzdem Zugang zu Mac Casino Anbietern im Internet. Unter allen Safari-kompatiblen Casino Webseiten gibt es einige <strong>Online Casino Spielhallen mit Kultstatus<\/strong>, die aus der Masse herausstechen.<\/p>\n<p>Mac-Nutzer ziehen auf Vergleichsseiten in ihren Bewertungen den folgenden Schluss: Online Casino Seiten, die mit der <strong>Software von Microgaming<\/strong> laufen, sind am besten gestaltet. \u00dcberzeugt euch selbst: Allein der Test der Webseite <strong>Luxury Casino<\/strong>, einem pr\u00e4mierten Microgaming Casino, reicht aus, um ins Schw\u00e4rmen zu geraten.<br \/>\n&nbsp;<\/p>\n","protected":false},"excerpt":{"rendered":"<p>In unserem Artikel stellen wir euch die vertrauensw\u00fcrdigsten Casino Webseiten f\u00fcr MacBook und iMac vor.<\/p>\n","protected":false},"author":1,"featured_media":0,"parent":0,"menu_order":0,"comment_status":"closed","ping_status":"closed","template":"template-fullwidth.php","meta":{"footnotes":""},"class_list":["post-1470","page","type-page","status-publish","hentry"],"yoast_head":"<!-- This site is optimized with the Yoast SEO plugin v27.5 - https:\/\/yoast.com\/product\/yoast-seo-wordpress\/ -->\n<title>Casino Seiten f\u00fcr Mac - Spiele auf Deutsch f\u00fcr MacBook und iMac<\/title>\n<meta name=\"description\" content=\"Casino Spiele auf Deutsch f\u00fcr Mac. Die Casino Anbieter, um auf MacBook und iMac an Spielautomaten zu zocken und Tischspiele zu spielen.\" \/>\n<meta name=\"robots\" content=\"index, follow, max-snippet:-1, max-image-preview:large, max-video-preview:-1\" \/>\n<link rel=\"canonical\" href=\"https:\/\/www.onlineroulette.tech\/at\/casino-webseiten-fur-mac\/\" \/>\n<meta property=\"og:locale\" content=\"de_DE\" \/>\n<meta property=\"og:type\" content=\"article\" \/>\n<meta property=\"og:title\" content=\"Casino Seiten f\u00fcr Mac - Spiele auf Deutsch f\u00fcr MacBook und iMac\" \/>\n<meta property=\"og:description\" content=\"Casino Spiele auf Deutsch f\u00fcr Mac. Die Casino Anbieter, um auf MacBook und iMac an Spielautomaten zu zocken und Tischspiele zu spielen.\" \/>\n<meta property=\"og:url\" content=\"https:\/\/www.onlineroulette.tech\/at\/casino-webseiten-fur-mac\/\" \/>\n<meta property=\"og:site_name\" content=\"Online Roulette\" \/>\n<meta property=\"article:modified_time\" content=\"2025-11-18T04:41:35+00:00\" \/>\n<meta property=\"og:image\" content=\"https:\/\/www.onlineroulette.tech\/at\/wp-content\/uploads\/2022\/06\/luxury-mac.jpg\" \/>\n\t<meta property=\"og:image:width\" content=\"300\" \/>\n\t<meta property=\"og:image:height\" content=\"300\" \/>\n\t<meta property=\"og:image:type\" content=\"image\/jpeg\" \/>\n<meta name=\"twitter:card\" content=\"summary_large_image\" \/>\n<meta name=\"twitter:label1\" content=\"Gesch\u00e4tzte Lesezeit\" \/>\n\t<meta name=\"twitter:data1\" content=\"7 Minuten\" \/>\n<script type=\"application\/ld+json\" class=\"yoast-schema-graph\">{\"@context\":\"https:\\\/\\\/schema.org\",\"@graph\":[{\"@type\":\"WebPage\",\"@id\":\"https:\\\/\\\/www.onlineroulette.tech\\\/at\\\/casino-webseiten-fur-mac\\\/\",\"url\":\"https:\\\/\\\/www.onlineroulette.tech\\\/at\\\/casino-webseiten-fur-mac\\\/\",\"name\":\"Casino Seiten f\u00fcr Mac - Spiele auf Deutsch f\u00fcr MacBook und iMac\",\"isPartOf\":{\"@id\":\"https:\\\/\\\/www.onlineroulette.tech\\\/at\\\/#website\"},\"primaryImageOfPage\":{\"@id\":\"https:\\\/\\\/www.onlineroulette.tech\\\/at\\\/casino-webseiten-fur-mac\\\/#primaryimage\"},\"image\":{\"@id\":\"https:\\\/\\\/www.onlineroulette.tech\\\/at\\\/casino-webseiten-fur-mac\\\/#primaryimage\"},\"thumbnailUrl\":\"https:\\\/\\\/www.onlineroulette.tech\\\/at\\\/wp-content\\\/uploads\\\/2022\\\/06\\\/luxury-mac.jpg\",\"datePublished\":\"2022-05-27T11:02:45+00:00\",\"dateModified\":\"2025-11-18T04:41:35+00:00\",\"description\":\"Casino Spiele auf Deutsch f\u00fcr Mac. Die Casino Anbieter, um auf MacBook und iMac an Spielautomaten zu zocken und Tischspiele zu spielen.\",\"breadcrumb\":{\"@id\":\"https:\\\/\\\/www.onlineroulette.tech\\\/at\\\/casino-webseiten-fur-mac\\\/#breadcrumb\"},\"inLanguage\":\"de-AT\",\"potentialAction\":[{\"@type\":\"ReadAction\",\"target\":[\"https:\\\/\\\/www.onlineroulette.tech\\\/at\\\/casino-webseiten-fur-mac\\\/\"]}]},{\"@type\":\"ImageObject\",\"inLanguage\":\"de-AT\",\"@id\":\"https:\\\/\\\/www.onlineroulette.tech\\\/at\\\/casino-webseiten-fur-mac\\\/#primaryimage\",\"url\":\"https:\\\/\\\/www.onlineroulette.tech\\\/at\\\/wp-content\\\/uploads\\\/2022\\\/06\\\/luxury-mac.jpg\",\"contentUrl\":\"https:\\\/\\\/www.onlineroulette.tech\\\/at\\\/wp-content\\\/uploads\\\/2022\\\/06\\\/luxury-mac.jpg\",\"width\":300,\"height\":300,\"caption\":\"Blackjack und Roulette f\u00fcr Mac\"},{\"@type\":\"BreadcrumbList\",\"@id\":\"https:\\\/\\\/www.onlineroulette.tech\\\/at\\\/casino-webseiten-fur-mac\\\/#breadcrumb\",\"itemListElement\":[{\"@type\":\"ListItem\",\"position\":1,\"name\":\"Home\",\"item\":\"https:\\\/\\\/www.onlineroulette.tech\\\/at\\\/\"},{\"@type\":\"ListItem\",\"position\":2,\"name\":\"Casino Webseiten f\u00fcr Mac\"}]},{\"@type\":\"WebSite\",\"@id\":\"https:\\\/\\\/www.onlineroulette.tech\\\/at\\\/#website\",\"url\":\"https:\\\/\\\/www.onlineroulette.tech\\\/at\\\/\",\"name\":\"Online Roulette\",\"description\":\"Roulette Guide\",\"publisher\":{\"@id\":\"https:\\\/\\\/www.onlineroulette.tech\\\/at\\\/#organization\"},\"potentialAction\":[{\"@type\":\"SearchAction\",\"target\":{\"@type\":\"EntryPoint\",\"urlTemplate\":\"https:\\\/\\\/www.onlineroulette.tech\\\/at\\\/?s={search_term_string}\"},\"query-input\":{\"@type\":\"PropertyValueSpecification\",\"valueRequired\":true,\"valueName\":\"search_term_string\"}}],\"inLanguage\":\"de-AT\"},{\"@type\":\"Organization\",\"@id\":\"https:\\\/\\\/www.onlineroulette.tech\\\/at\\\/#organization\",\"name\":\"Online Roulette\",\"url\":\"https:\\\/\\\/www.onlineroulette.tech\\\/at\\\/\",\"logo\":{\"@type\":\"ImageObject\",\"inLanguage\":\"de-AT\",\"@id\":\"https:\\\/\\\/www.onlineroulette.tech\\\/at\\\/#\\\/schema\\\/logo\\\/image\\\/\",\"url\":\"https:\\\/\\\/www.onlineroulette.tech\\\/at\\\/wp-content\\\/uploads\\\/2022\\\/01\\\/logo.jpg\",\"contentUrl\":\"https:\\\/\\\/www.onlineroulette.tech\\\/at\\\/wp-content\\\/uploads\\\/2022\\\/01\\\/logo.jpg\",\"width\":280,\"height\":115,\"caption\":\"Online Roulette\"},\"image\":{\"@id\":\"https:\\\/\\\/www.onlineroulette.tech\\\/at\\\/#\\\/schema\\\/logo\\\/image\\\/\"}}]}<\/script>\n<!-- \/ Yoast SEO plugin. -->","yoast_head_json":{"title":"Casino Seiten f\u00fcr Mac - Spiele auf Deutsch f\u00fcr MacBook und iMac","description":"Casino Spiele auf Deutsch f\u00fcr Mac. Die Casino Anbieter, um auf MacBook und iMac an Spielautomaten zu zocken und Tischspiele zu spielen.","robots":{"index":"index","follow":"follow","max-snippet":"max-snippet:-1","max-image-preview":"max-image-preview:large","max-video-preview":"max-video-preview:-1"},"canonical":"https:\/\/www.onlineroulette.tech\/at\/casino-webseiten-fur-mac\/","og_locale":"de_DE","og_type":"article","og_title":"Casino Seiten f\u00fcr Mac - Spiele auf Deutsch f\u00fcr MacBook und iMac","og_description":"Casino Spiele auf Deutsch f\u00fcr Mac. Die Casino Anbieter, um auf MacBook und iMac an Spielautomaten zu zocken und Tischspiele zu spielen.","og_url":"https:\/\/www.onlineroulette.tech\/at\/casino-webseiten-fur-mac\/","og_site_name":"Online Roulette","article_modified_time":"2025-11-18T04:41:35+00:00","og_image":[{"width":300,"height":300,"url":"https:\/\/www.onlineroulette.tech\/at\/wp-content\/uploads\/2022\/06\/luxury-mac.jpg","type":"image\/jpeg"}],"twitter_card":"summary_large_image","twitter_misc":{"Gesch\u00e4tzte Lesezeit":"7 Minuten"},"schema":{"@context":"https:\/\/schema.org","@graph":[{"@type":"WebPage","@id":"https:\/\/www.onlineroulette.tech\/at\/casino-webseiten-fur-mac\/","url":"https:\/\/www.onlineroulette.tech\/at\/casino-webseiten-fur-mac\/","name":"Casino Seiten f\u00fcr Mac - Spiele auf Deutsch f\u00fcr MacBook und iMac","isPartOf":{"@id":"https:\/\/www.onlineroulette.tech\/at\/#website"},"primaryImageOfPage":{"@id":"https:\/\/www.onlineroulette.tech\/at\/casino-webseiten-fur-mac\/#primaryimage"},"image":{"@id":"https:\/\/www.onlineroulette.tech\/at\/casino-webseiten-fur-mac\/#primaryimage"},"thumbnailUrl":"https:\/\/www.onlineroulette.tech\/at\/wp-content\/uploads\/2022\/06\/luxury-mac.jpg","datePublished":"2022-05-27T11:02:45+00:00","dateModified":"2025-11-18T04:41:35+00:00","description":"Casino Spiele auf Deutsch f\u00fcr Mac. Die Casino Anbieter, um auf MacBook und iMac an Spielautomaten zu zocken und Tischspiele zu spielen.","breadcrumb":{"@id":"https:\/\/www.onlineroulette.tech\/at\/casino-webseiten-fur-mac\/#breadcrumb"},"inLanguage":"de-AT","potentialAction":[{"@type":"ReadAction","target":["https:\/\/www.onlineroulette.tech\/at\/casino-webseiten-fur-mac\/"]}]},{"@type":"ImageObject","inLanguage":"de-AT","@id":"https:\/\/www.onlineroulette.tech\/at\/casino-webseiten-fur-mac\/#primaryimage","url":"https:\/\/www.onlineroulette.tech\/at\/wp-content\/uploads\/2022\/06\/luxury-mac.jpg","contentUrl":"https:\/\/www.onlineroulette.tech\/at\/wp-content\/uploads\/2022\/06\/luxury-mac.jpg","width":300,"height":300,"caption":"Blackjack und Roulette f\u00fcr Mac"},{"@type":"BreadcrumbList","@id":"https:\/\/www.onlineroulette.tech\/at\/casino-webseiten-fur-mac\/#breadcrumb","itemListElement":[{"@type":"ListItem","position":1,"name":"Home","item":"https:\/\/www.onlineroulette.tech\/at\/"},{"@type":"ListItem","position":2,"name":"Casino Webseiten f\u00fcr Mac"}]},{"@type":"WebSite","@id":"https:\/\/www.onlineroulette.tech\/at\/#website","url":"https:\/\/www.onlineroulette.tech\/at\/","name":"Online Roulette","description":"Roulette Guide","publisher":{"@id":"https:\/\/www.onlineroulette.tech\/at\/#organization"},"potentialAction":[{"@type":"SearchAction","target":{"@type":"EntryPoint","urlTemplate":"https:\/\/www.onlineroulette.tech\/at\/?s={search_term_string}"},"query-input":{"@type":"PropertyValueSpecification","valueRequired":true,"valueName":"search_term_string"}}],"inLanguage":"de-AT"},{"@type":"Organization","@id":"https:\/\/www.onlineroulette.tech\/at\/#organization","name":"Online Roulette","url":"https:\/\/www.onlineroulette.tech\/at\/","logo":{"@type":"ImageObject","inLanguage":"de-AT","@id":"https:\/\/www.onlineroulette.tech\/at\/#\/schema\/logo\/image\/","url":"https:\/\/www.onlineroulette.tech\/at\/wp-content\/uploads\/2022\/01\/logo.jpg","contentUrl":"https:\/\/www.onlineroulette.tech\/at\/wp-content\/uploads\/2022\/01\/logo.jpg","width":280,"height":115,"caption":"Online Roulette"},"image":{"@id":"https:\/\/www.onlineroulette.tech\/at\/#\/schema\/logo\/image\/"}}]}},"_links":{"self":[{"href":"https:\/\/www.onlineroulette.tech\/at\/wp-json\/wp\/v2\/pages\/1470","targetHints":{"allow":["GET"]}}],"collection":[{"href":"https:\/\/www.onlineroulette.tech\/at\/wp-json\/wp\/v2\/pages"}],"about":[{"href":"https:\/\/www.onlineroulette.tech\/at\/wp-json\/wp\/v2\/types\/page"}],"author":[{"embeddable":true,"href":"https:\/\/www.onlineroulette.tech\/at\/wp-json\/wp\/v2\/users\/1"}],"replies":[{"embeddable":true,"href":"https:\/\/www.onlineroulette.tech\/at\/wp-json\/wp\/v2\/comments?post=1470"}],"version-history":[{"count":30,"href":"https:\/\/www.onlineroulette.tech\/at\/wp-json\/wp\/v2\/pages\/1470\/revisions"}],"predecessor-version":[{"id":2205,"href":"https:\/\/www.onlineroulette.tech\/at\/wp-json\/wp\/v2\/pages\/1470\/revisions\/2205"}],"wp:attachment":[{"href":"https:\/\/www.onlineroulette.tech\/at\/wp-json\/wp\/v2\/media?parent=1470"}],"curies":[{"name":"wp","href":"https:\/\/api.w.org\/{rel}","templated":true}]}}