{"id":100,"date":"2020-11-29T04:07:54","date_gmt":"2020-11-29T04:07:54","guid":{"rendered":"https:\/\/www.onlineroulette.tech\/at\/?page_id=100"},"modified":"2025-11-18T04:45:32","modified_gmt":"2025-11-18T04:45:32","slug":"luxury","status":"publish","type":"page","link":"https:\/\/www.onlineroulette.tech\/at\/seriose-casino\/luxury\/","title":{"rendered":"Luxury Casino"},"content":{"rendered":"<div class=\"su-row\"><div class=\"su-column su-column-size-1-2\"><div class=\"su-column-inner su-u-clearfix su-u-trim\">Das Online Casino <strong>auf PC und Mobilger\u00e4ten<\/strong>. <strong>Roulette und Black Jack<\/strong> sind die Aush\u00e4ngeschilder des Casinos. <!--more-->Ob Boni, Auszahlungsquoten oder Spiel-Software \u2013 hier ist alles perfekt. Ihr zockt am liebsten am Spielautomaten? <strong>Mehr als hundert Jackpot-Spiele<\/strong> warten auf euch!<\/p>\n<h2>Vertrauensw\u00fcrdiges Online Casino<\/h2>\n<p>Unter allen vertrauensw\u00fcrdigen Casino Anbietern ist Luxury das <strong>Casino mit den besten Bewertungen<\/strong> unserer Tester. Kurz: Die Online Spielbank ist einzigartig.<\/p>\n<p>In zahlreichen Gl\u00fcckspiel Guides wird das Online Casino sehr gut bewertet. <strong>Luxury Casino<\/strong> ist seit dem Jahr 2000 auf dem Markt und somit ein Pionier im Web. Sein Ruf sucht seinesgleichen! <\/div><\/div>\n<div class=\"su-column su-column-size-1-2\"><div class=\"su-column-inner su-u-clearfix su-u-trim\">\n<a class=\"top\" title=\"Luxury Casino\" href=\"https:\/\/luxury.casino\/de-at\/\" rel=\"noopener\" target=\"_blank\"><img loading=\"lazy\" decoding=\"async\" title=\"Luxury Casino in \u00d6sterreich\" src=\"https:\/\/www.onlineroulette.tech\/at\/wp-content\/uploads\/2020\/12\/luxury-casino.jpg\" alt=\"Luxury Casino in \u00d6sterreich\" width=\"600\" height=\"338\" class=\"alignnone size-full wp-image-703\" srcset=\"https:\/\/www.onlineroulette.tech\/at\/wp-content\/uploads\/2020\/12\/luxury-casino.jpg 600w, https:\/\/www.onlineroulette.tech\/at\/wp-content\/uploads\/2020\/12\/luxury-casino-300x169.jpg 300w\" sizes=\"auto, (max-width: 600px) 100vw, 600px\" \/><\/p>\n<div style=\"text-align:center\">IM CASINO ANMELDEN<\/div>\n<p><\/a><br \/>\n\n<\/div><\/div><\/div>\n<h2>Luxury Casino Spiele<\/h2>\n<div class=\"su-row\"><div class=\"su-column su-column-size-1-2\"><div class=\"su-column-inner su-u-clearfix su-u-trim\"><strong>Auf der mobilen Version<\/strong> z\u00e4hlt die Webseite <strong>mehr als 180 Spiele<\/strong>. \u00dcber 850 sind auf dem PC verf\u00fcgbar. Ein seri\u00f6ses Gremium \u00fcberwacht die Spiele. Im Herzen des Systems: ein Generator, der Zahlen nach dem Zufallsprinzip ausw\u00e4hlt. Damit haben garantiert <strong>alle Spieler die gleichen Gewinnchancen<\/strong>.<\/p>\n<p>Die Auszahlungsquoten werden in der Rubrik \u201eHilfe\u201c f\u00fcr jedes Gl\u00fccksspiel angegeben. <strong>Womit zahlt sich das Zocken am meisten aus?<\/strong> Das rentabelste Spiel hinsichtlich Return-to-Player-Wert ist <strong>Video-Poker<\/strong>. Gefolgt von den <strong>Tischspielen<\/strong>. Bei den Spielautomaten gibt es die klassische Version, die Spielautomaten nach Themen und die progressiven Automaten. Diese Jackpot Spiele sind bei Luxury Casino mit <a title=\"guten RTP-Werten\" href=\"https:\/\/www.onlineroulette.tech\/at\/rtp\/\">guten RTP-Werten<\/a> programmiert.<\/div><\/div>\n<div class=\"su-column su-column-size-1-2\"><div class=\"su-column-inner su-u-clearfix su-u-trim\"><img loading=\"lazy\" decoding=\"async\" title=\"Lukrative Spiele im Casino\" src=\"https:\/\/www.onlineroulette.tech\/at\/wp-content\/uploads\/2021\/01\/spiele.jpg\" alt=\"Lukrative Spiele im Casino\" width=\"600\" height=\"338\" class=\"alignnone size-full wp-image-841\" srcset=\"https:\/\/www.onlineroulette.tech\/at\/wp-content\/uploads\/2021\/01\/spiele.jpg 600w, https:\/\/www.onlineroulette.tech\/at\/wp-content\/uploads\/2021\/01\/spiele-300x169.jpg 300w\" sizes=\"auto, (max-width: 600px) 100vw, 600px\" \/><br \/>\n<\/div><\/div><\/div>\n<h3>Instant Play<\/h3>\n<p>Roulette ist bei Luxury Casino der Star unter den Gl\u00fccksspielen. Dicht gefolgt von Black Jack. Den dritten Platz belegen die Spielautomaten. Ihr k\u00f6nnt <strong>alle Spiele als Instant Play in eurem Browser<\/strong> zocken. F\u00fcr den PC steht die Spielsoftware als Download zur Verf\u00fcgung. Wir finden <strong>Instant Play<\/strong> aber besser: es ist die <strong>einfachste Art, online zu spielen<\/strong>.<\/p>\n<h3>Am PC spielen<\/h3>\n<p>Auf dem PC k\u00f6nnt ihr die <strong>Download-Version<\/strong> auf eurer Festplatte abspeichern. Unsere Empfehlung zur Software-Installation? Ein deutliches Ja. Damit habt ihr <strong>Zugang zu allen Casino Spielen<\/strong>. Dennoch: Die Spieler bevorzugen Instant Play. Es gibt eine ausreichend gro\u00dfe Auswahl an Instant Games und die aktuellsten Spiele sind mit dabei. Kundenbewertungen lassen diesen Schluss zu: <strong>zwei Drittel aller Spieler am PC w\u00e4hlen Instant Play<\/strong>. Zudem launcht Luxury Casino jedes neue Spiel als Mobilversion. Die mobilen Spiele sind im Trend.<\/p>\n<h3>Auf Mac und Mobilger\u00e4ten<\/h3>\n<p>Spielt ihr auf einem Mac, werden die Instant Play Spiele im Browser geladen. Genauso wie auf einem Handy oder Tablet. iPhone, iPad oder \u2026 Androidger\u00e4t? <strong>Die Spiele von Luxury Casino funktionieren \u00fcberall gut.<\/strong> Die Online Spielautomaten und Tischspiele sind an s\u00e4mtliche Ger\u00e4te angepasst. <strong>Eine App braucht\u2019s zum Spielen nicht.<\/strong><\/p>\n<h3>Software<\/h3>\n<p>Die Software auf der Luxury Casino Webseite wird von Microgaming betrieben. Das Unternehmen ist auf seinem Gebiet f\u00fchrend. Bez\u00fcglich Performance steht Microgaming weltweit an der Spitze. Die Auszahlungsquote seiner Spiele liegt bei 97%. Zwei Punkte mehr als in einem traditionellen Casino. Kein anderer Betreiber von Online Casino Spielen hat eine bessere Quote. Was das f\u00fcr euch bedeutet? Auf einer Seite wie Luxury Casino habt ihr die gr\u00f6\u00dfere Chance zu gewinnen als in einem einfachen Casino.<\/p>\n<h2>Willkommensbonus<\/h2>\n<div class=\"su-row\"><div class=\"su-column su-column-size-1-2\"><div class=\"su-column-inner su-u-clearfix su-u-trim\">\nDas Programm belohnt jeden neuen Spieler. <strong>Insgesamt k\u00f6nnt ihr euch 1000\u20ac holen.<\/strong> Wie funktioniert der Gratis Willkommensbonus? Die 1000\u20ac kostenloses Guthaben gibt es <strong>in f\u00fcnf Schritten<\/strong>. Die Boni aktiviert ihr mit einer Einlage ab 10\u20ac.<\/p>\n<p><strong>Das Willkommensangebot z\u00e4hlt zu den gro\u00dfz\u00fcgigsten in \u00d6sterreich.<\/strong> Die Promo gef\u00e4llt euch? Dann lohnt sich ein Blick in unsere Rubrik \u00fcber die <a title=\"Gratis Bonus\" href=\"https:\/\/www.onlineroulette.tech\/at\/bonus\/\">Gratis Bonus<\/a> Angebote: entdeckt unschlagbare Deals!<br \/>\n<\/div><\/div>\n<div class=\"su-column su-column-size-1-2\"><div class=\"su-column-inner su-u-clearfix su-u-trim\">\nBonus Angebote bei Luxury Casino<\/p>\n<ul>\n<li>Erste Einlage \u2013 100% (bis 150\u20ac)<\/li>\n<li>Zweite Einlage \u2013 50% (bis 200\u20ac)<\/li>\n<li>Dritte Einlage \u2013 25% (bis 300\u20ac)<\/li>\n<li>Vierte Einlage \u2013 50% (bis 200\u20ac)<\/li>\n<li>F\u00fcnfte Einlage \u2013 100% (bis 150\u20ac)<\/li>\n<\/ul>\n<\/div><\/div><\/div>\n<h2>Luxury Casino Bank<\/h2>\n<p>Der Zahlungsverkehr wird \u00fcber die Bankseite des Casinos abgewickelt. Am h\u00e4ufigsten werden die Einzahlungen <strong>mit einer Kredit- oder Bankomatkarte<\/strong> get\u00e4tigt. Geht ihr mit diesen Zahlungen ein Risiko ein? Nein, \u00fcberhaupt nicht. Alles ist \u00fcber ein SSL-128-Bit-Protokoll verschl\u00fcsselt. Missbr\u00e4uchliches Eindringen ist nicht m\u00f6glich. F\u00fcr die Auszahlungen gilt Gleiches wie f\u00fcr die Einzahlungen \u2013 alles klappt klaglos. Landet ihr einen gro\u00dfen Gewinn, schl\u00e4gt der Casino Kundendienst vor, die Gelder <strong>direkt auf euer Bankkonto zu \u00fcberweisen<\/strong>. Ihr k\u00f6nnt euch auch einen Scheck ausstellen lassen. Alle eure Anfragen werden \u00fcber die Bankseite abgewickelt. Die notwendigen Schritte werden im Handumdrehen erledigt.<\/p>\n<h2>Kundendienst<\/h2>\n<p>Das Luxury Team beantwortet eure Fragen <strong>an 7 Tagen die Woche rund um die Uhr<\/strong>. Per Chat werdet ihr in Sekundenschnelle mit einem Kundenberater verbunden. Per E-Mail trifft die Antwort nach ein paar Minuten ein. <strong>Exklusiv f\u00fcr VIP-Spieler: ein kostenloser telefonischer Support.<\/strong><\/p>\n<h2>Lizenzen von Luxury Casino<\/h2>\n<div class=\"su-row\"><div class=\"su-column su-column-size-1-2\"><div class=\"su-column-inner su-u-clearfix su-u-trim\">\nDrei Online Gl\u00fccksspiel Kommissionen kontrollieren die T\u00e4tigkeiten des Casinos. Was sind ihre Aufgaben? Sicherzustellen, dass sich das Online Casino an die <strong>rechtlichen Vorgaben<\/strong> h\u00e4lt. Hier die <strong>drei Kommissionen<\/strong>:<\/p>\n<ul>\n<li>Die Gl\u00fccksspielbeh\u00f6rde in Malta, Europa (Malta Gaming Authority)<\/li>\n<li>Die britische Gl\u00fccksspielbeh\u00f6rde in London (UK Gambling Commission)<\/li>\n<li>Die Gl\u00fccksspielbeh\u00f6rde in Kahnawake, Kanada (Kahnawake Gaming Commission)<\/li>\n<\/ul>\n<\/div><\/div>\n<div class=\"su-column su-column-size-1-2\"><div class=\"su-column-inner su-u-clearfix su-u-trim\">\nDiese Beh\u00f6rden stehen f\u00fcr:<\/p>\n<ul>\n<li>Fairness der Spiele und Chancengerechtigkeit f\u00fcr alle Spieler.<\/li>\n<li>Die Qualit\u00e4t des Kundendienstes. Jeder Spieler wird mit Respekt behandelt.<\/li>\n<li>Die Auszahlung der Gewinne in \u00d6sterreich: auf eine Bankomatkarte, ein Bankkonto oder ein e-Wallet.<\/li>\n<li>Hilfe f\u00fcr Spiels\u00fcchtige: Ma\u00dfnahmen zur Bek\u00e4mpfung der Gl\u00fccksspielabh\u00e4ngigkeit.<\/li>\n<li>Die M\u00f6glichkeit, sich mit einer einfachen Anfrage vom Casino ausschlie\u00dfen zu lassen.<\/li>\n<\/ul>\n<\/div><\/div><\/div>\nLuxury Casino ist Mitglied in der <a title=\"eCOGRA\" href=\"https:\/\/ecogra.org\" rel=\"noopener\" target=\"_blank\">eCOGRA<\/a>. Die Organisation steht f\u00fcr die <strong>Interessen der Spieler<\/strong> ein. Ein Online Casino hat euch \u00fcbers Ohr gehauen? Falls es Mitglied in der eCOGRA ist, kein Problem! Wendet euch an die eCOGRA-Anw\u00e4lte. Die Dienstleistungen der Organisation sind kostenlos und Anfragen werden innert Tagesfrist bearbeitet.<\/p>\n<h2>Meinung zu Luxury Casino<\/h2>\n<p>Unsere Tester st\u00fctzen sich auf unabh\u00e4ngige Einsch\u00e4tzungen. Bei Luxury Casino wird Vertrauensw\u00fcrdigkeit gro\u00dfgeschrieben, alles funktioniert. Unsere Tester haben das Casino genauestens unter die Lupe genommen \u2013 Luxury hat \u00fcberzeugt. Und schafft es auf den ersten Platz in unserem <a title=\"Top Ranking\" href=\"https:\/\/www.onlineroulette.tech\/at\/seriose-casino\/\">Top Ranking<\/a>.<br \/>\n<div class=\"su-row\"><div class=\"su-column su-column-size-1-2\"><div class=\"su-column-inner su-u-clearfix su-u-trim\">Diesen Erfolg verdankt es:<\/p>\n<ol>\n<li>Einer ehrlichen Auszahlungsquote auf allen Spielen.<\/li>\n<li>Verifizierten Spielen mit der versprochenen Auszahlung.<\/li>\n<li>Einem erstklassigen Casino-Erlebnis.<\/li>\n<li>Bonus-Angeboten f\u00fcr bessere Gewinnchancen.<\/li>\n<li>Einem freundlichen und schnellen Kundendienst.<\/li>\n<li>Auszahlungen von Gewinnen auf Kreditkarten oder Bankkonten.<\/li>\n<\/ol>\n<\/div><\/div>\n<div class=\"su-column su-column-size-1-2\"><div class=\"su-column-inner su-u-clearfix su-u-trim\">\n<blockquote><p>Falls eine andere Online Spielbank besser wird als Luxury Casino, \u00fcbernimmt sie den Platz auf dem Podest. Wir versichern euch: in unserem Guide ist nichts in Stein gemei\u00dfelt!<\/p><\/blockquote>\n<\/div><\/div><\/div>\n","protected":false},"excerpt":{"rendered":"<p>Das Online Casino auf PC und Mobilger\u00e4ten. Roulette und Black Jack sind die Aush\u00e4ngeschilder des Casinos.<\/p>\n","protected":false},"author":1,"featured_media":0,"parent":25,"menu_order":0,"comment_status":"closed","ping_status":"closed","template":"template-fullwidth.php","meta":{"footnotes":""},"class_list":["post-100","page","type-page","status-publish","hentry"],"yoast_head":"<!-- This site is optimized with the Yoast SEO plugin v27.4 - https:\/\/yoast.com\/product\/yoast-seo-wordpress\/ -->\n<title>Luxury Casino Online und Vertrauensw\u00fcrdig - Bonus 1000\u20ac<\/title>\n<meta name=\"description\" content=\"Luxury Casino ist das am meisten pr\u00e4mierte Casino in unserem Guide. Kompatibel auf Mobilger\u00e4ten, PC und Mac. Die Spiele sind lukrativ.\" \/>\n<meta name=\"robots\" content=\"index, follow, max-snippet:-1, max-image-preview:large, max-video-preview:-1\" \/>\n<link rel=\"canonical\" href=\"https:\/\/www.onlineroulette.tech\/at\/seriose-casino\/luxury\/\" \/>\n<meta property=\"og:locale\" content=\"de_DE\" \/>\n<meta property=\"og:type\" content=\"article\" \/>\n<meta property=\"og:title\" content=\"Luxury Casino Online und Vertrauensw\u00fcrdig - Bonus 1000\u20ac\" \/>\n<meta property=\"og:description\" content=\"Luxury Casino ist das am meisten pr\u00e4mierte Casino in unserem Guide. Kompatibel auf Mobilger\u00e4ten, PC und Mac. Die Spiele sind lukrativ.\" \/>\n<meta property=\"og:url\" content=\"https:\/\/www.onlineroulette.tech\/at\/seriose-casino\/luxury\/\" \/>\n<meta property=\"og:site_name\" content=\"Online Roulette\" \/>\n<meta property=\"article:modified_time\" content=\"2025-11-18T04:45:32+00:00\" \/>\n<meta property=\"og:image\" content=\"https:\/\/www.onlineroulette.tech\/at\/wp-content\/uploads\/2020\/12\/luxury-casino.jpg\" \/>\n\t<meta property=\"og:image:width\" content=\"600\" \/>\n\t<meta property=\"og:image:height\" content=\"338\" \/>\n\t<meta property=\"og:image:type\" content=\"image\/jpeg\" \/>\n<meta name=\"twitter:card\" content=\"summary_large_image\" \/>\n<meta name=\"twitter:label1\" content=\"Gesch\u00e4tzte Lesezeit\" \/>\n\t<meta name=\"twitter:data1\" content=\"7 Minuten\" \/>\n<script type=\"application\/ld+json\" class=\"yoast-schema-graph\">{\"@context\":\"https:\\\/\\\/schema.org\",\"@graph\":[{\"@type\":\"WebPage\",\"@id\":\"https:\\\/\\\/www.onlineroulette.tech\\\/at\\\/seriose-casino\\\/luxury\\\/\",\"url\":\"https:\\\/\\\/www.onlineroulette.tech\\\/at\\\/seriose-casino\\\/luxury\\\/\",\"name\":\"Luxury Casino Online und Vertrauensw\u00fcrdig - Bonus 1000\u20ac\",\"isPartOf\":{\"@id\":\"https:\\\/\\\/www.onlineroulette.tech\\\/at\\\/#website\"},\"primaryImageOfPage\":{\"@id\":\"https:\\\/\\\/www.onlineroulette.tech\\\/at\\\/seriose-casino\\\/luxury\\\/#primaryimage\"},\"image\":{\"@id\":\"https:\\\/\\\/www.onlineroulette.tech\\\/at\\\/seriose-casino\\\/luxury\\\/#primaryimage\"},\"thumbnailUrl\":\"https:\\\/\\\/www.onlineroulette.tech\\\/at\\\/wp-content\\\/uploads\\\/2020\\\/12\\\/luxury-casino.jpg\",\"datePublished\":\"2020-11-29T04:07:54+00:00\",\"dateModified\":\"2025-11-18T04:45:32+00:00\",\"description\":\"Luxury Casino ist das am meisten pr\u00e4mierte Casino in unserem Guide. Kompatibel auf Mobilger\u00e4ten, PC und Mac. Die Spiele sind lukrativ.\",\"breadcrumb\":{\"@id\":\"https:\\\/\\\/www.onlineroulette.tech\\\/at\\\/seriose-casino\\\/luxury\\\/#breadcrumb\"},\"inLanguage\":\"de-AT\",\"potentialAction\":[{\"@type\":\"ReadAction\",\"target\":[\"https:\\\/\\\/www.onlineroulette.tech\\\/at\\\/seriose-casino\\\/luxury\\\/\"]}]},{\"@type\":\"ImageObject\",\"inLanguage\":\"de-AT\",\"@id\":\"https:\\\/\\\/www.onlineroulette.tech\\\/at\\\/seriose-casino\\\/luxury\\\/#primaryimage\",\"url\":\"https:\\\/\\\/www.onlineroulette.tech\\\/at\\\/wp-content\\\/uploads\\\/2020\\\/12\\\/luxury-casino.jpg\",\"contentUrl\":\"https:\\\/\\\/www.onlineroulette.tech\\\/at\\\/wp-content\\\/uploads\\\/2020\\\/12\\\/luxury-casino.jpg\",\"width\":600,\"height\":338,\"caption\":\"Luxury Casino en Autriche\"},{\"@type\":\"BreadcrumbList\",\"@id\":\"https:\\\/\\\/www.onlineroulette.tech\\\/at\\\/seriose-casino\\\/luxury\\\/#breadcrumb\",\"itemListElement\":[{\"@type\":\"ListItem\",\"position\":1,\"name\":\"Home\",\"item\":\"https:\\\/\\\/www.onlineroulette.tech\\\/at\\\/\"},{\"@type\":\"ListItem\",\"position\":2,\"name\":\"Seri\u00f6se Online Casino Webseiten\",\"item\":\"https:\\\/\\\/www.onlineroulette.tech\\\/at\\\/seriose-casino\\\/\"},{\"@type\":\"ListItem\",\"position\":3,\"name\":\"Luxury Casino\"}]},{\"@type\":\"WebSite\",\"@id\":\"https:\\\/\\\/www.onlineroulette.tech\\\/at\\\/#website\",\"url\":\"https:\\\/\\\/www.onlineroulette.tech\\\/at\\\/\",\"name\":\"Online Roulette\",\"description\":\"Roulette Guide\",\"publisher\":{\"@id\":\"https:\\\/\\\/www.onlineroulette.tech\\\/at\\\/#organization\"},\"potentialAction\":[{\"@type\":\"SearchAction\",\"target\":{\"@type\":\"EntryPoint\",\"urlTemplate\":\"https:\\\/\\\/www.onlineroulette.tech\\\/at\\\/?s={search_term_string}\"},\"query-input\":{\"@type\":\"PropertyValueSpecification\",\"valueRequired\":true,\"valueName\":\"search_term_string\"}}],\"inLanguage\":\"de-AT\"},{\"@type\":\"Organization\",\"@id\":\"https:\\\/\\\/www.onlineroulette.tech\\\/at\\\/#organization\",\"name\":\"Online Roulette\",\"url\":\"https:\\\/\\\/www.onlineroulette.tech\\\/at\\\/\",\"logo\":{\"@type\":\"ImageObject\",\"inLanguage\":\"de-AT\",\"@id\":\"https:\\\/\\\/www.onlineroulette.tech\\\/at\\\/#\\\/schema\\\/logo\\\/image\\\/\",\"url\":\"https:\\\/\\\/www.onlineroulette.tech\\\/at\\\/wp-content\\\/uploads\\\/2022\\\/01\\\/logo.jpg\",\"contentUrl\":\"https:\\\/\\\/www.onlineroulette.tech\\\/at\\\/wp-content\\\/uploads\\\/2022\\\/01\\\/logo.jpg\",\"width\":280,\"height\":115,\"caption\":\"Online Roulette\"},\"image\":{\"@id\":\"https:\\\/\\\/www.onlineroulette.tech\\\/at\\\/#\\\/schema\\\/logo\\\/image\\\/\"}}]}<\/script>\n<!-- \/ Yoast SEO plugin. -->","yoast_head_json":{"title":"Luxury Casino Online und Vertrauensw\u00fcrdig - Bonus 1000\u20ac","description":"Luxury Casino ist das am meisten pr\u00e4mierte Casino in unserem Guide. Kompatibel auf Mobilger\u00e4ten, PC und Mac. Die Spiele sind lukrativ.","robots":{"index":"index","follow":"follow","max-snippet":"max-snippet:-1","max-image-preview":"max-image-preview:large","max-video-preview":"max-video-preview:-1"},"canonical":"https:\/\/www.onlineroulette.tech\/at\/seriose-casino\/luxury\/","og_locale":"de_DE","og_type":"article","og_title":"Luxury Casino Online und Vertrauensw\u00fcrdig - Bonus 1000\u20ac","og_description":"Luxury Casino ist das am meisten pr\u00e4mierte Casino in unserem Guide. Kompatibel auf Mobilger\u00e4ten, PC und Mac. Die Spiele sind lukrativ.","og_url":"https:\/\/www.onlineroulette.tech\/at\/seriose-casino\/luxury\/","og_site_name":"Online Roulette","article_modified_time":"2025-11-18T04:45:32+00:00","og_image":[{"width":600,"height":338,"url":"https:\/\/www.onlineroulette.tech\/at\/wp-content\/uploads\/2020\/12\/luxury-casino.jpg","type":"image\/jpeg"}],"twitter_card":"summary_large_image","twitter_misc":{"Gesch\u00e4tzte Lesezeit":"7 Minuten"},"schema":{"@context":"https:\/\/schema.org","@graph":[{"@type":"WebPage","@id":"https:\/\/www.onlineroulette.tech\/at\/seriose-casino\/luxury\/","url":"https:\/\/www.onlineroulette.tech\/at\/seriose-casino\/luxury\/","name":"Luxury Casino Online und Vertrauensw\u00fcrdig - Bonus 1000\u20ac","isPartOf":{"@id":"https:\/\/www.onlineroulette.tech\/at\/#website"},"primaryImageOfPage":{"@id":"https:\/\/www.onlineroulette.tech\/at\/seriose-casino\/luxury\/#primaryimage"},"image":{"@id":"https:\/\/www.onlineroulette.tech\/at\/seriose-casino\/luxury\/#primaryimage"},"thumbnailUrl":"https:\/\/www.onlineroulette.tech\/at\/wp-content\/uploads\/2020\/12\/luxury-casino.jpg","datePublished":"2020-11-29T04:07:54+00:00","dateModified":"2025-11-18T04:45:32+00:00","description":"Luxury Casino ist das am meisten pr\u00e4mierte Casino in unserem Guide. Kompatibel auf Mobilger\u00e4ten, PC und Mac. Die Spiele sind lukrativ.","breadcrumb":{"@id":"https:\/\/www.onlineroulette.tech\/at\/seriose-casino\/luxury\/#breadcrumb"},"inLanguage":"de-AT","potentialAction":[{"@type":"ReadAction","target":["https:\/\/www.onlineroulette.tech\/at\/seriose-casino\/luxury\/"]}]},{"@type":"ImageObject","inLanguage":"de-AT","@id":"https:\/\/www.onlineroulette.tech\/at\/seriose-casino\/luxury\/#primaryimage","url":"https:\/\/www.onlineroulette.tech\/at\/wp-content\/uploads\/2020\/12\/luxury-casino.jpg","contentUrl":"https:\/\/www.onlineroulette.tech\/at\/wp-content\/uploads\/2020\/12\/luxury-casino.jpg","width":600,"height":338,"caption":"Luxury Casino en Autriche"},{"@type":"BreadcrumbList","@id":"https:\/\/www.onlineroulette.tech\/at\/seriose-casino\/luxury\/#breadcrumb","itemListElement":[{"@type":"ListItem","position":1,"name":"Home","item":"https:\/\/www.onlineroulette.tech\/at\/"},{"@type":"ListItem","position":2,"name":"Seri\u00f6se Online Casino Webseiten","item":"https:\/\/www.onlineroulette.tech\/at\/seriose-casino\/"},{"@type":"ListItem","position":3,"name":"Luxury Casino"}]},{"@type":"WebSite","@id":"https:\/\/www.onlineroulette.tech\/at\/#website","url":"https:\/\/www.onlineroulette.tech\/at\/","name":"Online Roulette","description":"Roulette Guide","publisher":{"@id":"https:\/\/www.onlineroulette.tech\/at\/#organization"},"potentialAction":[{"@type":"SearchAction","target":{"@type":"EntryPoint","urlTemplate":"https:\/\/www.onlineroulette.tech\/at\/?s={search_term_string}"},"query-input":{"@type":"PropertyValueSpecification","valueRequired":true,"valueName":"search_term_string"}}],"inLanguage":"de-AT"},{"@type":"Organization","@id":"https:\/\/www.onlineroulette.tech\/at\/#organization","name":"Online Roulette","url":"https:\/\/www.onlineroulette.tech\/at\/","logo":{"@type":"ImageObject","inLanguage":"de-AT","@id":"https:\/\/www.onlineroulette.tech\/at\/#\/schema\/logo\/image\/","url":"https:\/\/www.onlineroulette.tech\/at\/wp-content\/uploads\/2022\/01\/logo.jpg","contentUrl":"https:\/\/www.onlineroulette.tech\/at\/wp-content\/uploads\/2022\/01\/logo.jpg","width":280,"height":115,"caption":"Online Roulette"},"image":{"@id":"https:\/\/www.onlineroulette.tech\/at\/#\/schema\/logo\/image\/"}}]}},"_links":{"self":[{"href":"https:\/\/www.onlineroulette.tech\/at\/wp-json\/wp\/v2\/pages\/100","targetHints":{"allow":["GET"]}}],"collection":[{"href":"https:\/\/www.onlineroulette.tech\/at\/wp-json\/wp\/v2\/pages"}],"about":[{"href":"https:\/\/www.onlineroulette.tech\/at\/wp-json\/wp\/v2\/types\/page"}],"author":[{"embeddable":true,"href":"https:\/\/www.onlineroulette.tech\/at\/wp-json\/wp\/v2\/users\/1"}],"replies":[{"embeddable":true,"href":"https:\/\/www.onlineroulette.tech\/at\/wp-json\/wp\/v2\/comments?post=100"}],"version-history":[{"count":53,"href":"https:\/\/www.onlineroulette.tech\/at\/wp-json\/wp\/v2\/pages\/100\/revisions"}],"predecessor-version":[{"id":2215,"href":"https:\/\/www.onlineroulette.tech\/at\/wp-json\/wp\/v2\/pages\/100\/revisions\/2215"}],"up":[{"embeddable":true,"href":"https:\/\/www.onlineroulette.tech\/at\/wp-json\/wp\/v2\/pages\/25"}],"wp:attachment":[{"href":"https:\/\/www.onlineroulette.tech\/at\/wp-json\/wp\/v2\/media?parent=100"}],"curies":[{"name":"wp","href":"https:\/\/api.w.org\/{rel}","templated":true}]}}